{"id":1340,"date":"2026-01-30T07:30:01","date_gmt":"2026-01-30T05:30:01","guid":{"rendered":"https:\/\/www.transtoyou.com\/lt\/product\/mounjaro\/"},"modified":"2026-03-07T16:14:22","modified_gmt":"2026-03-07T14:14:22","slug":"mounjaro","status":"publish","type":"product","link":"https:\/\/www.transtoyou.com\/lt\/product\/mounjaro\/","title":{"rendered":"Mounjaro"},"content":{"rendered":"<p>Mounjaro yra injekcin\u0117 medicacija, sukurta pad\u0117ti valdyti svor\u012f \u017emon\u0117ms, kurie kovoja su nutukimu arba svorio susijusiomis sveikatos problemomis, pri\u017ei\u016brint gydytojui. Jame yra veikliosios med\u017eiagos tirzepatido, dvigubo GIP ir GLP-1 receptori\u0173 agonisto, kuris imituoja nat\u016brali\u0173 \u017earnyno hormon\u0173, dalyvaujan\u010di\u0173 gliukoz\u0117s reguliavime ir apetito kontrole, funkcij\u0105.<\/p>\n<p>Mounjaro yra patvirtintas 2 tipo diabetui, o jo naudojimas svorio valdymui gali b\u016bti rekomenduojamas tam tikrose medicinin\u0117se situacijose. Klinikiniai tyrimai parod\u0117 galim\u0105 svorio netekimo naud\u0105 su tirzepatidu kai kuriems pacientams ir jis vis da\u017eniau naudojamas nutukimo gydymo kontekste. Pagerindamas sotumo signalus ir sul\u0117tindamas skrand\u017eio i\u0161tu\u0161tinim\u0105, jis gali pad\u0117ti suma\u017einti maisto suvartojim\u0105 ir palaikyti dietos poky\u010dius, skatindamas tvar\u0173 svorio netekim\u0105 laikui b\u0117gant.<\/p>\n<p>Mounjaro skiriamas kaip kart\u0105 per savait\u0119 po oda. Doz\u0117 paprastai palaipsniui didinama per kelias savaites, kad b\u016bt\u0173 pagerinta tolerancija ir suma\u017einti vir\u0161kinimo trakto \u0161alutiniai poveikiai. Kai kurie \u017emon\u0117s gali patirti apetito suma\u017e\u0117jim\u0105 per pirmas kelias savaites.<\/p>\n<p>Svorio netekimas, pasiektas naudojant Mounjaro, gali b\u016bti reik\u0161mingas, ypa\u010d kai jis derinamas su gyvenimo b\u016bdo poky\u010diais, tokiais kaip geresn\u0117 mityba ir didesnis fizinis aktyvumas. Jis taip pat gali pagerinti kraujosp\u016bd\u012f, cholesterolio kiek\u012f ir insulino jautrum\u0105.<\/p>\n<p>Da\u017eniausi \u0161alutiniai poveikiai yra pykinimas, viduriavimas, suma\u017e\u0117j\u0119s apetitas ir viduri\u0173 u\u017ekiet\u0117jimas, ypa\u010d prad\u0117jus gydym\u0105. \u0160ie poveikiai paprastai ger\u0117ja laikui b\u0117gant. Mounjaro n\u0117ra tinkamas \u017emon\u0117ms, turintiems medulin\u0117s skydliauk\u0117s karcinomos ar daugybin\u0117s endokrinin\u0117s neoplaizijos sindromo tipo 2 istorij\u0105.<\/p>\n","protected":false},"excerpt":{"rendered":"<ul>\n<li>Savaitin\u0117 injekcija svorio metimui<\/li>\n<li>Ma\u017eina apetit\u0105 ir potrauk\u012f<\/li>\n<li>Palaiko ilgalaik\u012f svorio valdym\u0105<\/li>\n<\/ul>\n","protected":false},"featured_media":1347,"comment_status":"open","ping_status":"closed","template":"","meta":[],"product_brand":[],"product_cat":[177],"product_tag":[],"expert":[19],"class_list":{"0":"post-1340","1":"product","2":"type-product","3":"status-publish","4":"has-post-thumbnail","6":"product_cat-lieknejimas","7":"expert-dr-j-vazquez","9":"first","10":"instock","11":"shipping-taxable","12":"purchasable","13":"product-type-variable"},"yoast_head":"<!-- This site is optimized with the Yoast SEO plugin v27.0 - https:\/\/yoast.com\/product\/yoast-seo-wordpress\/ -->\n<title>Mounjaro | Saugus svorio valdymas - Transtoyou<\/title>\n<meta name=\"description\" content=\"Mounjaro, tirzepatido injekcija, padeda valdyti svor\u012f esant nutukimui, pri\u017ei\u016brint gydytojui. Su\u017einokite daugiau apie Transtoyou dabar.\" \/>\n<meta name=\"robots\" content=\"noindex, follow, max-snippet:-1, max-image-preview:large, max-video-preview:-1\" \/>\n<meta property=\"og:locale\" content=\"lt_LT\" \/>\n<meta property=\"og:type\" content=\"article\" \/>\n<meta property=\"og:title\" content=\"Mounjaro | Saugus svorio valdymas - Transtoyou\" \/>\n<meta property=\"og:description\" content=\"Mounjaro, tirzepatido injekcija, padeda valdyti svor\u012f esant nutukimui, pri\u017ei\u016brint gydytojui. Su\u017einokite daugiau apie Transtoyou dabar.\" \/>\n<meta property=\"og:url\" content=\"https:\/\/www.transtoyou.com\/lt\/product\/mounjaro\/\" \/>\n<meta property=\"og:site_name\" content=\"Transtoyou - LT\" \/>\n<meta property=\"article:modified_time\" content=\"2026-03-07T14:14:22+00:00\" \/>\n<meta name=\"twitter:card\" content=\"summary_large_image\" \/>\n<meta name=\"twitter:label1\" content=\"Est. reading time\" \/>\n\t<meta name=\"twitter:data1\" content=\"1 minut\u0117\" \/>\n<script type=\"application\/ld+json\" class=\"yoast-schema-graph\">{\"@context\":\"https:\/\/schema.org\",\"@graph\":[{\"@type\":\"WebPage\",\"@id\":\"https:\/\/www.transtoyou.com\/lt\/product\/mounjaro\/\",\"url\":\"https:\/\/www.transtoyou.com\/lt\/product\/mounjaro\/\",\"name\":\"Mounjaro | Saugus svorio valdymas - Transtoyou\",\"isPartOf\":{\"@id\":\"https:\/\/www.transtoyou.com\/lt\/#website\"},\"primaryImageOfPage\":{\"@id\":\"https:\/\/www.transtoyou.com\/lt\/product\/mounjaro\/#primaryimage\"},\"image\":{\"@id\":\"https:\/\/www.transtoyou.com\/lt\/product\/mounjaro\/#primaryimage\"},\"thumbnailUrl\":\"https:\/\/www.transtoyou.com\/lt\/wp-content\/uploads\/sites\/9\/2025\/09\/Mounjaro-1.png\",\"datePublished\":\"2026-01-30T05:30:01+00:00\",\"dateModified\":\"2026-03-07T14:14:22+00:00\",\"description\":\"Mounjaro, tirzepatido injekcija, padeda valdyti svor\u012f esant nutukimui, pri\u017ei\u016brint gydytojui. Su\u017einokite daugiau apie Transtoyou dabar.\",\"breadcrumb\":{\"@id\":\"https:\/\/www.transtoyou.com\/lt\/product\/mounjaro\/#breadcrumb\"},\"inLanguage\":\"lt-LT\",\"potentialAction\":[{\"@type\":\"ReadAction\",\"target\":[\"https:\/\/www.transtoyou.com\/lt\/product\/mounjaro\/\"]}]},{\"@type\":\"ImageObject\",\"inLanguage\":\"lt-LT\",\"@id\":\"https:\/\/www.transtoyou.com\/lt\/product\/mounjaro\/#primaryimage\",\"url\":\"https:\/\/www.transtoyou.com\/lt\/wp-content\/uploads\/sites\/9\/2025\/09\/Mounjaro-1.png\",\"contentUrl\":\"https:\/\/www.transtoyou.com\/lt\/wp-content\/uploads\/sites\/9\/2025\/09\/Mounjaro-1.png\",\"width\":1080,\"height\":1080,\"caption\":\"Mounjaro Prik Pen - Transtoyou\"},{\"@type\":\"WebSite\",\"@id\":\"https:\/\/www.transtoyou.com\/lt\/#website\",\"url\":\"https:\/\/www.transtoyou.com\/lt\/\",\"name\":\"Transtoyou - LT\",\"description\":\"\",\"publisher\":{\"@id\":\"https:\/\/www.transtoyou.com\/lt\/#organization\"},\"potentialAction\":[{\"@type\":\"SearchAction\",\"target\":{\"@type\":\"EntryPoint\",\"urlTemplate\":\"https:\/\/www.transtoyou.com\/lt\/?s={search_term_string}\"},\"query-input\":{\"@type\":\"PropertyValueSpecification\",\"valueRequired\":true,\"valueName\":\"search_term_string\"}}],\"inLanguage\":\"lt-LT\"},{\"@type\":\"Organization\",\"@id\":\"https:\/\/www.transtoyou.com\/lt\/#organization\",\"name\":\"Transtoyou - LT\",\"url\":\"https:\/\/www.transtoyou.com\/lt\/\",\"logo\":{\"@type\":\"ImageObject\",\"inLanguage\":\"lt-LT\",\"@id\":\"https:\/\/www.transtoyou.com\/lt\/#\/schema\/logo\/image\/\",\"url\":\"https:\/\/www.transtoyou.com\/lt\/wp-content\/uploads\/sites\/9\/2026\/01\/logo-tty-menu-bar-300x87-1.webp\",\"contentUrl\":\"https:\/\/www.transtoyou.com\/lt\/wp-content\/uploads\/sites\/9\/2026\/01\/logo-tty-menu-bar-300x87-1.webp\",\"width\":300,\"height\":87,\"caption\":\"Transtoyou - LT\"},\"image\":{\"@id\":\"https:\/\/www.transtoyou.com\/lt\/#\/schema\/logo\/image\/\"}}]}<\/script>\n<!-- \/ Yoast SEO plugin. -->","yoast_head_json":{"title":"Mounjaro | Saugus svorio valdymas - Transtoyou","description":"Mounjaro, tirzepatido injekcija, padeda valdyti svor\u012f esant nutukimui, pri\u017ei\u016brint gydytojui. Su\u017einokite daugiau apie Transtoyou dabar.","robots":{"index":"noindex","follow":"follow","max-snippet":"max-snippet:-1","max-image-preview":"max-image-preview:large","max-video-preview":"max-video-preview:-1"},"og_locale":"lt_LT","og_type":"article","og_title":"Mounjaro | Saugus svorio valdymas - Transtoyou","og_description":"Mounjaro, tirzepatido injekcija, padeda valdyti svor\u012f esant nutukimui, pri\u017ei\u016brint gydytojui. Su\u017einokite daugiau apie Transtoyou dabar.","og_url":"https:\/\/www.transtoyou.com\/lt\/product\/mounjaro\/","og_site_name":"Transtoyou - LT","article_modified_time":"2026-03-07T14:14:22+00:00","twitter_card":"summary_large_image","twitter_misc":{"Est. reading time":"1 minut\u0117"},"schema":{"@context":"https:\/\/schema.org","@graph":[{"@type":"WebPage","@id":"https:\/\/www.transtoyou.com\/lt\/product\/mounjaro\/","url":"https:\/\/www.transtoyou.com\/lt\/product\/mounjaro\/","name":"Mounjaro | Saugus svorio valdymas - Transtoyou","isPartOf":{"@id":"https:\/\/www.transtoyou.com\/lt\/#website"},"primaryImageOfPage":{"@id":"https:\/\/www.transtoyou.com\/lt\/product\/mounjaro\/#primaryimage"},"image":{"@id":"https:\/\/www.transtoyou.com\/lt\/product\/mounjaro\/#primaryimage"},"thumbnailUrl":"https:\/\/www.transtoyou.com\/lt\/wp-content\/uploads\/sites\/9\/2025\/09\/Mounjaro-1.png","datePublished":"2026-01-30T05:30:01+00:00","dateModified":"2026-03-07T14:14:22+00:00","description":"Mounjaro, tirzepatido injekcija, padeda valdyti svor\u012f esant nutukimui, pri\u017ei\u016brint gydytojui. Su\u017einokite daugiau apie Transtoyou dabar.","breadcrumb":{"@id":"https:\/\/www.transtoyou.com\/lt\/product\/mounjaro\/#breadcrumb"},"inLanguage":"lt-LT","potentialAction":[{"@type":"ReadAction","target":["https:\/\/www.transtoyou.com\/lt\/product\/mounjaro\/"]}]},{"@type":"ImageObject","inLanguage":"lt-LT","@id":"https:\/\/www.transtoyou.com\/lt\/product\/mounjaro\/#primaryimage","url":"https:\/\/www.transtoyou.com\/lt\/wp-content\/uploads\/sites\/9\/2025\/09\/Mounjaro-1.png","contentUrl":"https:\/\/www.transtoyou.com\/lt\/wp-content\/uploads\/sites\/9\/2025\/09\/Mounjaro-1.png","width":1080,"height":1080,"caption":"Mounjaro Prik Pen - Transtoyou"},{"@type":"WebSite","@id":"https:\/\/www.transtoyou.com\/lt\/#website","url":"https:\/\/www.transtoyou.com\/lt\/","name":"Transtoyou - LT","description":"","publisher":{"@id":"https:\/\/www.transtoyou.com\/lt\/#organization"},"potentialAction":[{"@type":"SearchAction","target":{"@type":"EntryPoint","urlTemplate":"https:\/\/www.transtoyou.com\/lt\/?s={search_term_string}"},"query-input":{"@type":"PropertyValueSpecification","valueRequired":true,"valueName":"search_term_string"}}],"inLanguage":"lt-LT"},{"@type":"Organization","@id":"https:\/\/www.transtoyou.com\/lt\/#organization","name":"Transtoyou - LT","url":"https:\/\/www.transtoyou.com\/lt\/","logo":{"@type":"ImageObject","inLanguage":"lt-LT","@id":"https:\/\/www.transtoyou.com\/lt\/#\/schema\/logo\/image\/","url":"https:\/\/www.transtoyou.com\/lt\/wp-content\/uploads\/sites\/9\/2026\/01\/logo-tty-menu-bar-300x87-1.webp","contentUrl":"https:\/\/www.transtoyou.com\/lt\/wp-content\/uploads\/sites\/9\/2026\/01\/logo-tty-menu-bar-300x87-1.webp","width":300,"height":87,"caption":"Transtoyou - LT"},"image":{"@id":"https:\/\/www.transtoyou.com\/lt\/#\/schema\/logo\/image\/"}}]}},"_links":{"self":[{"href":"https:\/\/www.transtoyou.com\/lt\/wp-json\/wp\/v2\/product\/1340","targetHints":{"allow":["GET"]}}],"collection":[{"href":"https:\/\/www.transtoyou.com\/lt\/wp-json\/wp\/v2\/product"}],"about":[{"href":"https:\/\/www.transtoyou.com\/lt\/wp-json\/wp\/v2\/types\/product"}],"replies":[{"embeddable":true,"href":"https:\/\/www.transtoyou.com\/lt\/wp-json\/wp\/v2\/comments?post=1340"}],"wp:featuredmedia":[{"embeddable":true,"href":"https:\/\/www.transtoyou.com\/lt\/wp-json\/wp\/v2\/media\/1347"}],"wp:attachment":[{"href":"https:\/\/www.transtoyou.com\/lt\/wp-json\/wp\/v2\/media?parent=1340"}],"wp:term":[{"taxonomy":"product_brand","embeddable":true,"href":"https:\/\/www.transtoyou.com\/lt\/wp-json\/wp\/v2\/product_brand?post=1340"},{"taxonomy":"product_cat","embeddable":true,"href":"https:\/\/www.transtoyou.com\/lt\/wp-json\/wp\/v2\/product_cat?post=1340"},{"taxonomy":"product_tag","embeddable":true,"href":"https:\/\/www.transtoyou.com\/lt\/wp-json\/wp\/v2\/product_tag?post=1340"},{"taxonomy":"expert","embeddable":true,"href":"https:\/\/www.transtoyou.com\/lt\/wp-json\/wp\/v2\/expert?post=1340"}],"curies":[{"name":"wp","href":"https:\/\/api.w.org\/{rel}","templated":true}]}}