{"id":1567,"date":"2026-02-20T11:50:36","date_gmt":"2026-02-20T09:50:36","guid":{"rendered":"https:\/\/www.transtoyou.com\/lt\/product\/hydrochlorothiazide\/"},"modified":"2026-02-20T11:50:57","modified_gmt":"2026-02-20T09:50:57","slug":"hidrochlorotiazidas","status":"publish","type":"product","link":"https:\/\/www.transtoyou.com\/lt\/product\/hidrochlorotiazidas\/","title":{"rendered":"Hidroklorotiazidas"},"content":{"rendered":"<p>Hidroklorotiazidas yra vaistas, skirtas auk\u0161tam kraujosp\u016bd\u017eiui ir skys\u010di\u0173 susilaikymui valdyti. Priklausantis tiazidini\u0173 diuretik\u0173 klasei, jis padeda organizmui pa\u0161alinti perteklin\u012f druskos ir vandens kiek\u012f, padidindamas \u0161lapimo i\u0161siskyrim\u0105. \u0160is skys\u010di\u0173 t\u016brio suma\u017e\u0117jimas lemia kraujosp\u016bd\u017eio suma\u017e\u0117jim\u0105, taip suma\u017einant \u0161irdies priepuoli\u0173, insult\u0173 ir l\u0117tin\u0117s inkst\u0173 ligos, susijusios su hipertenzija, rizik\u0105.<\/p>\n<p>Hidroklorotiazidas paprastai vartojamas kart\u0105 per dien\u0105 table\u010di\u0173 pavidalu ir efektyviai kontroliuoja kraujosp\u016bd\u012f ilgalaik\u0117je perspektyvoje. Jis da\u017enai vartojamas vienas arba kartu su kitais antihipertenziniais vaistais, siekiant pasiekti optimal\u0173 rezultat\u0105. Kai kuriais atvejais jis taip pat gali b\u016bti naudojamas patinimui, kur\u012f sukelia tokios b\u016bkl\u0117s kaip \u0161irdies nepakankamumas, nefrozinis sindromas ar kepen\u0173 liga, valdyti.<\/p>\n<p>Pacientai gali prad\u0117ti pasteb\u0117ti kraujosp\u016bd\u017eio pager\u0117jim\u0105 per kelias savaites po gydymo prad\u017eios, nors svarbu nuolat vartoti vaist\u0105, net jei simptomai i\u0161 karto n\u0117ra jau\u010diami. Gyvenimo b\u016bdo poky\u010diai, tokie kaip ma\u017eai natrio ir kalio turinti dieta, reguliarus fizinis aktyvumas ir svorio valdymas, gali dar labiau pad\u0117ti jo veiksmingumui.<\/p>\n<p>Nors paprastai gerai toleruojamas, hidroklorotiazidas gali sukelti \u0161alutin\u012f poveik\u012f, pavyzd\u017eiui, padid\u0117jus\u012f \u0161lapinim\u0105si, galvos svaigim\u0105 atsistojus arba elektrolit\u0173 lygi\u0173 poky\u010dius, tokius kaip \u017eemas kalio kiekis (hipokalemija), \u017eemas natrio kiekis (hiponatremija) arba auk\u0161tas kalcio kiekis (hiperkalcemija). Rekomenduojama reguliariai steb\u0117ti kraujosp\u016bd\u012f, inkst\u0173 funkcij\u0105 ir elektrolitus gydymo metu. Jis netinka asmenims, turintiems sunki\u0105 inkst\u0173 disfunkcij\u0105, anurij\u0105 arba sulfanilamid\u0173 alergijos istorij\u0105.<\/p>\n","protected":false},"excerpt":{"rendered":"<ul>\n<li>Ma\u017eina skys\u010di\u0173 susilaikym\u0105<\/li>\n<li>Ma\u017eina auk\u0161t\u0105 kraujosp\u016bd\u012f<\/li>\n<li>Palaiko ilgalaik\u0119 \u0161irdies ir inkst\u0173 sveikat\u0105<\/li>\n<\/ul>\n","protected":false},"featured_media":1573,"comment_status":"open","ping_status":"closed","template":"","meta":[],"product_brand":[],"product_cat":[136],"product_tag":[],"expert":[21],"class_list":{"0":"post-1567","1":"product","2":"type-product","3":"status-publish","4":"has-post-thumbnail","6":"product_cat-aukstas-kraujo-spaudimas","7":"expert-dr-m-sharoyko","9":"first","10":"instock","11":"shipping-taxable","12":"purchasable","13":"product-type-variable"},"yoast_head":"<!-- This site is optimized with the Yoast SEO plugin v27.0 - https:\/\/yoast.com\/product\/yoast-seo-wordpress\/ -->\n<title>Hydrochlorothiazide | Effective Diuretic Solution - Transtoyou<\/title>\n<meta name=\"description\" content=\"Discover Hydrochlorothiazide at Transtoyou, aiding fluid retention and high blood pressure management. Easy online purchase for better health today!\" \/>\n<meta name=\"robots\" content=\"noindex, follow, max-snippet:-1, max-image-preview:large, max-video-preview:-1\" \/>\n<meta property=\"og:locale\" content=\"lt_LT\" \/>\n<meta property=\"og:type\" content=\"article\" \/>\n<meta property=\"og:title\" content=\"Hydrochlorothiazide | Effective Diuretic Solution - Transtoyou\" \/>\n<meta property=\"og:description\" content=\"Discover Hydrochlorothiazide at Transtoyou, aiding fluid retention and high blood pressure management. Easy online purchase for better health today!\" \/>\n<meta property=\"og:url\" content=\"https:\/\/www.transtoyou.com\/lt\/product\/hydrochlorothiazide\/\" \/>\n<meta property=\"og:site_name\" content=\"Transtoyou - LT\" \/>\n<meta property=\"article:modified_time\" content=\"2026-02-20T09:50:57+00:00\" \/>\n<meta name=\"twitter:card\" content=\"summary_large_image\" \/>\n<meta name=\"twitter:label1\" content=\"Est. reading time\" \/>\n\t<meta name=\"twitter:data1\" content=\"1 minut\u0117\" \/>\n<script type=\"application\/ld+json\" class=\"yoast-schema-graph\">{\"@context\":\"https:\/\/schema.org\",\"@graph\":[{\"@type\":\"WebPage\",\"@id\":\"https:\/\/www.transtoyou.com\/lt\/product\/hydrochlorothiazide\/\",\"url\":\"https:\/\/www.transtoyou.com\/lt\/product\/hydrochlorothiazide\/\",\"name\":\"Hydrochlorothiazide | Effective Diuretic Solution - Transtoyou\",\"isPartOf\":{\"@id\":\"https:\/\/www.transtoyou.com\/lt\/#website\"},\"primaryImageOfPage\":{\"@id\":\"https:\/\/www.transtoyou.com\/lt\/product\/hydrochlorothiazide\/#primaryimage\"},\"image\":{\"@id\":\"https:\/\/www.transtoyou.com\/lt\/product\/hydrochlorothiazide\/#primaryimage\"},\"thumbnailUrl\":\"https:\/\/www.transtoyou.com\/lt\/wp-content\/uploads\/sites\/9\/2026\/02\/tty-no-product-image-3.webp\",\"datePublished\":\"2026-02-20T09:50:36+00:00\",\"dateModified\":\"2026-02-20T09:50:57+00:00\",\"description\":\"Discover Hydrochlorothiazide at Transtoyou, aiding fluid retention and high blood pressure management. Easy online purchase for better health today!\",\"breadcrumb\":{\"@id\":\"https:\/\/www.transtoyou.com\/lt\/product\/hydrochlorothiazide\/#breadcrumb\"},\"inLanguage\":\"lt-LT\",\"potentialAction\":[{\"@type\":\"ReadAction\",\"target\":[\"https:\/\/www.transtoyou.com\/lt\/product\/hydrochlorothiazide\/\"]}]},{\"@type\":\"ImageObject\",\"inLanguage\":\"lt-LT\",\"@id\":\"https:\/\/www.transtoyou.com\/lt\/product\/hydrochlorothiazide\/#primaryimage\",\"url\":\"https:\/\/www.transtoyou.com\/lt\/wp-content\/uploads\/sites\/9\/2026\/02\/tty-no-product-image-3.webp\",\"contentUrl\":\"https:\/\/www.transtoyou.com\/lt\/wp-content\/uploads\/sites\/9\/2026\/02\/tty-no-product-image-3.webp\",\"width\":1000,\"height\":1000,\"caption\":\"Numatytas produkto vaizdas\"},{\"@type\":\"WebSite\",\"@id\":\"https:\/\/www.transtoyou.com\/lt\/#website\",\"url\":\"https:\/\/www.transtoyou.com\/lt\/\",\"name\":\"Transtoyou - LT\",\"description\":\"\",\"publisher\":{\"@id\":\"https:\/\/www.transtoyou.com\/lt\/#organization\"},\"potentialAction\":[{\"@type\":\"SearchAction\",\"target\":{\"@type\":\"EntryPoint\",\"urlTemplate\":\"https:\/\/www.transtoyou.com\/lt\/?s={search_term_string}\"},\"query-input\":{\"@type\":\"PropertyValueSpecification\",\"valueRequired\":true,\"valueName\":\"search_term_string\"}}],\"inLanguage\":\"lt-LT\"},{\"@type\":\"Organization\",\"@id\":\"https:\/\/www.transtoyou.com\/lt\/#organization\",\"name\":\"Transtoyou - LT\",\"url\":\"https:\/\/www.transtoyou.com\/lt\/\",\"logo\":{\"@type\":\"ImageObject\",\"inLanguage\":\"lt-LT\",\"@id\":\"https:\/\/www.transtoyou.com\/lt\/#\/schema\/logo\/image\/\",\"url\":\"https:\/\/www.transtoyou.com\/lt\/wp-content\/uploads\/sites\/9\/2026\/01\/logo-tty-menu-bar-300x87-1.webp\",\"contentUrl\":\"https:\/\/www.transtoyou.com\/lt\/wp-content\/uploads\/sites\/9\/2026\/01\/logo-tty-menu-bar-300x87-1.webp\",\"width\":300,\"height\":87,\"caption\":\"Transtoyou - LT\"},\"image\":{\"@id\":\"https:\/\/www.transtoyou.com\/lt\/#\/schema\/logo\/image\/\"}}]}<\/script>\n<!-- \/ Yoast SEO plugin. -->","yoast_head_json":{"title":"Hydrochlorothiazide | Effective Diuretic Solution - Transtoyou","description":"Discover Hydrochlorothiazide at Transtoyou, aiding fluid retention and high blood pressure management. Easy online purchase for better health today!","robots":{"index":"noindex","follow":"follow","max-snippet":"max-snippet:-1","max-image-preview":"max-image-preview:large","max-video-preview":"max-video-preview:-1"},"og_locale":"lt_LT","og_type":"article","og_title":"Hydrochlorothiazide | Effective Diuretic Solution - Transtoyou","og_description":"Discover Hydrochlorothiazide at Transtoyou, aiding fluid retention and high blood pressure management. Easy online purchase for better health today!","og_url":"https:\/\/www.transtoyou.com\/lt\/product\/hydrochlorothiazide\/","og_site_name":"Transtoyou - LT","article_modified_time":"2026-02-20T09:50:57+00:00","twitter_card":"summary_large_image","twitter_misc":{"Est. reading time":"1 minut\u0117"},"schema":{"@context":"https:\/\/schema.org","@graph":[{"@type":"WebPage","@id":"https:\/\/www.transtoyou.com\/lt\/product\/hydrochlorothiazide\/","url":"https:\/\/www.transtoyou.com\/lt\/product\/hydrochlorothiazide\/","name":"Hydrochlorothiazide | Effective Diuretic Solution - Transtoyou","isPartOf":{"@id":"https:\/\/www.transtoyou.com\/lt\/#website"},"primaryImageOfPage":{"@id":"https:\/\/www.transtoyou.com\/lt\/product\/hydrochlorothiazide\/#primaryimage"},"image":{"@id":"https:\/\/www.transtoyou.com\/lt\/product\/hydrochlorothiazide\/#primaryimage"},"thumbnailUrl":"https:\/\/www.transtoyou.com\/lt\/wp-content\/uploads\/sites\/9\/2026\/02\/tty-no-product-image-3.webp","datePublished":"2026-02-20T09:50:36+00:00","dateModified":"2026-02-20T09:50:57+00:00","description":"Discover Hydrochlorothiazide at Transtoyou, aiding fluid retention and high blood pressure management. Easy online purchase for better health today!","breadcrumb":{"@id":"https:\/\/www.transtoyou.com\/lt\/product\/hydrochlorothiazide\/#breadcrumb"},"inLanguage":"lt-LT","potentialAction":[{"@type":"ReadAction","target":["https:\/\/www.transtoyou.com\/lt\/product\/hydrochlorothiazide\/"]}]},{"@type":"ImageObject","inLanguage":"lt-LT","@id":"https:\/\/www.transtoyou.com\/lt\/product\/hydrochlorothiazide\/#primaryimage","url":"https:\/\/www.transtoyou.com\/lt\/wp-content\/uploads\/sites\/9\/2026\/02\/tty-no-product-image-3.webp","contentUrl":"https:\/\/www.transtoyou.com\/lt\/wp-content\/uploads\/sites\/9\/2026\/02\/tty-no-product-image-3.webp","width":1000,"height":1000,"caption":"Numatytas produkto vaizdas"},{"@type":"WebSite","@id":"https:\/\/www.transtoyou.com\/lt\/#website","url":"https:\/\/www.transtoyou.com\/lt\/","name":"Transtoyou - LT","description":"","publisher":{"@id":"https:\/\/www.transtoyou.com\/lt\/#organization"},"potentialAction":[{"@type":"SearchAction","target":{"@type":"EntryPoint","urlTemplate":"https:\/\/www.transtoyou.com\/lt\/?s={search_term_string}"},"query-input":{"@type":"PropertyValueSpecification","valueRequired":true,"valueName":"search_term_string"}}],"inLanguage":"lt-LT"},{"@type":"Organization","@id":"https:\/\/www.transtoyou.com\/lt\/#organization","name":"Transtoyou - LT","url":"https:\/\/www.transtoyou.com\/lt\/","logo":{"@type":"ImageObject","inLanguage":"lt-LT","@id":"https:\/\/www.transtoyou.com\/lt\/#\/schema\/logo\/image\/","url":"https:\/\/www.transtoyou.com\/lt\/wp-content\/uploads\/sites\/9\/2026\/01\/logo-tty-menu-bar-300x87-1.webp","contentUrl":"https:\/\/www.transtoyou.com\/lt\/wp-content\/uploads\/sites\/9\/2026\/01\/logo-tty-menu-bar-300x87-1.webp","width":300,"height":87,"caption":"Transtoyou - LT"},"image":{"@id":"https:\/\/www.transtoyou.com\/lt\/#\/schema\/logo\/image\/"}}]}},"_links":{"self":[{"href":"https:\/\/www.transtoyou.com\/lt\/wp-json\/wp\/v2\/product\/1567","targetHints":{"allow":["GET"]}}],"collection":[{"href":"https:\/\/www.transtoyou.com\/lt\/wp-json\/wp\/v2\/product"}],"about":[{"href":"https:\/\/www.transtoyou.com\/lt\/wp-json\/wp\/v2\/types\/product"}],"replies":[{"embeddable":true,"href":"https:\/\/www.transtoyou.com\/lt\/wp-json\/wp\/v2\/comments?post=1567"}],"wp:featuredmedia":[{"embeddable":true,"href":"https:\/\/www.transtoyou.com\/lt\/wp-json\/wp\/v2\/media\/1573"}],"wp:attachment":[{"href":"https:\/\/www.transtoyou.com\/lt\/wp-json\/wp\/v2\/media?parent=1567"}],"wp:term":[{"taxonomy":"product_brand","embeddable":true,"href":"https:\/\/www.transtoyou.com\/lt\/wp-json\/wp\/v2\/product_brand?post=1567"},{"taxonomy":"product_cat","embeddable":true,"href":"https:\/\/www.transtoyou.com\/lt\/wp-json\/wp\/v2\/product_cat?post=1567"},{"taxonomy":"product_tag","embeddable":true,"href":"https:\/\/www.transtoyou.com\/lt\/wp-json\/wp\/v2\/product_tag?post=1567"},{"taxonomy":"expert","embeddable":true,"href":"https:\/\/www.transtoyou.com\/lt\/wp-json\/wp\/v2\/expert?post=1567"}],"curies":[{"name":"wp","href":"https:\/\/api.w.org\/{rel}","templated":true}]}}