{"id":1599,"date":"2026-02-23T13:35:01","date_gmt":"2026-02-23T11:35:01","guid":{"rendered":"https:\/\/www.transtoyou.com\/lt\/product\/bricanyl\/"},"modified":"2026-02-23T13:45:03","modified_gmt":"2026-02-23T11:45:03","slug":"brikanylis","status":"publish","type":"product","link":"https:\/\/www.transtoyou.com\/lt\/product\/brikanylis\/","title":{"rendered":"Bricanyl"},"content":{"rendered":"<h2>Kas yra Bricanyl Turbuhaler?<\/h2>\n<p>Bricanyl Turbuhaler yra saus\u0173 milteli\u0173 inhaliatorius, kuriame veiklioji med\u017eiaga yra terbutalino sulfatas. Terbutalinas priklauso trumpai veikian\u010di\u0173 beta-2 adrenergini\u0173 agonist\u0173 grupei, da\u017enai vadinamai bronchodilatatoriais.<\/p>\n<p>Bronchodilatatoriai veikia atsipalaiduodami lygiuosius raumenis, supan\u010dius kv\u0117pavimo takus. Kai \u0161ie raumenys susitraukia, kv\u0117pavimo takai siaur\u0117ja, d\u0117l ko atsiranda dusulys, \u0161vok\u0161timas ir kr\u016btin\u0117s spaudimas. \u012ekv\u0117pus terbutalinas stimuliuoja specifinius receptorius kv\u0117pavimo tak\u0173 raumenyse, sukeldamas j\u0173 atsipalaidavim\u0105 ir leid\u017eiant orui laisviau tek\u0117ti.<\/p>\n<p>Bricanyl poveikis prasideda per kelias minutes po \u012fkv\u0117pimo ir paprastai trunka apie penkias\u2013\u0161e\u0161ias valandas. Kadangi jis veikia greitai, jis pirmiausia naudojamas greitam simptom\u0173 palengvinimui, o ne ilgalaikiam gydymui.<\/p>\n<p>Bricanyl Turbuhaler yra prieinamas 250 mikrogram\u0173 ir 500 mikrogram\u0173 dozi\u0173.<\/p>\n<h2>Kam jis naudojamas?<\/h2>\n<p>Bricanyl Turbuhaler naudojamas simptom\u0173, kuriuos sukelia kv\u0117pavimo tak\u0173 siaur\u0117jimas, palengvinimui. Jis gali b\u016bti skiriamas:<\/p>\n<ul>\n<li>Astmai<\/li>\n<li>Chronic bronchitui<\/li>\n<li>Emfizemai<\/li>\n<li>Kitoms obstrukcin\u0117ms kv\u0117pavimo tak\u0173 ligoms, susijusioms su bronch\u0173 raumen\u0173 susitraukimu<\/li>\n<\/ul>\n<p>Astmoje kv\u0117pavimo tak\u0173 siaur\u0117jim\u0105 gali sukelti alergenai, fizinis kr\u016bvis, \u0161altas oras arba kv\u0117pavimo tak\u0173 infekcijos. Bricanyl padeda palengvinti \u0161iuos simptomus, atsipalaiduodamas kv\u0117pavimo tak\u0173 raumenis ir gerindamas oro sraut\u0105.<\/p>\n<p>Bricanyl paprastai naudojamas pagal poreik\u012f simptom\u0173 palengvinimui. Jis n\u0117ra pakaitalas reguliariam prie\u0161u\u017edegiminiam gydymui, pavyzd\u017eiui, inhaliuojamiems kortikosteroidams, kai jie yra skiriami.<\/p>\n<p>Jei trumpai veikian\u010dio bronchodilatatoriaus, tokio kaip Bricanyl, reikia daugiau nei du kartus per savait\u0119 astmos simptomams kontroliuoti, tai gali rodyti, kad b\u016bkl\u0117 n\u0117ra pakankamai kontroliuojama, ir rekomenduojama medicinin\u0117 per\u017ei\u016bra.<\/p>\n<h2>Kaip veikia Bricanyl Turbuhaler?<\/h2>\n<p>Terbutalinas stimuliuoja beta-2 receptorius, esan\u010dius bronch\u0173 vamzdeli\u0173 lygiuose raumenyse. \u0160i\u0173 receptori\u0173 aktyvacija sukelia raumen\u0173 atsipalaidavim\u0105, d\u0117l ko kv\u0117pavimo takai i\u0161siple\u010dia (bronchodilatacija).<\/p>\n<p>Gerindamas oro sraut\u0105, Bricanyl ma\u017eina tokius simptomus kaip:<br \/>\n\u2022 \u0160vok\u0161timas<br \/>\n\u2022 Dusulys<br \/>\n\u2022 Kr\u016btin\u0117s spaudimas<br \/>\n\u2022 Kosulys, susij\u0119s su bronch\u0173 spazmu<\/p>\n<p>Kadangi vaistas \u012fkvepiamas tiesiai \u012f plau\u010dius, jis veikia lokaliai kv\u0117pavimo tak\u0173 siaur\u0117jimo vietoje. Bronchodilatacinis poveikis prasideda per kelias minutes ir paprastai trunka penkias\u2013\u0161e\u0161ias valandas.<\/p>\n<p>Per didelis trumpai veikian\u010di\u0173 bronchodilatatori\u0173 naudojimas gali signalizuoti apie blog\u0117jant\u012f astmos kontrol\u0119. Visada reikia aptarti did\u0117jant\u012f priklausomyb\u0119 nuo gelb\u0117jimosi inhaliatori\u0173 su sveikatos prie\u017ei\u016bros specialistu.<\/p>\n<h2>Kas netur\u0117t\u0173 naudoti Bricanyl Turbuhaler?<\/h2>\n<p>Bricanyl netur\u0117t\u0173 b\u016bti naudojamas, jei j\u016bs:<\/p>\n<ul>\n<li>Esate alergi\u0161kas terbutalino sulfato arba bet kurios inhaliatoriaus sudedamosios dalies<\/li>\n<li>Turite hipertrofin\u0119 kardiomiopatij\u0105 (b\u016bkl\u0119, susijusi\u0105 su \u0161irdies raumens sustor\u0117jimu)<\/li>\n<\/ul>\n<p>Specialus atsargumas reikalingas, jei turite:<\/p>\n<ul>\n<li>\u0160irdies lig\u0173, nereguliari\u0173 \u0161irdies ritm\u0173 ar kr\u016btin\u0117s skausm\u0173<\/li>\n<li><a href=\"\/lt\/treatment\/high-blood-pressure\/\">Auk\u0161t\u0105 kraujo spaudim\u0105<\/a><\/li>\n<li><a href=\"\/lt\/treatment\/diabetes\">Diabet\u0105<\/a><\/li>\n<li>Hipertiroz\u0119<\/li>\n<li>\u017dem\u0105 kalio lyg\u012f<\/li>\n<li>Problemas \u0161lapinantis<\/li>\n<\/ul>\n<p>Beta-2 agonistai gali padidinti \u0161irdies ritm\u0105 ir paveikti kalio ar kraujo gliukoz\u0117s lygius. Tam tikriems pacientams gali prireikti steb\u0117jimo.<\/p>\n<p>Bricanyl Turbuhaler sud\u0117tyje yra laktoz\u0117s, kuri gali tur\u0117ti p\u0117dsak\u0173 pieno baltym\u0173. Asmenys, turintys sunki\u0105 pieno baltym\u0173 alergij\u0105, tur\u0117t\u0173 pasitarti su gydytoju prie\u0161 naudojim\u0105.<\/p>\n<p>Jei simptomai greitai pablog\u0117ja arba reikia didesni\u0173 dozi\u0173 palengvinimui, nedelsdami kreipkit\u0117s \u012f gydytoj\u0105.<\/p>\n<h2>Kaip naudoti ir dozavimas<\/h2>\n<p>Visada naudokite Bricanyl tiksliai taip, kaip nurod\u0117 gydytojas.<\/p>\n<p>Simptom\u0173 palengvinimui \u012fprasta doz\u0117 yra:<\/p>\n<ul>\n<li>1\u20132 inhaliacijos Bricanyl 250 mikrogram\u0173<br \/>\narba<\/li>\n<li>1 inhaliacija Bricanyl 500 mikrogram\u0173<\/li>\n<\/ul>\n<p>Maksimali paros doz\u0117 yra 4000 mikrogram\u0173. Tai atitinka:<\/p>\n<ul>\n<li>Iki 16 inhaliacij\u0173 po 250 mikrogram\u0173<br \/>\narba<\/li>\n<li>Iki 8 inhaliacij\u0173 po 500 mikrogram\u0173<\/li>\n<\/ul>\n<p>Bricanyl naudojamas pagal poreik\u012f simptom\u0173 palengvinimui, o ne pagal fiksuot\u0105 kasdien\u012f grafik\u0105.<\/p>\n<p>Jei pamir\u0161ote doz\u0119, vartokite j\u0105, kai reikia simptomams. Nevir\u0161ykite nurodytos maksimalaus dozavimo.<\/p>\n<p>Jei patiriate staig\u0173 kv\u0117pavimo pablog\u0117jim\u0105, reikia didesni\u0173 dozi\u0173 arba pastebite, kad inhaliatorius suteikia ma\u017eiau palengvinimo nei \u012fprastai, nedelsdami kreipkit\u0117s \u012f medicinos pagalb\u0105.<\/p>\n<h2>Galimi \u0161alutiniai poveikiai<\/h2>\n<p>Kaip ir visi vaistai, Bricanyl gali sukelti \u0161alutin\u012f poveik\u012f, nors ne visi j\u012f patiria.<\/p>\n<p>Labai da\u017eni \u0161alutiniai poveikiai gali b\u016bti:<\/p>\n<ul>\n<li>Tr tremoras<\/li>\n<li>Galvos skausmas<\/li>\n<\/ul>\n<p>Da\u017eni \u0161alutiniai poveikiai gali b\u016bti:<\/p>\n<ul>\n<li>Greitas \u0161irdies ritmas (tachikardija)<\/li>\n<li>\u0160irdies plakimas<\/li>\n<li>Raumen\u0173 m\u0117\u0161lungis<\/li>\n<li>\u017demas kalio lygis (hipokalemija)<\/li>\n<\/ul>\n<p>Retai pasitaikantys \u0161alutiniai poveikiai gali b\u016bti:<\/p>\n<ul>\n<li>Nerimas ar miego sutrikimai<\/li>\n<li>\u0160irdies ritmo sutrikimai<\/li>\n<li>Bronch\u0173 spazmas<\/li>\n<li>Pykinimas ar v\u0117mimas<\/li>\n<li>Od\u0173 b\u0117rimas ar dilg\u0117lin\u0117<\/li>\n<\/ul>\n<p>Labai reti, bet rimti reakcijos gali b\u016bti:<\/p>\n<ul>\n<li>Sunki alergin\u0117 reakcija (\u012fskaitant angioedem\u0105)<\/li>\n<li>Kraujosp\u016bd\u017eio poky\u010diai<\/li>\n<li>Kr\u016btin\u0117s spaudimas<\/li>\n<\/ul>\n<p>Jei patiriate kr\u016btin\u0117s skausm\u0105, sunkius alerginius simptomus ar kv\u0117pavimo pablog\u0117jim\u0105 po naudojimo, nedelsdami kreipkit\u0117s \u012f skubi\u0105 medicinos pagalb\u0105.<\/p>\n<h2>Svarbi saugos informacija<\/h2>\n<p>Jei Bricanyl reikia daugiau nei du kartus per savait\u0119 astmos palengvinimui, tai gali rodyti nepakankam\u0105 astmos kontrol\u0119. Reik\u0117t\u0173 organizuoti medicinin\u0119 per\u017ei\u016br\u0105.<\/p>\n<p>Jei jums skiriami inhaliuojami kortikosteroidai ar kiti palaikomieji gydymai, toliau juos vartokite reguliariai, kaip nurodyta, net jei simptomai ger\u0117ja.<\/p>\n<p>Bricanyl gali paveikti kraujo gliukoz\u0117s ir kalio lygius. Pacientams, sergantiems diabetu ar elektrolit\u0173 disbalansu, gali prireikti steb\u0117jimo.<\/p>\n<p>N\u0117\u0161tumo metu Bricanyl tur\u0117t\u0173 b\u016bti naudojamas tik po medicinin\u0117s konsultacijos. J\u012f galima naudoti \u017eindymo metu, laikantis profesionali\u0173 patarim\u0173.<\/p>\n<p>Venkite vir\u0161yti rekomenduojam\u0105 doz\u0119, nes per didelis naudojimas gali padidinti \u0161irdies ir kraujagysli\u0173 \u0161alutinio poveikio rizik\u0105.<\/p>\n<h2>Kada kreiptis \u012f medicinos pagalb\u0105<\/h2>\n<p>Nedelsdami kreipkit\u0117s \u012f skubi\u0105 medicinos pagalb\u0105, jei:<\/p>\n<ul>\n<li>Kv\u0117pavimas staiga pablog\u0117ja<\/li>\n<li>Jums tr\u016bksta oro kalb\u0117ti, valgyti ar miegoti<\/li>\n<li>Pasirei\u0161kia kr\u016btin\u0117s skausmas<\/li>\n<li>Pasirei\u0161kia sunki alergin\u0117 reakcija<\/li>\n<\/ul>\n<p>Kreipkit\u0117s \u012f gydytoj\u0105, jei:<\/p>\n<ul>\n<li>Reikia didesni\u0173 dozi\u0173 palengvinimui<\/li>\n<li>Naudojate Bricanyl daugiau nei du kartus per savait\u0119 astmos kontrolei<\/li>\n<li>Inhaliatorius atrodo ma\u017eiau veiksmingas nei \u012fprastai<\/li>\n<\/ul>\n","protected":false},"excerpt":{"rendered":"<ul>\n<li>Bricanyl Turbuhaler yra receptinis trumpai veikiantis bronchus ple\u010diantis vaistas, kuris per kelias minutes atpalaiduoja kv\u0117pavimo tak\u0173 raumenis ir palengvina kv\u0117pavimo sunkumus.<\/li>\n<li>Veiklioji med\u017eiaga: Terbutalino sulfatas (250 arba 500 mikrogram\u0173 per inhaliacij\u0105)<\/li>\n<li>Naudojamas: Bronch\u0173 susiaur\u0117jimo palengvinimui astmos, l\u0117tinio bronchito, emfizemos ir kit\u0173 obstrukcini\u0173 kv\u0117pavimo tak\u0173 lig\u0173 atveju<\/li>\n<\/ul>\n","protected":false},"featured_media":1601,"comment_status":"open","ping_status":"closed","template":"","meta":[],"product_brand":[],"product_cat":[80],"product_tag":[],"expert":[16],"class_list":{"0":"post-1599","1":"product","2":"type-product","3":"status-publish","4":"has-post-thumbnail","6":"product_cat-astma","7":"expert-dr-c-alexandru","9":"first","10":"instock","11":"shipping-taxable","12":"product-type-variable"},"yoast_head":"<!-- This site is optimized with the Yoast SEO plugin v27.0 - https:\/\/yoast.com\/product\/yoast-seo-wordpress\/ -->\n<title>Bricanyl Turbuhaler | Gydyk savo Astm\u0105 - Transtoyou<\/title>\n<meta name=\"description\" content=\"Bricanyl Turbuhaler sud\u0117tyje yra terbutalino 250 arba 500 mikrogram\u0173 dozei. Receptinis bronchodilatatorius astmai, prieinamas per Transtoyou.\" \/>\n<meta name=\"robots\" content=\"noindex, follow, max-snippet:-1, max-image-preview:large, max-video-preview:-1\" \/>\n<meta property=\"og:locale\" content=\"lt_LT\" \/>\n<meta property=\"og:type\" content=\"article\" \/>\n<meta property=\"og:title\" content=\"Bricanyl Turbuhaler | Gydyk savo Astm\u0105 - Transtoyou\" \/>\n<meta property=\"og:description\" content=\"Bricanyl Turbuhaler sud\u0117tyje yra terbutalino 250 arba 500 mikrogram\u0173 dozei. Receptinis bronchodilatatorius astmai, prieinamas per Transtoyou.\" \/>\n<meta property=\"og:url\" content=\"https:\/\/www.transtoyou.com\/lt\/product\/bricanyl\/\" \/>\n<meta property=\"og:site_name\" content=\"Transtoyou - LT\" \/>\n<meta property=\"article:modified_time\" content=\"2026-02-23T11:45:03+00:00\" \/>\n<meta name=\"twitter:card\" content=\"summary_large_image\" \/>\n<meta name=\"twitter:label1\" content=\"Est. reading time\" \/>\n\t<meta name=\"twitter:data1\" content=\"4 minut\u0117s\" \/>\n<script type=\"application\/ld+json\" class=\"yoast-schema-graph\">{\"@context\":\"https:\/\/schema.org\",\"@graph\":[{\"@type\":\"WebPage\",\"@id\":\"https:\/\/www.transtoyou.com\/lt\/product\/bricanyl\/\",\"url\":\"https:\/\/www.transtoyou.com\/lt\/product\/bricanyl\/\",\"name\":\"Bricanyl Turbuhaler | Gydyk savo Astm\u0105 - Transtoyou\",\"isPartOf\":{\"@id\":\"https:\/\/www.transtoyou.com\/lt\/#website\"},\"primaryImageOfPage\":{\"@id\":\"https:\/\/www.transtoyou.com\/lt\/product\/bricanyl\/#primaryimage\"},\"image\":{\"@id\":\"https:\/\/www.transtoyou.com\/lt\/product\/bricanyl\/#primaryimage\"},\"thumbnailUrl\":\"https:\/\/www.transtoyou.com\/lt\/wp-content\/uploads\/sites\/9\/2026\/02\/tty-no-product-image-5.webp\",\"datePublished\":\"2026-02-23T11:35:01+00:00\",\"dateModified\":\"2026-02-23T11:45:03+00:00\",\"description\":\"Bricanyl Turbuhaler sud\u0117tyje yra terbutalino 250 arba 500 mikrogram\u0173 dozei. Receptinis bronchodilatatorius astmai, prieinamas per Transtoyou.\",\"breadcrumb\":{\"@id\":\"https:\/\/www.transtoyou.com\/lt\/product\/bricanyl\/#breadcrumb\"},\"inLanguage\":\"lt-LT\",\"potentialAction\":[{\"@type\":\"ReadAction\",\"target\":[\"https:\/\/www.transtoyou.com\/lt\/product\/bricanyl\/\"]}]},{\"@type\":\"ImageObject\",\"inLanguage\":\"lt-LT\",\"@id\":\"https:\/\/www.transtoyou.com\/lt\/product\/bricanyl\/#primaryimage\",\"url\":\"https:\/\/www.transtoyou.com\/lt\/wp-content\/uploads\/sites\/9\/2026\/02\/tty-no-product-image-5.webp\",\"contentUrl\":\"https:\/\/www.transtoyou.com\/lt\/wp-content\/uploads\/sites\/9\/2026\/02\/tty-no-product-image-5.webp\",\"width\":1000,\"height\":1000,\"caption\":\"Numatytas produkto vaizdas\"},{\"@type\":\"WebSite\",\"@id\":\"https:\/\/www.transtoyou.com\/lt\/#website\",\"url\":\"https:\/\/www.transtoyou.com\/lt\/\",\"name\":\"Transtoyou - LT\",\"description\":\"\",\"publisher\":{\"@id\":\"https:\/\/www.transtoyou.com\/lt\/#organization\"},\"potentialAction\":[{\"@type\":\"SearchAction\",\"target\":{\"@type\":\"EntryPoint\",\"urlTemplate\":\"https:\/\/www.transtoyou.com\/lt\/?s={search_term_string}\"},\"query-input\":{\"@type\":\"PropertyValueSpecification\",\"valueRequired\":true,\"valueName\":\"search_term_string\"}}],\"inLanguage\":\"lt-LT\"},{\"@type\":\"Organization\",\"@id\":\"https:\/\/www.transtoyou.com\/lt\/#organization\",\"name\":\"Transtoyou - LT\",\"url\":\"https:\/\/www.transtoyou.com\/lt\/\",\"logo\":{\"@type\":\"ImageObject\",\"inLanguage\":\"lt-LT\",\"@id\":\"https:\/\/www.transtoyou.com\/lt\/#\/schema\/logo\/image\/\",\"url\":\"https:\/\/www.transtoyou.com\/lt\/wp-content\/uploads\/sites\/9\/2026\/01\/logo-tty-menu-bar-300x87-1.webp\",\"contentUrl\":\"https:\/\/www.transtoyou.com\/lt\/wp-content\/uploads\/sites\/9\/2026\/01\/logo-tty-menu-bar-300x87-1.webp\",\"width\":300,\"height\":87,\"caption\":\"Transtoyou - LT\"},\"image\":{\"@id\":\"https:\/\/www.transtoyou.com\/lt\/#\/schema\/logo\/image\/\"}}]}<\/script>\n<!-- \/ Yoast SEO plugin. -->","yoast_head_json":{"title":"Bricanyl Turbuhaler | Gydyk savo Astm\u0105 - Transtoyou","description":"Bricanyl Turbuhaler sud\u0117tyje yra terbutalino 250 arba 500 mikrogram\u0173 dozei. Receptinis bronchodilatatorius astmai, prieinamas per Transtoyou.","robots":{"index":"noindex","follow":"follow","max-snippet":"max-snippet:-1","max-image-preview":"max-image-preview:large","max-video-preview":"max-video-preview:-1"},"og_locale":"lt_LT","og_type":"article","og_title":"Bricanyl Turbuhaler | Gydyk savo Astm\u0105 - Transtoyou","og_description":"Bricanyl Turbuhaler sud\u0117tyje yra terbutalino 250 arba 500 mikrogram\u0173 dozei. Receptinis bronchodilatatorius astmai, prieinamas per Transtoyou.","og_url":"https:\/\/www.transtoyou.com\/lt\/product\/bricanyl\/","og_site_name":"Transtoyou - LT","article_modified_time":"2026-02-23T11:45:03+00:00","twitter_card":"summary_large_image","twitter_misc":{"Est. reading time":"4 minut\u0117s"},"schema":{"@context":"https:\/\/schema.org","@graph":[{"@type":"WebPage","@id":"https:\/\/www.transtoyou.com\/lt\/product\/bricanyl\/","url":"https:\/\/www.transtoyou.com\/lt\/product\/bricanyl\/","name":"Bricanyl Turbuhaler | Gydyk savo Astm\u0105 - Transtoyou","isPartOf":{"@id":"https:\/\/www.transtoyou.com\/lt\/#website"},"primaryImageOfPage":{"@id":"https:\/\/www.transtoyou.com\/lt\/product\/bricanyl\/#primaryimage"},"image":{"@id":"https:\/\/www.transtoyou.com\/lt\/product\/bricanyl\/#primaryimage"},"thumbnailUrl":"https:\/\/www.transtoyou.com\/lt\/wp-content\/uploads\/sites\/9\/2026\/02\/tty-no-product-image-5.webp","datePublished":"2026-02-23T11:35:01+00:00","dateModified":"2026-02-23T11:45:03+00:00","description":"Bricanyl Turbuhaler sud\u0117tyje yra terbutalino 250 arba 500 mikrogram\u0173 dozei. Receptinis bronchodilatatorius astmai, prieinamas per Transtoyou.","breadcrumb":{"@id":"https:\/\/www.transtoyou.com\/lt\/product\/bricanyl\/#breadcrumb"},"inLanguage":"lt-LT","potentialAction":[{"@type":"ReadAction","target":["https:\/\/www.transtoyou.com\/lt\/product\/bricanyl\/"]}]},{"@type":"ImageObject","inLanguage":"lt-LT","@id":"https:\/\/www.transtoyou.com\/lt\/product\/bricanyl\/#primaryimage","url":"https:\/\/www.transtoyou.com\/lt\/wp-content\/uploads\/sites\/9\/2026\/02\/tty-no-product-image-5.webp","contentUrl":"https:\/\/www.transtoyou.com\/lt\/wp-content\/uploads\/sites\/9\/2026\/02\/tty-no-product-image-5.webp","width":1000,"height":1000,"caption":"Numatytas produkto vaizdas"},{"@type":"WebSite","@id":"https:\/\/www.transtoyou.com\/lt\/#website","url":"https:\/\/www.transtoyou.com\/lt\/","name":"Transtoyou - LT","description":"","publisher":{"@id":"https:\/\/www.transtoyou.com\/lt\/#organization"},"potentialAction":[{"@type":"SearchAction","target":{"@type":"EntryPoint","urlTemplate":"https:\/\/www.transtoyou.com\/lt\/?s={search_term_string}"},"query-input":{"@type":"PropertyValueSpecification","valueRequired":true,"valueName":"search_term_string"}}],"inLanguage":"lt-LT"},{"@type":"Organization","@id":"https:\/\/www.transtoyou.com\/lt\/#organization","name":"Transtoyou - LT","url":"https:\/\/www.transtoyou.com\/lt\/","logo":{"@type":"ImageObject","inLanguage":"lt-LT","@id":"https:\/\/www.transtoyou.com\/lt\/#\/schema\/logo\/image\/","url":"https:\/\/www.transtoyou.com\/lt\/wp-content\/uploads\/sites\/9\/2026\/01\/logo-tty-menu-bar-300x87-1.webp","contentUrl":"https:\/\/www.transtoyou.com\/lt\/wp-content\/uploads\/sites\/9\/2026\/01\/logo-tty-menu-bar-300x87-1.webp","width":300,"height":87,"caption":"Transtoyou - LT"},"image":{"@id":"https:\/\/www.transtoyou.com\/lt\/#\/schema\/logo\/image\/"}}]}},"_links":{"self":[{"href":"https:\/\/www.transtoyou.com\/lt\/wp-json\/wp\/v2\/product\/1599","targetHints":{"allow":["GET"]}}],"collection":[{"href":"https:\/\/www.transtoyou.com\/lt\/wp-json\/wp\/v2\/product"}],"about":[{"href":"https:\/\/www.transtoyou.com\/lt\/wp-json\/wp\/v2\/types\/product"}],"replies":[{"embeddable":true,"href":"https:\/\/www.transtoyou.com\/lt\/wp-json\/wp\/v2\/comments?post=1599"}],"wp:featuredmedia":[{"embeddable":true,"href":"https:\/\/www.transtoyou.com\/lt\/wp-json\/wp\/v2\/media\/1601"}],"wp:attachment":[{"href":"https:\/\/www.transtoyou.com\/lt\/wp-json\/wp\/v2\/media?parent=1599"}],"wp:term":[{"taxonomy":"product_brand","embeddable":true,"href":"https:\/\/www.transtoyou.com\/lt\/wp-json\/wp\/v2\/product_brand?post=1599"},{"taxonomy":"product_cat","embeddable":true,"href":"https:\/\/www.transtoyou.com\/lt\/wp-json\/wp\/v2\/product_cat?post=1599"},{"taxonomy":"product_tag","embeddable":true,"href":"https:\/\/www.transtoyou.com\/lt\/wp-json\/wp\/v2\/product_tag?post=1599"},{"taxonomy":"expert","embeddable":true,"href":"https:\/\/www.transtoyou.com\/lt\/wp-json\/wp\/v2\/expert?post=1599"}],"curies":[{"name":"wp","href":"https:\/\/api.w.org\/{rel}","templated":true}]}}