{"id":1651,"date":"2026-02-24T13:33:35","date_gmt":"2026-02-24T11:33:35","guid":{"rendered":"https:\/\/www.transtoyou.com\/lt\/product\/estramon-comp\/"},"modified":"2026-03-03T09:59:24","modified_gmt":"2026-03-03T07:59:24","slug":"estramon-komp","status":"publish","type":"product","link":"https:\/\/www.transtoyou.com\/lt\/product\/estramon-komp\/","title":{"rendered":"Estramon Comp"},"content":{"rendered":"<h2>Kas yra Estramon Comp?<\/h2>\n<p>Estramon Comp yra sekinis kombinuotas <a href=\"\/lt\/treatment\/hormone-replacement-therapy\/\">hormon\u0173 pakaitin\u0117s terapijos (HPT)<\/a> pleistras, naudojamas menopauz\u0117s simptomams gydyti. Jame yra du hormonai: estradiolis, estrogeno forma, ir noretisterono acetatas, progesterono tipas (dar vadinamas progestogenu).<\/p>\n<p>Skirtingai nuo nuolatin\u0117s kombinuotos HPT, Estramon Comp laikosi ciklinio arba sekinio re\u017eimo. Tai rei\u0161kia, kad tam tikr\u0105 ciklo dal\u012f naudojate tik estrogen\u0105, o kit\u0105 dal\u012f \u2013 estrogen\u0105 kartu su progesteronu. D\u0117l \u0161io modelio galite patirti m\u0117nesin\u012f at\u0161alimo kraujavim\u0105, pana\u0161\u0173 \u012f lengv\u0105 m\u0117nesini\u0173 cikl\u0105.<\/p>\n<p>Estramon Comp paprastai skiriamas, jei:<\/p>\n<ul>\n<li>Esate perimenopauz\u0117je (m\u0117nesin\u0117s yra nereguliarios, bet visi\u0161kai nesustojusios), arba<\/li>\n<li>Esate per 12 m\u0117nesi\u0173 po paskutini\u0173 nat\u016brali\u0173 m\u0117nesini\u0173<\/li>\n<\/ul>\n<p>Jis skirtas moterims, kurios vis dar turi gimd\u0105 ir kurioms reikia tiek estrogeno pakaitalo, tiek gimdos gleivin\u0117s apsaugos.<\/p>\n<p>Estramon Comp yra transderminis HPT pleistras, tai rei\u0161kia, kad hormonai absorbuojami per j\u016bs\u0173 od\u0105 tiesiai \u012f krauj\u0105. Tai i\u0161vengia praeinant per vir\u0161kinimo sistem\u0105 ir u\u017etikrina stabil\u0173 hormon\u0173 lyg\u012f.<\/p>\n<h2>Kam naudojamas Estramon Comp?<\/h2>\n<p>Estramon Comp naudojamas <a href=\"\/lt\/treatment\/menopause-pms-relief\/\">menopauz\u0117s simptomams<\/a> palengvinti, kuriuos sukelia ma\u017e\u0117jantis estrogeno lygis.<\/p>\n<p>Menopauz\u0117s metu estrogeno lygis \u017eymiai suma\u017e\u0117ja. \u0160is hormoninis pokytis gali sukelti:<\/p>\n<ul>\n<li>Kar\u0161\u010dio bangas<\/li>\n<li>Naktinius prakaitavimus<\/li>\n<li>Miego problemas<\/li>\n<li>Nuotaikos svyravimus<\/li>\n<li>Vaginalin\u012f sausum\u0105<\/li>\n<li>Smegen\u0173 r\u016bk\u0105<\/li>\n<li>Nuovarg\u012f<\/li>\n<li>Suma\u017e\u0117jusi\u0105 libido<\/li>\n<\/ul>\n<p>Kar\u0161\u010dio bangos ir naktiniai prakaitavimai vadinami vazomotoriniais simptomais, tai rei\u0161kia, kad j\u016bs\u0173 k\u016bno temperat\u016bros kontrol\u0117s sistema yra sutrikdyta hormonini\u0173 poky\u010di\u0173.<\/p>\n<p>Estramon Comp taip pat gali pad\u0117ti i\u0161laikyti kaul\u0173 tank\u012f. Po menopauz\u0117s suma\u017e\u0117j\u0119s estrogeno lygis padidina osteoporoz\u0117s, b\u016bkl\u0117s, kai kaulai tampa plonesni ir trap\u016bs, rizik\u0105. Hormon\u0173 pakaitin\u0117 terapija gali pad\u0117ti sul\u0117tinti kaul\u0173 netekim\u0105 moterims, kurioms kyla rizika.<\/p>\n<p>Estramon Comp ypa\u010d tinka, jei vis dar patiriate retkar\u010diais m\u0117nesines arba esate ankstyvoje menopauz\u0117je.<\/p>\n<h2>Kaip veikia Estramon Comp?<\/h2>\n<p>Estramon Comp veikia pakeisdamas hormonus, kuriuos j\u016bs\u0173 k\u016bnas palaipsniui nustoja gaminti menopauz\u0117s metu.<\/p>\n<h4>Estradiolis (Estrogenas)<\/h4>\n<p>Estradiolis cheminiu po\u017ei\u016briu yra pana\u0161us \u012f estrogen\u0105, kur\u012f j\u016bs\u0173 k\u016bnas nat\u016braliai gamina. Jis padeda:<\/p>\n<ul>\n<li>Suma\u017einti kar\u0161\u010dio bangas ir naktinius prakaitavimus<\/li>\n<li>Pagerinti vaginalin\u012f sausum\u0105<\/li>\n<li>Palaikyti nuotaik\u0105 ir mieg\u0105<\/li>\n<li>I\u0161laikyti kaul\u0173 stiprum\u0105<\/li>\n<\/ul>\n<h4>Norethisteronas (Progestogenas)<\/h4>\n<p>Jei vis dar turite gimd\u0105, vien tik estrogenas gali sukelti gimdos gleivin\u0117s (vadinamos endometriumu) pertekli\u0173. Laikui b\u0117gant tai gali padidinti endometriumo v\u0117\u017eio rizik\u0105.<\/p>\n<p>Norethisteronas apsaugo j\u016bs\u0173 gimd\u0105, u\u017ekirsdamas keli\u0105 per dideliam gleivin\u0117s sustor\u0117jimui. Sekin\u0117je HPT, tokioje kaip Estramon Comp, progesteronas pridedamas tam tikro ciklo metu, kas gali sukelti suplanuot\u0105 m\u0117nesin\u012f kraujavim\u0105.<\/p>\n<p>Kadangi pleistras perduoda hormonus per j\u016bs\u0173 od\u0105, j\u016bs gaunate pastovi\u0105 hormon\u0173 absorbcij\u0105. \u0160i transdermin\u0117 pristatymo sistema gali suma\u017einti hormon\u0173 svyravimus, palyginti su geriamaisiais tablet\u0117mis.<\/p>\n<h2>Kada netur\u0117tum\u0117te naudoti Estramon Comp?<\/h2>\n<p>J\u016bs netur\u0117tum\u0117te naudoti Estramon Comp, jei:<\/p>\n<ul>\n<li>Turite arba tur\u0117jote kr\u016bties v\u0117\u017e\u012f<\/li>\n<li>Turite estrogen\u0105 priklausant\u012f v\u0117\u017e\u012f (pavyzd\u017eiui, gimdos gleivin\u0117s v\u0117\u017e\u012f)<\/li>\n<li>Turite nepaai\u0161kinam\u0105 vaginalin\u012f kraujavim\u0105<\/li>\n<li>Turite negydom\u0105 endometriumo hiperplazij\u0105<\/li>\n<li>Turite arba tur\u0117jote kraujo kre\u0161ulius<\/li>\n<li>Turite kraujo kre\u0161\u0117jimo sutrikim\u0105<\/li>\n<li>Neseniai tur\u0117jote \u0161irdies sm\u016bg\u012f arba insult\u0105<\/li>\n<li>Turite sunki\u0105 kepen\u0173 lig\u0105<\/li>\n<li>Esate alergi\u0161ki estradioliui arba noretisteronui<\/li>\n<\/ul>\n<p>Visada informuokite savo gydytoj\u0105 apie savo medicinin\u0119 istorij\u0105 prie\u0161 pradedant hormon\u0173 pakaitin\u0119 terapij\u0105.<\/p>\n<h3>N\u0117\u0161tumas ir \u017eindymas<\/h3>\n<p>Estramon Comp n\u0117ra kontraceptikas.<\/p>\n<p>J\u016bs netur\u0117tum\u0117te naudoti \u0161io vaisto, jei esate n\u0117\u0161\u010dia arba manote, kad galite b\u016bti n\u0117\u0161\u010dia. Nors vaisingumas ma\u017e\u0117ja menopauz\u0117s metu, n\u0117\u0161tumas vis dar \u012fmanomas perimenopauz\u0117je.<\/p>\n<p>Estramon Comp netur\u0117t\u0173 b\u016bti naudojamas \u017eindymo metu.<\/p>\n<p>Jei \u012ftariate n\u0117\u0161tum\u0105, naudodami \u0161\u012f pleistr\u0105, nuimkite j\u012f ir kreipkit\u0117s \u012f gydytoj\u0105.<\/p>\n<h2>Kaip naudoti Estramon Comp ir dozavimas<\/h2>\n<p>Visada naudokite Estramon Comp tiksliai taip, kaip nurodyta.<\/p>\n<p>Kadangi tai yra sekinis HPT pleistras, laikykit\u0117s ciklo:<\/p>\n<ul>\n<li>Pirmasis etapas: pleistras tik su estrogenais<\/li>\n<li>Antrasis etapas: kombinuotas estrogeno ir progestogeno pleistras<\/li>\n<\/ul>\n<p>J\u016bs\u0173 gydytojas paai\u0161kins j\u016bs\u0173 tiksli\u0105 tvark\u0105.<\/p>\n<p>Kaip tepti:<\/p>\n<ul>\n<li>Tepti ant \u0161varios, sausos, nepa\u017eeistos odos<\/li>\n<li>Tinkamos vietos yra apatin\u0117 pilvo dalis arba s\u0117dmenys<\/li>\n<li>Netepti ant kr\u016bt\u0173<\/li>\n<li>Stipriai paspauskite ma\u017eiausiai 10 sekund\u017ei\u0173<\/li>\n<li>Keisti pleistrus pagal j\u016bs\u0173 nurodyt\u0105 tvark\u0105<\/li>\n<\/ul>\n<p>Keiskite taikymo viet\u0105, kad suma\u017eintum\u0117te odos dirginim\u0105.<\/p>\n<p>J\u016bs galite patirti prognozuojam\u0105 m\u0117nesin\u012f kraujavim\u0105 progestogeno etape. Tai yra normalu sekin\u0117je HPT.<\/p>\n<h2>Galimi \u0161alutiniai poveikiai<\/h2>\n<p>Kaip ir visi vaistai, Estramon Comp gali sukelti \u0161alutin\u012f poveik\u012f.<\/p>\n<p>Da\u017eniausi \u0161alutiniai poveikiai yra:<\/p>\n<ul>\n<li>Kr\u016bt\u0173 jautrumas<\/li>\n<li>Galvos skausmas<\/li>\n<li>Pykinimas<\/li>\n<li>Nuotaikos poky\u010diai<\/li>\n<li>Odos dirginimas<\/li>\n<li>Planuotas m\u0117nesinis kraujavimas<\/li>\n<li>Nereguliarus kraujavimas<\/li>\n<\/ul>\n<p>Sunkesni, bet retesni hormon\u0173 pakaitin\u0117s terapijos rizikos veiksniai yra:<\/p>\n<ul>\n<li>Kraujo kre\u0161uliai<\/li>\n<li>Insultas<\/li>\n<li>Kr\u016bties v\u0117\u017eys<\/li>\n<li>Kiau\u0161id\u017ei\u0173 v\u0117\u017eys<\/li>\n<li>\u0160irdies liga<\/li>\n<\/ul>\n<p>J\u016bs\u0173 individuali rizika priklauso nuo j\u016bs\u0173 am\u017eiaus, laiko nuo menopauz\u0117s, \u0161eimos istorijos ir bendros sveikatos.<\/p>\n<p>Reguliarus medicininis patikrinimas yra svarbus naudojant HPT.<\/p>\n<h2>Svarbi saugos informacija<\/h2>\n<p>Prie\u0161 pradedant Estramon Comp, tur\u0117tum\u0117te pasikonsultuoti su gydytoju.<\/p>\n<p>Pasakykite savo gydytojui, jei turite:<\/p>\n<ul>\n<li><a href=\"\/lt\/treatment\/high-blood-pressure\">Auk\u0161t\u0105 kraujosp\u016bd\u012f<\/a><\/li>\n<li><a href=\"\/lt\/treatment\/diabetes\">Diabet\u0105<\/a><\/li>\n<li><a href=\"\/lt\/treatment\/headache-and-migraines\/\">Migren\u0105<\/a><\/li>\n<li>Gimdos akmen\u0173<\/li>\n<li>Kepen\u0173 problemas<\/li>\n<li>Fibroidus<\/li>\n<li><a href=\"\/lt\/treatment\/endometriosis\/\">Endometrioz\u0119<\/a><\/li>\n<li>Auk\u0161t\u0105 triglicerid\u0173 lyg\u012f<\/li>\n<li>\u0160eimos istorij\u0105 hormon\u0173 jautri\u0173 v\u0117\u017ei\u0173<\/li>\n<\/ul>\n<p>Naudojant Estramon Comp:<\/p>\n<ul>\n<li>Reguliariai lankykit\u0117s pas gydytoj\u0105<\/li>\n<li>T\u0119skite kr\u016bt\u0173 tyrimus<\/li>\n<li>Atlikite reguliarius savikontrol\u0117s kr\u016bt\u0173 tyrimus<\/li>\n<li>Prane\u0161kite apie ne\u012fprast\u0105 kraujavim\u0105<\/li>\n<\/ul>\n<p>Hormon\u0173 pakaitin\u0117 terapija tur\u0117t\u0173 b\u016bti per\u017ei\u016brima bent kart\u0105 per metus.<\/p>\n<h2>Kada kreiptis medicinin\u0117s pagalbos<\/h2>\n<p>Nustokite naudoti Estramon Comp ir nedelsdami kreipkit\u0117s \u012f gydytoj\u0105, jei atsiranda:<\/p>\n<ul>\n<li>Patinimas arba skausmas vienoje kojoje<\/li>\n<li>Staigus kr\u016btin\u0117s skausmas<\/li>\n<li>Kv\u0117pavimo sunkumai<\/li>\n<li>Sunki galvos skausmas<\/li>\n<li>Staig\u016bs reg\u0117jimo ar kalbos sutrikimai<\/li>\n<li>Odos ar aki\u0173 pageltimas<\/li>\n<li>Sunkios alergin\u0117s reakcijos po\u017eymiai<\/li>\n<\/ul>\n<p>Kreipkit\u0117s \u012f gydytoj\u0105, jei pasteb\u0117jote:<\/p>\n<ul>\n<li>Nenumatyt\u0105 stipr\u0173 kraujavim\u0105<\/li>\n<li>Nauj\u0105 kr\u016bties gumul\u0105<\/li>\n<li>Nuolatin\u012f pilvo skausm\u0105<\/li>\n<li>Bet kokius staigius sveikatos poky\u010dius<\/li>\n<\/ul>\n<p>Jei nesate tikri d\u0117l simptom\u0173, visada kreipkit\u0117s \u012f medicinos patarim\u0105.<\/p>\n","protected":false},"excerpt":{"rendered":"<ul>\n<li>Estramon Comp: Sekvencin\u0117 hormon\u0173 pakaitin\u0117s terapijos pleistras, skirtas palengvinti menopauz\u0117s simptomus ir apsaugoti tavo gimd\u0105.<\/li>\n<li>Veiklioji med\u017eiaga: Estradiolis (estrogenas) ir Norethisterono acetatas (progestogenas)<\/li>\n<li>Naudojama: Hormon\u0173 pakaitin\u0117 terapija (HPT)<\/li>\n<\/ul>\n","protected":false},"featured_media":1653,"comment_status":"open","ping_status":"closed","template":"","meta":[],"product_brand":[],"product_cat":[139,145],"product_tag":[],"expert":[20],"class_list":{"0":"post-1651","1":"product","2":"type-product","3":"status-publish","4":"has-post-thumbnail","6":"product_cat-hormonu-terapija-hrt","7":"product_cat-menopauzes-ir-pms-palengvinimas","8":"expert-dr-m-ahmed","10":"first","11":"instock","12":"shipping-taxable","13":"product-type-variable"},"yoast_head":"<!-- This site is optimized with the Yoast SEO plugin v27.0 - https:\/\/yoast.com\/product\/yoast-seo-wordpress\/ -->\n<title>Estramon Comp | HRT pleistras menopauzei - Transtoyou<\/title>\n<meta name=\"description\" content=\"Estramon Comp HRT pleistrai menopauz\u0117s simptomams, receptas tik per Transtoyou gydytojus. Su\u017einokite, ar \u0161i priemon\u0117 jums tinka.\" \/>\n<meta name=\"robots\" content=\"noindex, follow, max-snippet:-1, max-image-preview:large, max-video-preview:-1\" \/>\n<meta property=\"og:locale\" content=\"lt_LT\" \/>\n<meta property=\"og:type\" content=\"article\" \/>\n<meta property=\"og:title\" content=\"Estramon Comp | HRT pleistras menopauzei - Transtoyou\" \/>\n<meta property=\"og:description\" content=\"Estramon Comp HRT pleistrai menopauz\u0117s simptomams, receptas tik per Transtoyou gydytojus. Su\u017einokite, ar \u0161i priemon\u0117 jums tinka.\" \/>\n<meta property=\"og:url\" content=\"https:\/\/www.transtoyou.com\/lt\/product\/estramon-comp\/\" \/>\n<meta property=\"og:site_name\" content=\"Transtoyou - LT\" \/>\n<meta property=\"article:modified_time\" content=\"2026-03-03T07:59:24+00:00\" \/>\n<meta name=\"twitter:card\" content=\"summary_large_image\" \/>\n<meta name=\"twitter:label1\" content=\"Est. reading time\" \/>\n\t<meta name=\"twitter:data1\" content=\"5 minut\u0117s\" \/>\n<script type=\"application\/ld+json\" class=\"yoast-schema-graph\">{\"@context\":\"https:\/\/schema.org\",\"@graph\":[{\"@type\":\"WebPage\",\"@id\":\"https:\/\/www.transtoyou.com\/lt\/product\/estramon-comp\/\",\"url\":\"https:\/\/www.transtoyou.com\/lt\/product\/estramon-comp\/\",\"name\":\"Estramon Comp | HRT pleistras menopauzei - Transtoyou\",\"isPartOf\":{\"@id\":\"https:\/\/www.transtoyou.com\/lt\/#website\"},\"primaryImageOfPage\":{\"@id\":\"https:\/\/www.transtoyou.com\/lt\/product\/estramon-comp\/#primaryimage\"},\"image\":{\"@id\":\"https:\/\/www.transtoyou.com\/lt\/product\/estramon-comp\/#primaryimage\"},\"thumbnailUrl\":\"https:\/\/www.transtoyou.com\/lt\/wp-content\/uploads\/sites\/9\/2026\/02\/tty-no-product-image-9.webp\",\"datePublished\":\"2026-02-24T11:33:35+00:00\",\"dateModified\":\"2026-03-03T07:59:24+00:00\",\"description\":\"Estramon Comp HRT pleistrai menopauz\u0117s simptomams, receptas tik per Transtoyou gydytojus. Su\u017einokite, ar \u0161i priemon\u0117 jums tinka.\",\"breadcrumb\":{\"@id\":\"https:\/\/www.transtoyou.com\/lt\/product\/estramon-comp\/#breadcrumb\"},\"inLanguage\":\"lt-LT\",\"potentialAction\":[{\"@type\":\"ReadAction\",\"target\":[\"https:\/\/www.transtoyou.com\/lt\/product\/estramon-comp\/\"]}]},{\"@type\":\"ImageObject\",\"inLanguage\":\"lt-LT\",\"@id\":\"https:\/\/www.transtoyou.com\/lt\/product\/estramon-comp\/#primaryimage\",\"url\":\"https:\/\/www.transtoyou.com\/lt\/wp-content\/uploads\/sites\/9\/2026\/02\/tty-no-product-image-9.webp\",\"contentUrl\":\"https:\/\/www.transtoyou.com\/lt\/wp-content\/uploads\/sites\/9\/2026\/02\/tty-no-product-image-9.webp\",\"width\":1000,\"height\":1000,\"caption\":\"Numatytasis produkto vaizdas\"},{\"@type\":\"WebSite\",\"@id\":\"https:\/\/www.transtoyou.com\/lt\/#website\",\"url\":\"https:\/\/www.transtoyou.com\/lt\/\",\"name\":\"Transtoyou - LT\",\"description\":\"\",\"publisher\":{\"@id\":\"https:\/\/www.transtoyou.com\/lt\/#organization\"},\"potentialAction\":[{\"@type\":\"SearchAction\",\"target\":{\"@type\":\"EntryPoint\",\"urlTemplate\":\"https:\/\/www.transtoyou.com\/lt\/?s={search_term_string}\"},\"query-input\":{\"@type\":\"PropertyValueSpecification\",\"valueRequired\":true,\"valueName\":\"search_term_string\"}}],\"inLanguage\":\"lt-LT\"},{\"@type\":\"Organization\",\"@id\":\"https:\/\/www.transtoyou.com\/lt\/#organization\",\"name\":\"Transtoyou - LT\",\"url\":\"https:\/\/www.transtoyou.com\/lt\/\",\"logo\":{\"@type\":\"ImageObject\",\"inLanguage\":\"lt-LT\",\"@id\":\"https:\/\/www.transtoyou.com\/lt\/#\/schema\/logo\/image\/\",\"url\":\"https:\/\/www.transtoyou.com\/lt\/wp-content\/uploads\/sites\/9\/2026\/01\/logo-tty-menu-bar-300x87-1.webp\",\"contentUrl\":\"https:\/\/www.transtoyou.com\/lt\/wp-content\/uploads\/sites\/9\/2026\/01\/logo-tty-menu-bar-300x87-1.webp\",\"width\":300,\"height\":87,\"caption\":\"Transtoyou - LT\"},\"image\":{\"@id\":\"https:\/\/www.transtoyou.com\/lt\/#\/schema\/logo\/image\/\"}}]}<\/script>\n<!-- \/ Yoast SEO plugin. -->","yoast_head_json":{"title":"Estramon Comp | HRT pleistras menopauzei - Transtoyou","description":"Estramon Comp HRT pleistrai menopauz\u0117s simptomams, receptas tik per Transtoyou gydytojus. Su\u017einokite, ar \u0161i priemon\u0117 jums tinka.","robots":{"index":"noindex","follow":"follow","max-snippet":"max-snippet:-1","max-image-preview":"max-image-preview:large","max-video-preview":"max-video-preview:-1"},"og_locale":"lt_LT","og_type":"article","og_title":"Estramon Comp | HRT pleistras menopauzei - Transtoyou","og_description":"Estramon Comp HRT pleistrai menopauz\u0117s simptomams, receptas tik per Transtoyou gydytojus. Su\u017einokite, ar \u0161i priemon\u0117 jums tinka.","og_url":"https:\/\/www.transtoyou.com\/lt\/product\/estramon-comp\/","og_site_name":"Transtoyou - LT","article_modified_time":"2026-03-03T07:59:24+00:00","twitter_card":"summary_large_image","twitter_misc":{"Est. reading time":"5 minut\u0117s"},"schema":{"@context":"https:\/\/schema.org","@graph":[{"@type":"WebPage","@id":"https:\/\/www.transtoyou.com\/lt\/product\/estramon-comp\/","url":"https:\/\/www.transtoyou.com\/lt\/product\/estramon-comp\/","name":"Estramon Comp | HRT pleistras menopauzei - Transtoyou","isPartOf":{"@id":"https:\/\/www.transtoyou.com\/lt\/#website"},"primaryImageOfPage":{"@id":"https:\/\/www.transtoyou.com\/lt\/product\/estramon-comp\/#primaryimage"},"image":{"@id":"https:\/\/www.transtoyou.com\/lt\/product\/estramon-comp\/#primaryimage"},"thumbnailUrl":"https:\/\/www.transtoyou.com\/lt\/wp-content\/uploads\/sites\/9\/2026\/02\/tty-no-product-image-9.webp","datePublished":"2026-02-24T11:33:35+00:00","dateModified":"2026-03-03T07:59:24+00:00","description":"Estramon Comp HRT pleistrai menopauz\u0117s simptomams, receptas tik per Transtoyou gydytojus. Su\u017einokite, ar \u0161i priemon\u0117 jums tinka.","breadcrumb":{"@id":"https:\/\/www.transtoyou.com\/lt\/product\/estramon-comp\/#breadcrumb"},"inLanguage":"lt-LT","potentialAction":[{"@type":"ReadAction","target":["https:\/\/www.transtoyou.com\/lt\/product\/estramon-comp\/"]}]},{"@type":"ImageObject","inLanguage":"lt-LT","@id":"https:\/\/www.transtoyou.com\/lt\/product\/estramon-comp\/#primaryimage","url":"https:\/\/www.transtoyou.com\/lt\/wp-content\/uploads\/sites\/9\/2026\/02\/tty-no-product-image-9.webp","contentUrl":"https:\/\/www.transtoyou.com\/lt\/wp-content\/uploads\/sites\/9\/2026\/02\/tty-no-product-image-9.webp","width":1000,"height":1000,"caption":"Numatytasis produkto vaizdas"},{"@type":"WebSite","@id":"https:\/\/www.transtoyou.com\/lt\/#website","url":"https:\/\/www.transtoyou.com\/lt\/","name":"Transtoyou - LT","description":"","publisher":{"@id":"https:\/\/www.transtoyou.com\/lt\/#organization"},"potentialAction":[{"@type":"SearchAction","target":{"@type":"EntryPoint","urlTemplate":"https:\/\/www.transtoyou.com\/lt\/?s={search_term_string}"},"query-input":{"@type":"PropertyValueSpecification","valueRequired":true,"valueName":"search_term_string"}}],"inLanguage":"lt-LT"},{"@type":"Organization","@id":"https:\/\/www.transtoyou.com\/lt\/#organization","name":"Transtoyou - LT","url":"https:\/\/www.transtoyou.com\/lt\/","logo":{"@type":"ImageObject","inLanguage":"lt-LT","@id":"https:\/\/www.transtoyou.com\/lt\/#\/schema\/logo\/image\/","url":"https:\/\/www.transtoyou.com\/lt\/wp-content\/uploads\/sites\/9\/2026\/01\/logo-tty-menu-bar-300x87-1.webp","contentUrl":"https:\/\/www.transtoyou.com\/lt\/wp-content\/uploads\/sites\/9\/2026\/01\/logo-tty-menu-bar-300x87-1.webp","width":300,"height":87,"caption":"Transtoyou - LT"},"image":{"@id":"https:\/\/www.transtoyou.com\/lt\/#\/schema\/logo\/image\/"}}]}},"_links":{"self":[{"href":"https:\/\/www.transtoyou.com\/lt\/wp-json\/wp\/v2\/product\/1651","targetHints":{"allow":["GET"]}}],"collection":[{"href":"https:\/\/www.transtoyou.com\/lt\/wp-json\/wp\/v2\/product"}],"about":[{"href":"https:\/\/www.transtoyou.com\/lt\/wp-json\/wp\/v2\/types\/product"}],"replies":[{"embeddable":true,"href":"https:\/\/www.transtoyou.com\/lt\/wp-json\/wp\/v2\/comments?post=1651"}],"wp:featuredmedia":[{"embeddable":true,"href":"https:\/\/www.transtoyou.com\/lt\/wp-json\/wp\/v2\/media\/1653"}],"wp:attachment":[{"href":"https:\/\/www.transtoyou.com\/lt\/wp-json\/wp\/v2\/media?parent=1651"}],"wp:term":[{"taxonomy":"product_brand","embeddable":true,"href":"https:\/\/www.transtoyou.com\/lt\/wp-json\/wp\/v2\/product_brand?post=1651"},{"taxonomy":"product_cat","embeddable":true,"href":"https:\/\/www.transtoyou.com\/lt\/wp-json\/wp\/v2\/product_cat?post=1651"},{"taxonomy":"product_tag","embeddable":true,"href":"https:\/\/www.transtoyou.com\/lt\/wp-json\/wp\/v2\/product_tag?post=1651"},{"taxonomy":"expert","embeddable":true,"href":"https:\/\/www.transtoyou.com\/lt\/wp-json\/wp\/v2\/expert?post=1651"}],"curies":[{"name":"wp","href":"https:\/\/api.w.org\/{rel}","templated":true}]}}