{"id":1711,"date":"2026-02-25T15:13:03","date_gmt":"2026-02-25T13:13:03","guid":{"rendered":"https:\/\/www.transtoyou.com\/lt\/product\/evorel-sequi\/"},"modified":"2026-02-25T15:39:05","modified_gmt":"2026-02-25T13:39:05","slug":"evorel-sequi","status":"publish","type":"product","link":"https:\/\/www.transtoyou.com\/lt\/product\/evorel-sequi\/","title":{"rendered":"Evorel Sequi"},"content":{"rendered":"<h2>Kas yra Evorel Sequi?<\/h2>\n<p>Evorel Sequi yra sekvencin\u0117 kombinacija <a href=\"\/lt\/treatment\/hormone-replacement-therapy\/\">hormon\u0173 pakaitin\u0117 terapija (HPT)<\/a>, kuri pateikiama odos pleistr\u0173 pavidalu. Jame yra du hormonai: estradiolis, estrogeno forma, ir norethisterono acetatas, progesterono tipas (dar vadinamas progestogenu).<\/p>\n<p>Evorel Sequi yra sukurtas palengvinti menopauz\u0117s sukeltus simptomus. Jis paprastai skiriamas, jei esate perimenopauz\u0117je (j\u016bs\u0173 m\u0117nesin\u0117s yra nereguliarios, bet dar nesustojusios) arba jei esate ankstyvose menopauz\u0117s stadijose ir vis dar turite gimd\u0105.<\/p>\n<p>Kadangi Evorel Sequi seka sekvencin\u012f gydymo cikl\u0105, pirmiausia naudojate tik estrogeno pleistrus, po to &#8211; kombinuotus estrogeno ir progesterono pleistrus. \u0160is modelis da\u017enai sukelia m\u0117nesin\u012f at\u0161alimo kraujavim\u0105, pana\u0161\u0173 \u012f lengvas m\u0117nesines.<\/p>\n<p>Evorel Sequi yra transdermin\u0117 HPT, tai rei\u0161kia, kad hormonai patenka per j\u016bs\u0173 od\u0105 tiesiai \u012f krauj\u0105. Tai u\u017etikrina stabil\u0173 hormon\u0173 lyg\u012f ir i\u0161vengia praeinimo per vir\u0161kinimo sistem\u0105.<\/p>\n<h2>Kam naudojamas Evorel Sequi?<\/h2>\n<p>Evorel Sequi naudojamas <a href=\"\/lt\/treatment\/menopause-pms-relief\/\">menopauz\u0117s simptomams gydyti<\/a>, kuriuos sukelia \u017eemas estrogeno lygis.<\/p>\n<p>Menopauz\u0117s metu j\u016bs\u0173 organizmas gamina ma\u017eiau estrogeno. \u0160is nat\u016bralus pokytis gali sukelti tokius simptomus kaip:<\/p>\n<ul>\n<li>Kar\u0161\u010dio bangos<\/li>\n<li>Naktinis prakaitavimas<\/li>\n<li>Miego sutrikimai<\/li>\n<li>Nuotaik\u0173 svyravimai<\/li>\n<li>Mak\u0161ties sausumas<\/li>\n<li>Sumenk\u0119s libido<\/li>\n<li>Nuovargis<\/li>\n<li>Smegen\u0173 migla<\/li>\n<\/ul>\n<p>Kar\u0161\u010dio bangos ir naktinis prakaitavimas yra vadinami vazomotoriniais simptomais, tai rei\u0161kia, kad j\u016bs\u0173 k\u016bno vidin\u0117s temperat\u016bros kontrol\u0117 yra sutrikdyta hormon\u0173 poky\u010di\u0173.<\/p>\n<p>Evorel Sequi taip pat gali pad\u0117ti i\u0161laikyti kaul\u0173 tank\u012f. Po menopauz\u0117s suma\u017e\u0117j\u0119s estrogeno lygis padidina osteoporoz\u0117s rizik\u0105, b\u016bkl\u0117s, kai kaulai tampa plonesni ir trap\u016bs. Hormon\u0173 pakaitin\u0117 terapija gali pad\u0117ti sul\u0117tinti kaul\u0173 netekim\u0105 moterims, kurioms padid\u0117jusi l\u016b\u017ei\u0173 rizika.<\/p>\n<p>Evorel Sequi ypa\u010d tinka, jei vis dar turite retkar\u010diais nat\u016bral\u0173 kraujavim\u0105 arba esate pirmus metus po paskutini\u0173 m\u0117nesini\u0173.<\/p>\n<h2>Kaip veikia Evorel Sequi?<\/h2>\n<p>Evorel Sequi veikia pakeisdamas hormonus, kurie suma\u017e\u0117ja menopauz\u0117s metu.<\/p>\n<h4>Estradiolis (Estrogenas)<\/h4>\n<p>Estradiolis cheminiu po\u017ei\u016briu yra pana\u0161us \u012f estrogen\u0105, kur\u012f j\u016bs\u0173 organizmas nat\u016braliai gamina. Jis padeda:<\/p>\n<ul>\n<li>Ma\u017einti kar\u0161\u010dio bangas ir naktin\u012f prakaitavim\u0105<\/li>\n<li>Pagerinti mak\u0161ties sausum\u0105<\/li>\n<li>Palengvinti nuotaik\u0105 ir mieg\u0105<\/li>\n<li>I\u0161laikyti kaul\u0173 stiprum\u0105<\/li>\n<\/ul>\n<p>Atstatydamas estrogeno lygius, Evorel Sequi padeda stabilizuoti sistemas j\u016bs\u0173 organizme, kurias paveik\u0117 menopauz\u0117.<\/p>\n<h4>Norethisteronas (Progestogenas)<\/h4>\n<p>Jei vis dar turite gimd\u0105, vien tik estrogenas gali sukelti per didel\u012f gimdos gleivin\u0117s (vadinamos endometriumu) sustor\u0117jim\u0105. Laikui b\u0117gant tai padidina endometriumo v\u0117\u017eio rizik\u0105.<\/p>\n<p>Norethisteronas saugo gimdos gleivin\u0119, u\u017ekirsdamas keli\u0105 per dideliam sustor\u0117jimui. Sekvencin\u0117je HPT, tokioje kaip Evorel Sequi, progesteronas pridedamas ciklo dalyje, kas gali sukelti prognozuojam\u0105 m\u0117nesin\u012f kraujavim\u0105.<\/p>\n<p>Kadangi Evorel Sequi tiekiamas per od\u0105, jis u\u017etikrina stabil\u0173 hormon\u0173 absorbcij\u0105 ir gali suma\u017einti tam tikras rizikas, palyginti su geriamaisiais hormon\u0173 tablet\u0117mis.<\/p>\n<h2>Kas netur\u0117t\u0173 naudoti Evorel Sequi?<\/h2>\n<p>J\u016bs netur\u0117tum\u0117te naudoti Evorel Sequi, jei:<\/p>\n<ul>\n<li>Turite arba tur\u0117jote kr\u016bties v\u0117\u017e\u012f<\/li>\n<li>Turite estrogenui jautr\u0173 v\u0117\u017e\u012f (pavyzd\u017eiui, gimdos gleivin\u0117s v\u0117\u017e\u012f)<\/li>\n<li>Turite nepaai\u0161kinam\u0105 mak\u0161ties kraujavim\u0105<\/li>\n<li>Turite negydom\u0105 endometriumo hiperplazij\u0105<\/li>\n<li>Turite arba tur\u0117jote kraujo kre\u0161ulius (gili\u0173j\u0173 ven\u0173 tromboz\u0117 arba plau\u010di\u0173 embolija)<\/li>\n<li>Turite \u017einom\u0105 kraujo kre\u0161\u0117jimo sutrikim\u0105<\/li>\n<li>Neseniai tur\u0117jote \u0161irdies sm\u016bg\u012f ar insult\u0105<\/li>\n<li>Turite sunki\u0105 kepen\u0173 lig\u0105<\/li>\n<li>Esate alergi\u0161kas estradioliui arba norethisteronui<\/li>\n<\/ul>\n<p>Visada informuokite savo gydytoj\u0105 apie vis\u0105 savo medicinin\u0119 istorij\u0105 prie\u0161 pradedant hormon\u0173 pakaitin\u0119 terapij\u0105.<\/p>\n<h3>N\u0117\u0161tumas ir \u017eindymas<\/h3>\n<p>Evorel Sequi n\u0117ra kontraceptikas.<\/p>\n<p>J\u016bs netur\u0117tum\u0117te naudoti Evorel Sequi, jei esate n\u0117\u0161\u010dia arba manote, kad galite b\u016bti n\u0117\u0161\u010dia. N\u0117\u0161tumas vis dar galimas perimenopauz\u0117s metu.<\/p>\n<p>Evorel Sequi netur\u0117t\u0173 b\u016bti naudojamas \u017eindymo metu.<\/p>\n<p>Jei \u012ftariate n\u0117\u0161tum\u0105 naudodami pleistr\u0105, nedelsdami j\u012f nuimkite ir kreipkit\u0117s \u012f gydytoj\u0105.<\/p>\n<h2>Kaip naudoti Evorel Sequi ir dozavimas<\/h2>\n<p>Visada naudokite Evorel Sequi tiksliai taip, kaip nurod\u0117 gydytojas.<\/p>\n<p>Evorel Sequi sudaro du tipai pleistr\u0173, kurie naudojami nuosekliai:<\/p>\n<ul>\n<li>Estrogeno pleistrai (pirmoji ciklo dalis)<\/li>\n<li>Kombinuoti estrogeno ir progesterono pleistrai (antroji ciklo dalis)<\/li>\n<\/ul>\n<p>Paprastai pleistr\u0105 kei\u010diate du kartus per savait\u0119, laikydamiesi gydytojo pateikto grafiko.<\/p>\n<p>Kaip tepti:<\/p>\n<ul>\n<li>Tepti ant \u0161varios, sausos, nesu\u017eeistos odos<\/li>\n<li>U\u017eklijuoti ant apatin\u0117s pilvo dalies arba s\u0117dmen\u0173<\/li>\n<li>Netepti ant kr\u016bt\u0173<\/li>\n<li>Stipriai paspausti ma\u017eiausiai 10 sekund\u017ei\u0173<\/li>\n<li>Keisti taikymo vietas, kad b\u016bt\u0173 i\u0161vengta dirginimo<\/li>\n<\/ul>\n<p>Progesterono faz\u0117s metu galite patirti prognozuojam\u0105 m\u0117nesin\u012f kraujavim\u0105. Tai yra tik\u0117tina naudojant sekvencin\u0119 HPT.<\/p>\n<p>J\u016bs\u0173 gydytojas paskirs ma\u017eiausi\u0105 veiksming\u0105 doz\u0119 ir reguliariai per\u017ei\u016br\u0117s j\u016bs\u0173 gydym\u0105.<\/p>\n<h2>Galimi \u0161alutiniai poveikiai<\/h2>\n<p>Kaip ir visi vaistai, Evorel Sequi gali sukelti \u0161alutin\u012f poveik\u012f, nors ne visi j\u0173 patiria.<\/p>\n<p>Da\u017eniausi \u0161alutiniai poveikiai yra:<\/p>\n<ul>\n<li>Kr\u016bt\u0173 jautrumas<\/li>\n<li>Galvos skausmas<\/li>\n<li>Pykinimas<\/li>\n<li>Nuotaikos poky\u010diai<\/li>\n<li>Odos dirginimas taikymo vietoje<\/li>\n<li>Numatomas m\u0117nesinis kraujavimas<\/li>\n<li>Kraujavimas tarp cikl\u0173<\/li>\n<\/ul>\n<p>Ma\u017eiau da\u017eni, bet rimti HPT susij\u0119 rizikos veiksniai apima:<\/p>\n<ul>\n<li>Kraujo kre\u0161uliai<\/li>\n<li>Insultas<\/li>\n<li>Kr\u016bties v\u0117\u017eys<\/li>\n<li>Kiau\u0161id\u017ei\u0173 v\u0117\u017eys<\/li>\n<li>\u0160irdies liga<\/li>\n<\/ul>\n<p>J\u016bs\u0173 asmenin\u0117 rizika priklauso nuo j\u016bs\u0173 am\u017eiaus, medicinin\u0117s istorijos, \u0161eimos istorijos ir to, kiek ilgai naudojate hormon\u0173 pakaitin\u0119 terapij\u0105.<\/p>\n<p>Reguliar\u016bs sekimo vizitai yra svarb\u016bs.<\/p>\n<h2>Svarbi saugos informacija<\/h2>\n<p>Prie\u0161 pradedant Evorel Sequi, tur\u0117tum\u0117te pasikonsultuoti su gydytoju.<\/p>\n<p>Pasakykite savo gydytojui, jei kada nors tur\u0117jote:<\/p>\n<ul>\n<li><a href=\"\/lt\/treatment\/high-blood-pressure\">Auk\u0161t\u0105 kraujosp\u016bd\u012f<\/a><\/li>\n<li><a href=\"\/lt\/treatment\/diabetes\">Diabet\u0105<\/a><\/li>\n<li><a href=\"\/lt\/treatment\/headache-and-migraines\/\">Migren\u0105<\/a><\/li>\n<li>Gimdos akmenis<\/li>\n<li>Kepen\u0173 problemas<\/li>\n<li>Fibroidus<\/li>\n<li><a href=\"\/lt\/treatment\/endometriosis\/\">Endometrioz\u0119<\/a><\/li>\n<li>Auk\u0161tus trigliceridus<\/li>\n<li>\u0160eimos istorij\u0105 apie kr\u016bties v\u0117\u017e\u012f<\/li>\n<\/ul>\n<p>Naudodami Evorel Sequi:<\/p>\n<ul>\n<li>Reguliariai lankykit\u0117s pas gydytoj\u0105<\/li>\n<li>T\u0119skite \u012fprastin\u012f kr\u016bt\u0173 tyrim\u0105<\/li>\n<li>Atlikite kr\u016bt\u0173 savikontrol\u0119<\/li>\n<li>Prane\u0161kite apie ne\u012fprast\u0105 mak\u0161ties kraujavim\u0105<\/li>\n<\/ul>\n<p>Hormon\u0173 pakaitin\u0117 terapija tur\u0117t\u0173 b\u016bti per\u017ei\u016brima bent kart\u0105 per metus, kad b\u016bt\u0173 \u012fvertinti privalumai ir rizikos.<\/p>\n<h2>Kada kreiptis medicinin\u0117s pagalbos<\/h2>\n<p>Nustokite naudoti Evorel Sequi ir nedelsdami kreipkit\u0117s \u012f gydytoj\u0105, jei patiriate:<\/p>\n<ul>\n<li>Skausming\u0105 patinim\u0105 vienoje kojoje<\/li>\n<li>Staig\u0173 kr\u016btin\u0117s skausm\u0105<\/li>\n<li>Kv\u0117pavimo sunkum\u0173<\/li>\n<li>Stipr\u0173 staig\u0173 galvos skausm\u0105<\/li>\n<li>Regos ar kalbos problemas<\/li>\n<li>Silpnum\u0105 vienoje k\u016bno pus\u0117je<\/li>\n<li>Odos ar aki\u0173 pageltim\u0105<\/li>\n<li>Sunkaus alergin\u0117s reakcijos po\u017eymius<\/li>\n<\/ul>\n<p>Nedelsdami kreipkit\u0117s \u012f gydytoj\u0105, jei pasteb\u0117jote:<\/p>\n<ul>\n<li>Nenumatyt\u0105 gaus\u0173 kraujavim\u0105<\/li>\n<li>Nauj\u0105 kr\u016bties gumul\u0105<\/li>\n<li>Nuolatin\u012f pilvo skausm\u0105<\/li>\n<li>Staigius reik\u0161mingus sveikatos poky\u010dius<\/li>\n<\/ul>\n<p>Jei nesate tikri, ar j\u016bs\u0173 simptomai susij\u0119 su hormon\u0173 pakaitine terapija, galite lengvai u\u017esisakyti saugi\u0105 vaizdo konsultacij\u0105 su vienu i\u0161 m\u016bs\u0173 licencijuot\u0173 gydytoj\u0173 per Transtoyou. Jie \u012fvertins j\u016bs\u0173 simptomus ir patars saugiausius tolesnius veiksmus. Jei patiriate sunkius ar staigius simptomus, nedelsdami kreipkit\u0117s \u012f gydytoj\u0105.<\/p>\n","protected":false},"excerpt":{"rendered":"<ul>\n<li>Evorel Sequi: Sekvencin\u0117s kombinuotos HRT pleistrai, skirti palengvinti menopauz\u0117s simptomus ir apsaugoti tavo gimd\u0105.<\/li>\n<li>Veiklioji med\u017eiaga: Estradiolis (estrogenas) ir Norethisterono acetatas (progestogenas)<\/li>\n<li>Naudojama: Hormon\u0173 pakaitin\u0117 terapija (HRT)<\/li>\n<\/ul>\n","protected":false},"featured_media":1713,"comment_status":"open","ping_status":"closed","template":"","meta":[],"product_brand":[],"product_cat":[139,145],"product_tag":[],"expert":[16],"class_list":{"0":"post-1711","1":"product","2":"type-product","3":"status-publish","4":"has-post-thumbnail","6":"product_cat-hormonu-terapija-hrt","7":"product_cat-menopauzes-ir-pms-palengvinimas","8":"expert-dr-c-alexandru","10":"first","11":"instock","12":"shipping-taxable","13":"product-type-variable"},"yoast_head":"<!-- This site is optimized with the Yoast SEO plugin v27.0 - https:\/\/yoast.com\/product\/yoast-seo-wordpress\/ -->\n<title>Evorel Sequi | HRT pleistrai menopauzei - Transtoyou<\/title>\n<meta name=\"description\" content=\"Evorel Sequi HRT pleistrai prieinami Transtoyou, padedantys palengvinti menopauz\u0117s simptomus su estrogeno ir progestageno palaikymu.\" \/>\n<meta name=\"robots\" content=\"noindex, follow, max-snippet:-1, max-image-preview:large, max-video-preview:-1\" \/>\n<meta property=\"og:locale\" content=\"lt_LT\" \/>\n<meta property=\"og:type\" content=\"article\" \/>\n<meta property=\"og:title\" content=\"Evorel Sequi | HRT pleistrai menopauzei - Transtoyou\" \/>\n<meta property=\"og:description\" content=\"Evorel Sequi HRT pleistrai prieinami Transtoyou, padedantys palengvinti menopauz\u0117s simptomus su estrogeno ir progestageno palaikymu.\" \/>\n<meta property=\"og:url\" content=\"https:\/\/www.transtoyou.com\/lt\/product\/evorel-sequi\/\" \/>\n<meta property=\"og:site_name\" content=\"Transtoyou - LT\" \/>\n<meta property=\"article:modified_time\" content=\"2026-02-25T13:39:05+00:00\" \/>\n<meta name=\"twitter:card\" content=\"summary_large_image\" \/>\n<meta name=\"twitter:label1\" content=\"Est. reading time\" \/>\n\t<meta name=\"twitter:data1\" content=\"5 minut\u0117s\" \/>\n<script type=\"application\/ld+json\" class=\"yoast-schema-graph\">{\"@context\":\"https:\/\/schema.org\",\"@graph\":[{\"@type\":\"WebPage\",\"@id\":\"https:\/\/www.transtoyou.com\/lt\/product\/evorel-sequi\/\",\"url\":\"https:\/\/www.transtoyou.com\/lt\/product\/evorel-sequi\/\",\"name\":\"Evorel Sequi | HRT pleistrai menopauzei - Transtoyou\",\"isPartOf\":{\"@id\":\"https:\/\/www.transtoyou.com\/lt\/#website\"},\"primaryImageOfPage\":{\"@id\":\"https:\/\/www.transtoyou.com\/lt\/product\/evorel-sequi\/#primaryimage\"},\"image\":{\"@id\":\"https:\/\/www.transtoyou.com\/lt\/product\/evorel-sequi\/#primaryimage\"},\"thumbnailUrl\":\"https:\/\/www.transtoyou.com\/lt\/wp-content\/uploads\/sites\/9\/2026\/02\/tty-no-product-image-11.webp\",\"datePublished\":\"2026-02-25T13:13:03+00:00\",\"dateModified\":\"2026-02-25T13:39:05+00:00\",\"description\":\"Evorel Sequi HRT pleistrai prieinami Transtoyou, padedantys palengvinti menopauz\u0117s simptomus su estrogeno ir progestageno palaikymu.\",\"breadcrumb\":{\"@id\":\"https:\/\/www.transtoyou.com\/lt\/product\/evorel-sequi\/#breadcrumb\"},\"inLanguage\":\"lt-LT\",\"potentialAction\":[{\"@type\":\"ReadAction\",\"target\":[\"https:\/\/www.transtoyou.com\/lt\/product\/evorel-sequi\/\"]}]},{\"@type\":\"ImageObject\",\"inLanguage\":\"lt-LT\",\"@id\":\"https:\/\/www.transtoyou.com\/lt\/product\/evorel-sequi\/#primaryimage\",\"url\":\"https:\/\/www.transtoyou.com\/lt\/wp-content\/uploads\/sites\/9\/2026\/02\/tty-no-product-image-11.webp\",\"contentUrl\":\"https:\/\/www.transtoyou.com\/lt\/wp-content\/uploads\/sites\/9\/2026\/02\/tty-no-product-image-11.webp\",\"width\":1000,\"height\":1000,\"caption\":\"Numatytasis produkto vaizdas\"},{\"@type\":\"WebSite\",\"@id\":\"https:\/\/www.transtoyou.com\/lt\/#website\",\"url\":\"https:\/\/www.transtoyou.com\/lt\/\",\"name\":\"Transtoyou - LT\",\"description\":\"\",\"publisher\":{\"@id\":\"https:\/\/www.transtoyou.com\/lt\/#organization\"},\"potentialAction\":[{\"@type\":\"SearchAction\",\"target\":{\"@type\":\"EntryPoint\",\"urlTemplate\":\"https:\/\/www.transtoyou.com\/lt\/?s={search_term_string}\"},\"query-input\":{\"@type\":\"PropertyValueSpecification\",\"valueRequired\":true,\"valueName\":\"search_term_string\"}}],\"inLanguage\":\"lt-LT\"},{\"@type\":\"Organization\",\"@id\":\"https:\/\/www.transtoyou.com\/lt\/#organization\",\"name\":\"Transtoyou - LT\",\"url\":\"https:\/\/www.transtoyou.com\/lt\/\",\"logo\":{\"@type\":\"ImageObject\",\"inLanguage\":\"lt-LT\",\"@id\":\"https:\/\/www.transtoyou.com\/lt\/#\/schema\/logo\/image\/\",\"url\":\"https:\/\/www.transtoyou.com\/lt\/wp-content\/uploads\/sites\/9\/2026\/01\/logo-tty-menu-bar-300x87-1.webp\",\"contentUrl\":\"https:\/\/www.transtoyou.com\/lt\/wp-content\/uploads\/sites\/9\/2026\/01\/logo-tty-menu-bar-300x87-1.webp\",\"width\":300,\"height\":87,\"caption\":\"Transtoyou - LT\"},\"image\":{\"@id\":\"https:\/\/www.transtoyou.com\/lt\/#\/schema\/logo\/image\/\"}}]}<\/script>\n<!-- \/ Yoast SEO plugin. -->","yoast_head_json":{"title":"Evorel Sequi | HRT pleistrai menopauzei - Transtoyou","description":"Evorel Sequi HRT pleistrai prieinami Transtoyou, padedantys palengvinti menopauz\u0117s simptomus su estrogeno ir progestageno palaikymu.","robots":{"index":"noindex","follow":"follow","max-snippet":"max-snippet:-1","max-image-preview":"max-image-preview:large","max-video-preview":"max-video-preview:-1"},"og_locale":"lt_LT","og_type":"article","og_title":"Evorel Sequi | HRT pleistrai menopauzei - Transtoyou","og_description":"Evorel Sequi HRT pleistrai prieinami Transtoyou, padedantys palengvinti menopauz\u0117s simptomus su estrogeno ir progestageno palaikymu.","og_url":"https:\/\/www.transtoyou.com\/lt\/product\/evorel-sequi\/","og_site_name":"Transtoyou - LT","article_modified_time":"2026-02-25T13:39:05+00:00","twitter_card":"summary_large_image","twitter_misc":{"Est. reading time":"5 minut\u0117s"},"schema":{"@context":"https:\/\/schema.org","@graph":[{"@type":"WebPage","@id":"https:\/\/www.transtoyou.com\/lt\/product\/evorel-sequi\/","url":"https:\/\/www.transtoyou.com\/lt\/product\/evorel-sequi\/","name":"Evorel Sequi | HRT pleistrai menopauzei - Transtoyou","isPartOf":{"@id":"https:\/\/www.transtoyou.com\/lt\/#website"},"primaryImageOfPage":{"@id":"https:\/\/www.transtoyou.com\/lt\/product\/evorel-sequi\/#primaryimage"},"image":{"@id":"https:\/\/www.transtoyou.com\/lt\/product\/evorel-sequi\/#primaryimage"},"thumbnailUrl":"https:\/\/www.transtoyou.com\/lt\/wp-content\/uploads\/sites\/9\/2026\/02\/tty-no-product-image-11.webp","datePublished":"2026-02-25T13:13:03+00:00","dateModified":"2026-02-25T13:39:05+00:00","description":"Evorel Sequi HRT pleistrai prieinami Transtoyou, padedantys palengvinti menopauz\u0117s simptomus su estrogeno ir progestageno palaikymu.","breadcrumb":{"@id":"https:\/\/www.transtoyou.com\/lt\/product\/evorel-sequi\/#breadcrumb"},"inLanguage":"lt-LT","potentialAction":[{"@type":"ReadAction","target":["https:\/\/www.transtoyou.com\/lt\/product\/evorel-sequi\/"]}]},{"@type":"ImageObject","inLanguage":"lt-LT","@id":"https:\/\/www.transtoyou.com\/lt\/product\/evorel-sequi\/#primaryimage","url":"https:\/\/www.transtoyou.com\/lt\/wp-content\/uploads\/sites\/9\/2026\/02\/tty-no-product-image-11.webp","contentUrl":"https:\/\/www.transtoyou.com\/lt\/wp-content\/uploads\/sites\/9\/2026\/02\/tty-no-product-image-11.webp","width":1000,"height":1000,"caption":"Numatytasis produkto vaizdas"},{"@type":"WebSite","@id":"https:\/\/www.transtoyou.com\/lt\/#website","url":"https:\/\/www.transtoyou.com\/lt\/","name":"Transtoyou - LT","description":"","publisher":{"@id":"https:\/\/www.transtoyou.com\/lt\/#organization"},"potentialAction":[{"@type":"SearchAction","target":{"@type":"EntryPoint","urlTemplate":"https:\/\/www.transtoyou.com\/lt\/?s={search_term_string}"},"query-input":{"@type":"PropertyValueSpecification","valueRequired":true,"valueName":"search_term_string"}}],"inLanguage":"lt-LT"},{"@type":"Organization","@id":"https:\/\/www.transtoyou.com\/lt\/#organization","name":"Transtoyou - LT","url":"https:\/\/www.transtoyou.com\/lt\/","logo":{"@type":"ImageObject","inLanguage":"lt-LT","@id":"https:\/\/www.transtoyou.com\/lt\/#\/schema\/logo\/image\/","url":"https:\/\/www.transtoyou.com\/lt\/wp-content\/uploads\/sites\/9\/2026\/01\/logo-tty-menu-bar-300x87-1.webp","contentUrl":"https:\/\/www.transtoyou.com\/lt\/wp-content\/uploads\/sites\/9\/2026\/01\/logo-tty-menu-bar-300x87-1.webp","width":300,"height":87,"caption":"Transtoyou - LT"},"image":{"@id":"https:\/\/www.transtoyou.com\/lt\/#\/schema\/logo\/image\/"}}]}},"_links":{"self":[{"href":"https:\/\/www.transtoyou.com\/lt\/wp-json\/wp\/v2\/product\/1711","targetHints":{"allow":["GET"]}}],"collection":[{"href":"https:\/\/www.transtoyou.com\/lt\/wp-json\/wp\/v2\/product"}],"about":[{"href":"https:\/\/www.transtoyou.com\/lt\/wp-json\/wp\/v2\/types\/product"}],"replies":[{"embeddable":true,"href":"https:\/\/www.transtoyou.com\/lt\/wp-json\/wp\/v2\/comments?post=1711"}],"wp:featuredmedia":[{"embeddable":true,"href":"https:\/\/www.transtoyou.com\/lt\/wp-json\/wp\/v2\/media\/1713"}],"wp:attachment":[{"href":"https:\/\/www.transtoyou.com\/lt\/wp-json\/wp\/v2\/media?parent=1711"}],"wp:term":[{"taxonomy":"product_brand","embeddable":true,"href":"https:\/\/www.transtoyou.com\/lt\/wp-json\/wp\/v2\/product_brand?post=1711"},{"taxonomy":"product_cat","embeddable":true,"href":"https:\/\/www.transtoyou.com\/lt\/wp-json\/wp\/v2\/product_cat?post=1711"},{"taxonomy":"product_tag","embeddable":true,"href":"https:\/\/www.transtoyou.com\/lt\/wp-json\/wp\/v2\/product_tag?post=1711"},{"taxonomy":"expert","embeddable":true,"href":"https:\/\/www.transtoyou.com\/lt\/wp-json\/wp\/v2\/expert?post=1711"}],"curies":[{"name":"wp","href":"https:\/\/api.w.org\/{rel}","templated":true}]}}