{"id":1715,"date":"2026-02-25T16:35:02","date_gmt":"2026-02-25T14:35:02","guid":{"rendered":"https:\/\/www.transtoyou.com\/lt\/product\/femoston-conti\/"},"modified":"2026-02-25T16:46:01","modified_gmt":"2026-02-25T14:46:01","slug":"femoston-conti","status":"publish","type":"product","link":"https:\/\/www.transtoyou.com\/lt\/product\/femoston-conti\/","title":{"rendered":"Femoston Conti"},"content":{"rendered":"<h2>Kas yra Femoston Conti?<\/h2>\n<p>Femoston Conti yra nuolatin\u0117 kombinuota <a href=\"\/lt\/treatment\/hormone-replacement-therapy\">hormon\u0173 pakaitin\u0117 terapija (HPT)<\/a>, skirta <a href=\"\/lt\/treatment\/menopause-pms-relief\/\">menopauz\u0117s simptomams gydyti<\/a>. Jame yra du hormonai: estradiolis, estrogeno forma, ir dydrogesteronas, progesterono tipas (dar vadinamas progestogenu).<\/p>\n<p>Po menopauz\u0117s j\u016bs\u0173 kiau\u0161id\u0117s nustoja gaminti reik\u0161mingus estrogeno kiekius. \u0160is hormoninis pokytis gali sukelti simptomus, tokius kaip kar\u0161\u010dio bangos, naktinis prakaitavimas, miego problemos ir mak\u0161ties sausumas. Femoston Conti pakei\u010dia \u0161iuos hormonus stabilia kasdienine doze.<\/p>\n<p>Kadangi Femoston Conti kiekvienoje tablet\u0117je yra tiek estrogeno, tiek progesterono, jis vadinamas nuolatine kombinuota HPT. \u201eNuolatinis\u201c rei\u0161kia, kad j\u012f vartojate kiekvien\u0105 dien\u0105 be pertraukos. Skirtingai nuo sekan\u010dios HPT, Femoston Conti yra sukurtas taip, kad paprastai netur\u0117tum\u0117te m\u0117nesini\u0173 kraujavimo.<\/p>\n<p>Femoston Conti paprastai skiriamas, jei:<\/p>\n<ul>\n<li>Esate po menopauz\u0117s (be m\u0117nesini\u0173 ma\u017eiausiai 12 m\u0117nesi\u0173)<\/li>\n<li>Vis dar turite gimd\u0105<\/li>\n<\/ul>\n<p>Jis tiekiamas kaip geriamoji tablet\u0117, kuri\u0105 vartojate kart\u0105 per dien\u0105.<\/p>\n<h2>Kam naudojamas Femoston Conti?<\/h2>\n<p>Femoston Conti naudojamas menopauz\u0117s simptomams, sukeliamiems d\u0117l \u017eemo estrogeno lygio, palengvinti.<\/p>\n<p>Menopauz\u0117s metu estrogeno suma\u017e\u0117jimas gali sukelti:<\/p>\n<ul>\n<li>Kar\u0161\u010dio bangas<\/li>\n<li>Naktin\u012f prakaitavim\u0105<\/li>\n<li>Miego sutrikimus<\/li>\n<li>Nuotaikos poky\u010dius<\/li>\n<li>Mak\u0161ties sausum\u0105<\/li>\n<li>Ma\u017eesn\u012f libido<\/li>\n<li>Nuovarg\u012f<\/li>\n<li>Diskomfort\u0105 s\u0105nariuose<\/li>\n<\/ul>\n<p>Kar\u0161\u010dio bangos ir naktinis prakaitavimas yra vadinami vazomotoriniais simptomais. Tai rei\u0161kia, kad j\u016bs\u0173 k\u016bno vidin\u0117 temperat\u016bros reguliacija yra sutrikdyta hormonini\u0173 poky\u010di\u0173.<\/p>\n<p>Femoston Conti taip pat gali pad\u0117ti u\u017ekirsti keli\u0105 po menopauz\u0117s osteoporozei, b\u016bklei, kai kaulai tampa plonesni ir trap\u016bs d\u0117l estrogeno praradimo. Tai gali suma\u017einti l\u016b\u017ei\u0173 rizik\u0105 moterims, kurioms yra padid\u0117jusi rizika ir kurios negali naudoti kit\u0173 kaul\u0173 gydymo b\u016bd\u0173.<\/p>\n<p>Femoston Conti ypa\u010d tinka, jei esate visi\u0161kai po menopauz\u0117s ir nenorite tur\u0117ti m\u0117nesini\u0173 kraujavimo.<\/p>\n<h2>Kaip veikia Femoston Conti?<\/h2>\n<p>Femoston Conti veikia pakeisdamas du pagrindinius hormonus, kurie suma\u017e\u0117ja po menopauz\u0117s.<\/p>\n<h4>Estradiolis (Estrogenas)<\/h4>\n<p>Estradiolis cheminiu po\u017ei\u016briu yra pana\u0161us \u012f estrogen\u0105, kur\u012f j\u016bs\u0173 k\u016bnas nat\u016braliai gamino prie\u0161 menopauz\u0119. Jis padeda:<\/p>\n<ul>\n<li>Suma\u017einti kar\u0161\u010dio bangas ir naktin\u012f prakaitavim\u0105<\/li>\n<li>Pagerinti mak\u0161ties sausum\u0105<\/li>\n<li>Palaikyti nuotaik\u0105 ir mieg\u0105<\/li>\n<li>I\u0161laikyti kaul\u0173 tank\u012f<\/li>\n<li>Palaikyti bendr\u0105 hormonin\u012f balans\u0105<\/li>\n<\/ul>\n<h3>Dydrogesteronas (Progestogenas)<\/h3>\n<p>Jei vis dar turite gimd\u0105, estrogeno vartojimas vien tik gali sukelti pernelyg stor\u0105 gimdos gleivin\u0119 (vadinam\u0105 endometriumu). Laikui b\u0117gant tai padidina endometrinio v\u0117\u017eio rizik\u0105.<\/p>\n<p>Dydrogesteronas apsaugo j\u016bs\u0173 gimdos gleivin\u0119, u\u017ekirsdamas keli\u0105 pernelyg stor\u0117jimui. Kadangi jis yra kiekvienoje tablet\u0117je, gydymas yra nuolatinis ir paprastai u\u017ekerta keli\u0105 m\u0117nesiniam kraujavimui.<\/p>\n<p>Kombinuodamas abu hormonus vienoje kasdien\u0117je tablet\u0117je, Femoston Conti suteikia subalansuot\u0105 hormon\u0173 pakaitin\u0119 terapij\u0105 po menopauz\u0117s moterims.<\/p>\n<h2>Kada Femoston Conti naudoti negalima?<\/h2>\n<p>Femoston Conti netur\u0117tum\u0117te vartoti, jei:<\/p>\n<ul>\n<li>Turite arba tur\u0117jote kr\u016bties v\u0117\u017e\u012f<\/li>\n<li>Turite estrogenui jautr\u0173 v\u0117\u017e\u012f<\/li>\n<li>Turite nepagr\u012fst\u0105 mak\u0161ties kraujavim\u0105<\/li>\n<li>Turite negydyt\u0105 endometriumo hiperplazij\u0105<\/li>\n<li>Turite arba tur\u0117jote kraujo kre\u0161uli\u0173<\/li>\n<li>Turite \u017einom\u0105 kre\u0161\u0117jimo sutrikim\u0105<\/li>\n<li>Neseniai tur\u0117jote \u0161irdies sm\u016bg\u012f arba insult\u0105<\/li>\n<li>Turite sunki\u0105 kepen\u0173 lig\u0105<\/li>\n<li>Esate alergi\u0161ka estradioliui arba dydrogesteronui<\/li>\n<\/ul>\n<p>Visada informuokite savo gydytoj\u0105 apie savo medicinin\u0119 istorij\u0105 prie\u0161 pradedant hormon\u0173 pakaitin\u0119 terapij\u0105.<\/p>\n<h3>N\u0117\u0161tumas ir \u017eindymas<\/h3>\n<p>Femoston Conti skirtas tik po menopauz\u0117s moterims.<\/p>\n<p>Negalite vartoti Femoston Conti, jei esate n\u0117\u0161\u010dia arba manote, kad galite b\u016bti n\u0117\u0161\u010dia.<\/p>\n<p>Femoston Conti netur\u0117t\u0173 b\u016bti vartojamas \u017eindymo metu.<\/p>\n<p>Jei n\u0117\u0161tumas \u012fvyksta gydymo metu, nustokite vartoti tabletes ir nedelsdami kreipkit\u0117s \u012f gydytoj\u0105.<\/p>\n<h2>Kaip vartoti Femoston Conti ir dozavimas<\/h2>\n<p>Visada vartokite Femoston Conti tiksliai taip, kaip nurodyta.<\/p>\n<ul>\n<li>Vartokite po vien\u0105 tablet\u0119 kasdien<\/li>\n<li>Vartokite j\u0105 tuo pa\u010diu metu kiekvien\u0105 dien\u0105<\/li>\n<li>Nurykite tablet\u0119 su vandeniu<\/li>\n<li>Nepra\u017eiopsokite dozi\u0173<\/li>\n<\/ul>\n<p>Kadangi tai yra nuolatin\u0117 kombinuota HPT, tabletes vartojate kiekvien\u0105 dien\u0105 be pertraukos tarp pakuo\u010di\u0173.<\/p>\n<p>Jei pamir\u0161ote doz\u0119 ir pra\u0117jo ma\u017eiau nei 12 valand\u0173, vartokite j\u0105, kai tik prisiminsite. Jei pra\u0117jo daugiau nei 12 valand\u0173, praleiskite praleist\u0105 doz\u0119 ir t\u0119skite kaip \u012fprasta.<\/p>\n<p>J\u016bs\u0173 gydytojas paskirs ma\u017eiausi\u0105 veiksming\u0105 doz\u0119 simptomams kontroliuoti ir reguliariai per\u017ei\u016br\u0117s j\u016bs\u0173 gydym\u0105.<\/p>\n<h2>Galimi \u0161alutiniai poveikiai<\/h2>\n<p>Kaip ir visi vaistai, Femoston Conti gali sukelti \u0161alutin\u012f poveik\u012f, nors ne visi j\u0173 patiria.<\/p>\n<p>Da\u017eniausi \u0161alutiniai poveikiai apima:<\/p>\n<ul>\n<li>Kr\u016bt\u0173 jautrum\u0105<\/li>\n<li>Galvos skausm\u0105<\/li>\n<li>Pykinim\u0105<\/li>\n<li>Pilvo skausm\u0105<\/li>\n<li>Nuotaikos poky\u010dius<\/li>\n<li>Lengv\u0105 skys\u010di\u0173 susilaikym\u0105<\/li>\n<li>Nereguliar\u0173 kraujavim\u0105, ypa\u010d pirmus m\u0117nesius<\/li>\n<\/ul>\n<p>Sunkesni, bet retesni hormon\u0173 pakaitin\u0117s terapijos rizikos veiksniai apima:<\/p>\n<ul>\n<li>Kraujo kre\u0161ulius<\/li>\n<li>Insult\u0105<\/li>\n<li>Kr\u016bties v\u0117\u017e\u012f<\/li>\n<li>Kiau\u0161id\u017ei\u0173 v\u0117\u017e\u012f<\/li>\n<li>\u0160irdies ligas<\/li>\n<\/ul>\n<p>J\u016bs\u0173 individuali rizika priklauso nuo j\u016bs\u0173 am\u017eiaus, laiko po menopauz\u0117s, asmenin\u0117s medicinin\u0117s istorijos ir \u0161eimos istorijos.<\/p>\n<p>Sveikoms moterims, jaunesn\u0117ms nei 60 met\u0173 arba per 10 met\u0173 po menopauz\u0117s, bendra rizika paprastai laikoma ma\u017ea, kai ji tinkamai stebima.<\/p>\n<h2>Svarbi saugos informacija<\/h2>\n<p>Prie\u0161 pradedant Femoston Conti, tur\u0117tum\u0117te atlikti i\u0161sami\u0105 medicinin\u0119 konsultacij\u0105.<\/p>\n<p>Informuokite savo gydytoj\u0105, jei kada nors tur\u0117jote:<\/p>\n<ul>\n<li><a href=\"\/lt\/treatment\/high-blood-pressure\">Auk\u0161t\u0105 kraujosp\u016bd\u012f<\/a><\/li>\n<li><a href=\"\/lt\/treatment\/diabetes\">Diabet\u0105<\/a><\/li>\n<li><a href=\"\/lt\/treatment\/headache-and-migraines\/\">Migren\u0105<\/a><\/li>\n<li>\u017darnyno akmenis<\/li>\n<li>Kepen\u0173 lig\u0105<\/li>\n<li>Fibroidus<\/li>\n<li><a href=\"\/lt\/treatment\/endometriosis\">Endometrioz\u0119<\/a><\/li>\n<li>Auk\u0161tus trigliceridus<\/li>\n<li>\u0160eimos istorij\u0105 apie kr\u016bties v\u0117\u017e\u012f<\/li>\n<\/ul>\n<p>Naudojant Femoston Conti:<\/p>\n<ul>\n<li>Reguliariai lankykit\u0117s pas gydytoj\u0105<\/li>\n<li>T\u0119skite \u012fprast\u0105 kr\u016bt\u0173 tyrim\u0105<\/li>\n<li>Atlikite reguliarius kr\u016bt\u0173 savityros tyrimus<\/li>\n<li>Prane\u0161kite apie ne\u012fprast\u0105 mak\u0161ties kraujavim\u0105<\/li>\n<\/ul>\n<p>Hormon\u0173 pakaitin\u0117 terapija tur\u0117t\u0173 b\u016bti per\u017ei\u016brima bent kart\u0105 per metus.<\/p>\n<h2>Kada kreiptis \u012f gydytoj\u0105<\/h2>\n<p>Nustokite vartoti Femoston Conti ir nedelsdami kreipkit\u0117s \u012f gydytoj\u0105, jei patiriate:<\/p>\n<ul>\n<li>Skausming\u0105 patinim\u0105 vienoje kojoje<\/li>\n<li>Staig\u0173 kr\u016btin\u0117s skausm\u0105<\/li>\n<li>Kv\u0117pavimo sunkum\u0173<\/li>\n<li>Stipr\u0173 staig\u0173 galvos skausm\u0105<\/li>\n<li>Reg\u0117jimo ar kalbos problemas<\/li>\n<li>Silpnum\u0105 vienoje k\u016bno pus\u0117je<\/li>\n<li>Od\u0105 arba aki\u0173 pageltim\u0105<\/li>\n<li>Sunkios alergin\u0117s reakcijos po\u017eymius<\/li>\n<\/ul>\n<p>Jei nesate tikri, ar j\u016bs\u0173 simptomai susij\u0119 su hormon\u0173 pakaitine terapija, galite u\u017esisakyti saugi\u0105 vaizdo konsultacij\u0105 su vienu i\u0161 m\u016bs\u0173 licencijuot\u0173 gydytoj\u0173 per Transtoyou, kad gautum\u0117te individualizuot\u0105 medicinin\u0119 konsultacij\u0105. Jei j\u016bs\u0173 simptomai yra sunk\u016bs arba staig\u016bs, nedelsdami kreipkit\u0117s \u012f gydytoj\u0105.<\/p>\n","protected":false},"excerpt":{"rendered":"<p>Femoston Conti: Nuolatin\u0117s kombinuotos hormon\u0173 pakaitin\u0117s terapijos tablet\u0117s, skirtos palengvinti menopauz\u0117s simptomus be m\u0117nesini\u0173 kraujavim\u0173.<br \/>\nVeiklioji med\u017eiaga: Estradiolis (estrogenas) ir Dydrogesteronas (progestogenas)<br \/>\nNaudojama: hormon\u0173 pakaitinei terapijai (HPT)<\/p>\n","protected":false},"featured_media":1717,"comment_status":"open","ping_status":"closed","template":"","meta":[],"product_brand":[],"product_cat":[139,145],"product_tag":[],"expert":[16],"class_list":{"0":"post-1715","1":"product","2":"type-product","3":"status-publish","4":"has-post-thumbnail","6":"product_cat-hormonu-terapija-hrt","7":"product_cat-menopauzes-ir-pms-palengvinimas","8":"expert-dr-c-alexandru","10":"first","11":"instock","12":"shipping-taxable","13":"product-type-variable"},"yoast_head":"<!-- This site is optimized with the Yoast SEO plugin v27.0 - https:\/\/yoast.com\/product\/yoast-seo-wordpress\/ -->\n<title>Femoston Conti | Nuolatin\u0117 HRT palengv\u0117jimui - Transtoyou<\/title>\n<meta name=\"description\" content=\"Femoston Conti nuolatin\u0117 kombinuota HRT po menopauz\u0117s simptomams, su\u017einok, kaip tai veikia, patikrink tinkamum\u0105 su gydytoju, prieinama \u010dia Transtoyou.\" \/>\n<meta name=\"robots\" content=\"noindex, follow, max-snippet:-1, max-image-preview:large, max-video-preview:-1\" \/>\n<meta property=\"og:locale\" content=\"lt_LT\" \/>\n<meta property=\"og:type\" content=\"article\" \/>\n<meta property=\"og:title\" content=\"Femoston Conti | Nuolatin\u0117 HRT palengv\u0117jimui - Transtoyou\" \/>\n<meta property=\"og:description\" content=\"Femoston Conti nuolatin\u0117 kombinuota HRT po menopauz\u0117s simptomams, su\u017einok, kaip tai veikia, patikrink tinkamum\u0105 su gydytoju, prieinama \u010dia Transtoyou.\" \/>\n<meta property=\"og:url\" content=\"https:\/\/www.transtoyou.com\/lt\/product\/femoston-conti\/\" \/>\n<meta property=\"og:site_name\" content=\"Transtoyou - LT\" \/>\n<meta property=\"article:modified_time\" content=\"2026-02-25T14:46:01+00:00\" \/>\n<meta name=\"twitter:card\" content=\"summary_large_image\" \/>\n<meta name=\"twitter:label1\" content=\"Est. reading time\" \/>\n\t<meta name=\"twitter:data1\" content=\"5 minut\u0117s\" \/>\n<script type=\"application\/ld+json\" class=\"yoast-schema-graph\">{\"@context\":\"https:\/\/schema.org\",\"@graph\":[{\"@type\":\"WebPage\",\"@id\":\"https:\/\/www.transtoyou.com\/lt\/product\/femoston-conti\/\",\"url\":\"https:\/\/www.transtoyou.com\/lt\/product\/femoston-conti\/\",\"name\":\"Femoston Conti | Nuolatin\u0117 HRT palengv\u0117jimui - Transtoyou\",\"isPartOf\":{\"@id\":\"https:\/\/www.transtoyou.com\/lt\/#website\"},\"primaryImageOfPage\":{\"@id\":\"https:\/\/www.transtoyou.com\/lt\/product\/femoston-conti\/#primaryimage\"},\"image\":{\"@id\":\"https:\/\/www.transtoyou.com\/lt\/product\/femoston-conti\/#primaryimage\"},\"thumbnailUrl\":\"https:\/\/www.transtoyou.com\/lt\/wp-content\/uploads\/sites\/9\/2026\/02\/tty-no-product-image-12.webp\",\"datePublished\":\"2026-02-25T14:35:02+00:00\",\"dateModified\":\"2026-02-25T14:46:01+00:00\",\"description\":\"Femoston Conti nuolatin\u0117 kombinuota HRT po menopauz\u0117s simptomams, su\u017einok, kaip tai veikia, patikrink tinkamum\u0105 su gydytoju, prieinama \u010dia Transtoyou.\",\"breadcrumb\":{\"@id\":\"https:\/\/www.transtoyou.com\/lt\/product\/femoston-conti\/#breadcrumb\"},\"inLanguage\":\"lt-LT\",\"potentialAction\":[{\"@type\":\"ReadAction\",\"target\":[\"https:\/\/www.transtoyou.com\/lt\/product\/femoston-conti\/\"]}]},{\"@type\":\"ImageObject\",\"inLanguage\":\"lt-LT\",\"@id\":\"https:\/\/www.transtoyou.com\/lt\/product\/femoston-conti\/#primaryimage\",\"url\":\"https:\/\/www.transtoyou.com\/lt\/wp-content\/uploads\/sites\/9\/2026\/02\/tty-no-product-image-12.webp\",\"contentUrl\":\"https:\/\/www.transtoyou.com\/lt\/wp-content\/uploads\/sites\/9\/2026\/02\/tty-no-product-image-12.webp\",\"width\":1000,\"height\":1000,\"caption\":\"Numatytas produkto vaizdas\"},{\"@type\":\"WebSite\",\"@id\":\"https:\/\/www.transtoyou.com\/lt\/#website\",\"url\":\"https:\/\/www.transtoyou.com\/lt\/\",\"name\":\"Transtoyou - LT\",\"description\":\"\",\"publisher\":{\"@id\":\"https:\/\/www.transtoyou.com\/lt\/#organization\"},\"potentialAction\":[{\"@type\":\"SearchAction\",\"target\":{\"@type\":\"EntryPoint\",\"urlTemplate\":\"https:\/\/www.transtoyou.com\/lt\/?s={search_term_string}\"},\"query-input\":{\"@type\":\"PropertyValueSpecification\",\"valueRequired\":true,\"valueName\":\"search_term_string\"}}],\"inLanguage\":\"lt-LT\"},{\"@type\":\"Organization\",\"@id\":\"https:\/\/www.transtoyou.com\/lt\/#organization\",\"name\":\"Transtoyou - LT\",\"url\":\"https:\/\/www.transtoyou.com\/lt\/\",\"logo\":{\"@type\":\"ImageObject\",\"inLanguage\":\"lt-LT\",\"@id\":\"https:\/\/www.transtoyou.com\/lt\/#\/schema\/logo\/image\/\",\"url\":\"https:\/\/www.transtoyou.com\/lt\/wp-content\/uploads\/sites\/9\/2026\/01\/logo-tty-menu-bar-300x87-1.webp\",\"contentUrl\":\"https:\/\/www.transtoyou.com\/lt\/wp-content\/uploads\/sites\/9\/2026\/01\/logo-tty-menu-bar-300x87-1.webp\",\"width\":300,\"height\":87,\"caption\":\"Transtoyou - LT\"},\"image\":{\"@id\":\"https:\/\/www.transtoyou.com\/lt\/#\/schema\/logo\/image\/\"}}]}<\/script>\n<!-- \/ Yoast SEO plugin. -->","yoast_head_json":{"title":"Femoston Conti | Nuolatin\u0117 HRT palengv\u0117jimui - Transtoyou","description":"Femoston Conti nuolatin\u0117 kombinuota HRT po menopauz\u0117s simptomams, su\u017einok, kaip tai veikia, patikrink tinkamum\u0105 su gydytoju, prieinama \u010dia Transtoyou.","robots":{"index":"noindex","follow":"follow","max-snippet":"max-snippet:-1","max-image-preview":"max-image-preview:large","max-video-preview":"max-video-preview:-1"},"og_locale":"lt_LT","og_type":"article","og_title":"Femoston Conti | Nuolatin\u0117 HRT palengv\u0117jimui - Transtoyou","og_description":"Femoston Conti nuolatin\u0117 kombinuota HRT po menopauz\u0117s simptomams, su\u017einok, kaip tai veikia, patikrink tinkamum\u0105 su gydytoju, prieinama \u010dia Transtoyou.","og_url":"https:\/\/www.transtoyou.com\/lt\/product\/femoston-conti\/","og_site_name":"Transtoyou - LT","article_modified_time":"2026-02-25T14:46:01+00:00","twitter_card":"summary_large_image","twitter_misc":{"Est. reading time":"5 minut\u0117s"},"schema":{"@context":"https:\/\/schema.org","@graph":[{"@type":"WebPage","@id":"https:\/\/www.transtoyou.com\/lt\/product\/femoston-conti\/","url":"https:\/\/www.transtoyou.com\/lt\/product\/femoston-conti\/","name":"Femoston Conti | Nuolatin\u0117 HRT palengv\u0117jimui - Transtoyou","isPartOf":{"@id":"https:\/\/www.transtoyou.com\/lt\/#website"},"primaryImageOfPage":{"@id":"https:\/\/www.transtoyou.com\/lt\/product\/femoston-conti\/#primaryimage"},"image":{"@id":"https:\/\/www.transtoyou.com\/lt\/product\/femoston-conti\/#primaryimage"},"thumbnailUrl":"https:\/\/www.transtoyou.com\/lt\/wp-content\/uploads\/sites\/9\/2026\/02\/tty-no-product-image-12.webp","datePublished":"2026-02-25T14:35:02+00:00","dateModified":"2026-02-25T14:46:01+00:00","description":"Femoston Conti nuolatin\u0117 kombinuota HRT po menopauz\u0117s simptomams, su\u017einok, kaip tai veikia, patikrink tinkamum\u0105 su gydytoju, prieinama \u010dia Transtoyou.","breadcrumb":{"@id":"https:\/\/www.transtoyou.com\/lt\/product\/femoston-conti\/#breadcrumb"},"inLanguage":"lt-LT","potentialAction":[{"@type":"ReadAction","target":["https:\/\/www.transtoyou.com\/lt\/product\/femoston-conti\/"]}]},{"@type":"ImageObject","inLanguage":"lt-LT","@id":"https:\/\/www.transtoyou.com\/lt\/product\/femoston-conti\/#primaryimage","url":"https:\/\/www.transtoyou.com\/lt\/wp-content\/uploads\/sites\/9\/2026\/02\/tty-no-product-image-12.webp","contentUrl":"https:\/\/www.transtoyou.com\/lt\/wp-content\/uploads\/sites\/9\/2026\/02\/tty-no-product-image-12.webp","width":1000,"height":1000,"caption":"Numatytas produkto vaizdas"},{"@type":"WebSite","@id":"https:\/\/www.transtoyou.com\/lt\/#website","url":"https:\/\/www.transtoyou.com\/lt\/","name":"Transtoyou - LT","description":"","publisher":{"@id":"https:\/\/www.transtoyou.com\/lt\/#organization"},"potentialAction":[{"@type":"SearchAction","target":{"@type":"EntryPoint","urlTemplate":"https:\/\/www.transtoyou.com\/lt\/?s={search_term_string}"},"query-input":{"@type":"PropertyValueSpecification","valueRequired":true,"valueName":"search_term_string"}}],"inLanguage":"lt-LT"},{"@type":"Organization","@id":"https:\/\/www.transtoyou.com\/lt\/#organization","name":"Transtoyou - LT","url":"https:\/\/www.transtoyou.com\/lt\/","logo":{"@type":"ImageObject","inLanguage":"lt-LT","@id":"https:\/\/www.transtoyou.com\/lt\/#\/schema\/logo\/image\/","url":"https:\/\/www.transtoyou.com\/lt\/wp-content\/uploads\/sites\/9\/2026\/01\/logo-tty-menu-bar-300x87-1.webp","contentUrl":"https:\/\/www.transtoyou.com\/lt\/wp-content\/uploads\/sites\/9\/2026\/01\/logo-tty-menu-bar-300x87-1.webp","width":300,"height":87,"caption":"Transtoyou - LT"},"image":{"@id":"https:\/\/www.transtoyou.com\/lt\/#\/schema\/logo\/image\/"}}]}},"_links":{"self":[{"href":"https:\/\/www.transtoyou.com\/lt\/wp-json\/wp\/v2\/product\/1715","targetHints":{"allow":["GET"]}}],"collection":[{"href":"https:\/\/www.transtoyou.com\/lt\/wp-json\/wp\/v2\/product"}],"about":[{"href":"https:\/\/www.transtoyou.com\/lt\/wp-json\/wp\/v2\/types\/product"}],"replies":[{"embeddable":true,"href":"https:\/\/www.transtoyou.com\/lt\/wp-json\/wp\/v2\/comments?post=1715"}],"wp:featuredmedia":[{"embeddable":true,"href":"https:\/\/www.transtoyou.com\/lt\/wp-json\/wp\/v2\/media\/1717"}],"wp:attachment":[{"href":"https:\/\/www.transtoyou.com\/lt\/wp-json\/wp\/v2\/media?parent=1715"}],"wp:term":[{"taxonomy":"product_brand","embeddable":true,"href":"https:\/\/www.transtoyou.com\/lt\/wp-json\/wp\/v2\/product_brand?post=1715"},{"taxonomy":"product_cat","embeddable":true,"href":"https:\/\/www.transtoyou.com\/lt\/wp-json\/wp\/v2\/product_cat?post=1715"},{"taxonomy":"product_tag","embeddable":true,"href":"https:\/\/www.transtoyou.com\/lt\/wp-json\/wp\/v2\/product_tag?post=1715"},{"taxonomy":"expert","embeddable":true,"href":"https:\/\/www.transtoyou.com\/lt\/wp-json\/wp\/v2\/expert?post=1715"}],"curies":[{"name":"wp","href":"https:\/\/api.w.org\/{rel}","templated":true}]}}