{"id":1869,"date":"2026-03-02T16:30:02","date_gmt":"2026-03-02T14:30:02","guid":{"rendered":"https:\/\/www.transtoyou.com\/lt\/product\/ramipril\/"},"modified":"2026-03-11T09:30:42","modified_gmt":"2026-03-11T07:30:42","slug":"ramipril","status":"publish","type":"product","link":"https:\/\/www.transtoyou.com\/lt\/product\/ramipril\/","title":{"rendered":"Ramipril"},"content":{"rendered":"<h2>Kas yra Ramiprilis?<\/h2>\n<p>Ramiprilis yra receptinis vaistas, priklausantis vaist\u0173 grupei, vadinamai ACE inhibitoriais (angiotenzin\u0105 konvertuojan\u010dio fermento inhibitoriais).<\/p>\n<p>Jis da\u017enai naudojamas <a href=\"\/lt\/treatment\/high-blood-pressure\">auk\u0161tam kraujosp\u016bd\u017eiui gydyti<\/a> ir tam tikroms \u0161irdies ligoms. Ramiprilis padeda atpalaiduoti kraujagysles, kad kraujas gal\u0117t\u0173 lengviau tek\u0117ti. Tai suma\u017eina \u0161irdies apkrov\u0105 ir suma\u017eina rimt\u0173 komplikacij\u0173 rizik\u0105.<\/p>\n<p>Auk\u0161tas kraujosp\u016bdis da\u017enai neturi simptom\u0173, ta\u010diau laikui b\u0117gant gali pakenkti j\u016bs\u0173 \u0161ird\u017eiai, smegenims, inkstams ir arterijoms. Kontroliuodamas kraujosp\u016bd\u012f, Ramiprilis padeda apsaugoti \u0161iuos organus.<\/p>\n<p>Ramiprilis taip pat gali b\u016bti paskirtas po \u0161irdies sm\u016bgio, \u017emon\u0117ms, sergantiems \u0161irdies nepakankamumu, arba pacientams, turintiems didel\u0119 \u0161irdies ir kraujagysli\u0173 lig\u0173 rizik\u0105.<\/p>\n<h2>Kam jis naudojamas?<\/h2>\n<p>Ramiprilis naudojamas gydyti:<\/p>\n<ul>\n<li>Auk\u0161t\u0105 kraujosp\u016bd\u012f (hipertenzij\u0105)<\/li>\n<li>\u0160irdies nepakankamum\u0105<\/li>\n<li>Norint suma\u017einti \u0161irdies sm\u016bgio ir insulto rizik\u0105<\/li>\n<li>Apsaugoti inkstus tam tikriems didel\u0117s rizikos pacientams, \u012fskaitant diabetu sergan\u010dius \u017emones<\/li>\n<\/ul>\n<h2>Auk\u0161tas kraujosp\u016bdis<\/h2>\n<p>Hipertenzija rei\u0161kia, kad j\u016bs\u0173 kraujosp\u016bdis nuolat per auk\u0161tas. Tai padidina j\u016bs\u0173 \u0161irdies lig\u0173 ir insulto rizik\u0105. Ramiprilis ma\u017eina kraujosp\u016bd\u012f ir suma\u017eina ilgalaikius sveikatos rizikos veiksnius.<\/p>\n<h2>\u0160irdies nepakankamumas<\/h2>\n<p>\u0160irdies nepakankamumas rei\u0161kia, kad j\u016bs\u0173 \u0161irdis neefektyviai pumpuoja krauj\u0105. Ramiprilis suma\u017eina \u0161irdies apkrov\u0105 ir gali pagerinti simptomus, tokius kaip dusulys ir patinimas.<\/p>\n<h2>\u0160irdies ir kraujagysli\u0173 apsauga<\/h2>\n<p>Jei turite <a href=\"\/lt\/treatment\/diabetes\">diabet\u0105<\/a>, kraujotakos problem\u0173 ar anks\u010diau tur\u0117jote \u0161irdies lig\u0173, Ramiprilis gali b\u016bti paskirtas suma\u017einti ateities \u0161irdies ir kraujagysli\u0173 \u012fvyki\u0173 tikimyb\u0119.<\/p>\n<h2>Kaip veikia produktas?<\/h2>\n<p>Ramiprilis veikia blokuodamas angiotenzin\u0105 konvertuojan\u010dio fermento (ACE) veikl\u0105.<\/p>\n<p>Normaliai ACE padeda gaminti med\u017eiag\u0105, vadinam\u0105 angiotenzinu II, kuri sukelia kraujagysli\u0173 susiaur\u0117jim\u0105 ir susitraukim\u0105. Kai kraujagysl\u0117s susiaur\u0117ja, kraujosp\u016bdis kyla.<\/p>\n<p>Blokuodamas \u0161\u012f proces\u0105, Ramiprilis:<\/p>\n<ul>\n<li>Atpalaiduoja ir ple\u010dia kraujagysles<\/li>\n<li>Ma\u017eina kraujosp\u016bd\u012f<\/li>\n<li>Suma\u017eina \u0161irdies apkrov\u0105<\/li>\n<li>Pagerina kraujotak\u0105<\/li>\n<li>Padeda apsaugoti inkst\u0173 funkcij\u0105<\/li>\n<\/ul>\n<p>Kadangi jis pagerina kraujo tek\u0117jim\u0105 ir suma\u017eina spaudim\u0105 j\u016bs\u0173 arterijose, Ramiprilis padeda u\u017ekirsti keli\u0105 ilgalaikiam gyvybi\u0161kai svarbi\u0173 organ\u0173 pa\u017eeidimui.<\/p>\n<h2>Kas netur\u0117t\u0173 naudoti \u0161io produkto?<\/h2>\n<p>J\u016bs netur\u0117tum\u0117te naudoti Ramiprilio, jei:<\/p>\n<ul>\n<li>Esate alergi\u0161kas ramiprilui arba kitiems ACE inhibitoriams<\/li>\n<li>Tur\u0117jote angioedem\u0105 (rimt\u0105 veido, l\u016bp\u0173 ar gerkl\u0117s patinim\u0105)<\/li>\n<li>Esate n\u0117\u0161\u010dia daugiau nei tris m\u0117nesius<\/li>\n<li>Turite sunki\u0173 inkst\u0173 arterij\u0173 susiaur\u0117jim\u0173<\/li>\n<li>Turite tam tikr\u0173 paveldim\u0173 patinim\u0173 sutrikim\u0173<\/li>\n<\/ul>\n<p>Ramiprilis gali b\u016bti netinkamas, jei:<\/p>\n<ul>\n<li>Turite sunki\u0173 inkst\u0173 sutrikim\u0173<\/li>\n<li>Turite sunki\u0173 kepen\u0173 lig\u0173<\/li>\n<li>Turite labai \u017eem\u0105 kraujosp\u016bd\u012f<\/li>\n<li>Vartojate aliskiren\u0105 ir sergate diabetu<\/li>\n<\/ul>\n<p>Visada informuokite savo gydytoj\u0105 apie savo medicinin\u0119 istorij\u0105 prie\u0161 pradedant gydym\u0105.<\/p>\n<h3>N\u0117\u0161tumas ir \u017eindymas<\/h3>\n<p>Ramiprilio negalima vartoti antrame ar tre\u010diame n\u0117\u0161tumo trimestre, nes tai gali rimtai pakenkti negimusiam k\u016bdikiui.<\/p>\n<p>Jei planuojate n\u0117\u0161tum\u0105 arba pastojate vartodami Ramipril\u012f, nedelsdami nustokite j\u012f vartoti ir kreipkit\u0117s \u012f gydytoj\u0105.<\/p>\n<p>Ramiprilis paprastai nerekomenduojamas \u017eindymo laikotarpiu. Galima apsvarstyti alternatyvius gydymo b\u016bdus.<\/p>\n<h2>Kaip vartoti ir dozavimas<\/h2>\n<p>Visada vartokite Ramipril\u012f tiksliai taip, kaip nurodyta.<\/p>\n<p>Doz\u0117 priklauso nuo j\u016bs\u0173 b\u016bkl\u0117s.<\/p>\n<p>Auk\u0161tam kraujosp\u016bd\u017eiui:<\/p>\n<ul>\n<li>Gydymas paprastai pradedamas nuo ma\u017eos doz\u0117s.<\/li>\n<li>Doz\u0117 gali b\u016bti palaipsniui didinama atsi\u017evelgiant \u012f j\u016bs\u0173 reakcij\u0105.<\/li>\n<\/ul>\n<p>\u0160irdies nepakankamumui ar \u0161irdies ir kraujagysli\u0173 apsaugai:<\/p>\n<ul>\n<li>Da\u017enai naudojamos ma\u017eesn\u0117s pradin\u0117s doz\u0117s.<\/li>\n<li>Doz\u0117 kruop\u0161\u010diai koreguojama gydytojo prie\u017ei\u016broje.<\/li>\n<\/ul>\n<p>Vartokite Ramipril\u012f:<\/p>\n<ul>\n<li>Vien\u0105 kart\u0105 per dien\u0105 (kartais du kartus per dien\u0105, priklausomai nuo recepto)<\/li>\n<li>Kasdien tuo pa\u010diu metu<\/li>\n<li>Su vandeniu<\/li>\n<li>Su maistu arba be jo<\/li>\n<\/ul>\n<p>Nustokite vartoti Ramipril\u012f staiga be medicinin\u0117s konsultacijos.<\/p>\n<p>J\u016bs\u0173 gydytojas gali steb\u0117ti j\u016bs\u0173:<\/p>\n<ul>\n<li>Kraujosp\u016bd\u012f<\/li>\n<li>Inkst\u0173 funkcij\u0105<\/li>\n<li>Kalio lygius<\/li>\n<\/ul>\n<p>Reguliarus sekimas yra svarbus.<\/p>\n<h2>Galimi \u0161alutiniai poveikiai<\/h2>\n<p>Kaip ir visi vaistai, Ramiprilis gali sukelti \u0161alutini\u0173 poveiki\u0173, nors ne visi j\u0173 patiria.<\/p>\n<p>Da\u017eniausi \u0161alutiniai poveikiai yra:<\/p>\n<ul>\n<li>Sausas nuolatinis kosulys<\/li>\n<li>Galvos svaigimas<\/li>\n<li>Galvos skausmas<\/li>\n<li>Nuovargis<\/li>\n<li>\u017demas kraujosp\u016bdis<\/li>\n<li>Pykinimas<\/li>\n<\/ul>\n<p>Sausas kosulys yra da\u017enas ACE inhibitori\u0173 \u0161alutinis poveikis ir gali prireikti pereiti prie kito vaisto, jei jis tampa varginantis.<\/p>\n<p>Ma\u017eiau da\u017eni, bet rimti \u0161alutiniai poveikiai yra:<\/p>\n<ul>\n<li>Angioedema (veido, l\u016bp\u0173, lie\u017euvio ar gerkl\u0117s patinimas)<\/li>\n<li>Stiprus kraujosp\u016bd\u017eio kritimas<\/li>\n<li>Inkst\u0173 problemos<\/li>\n<li>Auk\u0161ti kalio lygiai<\/li>\n<\/ul>\n<p>Skubiai kreipkit\u0117s \u012f medicinos pagalb\u0105, jei patiriate veido ar gerkl\u0117s patinim\u0105 arba sunkum\u0173 kv\u0117puojant.<\/p>\n<h2>Svarbi saugos informacija<\/h2>\n<p>Prie\u0161 pradedant vartoti Ramipril\u012f, pasakykite savo gydytojui, jei:<\/p>\n<ul>\n<li>Turite inkst\u0173 lig\u0105<\/li>\n<li>Turite kepen\u0173 lig\u0105<\/li>\n<li>Turite diabet\u0105<\/li>\n<li>Laikot\u0117s ma\u017eai druskos dietos<\/li>\n<li>Vartojate diuretikus (vandens tabletes)<\/li>\n<li>Vartojate kalio papildus<\/li>\n<li>Neseniai patyr\u0117te sunkius v\u0117mimus ar viduriavim\u0105<\/li>\n<\/ul>\n<p>Ramiprilis gali padidinti kalio lygius, tod\u0117l gydymo metu gali prireikti kraujo tyrim\u0173.<\/p>\n<p>Jei jau\u010diate galvos svaigim\u0105 prad\u0117j\u0119 vartoti Ramipril\u012f, ypa\u010d stojant, tai gali b\u016bti d\u0117l suma\u017e\u0117jusio kraujosp\u016bd\u017eio.<\/p>\n<h2>Kada kreiptis \u012f gydytoj\u0105?<\/h2>\n<p>Skubiai kreipkit\u0117s \u012f medicinos pagalb\u0105, jei patiriate:<\/p>\n<ul>\n<li>Veido, l\u016bp\u0173, lie\u017euvio ar gerkl\u0117s patinim\u0105<\/li>\n<li>Stipr\u0173 galvos svaigim\u0105 ar alpim\u0105<\/li>\n<li>Kr\u016btin\u0117s skausm\u0105<\/li>\n<li>Sunkum\u0173 kv\u0117puojant<\/li>\n<\/ul>\n<p>Kreipkit\u0117s \u012f gydytoj\u0105, jei:<\/p>\n<ul>\n<li>Jums atsiranda nuolatinis kosulys<\/li>\n<li>Patiriate nuolatinius \u0161alutinius poveikius<\/li>\n<li>J\u016bs\u0173 kraujosp\u016bdis i\u0161lieka nekontroliuojamas<\/li>\n<li>Jau\u010diat\u0117s ne\u012fprastai silpnas<\/li>\n<\/ul>\n<p>Jei nesate tikri, ar j\u016bs\u0173 simptomai susij\u0119 su kraujosp\u016bd\u017eio vaistais, galite <a href=\"\/lt\/product\/video-consult\/\">u\u017esakyti saugi\u0105 vaizdo konsultacij\u0105<\/a> su licencijuotu gydytoju per Transtoyou, kad gautum\u0117te asmenini\u0173 patarim\u0173. Jei simptomai yra rimti arba staig\u016bs, nedelsdami kreipkit\u0117s \u012f skubi\u0105 medicinos pagalb\u0105.<\/p>\n","protected":false},"excerpt":{"rendered":"<ul>\n<li>Ramiprilis: AKF inhibitorius, naudojamas auk\u0161tam kraujosp\u016bd\u017eiui ma\u017einti ir \u0161irdies sm\u016bgio bei insulto rizikai ma\u017einti.<\/li>\n<li>Veiklioji med\u017eiaga: Ramiprilis<\/li>\n<li>Naudojamas: Auk\u0161to kraujosp\u016bd\u017eio (hipertenzijos) gydymui<\/li>\n<\/ul>\n","protected":false},"featured_media":1871,"comment_status":"open","ping_status":"closed","template":"","meta":[],"product_brand":[],"product_cat":[136],"product_tag":[],"expert":[21],"class_list":{"0":"post-1869","1":"product","2":"type-product","3":"status-publish","4":"has-post-thumbnail","6":"product_cat-aukstas-kraujo-spaudimas","7":"expert-dr-m-sharoyko","9":"first","10":"instock","11":"shipping-taxable","12":"product-type-variable"},"yoast_head":"<!-- This site is optimized with the Yoast SEO plugin v27.0 - https:\/\/yoast.com\/product\/yoast-seo-wordpress\/ -->\n<title>Ramiprilis | Receptinis kraujosp\u016bd\u017eio gydymas - Transtoyou<\/title>\n<meta name=\"description\" content=\"Ramipril medicininis receptas auk\u0161tam kraujosp\u016bd\u017eiui Transtoyou, per\u017ei\u016br\u0117tas registruot\u0173 gydytoj\u0173, saugi paslauga, ES ir JK partneri\u0173 vaistin\u0117s.\" \/>\n<meta name=\"robots\" content=\"noindex, follow, max-snippet:-1, max-image-preview:large, max-video-preview:-1\" \/>\n<meta property=\"og:locale\" content=\"lt_LT\" \/>\n<meta property=\"og:type\" content=\"article\" \/>\n<meta property=\"og:title\" content=\"Ramiprilis | Receptinis kraujosp\u016bd\u017eio gydymas - Transtoyou\" \/>\n<meta property=\"og:description\" content=\"Ramipril medicininis receptas auk\u0161tam kraujosp\u016bd\u017eiui Transtoyou, per\u017ei\u016br\u0117tas registruot\u0173 gydytoj\u0173, saugi paslauga, ES ir JK partneri\u0173 vaistin\u0117s.\" \/>\n<meta property=\"og:url\" content=\"https:\/\/www.transtoyou.com\/lt\/product\/ramipril\/\" \/>\n<meta property=\"og:site_name\" content=\"Transtoyou - LT\" \/>\n<meta property=\"article:modified_time\" content=\"2026-03-11T07:30:42+00:00\" \/>\n<meta name=\"twitter:card\" content=\"summary_large_image\" \/>\n<meta name=\"twitter:label1\" content=\"Est. reading time\" \/>\n\t<meta name=\"twitter:data1\" content=\"4 minut\u0117s\" \/>\n<script type=\"application\/ld+json\" class=\"yoast-schema-graph\">{\"@context\":\"https:\/\/schema.org\",\"@graph\":[{\"@type\":\"WebPage\",\"@id\":\"https:\/\/www.transtoyou.com\/lt\/product\/ramipril\/\",\"url\":\"https:\/\/www.transtoyou.com\/lt\/product\/ramipril\/\",\"name\":\"Ramiprilis | Receptinis kraujosp\u016bd\u017eio gydymas - Transtoyou\",\"isPartOf\":{\"@id\":\"https:\/\/www.transtoyou.com\/lt\/#website\"},\"primaryImageOfPage\":{\"@id\":\"https:\/\/www.transtoyou.com\/lt\/product\/ramipril\/#primaryimage\"},\"image\":{\"@id\":\"https:\/\/www.transtoyou.com\/lt\/product\/ramipril\/#primaryimage\"},\"thumbnailUrl\":\"https:\/\/www.transtoyou.com\/lt\/wp-content\/uploads\/sites\/9\/2026\/03\/tty-no-product-image-4.webp\",\"datePublished\":\"2026-03-02T14:30:02+00:00\",\"dateModified\":\"2026-03-11T07:30:42+00:00\",\"description\":\"Ramipril medicininis receptas auk\u0161tam kraujosp\u016bd\u017eiui Transtoyou, per\u017ei\u016br\u0117tas registruot\u0173 gydytoj\u0173, saugi paslauga, ES ir JK partneri\u0173 vaistin\u0117s.\",\"breadcrumb\":{\"@id\":\"https:\/\/www.transtoyou.com\/lt\/product\/ramipril\/#breadcrumb\"},\"inLanguage\":\"lt-LT\",\"potentialAction\":[{\"@type\":\"ReadAction\",\"target\":[\"https:\/\/www.transtoyou.com\/lt\/product\/ramipril\/\"]}]},{\"@type\":\"ImageObject\",\"inLanguage\":\"lt-LT\",\"@id\":\"https:\/\/www.transtoyou.com\/lt\/product\/ramipril\/#primaryimage\",\"url\":\"https:\/\/www.transtoyou.com\/lt\/wp-content\/uploads\/sites\/9\/2026\/03\/tty-no-product-image-4.webp\",\"contentUrl\":\"https:\/\/www.transtoyou.com\/lt\/wp-content\/uploads\/sites\/9\/2026\/03\/tty-no-product-image-4.webp\",\"width\":1000,\"height\":1000,\"caption\":\"Numatytasis produkto vaizdas\"},{\"@type\":\"WebSite\",\"@id\":\"https:\/\/www.transtoyou.com\/lt\/#website\",\"url\":\"https:\/\/www.transtoyou.com\/lt\/\",\"name\":\"Transtoyou - LT\",\"description\":\"\",\"publisher\":{\"@id\":\"https:\/\/www.transtoyou.com\/lt\/#organization\"},\"potentialAction\":[{\"@type\":\"SearchAction\",\"target\":{\"@type\":\"EntryPoint\",\"urlTemplate\":\"https:\/\/www.transtoyou.com\/lt\/?s={search_term_string}\"},\"query-input\":{\"@type\":\"PropertyValueSpecification\",\"valueRequired\":true,\"valueName\":\"search_term_string\"}}],\"inLanguage\":\"lt-LT\"},{\"@type\":\"Organization\",\"@id\":\"https:\/\/www.transtoyou.com\/lt\/#organization\",\"name\":\"Transtoyou - LT\",\"url\":\"https:\/\/www.transtoyou.com\/lt\/\",\"logo\":{\"@type\":\"ImageObject\",\"inLanguage\":\"lt-LT\",\"@id\":\"https:\/\/www.transtoyou.com\/lt\/#\/schema\/logo\/image\/\",\"url\":\"https:\/\/www.transtoyou.com\/lt\/wp-content\/uploads\/sites\/9\/2026\/01\/logo-tty-menu-bar-300x87-1.webp\",\"contentUrl\":\"https:\/\/www.transtoyou.com\/lt\/wp-content\/uploads\/sites\/9\/2026\/01\/logo-tty-menu-bar-300x87-1.webp\",\"width\":300,\"height\":87,\"caption\":\"Transtoyou - LT\"},\"image\":{\"@id\":\"https:\/\/www.transtoyou.com\/lt\/#\/schema\/logo\/image\/\"}}]}<\/script>\n<!-- \/ Yoast SEO plugin. -->","yoast_head_json":{"title":"Ramiprilis | Receptinis kraujosp\u016bd\u017eio gydymas - Transtoyou","description":"Ramipril medicininis receptas auk\u0161tam kraujosp\u016bd\u017eiui Transtoyou, per\u017ei\u016br\u0117tas registruot\u0173 gydytoj\u0173, saugi paslauga, ES ir JK partneri\u0173 vaistin\u0117s.","robots":{"index":"noindex","follow":"follow","max-snippet":"max-snippet:-1","max-image-preview":"max-image-preview:large","max-video-preview":"max-video-preview:-1"},"og_locale":"lt_LT","og_type":"article","og_title":"Ramiprilis | Receptinis kraujosp\u016bd\u017eio gydymas - Transtoyou","og_description":"Ramipril medicininis receptas auk\u0161tam kraujosp\u016bd\u017eiui Transtoyou, per\u017ei\u016br\u0117tas registruot\u0173 gydytoj\u0173, saugi paslauga, ES ir JK partneri\u0173 vaistin\u0117s.","og_url":"https:\/\/www.transtoyou.com\/lt\/product\/ramipril\/","og_site_name":"Transtoyou - LT","article_modified_time":"2026-03-11T07:30:42+00:00","twitter_card":"summary_large_image","twitter_misc":{"Est. reading time":"4 minut\u0117s"},"schema":{"@context":"https:\/\/schema.org","@graph":[{"@type":"WebPage","@id":"https:\/\/www.transtoyou.com\/lt\/product\/ramipril\/","url":"https:\/\/www.transtoyou.com\/lt\/product\/ramipril\/","name":"Ramiprilis | Receptinis kraujosp\u016bd\u017eio gydymas - Transtoyou","isPartOf":{"@id":"https:\/\/www.transtoyou.com\/lt\/#website"},"primaryImageOfPage":{"@id":"https:\/\/www.transtoyou.com\/lt\/product\/ramipril\/#primaryimage"},"image":{"@id":"https:\/\/www.transtoyou.com\/lt\/product\/ramipril\/#primaryimage"},"thumbnailUrl":"https:\/\/www.transtoyou.com\/lt\/wp-content\/uploads\/sites\/9\/2026\/03\/tty-no-product-image-4.webp","datePublished":"2026-03-02T14:30:02+00:00","dateModified":"2026-03-11T07:30:42+00:00","description":"Ramipril medicininis receptas auk\u0161tam kraujosp\u016bd\u017eiui Transtoyou, per\u017ei\u016br\u0117tas registruot\u0173 gydytoj\u0173, saugi paslauga, ES ir JK partneri\u0173 vaistin\u0117s.","breadcrumb":{"@id":"https:\/\/www.transtoyou.com\/lt\/product\/ramipril\/#breadcrumb"},"inLanguage":"lt-LT","potentialAction":[{"@type":"ReadAction","target":["https:\/\/www.transtoyou.com\/lt\/product\/ramipril\/"]}]},{"@type":"ImageObject","inLanguage":"lt-LT","@id":"https:\/\/www.transtoyou.com\/lt\/product\/ramipril\/#primaryimage","url":"https:\/\/www.transtoyou.com\/lt\/wp-content\/uploads\/sites\/9\/2026\/03\/tty-no-product-image-4.webp","contentUrl":"https:\/\/www.transtoyou.com\/lt\/wp-content\/uploads\/sites\/9\/2026\/03\/tty-no-product-image-4.webp","width":1000,"height":1000,"caption":"Numatytasis produkto vaizdas"},{"@type":"WebSite","@id":"https:\/\/www.transtoyou.com\/lt\/#website","url":"https:\/\/www.transtoyou.com\/lt\/","name":"Transtoyou - LT","description":"","publisher":{"@id":"https:\/\/www.transtoyou.com\/lt\/#organization"},"potentialAction":[{"@type":"SearchAction","target":{"@type":"EntryPoint","urlTemplate":"https:\/\/www.transtoyou.com\/lt\/?s={search_term_string}"},"query-input":{"@type":"PropertyValueSpecification","valueRequired":true,"valueName":"search_term_string"}}],"inLanguage":"lt-LT"},{"@type":"Organization","@id":"https:\/\/www.transtoyou.com\/lt\/#organization","name":"Transtoyou - LT","url":"https:\/\/www.transtoyou.com\/lt\/","logo":{"@type":"ImageObject","inLanguage":"lt-LT","@id":"https:\/\/www.transtoyou.com\/lt\/#\/schema\/logo\/image\/","url":"https:\/\/www.transtoyou.com\/lt\/wp-content\/uploads\/sites\/9\/2026\/01\/logo-tty-menu-bar-300x87-1.webp","contentUrl":"https:\/\/www.transtoyou.com\/lt\/wp-content\/uploads\/sites\/9\/2026\/01\/logo-tty-menu-bar-300x87-1.webp","width":300,"height":87,"caption":"Transtoyou - LT"},"image":{"@id":"https:\/\/www.transtoyou.com\/lt\/#\/schema\/logo\/image\/"}}]}},"_links":{"self":[{"href":"https:\/\/www.transtoyou.com\/lt\/wp-json\/wp\/v2\/product\/1869","targetHints":{"allow":["GET"]}}],"collection":[{"href":"https:\/\/www.transtoyou.com\/lt\/wp-json\/wp\/v2\/product"}],"about":[{"href":"https:\/\/www.transtoyou.com\/lt\/wp-json\/wp\/v2\/types\/product"}],"replies":[{"embeddable":true,"href":"https:\/\/www.transtoyou.com\/lt\/wp-json\/wp\/v2\/comments?post=1869"}],"wp:featuredmedia":[{"embeddable":true,"href":"https:\/\/www.transtoyou.com\/lt\/wp-json\/wp\/v2\/media\/1871"}],"wp:attachment":[{"href":"https:\/\/www.transtoyou.com\/lt\/wp-json\/wp\/v2\/media?parent=1869"}],"wp:term":[{"taxonomy":"product_brand","embeddable":true,"href":"https:\/\/www.transtoyou.com\/lt\/wp-json\/wp\/v2\/product_brand?post=1869"},{"taxonomy":"product_cat","embeddable":true,"href":"https:\/\/www.transtoyou.com\/lt\/wp-json\/wp\/v2\/product_cat?post=1869"},{"taxonomy":"product_tag","embeddable":true,"href":"https:\/\/www.transtoyou.com\/lt\/wp-json\/wp\/v2\/product_tag?post=1869"},{"taxonomy":"expert","embeddable":true,"href":"https:\/\/www.transtoyou.com\/lt\/wp-json\/wp\/v2\/expert?post=1869"}],"curies":[{"name":"wp","href":"https:\/\/api.w.org\/{rel}","templated":true}]}}