{"id":2138,"date":"2026-03-07T17:40:32","date_gmt":"2026-03-07T15:40:32","guid":{"rendered":"https:\/\/www.transtoyou.com\/lt\/product\/varenicline\/"},"modified":"2026-03-07T17:54:05","modified_gmt":"2026-03-07T15:54:05","slug":"vareniklinas","status":"publish","type":"product","link":"https:\/\/www.transtoyou.com\/lt\/product\/vareniklinas\/","title":{"rendered":"Vareniklinas"},"content":{"rendered":"<h2>Kas yra Vareniklinas?<\/h2>\n<p>Vareniklinas yra receptinis vaistas, naudojamas suaugusiems <a href=\"\/lt\/treatment\/stop-smoking-aids\/\">pad\u0117ti nustoti r\u016bkyti.<\/a> Jis veikia taikydamasis \u012f nikotino receptorius smegenyse, kurie yra susij\u0119 su priklausomybe.<\/p>\n<p>R\u016bkymas sukelia priklausomyb\u0119, nes nikotinas stimuliuoja tam tikrus receptorius smegenyse, kurie i\u0161skiria dopamin\u0105, chemin\u0119 med\u017eiag\u0105, susijusi\u0105 su malonumu ir apdovanojimu. Laikui b\u0117gant smegenys tampa priklausomos nuo nikotino, kad i\u0161laikyt\u0173 \u0161iuos signalus.<\/p>\n<p>Vareniklinas padeda nutraukti \u0161\u012f cikl\u0105, dalinai aktyvuodamas \u0161iuos nikotino receptorius. Tai suma\u017eina potrauk\u012f ir abstinencijos simptomus, taip pat suma\u017eina cigare\u010di\u0173 teikiam\u0105 apdovanojimo efekt\u0105, jei r\u016bkote gydymo metu.<\/p>\n<p>Vareniklinas paprastai naudojamas kaip strukt\u016brizuoto r\u016bkymo nutraukimo plano dalis ir geriausiai veikia kartu su elgesio parama ir motyvacija nustoti r\u016bkyti.<\/p>\n<h2>Kam jis naudojamas?<\/h2>\n<p>Vareniklinas naudojamas pad\u0117ti suaugusiems nustoti r\u016bkyti.<\/p>\n<p>Kai nustojate r\u016bkyti, j\u016bs\u0173 organizmas gali patirti abstinencijos simptomus, tokius kaip:<\/p>\n<ul>\n<li>Stiprus nikotino potraukis<\/li>\n<li>Dirglumas<\/li>\n<li>Nerimas<\/li>\n<li>Koncentracijos sunkumai<\/li>\n<li>Padid\u0117j\u0119s apetitas<\/li>\n<li>Miego sutrikimai<\/li>\n<\/ul>\n<p>Vareniklinas padeda suma\u017einti \u0161iuos simptomus, dalinai stimuliuodamas nikotino receptorius smegenyse.<\/p>\n<p>Jis taip pat blokuoja nikotin\u0105 i\u0161 cigare\u010di\u0173, kad \u0161ie receptoriai neb\u016bt\u0173 visi\u0161kai aktyvuoti. Tai rei\u0161kia, kad jei r\u016bkote vartodami vareniklin\u0105, cigaret\u0117 atrodys ma\u017eiau maloni.<\/p>\n<p>Suma\u017eindamas potrauk\u012f ir nikotino teikiamus apdovanojimus, vareniklinas padidina s\u0117kmingo r\u016bkymo nutraukimo galimybes.<\/p>\n<h2>Kaip veikia produktas?<\/h2>\n<p>Vareniklinas veikia bendraudamas su nikotininiais acetilcholino receptoriais smegenyse.<\/p>\n<p>\u0160ie receptoriai paprastai reaguoja \u012f nikotin\u0105 i\u0161 cigare\u010di\u0173.<\/p>\n<p>Vareniklinas veikia kaip dalinis agonistas, tai rei\u0161kia, kad jis tiek stimuliuoja, tiek blokuoja \u0161iuos receptorius.<\/p>\n<p>Tai sukelia du svarbius efektus:<\/p>\n<p><strong>1. Suma\u017eintas potraukis ir abstinencijos simptomai<\/strong><br \/>\nVareniklinas dalinai stimuliuoja receptorius, pad\u0117damas i\u0161laikyti dopamino i\u0161skyrim\u0105 \u017eemesniu lygiu. Tai suma\u017eina abstinencijos simptomus, kai nustojate r\u016bkyti.<\/p>\n<p><strong>2. Suma\u017eintas apdovanojimas i\u0161 cigare\u010di\u0173<\/strong><br \/>\nJei r\u016bkote vartodami vareniklin\u0105, vaistas blokuoja nikotin\u0105, kad \u0161ie receptoriai neb\u016bt\u0173 visi\u0161kai aktyvuoti. Tai suma\u017eina malonumo efektus, susijusius su r\u016bkymu.<\/p>\n<p>D\u0117l \u0161io dvigubo veikimo vareniklinas gali pad\u0117ti jums palaipsniui nutraukti priklausomyb\u0119 nuo nikotino.<\/p>\n<h2>Kas netur\u0117t\u0173 vartoti \u0161io produkto?<\/h2>\n<p>J\u016bs netur\u0117tum\u0117te vartoti vareniklin\u0105, jei:<\/p>\n<ul>\n<li>Esate alergi\u0161kas vareniklinui arba bet kuriai vaisto sudedamajai daliai<\/li>\n<li>Praeityje patyr\u0117te sunki\u0105 alergin\u0119 reakcij\u0105 \u012f vareniklin\u0105<\/li>\n<\/ul>\n<p>Vareniklin\u0105 reik\u0117t\u0173 vartoti atsargiai, jei:<\/p>\n<ul>\n<li>Turite inkst\u0173 lig\u0105<\/li>\n<li>Turite depresijos ar kit\u0173 psichikos sveikatos sutrikim\u0173 istorij\u0105<\/li>\n<li>Anks\u010diau patyr\u0117te elgesio poky\u010di\u0173 vartodami r\u016bkymo nutraukimo vaistus<\/li>\n<\/ul>\n<p>Visada informuokite savo gydytoj\u0105 apie savo vis\u0105 medicinos istorij\u0105 prie\u0161 pradedant gydym\u0105.<\/p>\n<h2>N\u0117\u0161tumas ir \u017eindymas<\/h2>\n<p>Jei esate n\u0117\u0161\u010dia arba planuojate n\u0117\u0161tum\u0105, pasitarkite su gydytoju prie\u0161 vartodami vareniklin\u0105.<\/p>\n<p>Nors r\u016bkymo nutraukimas n\u0117\u0161tumo metu yra labai rekomenduojamas, vareniklinas ne visada gali b\u016bti pageidaujamas pasirinkimas. J\u016bs\u0173 gydytojas pad\u0117s nustatyti saugiausi\u0105 po\u017ei\u016br\u012f.<\/p>\n<p>Vareniklinas gali patekti \u012f motinos pien\u0105. Jei \u017eindote, pasitarkite su gydytoju apie rizik\u0105 ir naud\u0105 prie\u0161 pradedant gydym\u0105.<\/p>\n<h2>Kaip vartoti ir dozavimas<\/h2>\n<p>Visada vartokite vareniklin\u0105 tiksliai taip, kaip paskirta.<\/p>\n<p>Gydymas paprastai prasideda savait\u0119 prie\u0161 numatom\u0105 nutraukimo dat\u0105.<\/p>\n<p>Doz\u0117 palaipsniui didinama pirm\u0105j\u0105 savait\u0119, kad pad\u0117t\u0173 j\u016bs\u0173 organizmui prisitaikyti:<\/p>\n<ul>\n<li>1\u20133 dienos: ma\u017ea pradin\u0117 doz\u0117 vien\u0105 kart\u0105 per dien\u0105<\/li>\n<li>4\u20137 dienos: ma\u017ea doz\u0117 du kartus per dien\u0105<\/li>\n<li>Nuo 8 dienos: palaikomoji doz\u0117 du kartus per dien\u0105<\/li>\n<\/ul>\n<p>Standartinis gydymo kursas paprastai trunka 12 savai\u010di\u0173. Kai kuriais atvejais gydymas gali b\u016bti prat\u0119stas, kad pad\u0117t\u0173 i\u0161laikyti r\u016bkymo abstinencij\u0105.<\/p>\n<p>Vartokite tabletes:<\/p>\n<ul>\n<li>Pavalgius<\/li>\n<li>Su pilnu stikline vandens<\/li>\n<\/ul>\n<p>Nustokite vartoti vareniklin\u0105 be medicinin\u0117s konsultacijos, nebent patiriate reik\u0161ming\u0173 \u0161alutini\u0173 poveiki\u0173.<\/p>\n<h2>Galimi \u0161alutiniai poveikiai<\/h2>\n<p>Kaip ir visi vaistai, vareniklinas gali sukelti \u0161alutini\u0173 poveiki\u0173, nors ne visi j\u0173 patiria.<\/p>\n<p>Da\u017eni \u0161alutiniai poveikiai apima:<\/p>\n<ul>\n<li>Pykinimas<\/li>\n<li>Miego sutrikimai<\/li>\n<li>Gyvi sapnai<\/li>\n<li>Galvos skausmas<\/li>\n<li>Nemiga<\/li>\n<\/ul>\n<p>Kiti galimi \u0161alutiniai poveikiai apima:<\/p>\n<ul>\n<li>Galvos svaigimas<\/li>\n<li>Viduri\u0173 u\u017ekiet\u0117jimas<\/li>\n<li>Duj\u0173 ar vir\u0161kinimo sutrikimai<\/li>\n<li>Apetito poky\u010diai<\/li>\n<\/ul>\n<p>Kai kurie \u017emon\u0117s gali patirti nuotaikos ar elgesio poky\u010di\u0173 gydymo metu.<\/p>\n<p>Jei j\u016bs arba j\u016bs\u0173 aplinkiniai pasteb\u0117jote ne\u012fprastus nuotaikos, elgesio ar m\u0105stymo poky\u010dius, kreipkit\u0117s \u012f gydytoj\u0105.<\/p>\n<h2>Svarbi saugos informacija<\/h2>\n<p>Prie\u0161 pradedant vartoti vareniklin\u0105, pasakykite gydytojui, jei:<\/p>\n<ul>\n<li>Turite inkst\u0173 lig\u0105<\/li>\n<li>Turite depresijos ar nerimo istorij\u0105<\/li>\n<li>Anks\u010diau patyr\u0117te traukulius<\/li>\n<li>Vartojate kitus vaistus, kurie veikia nerv\u0173 sistem\u0105<\/li>\n<\/ul>\n<p>Vareniklinas gali sukelti galvos svaigim\u0105 ar mieguistum\u0105 kai kuriems \u017emon\u0117ms. Jei tai \u012fvyksta, venkite vairuoti ar dirbti su ma\u0161inomis.<\/p>\n<p>Alkoholio tolerancija gali pasikeisti gydymo metu, tod\u0117l patartina riboti alkoholio vartojim\u0105, kol su\u017einosite, kaip vaistas veikia jus.<\/p>\n<p>Parama programos, konsultacijos ar elgesio terapija gali dar labiau padidinti j\u016bs\u0173 galimybes s\u0117kmingai nustoti r\u016bkyti.<\/p>\n<h2>Kada kreiptis medicinin\u0117s pagalbos<\/h2>\n<p>Skubiai kreipkit\u0117s \u012f medicinos pagalb\u0105, jei patiriate:<\/p>\n<ul>\n<li>Sunki\u0105 alergin\u0119 reakcij\u0105 (veido, l\u016bp\u0173 ar gerkl\u0117s patinimas)<\/li>\n<li>Kv\u0117pavimo sunkum\u0173<\/li>\n<li>Kr\u016btin\u0117s skausm\u0105<\/li>\n<li>Traukulius<\/li>\n<\/ul>\n<p>Kreipkit\u0117s \u012f gydytoj\u0105, jei:<\/p>\n<ul>\n<li>Patiriate stipr\u0173 pykinim\u0105 ar nuolatin\u012f v\u0117mim\u0105<\/li>\n<li>Pasteb\u0117jote reik\u0161mingus nuotaikos poky\u010dius<\/li>\n<li>Jums i\u0161sivysto depresija, nerimas ar ne\u012fprastas elgesys<\/li>\n<li>Patiriate nuolatinius \u0161alutinius poveikius<\/li>\n<\/ul>\n<p>Jei nesate tikri, ar j\u016bs\u0173 simptomai susij\u0119 su vaistu ar nikotino abstinencija, galite u\u017esisakyti saugi\u0105 vaizdo konsultacij\u0105 su licencijuotu gydytoju per Transtoyou, kad gautum\u0117te asmenini\u0173 patarim\u0173. Jei simptomai yra sunk\u016bs ar staig\u016bs, skubiai kreipkit\u0117s \u012f medicinos pagalb\u0105.<\/p>\n","protected":false},"excerpt":{"rendered":"<ul>\n<li>Vareniklinas: Receptinis vaistas, kuris padeda nustoti r\u016bkyti, suma\u017eindamas nikotino tro\u0161kimus ir abstinencijos simptomus.<\/li>\n<li>Veiklioji med\u017eiaga: Vareniklinas<\/li>\n<li>Naudojamas: Nustoti r\u016bkyti<\/li>\n<\/ul>\n","protected":false},"featured_media":2140,"comment_status":"open","ping_status":"closed","template":"","meta":[],"product_brand":[],"product_cat":[166],"product_tag":[],"expert":[16],"class_list":{"0":"post-2138","1":"product","2":"type-product","3":"status-publish","4":"has-post-thumbnail","6":"product_cat-priemones-mesti-rukyti","7":"expert-dr-c-alexandru","9":"first","10":"instock","11":"shipping-taxable","12":"product-type-variable"},"yoast_head":"<!-- This site is optimized with the Yoast SEO plugin v27.0 - https:\/\/yoast.com\/product\/yoast-seo-wordpress\/ -->\n<title>Vareniklinas | Palaikykite savo nutraukimo plan\u0105 - Transtoyou<\/title>\n<meta name=\"description\" content=\"Vareniklinas: informacija ir gair\u0117s i\u0161 Transtoyou. Su\u017einok, kaip \u0161i receptin\u0117 medicacija gali pad\u0117ti mesti r\u016bkyti, daugiau informacijos \u010dia.\" \/>\n<meta name=\"robots\" content=\"noindex, follow, max-snippet:-1, max-image-preview:large, max-video-preview:-1\" \/>\n<meta property=\"og:locale\" content=\"lt_LT\" \/>\n<meta property=\"og:type\" content=\"article\" \/>\n<meta property=\"og:title\" content=\"Vareniklinas | Palaikykite savo nutraukimo plan\u0105 - Transtoyou\" \/>\n<meta property=\"og:description\" content=\"Vareniklinas: informacija ir gair\u0117s i\u0161 Transtoyou. Su\u017einok, kaip \u0161i receptin\u0117 medicacija gali pad\u0117ti mesti r\u016bkyti, daugiau informacijos \u010dia.\" \/>\n<meta property=\"og:url\" content=\"https:\/\/www.transtoyou.com\/lt\/product\/varenicline\/\" \/>\n<meta property=\"og:site_name\" content=\"Transtoyou - LT\" \/>\n<meta property=\"article:modified_time\" content=\"2026-03-07T15:54:05+00:00\" \/>\n<meta name=\"twitter:card\" content=\"summary_large_image\" \/>\n<meta name=\"twitter:label1\" content=\"Est. reading time\" \/>\n\t<meta name=\"twitter:data1\" content=\"4 minut\u0117s\" \/>\n<script type=\"application\/ld+json\" class=\"yoast-schema-graph\">{\"@context\":\"https:\/\/schema.org\",\"@graph\":[{\"@type\":\"WebPage\",\"@id\":\"https:\/\/www.transtoyou.com\/lt\/product\/varenicline\/\",\"url\":\"https:\/\/www.transtoyou.com\/lt\/product\/varenicline\/\",\"name\":\"Vareniklinas | Palaikykite savo nutraukimo plan\u0105 - Transtoyou\",\"isPartOf\":{\"@id\":\"https:\/\/www.transtoyou.com\/lt\/#website\"},\"primaryImageOfPage\":{\"@id\":\"https:\/\/www.transtoyou.com\/lt\/product\/varenicline\/#primaryimage\"},\"image\":{\"@id\":\"https:\/\/www.transtoyou.com\/lt\/product\/varenicline\/#primaryimage\"},\"thumbnailUrl\":\"https:\/\/www.transtoyou.com\/lt\/wp-content\/uploads\/sites\/9\/2026\/03\/tty-no-product-image-10.webp\",\"datePublished\":\"2026-03-07T15:40:32+00:00\",\"dateModified\":\"2026-03-07T15:54:05+00:00\",\"description\":\"Vareniklinas: informacija ir gair\u0117s i\u0161 Transtoyou. Su\u017einok, kaip \u0161i receptin\u0117 medicacija gali pad\u0117ti mesti r\u016bkyti, daugiau informacijos \u010dia.\",\"breadcrumb\":{\"@id\":\"https:\/\/www.transtoyou.com\/lt\/product\/varenicline\/#breadcrumb\"},\"inLanguage\":\"lt-LT\",\"potentialAction\":[{\"@type\":\"ReadAction\",\"target\":[\"https:\/\/www.transtoyou.com\/lt\/product\/varenicline\/\"]}]},{\"@type\":\"ImageObject\",\"inLanguage\":\"lt-LT\",\"@id\":\"https:\/\/www.transtoyou.com\/lt\/product\/varenicline\/#primaryimage\",\"url\":\"https:\/\/www.transtoyou.com\/lt\/wp-content\/uploads\/sites\/9\/2026\/03\/tty-no-product-image-10.webp\",\"contentUrl\":\"https:\/\/www.transtoyou.com\/lt\/wp-content\/uploads\/sites\/9\/2026\/03\/tty-no-product-image-10.webp\",\"width\":1000,\"height\":1000,\"caption\":\"Numatytasis produkto vaizdas\"},{\"@type\":\"WebSite\",\"@id\":\"https:\/\/www.transtoyou.com\/lt\/#website\",\"url\":\"https:\/\/www.transtoyou.com\/lt\/\",\"name\":\"Transtoyou - LT\",\"description\":\"\",\"publisher\":{\"@id\":\"https:\/\/www.transtoyou.com\/lt\/#organization\"},\"potentialAction\":[{\"@type\":\"SearchAction\",\"target\":{\"@type\":\"EntryPoint\",\"urlTemplate\":\"https:\/\/www.transtoyou.com\/lt\/?s={search_term_string}\"},\"query-input\":{\"@type\":\"PropertyValueSpecification\",\"valueRequired\":true,\"valueName\":\"search_term_string\"}}],\"inLanguage\":\"lt-LT\"},{\"@type\":\"Organization\",\"@id\":\"https:\/\/www.transtoyou.com\/lt\/#organization\",\"name\":\"Transtoyou - LT\",\"url\":\"https:\/\/www.transtoyou.com\/lt\/\",\"logo\":{\"@type\":\"ImageObject\",\"inLanguage\":\"lt-LT\",\"@id\":\"https:\/\/www.transtoyou.com\/lt\/#\/schema\/logo\/image\/\",\"url\":\"https:\/\/www.transtoyou.com\/lt\/wp-content\/uploads\/sites\/9\/2026\/01\/logo-tty-menu-bar-300x87-1.webp\",\"contentUrl\":\"https:\/\/www.transtoyou.com\/lt\/wp-content\/uploads\/sites\/9\/2026\/01\/logo-tty-menu-bar-300x87-1.webp\",\"width\":300,\"height\":87,\"caption\":\"Transtoyou - LT\"},\"image\":{\"@id\":\"https:\/\/www.transtoyou.com\/lt\/#\/schema\/logo\/image\/\"}}]}<\/script>\n<!-- \/ Yoast SEO plugin. -->","yoast_head_json":{"title":"Vareniklinas | Palaikykite savo nutraukimo plan\u0105 - Transtoyou","description":"Vareniklinas: informacija ir gair\u0117s i\u0161 Transtoyou. Su\u017einok, kaip \u0161i receptin\u0117 medicacija gali pad\u0117ti mesti r\u016bkyti, daugiau informacijos \u010dia.","robots":{"index":"noindex","follow":"follow","max-snippet":"max-snippet:-1","max-image-preview":"max-image-preview:large","max-video-preview":"max-video-preview:-1"},"og_locale":"lt_LT","og_type":"article","og_title":"Vareniklinas | Palaikykite savo nutraukimo plan\u0105 - Transtoyou","og_description":"Vareniklinas: informacija ir gair\u0117s i\u0161 Transtoyou. Su\u017einok, kaip \u0161i receptin\u0117 medicacija gali pad\u0117ti mesti r\u016bkyti, daugiau informacijos \u010dia.","og_url":"https:\/\/www.transtoyou.com\/lt\/product\/varenicline\/","og_site_name":"Transtoyou - LT","article_modified_time":"2026-03-07T15:54:05+00:00","twitter_card":"summary_large_image","twitter_misc":{"Est. reading time":"4 minut\u0117s"},"schema":{"@context":"https:\/\/schema.org","@graph":[{"@type":"WebPage","@id":"https:\/\/www.transtoyou.com\/lt\/product\/varenicline\/","url":"https:\/\/www.transtoyou.com\/lt\/product\/varenicline\/","name":"Vareniklinas | Palaikykite savo nutraukimo plan\u0105 - Transtoyou","isPartOf":{"@id":"https:\/\/www.transtoyou.com\/lt\/#website"},"primaryImageOfPage":{"@id":"https:\/\/www.transtoyou.com\/lt\/product\/varenicline\/#primaryimage"},"image":{"@id":"https:\/\/www.transtoyou.com\/lt\/product\/varenicline\/#primaryimage"},"thumbnailUrl":"https:\/\/www.transtoyou.com\/lt\/wp-content\/uploads\/sites\/9\/2026\/03\/tty-no-product-image-10.webp","datePublished":"2026-03-07T15:40:32+00:00","dateModified":"2026-03-07T15:54:05+00:00","description":"Vareniklinas: informacija ir gair\u0117s i\u0161 Transtoyou. Su\u017einok, kaip \u0161i receptin\u0117 medicacija gali pad\u0117ti mesti r\u016bkyti, daugiau informacijos \u010dia.","breadcrumb":{"@id":"https:\/\/www.transtoyou.com\/lt\/product\/varenicline\/#breadcrumb"},"inLanguage":"lt-LT","potentialAction":[{"@type":"ReadAction","target":["https:\/\/www.transtoyou.com\/lt\/product\/varenicline\/"]}]},{"@type":"ImageObject","inLanguage":"lt-LT","@id":"https:\/\/www.transtoyou.com\/lt\/product\/varenicline\/#primaryimage","url":"https:\/\/www.transtoyou.com\/lt\/wp-content\/uploads\/sites\/9\/2026\/03\/tty-no-product-image-10.webp","contentUrl":"https:\/\/www.transtoyou.com\/lt\/wp-content\/uploads\/sites\/9\/2026\/03\/tty-no-product-image-10.webp","width":1000,"height":1000,"caption":"Numatytasis produkto vaizdas"},{"@type":"WebSite","@id":"https:\/\/www.transtoyou.com\/lt\/#website","url":"https:\/\/www.transtoyou.com\/lt\/","name":"Transtoyou - LT","description":"","publisher":{"@id":"https:\/\/www.transtoyou.com\/lt\/#organization"},"potentialAction":[{"@type":"SearchAction","target":{"@type":"EntryPoint","urlTemplate":"https:\/\/www.transtoyou.com\/lt\/?s={search_term_string}"},"query-input":{"@type":"PropertyValueSpecification","valueRequired":true,"valueName":"search_term_string"}}],"inLanguage":"lt-LT"},{"@type":"Organization","@id":"https:\/\/www.transtoyou.com\/lt\/#organization","name":"Transtoyou - LT","url":"https:\/\/www.transtoyou.com\/lt\/","logo":{"@type":"ImageObject","inLanguage":"lt-LT","@id":"https:\/\/www.transtoyou.com\/lt\/#\/schema\/logo\/image\/","url":"https:\/\/www.transtoyou.com\/lt\/wp-content\/uploads\/sites\/9\/2026\/01\/logo-tty-menu-bar-300x87-1.webp","contentUrl":"https:\/\/www.transtoyou.com\/lt\/wp-content\/uploads\/sites\/9\/2026\/01\/logo-tty-menu-bar-300x87-1.webp","width":300,"height":87,"caption":"Transtoyou - LT"},"image":{"@id":"https:\/\/www.transtoyou.com\/lt\/#\/schema\/logo\/image\/"}}]}},"_links":{"self":[{"href":"https:\/\/www.transtoyou.com\/lt\/wp-json\/wp\/v2\/product\/2138","targetHints":{"allow":["GET"]}}],"collection":[{"href":"https:\/\/www.transtoyou.com\/lt\/wp-json\/wp\/v2\/product"}],"about":[{"href":"https:\/\/www.transtoyou.com\/lt\/wp-json\/wp\/v2\/types\/product"}],"replies":[{"embeddable":true,"href":"https:\/\/www.transtoyou.com\/lt\/wp-json\/wp\/v2\/comments?post=2138"}],"wp:featuredmedia":[{"embeddable":true,"href":"https:\/\/www.transtoyou.com\/lt\/wp-json\/wp\/v2\/media\/2140"}],"wp:attachment":[{"href":"https:\/\/www.transtoyou.com\/lt\/wp-json\/wp\/v2\/media?parent=2138"}],"wp:term":[{"taxonomy":"product_brand","embeddable":true,"href":"https:\/\/www.transtoyou.com\/lt\/wp-json\/wp\/v2\/product_brand?post=2138"},{"taxonomy":"product_cat","embeddable":true,"href":"https:\/\/www.transtoyou.com\/lt\/wp-json\/wp\/v2\/product_cat?post=2138"},{"taxonomy":"product_tag","embeddable":true,"href":"https:\/\/www.transtoyou.com\/lt\/wp-json\/wp\/v2\/product_tag?post=2138"},{"taxonomy":"expert","embeddable":true,"href":"https:\/\/www.transtoyou.com\/lt\/wp-json\/wp\/v2\/expert?post=2138"}],"curies":[{"name":"wp","href":"https:\/\/api.w.org\/{rel}","templated":true}]}}