{"id":729,"date":"2026-01-22T15:21:14","date_gmt":"2026-01-22T13:21:14","guid":{"rendered":"https:\/\/www.transtoyou.com\/lt\/product\/permethrin\/"},"modified":"2026-03-09T09:25:10","modified_gmt":"2026-03-09T07:25:10","slug":"permetrinas","status":"publish","type":"product","link":"https:\/\/www.transtoyou.com\/lt\/product\/permetrinas\/","title":{"rendered":"Permetrinas"},"content":{"rendered":"<p>Permetrinas yra vietinis vaistas, skirtas gydyti nie\u017eus \u2013 labai u\u017ekre\u010diam\u0105 odos infekcij\u0105, sukelt\u0105 erk\u0117s Sarcoptes scabiei. Jis plinta daugiausia per ilgalaik\u012f odos kontakt\u0105 ir yra susij\u0119s su intensyviu nie\u017euliu (ypa\u010d nakt\u012f) bei raudona, i\u0161kilusia b\u0117rimu tokiose vietose kaip pir\u0161tai, rie\u0161ai, alk\u016bn\u0117s ir kirk\u0161nis.<\/p>\n<p>Permetrinas priklauso sintetini\u0173 piretroid\u0173 klasei ir veikia, sutrikdydamas natrio kanalus erki\u0173 nerv\u0173 sistemoje, sukeldamas paraly\u017ei\u0173 ir mirt\u012f. Jis taikomas tiek suaugusioms erk\u0117ms, tiek j\u0173 kiau\u0161iniams, padedant pa\u0161alinti infekcij\u0105 ir suma\u017einti u\u017edegim\u0105, sukelt\u0105 imunin\u0117s reakcijos \u012f erkutes.<\/p>\n<p>Kremas tepamas ant \u0161varios, sausos odos nuo kaklo \u017eemyn, \u012fskaitant tarp pir\u0161t\u0173\/koj\u0173, po nagais ir aplink odos rauk\u0161les (pvz., rie\u0161us, s\u0117dmenis, lytinius organus). Krem\u0105 reikia palikti ant odos 8\u201314 valand\u0173, o v\u0117liau kruop\u0161\u010diai nuplauti. Antrasis tepimas gali b\u016bti reikalingas po 7\u201314 dien\u0173 gydytojo prie\u017ei\u016broje, jei simptomai i\u0161lieka.<\/p>\n<p>Po gydymo nie\u017e\u0117jimas yra da\u017enas ir gali t\u0119stis kelias savaites net ir po s\u0117kmingo erki\u0173 pa\u0161alinimo. Tai yra dalis organizmo imunin\u0117s reakcijos ir neb\u016btinai rodo gydymo nes\u0117km\u0119.<\/p>\n<p>Permetrinas yra saugus ir gerai toleruojamas daugumoje pacient\u0173. Gali pasireik\u0161ti lengvi \u0161alutiniai poveikiai, tokie kaip paraudimas, dilg\u010diojimas ar laikinas nie\u017e\u0117jimas, kurie paprastai praeina be intervencijos.<\/p>\n","protected":false},"excerpt":{"rendered":"<ul>\n<li>Nu\u017eudo erkutes ir j\u0173 kiau\u0161inius<\/li>\n<li>Teikia pirmosios eil\u0117s gydym\u0105 nie\u017eai<\/li>\n<li>Padeda palengvinti nuolatin\u012f nie\u017e\u0117jim\u0105<\/li>\n<\/ul>\n","protected":false},"featured_media":730,"comment_status":"open","ping_status":"closed","template":"","meta":[],"product_brand":[],"product_cat":[155,161],"product_tag":[],"expert":[19],"class_list":{"0":"post-729","1":"product","2":"type-product","3":"status-publish","4":"has-post-thumbnail","6":"product_cat-parazitai","7":"product_cat-sarcoptoze","8":"expert-dr-j-vazquez","10":"first","11":"outofstock","12":"shipping-taxable","13":"product-type-simple"},"yoast_head":"<!-- This site is optimized with the Yoast SEO plugin v27.0 - https:\/\/yoast.com\/product\/yoast-seo-wordpress\/ -->\n<title>Permetrinas | Paguoskite savo od\u0105 \u0161iandien - Transtoyou<\/title>\n<meta name=\"description\" content=\"Atraskite Permetrin\u0105, patikim\u0105 sprendim\u0105 efektyviai kovoti su nie\u017eais. \u012esigykite lengvai ir greitai su Transtoyou.\" \/>\n<meta name=\"robots\" content=\"noindex, follow, max-snippet:-1, max-image-preview:large, max-video-preview:-1\" \/>\n<meta property=\"og:locale\" content=\"lt_LT\" \/>\n<meta property=\"og:type\" content=\"article\" \/>\n<meta property=\"og:title\" content=\"Permetrinas | Paguoskite savo od\u0105 \u0161iandien - Transtoyou\" \/>\n<meta property=\"og:description\" content=\"Atraskite Permetrin\u0105, patikim\u0105 sprendim\u0105 efektyviai kovoti su nie\u017eais. \u012esigykite lengvai ir greitai su Transtoyou.\" \/>\n<meta property=\"og:url\" content=\"https:\/\/www.transtoyou.com\/lt\/product\/permethrin\/\" \/>\n<meta property=\"og:site_name\" content=\"Transtoyou - LT\" \/>\n<meta property=\"article:modified_time\" content=\"2026-03-09T07:25:10+00:00\" \/>\n<meta name=\"twitter:card\" content=\"summary_large_image\" \/>\n<meta name=\"twitter:label1\" content=\"Est. reading time\" \/>\n\t<meta name=\"twitter:data1\" content=\"1 minut\u0117\" \/>\n<script type=\"application\/ld+json\" class=\"yoast-schema-graph\">{\"@context\":\"https:\/\/schema.org\",\"@graph\":[{\"@type\":\"WebPage\",\"@id\":\"https:\/\/www.transtoyou.com\/lt\/product\/permethrin\/\",\"url\":\"https:\/\/www.transtoyou.com\/lt\/product\/permethrin\/\",\"name\":\"Permetrinas | Paguoskite savo od\u0105 \u0161iandien - Transtoyou\",\"isPartOf\":{\"@id\":\"https:\/\/www.transtoyou.com\/lt\/#website\"},\"primaryImageOfPage\":{\"@id\":\"https:\/\/www.transtoyou.com\/lt\/product\/permethrin\/#primaryimage\"},\"image\":{\"@id\":\"https:\/\/www.transtoyou.com\/lt\/product\/permethrin\/#primaryimage\"},\"thumbnailUrl\":\"https:\/\/www.transtoyou.com\/lt\/wp-content\/uploads\/sites\/9\/2026\/01\/tty-no-product-image-5.webp\",\"datePublished\":\"2026-01-22T13:21:14+00:00\",\"dateModified\":\"2026-03-09T07:25:10+00:00\",\"description\":\"Atraskite Permetrin\u0105, patikim\u0105 sprendim\u0105 efektyviai kovoti su nie\u017eais. \u012esigykite lengvai ir greitai su Transtoyou.\",\"breadcrumb\":{\"@id\":\"https:\/\/www.transtoyou.com\/lt\/product\/permethrin\/#breadcrumb\"},\"inLanguage\":\"lt-LT\",\"potentialAction\":[{\"@type\":\"ReadAction\",\"target\":[\"https:\/\/www.transtoyou.com\/lt\/product\/permethrin\/\"]}]},{\"@type\":\"ImageObject\",\"inLanguage\":\"lt-LT\",\"@id\":\"https:\/\/www.transtoyou.com\/lt\/product\/permethrin\/#primaryimage\",\"url\":\"https:\/\/www.transtoyou.com\/lt\/wp-content\/uploads\/sites\/9\/2026\/01\/tty-no-product-image-5.webp\",\"contentUrl\":\"https:\/\/www.transtoyou.com\/lt\/wp-content\/uploads\/sites\/9\/2026\/01\/tty-no-product-image-5.webp\",\"width\":1000,\"height\":1000,\"caption\":\"Numatytas produkto vaizdas\"},{\"@type\":\"WebSite\",\"@id\":\"https:\/\/www.transtoyou.com\/lt\/#website\",\"url\":\"https:\/\/www.transtoyou.com\/lt\/\",\"name\":\"Transtoyou - LT\",\"description\":\"\",\"publisher\":{\"@id\":\"https:\/\/www.transtoyou.com\/lt\/#organization\"},\"potentialAction\":[{\"@type\":\"SearchAction\",\"target\":{\"@type\":\"EntryPoint\",\"urlTemplate\":\"https:\/\/www.transtoyou.com\/lt\/?s={search_term_string}\"},\"query-input\":{\"@type\":\"PropertyValueSpecification\",\"valueRequired\":true,\"valueName\":\"search_term_string\"}}],\"inLanguage\":\"lt-LT\"},{\"@type\":\"Organization\",\"@id\":\"https:\/\/www.transtoyou.com\/lt\/#organization\",\"name\":\"Transtoyou - LT\",\"url\":\"https:\/\/www.transtoyou.com\/lt\/\",\"logo\":{\"@type\":\"ImageObject\",\"inLanguage\":\"lt-LT\",\"@id\":\"https:\/\/www.transtoyou.com\/lt\/#\/schema\/logo\/image\/\",\"url\":\"https:\/\/www.transtoyou.com\/lt\/wp-content\/uploads\/sites\/9\/2026\/01\/logo-tty-menu-bar-300x87-1.webp\",\"contentUrl\":\"https:\/\/www.transtoyou.com\/lt\/wp-content\/uploads\/sites\/9\/2026\/01\/logo-tty-menu-bar-300x87-1.webp\",\"width\":300,\"height\":87,\"caption\":\"Transtoyou - LT\"},\"image\":{\"@id\":\"https:\/\/www.transtoyou.com\/lt\/#\/schema\/logo\/image\/\"}}]}<\/script>\n<!-- \/ Yoast SEO plugin. -->","yoast_head_json":{"title":"Permetrinas | Paguoskite savo od\u0105 \u0161iandien - Transtoyou","description":"Atraskite Permetrin\u0105, patikim\u0105 sprendim\u0105 efektyviai kovoti su nie\u017eais. \u012esigykite lengvai ir greitai su Transtoyou.","robots":{"index":"noindex","follow":"follow","max-snippet":"max-snippet:-1","max-image-preview":"max-image-preview:large","max-video-preview":"max-video-preview:-1"},"og_locale":"lt_LT","og_type":"article","og_title":"Permetrinas | Paguoskite savo od\u0105 \u0161iandien - Transtoyou","og_description":"Atraskite Permetrin\u0105, patikim\u0105 sprendim\u0105 efektyviai kovoti su nie\u017eais. \u012esigykite lengvai ir greitai su Transtoyou.","og_url":"https:\/\/www.transtoyou.com\/lt\/product\/permethrin\/","og_site_name":"Transtoyou - LT","article_modified_time":"2026-03-09T07:25:10+00:00","twitter_card":"summary_large_image","twitter_misc":{"Est. reading time":"1 minut\u0117"},"schema":{"@context":"https:\/\/schema.org","@graph":[{"@type":"WebPage","@id":"https:\/\/www.transtoyou.com\/lt\/product\/permethrin\/","url":"https:\/\/www.transtoyou.com\/lt\/product\/permethrin\/","name":"Permetrinas | Paguoskite savo od\u0105 \u0161iandien - Transtoyou","isPartOf":{"@id":"https:\/\/www.transtoyou.com\/lt\/#website"},"primaryImageOfPage":{"@id":"https:\/\/www.transtoyou.com\/lt\/product\/permethrin\/#primaryimage"},"image":{"@id":"https:\/\/www.transtoyou.com\/lt\/product\/permethrin\/#primaryimage"},"thumbnailUrl":"https:\/\/www.transtoyou.com\/lt\/wp-content\/uploads\/sites\/9\/2026\/01\/tty-no-product-image-5.webp","datePublished":"2026-01-22T13:21:14+00:00","dateModified":"2026-03-09T07:25:10+00:00","description":"Atraskite Permetrin\u0105, patikim\u0105 sprendim\u0105 efektyviai kovoti su nie\u017eais. \u012esigykite lengvai ir greitai su Transtoyou.","breadcrumb":{"@id":"https:\/\/www.transtoyou.com\/lt\/product\/permethrin\/#breadcrumb"},"inLanguage":"lt-LT","potentialAction":[{"@type":"ReadAction","target":["https:\/\/www.transtoyou.com\/lt\/product\/permethrin\/"]}]},{"@type":"ImageObject","inLanguage":"lt-LT","@id":"https:\/\/www.transtoyou.com\/lt\/product\/permethrin\/#primaryimage","url":"https:\/\/www.transtoyou.com\/lt\/wp-content\/uploads\/sites\/9\/2026\/01\/tty-no-product-image-5.webp","contentUrl":"https:\/\/www.transtoyou.com\/lt\/wp-content\/uploads\/sites\/9\/2026\/01\/tty-no-product-image-5.webp","width":1000,"height":1000,"caption":"Numatytas produkto vaizdas"},{"@type":"WebSite","@id":"https:\/\/www.transtoyou.com\/lt\/#website","url":"https:\/\/www.transtoyou.com\/lt\/","name":"Transtoyou - LT","description":"","publisher":{"@id":"https:\/\/www.transtoyou.com\/lt\/#organization"},"potentialAction":[{"@type":"SearchAction","target":{"@type":"EntryPoint","urlTemplate":"https:\/\/www.transtoyou.com\/lt\/?s={search_term_string}"},"query-input":{"@type":"PropertyValueSpecification","valueRequired":true,"valueName":"search_term_string"}}],"inLanguage":"lt-LT"},{"@type":"Organization","@id":"https:\/\/www.transtoyou.com\/lt\/#organization","name":"Transtoyou - LT","url":"https:\/\/www.transtoyou.com\/lt\/","logo":{"@type":"ImageObject","inLanguage":"lt-LT","@id":"https:\/\/www.transtoyou.com\/lt\/#\/schema\/logo\/image\/","url":"https:\/\/www.transtoyou.com\/lt\/wp-content\/uploads\/sites\/9\/2026\/01\/logo-tty-menu-bar-300x87-1.webp","contentUrl":"https:\/\/www.transtoyou.com\/lt\/wp-content\/uploads\/sites\/9\/2026\/01\/logo-tty-menu-bar-300x87-1.webp","width":300,"height":87,"caption":"Transtoyou - LT"},"image":{"@id":"https:\/\/www.transtoyou.com\/lt\/#\/schema\/logo\/image\/"}}]}},"_links":{"self":[{"href":"https:\/\/www.transtoyou.com\/lt\/wp-json\/wp\/v2\/product\/729","targetHints":{"allow":["GET"]}}],"collection":[{"href":"https:\/\/www.transtoyou.com\/lt\/wp-json\/wp\/v2\/product"}],"about":[{"href":"https:\/\/www.transtoyou.com\/lt\/wp-json\/wp\/v2\/types\/product"}],"replies":[{"embeddable":true,"href":"https:\/\/www.transtoyou.com\/lt\/wp-json\/wp\/v2\/comments?post=729"}],"wp:featuredmedia":[{"embeddable":true,"href":"https:\/\/www.transtoyou.com\/lt\/wp-json\/wp\/v2\/media\/730"}],"wp:attachment":[{"href":"https:\/\/www.transtoyou.com\/lt\/wp-json\/wp\/v2\/media?parent=729"}],"wp:term":[{"taxonomy":"product_brand","embeddable":true,"href":"https:\/\/www.transtoyou.com\/lt\/wp-json\/wp\/v2\/product_brand?post=729"},{"taxonomy":"product_cat","embeddable":true,"href":"https:\/\/www.transtoyou.com\/lt\/wp-json\/wp\/v2\/product_cat?post=729"},{"taxonomy":"product_tag","embeddable":true,"href":"https:\/\/www.transtoyou.com\/lt\/wp-json\/wp\/v2\/product_tag?post=729"},{"taxonomy":"expert","embeddable":true,"href":"https:\/\/www.transtoyou.com\/lt\/wp-json\/wp\/v2\/expert?post=729"}],"curies":[{"name":"wp","href":"https:\/\/api.w.org\/{rel}","templated":true}]}}