{"id":731,"date":"2026-01-22T15:37:00","date_gmt":"2026-01-22T13:37:00","guid":{"rendered":"https:\/\/www.transtoyou.com\/lt\/product\/vermox\/"},"modified":"2026-03-07T16:05:02","modified_gmt":"2026-03-07T14:05:02","slug":"vermox","status":"publish","type":"product","link":"https:\/\/www.transtoyou.com\/lt\/product\/vermox\/","title":{"rendered":"Vermox"},"content":{"rendered":"<p>Vermox yra pla\u010diai naudojama gydymo priemon\u0117 \u017earnyno kirmin\u0173 infekcijoms, ypa\u010d veiksminga prie\u0161 pinworms, roundworms, whipworms ir hookworms. Jame yra aktyvus ingredientas mebendazolas, kuris trukdo kirminams absorbuoti gliukoz\u0119, j\u0173 pagrindin\u012f energijos \u0161altin\u012f. D\u0117l to parazitai praranda energij\u0105, mir\u0161ta ir nat\u016braliai pa\u0161alinami i\u0161 organizmo per vir\u0161kinimo sistem\u0105.<\/p>\n<p>Kirm\u0117lin\u0117s infekcijos gali sukelti simptomus, tokius kaip analinis nie\u017e\u0117jimas, neramumas, skrand\u017eio spazmai ir mitybos tr\u016bkumai. Vermox si\u016blo paprast\u0105 ir efektyv\u0173 b\u016bd\u0105 palengvinti \u0161iuos simptomus ir pa\u0161alinti infekcij\u0105. Jis paprastai skiriamas kaip vienkartin\u0117 doz\u0117, o kai kuriais atvejais rekomenduojama antr\u0105 doz\u0119 vartoti po dviej\u0173 savai\u010di\u0173, kad b\u016bt\u0173 i\u0161vengta pakartotin\u0117s infekcijos.<\/p>\n<p>\u0160i medicinin\u0117 priemon\u0117 paprastai gerai toleruojama, o \u0161alutiniai poveikiai pasitaiko retai ir da\u017eniausiai b\u016bna lengvi. Kai jie pasirei\u0161kia, gali b\u016bti laikinas vir\u0161kinimo trakto diskomfortas. Vermox lieka vir\u0161kinimo trakte ir minimaliai absorbuojamas \u012f krauj\u0105, kas suma\u017eina sistemini\u0173 \u0161alutini\u0173 poveiki\u0173 rizik\u0105.<\/p>\n<p>Norint u\u017ekirsti keli\u0105 kirmin\u0173 plitimui, rekomenduojama laikytis higienos priemoni\u0173, toki\u0173 kaip reguliarus rank\u0173 plovimas, trumpi nagai ir da\u017enas patalyn\u0117s bei drabu\u017ei\u0173 plovimas. Visi nam\u0173 \u016bkio nariai tur\u0117t\u0173 b\u016bti gydomi vienu metu, kad b\u016bt\u0173 sustabdyta infekcijos pasikartojimas.<\/p>\n","protected":false},"excerpt":{"rendered":"<ul>\n<li>Veiksmingas prie\u0161 kelias kirmin\u0173 r\u016b\u0161is<\/li>\n<li>Viena arba dvi doz\u0117s gydymas<\/li>\n<li>\u0160eimai draugi\u0161kos galimyb\u0117s<\/li>\n<\/ul>\n","protected":false},"featured_media":733,"comment_status":"open","ping_status":"closed","template":"","meta":[],"product_brand":[],"product_cat":[180],"product_tag":[],"expert":[],"class_list":{"0":"post-731","1":"product","2":"type-product","3":"status-publish","4":"has-post-thumbnail","6":"product_cat-kirmeles","8":"first","9":"instock","10":"shipping-taxable","11":"product-type-variable"},"yoast_head":"<!-- This site is optimized with the Yoast SEO plugin v27.0 - https:\/\/yoast.com\/product\/yoast-seo-wordpress\/ -->\n<title>Vermox | Efektyvi parazit\u0173 gydymo priemon\u0117 - Transtoyou<\/title>\n<meta name=\"description\" content=\"Vermox prieinamas Transtoyou, patikimo sveikatos platformos. Pirkite dabar efektyviam parazitini\u0173 infekcij\u0173 gydymui. Patogu ir patikima.\" \/>\n<meta name=\"robots\" content=\"noindex, follow, max-snippet:-1, max-image-preview:large, max-video-preview:-1\" \/>\n<meta property=\"og:locale\" content=\"lt_LT\" \/>\n<meta property=\"og:type\" content=\"article\" \/>\n<meta property=\"og:title\" content=\"Vermox | Efektyvi parazit\u0173 gydymo priemon\u0117 - Transtoyou\" \/>\n<meta property=\"og:description\" content=\"Vermox prieinamas Transtoyou, patikimo sveikatos platformos. Pirkite dabar efektyviam parazitini\u0173 infekcij\u0173 gydymui. Patogu ir patikima.\" \/>\n<meta property=\"og:url\" content=\"https:\/\/www.transtoyou.com\/lt\/product\/vermox\/\" \/>\n<meta property=\"og:site_name\" content=\"Transtoyou - LT\" \/>\n<meta property=\"article:modified_time\" content=\"2026-03-07T14:05:02+00:00\" \/>\n<meta name=\"twitter:card\" content=\"summary_large_image\" \/>\n<meta name=\"twitter:label1\" content=\"Est. reading time\" \/>\n\t<meta name=\"twitter:data1\" content=\"1 minut\u0117\" \/>\n<script type=\"application\/ld+json\" class=\"yoast-schema-graph\">{\"@context\":\"https:\/\/schema.org\",\"@graph\":[{\"@type\":\"WebPage\",\"@id\":\"https:\/\/www.transtoyou.com\/lt\/product\/vermox\/\",\"url\":\"https:\/\/www.transtoyou.com\/lt\/product\/vermox\/\",\"name\":\"Vermox | Efektyvi parazit\u0173 gydymo priemon\u0117 - Transtoyou\",\"isPartOf\":{\"@id\":\"https:\/\/www.transtoyou.com\/lt\/#website\"},\"primaryImageOfPage\":{\"@id\":\"https:\/\/www.transtoyou.com\/lt\/product\/vermox\/#primaryimage\"},\"image\":{\"@id\":\"https:\/\/www.transtoyou.com\/lt\/product\/vermox\/#primaryimage\"},\"thumbnailUrl\":\"https:\/\/www.transtoyou.com\/lt\/wp-content\/uploads\/sites\/9\/2026\/01\/tty-no-product-image-6.webp\",\"datePublished\":\"2026-01-22T13:37:00+00:00\",\"dateModified\":\"2026-03-07T14:05:02+00:00\",\"description\":\"Vermox prieinamas Transtoyou, patikimo sveikatos platformos. Pirkite dabar efektyviam parazitini\u0173 infekcij\u0173 gydymui. Patogu ir patikima.\",\"breadcrumb\":{\"@id\":\"https:\/\/www.transtoyou.com\/lt\/product\/vermox\/#breadcrumb\"},\"inLanguage\":\"lt-LT\",\"potentialAction\":[{\"@type\":\"ReadAction\",\"target\":[\"https:\/\/www.transtoyou.com\/lt\/product\/vermox\/\"]}]},{\"@type\":\"ImageObject\",\"inLanguage\":\"lt-LT\",\"@id\":\"https:\/\/www.transtoyou.com\/lt\/product\/vermox\/#primaryimage\",\"url\":\"https:\/\/www.transtoyou.com\/lt\/wp-content\/uploads\/sites\/9\/2026\/01\/tty-no-product-image-6.webp\",\"contentUrl\":\"https:\/\/www.transtoyou.com\/lt\/wp-content\/uploads\/sites\/9\/2026\/01\/tty-no-product-image-6.webp\",\"width\":1000,\"height\":1000,\"caption\":\"Numatytasis produkto vaizdas\"},{\"@type\":\"WebSite\",\"@id\":\"https:\/\/www.transtoyou.com\/lt\/#website\",\"url\":\"https:\/\/www.transtoyou.com\/lt\/\",\"name\":\"Transtoyou - LT\",\"description\":\"\",\"publisher\":{\"@id\":\"https:\/\/www.transtoyou.com\/lt\/#organization\"},\"potentialAction\":[{\"@type\":\"SearchAction\",\"target\":{\"@type\":\"EntryPoint\",\"urlTemplate\":\"https:\/\/www.transtoyou.com\/lt\/?s={search_term_string}\"},\"query-input\":{\"@type\":\"PropertyValueSpecification\",\"valueRequired\":true,\"valueName\":\"search_term_string\"}}],\"inLanguage\":\"lt-LT\"},{\"@type\":\"Organization\",\"@id\":\"https:\/\/www.transtoyou.com\/lt\/#organization\",\"name\":\"Transtoyou - LT\",\"url\":\"https:\/\/www.transtoyou.com\/lt\/\",\"logo\":{\"@type\":\"ImageObject\",\"inLanguage\":\"lt-LT\",\"@id\":\"https:\/\/www.transtoyou.com\/lt\/#\/schema\/logo\/image\/\",\"url\":\"https:\/\/www.transtoyou.com\/lt\/wp-content\/uploads\/sites\/9\/2026\/01\/logo-tty-menu-bar-300x87-1.webp\",\"contentUrl\":\"https:\/\/www.transtoyou.com\/lt\/wp-content\/uploads\/sites\/9\/2026\/01\/logo-tty-menu-bar-300x87-1.webp\",\"width\":300,\"height\":87,\"caption\":\"Transtoyou - LT\"},\"image\":{\"@id\":\"https:\/\/www.transtoyou.com\/lt\/#\/schema\/logo\/image\/\"}}]}<\/script>\n<!-- \/ Yoast SEO plugin. -->","yoast_head_json":{"title":"Vermox | Efektyvi parazit\u0173 gydymo priemon\u0117 - Transtoyou","description":"Vermox prieinamas Transtoyou, patikimo sveikatos platformos. Pirkite dabar efektyviam parazitini\u0173 infekcij\u0173 gydymui. Patogu ir patikima.","robots":{"index":"noindex","follow":"follow","max-snippet":"max-snippet:-1","max-image-preview":"max-image-preview:large","max-video-preview":"max-video-preview:-1"},"og_locale":"lt_LT","og_type":"article","og_title":"Vermox | Efektyvi parazit\u0173 gydymo priemon\u0117 - Transtoyou","og_description":"Vermox prieinamas Transtoyou, patikimo sveikatos platformos. Pirkite dabar efektyviam parazitini\u0173 infekcij\u0173 gydymui. Patogu ir patikima.","og_url":"https:\/\/www.transtoyou.com\/lt\/product\/vermox\/","og_site_name":"Transtoyou - LT","article_modified_time":"2026-03-07T14:05:02+00:00","twitter_card":"summary_large_image","twitter_misc":{"Est. reading time":"1 minut\u0117"},"schema":{"@context":"https:\/\/schema.org","@graph":[{"@type":"WebPage","@id":"https:\/\/www.transtoyou.com\/lt\/product\/vermox\/","url":"https:\/\/www.transtoyou.com\/lt\/product\/vermox\/","name":"Vermox | Efektyvi parazit\u0173 gydymo priemon\u0117 - Transtoyou","isPartOf":{"@id":"https:\/\/www.transtoyou.com\/lt\/#website"},"primaryImageOfPage":{"@id":"https:\/\/www.transtoyou.com\/lt\/product\/vermox\/#primaryimage"},"image":{"@id":"https:\/\/www.transtoyou.com\/lt\/product\/vermox\/#primaryimage"},"thumbnailUrl":"https:\/\/www.transtoyou.com\/lt\/wp-content\/uploads\/sites\/9\/2026\/01\/tty-no-product-image-6.webp","datePublished":"2026-01-22T13:37:00+00:00","dateModified":"2026-03-07T14:05:02+00:00","description":"Vermox prieinamas Transtoyou, patikimo sveikatos platformos. Pirkite dabar efektyviam parazitini\u0173 infekcij\u0173 gydymui. Patogu ir patikima.","breadcrumb":{"@id":"https:\/\/www.transtoyou.com\/lt\/product\/vermox\/#breadcrumb"},"inLanguage":"lt-LT","potentialAction":[{"@type":"ReadAction","target":["https:\/\/www.transtoyou.com\/lt\/product\/vermox\/"]}]},{"@type":"ImageObject","inLanguage":"lt-LT","@id":"https:\/\/www.transtoyou.com\/lt\/product\/vermox\/#primaryimage","url":"https:\/\/www.transtoyou.com\/lt\/wp-content\/uploads\/sites\/9\/2026\/01\/tty-no-product-image-6.webp","contentUrl":"https:\/\/www.transtoyou.com\/lt\/wp-content\/uploads\/sites\/9\/2026\/01\/tty-no-product-image-6.webp","width":1000,"height":1000,"caption":"Numatytasis produkto vaizdas"},{"@type":"WebSite","@id":"https:\/\/www.transtoyou.com\/lt\/#website","url":"https:\/\/www.transtoyou.com\/lt\/","name":"Transtoyou - LT","description":"","publisher":{"@id":"https:\/\/www.transtoyou.com\/lt\/#organization"},"potentialAction":[{"@type":"SearchAction","target":{"@type":"EntryPoint","urlTemplate":"https:\/\/www.transtoyou.com\/lt\/?s={search_term_string}"},"query-input":{"@type":"PropertyValueSpecification","valueRequired":true,"valueName":"search_term_string"}}],"inLanguage":"lt-LT"},{"@type":"Organization","@id":"https:\/\/www.transtoyou.com\/lt\/#organization","name":"Transtoyou - LT","url":"https:\/\/www.transtoyou.com\/lt\/","logo":{"@type":"ImageObject","inLanguage":"lt-LT","@id":"https:\/\/www.transtoyou.com\/lt\/#\/schema\/logo\/image\/","url":"https:\/\/www.transtoyou.com\/lt\/wp-content\/uploads\/sites\/9\/2026\/01\/logo-tty-menu-bar-300x87-1.webp","contentUrl":"https:\/\/www.transtoyou.com\/lt\/wp-content\/uploads\/sites\/9\/2026\/01\/logo-tty-menu-bar-300x87-1.webp","width":300,"height":87,"caption":"Transtoyou - LT"},"image":{"@id":"https:\/\/www.transtoyou.com\/lt\/#\/schema\/logo\/image\/"}}]}},"_links":{"self":[{"href":"https:\/\/www.transtoyou.com\/lt\/wp-json\/wp\/v2\/product\/731","targetHints":{"allow":["GET"]}}],"collection":[{"href":"https:\/\/www.transtoyou.com\/lt\/wp-json\/wp\/v2\/product"}],"about":[{"href":"https:\/\/www.transtoyou.com\/lt\/wp-json\/wp\/v2\/types\/product"}],"replies":[{"embeddable":true,"href":"https:\/\/www.transtoyou.com\/lt\/wp-json\/wp\/v2\/comments?post=731"}],"wp:featuredmedia":[{"embeddable":true,"href":"https:\/\/www.transtoyou.com\/lt\/wp-json\/wp\/v2\/media\/733"}],"wp:attachment":[{"href":"https:\/\/www.transtoyou.com\/lt\/wp-json\/wp\/v2\/media?parent=731"}],"wp:term":[{"taxonomy":"product_brand","embeddable":true,"href":"https:\/\/www.transtoyou.com\/lt\/wp-json\/wp\/v2\/product_brand?post=731"},{"taxonomy":"product_cat","embeddable":true,"href":"https:\/\/www.transtoyou.com\/lt\/wp-json\/wp\/v2\/product_cat?post=731"},{"taxonomy":"product_tag","embeddable":true,"href":"https:\/\/www.transtoyou.com\/lt\/wp-json\/wp\/v2\/product_tag?post=731"},{"taxonomy":"expert","embeddable":true,"href":"https:\/\/www.transtoyou.com\/lt\/wp-json\/wp\/v2\/expert?post=731"}],"curies":[{"name":"wp","href":"https:\/\/api.w.org\/{rel}","templated":true}]}}