{"id":734,"date":"2026-01-22T15:52:33","date_gmt":"2026-01-22T13:52:33","guid":{"rendered":"https:\/\/www.transtoyou.com\/lt\/product\/molevac\/"},"modified":"2026-02-28T12:27:39","modified_gmt":"2026-02-28T10:27:39","slug":"molevac","status":"publish","type":"product","link":"https:\/\/www.transtoyou.com\/lt\/product\/molevac\/","title":{"rendered":"Molevac"},"content":{"rendered":"<p>Molevac yra vaistas, naudojamas \u017earnyno kirmin\u0173, ypa\u010d ma\u017e\u0173j\u0173 kirmin\u0173, sukeltoms infekcijoms gydyti. Ma\u017e\u0173j\u0173 kirmin\u0173 infekcijos yra da\u017enos, ypa\u010d vaikams, ir gali sukelti tokius simptomus kaip nie\u017e\u0117jimas (neramumas) aplink i\u0161ang\u0119, neramumas ir lengvas pilvo diskomfortas. Molevac sud\u0117tyje yra veikliosios med\u017eiagos pirvinium embonatas, kuris veikia paraly\u017eiuodamas kirminus, kad jie gal\u0117t\u0173 b\u016bti nat\u016braliai i\u0161stumti per i\u0161matas.<\/p>\n<p>\u0160i gydymo priemon\u0117 paprastai skiriama kaip vienkartin\u0117 peroralin\u0117 doz\u0117, o pakartotin\u0117 doz\u0117 rekomenduojama po dviej\u0173 savai\u010di\u0173, kad b\u016bt\u0173 i\u0161vengta pakartotin\u0117s infekcijos. Kadangi ma\u017eieji kirminai lengvai plinta per kontakt\u0105 ir u\u017ekr\u0117stas pavir\u0161ius, rekomenduojama tuo pa\u010diu metu gydyti visus nam\u0173 \u016bkio narius, kad b\u016bt\u0173 i\u0161vengta pakartotin\u0117s infekcijos.<\/p>\n<p>Molevac gerai toleruojamas, labai retai pasirei\u0161kia \u0161alutiniai poveikiai. Kai kurie \u017emon\u0117s gali pasteb\u0117ti lengvus vir\u0161kinimo simptomus, tokius kaip pykinimas ar spazmai, ta\u010diau jie paprastai b\u016bna trumpalaikiai. Geros higienos laikymasis yra b\u016btinas gydymo metu ir po jo, kad b\u016bt\u0173 i\u0161vengta tolesnio kirmin\u0173 plitimo. Tai apima reguliar\u0173 rank\u0173 plovim\u0105, patalyn\u0117s ir drabu\u017ei\u0173 valym\u0105 bei nag\u0173 trumpinim\u0105.<\/p>\n","protected":false},"excerpt":{"rendered":"<ul>\n<li>Viena doz\u0117 gydymo<\/li>\n<li>Veikia prie\u0161 kirm\u0117les<\/li>\n<li>Tinka daugeliui \u017emoni\u0173<\/li>\n<\/ul>\n","protected":false},"featured_media":735,"comment_status":"open","ping_status":"closed","template":"","meta":[],"product_brand":[],"product_cat":[180],"product_tag":[],"expert":[21],"class_list":{"0":"post-734","1":"product","2":"type-product","3":"status-publish","4":"has-post-thumbnail","6":"product_cat-kirmeles","7":"expert-dr-m-sharoyko","9":"first","10":"outofstock","11":"shipping-taxable","12":"product-type-simple"},"yoast_head":"<!-- This site is optimized with the Yoast SEO plugin v27.0 - https:\/\/yoast.com\/product\/yoast-seo-wordpress\/ -->\n<title>Molevac | Efektyvus parazit\u0173 sprendimas - Transtoyou<\/title>\n<meta name=\"description\" content=\"Atraskite Molevac efektyviam parazit\u0173 \u0161alinimui, prieinamam Transtoyou. Palaikykite \u017earnyno sveikat\u0105 su m\u016bs\u0173 formule. \u012esigykite dabar!\" \/>\n<meta name=\"robots\" content=\"noindex, follow, max-snippet:-1, max-image-preview:large, max-video-preview:-1\" \/>\n<meta property=\"og:locale\" content=\"lt_LT\" \/>\n<meta property=\"og:type\" content=\"article\" \/>\n<meta property=\"og:title\" content=\"Molevac | Efektyvus parazit\u0173 sprendimas - Transtoyou\" \/>\n<meta property=\"og:description\" content=\"Atraskite Molevac efektyviam parazit\u0173 \u0161alinimui, prieinamam Transtoyou. Palaikykite \u017earnyno sveikat\u0105 su m\u016bs\u0173 formule. \u012esigykite dabar!\" \/>\n<meta property=\"og:url\" content=\"https:\/\/www.transtoyou.com\/lt\/product\/molevac\/\" \/>\n<meta property=\"og:site_name\" content=\"Transtoyou - LT\" \/>\n<meta property=\"article:modified_time\" content=\"2026-02-28T10:27:39+00:00\" \/>\n<meta name=\"twitter:card\" content=\"summary_large_image\" \/>\n<meta name=\"twitter:label1\" content=\"Est. reading time\" \/>\n\t<meta name=\"twitter:data1\" content=\"1 minut\u0117\" \/>\n<script type=\"application\/ld+json\" class=\"yoast-schema-graph\">{\"@context\":\"https:\/\/schema.org\",\"@graph\":[{\"@type\":\"WebPage\",\"@id\":\"https:\/\/www.transtoyou.com\/lt\/product\/molevac\/\",\"url\":\"https:\/\/www.transtoyou.com\/lt\/product\/molevac\/\",\"name\":\"Molevac | Efektyvus parazit\u0173 sprendimas - Transtoyou\",\"isPartOf\":{\"@id\":\"https:\/\/www.transtoyou.com\/lt\/#website\"},\"primaryImageOfPage\":{\"@id\":\"https:\/\/www.transtoyou.com\/lt\/product\/molevac\/#primaryimage\"},\"image\":{\"@id\":\"https:\/\/www.transtoyou.com\/lt\/product\/molevac\/#primaryimage\"},\"thumbnailUrl\":\"https:\/\/www.transtoyou.com\/lt\/wp-content\/uploads\/sites\/9\/2026\/01\/tty-no-product-image-7.webp\",\"datePublished\":\"2026-01-22T13:52:33+00:00\",\"dateModified\":\"2026-02-28T10:27:39+00:00\",\"description\":\"Atraskite Molevac efektyviam parazit\u0173 \u0161alinimui, prieinamam Transtoyou. Palaikykite \u017earnyno sveikat\u0105 su m\u016bs\u0173 formule. \u012esigykite dabar!\",\"breadcrumb\":{\"@id\":\"https:\/\/www.transtoyou.com\/lt\/product\/molevac\/#breadcrumb\"},\"inLanguage\":\"lt-LT\",\"potentialAction\":[{\"@type\":\"ReadAction\",\"target\":[\"https:\/\/www.transtoyou.com\/lt\/product\/molevac\/\"]}]},{\"@type\":\"ImageObject\",\"inLanguage\":\"lt-LT\",\"@id\":\"https:\/\/www.transtoyou.com\/lt\/product\/molevac\/#primaryimage\",\"url\":\"https:\/\/www.transtoyou.com\/lt\/wp-content\/uploads\/sites\/9\/2026\/01\/tty-no-product-image-7.webp\",\"contentUrl\":\"https:\/\/www.transtoyou.com\/lt\/wp-content\/uploads\/sites\/9\/2026\/01\/tty-no-product-image-7.webp\",\"width\":1000,\"height\":1000,\"caption\":\"Numatytas produkto vaizdas\"},{\"@type\":\"WebSite\",\"@id\":\"https:\/\/www.transtoyou.com\/lt\/#website\",\"url\":\"https:\/\/www.transtoyou.com\/lt\/\",\"name\":\"Transtoyou - LT\",\"description\":\"\",\"publisher\":{\"@id\":\"https:\/\/www.transtoyou.com\/lt\/#organization\"},\"potentialAction\":[{\"@type\":\"SearchAction\",\"target\":{\"@type\":\"EntryPoint\",\"urlTemplate\":\"https:\/\/www.transtoyou.com\/lt\/?s={search_term_string}\"},\"query-input\":{\"@type\":\"PropertyValueSpecification\",\"valueRequired\":true,\"valueName\":\"search_term_string\"}}],\"inLanguage\":\"lt-LT\"},{\"@type\":\"Organization\",\"@id\":\"https:\/\/www.transtoyou.com\/lt\/#organization\",\"name\":\"Transtoyou - LT\",\"url\":\"https:\/\/www.transtoyou.com\/lt\/\",\"logo\":{\"@type\":\"ImageObject\",\"inLanguage\":\"lt-LT\",\"@id\":\"https:\/\/www.transtoyou.com\/lt\/#\/schema\/logo\/image\/\",\"url\":\"https:\/\/www.transtoyou.com\/lt\/wp-content\/uploads\/sites\/9\/2026\/01\/logo-tty-menu-bar-300x87-1.webp\",\"contentUrl\":\"https:\/\/www.transtoyou.com\/lt\/wp-content\/uploads\/sites\/9\/2026\/01\/logo-tty-menu-bar-300x87-1.webp\",\"width\":300,\"height\":87,\"caption\":\"Transtoyou - LT\"},\"image\":{\"@id\":\"https:\/\/www.transtoyou.com\/lt\/#\/schema\/logo\/image\/\"}}]}<\/script>\n<!-- \/ Yoast SEO plugin. -->","yoast_head_json":{"title":"Molevac | Efektyvus parazit\u0173 sprendimas - Transtoyou","description":"Atraskite Molevac efektyviam parazit\u0173 \u0161alinimui, prieinamam Transtoyou. Palaikykite \u017earnyno sveikat\u0105 su m\u016bs\u0173 formule. \u012esigykite dabar!","robots":{"index":"noindex","follow":"follow","max-snippet":"max-snippet:-1","max-image-preview":"max-image-preview:large","max-video-preview":"max-video-preview:-1"},"og_locale":"lt_LT","og_type":"article","og_title":"Molevac | Efektyvus parazit\u0173 sprendimas - Transtoyou","og_description":"Atraskite Molevac efektyviam parazit\u0173 \u0161alinimui, prieinamam Transtoyou. Palaikykite \u017earnyno sveikat\u0105 su m\u016bs\u0173 formule. \u012esigykite dabar!","og_url":"https:\/\/www.transtoyou.com\/lt\/product\/molevac\/","og_site_name":"Transtoyou - LT","article_modified_time":"2026-02-28T10:27:39+00:00","twitter_card":"summary_large_image","twitter_misc":{"Est. reading time":"1 minut\u0117"},"schema":{"@context":"https:\/\/schema.org","@graph":[{"@type":"WebPage","@id":"https:\/\/www.transtoyou.com\/lt\/product\/molevac\/","url":"https:\/\/www.transtoyou.com\/lt\/product\/molevac\/","name":"Molevac | Efektyvus parazit\u0173 sprendimas - Transtoyou","isPartOf":{"@id":"https:\/\/www.transtoyou.com\/lt\/#website"},"primaryImageOfPage":{"@id":"https:\/\/www.transtoyou.com\/lt\/product\/molevac\/#primaryimage"},"image":{"@id":"https:\/\/www.transtoyou.com\/lt\/product\/molevac\/#primaryimage"},"thumbnailUrl":"https:\/\/www.transtoyou.com\/lt\/wp-content\/uploads\/sites\/9\/2026\/01\/tty-no-product-image-7.webp","datePublished":"2026-01-22T13:52:33+00:00","dateModified":"2026-02-28T10:27:39+00:00","description":"Atraskite Molevac efektyviam parazit\u0173 \u0161alinimui, prieinamam Transtoyou. Palaikykite \u017earnyno sveikat\u0105 su m\u016bs\u0173 formule. \u012esigykite dabar!","breadcrumb":{"@id":"https:\/\/www.transtoyou.com\/lt\/product\/molevac\/#breadcrumb"},"inLanguage":"lt-LT","potentialAction":[{"@type":"ReadAction","target":["https:\/\/www.transtoyou.com\/lt\/product\/molevac\/"]}]},{"@type":"ImageObject","inLanguage":"lt-LT","@id":"https:\/\/www.transtoyou.com\/lt\/product\/molevac\/#primaryimage","url":"https:\/\/www.transtoyou.com\/lt\/wp-content\/uploads\/sites\/9\/2026\/01\/tty-no-product-image-7.webp","contentUrl":"https:\/\/www.transtoyou.com\/lt\/wp-content\/uploads\/sites\/9\/2026\/01\/tty-no-product-image-7.webp","width":1000,"height":1000,"caption":"Numatytas produkto vaizdas"},{"@type":"WebSite","@id":"https:\/\/www.transtoyou.com\/lt\/#website","url":"https:\/\/www.transtoyou.com\/lt\/","name":"Transtoyou - LT","description":"","publisher":{"@id":"https:\/\/www.transtoyou.com\/lt\/#organization"},"potentialAction":[{"@type":"SearchAction","target":{"@type":"EntryPoint","urlTemplate":"https:\/\/www.transtoyou.com\/lt\/?s={search_term_string}"},"query-input":{"@type":"PropertyValueSpecification","valueRequired":true,"valueName":"search_term_string"}}],"inLanguage":"lt-LT"},{"@type":"Organization","@id":"https:\/\/www.transtoyou.com\/lt\/#organization","name":"Transtoyou - LT","url":"https:\/\/www.transtoyou.com\/lt\/","logo":{"@type":"ImageObject","inLanguage":"lt-LT","@id":"https:\/\/www.transtoyou.com\/lt\/#\/schema\/logo\/image\/","url":"https:\/\/www.transtoyou.com\/lt\/wp-content\/uploads\/sites\/9\/2026\/01\/logo-tty-menu-bar-300x87-1.webp","contentUrl":"https:\/\/www.transtoyou.com\/lt\/wp-content\/uploads\/sites\/9\/2026\/01\/logo-tty-menu-bar-300x87-1.webp","width":300,"height":87,"caption":"Transtoyou - LT"},"image":{"@id":"https:\/\/www.transtoyou.com\/lt\/#\/schema\/logo\/image\/"}}]}},"_links":{"self":[{"href":"https:\/\/www.transtoyou.com\/lt\/wp-json\/wp\/v2\/product\/734","targetHints":{"allow":["GET"]}}],"collection":[{"href":"https:\/\/www.transtoyou.com\/lt\/wp-json\/wp\/v2\/product"}],"about":[{"href":"https:\/\/www.transtoyou.com\/lt\/wp-json\/wp\/v2\/types\/product"}],"replies":[{"embeddable":true,"href":"https:\/\/www.transtoyou.com\/lt\/wp-json\/wp\/v2\/comments?post=734"}],"wp:featuredmedia":[{"embeddable":true,"href":"https:\/\/www.transtoyou.com\/lt\/wp-json\/wp\/v2\/media\/735"}],"wp:attachment":[{"href":"https:\/\/www.transtoyou.com\/lt\/wp-json\/wp\/v2\/media?parent=734"}],"wp:term":[{"taxonomy":"product_brand","embeddable":true,"href":"https:\/\/www.transtoyou.com\/lt\/wp-json\/wp\/v2\/product_brand?post=734"},{"taxonomy":"product_cat","embeddable":true,"href":"https:\/\/www.transtoyou.com\/lt\/wp-json\/wp\/v2\/product_cat?post=734"},{"taxonomy":"product_tag","embeddable":true,"href":"https:\/\/www.transtoyou.com\/lt\/wp-json\/wp\/v2\/product_tag?post=734"},{"taxonomy":"expert","embeddable":true,"href":"https:\/\/www.transtoyou.com\/lt\/wp-json\/wp\/v2\/expert?post=734"}],"curies":[{"name":"wp","href":"https:\/\/api.w.org\/{rel}","templated":true}]}}