{"id":739,"date":"2026-01-22T16:26:37","date_gmt":"2026-01-22T14:26:37","guid":{"rendered":"https:\/\/www.transtoyou.com\/lt\/product\/wegovy\/"},"modified":"2026-03-08T12:41:18","modified_gmt":"2026-03-08T10:41:18","slug":"wegovy","status":"publish","type":"product","link":"https:\/\/www.transtoyou.com\/lt\/product\/wegovy\/","title":{"rendered":"Wegovy"},"content":{"rendered":"<p>Wegovy yra receptinis vaistas, sukurtas palaikyti ilgalaik\u012f svorio valdym\u0105 suaugusiems, kurie yra antsvorio arba nutuk\u0119. Jame yra semaglutido, junginio, kuris imituoja nat\u016braliai organizme esan\u010di\u0105 hormon\u0105, \u017einom\u0105 kaip GLP-1, kuris atlieka svarb\u0173 vaidmen\u012f reguliuojant apetit\u0105 ir maisto vartojim\u0105. Tiksliai veikdamas tam tikrus receptorius smegenyse, Wegovy padeda suma\u017einti alk\u012f, padidinti sotumo jausm\u0105 ir apriboti bendr\u0105 kalorij\u0173 suvartojim\u0105.<\/p>\n<p>Wegovy skiriamas kaip kart\u0105 per savait\u0119 atliekama injekcija po oda naudojant i\u0161 anksto u\u017epildyt\u0105 pie\u0161tuk\u0105. Jis skirtas naudoti kartu su suma\u017einta kalorij\u0173 dieta ir padid\u0117jusia fizine veikla. \u017dmon\u0117s, vartojantys Wegovy, paprastai patiria palaipsn\u012f ir nuolatin\u012f svorio netekim\u0105 laikui b\u0117gant. Tai ne tik palaiko geresn\u0119 fizin\u0119 sveikat\u0105, bet ir suma\u017eina svorio susijusi\u0173 lig\u0173, toki\u0173 kaip 2 tipo diabetas, auk\u0161tas kraujosp\u016bdis ir \u0161irdies ir kraujagysli\u0173 ligos, rizik\u0105.<\/p>\n<p>Vaistas pradedamas vartoti nuo ma\u017eos doz\u0117s, kuri palaipsniui didinama per kelias savaites iki pilnos palaikomosios doz\u0117s. \u0160is po\u017ei\u016bris padeda organizmui prisitaikyti ir suma\u017eina \u0161alutinio poveikio, tokio kaip pykinimas, v\u0117mimas ar vir\u0161kinimo diskomfortas, rizik\u0105. Wegovy neveikia kaip stimuliatorius ir tiesiogiai nepaveikia med\u017eiag\u0173 apykaitos, bet skatina sveikesn\u012f valgymo elges\u012f reguliuodamas apetit\u0105 signalus.<\/p>\n","protected":false},"excerpt":{"rendered":"<ul>\n<li>Savaitin\u0117 injekcija<\/li>\n<li>Ma\u017eina apetit\u0105<\/li>\n<li>Ilgalaik\u0117 svorio palaikymo priemon\u0117<\/li>\n<\/ul>\n","protected":false},"featured_media":741,"comment_status":"open","ping_status":"closed","template":"","meta":[],"product_brand":[],"product_cat":[177],"product_tag":[],"expert":[16],"class_list":{"0":"post-739","1":"product","2":"type-product","3":"status-publish","4":"has-post-thumbnail","6":"product_cat-lieknejimas","7":"expert-dr-c-alexandru","9":"first","10":"instock","11":"shipping-taxable","12":"product-type-variable"},"yoast_head":"<!-- This site is optimized with the Yoast SEO plugin v27.0 - https:\/\/yoast.com\/product\/yoast-seo-wordpress\/ -->\n<title>Wegovy | Efektyvi svorio kontrol\u0117s priemon\u0117 - Transtoyou<\/title>\n<meta name=\"description\" content=\"Atraskite Wegovy efektyviam svorio valdymui, prieinamas Transtoyou. Pirkite dabar klinikiniu b\u016bdu patvirtintus sprendimus j\u016bs\u0173 sveikatai.\" \/>\n<meta name=\"robots\" content=\"noindex, follow, max-snippet:-1, max-image-preview:large, max-video-preview:-1\" \/>\n<meta property=\"og:locale\" content=\"lt_LT\" \/>\n<meta property=\"og:type\" content=\"article\" \/>\n<meta property=\"og:title\" content=\"Wegovy | Efektyvi svorio kontrol\u0117s priemon\u0117 - Transtoyou\" \/>\n<meta property=\"og:description\" content=\"Atraskite Wegovy efektyviam svorio valdymui, prieinamas Transtoyou. Pirkite dabar klinikiniu b\u016bdu patvirtintus sprendimus j\u016bs\u0173 sveikatai.\" \/>\n<meta property=\"og:url\" content=\"https:\/\/www.transtoyou.com\/lt\/product\/wegovy\/\" \/>\n<meta property=\"og:site_name\" content=\"Transtoyou - LT\" \/>\n<meta property=\"article:modified_time\" content=\"2026-03-08T10:41:18+00:00\" \/>\n<meta name=\"twitter:card\" content=\"summary_large_image\" \/>\n<meta name=\"twitter:label1\" content=\"Est. reading time\" \/>\n\t<meta name=\"twitter:data1\" content=\"1 minut\u0117\" \/>\n<script type=\"application\/ld+json\" class=\"yoast-schema-graph\">{\"@context\":\"https:\/\/schema.org\",\"@graph\":[{\"@type\":\"WebPage\",\"@id\":\"https:\/\/www.transtoyou.com\/lt\/product\/wegovy\/\",\"url\":\"https:\/\/www.transtoyou.com\/lt\/product\/wegovy\/\",\"name\":\"Wegovy | Efektyvi svorio kontrol\u0117s priemon\u0117 - Transtoyou\",\"isPartOf\":{\"@id\":\"https:\/\/www.transtoyou.com\/lt\/#website\"},\"primaryImageOfPage\":{\"@id\":\"https:\/\/www.transtoyou.com\/lt\/product\/wegovy\/#primaryimage\"},\"image\":{\"@id\":\"https:\/\/www.transtoyou.com\/lt\/product\/wegovy\/#primaryimage\"},\"thumbnailUrl\":\"https:\/\/www.transtoyou.com\/lt\/wp-content\/uploads\/sites\/9\/2026\/01\/wegovy-transtoyou-overview.png\",\"datePublished\":\"2026-01-22T14:26:37+00:00\",\"dateModified\":\"2026-03-08T10:41:18+00:00\",\"description\":\"Atraskite Wegovy efektyviam svorio valdymui, prieinamas Transtoyou. Pirkite dabar klinikiniu b\u016bdu patvirtintus sprendimus j\u016bs\u0173 sveikatai.\",\"breadcrumb\":{\"@id\":\"https:\/\/www.transtoyou.com\/lt\/product\/wegovy\/#breadcrumb\"},\"inLanguage\":\"lt-LT\",\"potentialAction\":[{\"@type\":\"ReadAction\",\"target\":[\"https:\/\/www.transtoyou.com\/lt\/product\/wegovy\/\"]}]},{\"@type\":\"ImageObject\",\"inLanguage\":\"lt-LT\",\"@id\":\"https:\/\/www.transtoyou.com\/lt\/product\/wegovy\/#primaryimage\",\"url\":\"https:\/\/www.transtoyou.com\/lt\/wp-content\/uploads\/sites\/9\/2026\/01\/wegovy-transtoyou-overview.png\",\"contentUrl\":\"https:\/\/www.transtoyou.com\/lt\/wp-content\/uploads\/sites\/9\/2026\/01\/wegovy-transtoyou-overview.png\",\"width\":1080,\"height\":1080,\"caption\":\"Wegovy Prik Pen - Transtoyou\"},{\"@type\":\"WebSite\",\"@id\":\"https:\/\/www.transtoyou.com\/lt\/#website\",\"url\":\"https:\/\/www.transtoyou.com\/lt\/\",\"name\":\"Transtoyou - LT\",\"description\":\"\",\"publisher\":{\"@id\":\"https:\/\/www.transtoyou.com\/lt\/#organization\"},\"potentialAction\":[{\"@type\":\"SearchAction\",\"target\":{\"@type\":\"EntryPoint\",\"urlTemplate\":\"https:\/\/www.transtoyou.com\/lt\/?s={search_term_string}\"},\"query-input\":{\"@type\":\"PropertyValueSpecification\",\"valueRequired\":true,\"valueName\":\"search_term_string\"}}],\"inLanguage\":\"lt-LT\"},{\"@type\":\"Organization\",\"@id\":\"https:\/\/www.transtoyou.com\/lt\/#organization\",\"name\":\"Transtoyou - LT\",\"url\":\"https:\/\/www.transtoyou.com\/lt\/\",\"logo\":{\"@type\":\"ImageObject\",\"inLanguage\":\"lt-LT\",\"@id\":\"https:\/\/www.transtoyou.com\/lt\/#\/schema\/logo\/image\/\",\"url\":\"https:\/\/www.transtoyou.com\/lt\/wp-content\/uploads\/sites\/9\/2026\/01\/logo-tty-menu-bar-300x87-1.webp\",\"contentUrl\":\"https:\/\/www.transtoyou.com\/lt\/wp-content\/uploads\/sites\/9\/2026\/01\/logo-tty-menu-bar-300x87-1.webp\",\"width\":300,\"height\":87,\"caption\":\"Transtoyou - LT\"},\"image\":{\"@id\":\"https:\/\/www.transtoyou.com\/lt\/#\/schema\/logo\/image\/\"}}]}<\/script>\n<!-- \/ Yoast SEO plugin. -->","yoast_head_json":{"title":"Wegovy | Efektyvi svorio kontrol\u0117s priemon\u0117 - Transtoyou","description":"Atraskite Wegovy efektyviam svorio valdymui, prieinamas Transtoyou. Pirkite dabar klinikiniu b\u016bdu patvirtintus sprendimus j\u016bs\u0173 sveikatai.","robots":{"index":"noindex","follow":"follow","max-snippet":"max-snippet:-1","max-image-preview":"max-image-preview:large","max-video-preview":"max-video-preview:-1"},"og_locale":"lt_LT","og_type":"article","og_title":"Wegovy | Efektyvi svorio kontrol\u0117s priemon\u0117 - Transtoyou","og_description":"Atraskite Wegovy efektyviam svorio valdymui, prieinamas Transtoyou. Pirkite dabar klinikiniu b\u016bdu patvirtintus sprendimus j\u016bs\u0173 sveikatai.","og_url":"https:\/\/www.transtoyou.com\/lt\/product\/wegovy\/","og_site_name":"Transtoyou - LT","article_modified_time":"2026-03-08T10:41:18+00:00","twitter_card":"summary_large_image","twitter_misc":{"Est. reading time":"1 minut\u0117"},"schema":{"@context":"https:\/\/schema.org","@graph":[{"@type":"WebPage","@id":"https:\/\/www.transtoyou.com\/lt\/product\/wegovy\/","url":"https:\/\/www.transtoyou.com\/lt\/product\/wegovy\/","name":"Wegovy | Efektyvi svorio kontrol\u0117s priemon\u0117 - Transtoyou","isPartOf":{"@id":"https:\/\/www.transtoyou.com\/lt\/#website"},"primaryImageOfPage":{"@id":"https:\/\/www.transtoyou.com\/lt\/product\/wegovy\/#primaryimage"},"image":{"@id":"https:\/\/www.transtoyou.com\/lt\/product\/wegovy\/#primaryimage"},"thumbnailUrl":"https:\/\/www.transtoyou.com\/lt\/wp-content\/uploads\/sites\/9\/2026\/01\/wegovy-transtoyou-overview.png","datePublished":"2026-01-22T14:26:37+00:00","dateModified":"2026-03-08T10:41:18+00:00","description":"Atraskite Wegovy efektyviam svorio valdymui, prieinamas Transtoyou. Pirkite dabar klinikiniu b\u016bdu patvirtintus sprendimus j\u016bs\u0173 sveikatai.","breadcrumb":{"@id":"https:\/\/www.transtoyou.com\/lt\/product\/wegovy\/#breadcrumb"},"inLanguage":"lt-LT","potentialAction":[{"@type":"ReadAction","target":["https:\/\/www.transtoyou.com\/lt\/product\/wegovy\/"]}]},{"@type":"ImageObject","inLanguage":"lt-LT","@id":"https:\/\/www.transtoyou.com\/lt\/product\/wegovy\/#primaryimage","url":"https:\/\/www.transtoyou.com\/lt\/wp-content\/uploads\/sites\/9\/2026\/01\/wegovy-transtoyou-overview.png","contentUrl":"https:\/\/www.transtoyou.com\/lt\/wp-content\/uploads\/sites\/9\/2026\/01\/wegovy-transtoyou-overview.png","width":1080,"height":1080,"caption":"Wegovy Prik Pen - Transtoyou"},{"@type":"WebSite","@id":"https:\/\/www.transtoyou.com\/lt\/#website","url":"https:\/\/www.transtoyou.com\/lt\/","name":"Transtoyou - LT","description":"","publisher":{"@id":"https:\/\/www.transtoyou.com\/lt\/#organization"},"potentialAction":[{"@type":"SearchAction","target":{"@type":"EntryPoint","urlTemplate":"https:\/\/www.transtoyou.com\/lt\/?s={search_term_string}"},"query-input":{"@type":"PropertyValueSpecification","valueRequired":true,"valueName":"search_term_string"}}],"inLanguage":"lt-LT"},{"@type":"Organization","@id":"https:\/\/www.transtoyou.com\/lt\/#organization","name":"Transtoyou - LT","url":"https:\/\/www.transtoyou.com\/lt\/","logo":{"@type":"ImageObject","inLanguage":"lt-LT","@id":"https:\/\/www.transtoyou.com\/lt\/#\/schema\/logo\/image\/","url":"https:\/\/www.transtoyou.com\/lt\/wp-content\/uploads\/sites\/9\/2026\/01\/logo-tty-menu-bar-300x87-1.webp","contentUrl":"https:\/\/www.transtoyou.com\/lt\/wp-content\/uploads\/sites\/9\/2026\/01\/logo-tty-menu-bar-300x87-1.webp","width":300,"height":87,"caption":"Transtoyou - LT"},"image":{"@id":"https:\/\/www.transtoyou.com\/lt\/#\/schema\/logo\/image\/"}}]}},"_links":{"self":[{"href":"https:\/\/www.transtoyou.com\/lt\/wp-json\/wp\/v2\/product\/739","targetHints":{"allow":["GET"]}}],"collection":[{"href":"https:\/\/www.transtoyou.com\/lt\/wp-json\/wp\/v2\/product"}],"about":[{"href":"https:\/\/www.transtoyou.com\/lt\/wp-json\/wp\/v2\/types\/product"}],"replies":[{"embeddable":true,"href":"https:\/\/www.transtoyou.com\/lt\/wp-json\/wp\/v2\/comments?post=739"}],"wp:featuredmedia":[{"embeddable":true,"href":"https:\/\/www.transtoyou.com\/lt\/wp-json\/wp\/v2\/media\/741"}],"wp:attachment":[{"href":"https:\/\/www.transtoyou.com\/lt\/wp-json\/wp\/v2\/media?parent=739"}],"wp:term":[{"taxonomy":"product_brand","embeddable":true,"href":"https:\/\/www.transtoyou.com\/lt\/wp-json\/wp\/v2\/product_brand?post=739"},{"taxonomy":"product_cat","embeddable":true,"href":"https:\/\/www.transtoyou.com\/lt\/wp-json\/wp\/v2\/product_cat?post=739"},{"taxonomy":"product_tag","embeddable":true,"href":"https:\/\/www.transtoyou.com\/lt\/wp-json\/wp\/v2\/product_tag?post=739"},{"taxonomy":"expert","embeddable":true,"href":"https:\/\/www.transtoyou.com\/lt\/wp-json\/wp\/v2\/expert?post=739"}],"curies":[{"name":"wp","href":"https:\/\/api.w.org\/{rel}","templated":true}]}}