{"id":742,"date":"2026-01-22T16:44:29","date_gmt":"2026-01-22T14:44:29","guid":{"rendered":"https:\/\/www.transtoyou.com\/lt\/product\/saxenda\/"},"modified":"2026-03-05T11:36:44","modified_gmt":"2026-03-05T09:36:44","slug":"saxenda","status":"publish","type":"product","link":"https:\/\/www.transtoyou.com\/lt\/product\/saxenda\/","title":{"rendered":"Saxenda"},"content":{"rendered":"<p>Saxenda yra injekcin\u0117 receptin\u0117 medicacija, sukurta pad\u0117ti suaugusiems, turintiems antsvorio ar nutukimo, numesti svor\u012f. Jame yra liraglutido, junginio, kuris imituoja nat\u016bral\u0173 hormon\u0105 organizme, \u017einom\u0105 kaip GLP-1. \u0160is hormonas vaidina svarb\u0173 vaidmen\u012f reguliuojant apetit\u0105, cukraus kiek\u012f kraujyje ir vir\u0161kinim\u0105. Saxenda veikia s\u0105veikaudama su receptoriais smegenyse, kad pad\u0117t\u0173 jaustis sotiems anks\u010diau ir suma\u017eint\u0173 alk\u012f tarp valgym\u0173.<\/p>\n<p>Skirtingai nuo daugelio tradicini\u0173 svorio metimo table\u010di\u0173, Saxenda skiriama kasdienine injekcija po oda naudojant i\u0161 anksto u\u017epildyt\u0105 pie\u0161tuk\u0105. Ji yra veiksmingiausia, kai naudojama kartu su suma\u017eintos kalorij\u0173 dietos ir padid\u0117jusios fizin\u0117s veiklos. \u017dmon\u0117s, vartojantys Saxenda, da\u017enai patiria palaipsn\u012f, nuolatin\u012f svorio netekim\u0105 laikui b\u0117gant, kuris gali pagerinti kitas sveikatos problemas, tokias kaip 2 tipo diabetas, auk\u0161tas kraujo spaudimas ar padid\u0117j\u0119s cholesterolis.<\/p>\n<p>Saxenda paprastai pradedama vartoti ma\u017eomis doz\u0117mis, kad organizmas gal\u0117t\u0173 prisitaikyti, palaipsniui didinant doz\u0119 per kelias savaites. \u0160is laipsni\u0161kas po\u017ei\u016bris padeda suma\u017einti da\u017eniausiai pasitaikan\u010dius \u0161alutinius poveikius, tokius kaip pykinimas ar skrand\u017eio diskomfortas. Nors \u0161i medicacija veikia apetit\u0105 ir sotum\u0105, ji nespartina med\u017eiag\u0173 apykaitos ir neveikia kaip stimuliatorius.<\/p>\n","protected":false},"excerpt":{"rendered":"<ul>\n<li>Apetito reguliavimo palaikymas<\/li>\n<li>Kasdien\u0117 injekcija<\/li>\n<li>Skatina palaipsn\u012f svorio metim\u0105<\/li>\n<\/ul>\n","protected":false},"featured_media":744,"comment_status":"open","ping_status":"closed","template":"","meta":[],"product_brand":[],"product_cat":[177],"product_tag":[],"expert":[16],"class_list":{"0":"post-742","1":"product","2":"type-product","3":"status-publish","4":"has-post-thumbnail","6":"product_cat-lieknejimas","7":"expert-dr-c-alexandru","9":"first","10":"instock","11":"shipping-taxable","12":"product-type-variable"},"yoast_head":"<!-- This site is optimized with the Yoast SEO plugin v27.0 - https:\/\/yoast.com\/product\/yoast-seo-wordpress\/ -->\n<title>Saxenda | Efektyvi svorio metimo priemon\u0117 - Transtoyou<\/title>\n<meta name=\"description\" content=\"Atraskite Saxenda Transtoyou, efektyviam svorio valdymui. Klinikiniai atsiliepimai, patikima ir patogu. Pirkite dabar savo sveikatai.\" \/>\n<meta name=\"robots\" content=\"noindex, follow, max-snippet:-1, max-image-preview:large, max-video-preview:-1\" \/>\n<meta property=\"og:locale\" content=\"lt_LT\" \/>\n<meta property=\"og:type\" content=\"article\" \/>\n<meta property=\"og:title\" content=\"Saxenda | Efektyvi svorio metimo priemon\u0117 - Transtoyou\" \/>\n<meta property=\"og:description\" content=\"Atraskite Saxenda Transtoyou, efektyviam svorio valdymui. Klinikiniai atsiliepimai, patikima ir patogu. Pirkite dabar savo sveikatai.\" \/>\n<meta property=\"og:url\" content=\"https:\/\/www.transtoyou.com\/lt\/product\/saxenda\/\" \/>\n<meta property=\"og:site_name\" content=\"Transtoyou - LT\" \/>\n<meta property=\"article:modified_time\" content=\"2026-03-05T09:36:44+00:00\" \/>\n<meta name=\"twitter:card\" content=\"summary_large_image\" \/>\n<meta name=\"twitter:label1\" content=\"Est. reading time\" \/>\n\t<meta name=\"twitter:data1\" content=\"1 minut\u0117\" \/>\n<script type=\"application\/ld+json\" class=\"yoast-schema-graph\">{\"@context\":\"https:\/\/schema.org\",\"@graph\":[{\"@type\":\"WebPage\",\"@id\":\"https:\/\/www.transtoyou.com\/lt\/product\/saxenda\/\",\"url\":\"https:\/\/www.transtoyou.com\/lt\/product\/saxenda\/\",\"name\":\"Saxenda | Efektyvi svorio metimo priemon\u0117 - Transtoyou\",\"isPartOf\":{\"@id\":\"https:\/\/www.transtoyou.com\/lt\/#website\"},\"primaryImageOfPage\":{\"@id\":\"https:\/\/www.transtoyou.com\/lt\/product\/saxenda\/#primaryimage\"},\"image\":{\"@id\":\"https:\/\/www.transtoyou.com\/lt\/product\/saxenda\/#primaryimage\"},\"thumbnailUrl\":\"https:\/\/www.transtoyou.com\/lt\/wp-content\/uploads\/sites\/9\/2026\/01\/tty-no-product-image-9.webp\",\"datePublished\":\"2026-01-22T14:44:29+00:00\",\"dateModified\":\"2026-03-05T09:36:44+00:00\",\"description\":\"Atraskite Saxenda Transtoyou, efektyviam svorio valdymui. Klinikiniai atsiliepimai, patikima ir patogu. Pirkite dabar savo sveikatai.\",\"breadcrumb\":{\"@id\":\"https:\/\/www.transtoyou.com\/lt\/product\/saxenda\/#breadcrumb\"},\"inLanguage\":\"lt-LT\",\"potentialAction\":[{\"@type\":\"ReadAction\",\"target\":[\"https:\/\/www.transtoyou.com\/lt\/product\/saxenda\/\"]}]},{\"@type\":\"ImageObject\",\"inLanguage\":\"lt-LT\",\"@id\":\"https:\/\/www.transtoyou.com\/lt\/product\/saxenda\/#primaryimage\",\"url\":\"https:\/\/www.transtoyou.com\/lt\/wp-content\/uploads\/sites\/9\/2026\/01\/tty-no-product-image-9.webp\",\"contentUrl\":\"https:\/\/www.transtoyou.com\/lt\/wp-content\/uploads\/sites\/9\/2026\/01\/tty-no-product-image-9.webp\",\"width\":1000,\"height\":1000,\"caption\":\"Numatytas produkto vaizdas\"},{\"@type\":\"WebSite\",\"@id\":\"https:\/\/www.transtoyou.com\/lt\/#website\",\"url\":\"https:\/\/www.transtoyou.com\/lt\/\",\"name\":\"Transtoyou - LT\",\"description\":\"\",\"publisher\":{\"@id\":\"https:\/\/www.transtoyou.com\/lt\/#organization\"},\"potentialAction\":[{\"@type\":\"SearchAction\",\"target\":{\"@type\":\"EntryPoint\",\"urlTemplate\":\"https:\/\/www.transtoyou.com\/lt\/?s={search_term_string}\"},\"query-input\":{\"@type\":\"PropertyValueSpecification\",\"valueRequired\":true,\"valueName\":\"search_term_string\"}}],\"inLanguage\":\"lt-LT\"},{\"@type\":\"Organization\",\"@id\":\"https:\/\/www.transtoyou.com\/lt\/#organization\",\"name\":\"Transtoyou - LT\",\"url\":\"https:\/\/www.transtoyou.com\/lt\/\",\"logo\":{\"@type\":\"ImageObject\",\"inLanguage\":\"lt-LT\",\"@id\":\"https:\/\/www.transtoyou.com\/lt\/#\/schema\/logo\/image\/\",\"url\":\"https:\/\/www.transtoyou.com\/lt\/wp-content\/uploads\/sites\/9\/2026\/01\/logo-tty-menu-bar-300x87-1.webp\",\"contentUrl\":\"https:\/\/www.transtoyou.com\/lt\/wp-content\/uploads\/sites\/9\/2026\/01\/logo-tty-menu-bar-300x87-1.webp\",\"width\":300,\"height\":87,\"caption\":\"Transtoyou - LT\"},\"image\":{\"@id\":\"https:\/\/www.transtoyou.com\/lt\/#\/schema\/logo\/image\/\"}}]}<\/script>\n<!-- \/ Yoast SEO plugin. -->","yoast_head_json":{"title":"Saxenda | Efektyvi svorio metimo priemon\u0117 - Transtoyou","description":"Atraskite Saxenda Transtoyou, efektyviam svorio valdymui. Klinikiniai atsiliepimai, patikima ir patogu. Pirkite dabar savo sveikatai.","robots":{"index":"noindex","follow":"follow","max-snippet":"max-snippet:-1","max-image-preview":"max-image-preview:large","max-video-preview":"max-video-preview:-1"},"og_locale":"lt_LT","og_type":"article","og_title":"Saxenda | Efektyvi svorio metimo priemon\u0117 - Transtoyou","og_description":"Atraskite Saxenda Transtoyou, efektyviam svorio valdymui. Klinikiniai atsiliepimai, patikima ir patogu. Pirkite dabar savo sveikatai.","og_url":"https:\/\/www.transtoyou.com\/lt\/product\/saxenda\/","og_site_name":"Transtoyou - LT","article_modified_time":"2026-03-05T09:36:44+00:00","twitter_card":"summary_large_image","twitter_misc":{"Est. reading time":"1 minut\u0117"},"schema":{"@context":"https:\/\/schema.org","@graph":[{"@type":"WebPage","@id":"https:\/\/www.transtoyou.com\/lt\/product\/saxenda\/","url":"https:\/\/www.transtoyou.com\/lt\/product\/saxenda\/","name":"Saxenda | Efektyvi svorio metimo priemon\u0117 - Transtoyou","isPartOf":{"@id":"https:\/\/www.transtoyou.com\/lt\/#website"},"primaryImageOfPage":{"@id":"https:\/\/www.transtoyou.com\/lt\/product\/saxenda\/#primaryimage"},"image":{"@id":"https:\/\/www.transtoyou.com\/lt\/product\/saxenda\/#primaryimage"},"thumbnailUrl":"https:\/\/www.transtoyou.com\/lt\/wp-content\/uploads\/sites\/9\/2026\/01\/tty-no-product-image-9.webp","datePublished":"2026-01-22T14:44:29+00:00","dateModified":"2026-03-05T09:36:44+00:00","description":"Atraskite Saxenda Transtoyou, efektyviam svorio valdymui. Klinikiniai atsiliepimai, patikima ir patogu. Pirkite dabar savo sveikatai.","breadcrumb":{"@id":"https:\/\/www.transtoyou.com\/lt\/product\/saxenda\/#breadcrumb"},"inLanguage":"lt-LT","potentialAction":[{"@type":"ReadAction","target":["https:\/\/www.transtoyou.com\/lt\/product\/saxenda\/"]}]},{"@type":"ImageObject","inLanguage":"lt-LT","@id":"https:\/\/www.transtoyou.com\/lt\/product\/saxenda\/#primaryimage","url":"https:\/\/www.transtoyou.com\/lt\/wp-content\/uploads\/sites\/9\/2026\/01\/tty-no-product-image-9.webp","contentUrl":"https:\/\/www.transtoyou.com\/lt\/wp-content\/uploads\/sites\/9\/2026\/01\/tty-no-product-image-9.webp","width":1000,"height":1000,"caption":"Numatytas produkto vaizdas"},{"@type":"WebSite","@id":"https:\/\/www.transtoyou.com\/lt\/#website","url":"https:\/\/www.transtoyou.com\/lt\/","name":"Transtoyou - LT","description":"","publisher":{"@id":"https:\/\/www.transtoyou.com\/lt\/#organization"},"potentialAction":[{"@type":"SearchAction","target":{"@type":"EntryPoint","urlTemplate":"https:\/\/www.transtoyou.com\/lt\/?s={search_term_string}"},"query-input":{"@type":"PropertyValueSpecification","valueRequired":true,"valueName":"search_term_string"}}],"inLanguage":"lt-LT"},{"@type":"Organization","@id":"https:\/\/www.transtoyou.com\/lt\/#organization","name":"Transtoyou - LT","url":"https:\/\/www.transtoyou.com\/lt\/","logo":{"@type":"ImageObject","inLanguage":"lt-LT","@id":"https:\/\/www.transtoyou.com\/lt\/#\/schema\/logo\/image\/","url":"https:\/\/www.transtoyou.com\/lt\/wp-content\/uploads\/sites\/9\/2026\/01\/logo-tty-menu-bar-300x87-1.webp","contentUrl":"https:\/\/www.transtoyou.com\/lt\/wp-content\/uploads\/sites\/9\/2026\/01\/logo-tty-menu-bar-300x87-1.webp","width":300,"height":87,"caption":"Transtoyou - LT"},"image":{"@id":"https:\/\/www.transtoyou.com\/lt\/#\/schema\/logo\/image\/"}}]}},"_links":{"self":[{"href":"https:\/\/www.transtoyou.com\/lt\/wp-json\/wp\/v2\/product\/742","targetHints":{"allow":["GET"]}}],"collection":[{"href":"https:\/\/www.transtoyou.com\/lt\/wp-json\/wp\/v2\/product"}],"about":[{"href":"https:\/\/www.transtoyou.com\/lt\/wp-json\/wp\/v2\/types\/product"}],"replies":[{"embeddable":true,"href":"https:\/\/www.transtoyou.com\/lt\/wp-json\/wp\/v2\/comments?post=742"}],"wp:featuredmedia":[{"embeddable":true,"href":"https:\/\/www.transtoyou.com\/lt\/wp-json\/wp\/v2\/media\/744"}],"wp:attachment":[{"href":"https:\/\/www.transtoyou.com\/lt\/wp-json\/wp\/v2\/media?parent=742"}],"wp:term":[{"taxonomy":"product_brand","embeddable":true,"href":"https:\/\/www.transtoyou.com\/lt\/wp-json\/wp\/v2\/product_brand?post=742"},{"taxonomy":"product_cat","embeddable":true,"href":"https:\/\/www.transtoyou.com\/lt\/wp-json\/wp\/v2\/product_cat?post=742"},{"taxonomy":"product_tag","embeddable":true,"href":"https:\/\/www.transtoyou.com\/lt\/wp-json\/wp\/v2\/product_tag?post=742"},{"taxonomy":"expert","embeddable":true,"href":"https:\/\/www.transtoyou.com\/lt\/wp-json\/wp\/v2\/expert?post=742"}],"curies":[{"name":"wp","href":"https:\/\/api.w.org\/{rel}","templated":true}]}}