{"id":745,"date":"2026-01-22T17:01:18","date_gmt":"2026-01-22T15:01:18","guid":{"rendered":"https:\/\/www.transtoyou.com\/lt\/product\/orlistat\/"},"modified":"2026-03-01T11:27:22","modified_gmt":"2026-03-01T09:27:22","slug":"orlistatas","status":"publish","type":"product","link":"https:\/\/www.transtoyou.com\/lt\/product\/orlistatas\/","title":{"rendered":"Orlistatas"},"content":{"rendered":"<p>Orlistatas yra svorio metimo medicinin\u0117 priemon\u0117, kuri veikia u\u017ekirsdama keli\u0105 riebal\u0173 absorbcijai i\u0161 maisto, kur\u012f valgote. Jis paprastai naudojamas suaugusi\u0173j\u0173, kurie yra antsvorio arba nutuk\u0119 ir nori valdyti savo svor\u012f kartu su suma\u017eintos kalorij\u0173, ma\u017eai riebal\u0173 turin\u010dia dieta. Skirtingai nuo apetit\u0105 slopinan\u010di\u0173 vaist\u0173, kurie veikia smegenis, Orlistatas veikia lokaliai vir\u0161kinimo trakte, taikydamas lipaz\u0117s ferment\u0105. \u0160is fermentas atsakingas u\u017e maistini\u0173 riebal\u0173 skaidym\u0105, kad jie gal\u0117t\u0173 b\u016bti absorbuojami organizmo. Slopindamas lipaz\u0119, Orlistatas u\u017etikrina, kad apie tre\u010ddalis maistini\u0173 riebal\u0173 n\u0117ra absorbuojama ir nat\u016braliai praeina pro organizm\u0105.<\/p>\n<p>Orlistatas paprastai vartojamas tris kartus per dien\u0105 su kiekvienu pagrindiniu valgiu, kuriame yra riebal\u0173. Jo veiksmingumas glaud\u017eiai susij\u0119s su subalansuotos mitybos laikymusi ir reguliaria fizine veikla. Dauguma vartotoj\u0173 pradeda matyti palaipsn\u012f svorio suma\u017e\u0117jim\u0105 per kelias savaites. Be to, Orlistatas buvo \u012frodytas, kad padeda pagerinti kraujo spaudim\u0105, cholesterolio lygius ir cukraus kiekio kraujyje kontrol\u0119 \u017emon\u0117ms, turintiems svorio susijusi\u0173 sveikatos problem\u0173.<\/p>\n<p>Da\u017eniausi \u0161alutiniai poveikiai yra vir\u0161kinimo pob\u016bd\u017eio ir apima riebias arba riebal\u0173 turin\u010dias i\u0161matas, padid\u0117jusius \u017earnyno judesius arba skrand\u017eio diskomfort\u0105. \u0160ie \u0161alutiniai poveikiai da\u017enai suma\u017e\u0117ja, kai organizmas prisitaiko ir kai vartotojai laikosi ma\u017eai riebal\u0173 turin\u010dios dietos. Norint palaikyti riebaluose tirpi\u0173 vitamin\u0173 absorbcij\u0105, da\u017enai rekomenduojama vartoti multivitamin\u0173 papild\u0105 kitokiu paros metu nei Orlistato doz\u0117.<\/p>\n","protected":false},"excerpt":{"rendered":"<ul>\n<li>Ma\u017eina riebal\u0173 absorbcij\u0105<\/li>\n<li>Nesisteminis svorio metimo pagalbininkas<\/li>\n<li>Padeda gerinti med\u017eiag\u0173 apykaitos sveikat\u0105<\/li>\n<\/ul>\n","protected":false},"featured_media":747,"comment_status":"open","ping_status":"closed","template":"","meta":[],"product_brand":[],"product_cat":[177],"product_tag":[],"expert":[16],"class_list":{"0":"post-745","1":"product","2":"type-product","3":"status-publish","4":"has-post-thumbnail","6":"product_cat-lieknejimas","7":"expert-dr-c-alexandru","9":"first","10":"instock","11":"shipping-taxable","12":"product-type-variable"},"yoast_head":"<!-- This site is optimized with the Yoast SEO plugin v27.0 - https:\/\/yoast.com\/product\/yoast-seo-wordpress\/ -->\n<title>Orlistatas | Efektyvus svorio kontrol\u0117 - Transtoyou<\/title>\n<meta name=\"description\" content=\"Orlistatas: Palaikykite svorio valdym\u0105 su \u0161iuo efektyviu produktu, prieinamu Transtoyou. Apsipirkite dabar ir raskite sprendim\u0105 savo gerovei.\" \/>\n<meta name=\"robots\" content=\"noindex, follow, max-snippet:-1, max-image-preview:large, max-video-preview:-1\" \/>\n<meta property=\"og:locale\" content=\"lt_LT\" \/>\n<meta property=\"og:type\" content=\"article\" \/>\n<meta property=\"og:title\" content=\"Orlistatas | Efektyvus svorio kontrol\u0117 - Transtoyou\" \/>\n<meta property=\"og:description\" content=\"Orlistatas: Palaikykite svorio valdym\u0105 su \u0161iuo efektyviu produktu, prieinamu Transtoyou. Apsipirkite dabar ir raskite sprendim\u0105 savo gerovei.\" \/>\n<meta property=\"og:url\" content=\"https:\/\/www.transtoyou.com\/lt\/product\/orlistat\/\" \/>\n<meta property=\"og:site_name\" content=\"Transtoyou - LT\" \/>\n<meta property=\"article:modified_time\" content=\"2026-03-01T09:27:22+00:00\" \/>\n<meta name=\"twitter:card\" content=\"summary_large_image\" \/>\n<meta name=\"twitter:label1\" content=\"Est. reading time\" \/>\n\t<meta name=\"twitter:data1\" content=\"1 minut\u0117\" \/>\n<script type=\"application\/ld+json\" class=\"yoast-schema-graph\">{\"@context\":\"https:\/\/schema.org\",\"@graph\":[{\"@type\":\"WebPage\",\"@id\":\"https:\/\/www.transtoyou.com\/lt\/product\/orlistat\/\",\"url\":\"https:\/\/www.transtoyou.com\/lt\/product\/orlistat\/\",\"name\":\"Orlistatas | Efektyvus svorio kontrol\u0117 - Transtoyou\",\"isPartOf\":{\"@id\":\"https:\/\/www.transtoyou.com\/lt\/#website\"},\"primaryImageOfPage\":{\"@id\":\"https:\/\/www.transtoyou.com\/lt\/product\/orlistat\/#primaryimage\"},\"image\":{\"@id\":\"https:\/\/www.transtoyou.com\/lt\/product\/orlistat\/#primaryimage\"},\"thumbnailUrl\":\"https:\/\/www.transtoyou.com\/lt\/wp-content\/uploads\/sites\/9\/2026\/01\/tty-no-product-image-10.webp\",\"datePublished\":\"2026-01-22T15:01:18+00:00\",\"dateModified\":\"2026-03-01T09:27:22+00:00\",\"description\":\"Orlistatas: Palaikykite svorio valdym\u0105 su \u0161iuo efektyviu produktu, prieinamu Transtoyou. Apsipirkite dabar ir raskite sprendim\u0105 savo gerovei.\",\"breadcrumb\":{\"@id\":\"https:\/\/www.transtoyou.com\/lt\/product\/orlistat\/#breadcrumb\"},\"inLanguage\":\"lt-LT\",\"potentialAction\":[{\"@type\":\"ReadAction\",\"target\":[\"https:\/\/www.transtoyou.com\/lt\/product\/orlistat\/\"]}]},{\"@type\":\"ImageObject\",\"inLanguage\":\"lt-LT\",\"@id\":\"https:\/\/www.transtoyou.com\/lt\/product\/orlistat\/#primaryimage\",\"url\":\"https:\/\/www.transtoyou.com\/lt\/wp-content\/uploads\/sites\/9\/2026\/01\/tty-no-product-image-10.webp\",\"contentUrl\":\"https:\/\/www.transtoyou.com\/lt\/wp-content\/uploads\/sites\/9\/2026\/01\/tty-no-product-image-10.webp\",\"width\":1000,\"height\":1000,\"caption\":\"Numatytasis produkto vaizdas\"},{\"@type\":\"WebSite\",\"@id\":\"https:\/\/www.transtoyou.com\/lt\/#website\",\"url\":\"https:\/\/www.transtoyou.com\/lt\/\",\"name\":\"Transtoyou - LT\",\"description\":\"\",\"publisher\":{\"@id\":\"https:\/\/www.transtoyou.com\/lt\/#organization\"},\"potentialAction\":[{\"@type\":\"SearchAction\",\"target\":{\"@type\":\"EntryPoint\",\"urlTemplate\":\"https:\/\/www.transtoyou.com\/lt\/?s={search_term_string}\"},\"query-input\":{\"@type\":\"PropertyValueSpecification\",\"valueRequired\":true,\"valueName\":\"search_term_string\"}}],\"inLanguage\":\"lt-LT\"},{\"@type\":\"Organization\",\"@id\":\"https:\/\/www.transtoyou.com\/lt\/#organization\",\"name\":\"Transtoyou - LT\",\"url\":\"https:\/\/www.transtoyou.com\/lt\/\",\"logo\":{\"@type\":\"ImageObject\",\"inLanguage\":\"lt-LT\",\"@id\":\"https:\/\/www.transtoyou.com\/lt\/#\/schema\/logo\/image\/\",\"url\":\"https:\/\/www.transtoyou.com\/lt\/wp-content\/uploads\/sites\/9\/2026\/01\/logo-tty-menu-bar-300x87-1.webp\",\"contentUrl\":\"https:\/\/www.transtoyou.com\/lt\/wp-content\/uploads\/sites\/9\/2026\/01\/logo-tty-menu-bar-300x87-1.webp\",\"width\":300,\"height\":87,\"caption\":\"Transtoyou - LT\"},\"image\":{\"@id\":\"https:\/\/www.transtoyou.com\/lt\/#\/schema\/logo\/image\/\"}}]}<\/script>\n<!-- \/ Yoast SEO plugin. -->","yoast_head_json":{"title":"Orlistatas | Efektyvus svorio kontrol\u0117 - Transtoyou","description":"Orlistatas: Palaikykite svorio valdym\u0105 su \u0161iuo efektyviu produktu, prieinamu Transtoyou. Apsipirkite dabar ir raskite sprendim\u0105 savo gerovei.","robots":{"index":"noindex","follow":"follow","max-snippet":"max-snippet:-1","max-image-preview":"max-image-preview:large","max-video-preview":"max-video-preview:-1"},"og_locale":"lt_LT","og_type":"article","og_title":"Orlistatas | Efektyvus svorio kontrol\u0117 - Transtoyou","og_description":"Orlistatas: Palaikykite svorio valdym\u0105 su \u0161iuo efektyviu produktu, prieinamu Transtoyou. Apsipirkite dabar ir raskite sprendim\u0105 savo gerovei.","og_url":"https:\/\/www.transtoyou.com\/lt\/product\/orlistat\/","og_site_name":"Transtoyou - LT","article_modified_time":"2026-03-01T09:27:22+00:00","twitter_card":"summary_large_image","twitter_misc":{"Est. reading time":"1 minut\u0117"},"schema":{"@context":"https:\/\/schema.org","@graph":[{"@type":"WebPage","@id":"https:\/\/www.transtoyou.com\/lt\/product\/orlistat\/","url":"https:\/\/www.transtoyou.com\/lt\/product\/orlistat\/","name":"Orlistatas | Efektyvus svorio kontrol\u0117 - Transtoyou","isPartOf":{"@id":"https:\/\/www.transtoyou.com\/lt\/#website"},"primaryImageOfPage":{"@id":"https:\/\/www.transtoyou.com\/lt\/product\/orlistat\/#primaryimage"},"image":{"@id":"https:\/\/www.transtoyou.com\/lt\/product\/orlistat\/#primaryimage"},"thumbnailUrl":"https:\/\/www.transtoyou.com\/lt\/wp-content\/uploads\/sites\/9\/2026\/01\/tty-no-product-image-10.webp","datePublished":"2026-01-22T15:01:18+00:00","dateModified":"2026-03-01T09:27:22+00:00","description":"Orlistatas: Palaikykite svorio valdym\u0105 su \u0161iuo efektyviu produktu, prieinamu Transtoyou. Apsipirkite dabar ir raskite sprendim\u0105 savo gerovei.","breadcrumb":{"@id":"https:\/\/www.transtoyou.com\/lt\/product\/orlistat\/#breadcrumb"},"inLanguage":"lt-LT","potentialAction":[{"@type":"ReadAction","target":["https:\/\/www.transtoyou.com\/lt\/product\/orlistat\/"]}]},{"@type":"ImageObject","inLanguage":"lt-LT","@id":"https:\/\/www.transtoyou.com\/lt\/product\/orlistat\/#primaryimage","url":"https:\/\/www.transtoyou.com\/lt\/wp-content\/uploads\/sites\/9\/2026\/01\/tty-no-product-image-10.webp","contentUrl":"https:\/\/www.transtoyou.com\/lt\/wp-content\/uploads\/sites\/9\/2026\/01\/tty-no-product-image-10.webp","width":1000,"height":1000,"caption":"Numatytasis produkto vaizdas"},{"@type":"WebSite","@id":"https:\/\/www.transtoyou.com\/lt\/#website","url":"https:\/\/www.transtoyou.com\/lt\/","name":"Transtoyou - LT","description":"","publisher":{"@id":"https:\/\/www.transtoyou.com\/lt\/#organization"},"potentialAction":[{"@type":"SearchAction","target":{"@type":"EntryPoint","urlTemplate":"https:\/\/www.transtoyou.com\/lt\/?s={search_term_string}"},"query-input":{"@type":"PropertyValueSpecification","valueRequired":true,"valueName":"search_term_string"}}],"inLanguage":"lt-LT"},{"@type":"Organization","@id":"https:\/\/www.transtoyou.com\/lt\/#organization","name":"Transtoyou - LT","url":"https:\/\/www.transtoyou.com\/lt\/","logo":{"@type":"ImageObject","inLanguage":"lt-LT","@id":"https:\/\/www.transtoyou.com\/lt\/#\/schema\/logo\/image\/","url":"https:\/\/www.transtoyou.com\/lt\/wp-content\/uploads\/sites\/9\/2026\/01\/logo-tty-menu-bar-300x87-1.webp","contentUrl":"https:\/\/www.transtoyou.com\/lt\/wp-content\/uploads\/sites\/9\/2026\/01\/logo-tty-menu-bar-300x87-1.webp","width":300,"height":87,"caption":"Transtoyou - LT"},"image":{"@id":"https:\/\/www.transtoyou.com\/lt\/#\/schema\/logo\/image\/"}}]}},"_links":{"self":[{"href":"https:\/\/www.transtoyou.com\/lt\/wp-json\/wp\/v2\/product\/745","targetHints":{"allow":["GET"]}}],"collection":[{"href":"https:\/\/www.transtoyou.com\/lt\/wp-json\/wp\/v2\/product"}],"about":[{"href":"https:\/\/www.transtoyou.com\/lt\/wp-json\/wp\/v2\/types\/product"}],"replies":[{"embeddable":true,"href":"https:\/\/www.transtoyou.com\/lt\/wp-json\/wp\/v2\/comments?post=745"}],"wp:featuredmedia":[{"embeddable":true,"href":"https:\/\/www.transtoyou.com\/lt\/wp-json\/wp\/v2\/media\/747"}],"wp:attachment":[{"href":"https:\/\/www.transtoyou.com\/lt\/wp-json\/wp\/v2\/media?parent=745"}],"wp:term":[{"taxonomy":"product_brand","embeddable":true,"href":"https:\/\/www.transtoyou.com\/lt\/wp-json\/wp\/v2\/product_brand?post=745"},{"taxonomy":"product_cat","embeddable":true,"href":"https:\/\/www.transtoyou.com\/lt\/wp-json\/wp\/v2\/product_cat?post=745"},{"taxonomy":"product_tag","embeddable":true,"href":"https:\/\/www.transtoyou.com\/lt\/wp-json\/wp\/v2\/product_tag?post=745"},{"taxonomy":"expert","embeddable":true,"href":"https:\/\/www.transtoyou.com\/lt\/wp-json\/wp\/v2\/expert?post=745"}],"curies":[{"name":"wp","href":"https:\/\/api.w.org\/{rel}","templated":true}]}}