{"id":748,"date":"2026-01-22T17:17:49","date_gmt":"2026-01-22T15:17:49","guid":{"rendered":"https:\/\/www.transtoyou.com\/lt\/product\/xenical\/"},"modified":"2026-03-08T12:51:52","modified_gmt":"2026-03-08T10:51:52","slug":"xenical","status":"publish","type":"product","link":"https:\/\/www.transtoyou.com\/lt\/product\/xenical\/","title":{"rendered":"Xenical"},"content":{"rendered":"<p>Xenical yra receptinis vaistas, kuris padeda palaikyti svorio metim\u0105 \u017emon\u0117ms, turintiems antsvorio ar nutukim\u0105. Jame yra veiklioji med\u017eiaga orlistatas, kuris veikia blokuodamas maistini\u0173 riebal\u0173 absorbcij\u0105. Skirtingai nuo apetito slopintuv\u0173, Xenical veikia lokaliai vir\u0161kinimo sistemoje ir gali suma\u017einti riebal\u0173 absorbcij\u0105 ma\u017edaug tre\u010ddaliu suvartot\u0173 riebal\u0173.<\/p>\n<p>Neabsorbuoti riebalai nat\u016braliai pa\u0161alinami per i\u0161matas. Tai padeda suma\u017einti kalorij\u0173 suvartojim\u0105, leid\u017eiant palaipsniui ir nuosekliai numesti svor\u012f, kai derinama su suma\u017einto kaloringumo, ma\u017eai riebal\u0173 turin\u010dia dieta. Xenical paprastai rekomenduojamas asmenims, kuri\u0173 KMI yra \u2265 30 kg\/m\u00b2, arba \u2265 28 kg\/m\u00b2 esant svorio susijusioms sveikatos problemoms, tokioms kaip hipertenzija ar 2 tipo diabetas.<\/p>\n<p>Xenical paprastai vartojamas tris kartus per dien\u0105 su kiekvienu pagrindiniu valgiu, kuriame yra riebal\u0173. Svarbu laikytis maistingai subalansuotos, \u0161iek tiek hipokalorin\u0117s dietos gydymo metu. Norint u\u017etikrinti tinkam\u0105 riebaluose tirpi\u0173 vitamin\u0173 absorbcij\u0105, rekomenduojama vartoti kasdien\u012f multivitamin\u0173 papild\u0105, kuriame yra vitamin\u0173 A, D, E ir K, ma\u017eiausiai dvi valandas prie\u0161 arba po Xenical vartojimo.<\/p>\n<p>Da\u017eniausi \u0161alutiniai poveikiai yra lengvi vir\u0161kinimo trakto simptomai, tokie kaip rieb\u016bs ar riebaluoti i\u0161matos, padid\u0117j\u0119s duj\u0173 kaupimasis arba da\u017enesnis tu\u0161tinimasis. \u0160ie poveikiai da\u017enai ger\u0117ja t\u0119siant vartojim\u0105 ir laikantis ma\u017eai riebal\u0173 turin\u010dios dietos. Retai orlistatas buvo siejamas su padid\u0117jusiais kepen\u0173 fermentais arba \u016bmine inkst\u0173 \u017eala; pasitarkite su savo gydytoju, jei jau\u010diate pilvo skausm\u0105, tamsi\u0105 \u0161lapim\u0105 ar krauj\u0105 i\u0161matose. Steb\u0117jimo tyrimai rodo vidutin\u012f placebo koreguot\u0105 svorio netekim\u0105 3,2 kg per vienerius metus.<\/p>\n<p>Xenical gali pad\u0117ti pagerinti sveikatos rodiklius, susijusius su nutukimu, \u012fskaitant nedidelius kraujo gliukoz\u0117s, cholesterolio ir kraujo spaudimo suma\u017einimus, ypa\u010d derinant su gyvenimo b\u016bdo poky\u010diais. Ta\u010diau jis skirtas ilgalaikiam vartojimui pri\u017ei\u016brint gydytojui.<\/p>\n","protected":false},"excerpt":{"rendered":"<ul>\n<li>Blokuoja maistini\u0173 riebal\u0173 absorbcij\u0105<\/li>\n<li>Padeda palaipsniui numesti svor\u012f<\/li>\n<li>Palaiko nutukimo gydym\u0105 pagal medicinin\u0119 prie\u017ei\u016br\u0105<\/li>\n<\/ul>\n","protected":false},"featured_media":750,"comment_status":"open","ping_status":"closed","template":"","meta":[],"product_brand":[],"product_cat":[177],"product_tag":[],"expert":[19],"class_list":{"0":"post-748","1":"product","2":"type-product","3":"status-publish","4":"has-post-thumbnail","6":"product_cat-lieknejimas","7":"expert-dr-j-vazquez","9":"first","10":"instock","11":"shipping-taxable","12":"product-type-variable"},"yoast_head":"<!-- This site is optimized with the Yoast SEO plugin v27.0 - https:\/\/yoast.com\/product\/yoast-seo-wordpress\/ -->\n<title>Xenical | Svorio Valdymo Pagalba - Transtoyou<\/title>\n<meta name=\"description\" content=\"Atraskite Xenical Transtoyou, efektyviam svorio valdymui. Pirkite dabar klinik\u0161kai patvirtintus sveikatos sprendimus.\" \/>\n<meta name=\"robots\" content=\"noindex, follow, max-snippet:-1, max-image-preview:large, max-video-preview:-1\" \/>\n<meta property=\"og:locale\" content=\"lt_LT\" \/>\n<meta property=\"og:type\" content=\"article\" \/>\n<meta property=\"og:title\" content=\"Xenical | Svorio Valdymo Pagalba - Transtoyou\" \/>\n<meta property=\"og:description\" content=\"Atraskite Xenical Transtoyou, efektyviam svorio valdymui. Pirkite dabar klinik\u0161kai patvirtintus sveikatos sprendimus.\" \/>\n<meta property=\"og:url\" content=\"https:\/\/www.transtoyou.com\/lt\/product\/xenical\/\" \/>\n<meta property=\"og:site_name\" content=\"Transtoyou - LT\" \/>\n<meta property=\"article:modified_time\" content=\"2026-03-08T10:51:52+00:00\" \/>\n<meta name=\"twitter:card\" content=\"summary_large_image\" \/>\n<meta name=\"twitter:label1\" content=\"Est. reading time\" \/>\n\t<meta name=\"twitter:data1\" content=\"1 minut\u0117\" \/>\n<script type=\"application\/ld+json\" class=\"yoast-schema-graph\">{\"@context\":\"https:\/\/schema.org\",\"@graph\":[{\"@type\":\"WebPage\",\"@id\":\"https:\/\/www.transtoyou.com\/lt\/product\/xenical\/\",\"url\":\"https:\/\/www.transtoyou.com\/lt\/product\/xenical\/\",\"name\":\"Xenical | Svorio Valdymo Pagalba - Transtoyou\",\"isPartOf\":{\"@id\":\"https:\/\/www.transtoyou.com\/lt\/#website\"},\"primaryImageOfPage\":{\"@id\":\"https:\/\/www.transtoyou.com\/lt\/product\/xenical\/#primaryimage\"},\"image\":{\"@id\":\"https:\/\/www.transtoyou.com\/lt\/product\/xenical\/#primaryimage\"},\"thumbnailUrl\":\"https:\/\/www.transtoyou.com\/lt\/wp-content\/uploads\/sites\/9\/2026\/01\/tty-no-product-image-11.webp\",\"datePublished\":\"2026-01-22T15:17:49+00:00\",\"dateModified\":\"2026-03-08T10:51:52+00:00\",\"description\":\"Atraskite Xenical Transtoyou, efektyviam svorio valdymui. Pirkite dabar klinik\u0161kai patvirtintus sveikatos sprendimus.\",\"breadcrumb\":{\"@id\":\"https:\/\/www.transtoyou.com\/lt\/product\/xenical\/#breadcrumb\"},\"inLanguage\":\"lt-LT\",\"potentialAction\":[{\"@type\":\"ReadAction\",\"target\":[\"https:\/\/www.transtoyou.com\/lt\/product\/xenical\/\"]}]},{\"@type\":\"ImageObject\",\"inLanguage\":\"lt-LT\",\"@id\":\"https:\/\/www.transtoyou.com\/lt\/product\/xenical\/#primaryimage\",\"url\":\"https:\/\/www.transtoyou.com\/lt\/wp-content\/uploads\/sites\/9\/2026\/01\/tty-no-product-image-11.webp\",\"contentUrl\":\"https:\/\/www.transtoyou.com\/lt\/wp-content\/uploads\/sites\/9\/2026\/01\/tty-no-product-image-11.webp\",\"width\":1000,\"height\":1000,\"caption\":\"Numatytas produkto vaizdas\"},{\"@type\":\"WebSite\",\"@id\":\"https:\/\/www.transtoyou.com\/lt\/#website\",\"url\":\"https:\/\/www.transtoyou.com\/lt\/\",\"name\":\"Transtoyou - LT\",\"description\":\"\",\"publisher\":{\"@id\":\"https:\/\/www.transtoyou.com\/lt\/#organization\"},\"potentialAction\":[{\"@type\":\"SearchAction\",\"target\":{\"@type\":\"EntryPoint\",\"urlTemplate\":\"https:\/\/www.transtoyou.com\/lt\/?s={search_term_string}\"},\"query-input\":{\"@type\":\"PropertyValueSpecification\",\"valueRequired\":true,\"valueName\":\"search_term_string\"}}],\"inLanguage\":\"lt-LT\"},{\"@type\":\"Organization\",\"@id\":\"https:\/\/www.transtoyou.com\/lt\/#organization\",\"name\":\"Transtoyou - LT\",\"url\":\"https:\/\/www.transtoyou.com\/lt\/\",\"logo\":{\"@type\":\"ImageObject\",\"inLanguage\":\"lt-LT\",\"@id\":\"https:\/\/www.transtoyou.com\/lt\/#\/schema\/logo\/image\/\",\"url\":\"https:\/\/www.transtoyou.com\/lt\/wp-content\/uploads\/sites\/9\/2026\/01\/logo-tty-menu-bar-300x87-1.webp\",\"contentUrl\":\"https:\/\/www.transtoyou.com\/lt\/wp-content\/uploads\/sites\/9\/2026\/01\/logo-tty-menu-bar-300x87-1.webp\",\"width\":300,\"height\":87,\"caption\":\"Transtoyou - LT\"},\"image\":{\"@id\":\"https:\/\/www.transtoyou.com\/lt\/#\/schema\/logo\/image\/\"}}]}<\/script>\n<!-- \/ Yoast SEO plugin. -->","yoast_head_json":{"title":"Xenical | Svorio Valdymo Pagalba - Transtoyou","description":"Atraskite Xenical Transtoyou, efektyviam svorio valdymui. Pirkite dabar klinik\u0161kai patvirtintus sveikatos sprendimus.","robots":{"index":"noindex","follow":"follow","max-snippet":"max-snippet:-1","max-image-preview":"max-image-preview:large","max-video-preview":"max-video-preview:-1"},"og_locale":"lt_LT","og_type":"article","og_title":"Xenical | Svorio Valdymo Pagalba - Transtoyou","og_description":"Atraskite Xenical Transtoyou, efektyviam svorio valdymui. Pirkite dabar klinik\u0161kai patvirtintus sveikatos sprendimus.","og_url":"https:\/\/www.transtoyou.com\/lt\/product\/xenical\/","og_site_name":"Transtoyou - LT","article_modified_time":"2026-03-08T10:51:52+00:00","twitter_card":"summary_large_image","twitter_misc":{"Est. reading time":"1 minut\u0117"},"schema":{"@context":"https:\/\/schema.org","@graph":[{"@type":"WebPage","@id":"https:\/\/www.transtoyou.com\/lt\/product\/xenical\/","url":"https:\/\/www.transtoyou.com\/lt\/product\/xenical\/","name":"Xenical | Svorio Valdymo Pagalba - Transtoyou","isPartOf":{"@id":"https:\/\/www.transtoyou.com\/lt\/#website"},"primaryImageOfPage":{"@id":"https:\/\/www.transtoyou.com\/lt\/product\/xenical\/#primaryimage"},"image":{"@id":"https:\/\/www.transtoyou.com\/lt\/product\/xenical\/#primaryimage"},"thumbnailUrl":"https:\/\/www.transtoyou.com\/lt\/wp-content\/uploads\/sites\/9\/2026\/01\/tty-no-product-image-11.webp","datePublished":"2026-01-22T15:17:49+00:00","dateModified":"2026-03-08T10:51:52+00:00","description":"Atraskite Xenical Transtoyou, efektyviam svorio valdymui. Pirkite dabar klinik\u0161kai patvirtintus sveikatos sprendimus.","breadcrumb":{"@id":"https:\/\/www.transtoyou.com\/lt\/product\/xenical\/#breadcrumb"},"inLanguage":"lt-LT","potentialAction":[{"@type":"ReadAction","target":["https:\/\/www.transtoyou.com\/lt\/product\/xenical\/"]}]},{"@type":"ImageObject","inLanguage":"lt-LT","@id":"https:\/\/www.transtoyou.com\/lt\/product\/xenical\/#primaryimage","url":"https:\/\/www.transtoyou.com\/lt\/wp-content\/uploads\/sites\/9\/2026\/01\/tty-no-product-image-11.webp","contentUrl":"https:\/\/www.transtoyou.com\/lt\/wp-content\/uploads\/sites\/9\/2026\/01\/tty-no-product-image-11.webp","width":1000,"height":1000,"caption":"Numatytas produkto vaizdas"},{"@type":"WebSite","@id":"https:\/\/www.transtoyou.com\/lt\/#website","url":"https:\/\/www.transtoyou.com\/lt\/","name":"Transtoyou - LT","description":"","publisher":{"@id":"https:\/\/www.transtoyou.com\/lt\/#organization"},"potentialAction":[{"@type":"SearchAction","target":{"@type":"EntryPoint","urlTemplate":"https:\/\/www.transtoyou.com\/lt\/?s={search_term_string}"},"query-input":{"@type":"PropertyValueSpecification","valueRequired":true,"valueName":"search_term_string"}}],"inLanguage":"lt-LT"},{"@type":"Organization","@id":"https:\/\/www.transtoyou.com\/lt\/#organization","name":"Transtoyou - LT","url":"https:\/\/www.transtoyou.com\/lt\/","logo":{"@type":"ImageObject","inLanguage":"lt-LT","@id":"https:\/\/www.transtoyou.com\/lt\/#\/schema\/logo\/image\/","url":"https:\/\/www.transtoyou.com\/lt\/wp-content\/uploads\/sites\/9\/2026\/01\/logo-tty-menu-bar-300x87-1.webp","contentUrl":"https:\/\/www.transtoyou.com\/lt\/wp-content\/uploads\/sites\/9\/2026\/01\/logo-tty-menu-bar-300x87-1.webp","width":300,"height":87,"caption":"Transtoyou - LT"},"image":{"@id":"https:\/\/www.transtoyou.com\/lt\/#\/schema\/logo\/image\/"}}]}},"_links":{"self":[{"href":"https:\/\/www.transtoyou.com\/lt\/wp-json\/wp\/v2\/product\/748","targetHints":{"allow":["GET"]}}],"collection":[{"href":"https:\/\/www.transtoyou.com\/lt\/wp-json\/wp\/v2\/product"}],"about":[{"href":"https:\/\/www.transtoyou.com\/lt\/wp-json\/wp\/v2\/types\/product"}],"replies":[{"embeddable":true,"href":"https:\/\/www.transtoyou.com\/lt\/wp-json\/wp\/v2\/comments?post=748"}],"wp:featuredmedia":[{"embeddable":true,"href":"https:\/\/www.transtoyou.com\/lt\/wp-json\/wp\/v2\/media\/750"}],"wp:attachment":[{"href":"https:\/\/www.transtoyou.com\/lt\/wp-json\/wp\/v2\/media?parent=748"}],"wp:term":[{"taxonomy":"product_brand","embeddable":true,"href":"https:\/\/www.transtoyou.com\/lt\/wp-json\/wp\/v2\/product_brand?post=748"},{"taxonomy":"product_cat","embeddable":true,"href":"https:\/\/www.transtoyou.com\/lt\/wp-json\/wp\/v2\/product_cat?post=748"},{"taxonomy":"product_tag","embeddable":true,"href":"https:\/\/www.transtoyou.com\/lt\/wp-json\/wp\/v2\/product_tag?post=748"},{"taxonomy":"expert","embeddable":true,"href":"https:\/\/www.transtoyou.com\/lt\/wp-json\/wp\/v2\/expert?post=748"}],"curies":[{"name":"wp","href":"https:\/\/api.w.org\/{rel}","templated":true}]}}