{"id":751,"date":"2026-01-22T17:34:13","date_gmt":"2026-01-22T15:34:13","guid":{"rendered":"https:\/\/www.transtoyou.com\/lt\/product\/diflucan\/"},"modified":"2026-01-22T17:35:32","modified_gmt":"2026-01-22T15:35:32","slug":"diflucanas","status":"publish","type":"product","link":"https:\/\/www.transtoyou.com\/lt\/product\/diflucanas\/","title":{"rendered":"Diflucan"},"content":{"rendered":"<p>Diflucan yra geriamasis antifungalinis vaistas, naudojamas mak\u0161ties mieli\u0173 infekcijoms, kurias sukelia Candida, gydyti. Jame yra fluconazolo, sisteminio antifungalinio agento, kuris veikia pagrindin\u0119 prie\u017east\u012f, trukdydamas grybelio l\u0105steli\u0173 membranai. Skirtingai nuo vietini\u0173 gydymo b\u016bd\u0173, jis vartojamas kaip vienkartin\u0117 geriamoji doz\u0117.<\/p>\n<p>Candida infekcijos, da\u017enai vadinamos pienlige, gali sukelti nie\u017e\u0117jim\u0105, dirginim\u0105, patinim\u0105 ir nenormal\u0173 i\u0161skyrim\u0105 d\u0117l nat\u016bralios mak\u0161ties mikrobiotos sutrikimo. Diflucan veikia blokuodamas ergosterolio, esmin\u0117s grybelio l\u0105steli\u0173 sienel\u0117s sudedamosios dalies, susidarym\u0105, kas lemia grybelio l\u0105steli\u0173 mirt\u012f ir infekcijos i\u0161nykim\u0105.<\/p>\n<p>Kadangi jis vartojamas per burn\u0105, Diflucan veikia sisteminiu b\u016bdu ir gali b\u016bti ypa\u010d naudingas asmenims, kurie pageidauja vienkartinio gydymo arba negali naudoti mak\u0161ties produkt\u0173. Daugelis \u017emoni\u0173 gali jausti simptom\u0173 palengv\u0117jim\u0105 per 24\u201348 valandas, nors visi\u0161kam i\u0161nykimui gali prireikti keli\u0173 dien\u0173.<\/p>\n<p>\u0160alutiniai poveikiai paprastai b\u016bna lengvi ir gali apimti pykinim\u0105, galvos skausm\u0105, pilvo diskomfort\u0105 ar viduriavim\u0105. J\u012f reikia vartoti atsargiai asmenims, turintiems kepen\u0173 sutrikim\u0173, arba tiems, kurie vartoja vaistus, s\u0105veikaujan\u010dius su fluconazolu, ypa\u010d tuos, kurie veikia \u0161irdies ritm\u0105 ar kepen\u0173 fermentus.<\/p>\n<p>Diflucan da\u017enai naudojamas vienkartiniams pienlig\u0117s epizodams, ta\u010diau jis taip pat gali b\u016bti skiriamas kaip dalis ilgalaikio plano d\u0117l pasikartojan\u010di\u0173 infekcij\u0173. Nerekomenduojama jo vartoti ankstyvo n\u0117\u0161tumo metu be medicinin\u0117s konsultacijos; vienkartin\u0117 150 mg doz\u0117 atrodo kelia ma\u017eai rizikos, ta\u010diau pakartotin\u0117s ar didel\u0117s doz\u0117s gali sukelti potenciali\u0105 \u017eal\u0105.<\/p>\n","protected":false},"excerpt":{"rendered":"<ul>\n<li>Viena doz\u0117 gydymui nuo pienlig\u0117s<\/li>\n<li>Veikia sisteminiu b\u016bdu prie\u0161 Candida<\/li>\n<li>Efektyvi geriamoji antifungin\u0117 pagalba<\/li>\n<\/ul>\n","protected":false},"featured_media":753,"comment_status":"open","ping_status":"closed","template":"","meta":[],"product_brand":[],"product_cat":[89,174],"product_tag":[],"expert":[19],"class_list":{"0":"post-751","1":"product","2":"type-product","3":"status-publish","4":"has-post-thumbnail","6":"product_cat-kandida","7":"product_cat-vaginalines-infekcijos-ir-antifunginiai-preparatai","8":"expert-dr-j-vazquez","10":"first","11":"instock","12":"shipping-taxable","13":"product-type-variable"},"yoast_head":"<!-- This site is optimized with the Yoast SEO plugin v27.0 - https:\/\/yoast.com\/product\/yoast-seo-wordpress\/ -->\n<title>Diflucan | Efektyvi antifungin\u0117 priemon\u0117 - Transtoyou<\/title>\n<meta name=\"description\" content=\"I\u0161spr\u0119sk grybelines infekcijas su Diflucan, prieinamu Transtoyou. Pirk dabar efektyviam gydymui ir palengvink savo simptomus \u0161iandien.\" \/>\n<meta name=\"robots\" content=\"noindex, follow, max-snippet:-1, max-image-preview:large, max-video-preview:-1\" \/>\n<meta property=\"og:locale\" content=\"lt_LT\" \/>\n<meta property=\"og:type\" content=\"article\" \/>\n<meta property=\"og:title\" content=\"Diflucan | Efektyvi antifungin\u0117 priemon\u0117 - Transtoyou\" \/>\n<meta property=\"og:description\" content=\"I\u0161spr\u0119sk grybelines infekcijas su Diflucan, prieinamu Transtoyou. Pirk dabar efektyviam gydymui ir palengvink savo simptomus \u0161iandien.\" \/>\n<meta property=\"og:url\" content=\"https:\/\/www.transtoyou.com\/lt\/product\/diflucanas\/\" \/>\n<meta property=\"og:site_name\" content=\"Transtoyou - LT\" \/>\n<meta property=\"article:modified_time\" content=\"2026-01-22T15:35:32+00:00\" \/>\n<meta name=\"twitter:card\" content=\"summary_large_image\" \/>\n<meta name=\"twitter:label1\" content=\"Est. reading time\" \/>\n\t<meta name=\"twitter:data1\" content=\"1 minut\u0117\" \/>\n<script type=\"application\/ld+json\" class=\"yoast-schema-graph\">{\"@context\":\"https:\/\/schema.org\",\"@graph\":[{\"@type\":\"WebPage\",\"@id\":\"https:\/\/www.transtoyou.com\/lt\/product\/diflucanas\/\",\"url\":\"https:\/\/www.transtoyou.com\/lt\/product\/diflucanas\/\",\"name\":\"Diflucan | Efektyvi antifungin\u0117 priemon\u0117 - Transtoyou\",\"isPartOf\":{\"@id\":\"https:\/\/www.transtoyou.com\/lt\/#website\"},\"primaryImageOfPage\":{\"@id\":\"https:\/\/www.transtoyou.com\/lt\/product\/diflucanas\/#primaryimage\"},\"image\":{\"@id\":\"https:\/\/www.transtoyou.com\/lt\/product\/diflucanas\/#primaryimage\"},\"thumbnailUrl\":\"https:\/\/www.transtoyou.com\/lt\/wp-content\/uploads\/sites\/9\/2026\/01\/tty-no-product-image-12.webp\",\"datePublished\":\"2026-01-22T15:34:13+00:00\",\"dateModified\":\"2026-01-22T15:35:32+00:00\",\"description\":\"I\u0161spr\u0119sk grybelines infekcijas su Diflucan, prieinamu Transtoyou. Pirk dabar efektyviam gydymui ir palengvink savo simptomus \u0161iandien.\",\"breadcrumb\":{\"@id\":\"https:\/\/www.transtoyou.com\/lt\/product\/diflucanas\/#breadcrumb\"},\"inLanguage\":\"lt-LT\",\"potentialAction\":[{\"@type\":\"ReadAction\",\"target\":[\"https:\/\/www.transtoyou.com\/lt\/product\/diflucanas\/\"]}]},{\"@type\":\"ImageObject\",\"inLanguage\":\"lt-LT\",\"@id\":\"https:\/\/www.transtoyou.com\/lt\/product\/diflucanas\/#primaryimage\",\"url\":\"https:\/\/www.transtoyou.com\/lt\/wp-content\/uploads\/sites\/9\/2026\/01\/tty-no-product-image-12.webp\",\"contentUrl\":\"https:\/\/www.transtoyou.com\/lt\/wp-content\/uploads\/sites\/9\/2026\/01\/tty-no-product-image-12.webp\",\"width\":1000,\"height\":1000,\"caption\":\"Numatytasis produkto vaizdas\"},{\"@type\":\"WebSite\",\"@id\":\"https:\/\/www.transtoyou.com\/lt\/#website\",\"url\":\"https:\/\/www.transtoyou.com\/lt\/\",\"name\":\"Transtoyou - LT\",\"description\":\"\",\"publisher\":{\"@id\":\"https:\/\/www.transtoyou.com\/lt\/#organization\"},\"potentialAction\":[{\"@type\":\"SearchAction\",\"target\":{\"@type\":\"EntryPoint\",\"urlTemplate\":\"https:\/\/www.transtoyou.com\/lt\/?s={search_term_string}\"},\"query-input\":{\"@type\":\"PropertyValueSpecification\",\"valueRequired\":true,\"valueName\":\"search_term_string\"}}],\"inLanguage\":\"lt-LT\"},{\"@type\":\"Organization\",\"@id\":\"https:\/\/www.transtoyou.com\/lt\/#organization\",\"name\":\"Transtoyou - LT\",\"url\":\"https:\/\/www.transtoyou.com\/lt\/\",\"logo\":{\"@type\":\"ImageObject\",\"inLanguage\":\"lt-LT\",\"@id\":\"https:\/\/www.transtoyou.com\/lt\/#\/schema\/logo\/image\/\",\"url\":\"https:\/\/www.transtoyou.com\/lt\/wp-content\/uploads\/sites\/9\/2026\/01\/logo-tty-menu-bar-300x87-1.webp\",\"contentUrl\":\"https:\/\/www.transtoyou.com\/lt\/wp-content\/uploads\/sites\/9\/2026\/01\/logo-tty-menu-bar-300x87-1.webp\",\"width\":300,\"height\":87,\"caption\":\"Transtoyou - LT\"},\"image\":{\"@id\":\"https:\/\/www.transtoyou.com\/lt\/#\/schema\/logo\/image\/\"}}]}<\/script>\n<!-- \/ Yoast SEO plugin. -->","yoast_head_json":{"title":"Diflucan | Efektyvi antifungin\u0117 priemon\u0117 - Transtoyou","description":"I\u0161spr\u0119sk grybelines infekcijas su Diflucan, prieinamu Transtoyou. Pirk dabar efektyviam gydymui ir palengvink savo simptomus \u0161iandien.","robots":{"index":"noindex","follow":"follow","max-snippet":"max-snippet:-1","max-image-preview":"max-image-preview:large","max-video-preview":"max-video-preview:-1"},"og_locale":"lt_LT","og_type":"article","og_title":"Diflucan | Efektyvi antifungin\u0117 priemon\u0117 - Transtoyou","og_description":"I\u0161spr\u0119sk grybelines infekcijas su Diflucan, prieinamu Transtoyou. Pirk dabar efektyviam gydymui ir palengvink savo simptomus \u0161iandien.","og_url":"https:\/\/www.transtoyou.com\/lt\/product\/diflucanas\/","og_site_name":"Transtoyou - LT","article_modified_time":"2026-01-22T15:35:32+00:00","twitter_card":"summary_large_image","twitter_misc":{"Est. reading time":"1 minut\u0117"},"schema":{"@context":"https:\/\/schema.org","@graph":[{"@type":"WebPage","@id":"https:\/\/www.transtoyou.com\/lt\/product\/diflucanas\/","url":"https:\/\/www.transtoyou.com\/lt\/product\/diflucanas\/","name":"Diflucan | Efektyvi antifungin\u0117 priemon\u0117 - Transtoyou","isPartOf":{"@id":"https:\/\/www.transtoyou.com\/lt\/#website"},"primaryImageOfPage":{"@id":"https:\/\/www.transtoyou.com\/lt\/product\/diflucanas\/#primaryimage"},"image":{"@id":"https:\/\/www.transtoyou.com\/lt\/product\/diflucanas\/#primaryimage"},"thumbnailUrl":"https:\/\/www.transtoyou.com\/lt\/wp-content\/uploads\/sites\/9\/2026\/01\/tty-no-product-image-12.webp","datePublished":"2026-01-22T15:34:13+00:00","dateModified":"2026-01-22T15:35:32+00:00","description":"I\u0161spr\u0119sk grybelines infekcijas su Diflucan, prieinamu Transtoyou. Pirk dabar efektyviam gydymui ir palengvink savo simptomus \u0161iandien.","breadcrumb":{"@id":"https:\/\/www.transtoyou.com\/lt\/product\/diflucanas\/#breadcrumb"},"inLanguage":"lt-LT","potentialAction":[{"@type":"ReadAction","target":["https:\/\/www.transtoyou.com\/lt\/product\/diflucanas\/"]}]},{"@type":"ImageObject","inLanguage":"lt-LT","@id":"https:\/\/www.transtoyou.com\/lt\/product\/diflucanas\/#primaryimage","url":"https:\/\/www.transtoyou.com\/lt\/wp-content\/uploads\/sites\/9\/2026\/01\/tty-no-product-image-12.webp","contentUrl":"https:\/\/www.transtoyou.com\/lt\/wp-content\/uploads\/sites\/9\/2026\/01\/tty-no-product-image-12.webp","width":1000,"height":1000,"caption":"Numatytasis produkto vaizdas"},{"@type":"WebSite","@id":"https:\/\/www.transtoyou.com\/lt\/#website","url":"https:\/\/www.transtoyou.com\/lt\/","name":"Transtoyou - LT","description":"","publisher":{"@id":"https:\/\/www.transtoyou.com\/lt\/#organization"},"potentialAction":[{"@type":"SearchAction","target":{"@type":"EntryPoint","urlTemplate":"https:\/\/www.transtoyou.com\/lt\/?s={search_term_string}"},"query-input":{"@type":"PropertyValueSpecification","valueRequired":true,"valueName":"search_term_string"}}],"inLanguage":"lt-LT"},{"@type":"Organization","@id":"https:\/\/www.transtoyou.com\/lt\/#organization","name":"Transtoyou - LT","url":"https:\/\/www.transtoyou.com\/lt\/","logo":{"@type":"ImageObject","inLanguage":"lt-LT","@id":"https:\/\/www.transtoyou.com\/lt\/#\/schema\/logo\/image\/","url":"https:\/\/www.transtoyou.com\/lt\/wp-content\/uploads\/sites\/9\/2026\/01\/logo-tty-menu-bar-300x87-1.webp","contentUrl":"https:\/\/www.transtoyou.com\/lt\/wp-content\/uploads\/sites\/9\/2026\/01\/logo-tty-menu-bar-300x87-1.webp","width":300,"height":87,"caption":"Transtoyou - LT"},"image":{"@id":"https:\/\/www.transtoyou.com\/lt\/#\/schema\/logo\/image\/"}}]}},"_links":{"self":[{"href":"https:\/\/www.transtoyou.com\/lt\/wp-json\/wp\/v2\/product\/751","targetHints":{"allow":["GET"]}}],"collection":[{"href":"https:\/\/www.transtoyou.com\/lt\/wp-json\/wp\/v2\/product"}],"about":[{"href":"https:\/\/www.transtoyou.com\/lt\/wp-json\/wp\/v2\/types\/product"}],"replies":[{"embeddable":true,"href":"https:\/\/www.transtoyou.com\/lt\/wp-json\/wp\/v2\/comments?post=751"}],"wp:featuredmedia":[{"embeddable":true,"href":"https:\/\/www.transtoyou.com\/lt\/wp-json\/wp\/v2\/media\/753"}],"wp:attachment":[{"href":"https:\/\/www.transtoyou.com\/lt\/wp-json\/wp\/v2\/media?parent=751"}],"wp:term":[{"taxonomy":"product_brand","embeddable":true,"href":"https:\/\/www.transtoyou.com\/lt\/wp-json\/wp\/v2\/product_brand?post=751"},{"taxonomy":"product_cat","embeddable":true,"href":"https:\/\/www.transtoyou.com\/lt\/wp-json\/wp\/v2\/product_cat?post=751"},{"taxonomy":"product_tag","embeddable":true,"href":"https:\/\/www.transtoyou.com\/lt\/wp-json\/wp\/v2\/product_tag?post=751"},{"taxonomy":"expert","embeddable":true,"href":"https:\/\/www.transtoyou.com\/lt\/wp-json\/wp\/v2\/expert?post=751"}],"curies":[{"name":"wp","href":"https:\/\/api.w.org\/{rel}","templated":true}]}}