{"id":769,"date":"2026-01-22T19:12:31","date_gmt":"2026-01-22T17:12:31","guid":{"rendered":"https:\/\/www.transtoyou.com\/lt\/product\/aciclovir\/"},"modified":"2026-02-12T16:04:40","modified_gmt":"2026-02-12T14:04:40","slug":"acicloviras","status":"publish","type":"product","link":"https:\/\/www.transtoyou.com\/lt\/product\/acicloviras\/","title":{"rendered":"Acikloviras"},"content":{"rendered":"<p>Acikloviras yra antivirusinis vaistas, naudojamas gydyti infekcijas, kurias sukelia herpes virusai (tokie kaip HSV ir VZV), \u012fskaitant lytin\u012f herpes\u0105, per\u0161alimo \u017eaizdas ir p\u016bslelin\u0119. Jis veikia slopindamas herpes viruso augim\u0105 ir plitim\u0105 organizme, pad\u0117damas suma\u017einti protr\u016bki\u0173 sunkum\u0105 ir trukm\u0119. Acikloviras negydo herpes infekcij\u0173, ta\u010diau gali efektyviai valdyti simptomus ir suma\u017einti pasikartojim\u0173 da\u017enum\u0105.<\/p>\n<p>Vaistas yra prieinamas \u012fvairiomis formomis, \u012fskaitant tabletes, kremus ir intraveninius tirpalus. Odos susirgim\u0173, toki\u0173 kaip per\u0161alimo \u017eaizdos ar p\u016bslelin\u0117, atveju kremas da\u017enai tepamas tiesiai ant pa\u017eeistos vietos. Pla\u010diau paplitusi\u0173 ar sunki\u0173 infekcij\u0173 atveju nurodomos tablet\u0117s arba intravenin\u0117 vartojimo forma.<\/p>\n<p>Acikloviras veikia trukdydamas viruso geb\u0117jimui daugintis savo genetin\u0119 med\u017eiag\u0105. Tai rei\u0161kia, kad nors virusas i\u0161lieka neaktyvus organizme, aktyvi reprodukcija yra slopinama, kas padeda suvaldyti infekcij\u0105 ir skatinti greitesn\u012f gijim\u0105.<\/p>\n<p>Dauguma \u017emoni\u0173 pastebi simptom\u0173 palengv\u0117jim\u0105 per kelias dienas po gydymo prad\u017eios, ypa\u010d kai vaistas vartojamas pirmiesiems protr\u016bkio po\u017eymiams pasirei\u0161kus.<\/p>\n<p>Tipi\u0161ki gydymo kursai trunka nuo penki\u0173 iki de\u0161imties dien\u0173, priklausomai nuo b\u016bkl\u0117s ir vartojimo formos. Lytinio herpes gydymui tipin\u0117 suaugusi\u0173j\u0173 doz\u0117 yra 400 mg tris kartus per dien\u0105 5\u201310 dien\u0173. Pasikartojan\u010di\u0173 protr\u016bki\u0173 atveju kai kurie asmenys gali vartoti Aciklovir\u0105 kasdien kaip slopinam\u0105j\u0105 terapij\u0105, kad suma\u017eint\u0173 pa\u016bm\u0117jimus.<\/p>\n","protected":false},"excerpt":{"rendered":"<ul>\n<li>Veiksmingas prie\u0161 herpes virusus<\/li>\n<li>Ma\u017eina protr\u016bkio sunkum\u0105 ir trukm\u0119<\/li>\n<li>Prieinamas kremo ir table\u010di\u0173 pavidalu<\/li>\n<\/ul>\n","protected":false},"featured_media":1352,"comment_status":"open","ping_status":"closed","template":"","meta":[],"product_brand":[],"product_cat":[135,93,163],"product_tag":[],"expert":[21],"class_list":{"0":"post-769","1":"product","2":"type-product","3":"status-publish","4":"has-post-thumbnail","6":"product_cat-herpesas","7":"product_cat-puslelines","8":"product_cat-siferis","9":"expert-dr-m-sharoyko","11":"first","12":"instock","13":"shipping-taxable","14":"purchasable","15":"product-type-variable"},"yoast_head":"<!-- This site is optimized with the Yoast SEO plugin v27.0 - https:\/\/yoast.com\/product\/yoast-seo-wordpress\/ -->\n<title>Acikloviras | Efektyvi antivirusin\u0117 pagalba - Transtoyou<\/title>\n<meta name=\"description\" content=\"Acikloviras prieinamas Transtoyou, j\u016bs\u0173 patikimas \u0161altinis efektyviam virus\u0173 gydymui. Pirkite dabar ir gaukite auk\u0161tos kokyb\u0117s medicin\u0105!\" \/>\n<meta name=\"robots\" content=\"noindex, follow, max-snippet:-1, max-image-preview:large, max-video-preview:-1\" \/>\n<meta property=\"og:locale\" content=\"lt_LT\" \/>\n<meta property=\"og:type\" content=\"article\" \/>\n<meta property=\"og:title\" content=\"Acikloviras | Efektyvi antivirusin\u0117 pagalba - Transtoyou\" \/>\n<meta property=\"og:description\" content=\"Acikloviras prieinamas Transtoyou, j\u016bs\u0173 patikimas \u0161altinis efektyviam virus\u0173 gydymui. Pirkite dabar ir gaukite auk\u0161tos kokyb\u0117s medicin\u0105!\" \/>\n<meta property=\"og:url\" content=\"https:\/\/www.transtoyou.com\/lt\/product\/aciclovir\/\" \/>\n<meta property=\"og:site_name\" content=\"Transtoyou - LT\" \/>\n<meta property=\"article:modified_time\" content=\"2026-02-12T14:04:40+00:00\" \/>\n<meta name=\"twitter:card\" content=\"summary_large_image\" \/>\n<meta name=\"twitter:label1\" content=\"Est. reading time\" \/>\n\t<meta name=\"twitter:data1\" content=\"1 minut\u0117\" \/>\n<script type=\"application\/ld+json\" class=\"yoast-schema-graph\">{\"@context\":\"https:\/\/schema.org\",\"@graph\":[{\"@type\":\"WebPage\",\"@id\":\"https:\/\/www.transtoyou.com\/lt\/product\/aciclovir\/\",\"url\":\"https:\/\/www.transtoyou.com\/lt\/product\/aciclovir\/\",\"name\":\"Acikloviras | Efektyvi antivirusin\u0117 pagalba - Transtoyou\",\"isPartOf\":{\"@id\":\"https:\/\/www.transtoyou.com\/lt\/#website\"},\"primaryImageOfPage\":{\"@id\":\"https:\/\/www.transtoyou.com\/lt\/product\/aciclovir\/#primaryimage\"},\"image\":{\"@id\":\"https:\/\/www.transtoyou.com\/lt\/product\/aciclovir\/#primaryimage\"},\"thumbnailUrl\":\"https:\/\/www.transtoyou.com\/lt\/wp-content\/uploads\/sites\/9\/2026\/02\/Aciclovir-mean-image.png\",\"datePublished\":\"2026-01-22T17:12:31+00:00\",\"dateModified\":\"2026-02-12T14:04:40+00:00\",\"description\":\"Acikloviras prieinamas Transtoyou, j\u016bs\u0173 patikimas \u0161altinis efektyviam virus\u0173 gydymui. Pirkite dabar ir gaukite auk\u0161tos kokyb\u0117s medicin\u0105!\",\"breadcrumb\":{\"@id\":\"https:\/\/www.transtoyou.com\/lt\/product\/aciclovir\/#breadcrumb\"},\"inLanguage\":\"lt-LT\",\"potentialAction\":[{\"@type\":\"ReadAction\",\"target\":[\"https:\/\/www.transtoyou.com\/lt\/product\/aciclovir\/\"]}]},{\"@type\":\"ImageObject\",\"inLanguage\":\"lt-LT\",\"@id\":\"https:\/\/www.transtoyou.com\/lt\/product\/aciclovir\/#primaryimage\",\"url\":\"https:\/\/www.transtoyou.com\/lt\/wp-content\/uploads\/sites\/9\/2026\/02\/Aciclovir-mean-image.png\",\"contentUrl\":\"https:\/\/www.transtoyou.com\/lt\/wp-content\/uploads\/sites\/9\/2026\/02\/Aciclovir-mean-image.png\",\"width\":1080,\"height\":1080,\"caption\":\"Acikloviras u\u017esakymas internetu - Transtoyou\"},{\"@type\":\"WebSite\",\"@id\":\"https:\/\/www.transtoyou.com\/lt\/#website\",\"url\":\"https:\/\/www.transtoyou.com\/lt\/\",\"name\":\"Transtoyou - LT\",\"description\":\"\",\"publisher\":{\"@id\":\"https:\/\/www.transtoyou.com\/lt\/#organization\"},\"potentialAction\":[{\"@type\":\"SearchAction\",\"target\":{\"@type\":\"EntryPoint\",\"urlTemplate\":\"https:\/\/www.transtoyou.com\/lt\/?s={search_term_string}\"},\"query-input\":{\"@type\":\"PropertyValueSpecification\",\"valueRequired\":true,\"valueName\":\"search_term_string\"}}],\"inLanguage\":\"lt-LT\"},{\"@type\":\"Organization\",\"@id\":\"https:\/\/www.transtoyou.com\/lt\/#organization\",\"name\":\"Transtoyou - LT\",\"url\":\"https:\/\/www.transtoyou.com\/lt\/\",\"logo\":{\"@type\":\"ImageObject\",\"inLanguage\":\"lt-LT\",\"@id\":\"https:\/\/www.transtoyou.com\/lt\/#\/schema\/logo\/image\/\",\"url\":\"https:\/\/www.transtoyou.com\/lt\/wp-content\/uploads\/sites\/9\/2026\/01\/logo-tty-menu-bar-300x87-1.webp\",\"contentUrl\":\"https:\/\/www.transtoyou.com\/lt\/wp-content\/uploads\/sites\/9\/2026\/01\/logo-tty-menu-bar-300x87-1.webp\",\"width\":300,\"height\":87,\"caption\":\"Transtoyou - LT\"},\"image\":{\"@id\":\"https:\/\/www.transtoyou.com\/lt\/#\/schema\/logo\/image\/\"}}]}<\/script>\n<!-- \/ Yoast SEO plugin. -->","yoast_head_json":{"title":"Acikloviras | Efektyvi antivirusin\u0117 pagalba - Transtoyou","description":"Acikloviras prieinamas Transtoyou, j\u016bs\u0173 patikimas \u0161altinis efektyviam virus\u0173 gydymui. Pirkite dabar ir gaukite auk\u0161tos kokyb\u0117s medicin\u0105!","robots":{"index":"noindex","follow":"follow","max-snippet":"max-snippet:-1","max-image-preview":"max-image-preview:large","max-video-preview":"max-video-preview:-1"},"og_locale":"lt_LT","og_type":"article","og_title":"Acikloviras | Efektyvi antivirusin\u0117 pagalba - Transtoyou","og_description":"Acikloviras prieinamas Transtoyou, j\u016bs\u0173 patikimas \u0161altinis efektyviam virus\u0173 gydymui. Pirkite dabar ir gaukite auk\u0161tos kokyb\u0117s medicin\u0105!","og_url":"https:\/\/www.transtoyou.com\/lt\/product\/aciclovir\/","og_site_name":"Transtoyou - LT","article_modified_time":"2026-02-12T14:04:40+00:00","twitter_card":"summary_large_image","twitter_misc":{"Est. reading time":"1 minut\u0117"},"schema":{"@context":"https:\/\/schema.org","@graph":[{"@type":"WebPage","@id":"https:\/\/www.transtoyou.com\/lt\/product\/aciclovir\/","url":"https:\/\/www.transtoyou.com\/lt\/product\/aciclovir\/","name":"Acikloviras | Efektyvi antivirusin\u0117 pagalba - Transtoyou","isPartOf":{"@id":"https:\/\/www.transtoyou.com\/lt\/#website"},"primaryImageOfPage":{"@id":"https:\/\/www.transtoyou.com\/lt\/product\/aciclovir\/#primaryimage"},"image":{"@id":"https:\/\/www.transtoyou.com\/lt\/product\/aciclovir\/#primaryimage"},"thumbnailUrl":"https:\/\/www.transtoyou.com\/lt\/wp-content\/uploads\/sites\/9\/2026\/02\/Aciclovir-mean-image.png","datePublished":"2026-01-22T17:12:31+00:00","dateModified":"2026-02-12T14:04:40+00:00","description":"Acikloviras prieinamas Transtoyou, j\u016bs\u0173 patikimas \u0161altinis efektyviam virus\u0173 gydymui. Pirkite dabar ir gaukite auk\u0161tos kokyb\u0117s medicin\u0105!","breadcrumb":{"@id":"https:\/\/www.transtoyou.com\/lt\/product\/aciclovir\/#breadcrumb"},"inLanguage":"lt-LT","potentialAction":[{"@type":"ReadAction","target":["https:\/\/www.transtoyou.com\/lt\/product\/aciclovir\/"]}]},{"@type":"ImageObject","inLanguage":"lt-LT","@id":"https:\/\/www.transtoyou.com\/lt\/product\/aciclovir\/#primaryimage","url":"https:\/\/www.transtoyou.com\/lt\/wp-content\/uploads\/sites\/9\/2026\/02\/Aciclovir-mean-image.png","contentUrl":"https:\/\/www.transtoyou.com\/lt\/wp-content\/uploads\/sites\/9\/2026\/02\/Aciclovir-mean-image.png","width":1080,"height":1080,"caption":"Acikloviras u\u017esakymas internetu - Transtoyou"},{"@type":"WebSite","@id":"https:\/\/www.transtoyou.com\/lt\/#website","url":"https:\/\/www.transtoyou.com\/lt\/","name":"Transtoyou - LT","description":"","publisher":{"@id":"https:\/\/www.transtoyou.com\/lt\/#organization"},"potentialAction":[{"@type":"SearchAction","target":{"@type":"EntryPoint","urlTemplate":"https:\/\/www.transtoyou.com\/lt\/?s={search_term_string}"},"query-input":{"@type":"PropertyValueSpecification","valueRequired":true,"valueName":"search_term_string"}}],"inLanguage":"lt-LT"},{"@type":"Organization","@id":"https:\/\/www.transtoyou.com\/lt\/#organization","name":"Transtoyou - LT","url":"https:\/\/www.transtoyou.com\/lt\/","logo":{"@type":"ImageObject","inLanguage":"lt-LT","@id":"https:\/\/www.transtoyou.com\/lt\/#\/schema\/logo\/image\/","url":"https:\/\/www.transtoyou.com\/lt\/wp-content\/uploads\/sites\/9\/2026\/01\/logo-tty-menu-bar-300x87-1.webp","contentUrl":"https:\/\/www.transtoyou.com\/lt\/wp-content\/uploads\/sites\/9\/2026\/01\/logo-tty-menu-bar-300x87-1.webp","width":300,"height":87,"caption":"Transtoyou - LT"},"image":{"@id":"https:\/\/www.transtoyou.com\/lt\/#\/schema\/logo\/image\/"}}]}},"_links":{"self":[{"href":"https:\/\/www.transtoyou.com\/lt\/wp-json\/wp\/v2\/product\/769","targetHints":{"allow":["GET"]}}],"collection":[{"href":"https:\/\/www.transtoyou.com\/lt\/wp-json\/wp\/v2\/product"}],"about":[{"href":"https:\/\/www.transtoyou.com\/lt\/wp-json\/wp\/v2\/types\/product"}],"replies":[{"embeddable":true,"href":"https:\/\/www.transtoyou.com\/lt\/wp-json\/wp\/v2\/comments?post=769"}],"wp:featuredmedia":[{"embeddable":true,"href":"https:\/\/www.transtoyou.com\/lt\/wp-json\/wp\/v2\/media\/1352"}],"wp:attachment":[{"href":"https:\/\/www.transtoyou.com\/lt\/wp-json\/wp\/v2\/media?parent=769"}],"wp:term":[{"taxonomy":"product_brand","embeddable":true,"href":"https:\/\/www.transtoyou.com\/lt\/wp-json\/wp\/v2\/product_brand?post=769"},{"taxonomy":"product_cat","embeddable":true,"href":"https:\/\/www.transtoyou.com\/lt\/wp-json\/wp\/v2\/product_cat?post=769"},{"taxonomy":"product_tag","embeddable":true,"href":"https:\/\/www.transtoyou.com\/lt\/wp-json\/wp\/v2\/product_tag?post=769"},{"taxonomy":"expert","embeddable":true,"href":"https:\/\/www.transtoyou.com\/lt\/wp-json\/wp\/v2\/expert?post=769"}],"curies":[{"name":"wp","href":"https:\/\/api.w.org\/{rel}","templated":true}]}}