{"id":781,"date":"2026-01-22T20:17:15","date_gmt":"2026-01-22T18:17:15","guid":{"rendered":"https:\/\/www.transtoyou.com\/lt\/product\/zyban\/"},"modified":"2026-01-22T20:18:26","modified_gmt":"2026-01-22T18:18:26","slug":"zyban","status":"publish","type":"product","link":"https:\/\/www.transtoyou.com\/lt\/product\/zyban\/","title":{"rendered":"Zyban"},"content":{"rendered":"<p>Zyban yra receptinis vaistas, naudojamas pad\u0117ti \u017emon\u0117ms mesti r\u016bkyti. Jame yra bupropiono, junginio, kuris i\u0161 prad\u017ei\u0173 buvo sukurtas kaip antidepresantas, ta\u010diau v\u0117liau buvo nustatyta, kad jis \u017eymiai suma\u017eina nikotino potrauk\u012f ir abstinencijos simptomus. Skirtingai nuo nikotino pakaital\u0173 terapij\u0173, Zyban neturi nikotino. Vietoj to, jis veikia keisdamas tam tikr\u0173 neurotransmiteri\u0173, ypa\u010d dopamino ir norepinefrino, lygius smegenyse, kurie yra susij\u0119 su priklausomyb\u0117mis ir nuotaikos reguliavimu.<\/p>\n<p>Zyban vartojamas kaip tablet\u0117, paprastai pradedama vartoti vien\u0105 ar dvi savaites prie\u0161 numatom\u0105 mesti r\u016bkyti dat\u0105. Tai leid\u017eia vaistui kauptis organizme ir prad\u0117ti ma\u017einti potrauk\u012f, kai r\u016bkymas nutraukiamas. Gydymas paprastai t\u0119siasi 7\u201312 savai\u010di\u0173, priklausomai nuo individualaus progreso ir gydytojo rekomendacij\u0173.<\/p>\n<p>Zyban ypa\u010d naudingas tiems asmenims, kurie band\u0117 kitas priemones mesti r\u016bkyti be s\u0117km\u0117s, arba tiems, kurie pageidauja ne nikotino pagrindu veikian\u010dio po\u017ei\u016brio. Naudojant kartu su elgesio palaikymu, Zyban buvo \u012frodyta, kad \u017eymiai padidina s\u0117kmingo metimo tikimyb\u0119.<\/p>\n<p>\u0160alutiniai poveikiai gali apimti burnos d\u017ei\u016bvim\u0105, nemig\u0105, galvos skausm\u0105 arba apetito poky\u010dius. Svarbu nevir\u0161yti nustatytos doz\u0117s, nes didesn\u0117s doz\u0117s gali padidinti traukuli\u0173 rizik\u0105. Zyban netur\u0117t\u0173 b\u016bti vartojamas kartu su kitais vaistais, kurie taip pat veikia serotonin\u0105, arba \u017emon\u0117ms, turintiems traukuli\u0173 ar valgymo sutrikim\u0173 istorij\u0105.<\/p>\n","protected":false},"excerpt":{"rendered":"<ul>\n<li>Nikotin\u0105 neturinti pagalba mesti r\u016bkyti<\/li>\n<li>Suma\u017eina potrauk\u012f ir abstinencijos simptomus<\/li>\n<li>Prad\u0117kite 1 savait\u0119 prie\u0161 mesti r\u016bkyti<\/li>\n<\/ul>\n","protected":false},"featured_media":783,"comment_status":"open","ping_status":"closed","template":"","meta":[],"product_brand":[],"product_cat":[166],"product_tag":[],"expert":[16],"class_list":{"0":"post-781","1":"product","2":"type-product","3":"status-publish","4":"has-post-thumbnail","6":"product_cat-priemones-mesti-rukyti","7":"expert-dr-c-alexandru","9":"first","10":"instock","11":"shipping-taxable","12":"product-type-variable"},"yoast_head":"<!-- This site is optimized with the Yoast SEO plugin v27.0 - https:\/\/yoast.com\/product\/yoast-seo-wordpress\/ -->\n<title>Zyban | Pagalba mesti r\u016bkyti - Transtoyou<\/title>\n<meta name=\"description\" content=\"Atraskite Zyban Transtoyou, j\u016bs\u0173 patikimas sveikatos sprendim\u0173 \u0161altinis. Pirkite dabar efektyvi\u0105 pagalb\u0105 mesti r\u016bkyti. Gaukite savo \u0161iandien!\" \/>\n<meta name=\"robots\" content=\"noindex, follow, max-snippet:-1, max-image-preview:large, max-video-preview:-1\" \/>\n<meta property=\"og:locale\" content=\"lt_LT\" \/>\n<meta property=\"og:type\" content=\"article\" \/>\n<meta property=\"og:title\" content=\"Zyban | Pagalba mesti r\u016bkyti - Transtoyou\" \/>\n<meta property=\"og:description\" content=\"Atraskite Zyban Transtoyou, j\u016bs\u0173 patikimas sveikatos sprendim\u0173 \u0161altinis. Pirkite dabar efektyvi\u0105 pagalb\u0105 mesti r\u016bkyti. Gaukite savo \u0161iandien!\" \/>\n<meta property=\"og:url\" content=\"https:\/\/www.transtoyou.com\/lt\/product\/zyban\/\" \/>\n<meta property=\"og:site_name\" content=\"Transtoyou - LT\" \/>\n<meta property=\"article:modified_time\" content=\"2026-01-22T18:18:26+00:00\" \/>\n<meta name=\"twitter:card\" content=\"summary_large_image\" \/>\n<meta name=\"twitter:label1\" content=\"Est. reading time\" \/>\n\t<meta name=\"twitter:data1\" content=\"1 minut\u0117\" \/>\n<script type=\"application\/ld+json\" class=\"yoast-schema-graph\">{\"@context\":\"https:\/\/schema.org\",\"@graph\":[{\"@type\":\"WebPage\",\"@id\":\"https:\/\/www.transtoyou.com\/lt\/product\/zyban\/\",\"url\":\"https:\/\/www.transtoyou.com\/lt\/product\/zyban\/\",\"name\":\"Zyban | Pagalba mesti r\u016bkyti - Transtoyou\",\"isPartOf\":{\"@id\":\"https:\/\/www.transtoyou.com\/lt\/#website\"},\"primaryImageOfPage\":{\"@id\":\"https:\/\/www.transtoyou.com\/lt\/product\/zyban\/#primaryimage\"},\"image\":{\"@id\":\"https:\/\/www.transtoyou.com\/lt\/product\/zyban\/#primaryimage\"},\"thumbnailUrl\":\"https:\/\/www.transtoyou.com\/lt\/wp-content\/uploads\/sites\/9\/2026\/01\/tty-no-product-image-22.webp\",\"datePublished\":\"2026-01-22T18:17:15+00:00\",\"dateModified\":\"2026-01-22T18:18:26+00:00\",\"description\":\"Atraskite Zyban Transtoyou, j\u016bs\u0173 patikimas sveikatos sprendim\u0173 \u0161altinis. Pirkite dabar efektyvi\u0105 pagalb\u0105 mesti r\u016bkyti. Gaukite savo \u0161iandien!\",\"breadcrumb\":{\"@id\":\"https:\/\/www.transtoyou.com\/lt\/product\/zyban\/#breadcrumb\"},\"inLanguage\":\"lt-LT\",\"potentialAction\":[{\"@type\":\"ReadAction\",\"target\":[\"https:\/\/www.transtoyou.com\/lt\/product\/zyban\/\"]}]},{\"@type\":\"ImageObject\",\"inLanguage\":\"lt-LT\",\"@id\":\"https:\/\/www.transtoyou.com\/lt\/product\/zyban\/#primaryimage\",\"url\":\"https:\/\/www.transtoyou.com\/lt\/wp-content\/uploads\/sites\/9\/2026\/01\/tty-no-product-image-22.webp\",\"contentUrl\":\"https:\/\/www.transtoyou.com\/lt\/wp-content\/uploads\/sites\/9\/2026\/01\/tty-no-product-image-22.webp\",\"width\":1000,\"height\":1000,\"caption\":\"Numatytasis produkto vaizdas\"},{\"@type\":\"WebSite\",\"@id\":\"https:\/\/www.transtoyou.com\/lt\/#website\",\"url\":\"https:\/\/www.transtoyou.com\/lt\/\",\"name\":\"Transtoyou - LT\",\"description\":\"\",\"publisher\":{\"@id\":\"https:\/\/www.transtoyou.com\/lt\/#organization\"},\"potentialAction\":[{\"@type\":\"SearchAction\",\"target\":{\"@type\":\"EntryPoint\",\"urlTemplate\":\"https:\/\/www.transtoyou.com\/lt\/?s={search_term_string}\"},\"query-input\":{\"@type\":\"PropertyValueSpecification\",\"valueRequired\":true,\"valueName\":\"search_term_string\"}}],\"inLanguage\":\"lt-LT\"},{\"@type\":\"Organization\",\"@id\":\"https:\/\/www.transtoyou.com\/lt\/#organization\",\"name\":\"Transtoyou - LT\",\"url\":\"https:\/\/www.transtoyou.com\/lt\/\",\"logo\":{\"@type\":\"ImageObject\",\"inLanguage\":\"lt-LT\",\"@id\":\"https:\/\/www.transtoyou.com\/lt\/#\/schema\/logo\/image\/\",\"url\":\"https:\/\/www.transtoyou.com\/lt\/wp-content\/uploads\/sites\/9\/2026\/01\/logo-tty-menu-bar-300x87-1.webp\",\"contentUrl\":\"https:\/\/www.transtoyou.com\/lt\/wp-content\/uploads\/sites\/9\/2026\/01\/logo-tty-menu-bar-300x87-1.webp\",\"width\":300,\"height\":87,\"caption\":\"Transtoyou - LT\"},\"image\":{\"@id\":\"https:\/\/www.transtoyou.com\/lt\/#\/schema\/logo\/image\/\"}}]}<\/script>\n<!-- \/ Yoast SEO plugin. -->","yoast_head_json":{"title":"Zyban | Pagalba mesti r\u016bkyti - Transtoyou","description":"Atraskite Zyban Transtoyou, j\u016bs\u0173 patikimas sveikatos sprendim\u0173 \u0161altinis. Pirkite dabar efektyvi\u0105 pagalb\u0105 mesti r\u016bkyti. Gaukite savo \u0161iandien!","robots":{"index":"noindex","follow":"follow","max-snippet":"max-snippet:-1","max-image-preview":"max-image-preview:large","max-video-preview":"max-video-preview:-1"},"og_locale":"lt_LT","og_type":"article","og_title":"Zyban | Pagalba mesti r\u016bkyti - Transtoyou","og_description":"Atraskite Zyban Transtoyou, j\u016bs\u0173 patikimas sveikatos sprendim\u0173 \u0161altinis. Pirkite dabar efektyvi\u0105 pagalb\u0105 mesti r\u016bkyti. Gaukite savo \u0161iandien!","og_url":"https:\/\/www.transtoyou.com\/lt\/product\/zyban\/","og_site_name":"Transtoyou - LT","article_modified_time":"2026-01-22T18:18:26+00:00","twitter_card":"summary_large_image","twitter_misc":{"Est. reading time":"1 minut\u0117"},"schema":{"@context":"https:\/\/schema.org","@graph":[{"@type":"WebPage","@id":"https:\/\/www.transtoyou.com\/lt\/product\/zyban\/","url":"https:\/\/www.transtoyou.com\/lt\/product\/zyban\/","name":"Zyban | Pagalba mesti r\u016bkyti - Transtoyou","isPartOf":{"@id":"https:\/\/www.transtoyou.com\/lt\/#website"},"primaryImageOfPage":{"@id":"https:\/\/www.transtoyou.com\/lt\/product\/zyban\/#primaryimage"},"image":{"@id":"https:\/\/www.transtoyou.com\/lt\/product\/zyban\/#primaryimage"},"thumbnailUrl":"https:\/\/www.transtoyou.com\/lt\/wp-content\/uploads\/sites\/9\/2026\/01\/tty-no-product-image-22.webp","datePublished":"2026-01-22T18:17:15+00:00","dateModified":"2026-01-22T18:18:26+00:00","description":"Atraskite Zyban Transtoyou, j\u016bs\u0173 patikimas sveikatos sprendim\u0173 \u0161altinis. Pirkite dabar efektyvi\u0105 pagalb\u0105 mesti r\u016bkyti. Gaukite savo \u0161iandien!","breadcrumb":{"@id":"https:\/\/www.transtoyou.com\/lt\/product\/zyban\/#breadcrumb"},"inLanguage":"lt-LT","potentialAction":[{"@type":"ReadAction","target":["https:\/\/www.transtoyou.com\/lt\/product\/zyban\/"]}]},{"@type":"ImageObject","inLanguage":"lt-LT","@id":"https:\/\/www.transtoyou.com\/lt\/product\/zyban\/#primaryimage","url":"https:\/\/www.transtoyou.com\/lt\/wp-content\/uploads\/sites\/9\/2026\/01\/tty-no-product-image-22.webp","contentUrl":"https:\/\/www.transtoyou.com\/lt\/wp-content\/uploads\/sites\/9\/2026\/01\/tty-no-product-image-22.webp","width":1000,"height":1000,"caption":"Numatytasis produkto vaizdas"},{"@type":"WebSite","@id":"https:\/\/www.transtoyou.com\/lt\/#website","url":"https:\/\/www.transtoyou.com\/lt\/","name":"Transtoyou - LT","description":"","publisher":{"@id":"https:\/\/www.transtoyou.com\/lt\/#organization"},"potentialAction":[{"@type":"SearchAction","target":{"@type":"EntryPoint","urlTemplate":"https:\/\/www.transtoyou.com\/lt\/?s={search_term_string}"},"query-input":{"@type":"PropertyValueSpecification","valueRequired":true,"valueName":"search_term_string"}}],"inLanguage":"lt-LT"},{"@type":"Organization","@id":"https:\/\/www.transtoyou.com\/lt\/#organization","name":"Transtoyou - LT","url":"https:\/\/www.transtoyou.com\/lt\/","logo":{"@type":"ImageObject","inLanguage":"lt-LT","@id":"https:\/\/www.transtoyou.com\/lt\/#\/schema\/logo\/image\/","url":"https:\/\/www.transtoyou.com\/lt\/wp-content\/uploads\/sites\/9\/2026\/01\/logo-tty-menu-bar-300x87-1.webp","contentUrl":"https:\/\/www.transtoyou.com\/lt\/wp-content\/uploads\/sites\/9\/2026\/01\/logo-tty-menu-bar-300x87-1.webp","width":300,"height":87,"caption":"Transtoyou - LT"},"image":{"@id":"https:\/\/www.transtoyou.com\/lt\/#\/schema\/logo\/image\/"}}]}},"_links":{"self":[{"href":"https:\/\/www.transtoyou.com\/lt\/wp-json\/wp\/v2\/product\/781","targetHints":{"allow":["GET"]}}],"collection":[{"href":"https:\/\/www.transtoyou.com\/lt\/wp-json\/wp\/v2\/product"}],"about":[{"href":"https:\/\/www.transtoyou.com\/lt\/wp-json\/wp\/v2\/types\/product"}],"replies":[{"embeddable":true,"href":"https:\/\/www.transtoyou.com\/lt\/wp-json\/wp\/v2\/comments?post=781"}],"wp:featuredmedia":[{"embeddable":true,"href":"https:\/\/www.transtoyou.com\/lt\/wp-json\/wp\/v2\/media\/783"}],"wp:attachment":[{"href":"https:\/\/www.transtoyou.com\/lt\/wp-json\/wp\/v2\/media?parent=781"}],"wp:term":[{"taxonomy":"product_brand","embeddable":true,"href":"https:\/\/www.transtoyou.com\/lt\/wp-json\/wp\/v2\/product_brand?post=781"},{"taxonomy":"product_cat","embeddable":true,"href":"https:\/\/www.transtoyou.com\/lt\/wp-json\/wp\/v2\/product_cat?post=781"},{"taxonomy":"product_tag","embeddable":true,"href":"https:\/\/www.transtoyou.com\/lt\/wp-json\/wp\/v2\/product_tag?post=781"},{"taxonomy":"expert","embeddable":true,"href":"https:\/\/www.transtoyou.com\/lt\/wp-json\/wp\/v2\/expert?post=781"}],"curies":[{"name":"wp","href":"https:\/\/api.w.org\/{rel}","templated":true}]}}