{"id":784,"date":"2026-01-22T20:33:46","date_gmt":"2026-01-22T18:33:46","guid":{"rendered":"https:\/\/www.transtoyou.com\/lt\/product\/nicorette\/"},"modified":"2026-01-22T20:35:07","modified_gmt":"2026-01-22T18:35:07","slug":"nicorette","status":"publish","type":"product","link":"https:\/\/www.transtoyou.com\/lt\/product\/nicorette\/","title":{"rendered":"Nicorette"},"content":{"rendered":"<p>Nicorette yra pla\u010diai pripa\u017einta nikotino pakaitin\u0117s terapijos (NRT) prek\u0117s \u017eenklas, sukurtas palaikyti \u017emones, kurie bando mesti r\u016bkyti. Jis yra prieinamas \u012fvairiomis formomis. Nicorette tiekia kontroliuojamas nikotino dozes organizmui be kenksming\u0173 med\u017eiag\u0173, randam\u0173 cigaret\u0117se. Tai padeda suma\u017einti abstinencijos simptomus ir potrauk\u012f, tod\u0117l per\u0117jimas nuo r\u016bkymo tampa lengviau valdomas.<\/p>\n<p>Palaipsniui ma\u017eindama organizmo priklausomyb\u0119 nuo nikotino, Nicorette leid\u017eia r\u016bkaliams sutelkti d\u0117mes\u012f \u012f elgesio \u012fpro\u010dio mesti r\u016bkyti nutraukim\u0105, nesukeliant intensyvios fizin\u0117s abstinencijos. Kiekvienas Nicorette produktas si\u016blo lanks\u010di\u0105 galimyb\u0119 pritaikyti mesti r\u016bkym\u0105 pagal individualius pageidavimus ir gyvenimo b\u016bd\u0105. Pavyzd\u017eiui, pleistrai suteikia nuolatin\u012f nikotino kiek\u012f vis\u0105 dien\u0105, o guma ar pastil\u0117s si\u016blo greitesn\u012f palengv\u0117jim\u0105 potraukio metu.<\/p>\n<p>Nicorette produktai paprastai naudojami 8\u201312 savai\u010di\u0173 laikotarpiu, doz\u0117 palaipsniui ma\u017einama. Juos galima naudoti savaranki\u0161kai arba kartu, pavyzd\u017eiui, derinant pleistr\u0105 su guma.<\/p>\n<p>\u0160alutiniai poveikiai gali apimti lengv\u0105 gerkl\u0117s ar burnos dirginim\u0105, \u017eags\u0117jim\u0105, odos jautrum\u0105 (d\u0117l pleistr\u0173) arba skrand\u017eio sutrikimus. \u0160ie poveikiai paprastai b\u016bna laikini. Nicorette nerekomenduojama vartoti n\u0117\u0161tumo ar \u017eindymo metu, nebent tai b\u016bt\u0173 patvirtinta gydytojo.<\/p>\n","protected":false},"excerpt":{"rendered":"<ul>\n<li>Suma\u017eina nikotino potrauk\u012f<\/li>\n<li>Galimi keli formatai<\/li>\n<li>Padeda palaipsniui mesti r\u016bkyti<\/li>\n<\/ul>\n","protected":false},"featured_media":786,"comment_status":"open","ping_status":"closed","template":"","meta":[],"product_brand":[],"product_cat":[166],"product_tag":[],"expert":[16],"class_list":{"0":"post-784","1":"product","2":"type-product","3":"status-publish","4":"has-post-thumbnail","6":"product_cat-priemones-mesti-rukyti","7":"expert-dr-c-alexandru","9":"first","10":"instock","11":"shipping-taxable","12":"product-type-variable"},"yoast_head":"<!-- This site is optimized with the Yoast SEO plugin v27.0 - https:\/\/yoast.com\/product\/yoast-seo-wordpress\/ -->\n<title>Nicorette | Pagalba metant r\u016bkyti ir potraukio mal\u0161inimas - Transtoyou<\/title>\n<meta name=\"description\" content=\"Nicorette, prieinamas Transtoyou, padeda palengvinti r\u016bkymo nutraukimo simptomus, tiekiant kontroliuojam\u0105 nikotin\u0105. Pirk dabar ir pasirink plan\u0105, kuris tinka tau.\" \/>\n<meta name=\"robots\" content=\"noindex, follow, max-snippet:-1, max-image-preview:large, max-video-preview:-1\" \/>\n<meta property=\"og:locale\" content=\"lt_LT\" \/>\n<meta property=\"og:type\" content=\"article\" \/>\n<meta property=\"og:title\" content=\"Nicorette | Pagalba metant r\u016bkyti ir potraukio mal\u0161inimas - Transtoyou\" \/>\n<meta property=\"og:description\" content=\"Nicorette, prieinamas Transtoyou, padeda palengvinti r\u016bkymo nutraukimo simptomus, tiekiant kontroliuojam\u0105 nikotin\u0105. Pirk dabar ir pasirink plan\u0105, kuris tinka tau.\" \/>\n<meta property=\"og:url\" content=\"https:\/\/www.transtoyou.com\/lt\/product\/nicorette\/\" \/>\n<meta property=\"og:site_name\" content=\"Transtoyou - LT\" \/>\n<meta property=\"article:modified_time\" content=\"2026-01-22T18:35:07+00:00\" \/>\n<meta name=\"twitter:card\" content=\"summary_large_image\" \/>\n<meta name=\"twitter:label1\" content=\"Est. reading time\" \/>\n\t<meta name=\"twitter:data1\" content=\"1 minut\u0117\" \/>\n<script type=\"application\/ld+json\" class=\"yoast-schema-graph\">{\"@context\":\"https:\/\/schema.org\",\"@graph\":[{\"@type\":\"WebPage\",\"@id\":\"https:\/\/www.transtoyou.com\/lt\/product\/nicorette\/\",\"url\":\"https:\/\/www.transtoyou.com\/lt\/product\/nicorette\/\",\"name\":\"Nicorette | Pagalba metant r\u016bkyti ir potraukio mal\u0161inimas - Transtoyou\",\"isPartOf\":{\"@id\":\"https:\/\/www.transtoyou.com\/lt\/#website\"},\"primaryImageOfPage\":{\"@id\":\"https:\/\/www.transtoyou.com\/lt\/product\/nicorette\/#primaryimage\"},\"image\":{\"@id\":\"https:\/\/www.transtoyou.com\/lt\/product\/nicorette\/#primaryimage\"},\"thumbnailUrl\":\"https:\/\/www.transtoyou.com\/lt\/wp-content\/uploads\/sites\/9\/2026\/01\/tty-no-product-image-23.webp\",\"datePublished\":\"2026-01-22T18:33:46+00:00\",\"dateModified\":\"2026-01-22T18:35:07+00:00\",\"description\":\"Nicorette, prieinamas Transtoyou, padeda palengvinti r\u016bkymo nutraukimo simptomus, tiekiant kontroliuojam\u0105 nikotin\u0105. Pirk dabar ir pasirink plan\u0105, kuris tinka tau.\",\"breadcrumb\":{\"@id\":\"https:\/\/www.transtoyou.com\/lt\/product\/nicorette\/#breadcrumb\"},\"inLanguage\":\"lt-LT\",\"potentialAction\":[{\"@type\":\"ReadAction\",\"target\":[\"https:\/\/www.transtoyou.com\/lt\/product\/nicorette\/\"]}]},{\"@type\":\"ImageObject\",\"inLanguage\":\"lt-LT\",\"@id\":\"https:\/\/www.transtoyou.com\/lt\/product\/nicorette\/#primaryimage\",\"url\":\"https:\/\/www.transtoyou.com\/lt\/wp-content\/uploads\/sites\/9\/2026\/01\/tty-no-product-image-23.webp\",\"contentUrl\":\"https:\/\/www.transtoyou.com\/lt\/wp-content\/uploads\/sites\/9\/2026\/01\/tty-no-product-image-23.webp\",\"width\":1000,\"height\":1000,\"caption\":\"Numatytas produkto vaizdas\"},{\"@type\":\"WebSite\",\"@id\":\"https:\/\/www.transtoyou.com\/lt\/#website\",\"url\":\"https:\/\/www.transtoyou.com\/lt\/\",\"name\":\"Transtoyou - LT\",\"description\":\"\",\"publisher\":{\"@id\":\"https:\/\/www.transtoyou.com\/lt\/#organization\"},\"potentialAction\":[{\"@type\":\"SearchAction\",\"target\":{\"@type\":\"EntryPoint\",\"urlTemplate\":\"https:\/\/www.transtoyou.com\/lt\/?s={search_term_string}\"},\"query-input\":{\"@type\":\"PropertyValueSpecification\",\"valueRequired\":true,\"valueName\":\"search_term_string\"}}],\"inLanguage\":\"lt-LT\"},{\"@type\":\"Organization\",\"@id\":\"https:\/\/www.transtoyou.com\/lt\/#organization\",\"name\":\"Transtoyou - LT\",\"url\":\"https:\/\/www.transtoyou.com\/lt\/\",\"logo\":{\"@type\":\"ImageObject\",\"inLanguage\":\"lt-LT\",\"@id\":\"https:\/\/www.transtoyou.com\/lt\/#\/schema\/logo\/image\/\",\"url\":\"https:\/\/www.transtoyou.com\/lt\/wp-content\/uploads\/sites\/9\/2026\/01\/logo-tty-menu-bar-300x87-1.webp\",\"contentUrl\":\"https:\/\/www.transtoyou.com\/lt\/wp-content\/uploads\/sites\/9\/2026\/01\/logo-tty-menu-bar-300x87-1.webp\",\"width\":300,\"height\":87,\"caption\":\"Transtoyou - LT\"},\"image\":{\"@id\":\"https:\/\/www.transtoyou.com\/lt\/#\/schema\/logo\/image\/\"}}]}<\/script>\n<!-- \/ Yoast SEO plugin. -->","yoast_head_json":{"title":"Nicorette | Pagalba metant r\u016bkyti ir potraukio mal\u0161inimas - Transtoyou","description":"Nicorette, prieinamas Transtoyou, padeda palengvinti r\u016bkymo nutraukimo simptomus, tiekiant kontroliuojam\u0105 nikotin\u0105. Pirk dabar ir pasirink plan\u0105, kuris tinka tau.","robots":{"index":"noindex","follow":"follow","max-snippet":"max-snippet:-1","max-image-preview":"max-image-preview:large","max-video-preview":"max-video-preview:-1"},"og_locale":"lt_LT","og_type":"article","og_title":"Nicorette | Pagalba metant r\u016bkyti ir potraukio mal\u0161inimas - Transtoyou","og_description":"Nicorette, prieinamas Transtoyou, padeda palengvinti r\u016bkymo nutraukimo simptomus, tiekiant kontroliuojam\u0105 nikotin\u0105. Pirk dabar ir pasirink plan\u0105, kuris tinka tau.","og_url":"https:\/\/www.transtoyou.com\/lt\/product\/nicorette\/","og_site_name":"Transtoyou - LT","article_modified_time":"2026-01-22T18:35:07+00:00","twitter_card":"summary_large_image","twitter_misc":{"Est. reading time":"1 minut\u0117"},"schema":{"@context":"https:\/\/schema.org","@graph":[{"@type":"WebPage","@id":"https:\/\/www.transtoyou.com\/lt\/product\/nicorette\/","url":"https:\/\/www.transtoyou.com\/lt\/product\/nicorette\/","name":"Nicorette | Pagalba metant r\u016bkyti ir potraukio mal\u0161inimas - Transtoyou","isPartOf":{"@id":"https:\/\/www.transtoyou.com\/lt\/#website"},"primaryImageOfPage":{"@id":"https:\/\/www.transtoyou.com\/lt\/product\/nicorette\/#primaryimage"},"image":{"@id":"https:\/\/www.transtoyou.com\/lt\/product\/nicorette\/#primaryimage"},"thumbnailUrl":"https:\/\/www.transtoyou.com\/lt\/wp-content\/uploads\/sites\/9\/2026\/01\/tty-no-product-image-23.webp","datePublished":"2026-01-22T18:33:46+00:00","dateModified":"2026-01-22T18:35:07+00:00","description":"Nicorette, prieinamas Transtoyou, padeda palengvinti r\u016bkymo nutraukimo simptomus, tiekiant kontroliuojam\u0105 nikotin\u0105. Pirk dabar ir pasirink plan\u0105, kuris tinka tau.","breadcrumb":{"@id":"https:\/\/www.transtoyou.com\/lt\/product\/nicorette\/#breadcrumb"},"inLanguage":"lt-LT","potentialAction":[{"@type":"ReadAction","target":["https:\/\/www.transtoyou.com\/lt\/product\/nicorette\/"]}]},{"@type":"ImageObject","inLanguage":"lt-LT","@id":"https:\/\/www.transtoyou.com\/lt\/product\/nicorette\/#primaryimage","url":"https:\/\/www.transtoyou.com\/lt\/wp-content\/uploads\/sites\/9\/2026\/01\/tty-no-product-image-23.webp","contentUrl":"https:\/\/www.transtoyou.com\/lt\/wp-content\/uploads\/sites\/9\/2026\/01\/tty-no-product-image-23.webp","width":1000,"height":1000,"caption":"Numatytas produkto vaizdas"},{"@type":"WebSite","@id":"https:\/\/www.transtoyou.com\/lt\/#website","url":"https:\/\/www.transtoyou.com\/lt\/","name":"Transtoyou - LT","description":"","publisher":{"@id":"https:\/\/www.transtoyou.com\/lt\/#organization"},"potentialAction":[{"@type":"SearchAction","target":{"@type":"EntryPoint","urlTemplate":"https:\/\/www.transtoyou.com\/lt\/?s={search_term_string}"},"query-input":{"@type":"PropertyValueSpecification","valueRequired":true,"valueName":"search_term_string"}}],"inLanguage":"lt-LT"},{"@type":"Organization","@id":"https:\/\/www.transtoyou.com\/lt\/#organization","name":"Transtoyou - LT","url":"https:\/\/www.transtoyou.com\/lt\/","logo":{"@type":"ImageObject","inLanguage":"lt-LT","@id":"https:\/\/www.transtoyou.com\/lt\/#\/schema\/logo\/image\/","url":"https:\/\/www.transtoyou.com\/lt\/wp-content\/uploads\/sites\/9\/2026\/01\/logo-tty-menu-bar-300x87-1.webp","contentUrl":"https:\/\/www.transtoyou.com\/lt\/wp-content\/uploads\/sites\/9\/2026\/01\/logo-tty-menu-bar-300x87-1.webp","width":300,"height":87,"caption":"Transtoyou - LT"},"image":{"@id":"https:\/\/www.transtoyou.com\/lt\/#\/schema\/logo\/image\/"}}]}},"_links":{"self":[{"href":"https:\/\/www.transtoyou.com\/lt\/wp-json\/wp\/v2\/product\/784","targetHints":{"allow":["GET"]}}],"collection":[{"href":"https:\/\/www.transtoyou.com\/lt\/wp-json\/wp\/v2\/product"}],"about":[{"href":"https:\/\/www.transtoyou.com\/lt\/wp-json\/wp\/v2\/types\/product"}],"replies":[{"embeddable":true,"href":"https:\/\/www.transtoyou.com\/lt\/wp-json\/wp\/v2\/comments?post=784"}],"wp:featuredmedia":[{"embeddable":true,"href":"https:\/\/www.transtoyou.com\/lt\/wp-json\/wp\/v2\/media\/786"}],"wp:attachment":[{"href":"https:\/\/www.transtoyou.com\/lt\/wp-json\/wp\/v2\/media?parent=784"}],"wp:term":[{"taxonomy":"product_brand","embeddable":true,"href":"https:\/\/www.transtoyou.com\/lt\/wp-json\/wp\/v2\/product_brand?post=784"},{"taxonomy":"product_cat","embeddable":true,"href":"https:\/\/www.transtoyou.com\/lt\/wp-json\/wp\/v2\/product_cat?post=784"},{"taxonomy":"product_tag","embeddable":true,"href":"https:\/\/www.transtoyou.com\/lt\/wp-json\/wp\/v2\/product_tag?post=784"},{"taxonomy":"expert","embeddable":true,"href":"https:\/\/www.transtoyou.com\/lt\/wp-json\/wp\/v2\/expert?post=784"}],"curies":[{"name":"wp","href":"https:\/\/api.w.org\/{rel}","templated":true}]}}