{"id":787,"date":"2026-01-22T20:49:51","date_gmt":"2026-01-22T18:49:51","guid":{"rendered":"https:\/\/www.transtoyou.com\/lt\/product\/decigatan\/"},"modified":"2026-01-22T20:51:06","modified_gmt":"2026-01-22T18:51:06","slug":"decigatan","status":"publish","type":"product","link":"https:\/\/www.transtoyou.com\/lt\/product\/decigatan\/","title":{"rendered":"Decigatan"},"content":{"rendered":"<p>Decigatan yra receptinis vaistas, sukurtas palaikyti asmenis, norin\u010dius mesti r\u016bkyti. Jame yra citozino, augalin\u0117s kilm\u0117s junginio, kuris padeda suma\u017einti potrauk\u012f ir abstinencijos simptomus, dalinai stimuliuodamas nikotino receptorius smegenyse. \u0160is veikimas palengvina per\u0117jim\u0105 nuo nikotino priklausomyb\u0117s ir suma\u017eina r\u016bkytojo patiriam\u0105 malonum\u0105.<\/p>\n<p>Skirtingai nuo nikotino pakeitimo terapij\u0173, kurios tiekia nikotin\u0105 organizmui, Decigatan veikia imituodamas kai kuriuos nikotino poveikius, blokuodamas jo stipresnes priklausomyb\u0117s savybes. \u0160is dvigubas mechanizmas padeda r\u016bkytojams palaipsniui suma\u017einti priklausomyb\u0119 nuo cigare\u010di\u0173, patiriant ma\u017eiau potraukio ir diskomforto metimo proceso metu.<\/p>\n<p>Decigatan paprastai vartojamas 25 dien\u0173 kurso metu, su palaipsniui ma\u017e\u0117jan\u010dia doze. \u0160iuo laikotarpiu vartotojams rekomenduojama visi\u0161kai nustoti r\u016bkyti per pirmas penkias dienas. Strukt\u016brizuotas gydymo planas palaiko tiek fizin\u0119, tiek psichologin\u0119 abstinencij\u0105, tod\u0117l lengviau atsikratyti r\u016bkymo \u012fpro\u010dio.<\/p>\n<p>Dauguma vartotoj\u0173 gerai toleruoja Decigatan, nors kai kurie gali patirti lengv\u0173 \u0161alutini\u0173 poveiki\u0173, toki\u0173 kaip pykinimas, burnos d\u017ei\u016bvimas ar miego sutrikimai. Kaip ir su bet kokiu vaistu, svarbu atid\u017eiai laikytis dozavimo grafiko ir vengti r\u016bkymo gydymo metu, nes j\u0173 derinimas gali sukelti \u0161alutini\u0173 poveiki\u0173 arba suma\u017einti veiksmingum\u0105.<\/p>\n<p>Decigatan nerekomenduojama vartoti n\u0117\u0161tumo ar \u017eindymo laikotarpiu, taip pat netur\u0117t\u0173 b\u016bti naudojamas asmen\u0173 su tam tikromis sveikatos b\u016bkl\u0117mis be medicinin\u0117s prie\u017ei\u016bros.<\/p>\n","protected":false},"excerpt":{"rendered":"<ul>\n<li>Ma\u017eina nikotino potrauk\u012f<\/li>\n<li>25 dien\u0173 gydymo kursas<\/li>\n<li>Augalin\u0117s kilm\u0117s veiklioji med\u017eiaga<\/li>\n<\/ul>\n","protected":false},"featured_media":789,"comment_status":"open","ping_status":"closed","template":"","meta":[],"product_brand":[],"product_cat":[166],"product_tag":[],"expert":[16],"class_list":{"0":"post-787","1":"product","2":"type-product","3":"status-publish","4":"has-post-thumbnail","6":"product_cat-priemones-mesti-rukyti","7":"expert-dr-c-alexandru","9":"first","10":"instock","11":"shipping-taxable","12":"product-type-variable"},"yoast_head":"<!-- This site is optimized with the Yoast SEO plugin v27.0 - https:\/\/yoast.com\/product\/yoast-seo-wordpress\/ -->\n<title>Decigatan | Pagalba Metant R\u016bkyti - Transtoyou<\/title>\n<meta name=\"description\" content=\"Decigatan, receptinis pagalbininkas metant r\u016bkyti, ma\u017eina potrauk\u012f ir abstinencijos simptomus. Pasitarkite su m\u016bs\u0173 gydytojais d\u0117l individualaus gydymo plano.\" \/>\n<meta name=\"robots\" content=\"noindex, follow, max-snippet:-1, max-image-preview:large, max-video-preview:-1\" \/>\n<meta property=\"og:locale\" content=\"lt_LT\" \/>\n<meta property=\"og:type\" content=\"article\" \/>\n<meta property=\"og:title\" content=\"Decigatan | Pagalba Metant R\u016bkyti - Transtoyou\" \/>\n<meta property=\"og:description\" content=\"Decigatan, receptinis pagalbininkas metant r\u016bkyti, ma\u017eina potrauk\u012f ir abstinencijos simptomus. Pasitarkite su m\u016bs\u0173 gydytojais d\u0117l individualaus gydymo plano.\" \/>\n<meta property=\"og:url\" content=\"https:\/\/www.transtoyou.com\/lt\/product\/decigatan\/\" \/>\n<meta property=\"og:site_name\" content=\"Transtoyou - LT\" \/>\n<meta property=\"article:modified_time\" content=\"2026-01-22T18:51:06+00:00\" \/>\n<meta name=\"twitter:card\" content=\"summary_large_image\" \/>\n<meta name=\"twitter:label1\" content=\"Est. reading time\" \/>\n\t<meta name=\"twitter:data1\" content=\"1 minut\u0117\" \/>\n<script type=\"application\/ld+json\" class=\"yoast-schema-graph\">{\"@context\":\"https:\/\/schema.org\",\"@graph\":[{\"@type\":\"WebPage\",\"@id\":\"https:\/\/www.transtoyou.com\/lt\/product\/decigatan\/\",\"url\":\"https:\/\/www.transtoyou.com\/lt\/product\/decigatan\/\",\"name\":\"Decigatan | Pagalba Metant R\u016bkyti - Transtoyou\",\"isPartOf\":{\"@id\":\"https:\/\/www.transtoyou.com\/lt\/#website\"},\"primaryImageOfPage\":{\"@id\":\"https:\/\/www.transtoyou.com\/lt\/product\/decigatan\/#primaryimage\"},\"image\":{\"@id\":\"https:\/\/www.transtoyou.com\/lt\/product\/decigatan\/#primaryimage\"},\"thumbnailUrl\":\"https:\/\/www.transtoyou.com\/lt\/wp-content\/uploads\/sites\/9\/2026\/01\/tty-no-product-image-24.webp\",\"datePublished\":\"2026-01-22T18:49:51+00:00\",\"dateModified\":\"2026-01-22T18:51:06+00:00\",\"description\":\"Decigatan, receptinis pagalbininkas metant r\u016bkyti, ma\u017eina potrauk\u012f ir abstinencijos simptomus. Pasitarkite su m\u016bs\u0173 gydytojais d\u0117l individualaus gydymo plano.\",\"breadcrumb\":{\"@id\":\"https:\/\/www.transtoyou.com\/lt\/product\/decigatan\/#breadcrumb\"},\"inLanguage\":\"lt-LT\",\"potentialAction\":[{\"@type\":\"ReadAction\",\"target\":[\"https:\/\/www.transtoyou.com\/lt\/product\/decigatan\/\"]}]},{\"@type\":\"ImageObject\",\"inLanguage\":\"lt-LT\",\"@id\":\"https:\/\/www.transtoyou.com\/lt\/product\/decigatan\/#primaryimage\",\"url\":\"https:\/\/www.transtoyou.com\/lt\/wp-content\/uploads\/sites\/9\/2026\/01\/tty-no-product-image-24.webp\",\"contentUrl\":\"https:\/\/www.transtoyou.com\/lt\/wp-content\/uploads\/sites\/9\/2026\/01\/tty-no-product-image-24.webp\",\"width\":1000,\"height\":1000,\"caption\":\"Numatytasis produkto vaizdas\"},{\"@type\":\"WebSite\",\"@id\":\"https:\/\/www.transtoyou.com\/lt\/#website\",\"url\":\"https:\/\/www.transtoyou.com\/lt\/\",\"name\":\"Transtoyou - LT\",\"description\":\"\",\"publisher\":{\"@id\":\"https:\/\/www.transtoyou.com\/lt\/#organization\"},\"potentialAction\":[{\"@type\":\"SearchAction\",\"target\":{\"@type\":\"EntryPoint\",\"urlTemplate\":\"https:\/\/www.transtoyou.com\/lt\/?s={search_term_string}\"},\"query-input\":{\"@type\":\"PropertyValueSpecification\",\"valueRequired\":true,\"valueName\":\"search_term_string\"}}],\"inLanguage\":\"lt-LT\"},{\"@type\":\"Organization\",\"@id\":\"https:\/\/www.transtoyou.com\/lt\/#organization\",\"name\":\"Transtoyou - LT\",\"url\":\"https:\/\/www.transtoyou.com\/lt\/\",\"logo\":{\"@type\":\"ImageObject\",\"inLanguage\":\"lt-LT\",\"@id\":\"https:\/\/www.transtoyou.com\/lt\/#\/schema\/logo\/image\/\",\"url\":\"https:\/\/www.transtoyou.com\/lt\/wp-content\/uploads\/sites\/9\/2026\/01\/logo-tty-menu-bar-300x87-1.webp\",\"contentUrl\":\"https:\/\/www.transtoyou.com\/lt\/wp-content\/uploads\/sites\/9\/2026\/01\/logo-tty-menu-bar-300x87-1.webp\",\"width\":300,\"height\":87,\"caption\":\"Transtoyou - LT\"},\"image\":{\"@id\":\"https:\/\/www.transtoyou.com\/lt\/#\/schema\/logo\/image\/\"}}]}<\/script>\n<!-- \/ Yoast SEO plugin. -->","yoast_head_json":{"title":"Decigatan | Pagalba Metant R\u016bkyti - Transtoyou","description":"Decigatan, receptinis pagalbininkas metant r\u016bkyti, ma\u017eina potrauk\u012f ir abstinencijos simptomus. Pasitarkite su m\u016bs\u0173 gydytojais d\u0117l individualaus gydymo plano.","robots":{"index":"noindex","follow":"follow","max-snippet":"max-snippet:-1","max-image-preview":"max-image-preview:large","max-video-preview":"max-video-preview:-1"},"og_locale":"lt_LT","og_type":"article","og_title":"Decigatan | Pagalba Metant R\u016bkyti - Transtoyou","og_description":"Decigatan, receptinis pagalbininkas metant r\u016bkyti, ma\u017eina potrauk\u012f ir abstinencijos simptomus. Pasitarkite su m\u016bs\u0173 gydytojais d\u0117l individualaus gydymo plano.","og_url":"https:\/\/www.transtoyou.com\/lt\/product\/decigatan\/","og_site_name":"Transtoyou - LT","article_modified_time":"2026-01-22T18:51:06+00:00","twitter_card":"summary_large_image","twitter_misc":{"Est. reading time":"1 minut\u0117"},"schema":{"@context":"https:\/\/schema.org","@graph":[{"@type":"WebPage","@id":"https:\/\/www.transtoyou.com\/lt\/product\/decigatan\/","url":"https:\/\/www.transtoyou.com\/lt\/product\/decigatan\/","name":"Decigatan | Pagalba Metant R\u016bkyti - Transtoyou","isPartOf":{"@id":"https:\/\/www.transtoyou.com\/lt\/#website"},"primaryImageOfPage":{"@id":"https:\/\/www.transtoyou.com\/lt\/product\/decigatan\/#primaryimage"},"image":{"@id":"https:\/\/www.transtoyou.com\/lt\/product\/decigatan\/#primaryimage"},"thumbnailUrl":"https:\/\/www.transtoyou.com\/lt\/wp-content\/uploads\/sites\/9\/2026\/01\/tty-no-product-image-24.webp","datePublished":"2026-01-22T18:49:51+00:00","dateModified":"2026-01-22T18:51:06+00:00","description":"Decigatan, receptinis pagalbininkas metant r\u016bkyti, ma\u017eina potrauk\u012f ir abstinencijos simptomus. Pasitarkite su m\u016bs\u0173 gydytojais d\u0117l individualaus gydymo plano.","breadcrumb":{"@id":"https:\/\/www.transtoyou.com\/lt\/product\/decigatan\/#breadcrumb"},"inLanguage":"lt-LT","potentialAction":[{"@type":"ReadAction","target":["https:\/\/www.transtoyou.com\/lt\/product\/decigatan\/"]}]},{"@type":"ImageObject","inLanguage":"lt-LT","@id":"https:\/\/www.transtoyou.com\/lt\/product\/decigatan\/#primaryimage","url":"https:\/\/www.transtoyou.com\/lt\/wp-content\/uploads\/sites\/9\/2026\/01\/tty-no-product-image-24.webp","contentUrl":"https:\/\/www.transtoyou.com\/lt\/wp-content\/uploads\/sites\/9\/2026\/01\/tty-no-product-image-24.webp","width":1000,"height":1000,"caption":"Numatytasis produkto vaizdas"},{"@type":"WebSite","@id":"https:\/\/www.transtoyou.com\/lt\/#website","url":"https:\/\/www.transtoyou.com\/lt\/","name":"Transtoyou - LT","description":"","publisher":{"@id":"https:\/\/www.transtoyou.com\/lt\/#organization"},"potentialAction":[{"@type":"SearchAction","target":{"@type":"EntryPoint","urlTemplate":"https:\/\/www.transtoyou.com\/lt\/?s={search_term_string}"},"query-input":{"@type":"PropertyValueSpecification","valueRequired":true,"valueName":"search_term_string"}}],"inLanguage":"lt-LT"},{"@type":"Organization","@id":"https:\/\/www.transtoyou.com\/lt\/#organization","name":"Transtoyou - LT","url":"https:\/\/www.transtoyou.com\/lt\/","logo":{"@type":"ImageObject","inLanguage":"lt-LT","@id":"https:\/\/www.transtoyou.com\/lt\/#\/schema\/logo\/image\/","url":"https:\/\/www.transtoyou.com\/lt\/wp-content\/uploads\/sites\/9\/2026\/01\/logo-tty-menu-bar-300x87-1.webp","contentUrl":"https:\/\/www.transtoyou.com\/lt\/wp-content\/uploads\/sites\/9\/2026\/01\/logo-tty-menu-bar-300x87-1.webp","width":300,"height":87,"caption":"Transtoyou - LT"},"image":{"@id":"https:\/\/www.transtoyou.com\/lt\/#\/schema\/logo\/image\/"}}]}},"_links":{"self":[{"href":"https:\/\/www.transtoyou.com\/lt\/wp-json\/wp\/v2\/product\/787","targetHints":{"allow":["GET"]}}],"collection":[{"href":"https:\/\/www.transtoyou.com\/lt\/wp-json\/wp\/v2\/product"}],"about":[{"href":"https:\/\/www.transtoyou.com\/lt\/wp-json\/wp\/v2\/types\/product"}],"replies":[{"embeddable":true,"href":"https:\/\/www.transtoyou.com\/lt\/wp-json\/wp\/v2\/comments?post=787"}],"wp:featuredmedia":[{"embeddable":true,"href":"https:\/\/www.transtoyou.com\/lt\/wp-json\/wp\/v2\/media\/789"}],"wp:attachment":[{"href":"https:\/\/www.transtoyou.com\/lt\/wp-json\/wp\/v2\/media?parent=787"}],"wp:term":[{"taxonomy":"product_brand","embeddable":true,"href":"https:\/\/www.transtoyou.com\/lt\/wp-json\/wp\/v2\/product_brand?post=787"},{"taxonomy":"product_cat","embeddable":true,"href":"https:\/\/www.transtoyou.com\/lt\/wp-json\/wp\/v2\/product_cat?post=787"},{"taxonomy":"product_tag","embeddable":true,"href":"https:\/\/www.transtoyou.com\/lt\/wp-json\/wp\/v2\/product_tag?post=787"},{"taxonomy":"expert","embeddable":true,"href":"https:\/\/www.transtoyou.com\/lt\/wp-json\/wp\/v2\/expert?post=787"}],"curies":[{"name":"wp","href":"https:\/\/api.w.org\/{rel}","templated":true}]}}