{"id":793,"date":"2026-01-22T21:19:55","date_gmt":"2026-01-22T19:19:55","guid":{"rendered":"https:\/\/www.transtoyou.com\/lt\/product\/valtrex\/"},"modified":"2026-01-22T21:21:08","modified_gmt":"2026-01-22T19:21:08","slug":"valtrex","status":"publish","type":"product","link":"https:\/\/www.transtoyou.com\/lt\/product\/valtrex\/","title":{"rendered":"Valtrex"},"content":{"rendered":"<p>Valtrex yra antivirusinis vaistas (virusus kovojantis vaistas), naudojamas gydyti infekcijas, kurias sukelia herpes virusai. Tai yra prodrugas aciklovirui, tai rei\u0161kia, kad j\u016bs\u0173 organizmas j\u012f paver\u010dia aktyvia forma (acicloviru) po vartojimo. Acikloviras veikia, sustabdydamas viruso DNR (genetin\u0117s med\u017eiagos) replikuot\u0119, kas neleid\u017eia jam daugintis ir plisti (blokuoja viruso replikacij\u0105).<\/p>\n<p>Valtrex daugiausia skiriamas infekcijoms, kurias sukelia herpes virusai, \u012fskaitant \u0161altuosius p\u016bslelius (oralin\u012f herpes\u0105), lytin\u012f herpes\u0105, p\u016bslelin\u0119 (herpes zoster), aki\u0173 infekcijas, sukeltas herpes, ir siekiant u\u017ekirsti keli\u0105 citomegaloviruso (CMV) infekcijoms \u017emon\u0117ms, kuriems buvo atlikta organ\u0173 transplantacija. Jis taip pat naudojamas ilgalaikiam gydymui, siekiant suma\u017einti protr\u016bki\u0173 da\u017enum\u0105.<\/p>\n<p>Valtrex veikia organizm\u0105 kontroliuodamas virus\u0105 aktyvi\u0173 protr\u016bki\u0173 metu ir ma\u017eindamas b\u016bsim\u0173 pa\u016bm\u0117jim\u0173 rizik\u0105. Jis gerai veikia, kai pradedamas anksti simptom\u0173 eigoje, da\u017enai per pirmas 1\u20131,5 valandas. Kadangi jis taikomas tik virusu u\u017ekr\u0117stoms l\u0105stel\u0117ms, sveikos l\u0105stel\u0117s paprastai lieka nepaliestos, tod\u0117l \u0161alutini\u0173 poveiki\u0173 yra ma\u017eiau.<\/p>\n<p>Pagrindiniai Valtrex privalumai yra greitas poveikis, lengvas naudojimas (geriamasis tablet\u0117), ma\u017eiau kasdieni\u0173 dozi\u0173, palyginti su senesniais antivirusiniais vaistais, ir stipr\u016bs efektyvumo \u012frodymai. Jis ma\u017eina skausm\u0105 ir gijimo laik\u0105 protr\u016bki\u0173 metu ir taip pat gali suma\u017einti galimyb\u0119 perduoti virus\u0105 kitiems, kai vartojamas kasdien.<\/p>\n<p>Valtrex nei\u0161gydo herpes, bet padeda efektyviai juo valdyti ir daro gyvenim\u0105 su \u0161ia b\u016bkle lengviau valdom\u0105.<\/p>\n","protected":false},"excerpt":{"rendered":"<ul>\n<li>Antivirusinis prie\u0161 herpes virusus<\/li>\n<li>Padeda suma\u017einti protr\u016bkius ir simptomus<\/li>\n<li>Viena doz\u0117 per dien\u0105 prevencijai<\/li>\n<\/ul>\n","protected":false},"featured_media":795,"comment_status":"open","ping_status":"closed","template":"","meta":[],"product_brand":[],"product_cat":[135,93,163],"product_tag":[],"expert":[17],"class_list":{"0":"post-793","1":"product","2":"type-product","3":"status-publish","4":"has-post-thumbnail","6":"product_cat-herpesas","7":"product_cat-puslelines","8":"product_cat-siferis","9":"expert-dr-c-munoz-parada","11":"first","12":"instock","13":"shipping-taxable","14":"product-type-variable"},"yoast_head":"<!-- This site is optimized with the Yoast SEO plugin v27.0 - https:\/\/yoast.com\/product\/yoast-seo-wordpress\/ -->\n<title>Valtrex | Efektyvi antivirusin\u0117 parama - Transtoyou<\/title>\n<meta name=\"description\" content=\"Valtrex prieinamas Transtoyou, si\u016blantis patikim\u0105 antivirusin\u0119 pagalb\u0105. Su\u017einokite apie jo naud\u0105 gydant p\u016bslelin\u0117s simptomus. Pirkite dabar efektyviai.\" \/>\n<meta name=\"robots\" content=\"noindex, follow, max-snippet:-1, max-image-preview:large, max-video-preview:-1\" \/>\n<meta property=\"og:locale\" content=\"lt_LT\" \/>\n<meta property=\"og:type\" content=\"article\" \/>\n<meta property=\"og:title\" content=\"Valtrex | Efektyvi antivirusin\u0117 parama - Transtoyou\" \/>\n<meta property=\"og:description\" content=\"Valtrex prieinamas Transtoyou, si\u016blantis patikim\u0105 antivirusin\u0119 pagalb\u0105. Su\u017einokite apie jo naud\u0105 gydant p\u016bslelin\u0117s simptomus. Pirkite dabar efektyviai.\" \/>\n<meta property=\"og:url\" content=\"https:\/\/www.transtoyou.com\/lt\/product\/valtrex\/\" \/>\n<meta property=\"og:site_name\" content=\"Transtoyou - LT\" \/>\n<meta property=\"article:modified_time\" content=\"2026-01-22T19:21:08+00:00\" \/>\n<meta name=\"twitter:card\" content=\"summary_large_image\" \/>\n<meta name=\"twitter:label1\" content=\"Est. reading time\" \/>\n\t<meta name=\"twitter:data1\" content=\"1 minut\u0117\" \/>\n<script type=\"application\/ld+json\" class=\"yoast-schema-graph\">{\"@context\":\"https:\/\/schema.org\",\"@graph\":[{\"@type\":\"WebPage\",\"@id\":\"https:\/\/www.transtoyou.com\/lt\/product\/valtrex\/\",\"url\":\"https:\/\/www.transtoyou.com\/lt\/product\/valtrex\/\",\"name\":\"Valtrex | Efektyvi antivirusin\u0117 parama - Transtoyou\",\"isPartOf\":{\"@id\":\"https:\/\/www.transtoyou.com\/lt\/#website\"},\"primaryImageOfPage\":{\"@id\":\"https:\/\/www.transtoyou.com\/lt\/product\/valtrex\/#primaryimage\"},\"image\":{\"@id\":\"https:\/\/www.transtoyou.com\/lt\/product\/valtrex\/#primaryimage\"},\"thumbnailUrl\":\"https:\/\/www.transtoyou.com\/lt\/wp-content\/uploads\/sites\/9\/2026\/01\/tty-no-product-image-26.webp\",\"datePublished\":\"2026-01-22T19:19:55+00:00\",\"dateModified\":\"2026-01-22T19:21:08+00:00\",\"description\":\"Valtrex prieinamas Transtoyou, si\u016blantis patikim\u0105 antivirusin\u0119 pagalb\u0105. Su\u017einokite apie jo naud\u0105 gydant p\u016bslelin\u0117s simptomus. Pirkite dabar efektyviai.\",\"breadcrumb\":{\"@id\":\"https:\/\/www.transtoyou.com\/lt\/product\/valtrex\/#breadcrumb\"},\"inLanguage\":\"lt-LT\",\"potentialAction\":[{\"@type\":\"ReadAction\",\"target\":[\"https:\/\/www.transtoyou.com\/lt\/product\/valtrex\/\"]}]},{\"@type\":\"ImageObject\",\"inLanguage\":\"lt-LT\",\"@id\":\"https:\/\/www.transtoyou.com\/lt\/product\/valtrex\/#primaryimage\",\"url\":\"https:\/\/www.transtoyou.com\/lt\/wp-content\/uploads\/sites\/9\/2026\/01\/tty-no-product-image-26.webp\",\"contentUrl\":\"https:\/\/www.transtoyou.com\/lt\/wp-content\/uploads\/sites\/9\/2026\/01\/tty-no-product-image-26.webp\",\"width\":1000,\"height\":1000,\"caption\":\"Numatytas produkto vaizdas\"},{\"@type\":\"WebSite\",\"@id\":\"https:\/\/www.transtoyou.com\/lt\/#website\",\"url\":\"https:\/\/www.transtoyou.com\/lt\/\",\"name\":\"Transtoyou - LT\",\"description\":\"\",\"publisher\":{\"@id\":\"https:\/\/www.transtoyou.com\/lt\/#organization\"},\"potentialAction\":[{\"@type\":\"SearchAction\",\"target\":{\"@type\":\"EntryPoint\",\"urlTemplate\":\"https:\/\/www.transtoyou.com\/lt\/?s={search_term_string}\"},\"query-input\":{\"@type\":\"PropertyValueSpecification\",\"valueRequired\":true,\"valueName\":\"search_term_string\"}}],\"inLanguage\":\"lt-LT\"},{\"@type\":\"Organization\",\"@id\":\"https:\/\/www.transtoyou.com\/lt\/#organization\",\"name\":\"Transtoyou - LT\",\"url\":\"https:\/\/www.transtoyou.com\/lt\/\",\"logo\":{\"@type\":\"ImageObject\",\"inLanguage\":\"lt-LT\",\"@id\":\"https:\/\/www.transtoyou.com\/lt\/#\/schema\/logo\/image\/\",\"url\":\"https:\/\/www.transtoyou.com\/lt\/wp-content\/uploads\/sites\/9\/2026\/01\/logo-tty-menu-bar-300x87-1.webp\",\"contentUrl\":\"https:\/\/www.transtoyou.com\/lt\/wp-content\/uploads\/sites\/9\/2026\/01\/logo-tty-menu-bar-300x87-1.webp\",\"width\":300,\"height\":87,\"caption\":\"Transtoyou - LT\"},\"image\":{\"@id\":\"https:\/\/www.transtoyou.com\/lt\/#\/schema\/logo\/image\/\"}}]}<\/script>\n<!-- \/ Yoast SEO plugin. -->","yoast_head_json":{"title":"Valtrex | Efektyvi antivirusin\u0117 parama - Transtoyou","description":"Valtrex prieinamas Transtoyou, si\u016blantis patikim\u0105 antivirusin\u0119 pagalb\u0105. Su\u017einokite apie jo naud\u0105 gydant p\u016bslelin\u0117s simptomus. Pirkite dabar efektyviai.","robots":{"index":"noindex","follow":"follow","max-snippet":"max-snippet:-1","max-image-preview":"max-image-preview:large","max-video-preview":"max-video-preview:-1"},"og_locale":"lt_LT","og_type":"article","og_title":"Valtrex | Efektyvi antivirusin\u0117 parama - Transtoyou","og_description":"Valtrex prieinamas Transtoyou, si\u016blantis patikim\u0105 antivirusin\u0119 pagalb\u0105. Su\u017einokite apie jo naud\u0105 gydant p\u016bslelin\u0117s simptomus. Pirkite dabar efektyviai.","og_url":"https:\/\/www.transtoyou.com\/lt\/product\/valtrex\/","og_site_name":"Transtoyou - LT","article_modified_time":"2026-01-22T19:21:08+00:00","twitter_card":"summary_large_image","twitter_misc":{"Est. reading time":"1 minut\u0117"},"schema":{"@context":"https:\/\/schema.org","@graph":[{"@type":"WebPage","@id":"https:\/\/www.transtoyou.com\/lt\/product\/valtrex\/","url":"https:\/\/www.transtoyou.com\/lt\/product\/valtrex\/","name":"Valtrex | Efektyvi antivirusin\u0117 parama - Transtoyou","isPartOf":{"@id":"https:\/\/www.transtoyou.com\/lt\/#website"},"primaryImageOfPage":{"@id":"https:\/\/www.transtoyou.com\/lt\/product\/valtrex\/#primaryimage"},"image":{"@id":"https:\/\/www.transtoyou.com\/lt\/product\/valtrex\/#primaryimage"},"thumbnailUrl":"https:\/\/www.transtoyou.com\/lt\/wp-content\/uploads\/sites\/9\/2026\/01\/tty-no-product-image-26.webp","datePublished":"2026-01-22T19:19:55+00:00","dateModified":"2026-01-22T19:21:08+00:00","description":"Valtrex prieinamas Transtoyou, si\u016blantis patikim\u0105 antivirusin\u0119 pagalb\u0105. Su\u017einokite apie jo naud\u0105 gydant p\u016bslelin\u0117s simptomus. Pirkite dabar efektyviai.","breadcrumb":{"@id":"https:\/\/www.transtoyou.com\/lt\/product\/valtrex\/#breadcrumb"},"inLanguage":"lt-LT","potentialAction":[{"@type":"ReadAction","target":["https:\/\/www.transtoyou.com\/lt\/product\/valtrex\/"]}]},{"@type":"ImageObject","inLanguage":"lt-LT","@id":"https:\/\/www.transtoyou.com\/lt\/product\/valtrex\/#primaryimage","url":"https:\/\/www.transtoyou.com\/lt\/wp-content\/uploads\/sites\/9\/2026\/01\/tty-no-product-image-26.webp","contentUrl":"https:\/\/www.transtoyou.com\/lt\/wp-content\/uploads\/sites\/9\/2026\/01\/tty-no-product-image-26.webp","width":1000,"height":1000,"caption":"Numatytas produkto vaizdas"},{"@type":"WebSite","@id":"https:\/\/www.transtoyou.com\/lt\/#website","url":"https:\/\/www.transtoyou.com\/lt\/","name":"Transtoyou - LT","description":"","publisher":{"@id":"https:\/\/www.transtoyou.com\/lt\/#organization"},"potentialAction":[{"@type":"SearchAction","target":{"@type":"EntryPoint","urlTemplate":"https:\/\/www.transtoyou.com\/lt\/?s={search_term_string}"},"query-input":{"@type":"PropertyValueSpecification","valueRequired":true,"valueName":"search_term_string"}}],"inLanguage":"lt-LT"},{"@type":"Organization","@id":"https:\/\/www.transtoyou.com\/lt\/#organization","name":"Transtoyou - LT","url":"https:\/\/www.transtoyou.com\/lt\/","logo":{"@type":"ImageObject","inLanguage":"lt-LT","@id":"https:\/\/www.transtoyou.com\/lt\/#\/schema\/logo\/image\/","url":"https:\/\/www.transtoyou.com\/lt\/wp-content\/uploads\/sites\/9\/2026\/01\/logo-tty-menu-bar-300x87-1.webp","contentUrl":"https:\/\/www.transtoyou.com\/lt\/wp-content\/uploads\/sites\/9\/2026\/01\/logo-tty-menu-bar-300x87-1.webp","width":300,"height":87,"caption":"Transtoyou - LT"},"image":{"@id":"https:\/\/www.transtoyou.com\/lt\/#\/schema\/logo\/image\/"}}]}},"_links":{"self":[{"href":"https:\/\/www.transtoyou.com\/lt\/wp-json\/wp\/v2\/product\/793","targetHints":{"allow":["GET"]}}],"collection":[{"href":"https:\/\/www.transtoyou.com\/lt\/wp-json\/wp\/v2\/product"}],"about":[{"href":"https:\/\/www.transtoyou.com\/lt\/wp-json\/wp\/v2\/types\/product"}],"replies":[{"embeddable":true,"href":"https:\/\/www.transtoyou.com\/lt\/wp-json\/wp\/v2\/comments?post=793"}],"wp:featuredmedia":[{"embeddable":true,"href":"https:\/\/www.transtoyou.com\/lt\/wp-json\/wp\/v2\/media\/795"}],"wp:attachment":[{"href":"https:\/\/www.transtoyou.com\/lt\/wp-json\/wp\/v2\/media?parent=793"}],"wp:term":[{"taxonomy":"product_brand","embeddable":true,"href":"https:\/\/www.transtoyou.com\/lt\/wp-json\/wp\/v2\/product_brand?post=793"},{"taxonomy":"product_cat","embeddable":true,"href":"https:\/\/www.transtoyou.com\/lt\/wp-json\/wp\/v2\/product_cat?post=793"},{"taxonomy":"product_tag","embeddable":true,"href":"https:\/\/www.transtoyou.com\/lt\/wp-json\/wp\/v2\/product_tag?post=793"},{"taxonomy":"expert","embeddable":true,"href":"https:\/\/www.transtoyou.com\/lt\/wp-json\/wp\/v2\/expert?post=793"}],"curies":[{"name":"wp","href":"https:\/\/api.w.org\/{rel}","templated":true}]}}