{"id":796,"date":"2026-01-22T21:34:24","date_gmt":"2026-01-22T19:34:24","guid":{"rendered":"https:\/\/www.transtoyou.com\/lt\/product\/valaciclovir\/"},"modified":"2026-03-06T16:53:19","modified_gmt":"2026-03-06T14:53:19","slug":"valacikloviras","status":"publish","type":"product","link":"https:\/\/www.transtoyou.com\/lt\/product\/valacikloviras\/","title":{"rendered":"Valacikloviras"},"content":{"rendered":"<p>Valacikloviras yra antivirusinis vaistas (virus\u0173 kovos vaistas), naudojamas gydyti herpes virus\u0173 sukeltas infekcijas. Tai yra prodrugas acikloviro, tai rei\u0161kia, kad j\u016bs\u0173 organizmas j\u012f paver\u010dia aktyvia forma (acikloviru) po vartojimo. Acikloviras veikia trukdydamas viruso geb\u0117jimui kopijuoti savo DNR (blokuoja viruso replikacij\u0105), efektyviai sustabdydamas jo dauginim\u0105si ir plitim\u0105.<\/p>\n<p>Valacikloviras daugiausia naudojamas gydyti ir u\u017ekirsti keli\u0105 herpes simplex infekcijoms, \u012fskaitant \u0161altus opas ir genitalin\u012f herpes\u0105, juostin\u0119 p\u016bslelin\u0119 (herpes zoster) arba aki\u0173 infekcijas, sukeltas herpes. Jis ypa\u010d naudingas skausmo, trukm\u0117s ir simptom\u0173 pasikartojimo ma\u017einimui.<\/p>\n<p>\u0160is vaistas padeda suma\u017einti protr\u016bki\u0173 sunkum\u0105 ir gali sutrumpinti gijimo laik\u0105. Kai naudojamas kaip prevencin\u0117 gydymo priemon\u0117, jis suma\u017eina pasikartojim\u0173 skai\u010di\u0173 ir gali padaryti pa\u016bm\u0117jimus ma\u017eiau sunkius. Jis pradeda veikti greitai (per 1\u20131,5 valandos po vartojimo), ir kadangi jis vartojamas per burn\u0105, jis yra patogus ir lengvai naudojamas. Daugelis \u017emoni\u0173 naud\u0105 gauna i\u0161 jo ilgalaikio poveikio su palyginti ma\u017eai \u0161alutini\u0173 poveiki\u0173.<\/p>\n<p>Valacikloviras nei\u0161gydo herpes, ta\u010diau padaro gyvenim\u0105 su virusu valdomesn\u012f, ribodamas jo poveik\u012f kasdieniam gyvenimui.<\/p>\n","protected":false},"excerpt":{"rendered":"<ul>\n<li>Antivirusinis prie\u0161 herpes virusus<\/li>\n<li>Padeda suma\u017einti protr\u016bkius ir simptomus<\/li>\n<li>Vien\u0105 kart\u0105 per dien\u0105 vartojamas prevencijai<\/li>\n<\/ul>\n","protected":false},"featured_media":798,"comment_status":"open","ping_status":"closed","template":"","meta":[],"product_brand":[],"product_cat":[135,93,163],"product_tag":[],"expert":[17],"class_list":{"0":"post-796","1":"product","2":"type-product","3":"status-publish","4":"has-post-thumbnail","6":"product_cat-herpesas","7":"product_cat-puslelines","8":"product_cat-siferis","9":"expert-dr-c-munoz-parada","11":"first","12":"instock","13":"shipping-taxable","14":"product-type-variable"},"yoast_head":"<!-- This site is optimized with the Yoast SEO plugin v27.0 - https:\/\/yoast.com\/product\/yoast-seo-wordpress\/ -->\n<title>Valacicloviras | Greitai kovok su herpesu ir p\u016bsleline - Transtoyou<\/title>\n<meta name=\"description\" content=\"Valacikloviras, efektyvus antivirusinis vaistas herpesui gydyti, ma\u017eina simptomus ir pasikartojim\u0105. Su\u017einokite daugiau Transtoyou \u0161iandien.\" \/>\n<meta name=\"robots\" content=\"noindex, follow, max-snippet:-1, max-image-preview:large, max-video-preview:-1\" \/>\n<meta property=\"og:locale\" content=\"lt_LT\" \/>\n<meta property=\"og:type\" content=\"article\" \/>\n<meta property=\"og:title\" content=\"Valacicloviras | Greitai kovok su herpesu ir p\u016bsleline - Transtoyou\" \/>\n<meta property=\"og:description\" content=\"Valacikloviras, efektyvus antivirusinis vaistas herpesui gydyti, ma\u017eina simptomus ir pasikartojim\u0105. Su\u017einokite daugiau Transtoyou \u0161iandien.\" \/>\n<meta property=\"og:url\" content=\"https:\/\/www.transtoyou.com\/lt\/product\/valaciclovir\/\" \/>\n<meta property=\"og:site_name\" content=\"Transtoyou - LT\" \/>\n<meta property=\"article:modified_time\" content=\"2026-03-06T14:53:19+00:00\" \/>\n<meta name=\"twitter:card\" content=\"summary_large_image\" \/>\n<meta name=\"twitter:label1\" content=\"Est. reading time\" \/>\n\t<meta name=\"twitter:data1\" content=\"1 minut\u0117\" \/>\n<script type=\"application\/ld+json\" class=\"yoast-schema-graph\">{\"@context\":\"https:\/\/schema.org\",\"@graph\":[{\"@type\":\"WebPage\",\"@id\":\"https:\/\/www.transtoyou.com\/lt\/product\/valaciclovir\/\",\"url\":\"https:\/\/www.transtoyou.com\/lt\/product\/valaciclovir\/\",\"name\":\"Valacicloviras | Greitai kovok su herpesu ir p\u016bsleline - Transtoyou\",\"isPartOf\":{\"@id\":\"https:\/\/www.transtoyou.com\/lt\/#website\"},\"primaryImageOfPage\":{\"@id\":\"https:\/\/www.transtoyou.com\/lt\/product\/valaciclovir\/#primaryimage\"},\"image\":{\"@id\":\"https:\/\/www.transtoyou.com\/lt\/product\/valaciclovir\/#primaryimage\"},\"thumbnailUrl\":\"https:\/\/www.transtoyou.com\/lt\/wp-content\/uploads\/sites\/9\/2026\/01\/tty-no-product-image-27.webp\",\"datePublished\":\"2026-01-22T19:34:24+00:00\",\"dateModified\":\"2026-03-06T14:53:19+00:00\",\"description\":\"Valacikloviras, efektyvus antivirusinis vaistas herpesui gydyti, ma\u017eina simptomus ir pasikartojim\u0105. Su\u017einokite daugiau Transtoyou \u0161iandien.\",\"breadcrumb\":{\"@id\":\"https:\/\/www.transtoyou.com\/lt\/product\/valaciclovir\/#breadcrumb\"},\"inLanguage\":\"lt-LT\",\"potentialAction\":[{\"@type\":\"ReadAction\",\"target\":[\"https:\/\/www.transtoyou.com\/lt\/product\/valaciclovir\/\"]}]},{\"@type\":\"ImageObject\",\"inLanguage\":\"lt-LT\",\"@id\":\"https:\/\/www.transtoyou.com\/lt\/product\/valaciclovir\/#primaryimage\",\"url\":\"https:\/\/www.transtoyou.com\/lt\/wp-content\/uploads\/sites\/9\/2026\/01\/tty-no-product-image-27.webp\",\"contentUrl\":\"https:\/\/www.transtoyou.com\/lt\/wp-content\/uploads\/sites\/9\/2026\/01\/tty-no-product-image-27.webp\",\"width\":1000,\"height\":1000,\"caption\":\"Numatytasis produkto vaizdas\"},{\"@type\":\"WebSite\",\"@id\":\"https:\/\/www.transtoyou.com\/lt\/#website\",\"url\":\"https:\/\/www.transtoyou.com\/lt\/\",\"name\":\"Transtoyou - LT\",\"description\":\"\",\"publisher\":{\"@id\":\"https:\/\/www.transtoyou.com\/lt\/#organization\"},\"potentialAction\":[{\"@type\":\"SearchAction\",\"target\":{\"@type\":\"EntryPoint\",\"urlTemplate\":\"https:\/\/www.transtoyou.com\/lt\/?s={search_term_string}\"},\"query-input\":{\"@type\":\"PropertyValueSpecification\",\"valueRequired\":true,\"valueName\":\"search_term_string\"}}],\"inLanguage\":\"lt-LT\"},{\"@type\":\"Organization\",\"@id\":\"https:\/\/www.transtoyou.com\/lt\/#organization\",\"name\":\"Transtoyou - LT\",\"url\":\"https:\/\/www.transtoyou.com\/lt\/\",\"logo\":{\"@type\":\"ImageObject\",\"inLanguage\":\"lt-LT\",\"@id\":\"https:\/\/www.transtoyou.com\/lt\/#\/schema\/logo\/image\/\",\"url\":\"https:\/\/www.transtoyou.com\/lt\/wp-content\/uploads\/sites\/9\/2026\/01\/logo-tty-menu-bar-300x87-1.webp\",\"contentUrl\":\"https:\/\/www.transtoyou.com\/lt\/wp-content\/uploads\/sites\/9\/2026\/01\/logo-tty-menu-bar-300x87-1.webp\",\"width\":300,\"height\":87,\"caption\":\"Transtoyou - LT\"},\"image\":{\"@id\":\"https:\/\/www.transtoyou.com\/lt\/#\/schema\/logo\/image\/\"}}]}<\/script>\n<!-- \/ Yoast SEO plugin. -->","yoast_head_json":{"title":"Valacicloviras | Greitai kovok su herpesu ir p\u016bsleline - Transtoyou","description":"Valacikloviras, efektyvus antivirusinis vaistas herpesui gydyti, ma\u017eina simptomus ir pasikartojim\u0105. Su\u017einokite daugiau Transtoyou \u0161iandien.","robots":{"index":"noindex","follow":"follow","max-snippet":"max-snippet:-1","max-image-preview":"max-image-preview:large","max-video-preview":"max-video-preview:-1"},"og_locale":"lt_LT","og_type":"article","og_title":"Valacicloviras | Greitai kovok su herpesu ir p\u016bsleline - Transtoyou","og_description":"Valacikloviras, efektyvus antivirusinis vaistas herpesui gydyti, ma\u017eina simptomus ir pasikartojim\u0105. Su\u017einokite daugiau Transtoyou \u0161iandien.","og_url":"https:\/\/www.transtoyou.com\/lt\/product\/valaciclovir\/","og_site_name":"Transtoyou - LT","article_modified_time":"2026-03-06T14:53:19+00:00","twitter_card":"summary_large_image","twitter_misc":{"Est. reading time":"1 minut\u0117"},"schema":{"@context":"https:\/\/schema.org","@graph":[{"@type":"WebPage","@id":"https:\/\/www.transtoyou.com\/lt\/product\/valaciclovir\/","url":"https:\/\/www.transtoyou.com\/lt\/product\/valaciclovir\/","name":"Valacicloviras | Greitai kovok su herpesu ir p\u016bsleline - Transtoyou","isPartOf":{"@id":"https:\/\/www.transtoyou.com\/lt\/#website"},"primaryImageOfPage":{"@id":"https:\/\/www.transtoyou.com\/lt\/product\/valaciclovir\/#primaryimage"},"image":{"@id":"https:\/\/www.transtoyou.com\/lt\/product\/valaciclovir\/#primaryimage"},"thumbnailUrl":"https:\/\/www.transtoyou.com\/lt\/wp-content\/uploads\/sites\/9\/2026\/01\/tty-no-product-image-27.webp","datePublished":"2026-01-22T19:34:24+00:00","dateModified":"2026-03-06T14:53:19+00:00","description":"Valacikloviras, efektyvus antivirusinis vaistas herpesui gydyti, ma\u017eina simptomus ir pasikartojim\u0105. Su\u017einokite daugiau Transtoyou \u0161iandien.","breadcrumb":{"@id":"https:\/\/www.transtoyou.com\/lt\/product\/valaciclovir\/#breadcrumb"},"inLanguage":"lt-LT","potentialAction":[{"@type":"ReadAction","target":["https:\/\/www.transtoyou.com\/lt\/product\/valaciclovir\/"]}]},{"@type":"ImageObject","inLanguage":"lt-LT","@id":"https:\/\/www.transtoyou.com\/lt\/product\/valaciclovir\/#primaryimage","url":"https:\/\/www.transtoyou.com\/lt\/wp-content\/uploads\/sites\/9\/2026\/01\/tty-no-product-image-27.webp","contentUrl":"https:\/\/www.transtoyou.com\/lt\/wp-content\/uploads\/sites\/9\/2026\/01\/tty-no-product-image-27.webp","width":1000,"height":1000,"caption":"Numatytasis produkto vaizdas"},{"@type":"WebSite","@id":"https:\/\/www.transtoyou.com\/lt\/#website","url":"https:\/\/www.transtoyou.com\/lt\/","name":"Transtoyou - LT","description":"","publisher":{"@id":"https:\/\/www.transtoyou.com\/lt\/#organization"},"potentialAction":[{"@type":"SearchAction","target":{"@type":"EntryPoint","urlTemplate":"https:\/\/www.transtoyou.com\/lt\/?s={search_term_string}"},"query-input":{"@type":"PropertyValueSpecification","valueRequired":true,"valueName":"search_term_string"}}],"inLanguage":"lt-LT"},{"@type":"Organization","@id":"https:\/\/www.transtoyou.com\/lt\/#organization","name":"Transtoyou - LT","url":"https:\/\/www.transtoyou.com\/lt\/","logo":{"@type":"ImageObject","inLanguage":"lt-LT","@id":"https:\/\/www.transtoyou.com\/lt\/#\/schema\/logo\/image\/","url":"https:\/\/www.transtoyou.com\/lt\/wp-content\/uploads\/sites\/9\/2026\/01\/logo-tty-menu-bar-300x87-1.webp","contentUrl":"https:\/\/www.transtoyou.com\/lt\/wp-content\/uploads\/sites\/9\/2026\/01\/logo-tty-menu-bar-300x87-1.webp","width":300,"height":87,"caption":"Transtoyou - LT"},"image":{"@id":"https:\/\/www.transtoyou.com\/lt\/#\/schema\/logo\/image\/"}}]}},"_links":{"self":[{"href":"https:\/\/www.transtoyou.com\/lt\/wp-json\/wp\/v2\/product\/796","targetHints":{"allow":["GET"]}}],"collection":[{"href":"https:\/\/www.transtoyou.com\/lt\/wp-json\/wp\/v2\/product"}],"about":[{"href":"https:\/\/www.transtoyou.com\/lt\/wp-json\/wp\/v2\/types\/product"}],"replies":[{"embeddable":true,"href":"https:\/\/www.transtoyou.com\/lt\/wp-json\/wp\/v2\/comments?post=796"}],"wp:featuredmedia":[{"embeddable":true,"href":"https:\/\/www.transtoyou.com\/lt\/wp-json\/wp\/v2\/media\/798"}],"wp:attachment":[{"href":"https:\/\/www.transtoyou.com\/lt\/wp-json\/wp\/v2\/media?parent=796"}],"wp:term":[{"taxonomy":"product_brand","embeddable":true,"href":"https:\/\/www.transtoyou.com\/lt\/wp-json\/wp\/v2\/product_brand?post=796"},{"taxonomy":"product_cat","embeddable":true,"href":"https:\/\/www.transtoyou.com\/lt\/wp-json\/wp\/v2\/product_cat?post=796"},{"taxonomy":"product_tag","embeddable":true,"href":"https:\/\/www.transtoyou.com\/lt\/wp-json\/wp\/v2\/product_tag?post=796"},{"taxonomy":"expert","embeddable":true,"href":"https:\/\/www.transtoyou.com\/lt\/wp-json\/wp\/v2\/expert?post=796"}],"curies":[{"name":"wp","href":"https:\/\/api.w.org\/{rel}","templated":true}]}}