{"id":799,"date":"2026-01-22T21:48:02","date_gmt":"2026-01-22T19:48:02","guid":{"rendered":"https:\/\/www.transtoyou.com\/lt\/product\/xyloproct\/"},"modified":"2026-03-08T12:55:05","modified_gmt":"2026-03-08T10:55:05","slug":"xyloproct","status":"publish","type":"product","link":"https:\/\/www.transtoyou.com\/lt\/product\/xyloproct\/","title":{"rendered":"Xyloproct"},"content":{"rendered":"<p>Xyloproct yra vietinis gydymas, sukurtas palengvinti simptomus, kuriuos sukelia hemorojus ir kitos analin\u0117s ar tiesiosios \u017earnos b\u016bkl\u0117s. Jame derinamas lidokainas (vietinis anestetikas) ir hidrokortizonas (prie\u0161u\u017edegiminis steroidas). \u0160ios sudedamosios dalys veikia kartu, kad greitai palengvint\u0173 skausm\u0105, nie\u017e\u0117jim\u0105, patinim\u0105 ir dirginim\u0105 (ramina u\u017edegim\u0105 ir diskomfort\u0105).<\/p>\n<p>Lidokainas nutirpina srit\u012f (palengvina skausm\u0105 ir nie\u017e\u0117jim\u0105 blokuodamas nerv\u0173 signalus), tuo tarpu hidrokortizonas ma\u017eina paraudim\u0105, patinim\u0105 ir nie\u017e\u0117jim\u0105 (prie\u0161u\u017edegiminis ir nie\u017e\u0117jim\u0105 ma\u017einantis poveikis).<\/p>\n<p>Xyloproct naudojamas gydyti u\u017edegim\u0105 ir nie\u017e\u0117jim\u0105, susijus\u012f su hemorojumi (i\u0161sipl\u0117tusiais kraujagysl\u0117mis tiesiosios \u017earnos srityje) ir analiniu diskomfortu. Jis suteikia tiksling\u0105, greitai veikian\u010di\u0105 pagalb\u0105 tokiems simptomams kaip skausmas, patinimas, nie\u017e\u0117jimas ir jautrumas. Formul\u0117 paprastai tiekiama kaip mink\u0161tas tepalas.<\/p>\n<p>Pagrindiniai Xyloproct privalumai yra greitas simptom\u0173 palengvinimas, derinama terapin\u0117 veikla (anestetikas, prie\u0161u\u017edegiminis, antiseptinis ir gydantis) ir lengvas naudojimas. Tai i\u0161samus gydymas \u016bmiems hemorojaus epizodams ir susijusiam tiesiosios \u017earnos diskomfortui.<\/p>\n","protected":false},"excerpt":{"rendered":"<ul>\n<li>Greitai palengvina hemoroid\u0173 simptomus<\/li>\n<li>Sujungia skausmo mal\u0161inim\u0105 ir prie\u0161u\u017edegimin\u012f poveik\u012f<\/li>\n<li>Paprastas naudoti rektalinis aplikatorius<\/li>\n<\/ul>\n","protected":false},"featured_media":801,"comment_status":"open","ping_status":"closed","template":"","meta":[],"product_brand":[],"product_cat":[133],"product_tag":[],"expert":[17],"class_list":{"0":"post-799","1":"product","2":"type-product","3":"status-publish","4":"has-post-thumbnail","6":"product_cat-hemoroidai","7":"expert-dr-c-munoz-parada","9":"first","10":"instock","11":"shipping-taxable","12":"product-type-variable"},"yoast_head":"<!-- This site is optimized with the Yoast SEO plugin v27.0 - https:\/\/yoast.com\/product\/yoast-seo-wordpress\/ -->\n<title>Xyloproct | Greitas palengv\u0117jimas hemorojui - Transtoyou<\/title>\n<meta name=\"description\" content=\"Xyloproct, prieinamas \u010dia, greitai palengvina hemoroid\u0173 simptomus su lidokainu ir hidrokortizonu. Pasiekite tiksl\u0173 komfort\u0105 \u0161iandien!\" \/>\n<meta name=\"robots\" content=\"noindex, follow, max-snippet:-1, max-image-preview:large, max-video-preview:-1\" \/>\n<meta property=\"og:locale\" content=\"lt_LT\" \/>\n<meta property=\"og:type\" content=\"article\" \/>\n<meta property=\"og:title\" content=\"Xyloproct | Greitas palengv\u0117jimas hemorojui - Transtoyou\" \/>\n<meta property=\"og:description\" content=\"Xyloproct, prieinamas \u010dia, greitai palengvina hemoroid\u0173 simptomus su lidokainu ir hidrokortizonu. Pasiekite tiksl\u0173 komfort\u0105 \u0161iandien!\" \/>\n<meta property=\"og:url\" content=\"https:\/\/www.transtoyou.com\/lt\/product\/xyloproct\/\" \/>\n<meta property=\"og:site_name\" content=\"Transtoyou - LT\" \/>\n<meta property=\"article:modified_time\" content=\"2026-03-08T10:55:05+00:00\" \/>\n<meta name=\"twitter:card\" content=\"summary_large_image\" \/>\n<meta name=\"twitter:label1\" content=\"Est. reading time\" \/>\n\t<meta name=\"twitter:data1\" content=\"1 minut\u0117\" \/>\n<script type=\"application\/ld+json\" class=\"yoast-schema-graph\">{\"@context\":\"https:\/\/schema.org\",\"@graph\":[{\"@type\":\"WebPage\",\"@id\":\"https:\/\/www.transtoyou.com\/lt\/product\/xyloproct\/\",\"url\":\"https:\/\/www.transtoyou.com\/lt\/product\/xyloproct\/\",\"name\":\"Xyloproct | Greitas palengv\u0117jimas hemorojui - Transtoyou\",\"isPartOf\":{\"@id\":\"https:\/\/www.transtoyou.com\/lt\/#website\"},\"primaryImageOfPage\":{\"@id\":\"https:\/\/www.transtoyou.com\/lt\/product\/xyloproct\/#primaryimage\"},\"image\":{\"@id\":\"https:\/\/www.transtoyou.com\/lt\/product\/xyloproct\/#primaryimage\"},\"thumbnailUrl\":\"https:\/\/www.transtoyou.com\/lt\/wp-content\/uploads\/sites\/9\/2026\/01\/tty-no-product-image-28.webp\",\"datePublished\":\"2026-01-22T19:48:02+00:00\",\"dateModified\":\"2026-03-08T10:55:05+00:00\",\"description\":\"Xyloproct, prieinamas \u010dia, greitai palengvina hemoroid\u0173 simptomus su lidokainu ir hidrokortizonu. Pasiekite tiksl\u0173 komfort\u0105 \u0161iandien!\",\"breadcrumb\":{\"@id\":\"https:\/\/www.transtoyou.com\/lt\/product\/xyloproct\/#breadcrumb\"},\"inLanguage\":\"lt-LT\",\"potentialAction\":[{\"@type\":\"ReadAction\",\"target\":[\"https:\/\/www.transtoyou.com\/lt\/product\/xyloproct\/\"]}]},{\"@type\":\"ImageObject\",\"inLanguage\":\"lt-LT\",\"@id\":\"https:\/\/www.transtoyou.com\/lt\/product\/xyloproct\/#primaryimage\",\"url\":\"https:\/\/www.transtoyou.com\/lt\/wp-content\/uploads\/sites\/9\/2026\/01\/tty-no-product-image-28.webp\",\"contentUrl\":\"https:\/\/www.transtoyou.com\/lt\/wp-content\/uploads\/sites\/9\/2026\/01\/tty-no-product-image-28.webp\",\"width\":1000,\"height\":1000,\"caption\":\"Numatytas produkto vaizdas\"},{\"@type\":\"WebSite\",\"@id\":\"https:\/\/www.transtoyou.com\/lt\/#website\",\"url\":\"https:\/\/www.transtoyou.com\/lt\/\",\"name\":\"Transtoyou - LT\",\"description\":\"\",\"publisher\":{\"@id\":\"https:\/\/www.transtoyou.com\/lt\/#organization\"},\"potentialAction\":[{\"@type\":\"SearchAction\",\"target\":{\"@type\":\"EntryPoint\",\"urlTemplate\":\"https:\/\/www.transtoyou.com\/lt\/?s={search_term_string}\"},\"query-input\":{\"@type\":\"PropertyValueSpecification\",\"valueRequired\":true,\"valueName\":\"search_term_string\"}}],\"inLanguage\":\"lt-LT\"},{\"@type\":\"Organization\",\"@id\":\"https:\/\/www.transtoyou.com\/lt\/#organization\",\"name\":\"Transtoyou - LT\",\"url\":\"https:\/\/www.transtoyou.com\/lt\/\",\"logo\":{\"@type\":\"ImageObject\",\"inLanguage\":\"lt-LT\",\"@id\":\"https:\/\/www.transtoyou.com\/lt\/#\/schema\/logo\/image\/\",\"url\":\"https:\/\/www.transtoyou.com\/lt\/wp-content\/uploads\/sites\/9\/2026\/01\/logo-tty-menu-bar-300x87-1.webp\",\"contentUrl\":\"https:\/\/www.transtoyou.com\/lt\/wp-content\/uploads\/sites\/9\/2026\/01\/logo-tty-menu-bar-300x87-1.webp\",\"width\":300,\"height\":87,\"caption\":\"Transtoyou - LT\"},\"image\":{\"@id\":\"https:\/\/www.transtoyou.com\/lt\/#\/schema\/logo\/image\/\"}}]}<\/script>\n<!-- \/ Yoast SEO plugin. -->","yoast_head_json":{"title":"Xyloproct | Greitas palengv\u0117jimas hemorojui - Transtoyou","description":"Xyloproct, prieinamas \u010dia, greitai palengvina hemoroid\u0173 simptomus su lidokainu ir hidrokortizonu. Pasiekite tiksl\u0173 komfort\u0105 \u0161iandien!","robots":{"index":"noindex","follow":"follow","max-snippet":"max-snippet:-1","max-image-preview":"max-image-preview:large","max-video-preview":"max-video-preview:-1"},"og_locale":"lt_LT","og_type":"article","og_title":"Xyloproct | Greitas palengv\u0117jimas hemorojui - Transtoyou","og_description":"Xyloproct, prieinamas \u010dia, greitai palengvina hemoroid\u0173 simptomus su lidokainu ir hidrokortizonu. Pasiekite tiksl\u0173 komfort\u0105 \u0161iandien!","og_url":"https:\/\/www.transtoyou.com\/lt\/product\/xyloproct\/","og_site_name":"Transtoyou - LT","article_modified_time":"2026-03-08T10:55:05+00:00","twitter_card":"summary_large_image","twitter_misc":{"Est. reading time":"1 minut\u0117"},"schema":{"@context":"https:\/\/schema.org","@graph":[{"@type":"WebPage","@id":"https:\/\/www.transtoyou.com\/lt\/product\/xyloproct\/","url":"https:\/\/www.transtoyou.com\/lt\/product\/xyloproct\/","name":"Xyloproct | Greitas palengv\u0117jimas hemorojui - Transtoyou","isPartOf":{"@id":"https:\/\/www.transtoyou.com\/lt\/#website"},"primaryImageOfPage":{"@id":"https:\/\/www.transtoyou.com\/lt\/product\/xyloproct\/#primaryimage"},"image":{"@id":"https:\/\/www.transtoyou.com\/lt\/product\/xyloproct\/#primaryimage"},"thumbnailUrl":"https:\/\/www.transtoyou.com\/lt\/wp-content\/uploads\/sites\/9\/2026\/01\/tty-no-product-image-28.webp","datePublished":"2026-01-22T19:48:02+00:00","dateModified":"2026-03-08T10:55:05+00:00","description":"Xyloproct, prieinamas \u010dia, greitai palengvina hemoroid\u0173 simptomus su lidokainu ir hidrokortizonu. Pasiekite tiksl\u0173 komfort\u0105 \u0161iandien!","breadcrumb":{"@id":"https:\/\/www.transtoyou.com\/lt\/product\/xyloproct\/#breadcrumb"},"inLanguage":"lt-LT","potentialAction":[{"@type":"ReadAction","target":["https:\/\/www.transtoyou.com\/lt\/product\/xyloproct\/"]}]},{"@type":"ImageObject","inLanguage":"lt-LT","@id":"https:\/\/www.transtoyou.com\/lt\/product\/xyloproct\/#primaryimage","url":"https:\/\/www.transtoyou.com\/lt\/wp-content\/uploads\/sites\/9\/2026\/01\/tty-no-product-image-28.webp","contentUrl":"https:\/\/www.transtoyou.com\/lt\/wp-content\/uploads\/sites\/9\/2026\/01\/tty-no-product-image-28.webp","width":1000,"height":1000,"caption":"Numatytas produkto vaizdas"},{"@type":"WebSite","@id":"https:\/\/www.transtoyou.com\/lt\/#website","url":"https:\/\/www.transtoyou.com\/lt\/","name":"Transtoyou - LT","description":"","publisher":{"@id":"https:\/\/www.transtoyou.com\/lt\/#organization"},"potentialAction":[{"@type":"SearchAction","target":{"@type":"EntryPoint","urlTemplate":"https:\/\/www.transtoyou.com\/lt\/?s={search_term_string}"},"query-input":{"@type":"PropertyValueSpecification","valueRequired":true,"valueName":"search_term_string"}}],"inLanguage":"lt-LT"},{"@type":"Organization","@id":"https:\/\/www.transtoyou.com\/lt\/#organization","name":"Transtoyou - LT","url":"https:\/\/www.transtoyou.com\/lt\/","logo":{"@type":"ImageObject","inLanguage":"lt-LT","@id":"https:\/\/www.transtoyou.com\/lt\/#\/schema\/logo\/image\/","url":"https:\/\/www.transtoyou.com\/lt\/wp-content\/uploads\/sites\/9\/2026\/01\/logo-tty-menu-bar-300x87-1.webp","contentUrl":"https:\/\/www.transtoyou.com\/lt\/wp-content\/uploads\/sites\/9\/2026\/01\/logo-tty-menu-bar-300x87-1.webp","width":300,"height":87,"caption":"Transtoyou - LT"},"image":{"@id":"https:\/\/www.transtoyou.com\/lt\/#\/schema\/logo\/image\/"}}]}},"_links":{"self":[{"href":"https:\/\/www.transtoyou.com\/lt\/wp-json\/wp\/v2\/product\/799","targetHints":{"allow":["GET"]}}],"collection":[{"href":"https:\/\/www.transtoyou.com\/lt\/wp-json\/wp\/v2\/product"}],"about":[{"href":"https:\/\/www.transtoyou.com\/lt\/wp-json\/wp\/v2\/types\/product"}],"replies":[{"embeddable":true,"href":"https:\/\/www.transtoyou.com\/lt\/wp-json\/wp\/v2\/comments?post=799"}],"wp:featuredmedia":[{"embeddable":true,"href":"https:\/\/www.transtoyou.com\/lt\/wp-json\/wp\/v2\/media\/801"}],"wp:attachment":[{"href":"https:\/\/www.transtoyou.com\/lt\/wp-json\/wp\/v2\/media?parent=799"}],"wp:term":[{"taxonomy":"product_brand","embeddable":true,"href":"https:\/\/www.transtoyou.com\/lt\/wp-json\/wp\/v2\/product_brand?post=799"},{"taxonomy":"product_cat","embeddable":true,"href":"https:\/\/www.transtoyou.com\/lt\/wp-json\/wp\/v2\/product_cat?post=799"},{"taxonomy":"product_tag","embeddable":true,"href":"https:\/\/www.transtoyou.com\/lt\/wp-json\/wp\/v2\/product_tag?post=799"},{"taxonomy":"expert","embeddable":true,"href":"https:\/\/www.transtoyou.com\/lt\/wp-json\/wp\/v2\/expert?post=799"}],"curies":[{"name":"wp","href":"https:\/\/api.w.org\/{rel}","templated":true}]}}