{"id":805,"date":"2026-01-22T22:16:25","date_gmt":"2026-01-22T20:16:25","guid":{"rendered":"https:\/\/www.transtoyou.com\/lt\/product\/sildenafil\/"},"modified":"2026-03-05T12:10:15","modified_gmt":"2026-03-05T10:10:15","slug":"sildenafil","status":"publish","type":"product","link":"https:\/\/www.transtoyou.com\/lt\/product\/sildenafil\/","title":{"rendered":"Sildenafil"},"content":{"rendered":"<p>Sildenafilis yra gydymas erekcijos disfunkcijai, b\u016bklei, kai vyrui sunku pasiekti arba i\u0161laikyti erekcij\u0105. Veiklioji med\u017eiaga, taip pat vadinama sildenafiliu, veikia gerindama kraujo tek\u0117jim\u0105 \u012f varp\u0105, kai vyras yra seksualiai susijaudin\u0119s. Ji nepadidina libido, ta\u010diau palaiko fizin\u012f atsak\u0105 \u012f seksualin\u0119 stimuliacij\u0105.<\/p>\n<p>I\u0161 prad\u017ei\u0173 sukurta kr\u016btin\u0117s skausmui, susijusiam su \u0161irdimi, gydyti, v\u0117liau buvo nustatyta, kad Sildenafilis yra veiksmingas gydant erekcijos sunkumus. Da\u017enai jis naudojamas prek\u0117s \u017eenklu Viagra, nors generiniai variantai yra vienodai veiksmingi. Sildenafilis paprastai pradeda veikti per 30\u201360 minu\u010di\u0173 ir gali i\u0161likti veiksmingas apie keturias valandas, leid\u017eiant patirti labiau atsipalaidavusi\u0105 patirt\u012f.<\/p>\n<p>Standartin\u0117 rekomenduojama doz\u0117 yra 50 mg, vartojama pagal poreik\u012f prie\u0161 seksualin\u0119 veikl\u0105. Ta\u010diau kai kuriems \u017emon\u0117ms gali b\u016bti naudinga ma\u017eesn\u0117 arba didesn\u0117 doz\u0117, priklausomai nuo individualaus tolerancijos ir reakcijos. Jo negalima vartoti daugiau nei vien\u0105 kart\u0105 per dien\u0105 ir jis turi b\u016bti nuryjamas su vandeniu. Sunkus maistas gali atid\u0117ti jo poveik\u012f.<\/p>\n<p>Da\u017eniausi \u0161alutiniai poveikiai gali b\u016bti galvos skausmas, veido paraudimas, nosies u\u017egulimas ir svaigimas. Rimtesni poveikiai, tokie kaip reg\u0117jimo poky\u010diai ar ilgalaik\u0117s erekcijos, yra reti, ta\u010diau reikalauja medicinin\u0117s pagalbos. Sildenafilis netur\u0117t\u0173 b\u016bti vartojamas su nitratus turin\u010diais vaistais ar tam tikrais vaistais nuo kraujosp\u016bd\u017eio d\u0117l sunki\u0173 kraujosp\u016bd\u017eio kritim\u0173 rizikos.<\/p>\n","protected":false},"excerpt":{"rendered":"<ul>\n<li>Pradeda veikti per 30\u201360 minu\u010di\u0173<\/li>\n<li>Veiksmingumas trunka iki 4 valand\u0173<\/li>\n<li>Padeda palaikyti nat\u016bralias erekcijas<\/li>\n<\/ul>\n","protected":false},"featured_media":807,"comment_status":"open","ping_status":"closed","template":"","meta":[],"product_brand":[],"product_cat":[115],"product_tag":[],"expert":[16],"class_list":{"0":"post-805","1":"product","2":"type-product","3":"status-publish","4":"has-post-thumbnail","6":"product_cat-erekcijos-disfunkcijos-gydymas","7":"expert-dr-c-alexandru","9":"first","10":"instock","11":"shipping-taxable","12":"product-type-variable"},"yoast_head":"<!-- This site is optimized with the Yoast SEO plugin v27.0 - https:\/\/yoast.com\/product\/yoast-seo-wordpress\/ -->\n<title>Sildenafilis | Pagerinkite na\u0161um\u0105 diskreti\u0161kai - Transtoyou<\/title>\n<meta name=\"description\" content=\"Atraskite Sildenafil Transtoyou, j\u016bs\u0173 patikimas \u0161altinis kokybi\u0161koms sveikatos prek\u0117ms. Su\u017einokite privalumus ir apsipirkite lengvai.\" \/>\n<meta name=\"robots\" content=\"noindex, follow, max-snippet:-1, max-image-preview:large, max-video-preview:-1\" \/>\n<meta property=\"og:locale\" content=\"lt_LT\" \/>\n<meta property=\"og:type\" content=\"article\" \/>\n<meta property=\"og:title\" content=\"Sildenafilis | Pagerinkite na\u0161um\u0105 diskreti\u0161kai - Transtoyou\" \/>\n<meta property=\"og:description\" content=\"Atraskite Sildenafil Transtoyou, j\u016bs\u0173 patikimas \u0161altinis kokybi\u0161koms sveikatos prek\u0117ms. Su\u017einokite privalumus ir apsipirkite lengvai.\" \/>\n<meta property=\"og:url\" content=\"https:\/\/www.transtoyou.com\/lt\/product\/sildenafil\/\" \/>\n<meta property=\"og:site_name\" content=\"Transtoyou - LT\" \/>\n<meta property=\"article:modified_time\" content=\"2026-03-05T10:10:15+00:00\" \/>\n<meta name=\"twitter:card\" content=\"summary_large_image\" \/>\n<meta name=\"twitter:label1\" content=\"Est. reading time\" \/>\n\t<meta name=\"twitter:data1\" content=\"1 minut\u0117\" \/>\n<script type=\"application\/ld+json\" class=\"yoast-schema-graph\">{\"@context\":\"https:\/\/schema.org\",\"@graph\":[{\"@type\":\"WebPage\",\"@id\":\"https:\/\/www.transtoyou.com\/lt\/product\/sildenafil\/\",\"url\":\"https:\/\/www.transtoyou.com\/lt\/product\/sildenafil\/\",\"name\":\"Sildenafilis | Pagerinkite na\u0161um\u0105 diskreti\u0161kai - Transtoyou\",\"isPartOf\":{\"@id\":\"https:\/\/www.transtoyou.com\/lt\/#website\"},\"primaryImageOfPage\":{\"@id\":\"https:\/\/www.transtoyou.com\/lt\/product\/sildenafil\/#primaryimage\"},\"image\":{\"@id\":\"https:\/\/www.transtoyou.com\/lt\/product\/sildenafil\/#primaryimage\"},\"thumbnailUrl\":\"https:\/\/www.transtoyou.com\/lt\/wp-content\/uploads\/sites\/9\/2026\/01\/tty-no-product-image-30.webp\",\"datePublished\":\"2026-01-22T20:16:25+00:00\",\"dateModified\":\"2026-03-05T10:10:15+00:00\",\"description\":\"Atraskite Sildenafil Transtoyou, j\u016bs\u0173 patikimas \u0161altinis kokybi\u0161koms sveikatos prek\u0117ms. Su\u017einokite privalumus ir apsipirkite lengvai.\",\"breadcrumb\":{\"@id\":\"https:\/\/www.transtoyou.com\/lt\/product\/sildenafil\/#breadcrumb\"},\"inLanguage\":\"lt-LT\",\"potentialAction\":[{\"@type\":\"ReadAction\",\"target\":[\"https:\/\/www.transtoyou.com\/lt\/product\/sildenafil\/\"]}]},{\"@type\":\"ImageObject\",\"inLanguage\":\"lt-LT\",\"@id\":\"https:\/\/www.transtoyou.com\/lt\/product\/sildenafil\/#primaryimage\",\"url\":\"https:\/\/www.transtoyou.com\/lt\/wp-content\/uploads\/sites\/9\/2026\/01\/tty-no-product-image-30.webp\",\"contentUrl\":\"https:\/\/www.transtoyou.com\/lt\/wp-content\/uploads\/sites\/9\/2026\/01\/tty-no-product-image-30.webp\",\"width\":1000,\"height\":1000,\"caption\":\"Numatytasis produkto vaizdas\"},{\"@type\":\"WebSite\",\"@id\":\"https:\/\/www.transtoyou.com\/lt\/#website\",\"url\":\"https:\/\/www.transtoyou.com\/lt\/\",\"name\":\"Transtoyou - LT\",\"description\":\"\",\"publisher\":{\"@id\":\"https:\/\/www.transtoyou.com\/lt\/#organization\"},\"potentialAction\":[{\"@type\":\"SearchAction\",\"target\":{\"@type\":\"EntryPoint\",\"urlTemplate\":\"https:\/\/www.transtoyou.com\/lt\/?s={search_term_string}\"},\"query-input\":{\"@type\":\"PropertyValueSpecification\",\"valueRequired\":true,\"valueName\":\"search_term_string\"}}],\"inLanguage\":\"lt-LT\"},{\"@type\":\"Organization\",\"@id\":\"https:\/\/www.transtoyou.com\/lt\/#organization\",\"name\":\"Transtoyou - LT\",\"url\":\"https:\/\/www.transtoyou.com\/lt\/\",\"logo\":{\"@type\":\"ImageObject\",\"inLanguage\":\"lt-LT\",\"@id\":\"https:\/\/www.transtoyou.com\/lt\/#\/schema\/logo\/image\/\",\"url\":\"https:\/\/www.transtoyou.com\/lt\/wp-content\/uploads\/sites\/9\/2026\/01\/logo-tty-menu-bar-300x87-1.webp\",\"contentUrl\":\"https:\/\/www.transtoyou.com\/lt\/wp-content\/uploads\/sites\/9\/2026\/01\/logo-tty-menu-bar-300x87-1.webp\",\"width\":300,\"height\":87,\"caption\":\"Transtoyou - LT\"},\"image\":{\"@id\":\"https:\/\/www.transtoyou.com\/lt\/#\/schema\/logo\/image\/\"}}]}<\/script>\n<!-- \/ Yoast SEO plugin. -->","yoast_head_json":{"title":"Sildenafilis | Pagerinkite na\u0161um\u0105 diskreti\u0161kai - Transtoyou","description":"Atraskite Sildenafil Transtoyou, j\u016bs\u0173 patikimas \u0161altinis kokybi\u0161koms sveikatos prek\u0117ms. Su\u017einokite privalumus ir apsipirkite lengvai.","robots":{"index":"noindex","follow":"follow","max-snippet":"max-snippet:-1","max-image-preview":"max-image-preview:large","max-video-preview":"max-video-preview:-1"},"og_locale":"lt_LT","og_type":"article","og_title":"Sildenafilis | Pagerinkite na\u0161um\u0105 diskreti\u0161kai - Transtoyou","og_description":"Atraskite Sildenafil Transtoyou, j\u016bs\u0173 patikimas \u0161altinis kokybi\u0161koms sveikatos prek\u0117ms. Su\u017einokite privalumus ir apsipirkite lengvai.","og_url":"https:\/\/www.transtoyou.com\/lt\/product\/sildenafil\/","og_site_name":"Transtoyou - LT","article_modified_time":"2026-03-05T10:10:15+00:00","twitter_card":"summary_large_image","twitter_misc":{"Est. reading time":"1 minut\u0117"},"schema":{"@context":"https:\/\/schema.org","@graph":[{"@type":"WebPage","@id":"https:\/\/www.transtoyou.com\/lt\/product\/sildenafil\/","url":"https:\/\/www.transtoyou.com\/lt\/product\/sildenafil\/","name":"Sildenafilis | Pagerinkite na\u0161um\u0105 diskreti\u0161kai - Transtoyou","isPartOf":{"@id":"https:\/\/www.transtoyou.com\/lt\/#website"},"primaryImageOfPage":{"@id":"https:\/\/www.transtoyou.com\/lt\/product\/sildenafil\/#primaryimage"},"image":{"@id":"https:\/\/www.transtoyou.com\/lt\/product\/sildenafil\/#primaryimage"},"thumbnailUrl":"https:\/\/www.transtoyou.com\/lt\/wp-content\/uploads\/sites\/9\/2026\/01\/tty-no-product-image-30.webp","datePublished":"2026-01-22T20:16:25+00:00","dateModified":"2026-03-05T10:10:15+00:00","description":"Atraskite Sildenafil Transtoyou, j\u016bs\u0173 patikimas \u0161altinis kokybi\u0161koms sveikatos prek\u0117ms. Su\u017einokite privalumus ir apsipirkite lengvai.","breadcrumb":{"@id":"https:\/\/www.transtoyou.com\/lt\/product\/sildenafil\/#breadcrumb"},"inLanguage":"lt-LT","potentialAction":[{"@type":"ReadAction","target":["https:\/\/www.transtoyou.com\/lt\/product\/sildenafil\/"]}]},{"@type":"ImageObject","inLanguage":"lt-LT","@id":"https:\/\/www.transtoyou.com\/lt\/product\/sildenafil\/#primaryimage","url":"https:\/\/www.transtoyou.com\/lt\/wp-content\/uploads\/sites\/9\/2026\/01\/tty-no-product-image-30.webp","contentUrl":"https:\/\/www.transtoyou.com\/lt\/wp-content\/uploads\/sites\/9\/2026\/01\/tty-no-product-image-30.webp","width":1000,"height":1000,"caption":"Numatytasis produkto vaizdas"},{"@type":"WebSite","@id":"https:\/\/www.transtoyou.com\/lt\/#website","url":"https:\/\/www.transtoyou.com\/lt\/","name":"Transtoyou - LT","description":"","publisher":{"@id":"https:\/\/www.transtoyou.com\/lt\/#organization"},"potentialAction":[{"@type":"SearchAction","target":{"@type":"EntryPoint","urlTemplate":"https:\/\/www.transtoyou.com\/lt\/?s={search_term_string}"},"query-input":{"@type":"PropertyValueSpecification","valueRequired":true,"valueName":"search_term_string"}}],"inLanguage":"lt-LT"},{"@type":"Organization","@id":"https:\/\/www.transtoyou.com\/lt\/#organization","name":"Transtoyou - LT","url":"https:\/\/www.transtoyou.com\/lt\/","logo":{"@type":"ImageObject","inLanguage":"lt-LT","@id":"https:\/\/www.transtoyou.com\/lt\/#\/schema\/logo\/image\/","url":"https:\/\/www.transtoyou.com\/lt\/wp-content\/uploads\/sites\/9\/2026\/01\/logo-tty-menu-bar-300x87-1.webp","contentUrl":"https:\/\/www.transtoyou.com\/lt\/wp-content\/uploads\/sites\/9\/2026\/01\/logo-tty-menu-bar-300x87-1.webp","width":300,"height":87,"caption":"Transtoyou - LT"},"image":{"@id":"https:\/\/www.transtoyou.com\/lt\/#\/schema\/logo\/image\/"}}]}},"_links":{"self":[{"href":"https:\/\/www.transtoyou.com\/lt\/wp-json\/wp\/v2\/product\/805","targetHints":{"allow":["GET"]}}],"collection":[{"href":"https:\/\/www.transtoyou.com\/lt\/wp-json\/wp\/v2\/product"}],"about":[{"href":"https:\/\/www.transtoyou.com\/lt\/wp-json\/wp\/v2\/types\/product"}],"replies":[{"embeddable":true,"href":"https:\/\/www.transtoyou.com\/lt\/wp-json\/wp\/v2\/comments?post=805"}],"wp:featuredmedia":[{"embeddable":true,"href":"https:\/\/www.transtoyou.com\/lt\/wp-json\/wp\/v2\/media\/807"}],"wp:attachment":[{"href":"https:\/\/www.transtoyou.com\/lt\/wp-json\/wp\/v2\/media?parent=805"}],"wp:term":[{"taxonomy":"product_brand","embeddable":true,"href":"https:\/\/www.transtoyou.com\/lt\/wp-json\/wp\/v2\/product_brand?post=805"},{"taxonomy":"product_cat","embeddable":true,"href":"https:\/\/www.transtoyou.com\/lt\/wp-json\/wp\/v2\/product_cat?post=805"},{"taxonomy":"product_tag","embeddable":true,"href":"https:\/\/www.transtoyou.com\/lt\/wp-json\/wp\/v2\/product_tag?post=805"},{"taxonomy":"expert","embeddable":true,"href":"https:\/\/www.transtoyou.com\/lt\/wp-json\/wp\/v2\/expert?post=805"}],"curies":[{"name":"wp","href":"https:\/\/api.w.org\/{rel}","templated":true}]}}