{"id":811,"date":"2026-01-23T17:58:33","date_gmt":"2026-01-23T15:58:33","guid":{"rendered":"https:\/\/www.transtoyou.com\/lt\/product\/sandrena\/"},"modified":"2026-01-23T17:59:36","modified_gmt":"2026-01-23T15:59:36","slug":"sandrena","status":"publish","type":"product","link":"https:\/\/www.transtoyou.com\/lt\/product\/sandrena\/","title":{"rendered":"Sandrena"},"content":{"rendered":"<p>Sandrena yra transderminis gelis, kuriame yra estradiolio hemihidrato, estrogeno formos. Jis gydomas simptomus, susijusius su estrogeno tr\u016bkumu nat\u016bralios ar chirurgin\u0117s menopauz\u0117s metu, tokius kaip kar\u0161\u010dio bangos, naktinis prakaitavimas ir mak\u0161ties sausumas. Sandrena taip pat gali b\u016bti naudojama ankstyvai postmenopauzin\u0117s osteoporoz\u0117s prevencijai.<\/p>\n<p>Vaistas veikia, tiesiogiai per od\u0105 pateikdamas estradiol\u012f \u012f krauj\u0105, apeinant kepenis ir suma\u017einant hormon\u0173 svyravimus, palyginti su oraliniais estrogenais. Estradiolis jungiasi prie estrogen\u0173 receptori\u0173, tur\u0117damas antiosteoporotini\u0173, lipid\u0173 reguliavimo ir vazomotorini\u0173 stabilizavimo poveik\u012f. Jis taip pat palaiko odos, \u0161lapimo tak\u0173 ir kaul\u0173 sveikat\u0105.<\/p>\n<p>K\u016bne Sandrena efektyviai didina estradiolio lygius, kad atstatyt\u0173 hormonin\u012f balans\u0105, gerindama menopauz\u0117s simptomus, tuo pa\u010diu palaikydama palank\u0173 estradiolio ir estrono santyk\u012f. Ji si\u016blo stabilias kraujo lygius su minimaliu kasdieniu svyravimu ir gali b\u016bti lengvai pritaikyta pagal individualius terapinius poreikius.<\/p>\n<p>Sandrena paprastai gerai toleruojama, nors moterims su nepa\u017eeista gimda ji reikalauja derinimo su progestogenu, kad b\u016bt\u0173 i\u0161vengta endometriumo hiperplazijos.<\/p>\n","protected":false},"excerpt":{"rendered":"<ul>\n<li>Palengv\u0117jimas menopauz\u0117s simptomams<\/li>\n<li>Transderminis estrogeno gelio gydymas<\/li>\n<li>Padeda u\u017ekirsti keli\u0105 ankstyvai osteoporozei<\/li>\n<\/ul>\n","protected":false},"featured_media":813,"comment_status":"open","ping_status":"closed","template":"","meta":[],"product_brand":[],"product_cat":[116,139],"product_tag":[],"expert":[17],"class_list":{"0":"post-811","1":"product","2":"type-product","3":"status-publish","4":"has-post-thumbnail","6":"product_cat-estrogeno-ir-feminizacijos-terapija","7":"product_cat-hormonu-terapija-hrt","8":"expert-dr-c-munoz-parada","10":"first","11":"instock","12":"shipping-taxable","13":"product-type-variable"},"yoast_head":"<!-- This site is optimized with the Yoast SEO plugin v27.0 - https:\/\/yoast.com\/product\/yoast-seo-wordpress\/ -->\n<title>Sandrena | Patikima hormon\u0173 pusiausvyros parama - Transtoyou<\/title>\n<meta name=\"description\" content=\"Sandrena dabar prieinama Transtoyou, si\u016blanti hormonin\u0119 param\u0105 su klinikiniais privalumais. Pirkite \u0161iandien patikimoms, kokybi\u0161koms sveikatos sprendimams.\" \/>\n<meta name=\"robots\" content=\"noindex, follow, max-snippet:-1, max-image-preview:large, max-video-preview:-1\" \/>\n<meta property=\"og:locale\" content=\"lt_LT\" \/>\n<meta property=\"og:type\" content=\"article\" \/>\n<meta property=\"og:title\" content=\"Sandrena | Patikima hormon\u0173 pusiausvyros parama - Transtoyou\" \/>\n<meta property=\"og:description\" content=\"Sandrena dabar prieinama Transtoyou, si\u016blanti hormonin\u0119 param\u0105 su klinikiniais privalumais. Pirkite \u0161iandien patikimoms, kokybi\u0161koms sveikatos sprendimams.\" \/>\n<meta property=\"og:url\" content=\"https:\/\/www.transtoyou.com\/lt\/product\/sandrena\/\" \/>\n<meta property=\"og:site_name\" content=\"Transtoyou - LT\" \/>\n<meta property=\"article:modified_time\" content=\"2026-01-23T15:59:36+00:00\" \/>\n<meta name=\"twitter:card\" content=\"summary_large_image\" \/>\n<meta name=\"twitter:label1\" content=\"Est. reading time\" \/>\n\t<meta name=\"twitter:data1\" content=\"1 minut\u0117\" \/>\n<script type=\"application\/ld+json\" class=\"yoast-schema-graph\">{\"@context\":\"https:\/\/schema.org\",\"@graph\":[{\"@type\":\"WebPage\",\"@id\":\"https:\/\/www.transtoyou.com\/lt\/product\/sandrena\/\",\"url\":\"https:\/\/www.transtoyou.com\/lt\/product\/sandrena\/\",\"name\":\"Sandrena | Patikima hormon\u0173 pusiausvyros parama - Transtoyou\",\"isPartOf\":{\"@id\":\"https:\/\/www.transtoyou.com\/lt\/#website\"},\"primaryImageOfPage\":{\"@id\":\"https:\/\/www.transtoyou.com\/lt\/product\/sandrena\/#primaryimage\"},\"image\":{\"@id\":\"https:\/\/www.transtoyou.com\/lt\/product\/sandrena\/#primaryimage\"},\"thumbnailUrl\":\"https:\/\/www.transtoyou.com\/lt\/wp-content\/uploads\/sites\/9\/2026\/01\/tty-no-product-image-32.webp\",\"datePublished\":\"2026-01-23T15:58:33+00:00\",\"dateModified\":\"2026-01-23T15:59:36+00:00\",\"description\":\"Sandrena dabar prieinama Transtoyou, si\u016blanti hormonin\u0119 param\u0105 su klinikiniais privalumais. Pirkite \u0161iandien patikimoms, kokybi\u0161koms sveikatos sprendimams.\",\"breadcrumb\":{\"@id\":\"https:\/\/www.transtoyou.com\/lt\/product\/sandrena\/#breadcrumb\"},\"inLanguage\":\"lt-LT\",\"potentialAction\":[{\"@type\":\"ReadAction\",\"target\":[\"https:\/\/www.transtoyou.com\/lt\/product\/sandrena\/\"]}]},{\"@type\":\"ImageObject\",\"inLanguage\":\"lt-LT\",\"@id\":\"https:\/\/www.transtoyou.com\/lt\/product\/sandrena\/#primaryimage\",\"url\":\"https:\/\/www.transtoyou.com\/lt\/wp-content\/uploads\/sites\/9\/2026\/01\/tty-no-product-image-32.webp\",\"contentUrl\":\"https:\/\/www.transtoyou.com\/lt\/wp-content\/uploads\/sites\/9\/2026\/01\/tty-no-product-image-32.webp\",\"width\":1000,\"height\":1000,\"caption\":\"Numatytasis produkto vaizdas\"},{\"@type\":\"WebSite\",\"@id\":\"https:\/\/www.transtoyou.com\/lt\/#website\",\"url\":\"https:\/\/www.transtoyou.com\/lt\/\",\"name\":\"Transtoyou - LT\",\"description\":\"\",\"publisher\":{\"@id\":\"https:\/\/www.transtoyou.com\/lt\/#organization\"},\"potentialAction\":[{\"@type\":\"SearchAction\",\"target\":{\"@type\":\"EntryPoint\",\"urlTemplate\":\"https:\/\/www.transtoyou.com\/lt\/?s={search_term_string}\"},\"query-input\":{\"@type\":\"PropertyValueSpecification\",\"valueRequired\":true,\"valueName\":\"search_term_string\"}}],\"inLanguage\":\"lt-LT\"},{\"@type\":\"Organization\",\"@id\":\"https:\/\/www.transtoyou.com\/lt\/#organization\",\"name\":\"Transtoyou - LT\",\"url\":\"https:\/\/www.transtoyou.com\/lt\/\",\"logo\":{\"@type\":\"ImageObject\",\"inLanguage\":\"lt-LT\",\"@id\":\"https:\/\/www.transtoyou.com\/lt\/#\/schema\/logo\/image\/\",\"url\":\"https:\/\/www.transtoyou.com\/lt\/wp-content\/uploads\/sites\/9\/2026\/01\/logo-tty-menu-bar-300x87-1.webp\",\"contentUrl\":\"https:\/\/www.transtoyou.com\/lt\/wp-content\/uploads\/sites\/9\/2026\/01\/logo-tty-menu-bar-300x87-1.webp\",\"width\":300,\"height\":87,\"caption\":\"Transtoyou - LT\"},\"image\":{\"@id\":\"https:\/\/www.transtoyou.com\/lt\/#\/schema\/logo\/image\/\"}}]}<\/script>\n<!-- \/ Yoast SEO plugin. -->","yoast_head_json":{"title":"Sandrena | Patikima hormon\u0173 pusiausvyros parama - Transtoyou","description":"Sandrena dabar prieinama Transtoyou, si\u016blanti hormonin\u0119 param\u0105 su klinikiniais privalumais. Pirkite \u0161iandien patikimoms, kokybi\u0161koms sveikatos sprendimams.","robots":{"index":"noindex","follow":"follow","max-snippet":"max-snippet:-1","max-image-preview":"max-image-preview:large","max-video-preview":"max-video-preview:-1"},"og_locale":"lt_LT","og_type":"article","og_title":"Sandrena | Patikima hormon\u0173 pusiausvyros parama - Transtoyou","og_description":"Sandrena dabar prieinama Transtoyou, si\u016blanti hormonin\u0119 param\u0105 su klinikiniais privalumais. Pirkite \u0161iandien patikimoms, kokybi\u0161koms sveikatos sprendimams.","og_url":"https:\/\/www.transtoyou.com\/lt\/product\/sandrena\/","og_site_name":"Transtoyou - LT","article_modified_time":"2026-01-23T15:59:36+00:00","twitter_card":"summary_large_image","twitter_misc":{"Est. reading time":"1 minut\u0117"},"schema":{"@context":"https:\/\/schema.org","@graph":[{"@type":"WebPage","@id":"https:\/\/www.transtoyou.com\/lt\/product\/sandrena\/","url":"https:\/\/www.transtoyou.com\/lt\/product\/sandrena\/","name":"Sandrena | Patikima hormon\u0173 pusiausvyros parama - Transtoyou","isPartOf":{"@id":"https:\/\/www.transtoyou.com\/lt\/#website"},"primaryImageOfPage":{"@id":"https:\/\/www.transtoyou.com\/lt\/product\/sandrena\/#primaryimage"},"image":{"@id":"https:\/\/www.transtoyou.com\/lt\/product\/sandrena\/#primaryimage"},"thumbnailUrl":"https:\/\/www.transtoyou.com\/lt\/wp-content\/uploads\/sites\/9\/2026\/01\/tty-no-product-image-32.webp","datePublished":"2026-01-23T15:58:33+00:00","dateModified":"2026-01-23T15:59:36+00:00","description":"Sandrena dabar prieinama Transtoyou, si\u016blanti hormonin\u0119 param\u0105 su klinikiniais privalumais. Pirkite \u0161iandien patikimoms, kokybi\u0161koms sveikatos sprendimams.","breadcrumb":{"@id":"https:\/\/www.transtoyou.com\/lt\/product\/sandrena\/#breadcrumb"},"inLanguage":"lt-LT","potentialAction":[{"@type":"ReadAction","target":["https:\/\/www.transtoyou.com\/lt\/product\/sandrena\/"]}]},{"@type":"ImageObject","inLanguage":"lt-LT","@id":"https:\/\/www.transtoyou.com\/lt\/product\/sandrena\/#primaryimage","url":"https:\/\/www.transtoyou.com\/lt\/wp-content\/uploads\/sites\/9\/2026\/01\/tty-no-product-image-32.webp","contentUrl":"https:\/\/www.transtoyou.com\/lt\/wp-content\/uploads\/sites\/9\/2026\/01\/tty-no-product-image-32.webp","width":1000,"height":1000,"caption":"Numatytasis produkto vaizdas"},{"@type":"WebSite","@id":"https:\/\/www.transtoyou.com\/lt\/#website","url":"https:\/\/www.transtoyou.com\/lt\/","name":"Transtoyou - LT","description":"","publisher":{"@id":"https:\/\/www.transtoyou.com\/lt\/#organization"},"potentialAction":[{"@type":"SearchAction","target":{"@type":"EntryPoint","urlTemplate":"https:\/\/www.transtoyou.com\/lt\/?s={search_term_string}"},"query-input":{"@type":"PropertyValueSpecification","valueRequired":true,"valueName":"search_term_string"}}],"inLanguage":"lt-LT"},{"@type":"Organization","@id":"https:\/\/www.transtoyou.com\/lt\/#organization","name":"Transtoyou - LT","url":"https:\/\/www.transtoyou.com\/lt\/","logo":{"@type":"ImageObject","inLanguage":"lt-LT","@id":"https:\/\/www.transtoyou.com\/lt\/#\/schema\/logo\/image\/","url":"https:\/\/www.transtoyou.com\/lt\/wp-content\/uploads\/sites\/9\/2026\/01\/logo-tty-menu-bar-300x87-1.webp","contentUrl":"https:\/\/www.transtoyou.com\/lt\/wp-content\/uploads\/sites\/9\/2026\/01\/logo-tty-menu-bar-300x87-1.webp","width":300,"height":87,"caption":"Transtoyou - LT"},"image":{"@id":"https:\/\/www.transtoyou.com\/lt\/#\/schema\/logo\/image\/"}}]}},"_links":{"self":[{"href":"https:\/\/www.transtoyou.com\/lt\/wp-json\/wp\/v2\/product\/811","targetHints":{"allow":["GET"]}}],"collection":[{"href":"https:\/\/www.transtoyou.com\/lt\/wp-json\/wp\/v2\/product"}],"about":[{"href":"https:\/\/www.transtoyou.com\/lt\/wp-json\/wp\/v2\/types\/product"}],"replies":[{"embeddable":true,"href":"https:\/\/www.transtoyou.com\/lt\/wp-json\/wp\/v2\/comments?post=811"}],"wp:featuredmedia":[{"embeddable":true,"href":"https:\/\/www.transtoyou.com\/lt\/wp-json\/wp\/v2\/media\/813"}],"wp:attachment":[{"href":"https:\/\/www.transtoyou.com\/lt\/wp-json\/wp\/v2\/media?parent=811"}],"wp:term":[{"taxonomy":"product_brand","embeddable":true,"href":"https:\/\/www.transtoyou.com\/lt\/wp-json\/wp\/v2\/product_brand?post=811"},{"taxonomy":"product_cat","embeddable":true,"href":"https:\/\/www.transtoyou.com\/lt\/wp-json\/wp\/v2\/product_cat?post=811"},{"taxonomy":"product_tag","embeddable":true,"href":"https:\/\/www.transtoyou.com\/lt\/wp-json\/wp\/v2\/product_tag?post=811"},{"taxonomy":"expert","embeddable":true,"href":"https:\/\/www.transtoyou.com\/lt\/wp-json\/wp\/v2\/expert?post=811"}],"curies":[{"name":"wp","href":"https:\/\/api.w.org\/{rel}","templated":true}]}}