{"id":814,"date":"2026-01-23T18:13:16","date_gmt":"2026-01-23T16:13:16","guid":{"rendered":"https:\/\/www.transtoyou.com\/lt\/product\/spedra\/"},"modified":"2026-03-05T13:17:45","modified_gmt":"2026-03-05T11:17:45","slug":"spedra","status":"publish","type":"product","link":"https:\/\/www.transtoyou.com\/lt\/product\/spedra\/","title":{"rendered":"Spedra"},"content":{"rendered":"<p>Spedra yra greitai veikianti medicinin\u0117 priemon\u0117, skirta erekcijos disfunkcijai (ED) gydyti. Jame yra avanafilis, selektyvus fosfodiesteraz\u0117s tipo 5 (PDE5) inhibitorius. Kai vyras yra seksualiai stimuliuojamas, padid\u0117ja kraujo pritek\u0117jimas, sukeliantis erekcij\u0105. Avanafilis blokuoja PDE5 ferment\u0105, kad prat\u0119st\u0173 erekcijos proces\u0105.<\/p>\n<p>Spedra skiriama ED, \u012fskaitant tuos, kurie turi lengvus ar sunkius simptomus, jei yra seksualin\u0117 stimuliacija. Be jos jis n\u0117ra veiksmingas. Veikimo prad\u017eia \u012fvyksta per 15\u201330 minu\u010di\u0173, o poveikis gali trukti iki 2 valand\u0173, priklausomai nuo individo.<\/p>\n<p>\u0160i medicinin\u0117 priemon\u0117 gerai toleruojama ir turi palank\u0173 saugumo profil\u012f, kai vartojama pagal recept\u0105. J\u0105 gali vartoti vis\u0173 am\u017eiaus grupi\u0173 \u017emon\u0117s, \u012fskaitant vyresnio am\u017eiaus suaugusiuosius, ir ji turi prana\u0161um\u0105, kad greitai absorbuojama. Skirtingai nuo kai kuri\u0173 PDE5 inhibitori\u0173, Spedra maisto s\u0105veikos yra minimalios, nors riebus maistas gali \u0161iek tiek atid\u0117ti absorbcij\u0105.<\/p>\n","protected":false},"excerpt":{"rendered":"<ul>\n<li>Greitas poveikis per 15\u201330 minu\u010di\u0173<\/li>\n<li>Veiksmingas iki 2 valand\u0173<\/li>\n<li>Galima vartoti su maistu arba be jo<\/li>\n<\/ul>\n","protected":false},"featured_media":816,"comment_status":"open","ping_status":"closed","template":"","meta":[],"product_brand":[],"product_cat":[115],"product_tag":[],"expert":[17],"class_list":{"0":"post-814","1":"product","2":"type-product","3":"status-publish","4":"has-post-thumbnail","6":"product_cat-erekcijos-disfunkcijos-gydymas","7":"expert-dr-c-munoz-parada","9":"first","10":"instock","11":"shipping-taxable","12":"product-type-variable"},"yoast_head":"<!-- This site is optimized with the Yoast SEO plugin v27.0 - https:\/\/yoast.com\/product\/yoast-seo-wordpress\/ -->\n<title>Spedra | Greitai veikiantis ED sprendimas - Transtoyou<\/title>\n<meta name=\"description\" content=\"Spedra, dabar prieinama Transtoyou. Pagerink savo sveikat\u0105 su \u0161iuo unikaliu produktu. Su\u017einok jo privalumus ir pirk \u0161iandien!\" \/>\n<meta name=\"robots\" content=\"noindex, follow, max-snippet:-1, max-image-preview:large, max-video-preview:-1\" \/>\n<meta property=\"og:locale\" content=\"lt_LT\" \/>\n<meta property=\"og:type\" content=\"article\" \/>\n<meta property=\"og:title\" content=\"Spedra | Greitai veikiantis ED sprendimas - Transtoyou\" \/>\n<meta property=\"og:description\" content=\"Spedra, dabar prieinama Transtoyou. Pagerink savo sveikat\u0105 su \u0161iuo unikaliu produktu. Su\u017einok jo privalumus ir pirk \u0161iandien!\" \/>\n<meta property=\"og:url\" content=\"https:\/\/www.transtoyou.com\/lt\/product\/spedra\/\" \/>\n<meta property=\"og:site_name\" content=\"Transtoyou - LT\" \/>\n<meta property=\"article:modified_time\" content=\"2026-03-05T11:17:45+00:00\" \/>\n<meta name=\"twitter:card\" content=\"summary_large_image\" \/>\n<meta name=\"twitter:label1\" content=\"Est. reading time\" \/>\n\t<meta name=\"twitter:data1\" content=\"1 minut\u0117\" \/>\n<script type=\"application\/ld+json\" class=\"yoast-schema-graph\">{\"@context\":\"https:\/\/schema.org\",\"@graph\":[{\"@type\":\"WebPage\",\"@id\":\"https:\/\/www.transtoyou.com\/lt\/product\/spedra\/\",\"url\":\"https:\/\/www.transtoyou.com\/lt\/product\/spedra\/\",\"name\":\"Spedra | Greitai veikiantis ED sprendimas - Transtoyou\",\"isPartOf\":{\"@id\":\"https:\/\/www.transtoyou.com\/lt\/#website\"},\"primaryImageOfPage\":{\"@id\":\"https:\/\/www.transtoyou.com\/lt\/product\/spedra\/#primaryimage\"},\"image\":{\"@id\":\"https:\/\/www.transtoyou.com\/lt\/product\/spedra\/#primaryimage\"},\"thumbnailUrl\":\"https:\/\/www.transtoyou.com\/lt\/wp-content\/uploads\/sites\/9\/2026\/01\/tty-no-product-image-33.webp\",\"datePublished\":\"2026-01-23T16:13:16+00:00\",\"dateModified\":\"2026-03-05T11:17:45+00:00\",\"description\":\"Spedra, dabar prieinama Transtoyou. Pagerink savo sveikat\u0105 su \u0161iuo unikaliu produktu. Su\u017einok jo privalumus ir pirk \u0161iandien!\",\"breadcrumb\":{\"@id\":\"https:\/\/www.transtoyou.com\/lt\/product\/spedra\/#breadcrumb\"},\"inLanguage\":\"lt-LT\",\"potentialAction\":[{\"@type\":\"ReadAction\",\"target\":[\"https:\/\/www.transtoyou.com\/lt\/product\/spedra\/\"]}]},{\"@type\":\"ImageObject\",\"inLanguage\":\"lt-LT\",\"@id\":\"https:\/\/www.transtoyou.com\/lt\/product\/spedra\/#primaryimage\",\"url\":\"https:\/\/www.transtoyou.com\/lt\/wp-content\/uploads\/sites\/9\/2026\/01\/tty-no-product-image-33.webp\",\"contentUrl\":\"https:\/\/www.transtoyou.com\/lt\/wp-content\/uploads\/sites\/9\/2026\/01\/tty-no-product-image-33.webp\",\"width\":1000,\"height\":1000,\"caption\":\"Numatytas produkto vaizdas\"},{\"@type\":\"WebSite\",\"@id\":\"https:\/\/www.transtoyou.com\/lt\/#website\",\"url\":\"https:\/\/www.transtoyou.com\/lt\/\",\"name\":\"Transtoyou - LT\",\"description\":\"\",\"publisher\":{\"@id\":\"https:\/\/www.transtoyou.com\/lt\/#organization\"},\"potentialAction\":[{\"@type\":\"SearchAction\",\"target\":{\"@type\":\"EntryPoint\",\"urlTemplate\":\"https:\/\/www.transtoyou.com\/lt\/?s={search_term_string}\"},\"query-input\":{\"@type\":\"PropertyValueSpecification\",\"valueRequired\":true,\"valueName\":\"search_term_string\"}}],\"inLanguage\":\"lt-LT\"},{\"@type\":\"Organization\",\"@id\":\"https:\/\/www.transtoyou.com\/lt\/#organization\",\"name\":\"Transtoyou - LT\",\"url\":\"https:\/\/www.transtoyou.com\/lt\/\",\"logo\":{\"@type\":\"ImageObject\",\"inLanguage\":\"lt-LT\",\"@id\":\"https:\/\/www.transtoyou.com\/lt\/#\/schema\/logo\/image\/\",\"url\":\"https:\/\/www.transtoyou.com\/lt\/wp-content\/uploads\/sites\/9\/2026\/01\/logo-tty-menu-bar-300x87-1.webp\",\"contentUrl\":\"https:\/\/www.transtoyou.com\/lt\/wp-content\/uploads\/sites\/9\/2026\/01\/logo-tty-menu-bar-300x87-1.webp\",\"width\":300,\"height\":87,\"caption\":\"Transtoyou - LT\"},\"image\":{\"@id\":\"https:\/\/www.transtoyou.com\/lt\/#\/schema\/logo\/image\/\"}}]}<\/script>\n<!-- \/ Yoast SEO plugin. -->","yoast_head_json":{"title":"Spedra | Greitai veikiantis ED sprendimas - Transtoyou","description":"Spedra, dabar prieinama Transtoyou. Pagerink savo sveikat\u0105 su \u0161iuo unikaliu produktu. Su\u017einok jo privalumus ir pirk \u0161iandien!","robots":{"index":"noindex","follow":"follow","max-snippet":"max-snippet:-1","max-image-preview":"max-image-preview:large","max-video-preview":"max-video-preview:-1"},"og_locale":"lt_LT","og_type":"article","og_title":"Spedra | Greitai veikiantis ED sprendimas - Transtoyou","og_description":"Spedra, dabar prieinama Transtoyou. Pagerink savo sveikat\u0105 su \u0161iuo unikaliu produktu. Su\u017einok jo privalumus ir pirk \u0161iandien!","og_url":"https:\/\/www.transtoyou.com\/lt\/product\/spedra\/","og_site_name":"Transtoyou - LT","article_modified_time":"2026-03-05T11:17:45+00:00","twitter_card":"summary_large_image","twitter_misc":{"Est. reading time":"1 minut\u0117"},"schema":{"@context":"https:\/\/schema.org","@graph":[{"@type":"WebPage","@id":"https:\/\/www.transtoyou.com\/lt\/product\/spedra\/","url":"https:\/\/www.transtoyou.com\/lt\/product\/spedra\/","name":"Spedra | Greitai veikiantis ED sprendimas - Transtoyou","isPartOf":{"@id":"https:\/\/www.transtoyou.com\/lt\/#website"},"primaryImageOfPage":{"@id":"https:\/\/www.transtoyou.com\/lt\/product\/spedra\/#primaryimage"},"image":{"@id":"https:\/\/www.transtoyou.com\/lt\/product\/spedra\/#primaryimage"},"thumbnailUrl":"https:\/\/www.transtoyou.com\/lt\/wp-content\/uploads\/sites\/9\/2026\/01\/tty-no-product-image-33.webp","datePublished":"2026-01-23T16:13:16+00:00","dateModified":"2026-03-05T11:17:45+00:00","description":"Spedra, dabar prieinama Transtoyou. Pagerink savo sveikat\u0105 su \u0161iuo unikaliu produktu. Su\u017einok jo privalumus ir pirk \u0161iandien!","breadcrumb":{"@id":"https:\/\/www.transtoyou.com\/lt\/product\/spedra\/#breadcrumb"},"inLanguage":"lt-LT","potentialAction":[{"@type":"ReadAction","target":["https:\/\/www.transtoyou.com\/lt\/product\/spedra\/"]}]},{"@type":"ImageObject","inLanguage":"lt-LT","@id":"https:\/\/www.transtoyou.com\/lt\/product\/spedra\/#primaryimage","url":"https:\/\/www.transtoyou.com\/lt\/wp-content\/uploads\/sites\/9\/2026\/01\/tty-no-product-image-33.webp","contentUrl":"https:\/\/www.transtoyou.com\/lt\/wp-content\/uploads\/sites\/9\/2026\/01\/tty-no-product-image-33.webp","width":1000,"height":1000,"caption":"Numatytas produkto vaizdas"},{"@type":"WebSite","@id":"https:\/\/www.transtoyou.com\/lt\/#website","url":"https:\/\/www.transtoyou.com\/lt\/","name":"Transtoyou - LT","description":"","publisher":{"@id":"https:\/\/www.transtoyou.com\/lt\/#organization"},"potentialAction":[{"@type":"SearchAction","target":{"@type":"EntryPoint","urlTemplate":"https:\/\/www.transtoyou.com\/lt\/?s={search_term_string}"},"query-input":{"@type":"PropertyValueSpecification","valueRequired":true,"valueName":"search_term_string"}}],"inLanguage":"lt-LT"},{"@type":"Organization","@id":"https:\/\/www.transtoyou.com\/lt\/#organization","name":"Transtoyou - LT","url":"https:\/\/www.transtoyou.com\/lt\/","logo":{"@type":"ImageObject","inLanguage":"lt-LT","@id":"https:\/\/www.transtoyou.com\/lt\/#\/schema\/logo\/image\/","url":"https:\/\/www.transtoyou.com\/lt\/wp-content\/uploads\/sites\/9\/2026\/01\/logo-tty-menu-bar-300x87-1.webp","contentUrl":"https:\/\/www.transtoyou.com\/lt\/wp-content\/uploads\/sites\/9\/2026\/01\/logo-tty-menu-bar-300x87-1.webp","width":300,"height":87,"caption":"Transtoyou - LT"},"image":{"@id":"https:\/\/www.transtoyou.com\/lt\/#\/schema\/logo\/image\/"}}]}},"_links":{"self":[{"href":"https:\/\/www.transtoyou.com\/lt\/wp-json\/wp\/v2\/product\/814","targetHints":{"allow":["GET"]}}],"collection":[{"href":"https:\/\/www.transtoyou.com\/lt\/wp-json\/wp\/v2\/product"}],"about":[{"href":"https:\/\/www.transtoyou.com\/lt\/wp-json\/wp\/v2\/types\/product"}],"replies":[{"embeddable":true,"href":"https:\/\/www.transtoyou.com\/lt\/wp-json\/wp\/v2\/comments?post=814"}],"wp:featuredmedia":[{"embeddable":true,"href":"https:\/\/www.transtoyou.com\/lt\/wp-json\/wp\/v2\/media\/816"}],"wp:attachment":[{"href":"https:\/\/www.transtoyou.com\/lt\/wp-json\/wp\/v2\/media?parent=814"}],"wp:term":[{"taxonomy":"product_brand","embeddable":true,"href":"https:\/\/www.transtoyou.com\/lt\/wp-json\/wp\/v2\/product_brand?post=814"},{"taxonomy":"product_cat","embeddable":true,"href":"https:\/\/www.transtoyou.com\/lt\/wp-json\/wp\/v2\/product_cat?post=814"},{"taxonomy":"product_tag","embeddable":true,"href":"https:\/\/www.transtoyou.com\/lt\/wp-json\/wp\/v2\/product_tag?post=814"},{"taxonomy":"expert","embeddable":true,"href":"https:\/\/www.transtoyou.com\/lt\/wp-json\/wp\/v2\/expert?post=814"}],"curies":[{"name":"wp","href":"https:\/\/api.w.org\/{rel}","templated":true}]}}