{"id":817,"date":"2026-01-23T18:28:00","date_gmt":"2026-01-23T16:28:00","guid":{"rendered":"https:\/\/www.transtoyou.com\/lt\/product\/fucidin\/"},"modified":"2026-02-17T15:31:02","modified_gmt":"2026-02-17T13:31:02","slug":"fucidinas","status":"publish","type":"product","link":"https:\/\/www.transtoyou.com\/lt\/product\/fucidinas\/","title":{"rendered":"Fucidinas"},"content":{"rendered":"<p>Fucidin yra vietinis antibiotikas, naudojamas odos infekcijoms, kurias sukelia tam tikros bakterijos, gydyti. Jame yra fusidin\u0117s r\u016bg\u0161ties, steroidams pana\u0161aus antibiotiko, kuris veikia slopindamas bakterij\u0173 baltym\u0173 sintez\u0117s proces\u0105, efektyviai sustabdydamas bakterij\u0173 augim\u0105 ir plitim\u0105.<\/p>\n<p>Fucidin da\u017enai skiriamas lokalioms odos infekcijoms, tokioms kaip impetigo, u\u017ekr\u0117stas egzema, folikulitas, furunkulai (virimai), u\u017ekr\u0117stos opos ir u\u017ekr\u0117sti vabzd\u017ei\u0173 \u012fkandimai.<\/p>\n<p>Jis padeda suma\u017einti paraudim\u0105, u\u017edegim\u0105, patinim\u0105 ir i\u0161skyras, sukeltas infekcijos. Jis neturi antifungini\u0173 ar antivirusini\u0173 savybi\u0173, tod\u0117l n\u0117ra veiksmingas infekcijoms, kurias sukelia grybeliai ar virusai.<\/p>\n<p>Pagrindiniai Fucidin privalumai yra jo didelis efektyvumas prie\u0161 bakterijas, greitas simptom\u0173 palengvinimas ir gera odos tolerancija. Jis tinka trumpalaikiam naudojimui ir gali b\u016bti naudojamas su arba be tvars\u010di\u0173, priklausomai nuo pa\u017eeidimo sunkumo ir vietos. Jis ypa\u010d naudingas, kai nereikia sistemini\u0173 antibiotik\u0173 arba norint i\u0161vengti geriam\u0173j\u0173 antibiotik\u0173 vartojimo.<\/p>\n","protected":false},"excerpt":{"rendered":"<ul>\n<li>Skirta bakterin\u0117ms odos infekcijoms<\/li>\n<li>Tinkama u\u017ekr\u0117stam egzemos atvejui<\/li>\n<li>Greitai veikianti vietin\u0117 antibiotik\u0173 kremas<\/li>\n<\/ul>\n","protected":false},"featured_media":819,"comment_status":"open","ping_status":"closed","template":"","meta":[],"product_brand":[],"product_cat":[109],"product_tag":[],"expert":[17],"class_list":{"0":"post-817","1":"product","2":"type-product","3":"status-publish","4":"has-post-thumbnail","6":"product_cat-egzema","7":"expert-dr-c-munoz-parada","9":"first","10":"instock","11":"shipping-taxable","12":"product-type-variable"},"yoast_head":"<!-- This site is optimized with the Yoast SEO plugin v27.0 - https:\/\/yoast.com\/product\/yoast-seo-wordpress\/ -->\n<title>Fucidin | Efektyvi odos infekcijos gydymo priemon\u0117 - Transtoyou<\/title>\n<meta name=\"description\" content=\"Fucidin, vietinis antibiotikas, efektyviai gydo odos infekcijas. Pirkite dabar greitam palengvinimui ir puikiai odos tolerancijai, Transtoyou.\" \/>\n<meta name=\"robots\" content=\"noindex, follow, max-snippet:-1, max-image-preview:large, max-video-preview:-1\" \/>\n<meta property=\"og:locale\" content=\"lt_LT\" \/>\n<meta property=\"og:type\" content=\"article\" \/>\n<meta property=\"og:title\" content=\"Fucidin | Efektyvi odos infekcijos gydymo priemon\u0117 - Transtoyou\" \/>\n<meta property=\"og:description\" content=\"Fucidin, vietinis antibiotikas, efektyviai gydo odos infekcijas. Pirkite dabar greitam palengvinimui ir puikiai odos tolerancijai, Transtoyou.\" \/>\n<meta property=\"og:url\" content=\"https:\/\/www.transtoyou.com\/lt\/product\/fucidin\/\" \/>\n<meta property=\"og:site_name\" content=\"Transtoyou - LT\" \/>\n<meta property=\"article:modified_time\" content=\"2026-02-17T13:31:02+00:00\" \/>\n<meta name=\"twitter:card\" content=\"summary_large_image\" \/>\n<meta name=\"twitter:label1\" content=\"Est. reading time\" \/>\n\t<meta name=\"twitter:data1\" content=\"1 minut\u0117\" \/>\n<script type=\"application\/ld+json\" class=\"yoast-schema-graph\">{\"@context\":\"https:\/\/schema.org\",\"@graph\":[{\"@type\":\"WebPage\",\"@id\":\"https:\/\/www.transtoyou.com\/lt\/product\/fucidin\/\",\"url\":\"https:\/\/www.transtoyou.com\/lt\/product\/fucidin\/\",\"name\":\"Fucidin | Efektyvi odos infekcijos gydymo priemon\u0117 - Transtoyou\",\"isPartOf\":{\"@id\":\"https:\/\/www.transtoyou.com\/lt\/#website\"},\"primaryImageOfPage\":{\"@id\":\"https:\/\/www.transtoyou.com\/lt\/product\/fucidin\/#primaryimage\"},\"image\":{\"@id\":\"https:\/\/www.transtoyou.com\/lt\/product\/fucidin\/#primaryimage\"},\"thumbnailUrl\":\"https:\/\/www.transtoyou.com\/lt\/wp-content\/uploads\/sites\/9\/2026\/01\/tty-no-product-image-34.webp\",\"datePublished\":\"2026-01-23T16:28:00+00:00\",\"dateModified\":\"2026-02-17T13:31:02+00:00\",\"description\":\"Fucidin, vietinis antibiotikas, efektyviai gydo odos infekcijas. Pirkite dabar greitam palengvinimui ir puikiai odos tolerancijai, Transtoyou.\",\"breadcrumb\":{\"@id\":\"https:\/\/www.transtoyou.com\/lt\/product\/fucidin\/#breadcrumb\"},\"inLanguage\":\"lt-LT\",\"potentialAction\":[{\"@type\":\"ReadAction\",\"target\":[\"https:\/\/www.transtoyou.com\/lt\/product\/fucidin\/\"]}]},{\"@type\":\"ImageObject\",\"inLanguage\":\"lt-LT\",\"@id\":\"https:\/\/www.transtoyou.com\/lt\/product\/fucidin\/#primaryimage\",\"url\":\"https:\/\/www.transtoyou.com\/lt\/wp-content\/uploads\/sites\/9\/2026\/01\/tty-no-product-image-34.webp\",\"contentUrl\":\"https:\/\/www.transtoyou.com\/lt\/wp-content\/uploads\/sites\/9\/2026\/01\/tty-no-product-image-34.webp\",\"width\":1000,\"height\":1000,\"caption\":\"Numatytas produkto vaizdas\"},{\"@type\":\"WebSite\",\"@id\":\"https:\/\/www.transtoyou.com\/lt\/#website\",\"url\":\"https:\/\/www.transtoyou.com\/lt\/\",\"name\":\"Transtoyou - LT\",\"description\":\"\",\"publisher\":{\"@id\":\"https:\/\/www.transtoyou.com\/lt\/#organization\"},\"potentialAction\":[{\"@type\":\"SearchAction\",\"target\":{\"@type\":\"EntryPoint\",\"urlTemplate\":\"https:\/\/www.transtoyou.com\/lt\/?s={search_term_string}\"},\"query-input\":{\"@type\":\"PropertyValueSpecification\",\"valueRequired\":true,\"valueName\":\"search_term_string\"}}],\"inLanguage\":\"lt-LT\"},{\"@type\":\"Organization\",\"@id\":\"https:\/\/www.transtoyou.com\/lt\/#organization\",\"name\":\"Transtoyou - LT\",\"url\":\"https:\/\/www.transtoyou.com\/lt\/\",\"logo\":{\"@type\":\"ImageObject\",\"inLanguage\":\"lt-LT\",\"@id\":\"https:\/\/www.transtoyou.com\/lt\/#\/schema\/logo\/image\/\",\"url\":\"https:\/\/www.transtoyou.com\/lt\/wp-content\/uploads\/sites\/9\/2026\/01\/logo-tty-menu-bar-300x87-1.webp\",\"contentUrl\":\"https:\/\/www.transtoyou.com\/lt\/wp-content\/uploads\/sites\/9\/2026\/01\/logo-tty-menu-bar-300x87-1.webp\",\"width\":300,\"height\":87,\"caption\":\"Transtoyou - LT\"},\"image\":{\"@id\":\"https:\/\/www.transtoyou.com\/lt\/#\/schema\/logo\/image\/\"}}]}<\/script>\n<!-- \/ Yoast SEO plugin. -->","yoast_head_json":{"title":"Fucidin | Efektyvi odos infekcijos gydymo priemon\u0117 - Transtoyou","description":"Fucidin, vietinis antibiotikas, efektyviai gydo odos infekcijas. Pirkite dabar greitam palengvinimui ir puikiai odos tolerancijai, Transtoyou.","robots":{"index":"noindex","follow":"follow","max-snippet":"max-snippet:-1","max-image-preview":"max-image-preview:large","max-video-preview":"max-video-preview:-1"},"og_locale":"lt_LT","og_type":"article","og_title":"Fucidin | Efektyvi odos infekcijos gydymo priemon\u0117 - Transtoyou","og_description":"Fucidin, vietinis antibiotikas, efektyviai gydo odos infekcijas. Pirkite dabar greitam palengvinimui ir puikiai odos tolerancijai, Transtoyou.","og_url":"https:\/\/www.transtoyou.com\/lt\/product\/fucidin\/","og_site_name":"Transtoyou - LT","article_modified_time":"2026-02-17T13:31:02+00:00","twitter_card":"summary_large_image","twitter_misc":{"Est. reading time":"1 minut\u0117"},"schema":{"@context":"https:\/\/schema.org","@graph":[{"@type":"WebPage","@id":"https:\/\/www.transtoyou.com\/lt\/product\/fucidin\/","url":"https:\/\/www.transtoyou.com\/lt\/product\/fucidin\/","name":"Fucidin | Efektyvi odos infekcijos gydymo priemon\u0117 - Transtoyou","isPartOf":{"@id":"https:\/\/www.transtoyou.com\/lt\/#website"},"primaryImageOfPage":{"@id":"https:\/\/www.transtoyou.com\/lt\/product\/fucidin\/#primaryimage"},"image":{"@id":"https:\/\/www.transtoyou.com\/lt\/product\/fucidin\/#primaryimage"},"thumbnailUrl":"https:\/\/www.transtoyou.com\/lt\/wp-content\/uploads\/sites\/9\/2026\/01\/tty-no-product-image-34.webp","datePublished":"2026-01-23T16:28:00+00:00","dateModified":"2026-02-17T13:31:02+00:00","description":"Fucidin, vietinis antibiotikas, efektyviai gydo odos infekcijas. Pirkite dabar greitam palengvinimui ir puikiai odos tolerancijai, Transtoyou.","breadcrumb":{"@id":"https:\/\/www.transtoyou.com\/lt\/product\/fucidin\/#breadcrumb"},"inLanguage":"lt-LT","potentialAction":[{"@type":"ReadAction","target":["https:\/\/www.transtoyou.com\/lt\/product\/fucidin\/"]}]},{"@type":"ImageObject","inLanguage":"lt-LT","@id":"https:\/\/www.transtoyou.com\/lt\/product\/fucidin\/#primaryimage","url":"https:\/\/www.transtoyou.com\/lt\/wp-content\/uploads\/sites\/9\/2026\/01\/tty-no-product-image-34.webp","contentUrl":"https:\/\/www.transtoyou.com\/lt\/wp-content\/uploads\/sites\/9\/2026\/01\/tty-no-product-image-34.webp","width":1000,"height":1000,"caption":"Numatytas produkto vaizdas"},{"@type":"WebSite","@id":"https:\/\/www.transtoyou.com\/lt\/#website","url":"https:\/\/www.transtoyou.com\/lt\/","name":"Transtoyou - LT","description":"","publisher":{"@id":"https:\/\/www.transtoyou.com\/lt\/#organization"},"potentialAction":[{"@type":"SearchAction","target":{"@type":"EntryPoint","urlTemplate":"https:\/\/www.transtoyou.com\/lt\/?s={search_term_string}"},"query-input":{"@type":"PropertyValueSpecification","valueRequired":true,"valueName":"search_term_string"}}],"inLanguage":"lt-LT"},{"@type":"Organization","@id":"https:\/\/www.transtoyou.com\/lt\/#organization","name":"Transtoyou - LT","url":"https:\/\/www.transtoyou.com\/lt\/","logo":{"@type":"ImageObject","inLanguage":"lt-LT","@id":"https:\/\/www.transtoyou.com\/lt\/#\/schema\/logo\/image\/","url":"https:\/\/www.transtoyou.com\/lt\/wp-content\/uploads\/sites\/9\/2026\/01\/logo-tty-menu-bar-300x87-1.webp","contentUrl":"https:\/\/www.transtoyou.com\/lt\/wp-content\/uploads\/sites\/9\/2026\/01\/logo-tty-menu-bar-300x87-1.webp","width":300,"height":87,"caption":"Transtoyou - LT"},"image":{"@id":"https:\/\/www.transtoyou.com\/lt\/#\/schema\/logo\/image\/"}}]}},"_links":{"self":[{"href":"https:\/\/www.transtoyou.com\/lt\/wp-json\/wp\/v2\/product\/817","targetHints":{"allow":["GET"]}}],"collection":[{"href":"https:\/\/www.transtoyou.com\/lt\/wp-json\/wp\/v2\/product"}],"about":[{"href":"https:\/\/www.transtoyou.com\/lt\/wp-json\/wp\/v2\/types\/product"}],"replies":[{"embeddable":true,"href":"https:\/\/www.transtoyou.com\/lt\/wp-json\/wp\/v2\/comments?post=817"}],"wp:featuredmedia":[{"embeddable":true,"href":"https:\/\/www.transtoyou.com\/lt\/wp-json\/wp\/v2\/media\/819"}],"wp:attachment":[{"href":"https:\/\/www.transtoyou.com\/lt\/wp-json\/wp\/v2\/media?parent=817"}],"wp:term":[{"taxonomy":"product_brand","embeddable":true,"href":"https:\/\/www.transtoyou.com\/lt\/wp-json\/wp\/v2\/product_brand?post=817"},{"taxonomy":"product_cat","embeddable":true,"href":"https:\/\/www.transtoyou.com\/lt\/wp-json\/wp\/v2\/product_cat?post=817"},{"taxonomy":"product_tag","embeddable":true,"href":"https:\/\/www.transtoyou.com\/lt\/wp-json\/wp\/v2\/product_tag?post=817"},{"taxonomy":"expert","embeddable":true,"href":"https:\/\/www.transtoyou.com\/lt\/wp-json\/wp\/v2\/expert?post=817"}],"curies":[{"name":"wp","href":"https:\/\/api.w.org\/{rel}","templated":true}]}}