{"id":823,"date":"2026-01-23T18:56:48","date_gmt":"2026-01-23T16:56:48","guid":{"rendered":"https:\/\/www.transtoyou.com\/lt\/product\/elidel\/"},"modified":"2026-01-23T18:57:47","modified_gmt":"2026-01-23T16:57:47","slug":"elidel","status":"publish","type":"product","link":"https:\/\/www.transtoyou.com\/lt\/product\/elidel\/","title":{"rendered":"Elidel"},"content":{"rendered":"<p>Elidel yra kremas, naudojamas lengvai ir vidutini\u0161kai atopinei dermatitui (egzemai) gydyti. Jis priklauso vaist\u0173 grupei, vadinamai vietiniais kalcineurino inhibitoriais. Skirtingai nuo kortikosteroid\u0173, jis nesusilpnina odos ir ypa\u010d naudingas jautrioms vietoms, tokioms kaip veidas, kaklas ir odos rauk\u0161l\u0117s.<\/p>\n<p>Pimecrolimus, aktyvusis Elidel ingredientas, veikia taikydamasis \u012f odos imunin\u0119 sistem\u0105. Jis blokuoja specifin\u012f ferment\u0105, vadinam\u0105 kalcineurinu, kuris atsakingas u\u017e u\u017edegimini\u0173 l\u0105steli\u0173 aktyvavim\u0105. Slopindamas \u0161\u012f proces\u0105, Elidel suma\u017eina prou\u017edegimini\u0173 med\u017eiag\u0173, toki\u0173 kaip interleukinai ir histaminas, i\u0161siskyrim\u0105, pad\u0117damas palengvinti paraudim\u0105, nie\u017e\u0117jim\u0105 ir patinim\u0105. Jis taip pat u\u017ekerta keli\u0105 mastocit\u0173 aktyvavimui, kurie dalyvauja alergin\u0117se reakcijose.<\/p>\n<p>Elidel yra skirtas \u017emon\u0117ms, kurie negali naudoti kortikosteroid\u0173, arba vietoms, kur steroidai n\u0117ra tinkami, pavyzd\u017eiui, veidui ar kaklui.<\/p>\n<p>Elidel veikia tiesiogiai ten, kur jis tepamas, ir tik ma\u017eos jo dalys patenka \u012f krauj\u0105. Jis padeda sustabdyti pa\u016bm\u0117jimus nuo pablog\u0117jimo ir gali b\u016bti naudojamas ilgalaikiai valdyti pasikartojan\u010dius protr\u016bkius. Pagrindiniai Elidel privalumai yra jo veiksmingumas ma\u017einant u\u017edegim\u0105 ir nie\u017e\u0117jim\u0105 bei tinkamumas jautrioms odos vietoms.<\/p>\n<p>Dauguma vartotoj\u0173 pastebi pager\u0117jim\u0105 per pirm\u0105sias kelias savaites. J\u012f galima saugiai naudoti ilgalaikiu pertraukiamu pagrindu simptomams valdyti ir kontroliuoti egzem\u0105.<\/p>\n","protected":false},"excerpt":{"rendered":"<ul>\n<li>Nes steroidinis egzemos gydymas<\/li>\n<li>Tinka jautrioms odos vietoms<\/li>\n<li>Ilgalaikiam pertraukiamam naudojimui<\/li>\n<\/ul>\n","protected":false},"featured_media":825,"comment_status":"open","ping_status":"closed","template":"","meta":[],"product_brand":[],"product_cat":[109],"product_tag":[],"expert":[17],"class_list":{"0":"post-823","1":"product","2":"type-product","3":"status-publish","4":"has-post-thumbnail","6":"product_cat-egzema","7":"expert-dr-c-munoz-parada","9":"first","10":"instock","11":"shipping-taxable","12":"product-type-variable"},"yoast_head":"<!-- This site is optimized with the Yoast SEO plugin v27.0 - https:\/\/yoast.com\/product\/yoast-seo-wordpress\/ -->\n<title>Elidel | Ramink egzemos simptomus, \u0161velnus odai - Transtoyou<\/title>\n<meta name=\"description\" content=\"Elidel kremas efektyviai gydo egzema, ma\u017eindamas u\u017edegim\u0105 nesusilpnindamas odos. Puikus jautrioms vietoms. Lengvai \u012fsigykite \u010dia.\" \/>\n<meta name=\"robots\" content=\"noindex, follow, max-snippet:-1, max-image-preview:large, max-video-preview:-1\" \/>\n<meta property=\"og:locale\" content=\"lt_LT\" \/>\n<meta property=\"og:type\" content=\"article\" \/>\n<meta property=\"og:title\" content=\"Elidel | Ramink egzemos simptomus, \u0161velnus odai - Transtoyou\" \/>\n<meta property=\"og:description\" content=\"Elidel kremas efektyviai gydo egzema, ma\u017eindamas u\u017edegim\u0105 nesusilpnindamas odos. Puikus jautrioms vietoms. Lengvai \u012fsigykite \u010dia.\" \/>\n<meta property=\"og:url\" content=\"https:\/\/www.transtoyou.com\/lt\/product\/elidel\/\" \/>\n<meta property=\"og:site_name\" content=\"Transtoyou - LT\" \/>\n<meta property=\"article:modified_time\" content=\"2026-01-23T16:57:47+00:00\" \/>\n<meta name=\"twitter:card\" content=\"summary_large_image\" \/>\n<meta name=\"twitter:label1\" content=\"Est. reading time\" \/>\n\t<meta name=\"twitter:data1\" content=\"1 minut\u0117\" \/>\n<script type=\"application\/ld+json\" class=\"yoast-schema-graph\">{\"@context\":\"https:\/\/schema.org\",\"@graph\":[{\"@type\":\"WebPage\",\"@id\":\"https:\/\/www.transtoyou.com\/lt\/product\/elidel\/\",\"url\":\"https:\/\/www.transtoyou.com\/lt\/product\/elidel\/\",\"name\":\"Elidel | Ramink egzemos simptomus, \u0161velnus odai - Transtoyou\",\"isPartOf\":{\"@id\":\"https:\/\/www.transtoyou.com\/lt\/#website\"},\"primaryImageOfPage\":{\"@id\":\"https:\/\/www.transtoyou.com\/lt\/product\/elidel\/#primaryimage\"},\"image\":{\"@id\":\"https:\/\/www.transtoyou.com\/lt\/product\/elidel\/#primaryimage\"},\"thumbnailUrl\":\"https:\/\/www.transtoyou.com\/lt\/wp-content\/uploads\/sites\/9\/2026\/01\/tty-no-product-image-36.webp\",\"datePublished\":\"2026-01-23T16:56:48+00:00\",\"dateModified\":\"2026-01-23T16:57:47+00:00\",\"description\":\"Elidel kremas efektyviai gydo egzema, ma\u017eindamas u\u017edegim\u0105 nesusilpnindamas odos. Puikus jautrioms vietoms. Lengvai \u012fsigykite \u010dia.\",\"breadcrumb\":{\"@id\":\"https:\/\/www.transtoyou.com\/lt\/product\/elidel\/#breadcrumb\"},\"inLanguage\":\"lt-LT\",\"potentialAction\":[{\"@type\":\"ReadAction\",\"target\":[\"https:\/\/www.transtoyou.com\/lt\/product\/elidel\/\"]}]},{\"@type\":\"ImageObject\",\"inLanguage\":\"lt-LT\",\"@id\":\"https:\/\/www.transtoyou.com\/lt\/product\/elidel\/#primaryimage\",\"url\":\"https:\/\/www.transtoyou.com\/lt\/wp-content\/uploads\/sites\/9\/2026\/01\/tty-no-product-image-36.webp\",\"contentUrl\":\"https:\/\/www.transtoyou.com\/lt\/wp-content\/uploads\/sites\/9\/2026\/01\/tty-no-product-image-36.webp\",\"width\":1000,\"height\":1000,\"caption\":\"Numatytasis produkto vaizdas\"},{\"@type\":\"WebSite\",\"@id\":\"https:\/\/www.transtoyou.com\/lt\/#website\",\"url\":\"https:\/\/www.transtoyou.com\/lt\/\",\"name\":\"Transtoyou - LT\",\"description\":\"\",\"publisher\":{\"@id\":\"https:\/\/www.transtoyou.com\/lt\/#organization\"},\"potentialAction\":[{\"@type\":\"SearchAction\",\"target\":{\"@type\":\"EntryPoint\",\"urlTemplate\":\"https:\/\/www.transtoyou.com\/lt\/?s={search_term_string}\"},\"query-input\":{\"@type\":\"PropertyValueSpecification\",\"valueRequired\":true,\"valueName\":\"search_term_string\"}}],\"inLanguage\":\"lt-LT\"},{\"@type\":\"Organization\",\"@id\":\"https:\/\/www.transtoyou.com\/lt\/#organization\",\"name\":\"Transtoyou - LT\",\"url\":\"https:\/\/www.transtoyou.com\/lt\/\",\"logo\":{\"@type\":\"ImageObject\",\"inLanguage\":\"lt-LT\",\"@id\":\"https:\/\/www.transtoyou.com\/lt\/#\/schema\/logo\/image\/\",\"url\":\"https:\/\/www.transtoyou.com\/lt\/wp-content\/uploads\/sites\/9\/2026\/01\/logo-tty-menu-bar-300x87-1.webp\",\"contentUrl\":\"https:\/\/www.transtoyou.com\/lt\/wp-content\/uploads\/sites\/9\/2026\/01\/logo-tty-menu-bar-300x87-1.webp\",\"width\":300,\"height\":87,\"caption\":\"Transtoyou - LT\"},\"image\":{\"@id\":\"https:\/\/www.transtoyou.com\/lt\/#\/schema\/logo\/image\/\"}}]}<\/script>\n<!-- \/ Yoast SEO plugin. -->","yoast_head_json":{"title":"Elidel | Ramink egzemos simptomus, \u0161velnus odai - Transtoyou","description":"Elidel kremas efektyviai gydo egzema, ma\u017eindamas u\u017edegim\u0105 nesusilpnindamas odos. Puikus jautrioms vietoms. Lengvai \u012fsigykite \u010dia.","robots":{"index":"noindex","follow":"follow","max-snippet":"max-snippet:-1","max-image-preview":"max-image-preview:large","max-video-preview":"max-video-preview:-1"},"og_locale":"lt_LT","og_type":"article","og_title":"Elidel | Ramink egzemos simptomus, \u0161velnus odai - Transtoyou","og_description":"Elidel kremas efektyviai gydo egzema, ma\u017eindamas u\u017edegim\u0105 nesusilpnindamas odos. Puikus jautrioms vietoms. Lengvai \u012fsigykite \u010dia.","og_url":"https:\/\/www.transtoyou.com\/lt\/product\/elidel\/","og_site_name":"Transtoyou - LT","article_modified_time":"2026-01-23T16:57:47+00:00","twitter_card":"summary_large_image","twitter_misc":{"Est. reading time":"1 minut\u0117"},"schema":{"@context":"https:\/\/schema.org","@graph":[{"@type":"WebPage","@id":"https:\/\/www.transtoyou.com\/lt\/product\/elidel\/","url":"https:\/\/www.transtoyou.com\/lt\/product\/elidel\/","name":"Elidel | Ramink egzemos simptomus, \u0161velnus odai - Transtoyou","isPartOf":{"@id":"https:\/\/www.transtoyou.com\/lt\/#website"},"primaryImageOfPage":{"@id":"https:\/\/www.transtoyou.com\/lt\/product\/elidel\/#primaryimage"},"image":{"@id":"https:\/\/www.transtoyou.com\/lt\/product\/elidel\/#primaryimage"},"thumbnailUrl":"https:\/\/www.transtoyou.com\/lt\/wp-content\/uploads\/sites\/9\/2026\/01\/tty-no-product-image-36.webp","datePublished":"2026-01-23T16:56:48+00:00","dateModified":"2026-01-23T16:57:47+00:00","description":"Elidel kremas efektyviai gydo egzema, ma\u017eindamas u\u017edegim\u0105 nesusilpnindamas odos. Puikus jautrioms vietoms. Lengvai \u012fsigykite \u010dia.","breadcrumb":{"@id":"https:\/\/www.transtoyou.com\/lt\/product\/elidel\/#breadcrumb"},"inLanguage":"lt-LT","potentialAction":[{"@type":"ReadAction","target":["https:\/\/www.transtoyou.com\/lt\/product\/elidel\/"]}]},{"@type":"ImageObject","inLanguage":"lt-LT","@id":"https:\/\/www.transtoyou.com\/lt\/product\/elidel\/#primaryimage","url":"https:\/\/www.transtoyou.com\/lt\/wp-content\/uploads\/sites\/9\/2026\/01\/tty-no-product-image-36.webp","contentUrl":"https:\/\/www.transtoyou.com\/lt\/wp-content\/uploads\/sites\/9\/2026\/01\/tty-no-product-image-36.webp","width":1000,"height":1000,"caption":"Numatytasis produkto vaizdas"},{"@type":"WebSite","@id":"https:\/\/www.transtoyou.com\/lt\/#website","url":"https:\/\/www.transtoyou.com\/lt\/","name":"Transtoyou - LT","description":"","publisher":{"@id":"https:\/\/www.transtoyou.com\/lt\/#organization"},"potentialAction":[{"@type":"SearchAction","target":{"@type":"EntryPoint","urlTemplate":"https:\/\/www.transtoyou.com\/lt\/?s={search_term_string}"},"query-input":{"@type":"PropertyValueSpecification","valueRequired":true,"valueName":"search_term_string"}}],"inLanguage":"lt-LT"},{"@type":"Organization","@id":"https:\/\/www.transtoyou.com\/lt\/#organization","name":"Transtoyou - LT","url":"https:\/\/www.transtoyou.com\/lt\/","logo":{"@type":"ImageObject","inLanguage":"lt-LT","@id":"https:\/\/www.transtoyou.com\/lt\/#\/schema\/logo\/image\/","url":"https:\/\/www.transtoyou.com\/lt\/wp-content\/uploads\/sites\/9\/2026\/01\/logo-tty-menu-bar-300x87-1.webp","contentUrl":"https:\/\/www.transtoyou.com\/lt\/wp-content\/uploads\/sites\/9\/2026\/01\/logo-tty-menu-bar-300x87-1.webp","width":300,"height":87,"caption":"Transtoyou - LT"},"image":{"@id":"https:\/\/www.transtoyou.com\/lt\/#\/schema\/logo\/image\/"}}]}},"_links":{"self":[{"href":"https:\/\/www.transtoyou.com\/lt\/wp-json\/wp\/v2\/product\/823","targetHints":{"allow":["GET"]}}],"collection":[{"href":"https:\/\/www.transtoyou.com\/lt\/wp-json\/wp\/v2\/product"}],"about":[{"href":"https:\/\/www.transtoyou.com\/lt\/wp-json\/wp\/v2\/types\/product"}],"replies":[{"embeddable":true,"href":"https:\/\/www.transtoyou.com\/lt\/wp-json\/wp\/v2\/comments?post=823"}],"wp:featuredmedia":[{"embeddable":true,"href":"https:\/\/www.transtoyou.com\/lt\/wp-json\/wp\/v2\/media\/825"}],"wp:attachment":[{"href":"https:\/\/www.transtoyou.com\/lt\/wp-json\/wp\/v2\/media?parent=823"}],"wp:term":[{"taxonomy":"product_brand","embeddable":true,"href":"https:\/\/www.transtoyou.com\/lt\/wp-json\/wp\/v2\/product_brand?post=823"},{"taxonomy":"product_cat","embeddable":true,"href":"https:\/\/www.transtoyou.com\/lt\/wp-json\/wp\/v2\/product_cat?post=823"},{"taxonomy":"product_tag","embeddable":true,"href":"https:\/\/www.transtoyou.com\/lt\/wp-json\/wp\/v2\/product_tag?post=823"},{"taxonomy":"expert","embeddable":true,"href":"https:\/\/www.transtoyou.com\/lt\/wp-json\/wp\/v2\/expert?post=823"}],"curies":[{"name":"wp","href":"https:\/\/api.w.org\/{rel}","templated":true}]}}