{"id":826,"date":"2026-01-23T19:11:09","date_gmt":"2026-01-23T17:11:09","guid":{"rendered":"https:\/\/www.transtoyou.com\/lt\/product\/dermovate\/"},"modified":"2026-01-23T19:12:14","modified_gmt":"2026-01-23T17:12:14","slug":"dermovatas","status":"publish","type":"product","link":"https:\/\/www.transtoyou.com\/lt\/product\/dermovatas\/","title":{"rendered":"Dermovate"},"content":{"rendered":"<p>Dermovate (klobetasolis) yra vietinis kortikosteroidas, naudojamas u\u017edegimui ma\u017einti ir simptomams palengvinti tam tikrose odos b\u016bkl\u0117se. Jis veikia, s\u0105veikaudamas su receptoriais odos l\u0105stel\u0117se, kad suma\u017eint\u0173 chemini\u0173 med\u017eiag\u0173, toki\u0173 kaip prostaglandinai ir leukotrienai, kurie atsakingi u\u017e u\u017edegim\u0105 ir nie\u017e\u0117jim\u0105, gamyb\u0105.<\/p>\n<p>\u0160i medicacija da\u017enai skiriama trumpalaikiam odos b\u016bkli\u0173, toki\u0173 kaip psoriaz\u0117, egzema ir kitos odos sutrikim\u0173, kurie nereaguoja \u012f \u0161velnesnius steroidus, gydymui. Ji taip pat naudojama galvos odos psoriaz\u0117s ir u\u017edegimini\u0173 odos b\u016bkli\u0173 pa\u016bm\u0117jimams valdyti ma\u017eose, lokalizuotose vietose.<\/p>\n<p>Ji padeda suma\u017einti paraudim\u0105, patinim\u0105, nie\u017e\u0117jim\u0105 ir dirginim\u0105. Ji susiaurina kraujagysles paveiktoje srityje (vazokonstrikcija) ir suma\u017eina u\u017edegimini\u0173 l\u0105steli\u0173 aktyvum\u0105, kas lemia greit\u0105 odos simptom\u0173 palengv\u0117jim\u0105. Ji taip pat turi antiproliferacin\u012f poveik\u012f, ma\u017eindama per didel\u012f odos sustor\u0117jim\u0105, pastebim\u0105 tokiomis b\u016bkl\u0117mis kaip psoriaz\u0117. Kai kuriais atvejais ji taip pat gali pad\u0117ti kontroliuoti imunin\u0117s reakcijas odoje, suma\u017eindama citokin\u0173 (u\u017edegimini\u0173 \u017einu\u010di\u0173) gamyb\u0105.<\/p>\n<p>Dermovate tepamas tiesiogiai ant odos arba galvos odos kremu, tepalu, putomis, \u0161amp\u016bnu ar losjonu. Jis skirtas tik trumpalaikiam naudojimui ir paprastai rekomenduojamas iki dviej\u0173 ar keturi\u0173 savai\u010di\u0173, priklausomai nuo formul\u0117s. D\u0117l savo stiprumo reikia tik ma\u017eo kiekio, ir jo netur\u0117t\u0173 b\u016bti tepama didel\u0117se odos vietose.<\/p>\n<p>Dermovate naudojimo privalumai apima greit\u0105 u\u017edegimo ir nie\u017e\u0117jimo palengv\u0117jim\u0105, suma\u017eint\u0105 odos sustor\u0117jim\u0105 ir pleiskanojim\u0105, taip pat pagerint\u0105 gyvenimo kokyb\u0119 l\u0117tini\u0173 odos b\u016bkli\u0173 atveju. Teisingai naudojant, jis gali pad\u0117ti valdyti pa\u016bm\u0117jimus ir per kelias dienas suteikti matom\u0105 pager\u0117jim\u0105. Ta\u010diau ilgalaikis ar netinkamas naudojimas gali sukelti \u0161alutin\u012f poveik\u012f, tod\u0117l jis turi b\u016bti naudojamas pagal medicinos specialist\u0173 nurodymus.<\/p>\n","protected":false},"excerpt":{"rendered":"<ul>\n<li>Greitas palengv\u0117jimas sunkiam odos u\u017edegimui<\/li>\n<li>Ma\u017eina paraudim\u0105, nie\u017e\u0117jim\u0105 ir patinim\u0105<\/li>\n<li>Tik trumpalaikiam naudojimui<\/li>\n<\/ul>\n","protected":false},"featured_media":828,"comment_status":"open","ping_status":"closed","template":"","meta":[],"product_brand":[],"product_cat":[109,159],"product_tag":[],"expert":[17],"class_list":{"0":"post-826","1":"product","2":"type-product","3":"status-publish","4":"has-post-thumbnail","6":"product_cat-egzema","7":"product_cat-psoriaze","8":"expert-dr-c-munoz-parada","10":"first","11":"instock","12":"shipping-taxable","13":"product-type-variable"},"yoast_head":"<!-- This site is optimized with the Yoast SEO plugin v27.0 - https:\/\/yoast.com\/product\/yoast-seo-wordpress\/ -->\n<title>Dermovate | Greitai nuramina odos dirginim\u0105 - Transtoyou<\/title>\n<meta name=\"description\" content=\"Dermovate, prieinamas Transtoyou, si\u016blo efektyvi\u0105 pagalb\u0105 odos ligoms. Pirkite dabar u\u017e ger\u0105 kain\u0105 ir kokybi\u0161k\u0105 prie\u017ei\u016br\u0105.\" \/>\n<meta name=\"robots\" content=\"noindex, follow, max-snippet:-1, max-image-preview:large, max-video-preview:-1\" \/>\n<meta property=\"og:locale\" content=\"lt_LT\" \/>\n<meta property=\"og:type\" content=\"article\" \/>\n<meta property=\"og:title\" content=\"Dermovate | Greitai nuramina odos dirginim\u0105 - Transtoyou\" \/>\n<meta property=\"og:description\" content=\"Dermovate, prieinamas Transtoyou, si\u016blo efektyvi\u0105 pagalb\u0105 odos ligoms. Pirkite dabar u\u017e ger\u0105 kain\u0105 ir kokybi\u0161k\u0105 prie\u017ei\u016br\u0105.\" \/>\n<meta property=\"og:url\" content=\"https:\/\/www.transtoyou.com\/lt\/product\/dermovate\/\" \/>\n<meta property=\"og:site_name\" content=\"Transtoyou - LT\" \/>\n<meta property=\"article:modified_time\" content=\"2026-01-23T17:12:14+00:00\" \/>\n<meta name=\"twitter:card\" content=\"summary_large_image\" \/>\n<meta name=\"twitter:label1\" content=\"Est. reading time\" \/>\n\t<meta name=\"twitter:data1\" content=\"1 minut\u0117\" \/>\n<script type=\"application\/ld+json\" class=\"yoast-schema-graph\">{\"@context\":\"https:\/\/schema.org\",\"@graph\":[{\"@type\":\"WebPage\",\"@id\":\"https:\/\/www.transtoyou.com\/lt\/product\/dermovate\/\",\"url\":\"https:\/\/www.transtoyou.com\/lt\/product\/dermovate\/\",\"name\":\"Dermovate | Greitai nuramina odos dirginim\u0105 - Transtoyou\",\"isPartOf\":{\"@id\":\"https:\/\/www.transtoyou.com\/lt\/#website\"},\"primaryImageOfPage\":{\"@id\":\"https:\/\/www.transtoyou.com\/lt\/product\/dermovate\/#primaryimage\"},\"image\":{\"@id\":\"https:\/\/www.transtoyou.com\/lt\/product\/dermovate\/#primaryimage\"},\"thumbnailUrl\":\"https:\/\/www.transtoyou.com\/lt\/wp-content\/uploads\/sites\/9\/2026\/01\/tty-no-product-image-37.webp\",\"datePublished\":\"2026-01-23T17:11:09+00:00\",\"dateModified\":\"2026-01-23T17:12:14+00:00\",\"description\":\"Dermovate, prieinamas Transtoyou, si\u016blo efektyvi\u0105 pagalb\u0105 odos ligoms. Pirkite dabar u\u017e ger\u0105 kain\u0105 ir kokybi\u0161k\u0105 prie\u017ei\u016br\u0105.\",\"breadcrumb\":{\"@id\":\"https:\/\/www.transtoyou.com\/lt\/product\/dermovate\/#breadcrumb\"},\"inLanguage\":\"lt-LT\",\"potentialAction\":[{\"@type\":\"ReadAction\",\"target\":[\"https:\/\/www.transtoyou.com\/lt\/product\/dermovate\/\"]}]},{\"@type\":\"ImageObject\",\"inLanguage\":\"lt-LT\",\"@id\":\"https:\/\/www.transtoyou.com\/lt\/product\/dermovate\/#primaryimage\",\"url\":\"https:\/\/www.transtoyou.com\/lt\/wp-content\/uploads\/sites\/9\/2026\/01\/tty-no-product-image-37.webp\",\"contentUrl\":\"https:\/\/www.transtoyou.com\/lt\/wp-content\/uploads\/sites\/9\/2026\/01\/tty-no-product-image-37.webp\",\"width\":1000,\"height\":1000,\"caption\":\"Numatytas produkto vaizdas\"},{\"@type\":\"WebSite\",\"@id\":\"https:\/\/www.transtoyou.com\/lt\/#website\",\"url\":\"https:\/\/www.transtoyou.com\/lt\/\",\"name\":\"Transtoyou - LT\",\"description\":\"\",\"publisher\":{\"@id\":\"https:\/\/www.transtoyou.com\/lt\/#organization\"},\"potentialAction\":[{\"@type\":\"SearchAction\",\"target\":{\"@type\":\"EntryPoint\",\"urlTemplate\":\"https:\/\/www.transtoyou.com\/lt\/?s={search_term_string}\"},\"query-input\":{\"@type\":\"PropertyValueSpecification\",\"valueRequired\":true,\"valueName\":\"search_term_string\"}}],\"inLanguage\":\"lt-LT\"},{\"@type\":\"Organization\",\"@id\":\"https:\/\/www.transtoyou.com\/lt\/#organization\",\"name\":\"Transtoyou - LT\",\"url\":\"https:\/\/www.transtoyou.com\/lt\/\",\"logo\":{\"@type\":\"ImageObject\",\"inLanguage\":\"lt-LT\",\"@id\":\"https:\/\/www.transtoyou.com\/lt\/#\/schema\/logo\/image\/\",\"url\":\"https:\/\/www.transtoyou.com\/lt\/wp-content\/uploads\/sites\/9\/2026\/01\/logo-tty-menu-bar-300x87-1.webp\",\"contentUrl\":\"https:\/\/www.transtoyou.com\/lt\/wp-content\/uploads\/sites\/9\/2026\/01\/logo-tty-menu-bar-300x87-1.webp\",\"width\":300,\"height\":87,\"caption\":\"Transtoyou - LT\"},\"image\":{\"@id\":\"https:\/\/www.transtoyou.com\/lt\/#\/schema\/logo\/image\/\"}}]}<\/script>\n<!-- \/ Yoast SEO plugin. -->","yoast_head_json":{"title":"Dermovate | Greitai nuramina odos dirginim\u0105 - Transtoyou","description":"Dermovate, prieinamas Transtoyou, si\u016blo efektyvi\u0105 pagalb\u0105 odos ligoms. Pirkite dabar u\u017e ger\u0105 kain\u0105 ir kokybi\u0161k\u0105 prie\u017ei\u016br\u0105.","robots":{"index":"noindex","follow":"follow","max-snippet":"max-snippet:-1","max-image-preview":"max-image-preview:large","max-video-preview":"max-video-preview:-1"},"og_locale":"lt_LT","og_type":"article","og_title":"Dermovate | Greitai nuramina odos dirginim\u0105 - Transtoyou","og_description":"Dermovate, prieinamas Transtoyou, si\u016blo efektyvi\u0105 pagalb\u0105 odos ligoms. Pirkite dabar u\u017e ger\u0105 kain\u0105 ir kokybi\u0161k\u0105 prie\u017ei\u016br\u0105.","og_url":"https:\/\/www.transtoyou.com\/lt\/product\/dermovate\/","og_site_name":"Transtoyou - LT","article_modified_time":"2026-01-23T17:12:14+00:00","twitter_card":"summary_large_image","twitter_misc":{"Est. reading time":"1 minut\u0117"},"schema":{"@context":"https:\/\/schema.org","@graph":[{"@type":"WebPage","@id":"https:\/\/www.transtoyou.com\/lt\/product\/dermovate\/","url":"https:\/\/www.transtoyou.com\/lt\/product\/dermovate\/","name":"Dermovate | Greitai nuramina odos dirginim\u0105 - Transtoyou","isPartOf":{"@id":"https:\/\/www.transtoyou.com\/lt\/#website"},"primaryImageOfPage":{"@id":"https:\/\/www.transtoyou.com\/lt\/product\/dermovate\/#primaryimage"},"image":{"@id":"https:\/\/www.transtoyou.com\/lt\/product\/dermovate\/#primaryimage"},"thumbnailUrl":"https:\/\/www.transtoyou.com\/lt\/wp-content\/uploads\/sites\/9\/2026\/01\/tty-no-product-image-37.webp","datePublished":"2026-01-23T17:11:09+00:00","dateModified":"2026-01-23T17:12:14+00:00","description":"Dermovate, prieinamas Transtoyou, si\u016blo efektyvi\u0105 pagalb\u0105 odos ligoms. Pirkite dabar u\u017e ger\u0105 kain\u0105 ir kokybi\u0161k\u0105 prie\u017ei\u016br\u0105.","breadcrumb":{"@id":"https:\/\/www.transtoyou.com\/lt\/product\/dermovate\/#breadcrumb"},"inLanguage":"lt-LT","potentialAction":[{"@type":"ReadAction","target":["https:\/\/www.transtoyou.com\/lt\/product\/dermovate\/"]}]},{"@type":"ImageObject","inLanguage":"lt-LT","@id":"https:\/\/www.transtoyou.com\/lt\/product\/dermovate\/#primaryimage","url":"https:\/\/www.transtoyou.com\/lt\/wp-content\/uploads\/sites\/9\/2026\/01\/tty-no-product-image-37.webp","contentUrl":"https:\/\/www.transtoyou.com\/lt\/wp-content\/uploads\/sites\/9\/2026\/01\/tty-no-product-image-37.webp","width":1000,"height":1000,"caption":"Numatytas produkto vaizdas"},{"@type":"WebSite","@id":"https:\/\/www.transtoyou.com\/lt\/#website","url":"https:\/\/www.transtoyou.com\/lt\/","name":"Transtoyou - LT","description":"","publisher":{"@id":"https:\/\/www.transtoyou.com\/lt\/#organization"},"potentialAction":[{"@type":"SearchAction","target":{"@type":"EntryPoint","urlTemplate":"https:\/\/www.transtoyou.com\/lt\/?s={search_term_string}"},"query-input":{"@type":"PropertyValueSpecification","valueRequired":true,"valueName":"search_term_string"}}],"inLanguage":"lt-LT"},{"@type":"Organization","@id":"https:\/\/www.transtoyou.com\/lt\/#organization","name":"Transtoyou - LT","url":"https:\/\/www.transtoyou.com\/lt\/","logo":{"@type":"ImageObject","inLanguage":"lt-LT","@id":"https:\/\/www.transtoyou.com\/lt\/#\/schema\/logo\/image\/","url":"https:\/\/www.transtoyou.com\/lt\/wp-content\/uploads\/sites\/9\/2026\/01\/logo-tty-menu-bar-300x87-1.webp","contentUrl":"https:\/\/www.transtoyou.com\/lt\/wp-content\/uploads\/sites\/9\/2026\/01\/logo-tty-menu-bar-300x87-1.webp","width":300,"height":87,"caption":"Transtoyou - LT"},"image":{"@id":"https:\/\/www.transtoyou.com\/lt\/#\/schema\/logo\/image\/"}}]}},"_links":{"self":[{"href":"https:\/\/www.transtoyou.com\/lt\/wp-json\/wp\/v2\/product\/826","targetHints":{"allow":["GET"]}}],"collection":[{"href":"https:\/\/www.transtoyou.com\/lt\/wp-json\/wp\/v2\/product"}],"about":[{"href":"https:\/\/www.transtoyou.com\/lt\/wp-json\/wp\/v2\/types\/product"}],"replies":[{"embeddable":true,"href":"https:\/\/www.transtoyou.com\/lt\/wp-json\/wp\/v2\/comments?post=826"}],"wp:featuredmedia":[{"embeddable":true,"href":"https:\/\/www.transtoyou.com\/lt\/wp-json\/wp\/v2\/media\/828"}],"wp:attachment":[{"href":"https:\/\/www.transtoyou.com\/lt\/wp-json\/wp\/v2\/media?parent=826"}],"wp:term":[{"taxonomy":"product_brand","embeddable":true,"href":"https:\/\/www.transtoyou.com\/lt\/wp-json\/wp\/v2\/product_brand?post=826"},{"taxonomy":"product_cat","embeddable":true,"href":"https:\/\/www.transtoyou.com\/lt\/wp-json\/wp\/v2\/product_cat?post=826"},{"taxonomy":"product_tag","embeddable":true,"href":"https:\/\/www.transtoyou.com\/lt\/wp-json\/wp\/v2\/product_tag?post=826"},{"taxonomy":"expert","embeddable":true,"href":"https:\/\/www.transtoyou.com\/lt\/wp-json\/wp\/v2\/expert?post=826"}],"curies":[{"name":"wp","href":"https:\/\/api.w.org\/{rel}","templated":true}]}}