{"id":838,"date":"2026-01-23T20:11:34","date_gmt":"2026-01-23T18:11:34","guid":{"rendered":"https:\/\/www.transtoyou.com\/lt\/product\/yasmin\/"},"modified":"2026-03-08T13:04:14","modified_gmt":"2026-03-08T11:04:14","slug":"yasmin","status":"publish","type":"product","link":"https:\/\/www.transtoyou.com\/lt\/product\/yasmin\/","title":{"rendered":"Yasmin"},"content":{"rendered":"<p>Yasmin yra kombinuota geriamoji kontraceptin\u0117 piliul\u0117, kurioje yra dvi aktyvios sudedamosios dalys: etinilestradiolis (estrogenas) ir drospirenonas (progestinas). Ji naudojama n\u0117\u0161tumui u\u017ekirsti ir vartojama kasdien 21 dien\u0105, po to seka 7 dien\u0173 pertrauka. Yasmin veikia pirmiausia u\u017ekirsdama ovuliacij\u0105 (kiau\u0161inio i\u0161siskyrim\u0105 i\u0161 kiau\u0161id\u017ei\u0173). Ji taip pat sustiprina gimdos kaklelio gleives, tod\u0117l spermatozoidams sunkiau pasiekti kiau\u0161in\u012f, ir kei\u010dia gimdos gleivin\u0119, kad b\u016bt\u0173 u\u017ekirstas kelias implantacijai.<\/p>\n<p>Yasmin skirta kontracepcijai suaugusioms moterims. Nors jos pagrindin\u0117 paskirtis yra u\u017ekirsti keli\u0105 n\u0117\u0161tumui, daugelis \u017emoni\u0173 taip pat patiria papildom\u0173 privalum\u0173, toki\u0173 kaip reguliariau vykstantys menstruaciniai ciklai, lengvesn\u0117s m\u0117nesin\u0117s ir ma\u017eesnis menstruacinis skausmas. Kai kurie taip pat pastebi pager\u0117jim\u0105 nuo spuog\u0173 ir riebios odos d\u0117l drospirenono antiandrogeninio poveikio.<\/p>\n<p>K\u016bne Yasmin hormonai imituoja nat\u016bralius moter\u0173 lytinius hormonus, pad\u0117dami reguliuoti menstruacin\u012f cikl\u0105 ir suma\u017einti hormoninius svyravimus. Skirtingai nuo kit\u0173 progestin\u0173, drospirenonas turi antiandrogenini\u0173 savybi\u0173, tai rei\u0161kia, kad jis gali neutralizuoti vyr\u0173 hormon\u0173, toki\u0173 kaip testosteronas, poveik\u012f. Tai gali pad\u0117ti suma\u017einti spuogus, skys\u010di\u0173 susilaikym\u0105 ir pilvo p\u016btim\u0105. Transly\u010diams vyrams, vartojantiems testosteron\u0105 ir vis dar reikalaujantiems kontracepcijos, \u0161is antiandrogeninis poveikis gali \u0161iek tiek suma\u017einti kai kurias vyri\u0161kas poky\u010dius.<\/p>\n<p>Yasmin vartojama kart\u0105 per dien\u0105, geriausia tuo pa\u010diu metu kiekvien\u0105 dien\u0105. Jos kontraceptinis poveikis yra patikimas, kai vartojama teisingai ir nuosekliai. Vienas i\u0161 Yasmin privalum\u0173 yra tas, kad ji sujungia auk\u0161t\u0105 kontraceptin\u012f efektyvum\u0105 su palankiu \u0161alutini\u0173 poveiki\u0173 profiliu daugumai vartotoj\u0173. Ji taip pat siejama su ma\u017eesne skys\u010di\u0173 susilaikymo ir svorio padid\u0117jimo rizika, palyginti su kitomis piliul\u0117mis.<\/p>\n","protected":false},"excerpt":{"rendered":"<ul>\n<li>Efektyvi kasdien\u0117 hormonin\u0117 kontracepcija<\/li>\n<li>Padeda suma\u017einti spuogus ir pilvo p\u016btim\u0105<\/li>\n<li>Nuosekliai reguliuoja menstruacinius ciklus<\/li>\n<\/ul>\n","protected":false},"featured_media":840,"comment_status":"open","ping_status":"closed","template":"","meta":[],"product_brand":[],"product_cat":[94],"product_tag":[],"expert":[17],"class_list":{"0":"post-838","1":"product","2":"type-product","3":"status-publish","4":"has-post-thumbnail","6":"product_cat-kombinuoti-vaistai","7":"expert-dr-c-munoz-parada","9":"first","10":"instock","11":"shipping-taxable","12":"product-type-variable"},"yoast_head":"<!-- This site is optimized with the Yoast SEO plugin v27.0 - https:\/\/yoast.com\/product\/yoast-seo-wordpress\/ -->\n<title>Yasmin | Patikimas kontraceptinis sprendimas - Transtoyou<\/title>\n<meta name=\"description\" content=\"Atrask Yasmin Transtoyou. Pasinaudok patikima kontraceptine parama. Pirk dabar patogiai ir gauk kokybi\u0161kas sveikatos paslaugas.\" \/>\n<meta name=\"robots\" content=\"noindex, follow, max-snippet:-1, max-image-preview:large, max-video-preview:-1\" \/>\n<meta property=\"og:locale\" content=\"lt_LT\" \/>\n<meta property=\"og:type\" content=\"article\" \/>\n<meta property=\"og:title\" content=\"Yasmin | Patikimas kontraceptinis sprendimas - Transtoyou\" \/>\n<meta property=\"og:description\" content=\"Atrask Yasmin Transtoyou. Pasinaudok patikima kontraceptine parama. Pirk dabar patogiai ir gauk kokybi\u0161kas sveikatos paslaugas.\" \/>\n<meta property=\"og:url\" content=\"https:\/\/www.transtoyou.com\/lt\/product\/yasmin\/\" \/>\n<meta property=\"og:site_name\" content=\"Transtoyou - LT\" \/>\n<meta property=\"article:modified_time\" content=\"2026-03-08T11:04:14+00:00\" \/>\n<meta name=\"twitter:card\" content=\"summary_large_image\" \/>\n<meta name=\"twitter:label1\" content=\"Est. reading time\" \/>\n\t<meta name=\"twitter:data1\" content=\"1 minut\u0117\" \/>\n<script type=\"application\/ld+json\" class=\"yoast-schema-graph\">{\"@context\":\"https:\/\/schema.org\",\"@graph\":[{\"@type\":\"WebPage\",\"@id\":\"https:\/\/www.transtoyou.com\/lt\/product\/yasmin\/\",\"url\":\"https:\/\/www.transtoyou.com\/lt\/product\/yasmin\/\",\"name\":\"Yasmin | Patikimas kontraceptinis sprendimas - Transtoyou\",\"isPartOf\":{\"@id\":\"https:\/\/www.transtoyou.com\/lt\/#website\"},\"primaryImageOfPage\":{\"@id\":\"https:\/\/www.transtoyou.com\/lt\/product\/yasmin\/#primaryimage\"},\"image\":{\"@id\":\"https:\/\/www.transtoyou.com\/lt\/product\/yasmin\/#primaryimage\"},\"thumbnailUrl\":\"https:\/\/www.transtoyou.com\/lt\/wp-content\/uploads\/sites\/9\/2026\/01\/tty-no-product-image-41.webp\",\"datePublished\":\"2026-01-23T18:11:34+00:00\",\"dateModified\":\"2026-03-08T11:04:14+00:00\",\"description\":\"Atrask Yasmin Transtoyou. Pasinaudok patikima kontraceptine parama. Pirk dabar patogiai ir gauk kokybi\u0161kas sveikatos paslaugas.\",\"breadcrumb\":{\"@id\":\"https:\/\/www.transtoyou.com\/lt\/product\/yasmin\/#breadcrumb\"},\"inLanguage\":\"lt-LT\",\"potentialAction\":[{\"@type\":\"ReadAction\",\"target\":[\"https:\/\/www.transtoyou.com\/lt\/product\/yasmin\/\"]}]},{\"@type\":\"ImageObject\",\"inLanguage\":\"lt-LT\",\"@id\":\"https:\/\/www.transtoyou.com\/lt\/product\/yasmin\/#primaryimage\",\"url\":\"https:\/\/www.transtoyou.com\/lt\/wp-content\/uploads\/sites\/9\/2026\/01\/tty-no-product-image-41.webp\",\"contentUrl\":\"https:\/\/www.transtoyou.com\/lt\/wp-content\/uploads\/sites\/9\/2026\/01\/tty-no-product-image-41.webp\",\"width\":1000,\"height\":1000,\"caption\":\"Numatytas produkto vaizdas\"},{\"@type\":\"WebSite\",\"@id\":\"https:\/\/www.transtoyou.com\/lt\/#website\",\"url\":\"https:\/\/www.transtoyou.com\/lt\/\",\"name\":\"Transtoyou - LT\",\"description\":\"\",\"publisher\":{\"@id\":\"https:\/\/www.transtoyou.com\/lt\/#organization\"},\"potentialAction\":[{\"@type\":\"SearchAction\",\"target\":{\"@type\":\"EntryPoint\",\"urlTemplate\":\"https:\/\/www.transtoyou.com\/lt\/?s={search_term_string}\"},\"query-input\":{\"@type\":\"PropertyValueSpecification\",\"valueRequired\":true,\"valueName\":\"search_term_string\"}}],\"inLanguage\":\"lt-LT\"},{\"@type\":\"Organization\",\"@id\":\"https:\/\/www.transtoyou.com\/lt\/#organization\",\"name\":\"Transtoyou - LT\",\"url\":\"https:\/\/www.transtoyou.com\/lt\/\",\"logo\":{\"@type\":\"ImageObject\",\"inLanguage\":\"lt-LT\",\"@id\":\"https:\/\/www.transtoyou.com\/lt\/#\/schema\/logo\/image\/\",\"url\":\"https:\/\/www.transtoyou.com\/lt\/wp-content\/uploads\/sites\/9\/2026\/01\/logo-tty-menu-bar-300x87-1.webp\",\"contentUrl\":\"https:\/\/www.transtoyou.com\/lt\/wp-content\/uploads\/sites\/9\/2026\/01\/logo-tty-menu-bar-300x87-1.webp\",\"width\":300,\"height\":87,\"caption\":\"Transtoyou - LT\"},\"image\":{\"@id\":\"https:\/\/www.transtoyou.com\/lt\/#\/schema\/logo\/image\/\"}}]}<\/script>\n<!-- \/ Yoast SEO plugin. -->","yoast_head_json":{"title":"Yasmin | Patikimas kontraceptinis sprendimas - Transtoyou","description":"Atrask Yasmin Transtoyou. Pasinaudok patikima kontraceptine parama. Pirk dabar patogiai ir gauk kokybi\u0161kas sveikatos paslaugas.","robots":{"index":"noindex","follow":"follow","max-snippet":"max-snippet:-1","max-image-preview":"max-image-preview:large","max-video-preview":"max-video-preview:-1"},"og_locale":"lt_LT","og_type":"article","og_title":"Yasmin | Patikimas kontraceptinis sprendimas - Transtoyou","og_description":"Atrask Yasmin Transtoyou. Pasinaudok patikima kontraceptine parama. Pirk dabar patogiai ir gauk kokybi\u0161kas sveikatos paslaugas.","og_url":"https:\/\/www.transtoyou.com\/lt\/product\/yasmin\/","og_site_name":"Transtoyou - LT","article_modified_time":"2026-03-08T11:04:14+00:00","twitter_card":"summary_large_image","twitter_misc":{"Est. reading time":"1 minut\u0117"},"schema":{"@context":"https:\/\/schema.org","@graph":[{"@type":"WebPage","@id":"https:\/\/www.transtoyou.com\/lt\/product\/yasmin\/","url":"https:\/\/www.transtoyou.com\/lt\/product\/yasmin\/","name":"Yasmin | Patikimas kontraceptinis sprendimas - Transtoyou","isPartOf":{"@id":"https:\/\/www.transtoyou.com\/lt\/#website"},"primaryImageOfPage":{"@id":"https:\/\/www.transtoyou.com\/lt\/product\/yasmin\/#primaryimage"},"image":{"@id":"https:\/\/www.transtoyou.com\/lt\/product\/yasmin\/#primaryimage"},"thumbnailUrl":"https:\/\/www.transtoyou.com\/lt\/wp-content\/uploads\/sites\/9\/2026\/01\/tty-no-product-image-41.webp","datePublished":"2026-01-23T18:11:34+00:00","dateModified":"2026-03-08T11:04:14+00:00","description":"Atrask Yasmin Transtoyou. Pasinaudok patikima kontraceptine parama. Pirk dabar patogiai ir gauk kokybi\u0161kas sveikatos paslaugas.","breadcrumb":{"@id":"https:\/\/www.transtoyou.com\/lt\/product\/yasmin\/#breadcrumb"},"inLanguage":"lt-LT","potentialAction":[{"@type":"ReadAction","target":["https:\/\/www.transtoyou.com\/lt\/product\/yasmin\/"]}]},{"@type":"ImageObject","inLanguage":"lt-LT","@id":"https:\/\/www.transtoyou.com\/lt\/product\/yasmin\/#primaryimage","url":"https:\/\/www.transtoyou.com\/lt\/wp-content\/uploads\/sites\/9\/2026\/01\/tty-no-product-image-41.webp","contentUrl":"https:\/\/www.transtoyou.com\/lt\/wp-content\/uploads\/sites\/9\/2026\/01\/tty-no-product-image-41.webp","width":1000,"height":1000,"caption":"Numatytas produkto vaizdas"},{"@type":"WebSite","@id":"https:\/\/www.transtoyou.com\/lt\/#website","url":"https:\/\/www.transtoyou.com\/lt\/","name":"Transtoyou - LT","description":"","publisher":{"@id":"https:\/\/www.transtoyou.com\/lt\/#organization"},"potentialAction":[{"@type":"SearchAction","target":{"@type":"EntryPoint","urlTemplate":"https:\/\/www.transtoyou.com\/lt\/?s={search_term_string}"},"query-input":{"@type":"PropertyValueSpecification","valueRequired":true,"valueName":"search_term_string"}}],"inLanguage":"lt-LT"},{"@type":"Organization","@id":"https:\/\/www.transtoyou.com\/lt\/#organization","name":"Transtoyou - LT","url":"https:\/\/www.transtoyou.com\/lt\/","logo":{"@type":"ImageObject","inLanguage":"lt-LT","@id":"https:\/\/www.transtoyou.com\/lt\/#\/schema\/logo\/image\/","url":"https:\/\/www.transtoyou.com\/lt\/wp-content\/uploads\/sites\/9\/2026\/01\/logo-tty-menu-bar-300x87-1.webp","contentUrl":"https:\/\/www.transtoyou.com\/lt\/wp-content\/uploads\/sites\/9\/2026\/01\/logo-tty-menu-bar-300x87-1.webp","width":300,"height":87,"caption":"Transtoyou - LT"},"image":{"@id":"https:\/\/www.transtoyou.com\/lt\/#\/schema\/logo\/image\/"}}]}},"_links":{"self":[{"href":"https:\/\/www.transtoyou.com\/lt\/wp-json\/wp\/v2\/product\/838","targetHints":{"allow":["GET"]}}],"collection":[{"href":"https:\/\/www.transtoyou.com\/lt\/wp-json\/wp\/v2\/product"}],"about":[{"href":"https:\/\/www.transtoyou.com\/lt\/wp-json\/wp\/v2\/types\/product"}],"replies":[{"embeddable":true,"href":"https:\/\/www.transtoyou.com\/lt\/wp-json\/wp\/v2\/comments?post=838"}],"wp:featuredmedia":[{"embeddable":true,"href":"https:\/\/www.transtoyou.com\/lt\/wp-json\/wp\/v2\/media\/840"}],"wp:attachment":[{"href":"https:\/\/www.transtoyou.com\/lt\/wp-json\/wp\/v2\/media?parent=838"}],"wp:term":[{"taxonomy":"product_brand","embeddable":true,"href":"https:\/\/www.transtoyou.com\/lt\/wp-json\/wp\/v2\/product_brand?post=838"},{"taxonomy":"product_cat","embeddable":true,"href":"https:\/\/www.transtoyou.com\/lt\/wp-json\/wp\/v2\/product_cat?post=838"},{"taxonomy":"product_tag","embeddable":true,"href":"https:\/\/www.transtoyou.com\/lt\/wp-json\/wp\/v2\/product_tag?post=838"},{"taxonomy":"expert","embeddable":true,"href":"https:\/\/www.transtoyou.com\/lt\/wp-json\/wp\/v2\/expert?post=838"}],"curies":[{"name":"wp","href":"https:\/\/api.w.org\/{rel}","templated":true}]}}