{"id":844,"date":"2026-01-23T20:42:46","date_gmt":"2026-01-23T18:42:46","guid":{"rendered":"https:\/\/www.transtoyou.com\/lt\/product\/famenita\/"},"modified":"2026-01-23T20:43:53","modified_gmt":"2026-01-23T18:43:53","slug":"famenita","status":"publish","type":"product","link":"https:\/\/www.transtoyou.com\/lt\/product\/famenita\/","title":{"rendered":"Famenita"},"content":{"rendered":"<p>Famenita yra mink\u0161ta kapsul\u0117, kurioje yra mikronizuoto progesterono, nat\u016bralios hormono formos, kuri\u0105 gamina organizmas. Ji naudojama hormon\u0173 pusiausvyrai palaikyti \u012fvairiose situacijose, \u012fskaitant hormon\u0173 pakaitin\u0119 terapij\u0105 (HPT), menstruacinio diskomforto valdym\u0105, vaisingumo gydym\u0105, menopauz\u0117s simptom\u0173 palengvinim\u0105 ir endometrioz\u0117s gydym\u0105.<\/p>\n<p>HPT metu Famenita naudojama kartu su estrogenais, kad apsaugot\u0173 gimdos gleivin\u0119 \u017emon\u0117ms, kurie n\u0117ra patyr\u0119 histerektomijos. Estrogenai vieni gali sukelti endometriumo sustor\u0117jim\u0105, kas gali padidinti sveikatos rizik\u0105. Famenita padeda tai neutralizuoti stabilizuodama gimdos gleivin\u0119.<\/p>\n<p>Vaisingumo gydymo metu Famenita palaiko lutealin\u0119 menstruacinio ciklo faz\u0119 ir padeda paruo\u0161ti gimd\u0105 n\u0117\u0161tumui. Ji taip pat gali b\u016bti skiriama skausmui ma\u017einti ir ciklams reguliuoti \u017emon\u0117ms, ken\u010diantiems nuo endometrioz\u0117s ar nereguliari\u0173 m\u0117nesini\u0173. Tiems, kurie patiria menopauz\u0119 ar prie\u0161menstruacinius simptomus, Famenita gali palengvinti nuotaik\u0173 svyravimus, pilvo p\u016btim\u0105 ir kitus hormoninius diskomfortus.<\/p>\n<p>Famenita yra bioidenti\u0161kas, augalin\u0117s kilm\u0117s progesteronas, kuris gali b\u016bti vartojamas per burn\u0105 arba naudojamas mak\u0161ties b\u016bdu, priklausomai nuo numatomo tikslo.<\/p>\n","protected":false},"excerpt":{"rendered":"<ul>\n<li>Nat\u016bralus progesterono kapsul\u0117<\/li>\n<li>Palaiko HRT, vaisingum\u0105 ir ciklo reguliavim\u0105<\/li>\n<li>Gali b\u016bti vartojama per burn\u0105 arba mak\u0161t\u012f<\/li>\n<\/ul>\n","protected":false},"featured_media":846,"comment_status":"open","ping_status":"closed","template":"","meta":[],"product_brand":[],"product_cat":[112,139,147,145,120],"product_tag":[],"expert":[21],"class_list":{"0":"post-844","1":"product","2":"type-product","3":"status-publish","4":"has-post-thumbnail","6":"product_cat-endometrioze","7":"product_cat-hormonu-terapija-hrt","8":"product_cat-menesiniu-diskomfortas","9":"product_cat-menopauzes-ir-pms-palengvinimas","10":"product_cat-vaisingumas-ir-ovuliacija","11":"expert-dr-m-sharoyko","13":"first","14":"instock","15":"shipping-taxable","16":"product-type-variable"},"yoast_head":"<!-- This site is optimized with the Yoast SEO plugin v27.0 - https:\/\/yoast.com\/product\/yoast-seo-wordpress\/ -->\n<title>Famenita | Nat\u016bralus hormon\u0173 palaikymas - Transtoyou<\/title>\n<meta name=\"description\" content=\"Famenita, prieinama \u010dia, palaiko hormon\u0173 pusiausvyr\u0105 HRT, menstruacij\u0173 palengv\u0117jimui ir endometriozei. Pirkite dabar nat\u016bral\u0173 progesterono sprendim\u0105.\" \/>\n<meta name=\"robots\" content=\"noindex, follow, max-snippet:-1, max-image-preview:large, max-video-preview:-1\" \/>\n<meta property=\"og:locale\" content=\"lt_LT\" \/>\n<meta property=\"og:type\" content=\"article\" \/>\n<meta property=\"og:title\" content=\"Famenita | Nat\u016bralus hormon\u0173 palaikymas - Transtoyou\" \/>\n<meta property=\"og:description\" content=\"Famenita, prieinama \u010dia, palaiko hormon\u0173 pusiausvyr\u0105 HRT, menstruacij\u0173 palengv\u0117jimui ir endometriozei. Pirkite dabar nat\u016bral\u0173 progesterono sprendim\u0105.\" \/>\n<meta property=\"og:url\" content=\"https:\/\/www.transtoyou.com\/lt\/product\/famenita\/\" \/>\n<meta property=\"og:site_name\" content=\"Transtoyou - LT\" \/>\n<meta property=\"article:modified_time\" content=\"2026-01-23T18:43:53+00:00\" \/>\n<meta name=\"twitter:card\" content=\"summary_large_image\" \/>\n<meta name=\"twitter:label1\" content=\"Est. reading time\" \/>\n\t<meta name=\"twitter:data1\" content=\"1 minut\u0117\" \/>\n<script type=\"application\/ld+json\" class=\"yoast-schema-graph\">{\"@context\":\"https:\/\/schema.org\",\"@graph\":[{\"@type\":\"WebPage\",\"@id\":\"https:\/\/www.transtoyou.com\/lt\/product\/famenita\/\",\"url\":\"https:\/\/www.transtoyou.com\/lt\/product\/famenita\/\",\"name\":\"Famenita | Nat\u016bralus hormon\u0173 palaikymas - Transtoyou\",\"isPartOf\":{\"@id\":\"https:\/\/www.transtoyou.com\/lt\/#website\"},\"primaryImageOfPage\":{\"@id\":\"https:\/\/www.transtoyou.com\/lt\/product\/famenita\/#primaryimage\"},\"image\":{\"@id\":\"https:\/\/www.transtoyou.com\/lt\/product\/famenita\/#primaryimage\"},\"thumbnailUrl\":\"https:\/\/www.transtoyou.com\/lt\/wp-content\/uploads\/sites\/9\/2026\/01\/tty-no-product-image-43.webp\",\"datePublished\":\"2026-01-23T18:42:46+00:00\",\"dateModified\":\"2026-01-23T18:43:53+00:00\",\"description\":\"Famenita, prieinama \u010dia, palaiko hormon\u0173 pusiausvyr\u0105 HRT, menstruacij\u0173 palengv\u0117jimui ir endometriozei. Pirkite dabar nat\u016bral\u0173 progesterono sprendim\u0105.\",\"breadcrumb\":{\"@id\":\"https:\/\/www.transtoyou.com\/lt\/product\/famenita\/#breadcrumb\"},\"inLanguage\":\"lt-LT\",\"potentialAction\":[{\"@type\":\"ReadAction\",\"target\":[\"https:\/\/www.transtoyou.com\/lt\/product\/famenita\/\"]}]},{\"@type\":\"ImageObject\",\"inLanguage\":\"lt-LT\",\"@id\":\"https:\/\/www.transtoyou.com\/lt\/product\/famenita\/#primaryimage\",\"url\":\"https:\/\/www.transtoyou.com\/lt\/wp-content\/uploads\/sites\/9\/2026\/01\/tty-no-product-image-43.webp\",\"contentUrl\":\"https:\/\/www.transtoyou.com\/lt\/wp-content\/uploads\/sites\/9\/2026\/01\/tty-no-product-image-43.webp\",\"width\":1000,\"height\":1000,\"caption\":\"Numatytas produkto vaizdas\"},{\"@type\":\"WebSite\",\"@id\":\"https:\/\/www.transtoyou.com\/lt\/#website\",\"url\":\"https:\/\/www.transtoyou.com\/lt\/\",\"name\":\"Transtoyou - LT\",\"description\":\"\",\"publisher\":{\"@id\":\"https:\/\/www.transtoyou.com\/lt\/#organization\"},\"potentialAction\":[{\"@type\":\"SearchAction\",\"target\":{\"@type\":\"EntryPoint\",\"urlTemplate\":\"https:\/\/www.transtoyou.com\/lt\/?s={search_term_string}\"},\"query-input\":{\"@type\":\"PropertyValueSpecification\",\"valueRequired\":true,\"valueName\":\"search_term_string\"}}],\"inLanguage\":\"lt-LT\"},{\"@type\":\"Organization\",\"@id\":\"https:\/\/www.transtoyou.com\/lt\/#organization\",\"name\":\"Transtoyou - LT\",\"url\":\"https:\/\/www.transtoyou.com\/lt\/\",\"logo\":{\"@type\":\"ImageObject\",\"inLanguage\":\"lt-LT\",\"@id\":\"https:\/\/www.transtoyou.com\/lt\/#\/schema\/logo\/image\/\",\"url\":\"https:\/\/www.transtoyou.com\/lt\/wp-content\/uploads\/sites\/9\/2026\/01\/logo-tty-menu-bar-300x87-1.webp\",\"contentUrl\":\"https:\/\/www.transtoyou.com\/lt\/wp-content\/uploads\/sites\/9\/2026\/01\/logo-tty-menu-bar-300x87-1.webp\",\"width\":300,\"height\":87,\"caption\":\"Transtoyou - LT\"},\"image\":{\"@id\":\"https:\/\/www.transtoyou.com\/lt\/#\/schema\/logo\/image\/\"}}]}<\/script>\n<!-- \/ Yoast SEO plugin. -->","yoast_head_json":{"title":"Famenita | Nat\u016bralus hormon\u0173 palaikymas - Transtoyou","description":"Famenita, prieinama \u010dia, palaiko hormon\u0173 pusiausvyr\u0105 HRT, menstruacij\u0173 palengv\u0117jimui ir endometriozei. Pirkite dabar nat\u016bral\u0173 progesterono sprendim\u0105.","robots":{"index":"noindex","follow":"follow","max-snippet":"max-snippet:-1","max-image-preview":"max-image-preview:large","max-video-preview":"max-video-preview:-1"},"og_locale":"lt_LT","og_type":"article","og_title":"Famenita | Nat\u016bralus hormon\u0173 palaikymas - Transtoyou","og_description":"Famenita, prieinama \u010dia, palaiko hormon\u0173 pusiausvyr\u0105 HRT, menstruacij\u0173 palengv\u0117jimui ir endometriozei. Pirkite dabar nat\u016bral\u0173 progesterono sprendim\u0105.","og_url":"https:\/\/www.transtoyou.com\/lt\/product\/famenita\/","og_site_name":"Transtoyou - LT","article_modified_time":"2026-01-23T18:43:53+00:00","twitter_card":"summary_large_image","twitter_misc":{"Est. reading time":"1 minut\u0117"},"schema":{"@context":"https:\/\/schema.org","@graph":[{"@type":"WebPage","@id":"https:\/\/www.transtoyou.com\/lt\/product\/famenita\/","url":"https:\/\/www.transtoyou.com\/lt\/product\/famenita\/","name":"Famenita | Nat\u016bralus hormon\u0173 palaikymas - Transtoyou","isPartOf":{"@id":"https:\/\/www.transtoyou.com\/lt\/#website"},"primaryImageOfPage":{"@id":"https:\/\/www.transtoyou.com\/lt\/product\/famenita\/#primaryimage"},"image":{"@id":"https:\/\/www.transtoyou.com\/lt\/product\/famenita\/#primaryimage"},"thumbnailUrl":"https:\/\/www.transtoyou.com\/lt\/wp-content\/uploads\/sites\/9\/2026\/01\/tty-no-product-image-43.webp","datePublished":"2026-01-23T18:42:46+00:00","dateModified":"2026-01-23T18:43:53+00:00","description":"Famenita, prieinama \u010dia, palaiko hormon\u0173 pusiausvyr\u0105 HRT, menstruacij\u0173 palengv\u0117jimui ir endometriozei. Pirkite dabar nat\u016bral\u0173 progesterono sprendim\u0105.","breadcrumb":{"@id":"https:\/\/www.transtoyou.com\/lt\/product\/famenita\/#breadcrumb"},"inLanguage":"lt-LT","potentialAction":[{"@type":"ReadAction","target":["https:\/\/www.transtoyou.com\/lt\/product\/famenita\/"]}]},{"@type":"ImageObject","inLanguage":"lt-LT","@id":"https:\/\/www.transtoyou.com\/lt\/product\/famenita\/#primaryimage","url":"https:\/\/www.transtoyou.com\/lt\/wp-content\/uploads\/sites\/9\/2026\/01\/tty-no-product-image-43.webp","contentUrl":"https:\/\/www.transtoyou.com\/lt\/wp-content\/uploads\/sites\/9\/2026\/01\/tty-no-product-image-43.webp","width":1000,"height":1000,"caption":"Numatytas produkto vaizdas"},{"@type":"WebSite","@id":"https:\/\/www.transtoyou.com\/lt\/#website","url":"https:\/\/www.transtoyou.com\/lt\/","name":"Transtoyou - LT","description":"","publisher":{"@id":"https:\/\/www.transtoyou.com\/lt\/#organization"},"potentialAction":[{"@type":"SearchAction","target":{"@type":"EntryPoint","urlTemplate":"https:\/\/www.transtoyou.com\/lt\/?s={search_term_string}"},"query-input":{"@type":"PropertyValueSpecification","valueRequired":true,"valueName":"search_term_string"}}],"inLanguage":"lt-LT"},{"@type":"Organization","@id":"https:\/\/www.transtoyou.com\/lt\/#organization","name":"Transtoyou - LT","url":"https:\/\/www.transtoyou.com\/lt\/","logo":{"@type":"ImageObject","inLanguage":"lt-LT","@id":"https:\/\/www.transtoyou.com\/lt\/#\/schema\/logo\/image\/","url":"https:\/\/www.transtoyou.com\/lt\/wp-content\/uploads\/sites\/9\/2026\/01\/logo-tty-menu-bar-300x87-1.webp","contentUrl":"https:\/\/www.transtoyou.com\/lt\/wp-content\/uploads\/sites\/9\/2026\/01\/logo-tty-menu-bar-300x87-1.webp","width":300,"height":87,"caption":"Transtoyou - LT"},"image":{"@id":"https:\/\/www.transtoyou.com\/lt\/#\/schema\/logo\/image\/"}}]}},"_links":{"self":[{"href":"https:\/\/www.transtoyou.com\/lt\/wp-json\/wp\/v2\/product\/844","targetHints":{"allow":["GET"]}}],"collection":[{"href":"https:\/\/www.transtoyou.com\/lt\/wp-json\/wp\/v2\/product"}],"about":[{"href":"https:\/\/www.transtoyou.com\/lt\/wp-json\/wp\/v2\/types\/product"}],"replies":[{"embeddable":true,"href":"https:\/\/www.transtoyou.com\/lt\/wp-json\/wp\/v2\/comments?post=844"}],"wp:featuredmedia":[{"embeddable":true,"href":"https:\/\/www.transtoyou.com\/lt\/wp-json\/wp\/v2\/media\/846"}],"wp:attachment":[{"href":"https:\/\/www.transtoyou.com\/lt\/wp-json\/wp\/v2\/media?parent=844"}],"wp:term":[{"taxonomy":"product_brand","embeddable":true,"href":"https:\/\/www.transtoyou.com\/lt\/wp-json\/wp\/v2\/product_brand?post=844"},{"taxonomy":"product_cat","embeddable":true,"href":"https:\/\/www.transtoyou.com\/lt\/wp-json\/wp\/v2\/product_cat?post=844"},{"taxonomy":"product_tag","embeddable":true,"href":"https:\/\/www.transtoyou.com\/lt\/wp-json\/wp\/v2\/product_tag?post=844"},{"taxonomy":"expert","embeddable":true,"href":"https:\/\/www.transtoyou.com\/lt\/wp-json\/wp\/v2\/expert?post=844"}],"curies":[{"name":"wp","href":"https:\/\/api.w.org\/{rel}","templated":true}]}}