{"id":853,"date":"2026-01-23T21:25:47","date_gmt":"2026-01-23T19:25:47","guid":{"rendered":"https:\/\/www.transtoyou.com\/lt\/product\/mirena\/"},"modified":"2026-01-23T21:26:50","modified_gmt":"2026-01-23T19:26:50","slug":"mirena","status":"publish","type":"product","link":"https:\/\/www.transtoyou.com\/lt\/product\/mirena\/","title":{"rendered":"Mirena"},"content":{"rendered":"<p>Mirena yra hormon\u0173 i\u0161skiriantis intrauterininis prietaisas, kuris si\u016blo ilgalaik\u0119 kontracepcij\u0105 ir taip pat naudojamas gausiam menstruaciniam kraujavimui ma\u017einti. Jame yra levonorgestrelio, progestageno, kuris l\u0117tai i\u0161siskiria \u012f gimd\u0105 per kelerius metus. \u012ed\u0117jus, Mirena suteikia patikim\u0105 apsaug\u0105 nuo n\u0117\u0161tumo iki penkeri\u0173 met\u0173, taip pat padeda slopinti arba lengvinti menstruacin\u012f kraujavim\u0105.<\/p>\n<p>Prietaisas \u012fdedamas \u012f gimd\u0105 per trump\u0105 proced\u016br\u0105 kabinete. Jis veikia sustiprindamas gimdos kaklelio gleives, kad blokuot\u0173 sperm\u0105, keisdamas gimdos gleivin\u0119, kad b\u016bt\u0173 u\u017ekirstas kelias implantacijai, o kai kuriems asmenims gali slopinti ovuliacij\u0105. Hormonas tiekiamas tiesiogiai \u012f gimd\u0105, tod\u0117l sisteminis hormon\u0173 poveikis i\u0161lieka \u017eemas.<\/p>\n<p>Mirena da\u017enai pasirenkama ne tik d\u0117l kontraceptini\u0173 privalum\u0173, bet ir d\u0117l jos geb\u0117jimo reik\u0161mingai suma\u017einti menstruacij\u0173 sraut\u0105. Daugelis vartotoj\u0173 patiria lengvesnes menstruacijas, o kai kuriais atvejais menstruacijos visi\u0161kai sustoja. Jis da\u017enai naudojamas \u017emoni\u0173, kurie patiria gausias arba skausmingas menstruacijas, arba kurie pageidauja ilgalaikio, ma\u017eai prie\u017ei\u016bros reikalaujan\u010dio sprendimo, kuris i\u0161vengia kasdieni\u0173 table\u010di\u0173.<\/p>\n<p>Kaip hormon\u0173 pagrindu sukurtas IUD, kuris neturi estrogeno, Mirena yra gera galimyb\u0117 tiems, kurie negali arba nenori naudoti estrogen\u0105 turin\u010di\u0173 kontraceptik\u0173. Jis gali b\u016bti pa\u0161alintas bet kuriuo metu, o vaisingumas paprastai greitai gr\u012f\u017eta po pa\u0161alinimo.<\/p>\n","protected":false},"excerpt":{"rendered":"<ul>\n<li>Hormonin\u0117 IUD iki 5 met\u0173<\/li>\n<li>Ma\u017eina arba sustabdo menstruacijas<\/li>\n<li>Estrogen\u0173 neturinti kontraceptin\u0117 galimyb\u0117<\/li>\n<\/ul>\n","protected":false},"featured_media":854,"comment_status":"open","ping_status":"closed","template":"","meta":[],"product_brand":[],"product_cat":[141,148],"product_tag":[],"expert":[19],"class_list":{"0":"post-853","1":"product","2":"type-product","3":"status-publish","4":"has-post-thumbnail","6":"product_cat-intrauterine-priemone-iud","7":"product_cat-menstruaciju-slopinimas","8":"expert-dr-j-vazquez","10":"first","11":"instock","12":"shipping-taxable","13":"product-type-simple"},"yoast_head":"<!-- This site is optimized with the Yoast SEO plugin v27.0 - https:\/\/yoast.com\/product\/yoast-seo-wordpress\/ -->\n<title>Mirena | Efektyvi kontracepcijos priemon\u0117 - Transtoyou<\/title>\n<meta name=\"description\" content=\"Mirena: Patikima kontraceptin\u0117 priemon\u0117, prieinama \u010dia. Su\u017einokite apie privalumus ir apsipirkite \u0161iandien Transtoyou patogiam, patikimam sveikatos prie\u017ei\u016bros prieigai.\" \/>\n<meta name=\"robots\" content=\"noindex, follow, max-snippet:-1, max-image-preview:large, max-video-preview:-1\" \/>\n<meta property=\"og:locale\" content=\"lt_LT\" \/>\n<meta property=\"og:type\" content=\"article\" \/>\n<meta property=\"og:title\" content=\"Mirena | Efektyvi kontracepcijos priemon\u0117 - Transtoyou\" \/>\n<meta property=\"og:description\" content=\"Mirena: Patikima kontraceptin\u0117 priemon\u0117, prieinama \u010dia. Su\u017einokite apie privalumus ir apsipirkite \u0161iandien Transtoyou patogiam, patikimam sveikatos prie\u017ei\u016bros prieigai.\" \/>\n<meta property=\"og:url\" content=\"https:\/\/www.transtoyou.com\/lt\/product\/mirena\/\" \/>\n<meta property=\"og:site_name\" content=\"Transtoyou - LT\" \/>\n<meta property=\"article:modified_time\" content=\"2026-01-23T19:26:50+00:00\" \/>\n<meta name=\"twitter:card\" content=\"summary_large_image\" \/>\n<meta name=\"twitter:label1\" content=\"Est. reading time\" \/>\n\t<meta name=\"twitter:data1\" content=\"1 minut\u0117\" \/>\n<script type=\"application\/ld+json\" class=\"yoast-schema-graph\">{\"@context\":\"https:\/\/schema.org\",\"@graph\":[{\"@type\":\"WebPage\",\"@id\":\"https:\/\/www.transtoyou.com\/lt\/product\/mirena\/\",\"url\":\"https:\/\/www.transtoyou.com\/lt\/product\/mirena\/\",\"name\":\"Mirena | Efektyvi kontracepcijos priemon\u0117 - Transtoyou\",\"isPartOf\":{\"@id\":\"https:\/\/www.transtoyou.com\/lt\/#website\"},\"primaryImageOfPage\":{\"@id\":\"https:\/\/www.transtoyou.com\/lt\/product\/mirena\/#primaryimage\"},\"image\":{\"@id\":\"https:\/\/www.transtoyou.com\/lt\/product\/mirena\/#primaryimage\"},\"thumbnailUrl\":\"https:\/\/www.transtoyou.com\/lt\/wp-content\/uploads\/sites\/9\/2026\/01\/tty-no-product-image-46.webp\",\"datePublished\":\"2026-01-23T19:25:47+00:00\",\"dateModified\":\"2026-01-23T19:26:50+00:00\",\"description\":\"Mirena: Patikima kontraceptin\u0117 priemon\u0117, prieinama \u010dia. Su\u017einokite apie privalumus ir apsipirkite \u0161iandien Transtoyou patogiam, patikimam sveikatos prie\u017ei\u016bros prieigai.\",\"breadcrumb\":{\"@id\":\"https:\/\/www.transtoyou.com\/lt\/product\/mirena\/#breadcrumb\"},\"inLanguage\":\"lt-LT\",\"potentialAction\":[{\"@type\":\"ReadAction\",\"target\":[\"https:\/\/www.transtoyou.com\/lt\/product\/mirena\/\"]}]},{\"@type\":\"ImageObject\",\"inLanguage\":\"lt-LT\",\"@id\":\"https:\/\/www.transtoyou.com\/lt\/product\/mirena\/#primaryimage\",\"url\":\"https:\/\/www.transtoyou.com\/lt\/wp-content\/uploads\/sites\/9\/2026\/01\/tty-no-product-image-46.webp\",\"contentUrl\":\"https:\/\/www.transtoyou.com\/lt\/wp-content\/uploads\/sites\/9\/2026\/01\/tty-no-product-image-46.webp\",\"width\":1000,\"height\":1000,\"caption\":\"Numatytas produkto vaizdas\"},{\"@type\":\"WebSite\",\"@id\":\"https:\/\/www.transtoyou.com\/lt\/#website\",\"url\":\"https:\/\/www.transtoyou.com\/lt\/\",\"name\":\"Transtoyou - LT\",\"description\":\"\",\"publisher\":{\"@id\":\"https:\/\/www.transtoyou.com\/lt\/#organization\"},\"potentialAction\":[{\"@type\":\"SearchAction\",\"target\":{\"@type\":\"EntryPoint\",\"urlTemplate\":\"https:\/\/www.transtoyou.com\/lt\/?s={search_term_string}\"},\"query-input\":{\"@type\":\"PropertyValueSpecification\",\"valueRequired\":true,\"valueName\":\"search_term_string\"}}],\"inLanguage\":\"lt-LT\"},{\"@type\":\"Organization\",\"@id\":\"https:\/\/www.transtoyou.com\/lt\/#organization\",\"name\":\"Transtoyou - LT\",\"url\":\"https:\/\/www.transtoyou.com\/lt\/\",\"logo\":{\"@type\":\"ImageObject\",\"inLanguage\":\"lt-LT\",\"@id\":\"https:\/\/www.transtoyou.com\/lt\/#\/schema\/logo\/image\/\",\"url\":\"https:\/\/www.transtoyou.com\/lt\/wp-content\/uploads\/sites\/9\/2026\/01\/logo-tty-menu-bar-300x87-1.webp\",\"contentUrl\":\"https:\/\/www.transtoyou.com\/lt\/wp-content\/uploads\/sites\/9\/2026\/01\/logo-tty-menu-bar-300x87-1.webp\",\"width\":300,\"height\":87,\"caption\":\"Transtoyou - LT\"},\"image\":{\"@id\":\"https:\/\/www.transtoyou.com\/lt\/#\/schema\/logo\/image\/\"}}]}<\/script>\n<!-- \/ Yoast SEO plugin. -->","yoast_head_json":{"title":"Mirena | Efektyvi kontracepcijos priemon\u0117 - Transtoyou","description":"Mirena: Patikima kontraceptin\u0117 priemon\u0117, prieinama \u010dia. Su\u017einokite apie privalumus ir apsipirkite \u0161iandien Transtoyou patogiam, patikimam sveikatos prie\u017ei\u016bros prieigai.","robots":{"index":"noindex","follow":"follow","max-snippet":"max-snippet:-1","max-image-preview":"max-image-preview:large","max-video-preview":"max-video-preview:-1"},"og_locale":"lt_LT","og_type":"article","og_title":"Mirena | Efektyvi kontracepcijos priemon\u0117 - Transtoyou","og_description":"Mirena: Patikima kontraceptin\u0117 priemon\u0117, prieinama \u010dia. Su\u017einokite apie privalumus ir apsipirkite \u0161iandien Transtoyou patogiam, patikimam sveikatos prie\u017ei\u016bros prieigai.","og_url":"https:\/\/www.transtoyou.com\/lt\/product\/mirena\/","og_site_name":"Transtoyou - LT","article_modified_time":"2026-01-23T19:26:50+00:00","twitter_card":"summary_large_image","twitter_misc":{"Est. reading time":"1 minut\u0117"},"schema":{"@context":"https:\/\/schema.org","@graph":[{"@type":"WebPage","@id":"https:\/\/www.transtoyou.com\/lt\/product\/mirena\/","url":"https:\/\/www.transtoyou.com\/lt\/product\/mirena\/","name":"Mirena | Efektyvi kontracepcijos priemon\u0117 - Transtoyou","isPartOf":{"@id":"https:\/\/www.transtoyou.com\/lt\/#website"},"primaryImageOfPage":{"@id":"https:\/\/www.transtoyou.com\/lt\/product\/mirena\/#primaryimage"},"image":{"@id":"https:\/\/www.transtoyou.com\/lt\/product\/mirena\/#primaryimage"},"thumbnailUrl":"https:\/\/www.transtoyou.com\/lt\/wp-content\/uploads\/sites\/9\/2026\/01\/tty-no-product-image-46.webp","datePublished":"2026-01-23T19:25:47+00:00","dateModified":"2026-01-23T19:26:50+00:00","description":"Mirena: Patikima kontraceptin\u0117 priemon\u0117, prieinama \u010dia. Su\u017einokite apie privalumus ir apsipirkite \u0161iandien Transtoyou patogiam, patikimam sveikatos prie\u017ei\u016bros prieigai.","breadcrumb":{"@id":"https:\/\/www.transtoyou.com\/lt\/product\/mirena\/#breadcrumb"},"inLanguage":"lt-LT","potentialAction":[{"@type":"ReadAction","target":["https:\/\/www.transtoyou.com\/lt\/product\/mirena\/"]}]},{"@type":"ImageObject","inLanguage":"lt-LT","@id":"https:\/\/www.transtoyou.com\/lt\/product\/mirena\/#primaryimage","url":"https:\/\/www.transtoyou.com\/lt\/wp-content\/uploads\/sites\/9\/2026\/01\/tty-no-product-image-46.webp","contentUrl":"https:\/\/www.transtoyou.com\/lt\/wp-content\/uploads\/sites\/9\/2026\/01\/tty-no-product-image-46.webp","width":1000,"height":1000,"caption":"Numatytas produkto vaizdas"},{"@type":"WebSite","@id":"https:\/\/www.transtoyou.com\/lt\/#website","url":"https:\/\/www.transtoyou.com\/lt\/","name":"Transtoyou - LT","description":"","publisher":{"@id":"https:\/\/www.transtoyou.com\/lt\/#organization"},"potentialAction":[{"@type":"SearchAction","target":{"@type":"EntryPoint","urlTemplate":"https:\/\/www.transtoyou.com\/lt\/?s={search_term_string}"},"query-input":{"@type":"PropertyValueSpecification","valueRequired":true,"valueName":"search_term_string"}}],"inLanguage":"lt-LT"},{"@type":"Organization","@id":"https:\/\/www.transtoyou.com\/lt\/#organization","name":"Transtoyou - LT","url":"https:\/\/www.transtoyou.com\/lt\/","logo":{"@type":"ImageObject","inLanguage":"lt-LT","@id":"https:\/\/www.transtoyou.com\/lt\/#\/schema\/logo\/image\/","url":"https:\/\/www.transtoyou.com\/lt\/wp-content\/uploads\/sites\/9\/2026\/01\/logo-tty-menu-bar-300x87-1.webp","contentUrl":"https:\/\/www.transtoyou.com\/lt\/wp-content\/uploads\/sites\/9\/2026\/01\/logo-tty-menu-bar-300x87-1.webp","width":300,"height":87,"caption":"Transtoyou - LT"},"image":{"@id":"https:\/\/www.transtoyou.com\/lt\/#\/schema\/logo\/image\/"}}]}},"_links":{"self":[{"href":"https:\/\/www.transtoyou.com\/lt\/wp-json\/wp\/v2\/product\/853","targetHints":{"allow":["GET"]}}],"collection":[{"href":"https:\/\/www.transtoyou.com\/lt\/wp-json\/wp\/v2\/product"}],"about":[{"href":"https:\/\/www.transtoyou.com\/lt\/wp-json\/wp\/v2\/types\/product"}],"replies":[{"embeddable":true,"href":"https:\/\/www.transtoyou.com\/lt\/wp-json\/wp\/v2\/comments?post=853"}],"wp:featuredmedia":[{"embeddable":true,"href":"https:\/\/www.transtoyou.com\/lt\/wp-json\/wp\/v2\/media\/854"}],"wp:attachment":[{"href":"https:\/\/www.transtoyou.com\/lt\/wp-json\/wp\/v2\/media?parent=853"}],"wp:term":[{"taxonomy":"product_brand","embeddable":true,"href":"https:\/\/www.transtoyou.com\/lt\/wp-json\/wp\/v2\/product_brand?post=853"},{"taxonomy":"product_cat","embeddable":true,"href":"https:\/\/www.transtoyou.com\/lt\/wp-json\/wp\/v2\/product_cat?post=853"},{"taxonomy":"product_tag","embeddable":true,"href":"https:\/\/www.transtoyou.com\/lt\/wp-json\/wp\/v2\/product_tag?post=853"},{"taxonomy":"expert","embeddable":true,"href":"https:\/\/www.transtoyou.com\/lt\/wp-json\/wp\/v2\/expert?post=853"}],"curies":[{"name":"wp","href":"https:\/\/api.w.org\/{rel}","templated":true}]}}