{"id":855,"date":"2026-01-23T21:40:06","date_gmt":"2026-01-23T19:40:06","guid":{"rendered":"https:\/\/www.transtoyou.com\/lt\/product\/kyleena\/"},"modified":"2026-01-23T21:41:08","modified_gmt":"2026-01-23T19:41:08","slug":"kyleena","status":"publish","type":"product","link":"https:\/\/www.transtoyou.com\/lt\/product\/kyleena\/","title":{"rendered":"Kyleena"},"content":{"rendered":"<p>Kyleena yra ma\u017eas, lankstus intrauterinis prietaisas, kuris i\u0161skiria ma\u017e\u0105 levonorgestrelio hormono doz\u0119 tiesiai \u012f gimd\u0105. Jis suteikia ilgalaik\u0119 gr\u012f\u017etam\u0105j\u0105 kontracepcij\u0105 iki penkeri\u0173 met\u0173 ir yra vienas i\u0161 efektyviausi\u0173 kontracepcijos metod\u0173. Kai jis yra \u012fd\u0117tas, Kyleena veikia nuolat, nereikalaujant kasdienio d\u0117mesio.<\/p>\n<p>Prietaisas \u012fdedamas \u012f gimd\u0105 per paprast\u0105 proced\u016br\u0105. Jis l\u0117tai i\u0161skiria levonorgestrel\u012f, kuris sutir\u0161tina gimdos kaklelio gleives, kad spermatozoidai negal\u0117t\u0173 pasiekti kiau\u0161ial\u0105st\u0117s, ir gali slopinti ovuliacij\u0105 kai kuriems \u017emon\u0117ms. Hormonas i\u0161skiriamas lokaliai ma\u017eomis doz\u0117mis, kas suma\u017eina sistemini\u0173 \u0161alutini\u0173 poveiki\u0173 tikimyb\u0119.<\/p>\n<p>Kyleena yra ma\u017eesn\u0117 nei kai kurie kiti IUD ir da\u017enai pasirenkama asmen\u0173, kurie pageidauja ma\u017eos doz\u0117s hormoninio sprendimo arba kurie neturi vaik\u0173. Ji yra efektyvi per 24 valandas po \u012fd\u0117jimo ir gali b\u016bti pa\u0161alinta bet kuriuo metu, leid\u017eiant greitai atkurti vaisingum\u0105. Skirtingai nuo kasdieni\u0173 table\u010di\u0173 ar injekcij\u0173, Kyleena si\u016blo nuolatin\u0119 apsaug\u0105, nereikalaujant reguliaraus vartojimo i\u0161 vartotojo.<\/p>\n<p>\u0160is IUD yra diskreti\u0161kas ir labai patikimas kontracepcijos metodas, leid\u017eiantis vartotojams i\u0161vengti estrogeno ir pasirinkti ilgalaik\u012f, ma\u017eai prie\u017ei\u016bros reikalaujant\u012f sprendim\u0105. Kyleena neturi vario ir n\u0117ra skirta avarinei kontracepcijai. Galite u\u017esisakyti Kyleena Transtoyou, ta\u010diau turite susitarti d\u0117l susitikimo su specialistu, kuris gali \u012fd\u0117ti IUD jums.<\/p>\n","protected":false},"excerpt":{"rendered":"<ul>\n<li>Ilgai veikian\u010dios hormonin\u0117s spiral\u0117s<\/li>\n<li>Veiksmingos iki penkeri\u0173 met\u0173<\/li>\n<li>Ma\u017ea doz\u0117 ir be estrogeno<\/li>\n<\/ul>\n","protected":false},"featured_media":857,"comment_status":"open","ping_status":"closed","template":"","meta":[],"product_brand":[],"product_cat":[141,148],"product_tag":[],"expert":[19],"class_list":{"0":"post-855","1":"product","2":"type-product","3":"status-publish","4":"has-post-thumbnail","6":"product_cat-intrauterine-priemone-iud","7":"product_cat-menstruaciju-slopinimas","8":"expert-dr-j-vazquez","10":"first","11":"instock","12":"shipping-taxable","13":"product-type-variable"},"yoast_head":"<!-- This site is optimized with the Yoast SEO plugin v27.0 - https:\/\/yoast.com\/product\/yoast-seo-wordpress\/ -->\n<title>Kyleena | Efektyvi ilgalaik\u0117 kontracepcija - Transtoyou<\/title>\n<meta name=\"description\" content=\"Kyleena, prieinamas Transtoyou, si\u016blo patikim\u0105 ilgalaik\u0119 kontracepcij\u0105. Su\u017einokite apie jo privalumus \u0161iandien, kad patikimai planuotum\u0117te \u0161eim\u0105.\" \/>\n<meta name=\"robots\" content=\"noindex, follow, max-snippet:-1, max-image-preview:large, max-video-preview:-1\" \/>\n<meta property=\"og:locale\" content=\"lt_LT\" \/>\n<meta property=\"og:type\" content=\"article\" \/>\n<meta property=\"og:title\" content=\"Kyleena | Efektyvi ilgalaik\u0117 kontracepcija - Transtoyou\" \/>\n<meta property=\"og:description\" content=\"Kyleena, prieinamas Transtoyou, si\u016blo patikim\u0105 ilgalaik\u0119 kontracepcij\u0105. Su\u017einokite apie jo privalumus \u0161iandien, kad patikimai planuotum\u0117te \u0161eim\u0105.\" \/>\n<meta property=\"og:url\" content=\"https:\/\/www.transtoyou.com\/lt\/product\/kyleena\/\" \/>\n<meta property=\"og:site_name\" content=\"Transtoyou - LT\" \/>\n<meta property=\"article:modified_time\" content=\"2026-01-23T19:41:08+00:00\" \/>\n<meta name=\"twitter:card\" content=\"summary_large_image\" \/>\n<meta name=\"twitter:label1\" content=\"Est. reading time\" \/>\n\t<meta name=\"twitter:data1\" content=\"1 minut\u0117\" \/>\n<script type=\"application\/ld+json\" class=\"yoast-schema-graph\">{\"@context\":\"https:\/\/schema.org\",\"@graph\":[{\"@type\":\"WebPage\",\"@id\":\"https:\/\/www.transtoyou.com\/lt\/product\/kyleena\/\",\"url\":\"https:\/\/www.transtoyou.com\/lt\/product\/kyleena\/\",\"name\":\"Kyleena | Efektyvi ilgalaik\u0117 kontracepcija - Transtoyou\",\"isPartOf\":{\"@id\":\"https:\/\/www.transtoyou.com\/lt\/#website\"},\"primaryImageOfPage\":{\"@id\":\"https:\/\/www.transtoyou.com\/lt\/product\/kyleena\/#primaryimage\"},\"image\":{\"@id\":\"https:\/\/www.transtoyou.com\/lt\/product\/kyleena\/#primaryimage\"},\"thumbnailUrl\":\"https:\/\/www.transtoyou.com\/lt\/wp-content\/uploads\/sites\/9\/2026\/01\/tty-no-product-image-47.webp\",\"datePublished\":\"2026-01-23T19:40:06+00:00\",\"dateModified\":\"2026-01-23T19:41:08+00:00\",\"description\":\"Kyleena, prieinamas Transtoyou, si\u016blo patikim\u0105 ilgalaik\u0119 kontracepcij\u0105. Su\u017einokite apie jo privalumus \u0161iandien, kad patikimai planuotum\u0117te \u0161eim\u0105.\",\"breadcrumb\":{\"@id\":\"https:\/\/www.transtoyou.com\/lt\/product\/kyleena\/#breadcrumb\"},\"inLanguage\":\"lt-LT\",\"potentialAction\":[{\"@type\":\"ReadAction\",\"target\":[\"https:\/\/www.transtoyou.com\/lt\/product\/kyleena\/\"]}]},{\"@type\":\"ImageObject\",\"inLanguage\":\"lt-LT\",\"@id\":\"https:\/\/www.transtoyou.com\/lt\/product\/kyleena\/#primaryimage\",\"url\":\"https:\/\/www.transtoyou.com\/lt\/wp-content\/uploads\/sites\/9\/2026\/01\/tty-no-product-image-47.webp\",\"contentUrl\":\"https:\/\/www.transtoyou.com\/lt\/wp-content\/uploads\/sites\/9\/2026\/01\/tty-no-product-image-47.webp\",\"width\":1000,\"height\":1000,\"caption\":\"Numatytas produkto vaizdas\"},{\"@type\":\"WebSite\",\"@id\":\"https:\/\/www.transtoyou.com\/lt\/#website\",\"url\":\"https:\/\/www.transtoyou.com\/lt\/\",\"name\":\"Transtoyou - LT\",\"description\":\"\",\"publisher\":{\"@id\":\"https:\/\/www.transtoyou.com\/lt\/#organization\"},\"potentialAction\":[{\"@type\":\"SearchAction\",\"target\":{\"@type\":\"EntryPoint\",\"urlTemplate\":\"https:\/\/www.transtoyou.com\/lt\/?s={search_term_string}\"},\"query-input\":{\"@type\":\"PropertyValueSpecification\",\"valueRequired\":true,\"valueName\":\"search_term_string\"}}],\"inLanguage\":\"lt-LT\"},{\"@type\":\"Organization\",\"@id\":\"https:\/\/www.transtoyou.com\/lt\/#organization\",\"name\":\"Transtoyou - LT\",\"url\":\"https:\/\/www.transtoyou.com\/lt\/\",\"logo\":{\"@type\":\"ImageObject\",\"inLanguage\":\"lt-LT\",\"@id\":\"https:\/\/www.transtoyou.com\/lt\/#\/schema\/logo\/image\/\",\"url\":\"https:\/\/www.transtoyou.com\/lt\/wp-content\/uploads\/sites\/9\/2026\/01\/logo-tty-menu-bar-300x87-1.webp\",\"contentUrl\":\"https:\/\/www.transtoyou.com\/lt\/wp-content\/uploads\/sites\/9\/2026\/01\/logo-tty-menu-bar-300x87-1.webp\",\"width\":300,\"height\":87,\"caption\":\"Transtoyou - LT\"},\"image\":{\"@id\":\"https:\/\/www.transtoyou.com\/lt\/#\/schema\/logo\/image\/\"}}]}<\/script>\n<!-- \/ Yoast SEO plugin. -->","yoast_head_json":{"title":"Kyleena | Efektyvi ilgalaik\u0117 kontracepcija - Transtoyou","description":"Kyleena, prieinamas Transtoyou, si\u016blo patikim\u0105 ilgalaik\u0119 kontracepcij\u0105. Su\u017einokite apie jo privalumus \u0161iandien, kad patikimai planuotum\u0117te \u0161eim\u0105.","robots":{"index":"noindex","follow":"follow","max-snippet":"max-snippet:-1","max-image-preview":"max-image-preview:large","max-video-preview":"max-video-preview:-1"},"og_locale":"lt_LT","og_type":"article","og_title":"Kyleena | Efektyvi ilgalaik\u0117 kontracepcija - Transtoyou","og_description":"Kyleena, prieinamas Transtoyou, si\u016blo patikim\u0105 ilgalaik\u0119 kontracepcij\u0105. Su\u017einokite apie jo privalumus \u0161iandien, kad patikimai planuotum\u0117te \u0161eim\u0105.","og_url":"https:\/\/www.transtoyou.com\/lt\/product\/kyleena\/","og_site_name":"Transtoyou - LT","article_modified_time":"2026-01-23T19:41:08+00:00","twitter_card":"summary_large_image","twitter_misc":{"Est. reading time":"1 minut\u0117"},"schema":{"@context":"https:\/\/schema.org","@graph":[{"@type":"WebPage","@id":"https:\/\/www.transtoyou.com\/lt\/product\/kyleena\/","url":"https:\/\/www.transtoyou.com\/lt\/product\/kyleena\/","name":"Kyleena | Efektyvi ilgalaik\u0117 kontracepcija - Transtoyou","isPartOf":{"@id":"https:\/\/www.transtoyou.com\/lt\/#website"},"primaryImageOfPage":{"@id":"https:\/\/www.transtoyou.com\/lt\/product\/kyleena\/#primaryimage"},"image":{"@id":"https:\/\/www.transtoyou.com\/lt\/product\/kyleena\/#primaryimage"},"thumbnailUrl":"https:\/\/www.transtoyou.com\/lt\/wp-content\/uploads\/sites\/9\/2026\/01\/tty-no-product-image-47.webp","datePublished":"2026-01-23T19:40:06+00:00","dateModified":"2026-01-23T19:41:08+00:00","description":"Kyleena, prieinamas Transtoyou, si\u016blo patikim\u0105 ilgalaik\u0119 kontracepcij\u0105. Su\u017einokite apie jo privalumus \u0161iandien, kad patikimai planuotum\u0117te \u0161eim\u0105.","breadcrumb":{"@id":"https:\/\/www.transtoyou.com\/lt\/product\/kyleena\/#breadcrumb"},"inLanguage":"lt-LT","potentialAction":[{"@type":"ReadAction","target":["https:\/\/www.transtoyou.com\/lt\/product\/kyleena\/"]}]},{"@type":"ImageObject","inLanguage":"lt-LT","@id":"https:\/\/www.transtoyou.com\/lt\/product\/kyleena\/#primaryimage","url":"https:\/\/www.transtoyou.com\/lt\/wp-content\/uploads\/sites\/9\/2026\/01\/tty-no-product-image-47.webp","contentUrl":"https:\/\/www.transtoyou.com\/lt\/wp-content\/uploads\/sites\/9\/2026\/01\/tty-no-product-image-47.webp","width":1000,"height":1000,"caption":"Numatytas produkto vaizdas"},{"@type":"WebSite","@id":"https:\/\/www.transtoyou.com\/lt\/#website","url":"https:\/\/www.transtoyou.com\/lt\/","name":"Transtoyou - LT","description":"","publisher":{"@id":"https:\/\/www.transtoyou.com\/lt\/#organization"},"potentialAction":[{"@type":"SearchAction","target":{"@type":"EntryPoint","urlTemplate":"https:\/\/www.transtoyou.com\/lt\/?s={search_term_string}"},"query-input":{"@type":"PropertyValueSpecification","valueRequired":true,"valueName":"search_term_string"}}],"inLanguage":"lt-LT"},{"@type":"Organization","@id":"https:\/\/www.transtoyou.com\/lt\/#organization","name":"Transtoyou - LT","url":"https:\/\/www.transtoyou.com\/lt\/","logo":{"@type":"ImageObject","inLanguage":"lt-LT","@id":"https:\/\/www.transtoyou.com\/lt\/#\/schema\/logo\/image\/","url":"https:\/\/www.transtoyou.com\/lt\/wp-content\/uploads\/sites\/9\/2026\/01\/logo-tty-menu-bar-300x87-1.webp","contentUrl":"https:\/\/www.transtoyou.com\/lt\/wp-content\/uploads\/sites\/9\/2026\/01\/logo-tty-menu-bar-300x87-1.webp","width":300,"height":87,"caption":"Transtoyou - LT"},"image":{"@id":"https:\/\/www.transtoyou.com\/lt\/#\/schema\/logo\/image\/"}}]}},"_links":{"self":[{"href":"https:\/\/www.transtoyou.com\/lt\/wp-json\/wp\/v2\/product\/855","targetHints":{"allow":["GET"]}}],"collection":[{"href":"https:\/\/www.transtoyou.com\/lt\/wp-json\/wp\/v2\/product"}],"about":[{"href":"https:\/\/www.transtoyou.com\/lt\/wp-json\/wp\/v2\/types\/product"}],"replies":[{"embeddable":true,"href":"https:\/\/www.transtoyou.com\/lt\/wp-json\/wp\/v2\/comments?post=855"}],"wp:featuredmedia":[{"embeddable":true,"href":"https:\/\/www.transtoyou.com\/lt\/wp-json\/wp\/v2\/media\/857"}],"wp:attachment":[{"href":"https:\/\/www.transtoyou.com\/lt\/wp-json\/wp\/v2\/media?parent=855"}],"wp:term":[{"taxonomy":"product_brand","embeddable":true,"href":"https:\/\/www.transtoyou.com\/lt\/wp-json\/wp\/v2\/product_brand?post=855"},{"taxonomy":"product_cat","embeddable":true,"href":"https:\/\/www.transtoyou.com\/lt\/wp-json\/wp\/v2\/product_cat?post=855"},{"taxonomy":"product_tag","embeddable":true,"href":"https:\/\/www.transtoyou.com\/lt\/wp-json\/wp\/v2\/product_tag?post=855"},{"taxonomy":"expert","embeddable":true,"href":"https:\/\/www.transtoyou.com\/lt\/wp-json\/wp\/v2\/expert?post=855"}],"curies":[{"name":"wp","href":"https:\/\/api.w.org\/{rel}","templated":true}]}}