{"id":858,"date":"2026-01-23T21:54:17","date_gmt":"2026-01-23T19:54:17","guid":{"rendered":"https:\/\/www.transtoyou.com\/lt\/product\/zumenon\/"},"modified":"2026-01-23T21:55:23","modified_gmt":"2026-01-23T19:55:23","slug":"zumenon","status":"publish","type":"product","link":"https:\/\/www.transtoyou.com\/lt\/product\/zumenon\/","title":{"rendered":"Zumenon"},"content":{"rendered":"<p>Zumenon yra receptinis vaistas hormon\u0173 pakaitinei terapijai. Kiekvienoje tablet\u0117je yra estradiolio, estrogeno formos, identi\u0161kos nat\u016braliai organizme gaminamai. Jis naudojamas estrogeno tr\u016bkumo simptomams gydyti \u017emon\u0117ms, kurie pra\u0117jo menopauz\u0119, ir taip pat gali b\u016bti naudojamas estrogen\u0173 ir feminizuojan\u010diai hormon\u0173 terapijai.<\/p>\n<p>\u017dmon\u0117ms, patiriantiems menopauz\u0119, Zumenon padeda suma\u017einti tokius simptomus kaip kar\u0161\u010dio bangos, naktinis prakaitavimas, nuotaikos poky\u010diai ir mak\u0161ties sausumas. \u0160ie simptomai da\u017enai yra d\u0117l ma\u017e\u0117jan\u010di\u0173 estrogeno lygi\u0173. Atkuriant estradiolio lygius, Zumenon palaiko hormonin\u012f balans\u0105 ir gerina komfort\u0105 po menopauz\u0117s.<\/p>\n<p>Zumenon taip pat naudojamas lyties tapatyb\u0117s patvirtinimo hormon\u0173 terapijos kontekste. Transly\u010diams moterims Zumenon estradiolis gali pad\u0117ti feminizuojantiems fiziniams poky\u010diams, \u012fskaitant riebal\u0173 persiskirstym\u0105, odos sumink\u0161t\u0117jim\u0105 ir kr\u016bt\u0173 vystym\u0105si. Oralinis formatas gali b\u016bti pageidaujamas \u017emon\u0117ms, kurie nori paprasto, pa\u017e\u012fstamo vartojimo metodo.<\/p>\n<p>Zumenon paprastai vartojamas kart\u0105 per dien\u0105, o dozavimas gali b\u016bti pritaikytas pagal individualius gydymo tikslus. Jis gali b\u016bti vartojamas savaranki\u0161kai arba kartu su progestogenu \u017emon\u0117ms, turintiems gimd\u0105. Nesvarbu, ar tai menopauz\u0117, ar lyties per\u0117jimas, Zumenon si\u016blo paprast\u0105 b\u016bd\u0105 papildyti estrogeno lygius ir palaikyti ilgalaik\u012f hormonin\u012f balans\u0105.<\/p>\n","protected":false},"excerpt":{"rendered":"<ul>\n<li>Kasdien\u0117 geriamoji estrogeno tablet\u0117<\/li>\n<li>Naudojama menopauz\u0117s ir per\u0117jimo metu<\/li>\n<li>Padeda palaikyti hormon\u0173 pusiausvyr\u0105<\/li>\n<\/ul>\n","protected":false},"featured_media":860,"comment_status":"open","ping_status":"closed","template":"","meta":[],"product_brand":[],"product_cat":[116,139],"product_tag":[],"expert":[19],"class_list":{"0":"post-858","1":"product","2":"type-product","3":"status-publish","4":"has-post-thumbnail","6":"product_cat-estrogeno-ir-feminizacijos-terapija","7":"product_cat-hormonu-terapija-hrt","8":"expert-dr-j-vazquez","10":"first","11":"instock","12":"shipping-taxable","13":"product-type-variable"},"yoast_head":"<!-- This site is optimized with the Yoast SEO plugin v27.0 - https:\/\/yoast.com\/product\/yoast-seo-wordpress\/ -->\n<title>Zumenon | Hormon\u0173 Pusiausvyros Parama - Transtoyou<\/title>\n<meta name=\"description\" content=\"Zumenon, prieinamas \u010dia, si\u016blo hormon\u0173 terapijos privalumus. Pirkite dabar efektyviam palengv\u0117jimui ir geresnei savijautai su Transtoyou patikima paslauga.\" \/>\n<meta name=\"robots\" content=\"noindex, follow, max-snippet:-1, max-image-preview:large, max-video-preview:-1\" \/>\n<meta property=\"og:locale\" content=\"lt_LT\" \/>\n<meta property=\"og:type\" content=\"article\" \/>\n<meta property=\"og:title\" content=\"Zumenon | Hormon\u0173 Pusiausvyros Parama - Transtoyou\" \/>\n<meta property=\"og:description\" content=\"Zumenon, prieinamas \u010dia, si\u016blo hormon\u0173 terapijos privalumus. Pirkite dabar efektyviam palengv\u0117jimui ir geresnei savijautai su Transtoyou patikima paslauga.\" \/>\n<meta property=\"og:url\" content=\"https:\/\/www.transtoyou.com\/lt\/product\/zumenon\/\" \/>\n<meta property=\"og:site_name\" content=\"Transtoyou - LT\" \/>\n<meta property=\"article:modified_time\" content=\"2026-01-23T19:55:23+00:00\" \/>\n<meta name=\"twitter:card\" content=\"summary_large_image\" \/>\n<meta name=\"twitter:label1\" content=\"Est. reading time\" \/>\n\t<meta name=\"twitter:data1\" content=\"1 minut\u0117\" \/>\n<script type=\"application\/ld+json\" class=\"yoast-schema-graph\">{\"@context\":\"https:\/\/schema.org\",\"@graph\":[{\"@type\":\"WebPage\",\"@id\":\"https:\/\/www.transtoyou.com\/lt\/product\/zumenon\/\",\"url\":\"https:\/\/www.transtoyou.com\/lt\/product\/zumenon\/\",\"name\":\"Zumenon | Hormon\u0173 Pusiausvyros Parama - Transtoyou\",\"isPartOf\":{\"@id\":\"https:\/\/www.transtoyou.com\/lt\/#website\"},\"primaryImageOfPage\":{\"@id\":\"https:\/\/www.transtoyou.com\/lt\/product\/zumenon\/#primaryimage\"},\"image\":{\"@id\":\"https:\/\/www.transtoyou.com\/lt\/product\/zumenon\/#primaryimage\"},\"thumbnailUrl\":\"https:\/\/www.transtoyou.com\/lt\/wp-content\/uploads\/sites\/9\/2026\/01\/tty-no-product-image-48.webp\",\"datePublished\":\"2026-01-23T19:54:17+00:00\",\"dateModified\":\"2026-01-23T19:55:23+00:00\",\"description\":\"Zumenon, prieinamas \u010dia, si\u016blo hormon\u0173 terapijos privalumus. Pirkite dabar efektyviam palengv\u0117jimui ir geresnei savijautai su Transtoyou patikima paslauga.\",\"breadcrumb\":{\"@id\":\"https:\/\/www.transtoyou.com\/lt\/product\/zumenon\/#breadcrumb\"},\"inLanguage\":\"lt-LT\",\"potentialAction\":[{\"@type\":\"ReadAction\",\"target\":[\"https:\/\/www.transtoyou.com\/lt\/product\/zumenon\/\"]}]},{\"@type\":\"ImageObject\",\"inLanguage\":\"lt-LT\",\"@id\":\"https:\/\/www.transtoyou.com\/lt\/product\/zumenon\/#primaryimage\",\"url\":\"https:\/\/www.transtoyou.com\/lt\/wp-content\/uploads\/sites\/9\/2026\/01\/tty-no-product-image-48.webp\",\"contentUrl\":\"https:\/\/www.transtoyou.com\/lt\/wp-content\/uploads\/sites\/9\/2026\/01\/tty-no-product-image-48.webp\",\"width\":1000,\"height\":1000,\"caption\":\"Numatytas produkto vaizdas\"},{\"@type\":\"WebSite\",\"@id\":\"https:\/\/www.transtoyou.com\/lt\/#website\",\"url\":\"https:\/\/www.transtoyou.com\/lt\/\",\"name\":\"Transtoyou - LT\",\"description\":\"\",\"publisher\":{\"@id\":\"https:\/\/www.transtoyou.com\/lt\/#organization\"},\"potentialAction\":[{\"@type\":\"SearchAction\",\"target\":{\"@type\":\"EntryPoint\",\"urlTemplate\":\"https:\/\/www.transtoyou.com\/lt\/?s={search_term_string}\"},\"query-input\":{\"@type\":\"PropertyValueSpecification\",\"valueRequired\":true,\"valueName\":\"search_term_string\"}}],\"inLanguage\":\"lt-LT\"},{\"@type\":\"Organization\",\"@id\":\"https:\/\/www.transtoyou.com\/lt\/#organization\",\"name\":\"Transtoyou - LT\",\"url\":\"https:\/\/www.transtoyou.com\/lt\/\",\"logo\":{\"@type\":\"ImageObject\",\"inLanguage\":\"lt-LT\",\"@id\":\"https:\/\/www.transtoyou.com\/lt\/#\/schema\/logo\/image\/\",\"url\":\"https:\/\/www.transtoyou.com\/lt\/wp-content\/uploads\/sites\/9\/2026\/01\/logo-tty-menu-bar-300x87-1.webp\",\"contentUrl\":\"https:\/\/www.transtoyou.com\/lt\/wp-content\/uploads\/sites\/9\/2026\/01\/logo-tty-menu-bar-300x87-1.webp\",\"width\":300,\"height\":87,\"caption\":\"Transtoyou - LT\"},\"image\":{\"@id\":\"https:\/\/www.transtoyou.com\/lt\/#\/schema\/logo\/image\/\"}}]}<\/script>\n<!-- \/ Yoast SEO plugin. -->","yoast_head_json":{"title":"Zumenon | Hormon\u0173 Pusiausvyros Parama - Transtoyou","description":"Zumenon, prieinamas \u010dia, si\u016blo hormon\u0173 terapijos privalumus. Pirkite dabar efektyviam palengv\u0117jimui ir geresnei savijautai su Transtoyou patikima paslauga.","robots":{"index":"noindex","follow":"follow","max-snippet":"max-snippet:-1","max-image-preview":"max-image-preview:large","max-video-preview":"max-video-preview:-1"},"og_locale":"lt_LT","og_type":"article","og_title":"Zumenon | Hormon\u0173 Pusiausvyros Parama - Transtoyou","og_description":"Zumenon, prieinamas \u010dia, si\u016blo hormon\u0173 terapijos privalumus. Pirkite dabar efektyviam palengv\u0117jimui ir geresnei savijautai su Transtoyou patikima paslauga.","og_url":"https:\/\/www.transtoyou.com\/lt\/product\/zumenon\/","og_site_name":"Transtoyou - LT","article_modified_time":"2026-01-23T19:55:23+00:00","twitter_card":"summary_large_image","twitter_misc":{"Est. reading time":"1 minut\u0117"},"schema":{"@context":"https:\/\/schema.org","@graph":[{"@type":"WebPage","@id":"https:\/\/www.transtoyou.com\/lt\/product\/zumenon\/","url":"https:\/\/www.transtoyou.com\/lt\/product\/zumenon\/","name":"Zumenon | Hormon\u0173 Pusiausvyros Parama - Transtoyou","isPartOf":{"@id":"https:\/\/www.transtoyou.com\/lt\/#website"},"primaryImageOfPage":{"@id":"https:\/\/www.transtoyou.com\/lt\/product\/zumenon\/#primaryimage"},"image":{"@id":"https:\/\/www.transtoyou.com\/lt\/product\/zumenon\/#primaryimage"},"thumbnailUrl":"https:\/\/www.transtoyou.com\/lt\/wp-content\/uploads\/sites\/9\/2026\/01\/tty-no-product-image-48.webp","datePublished":"2026-01-23T19:54:17+00:00","dateModified":"2026-01-23T19:55:23+00:00","description":"Zumenon, prieinamas \u010dia, si\u016blo hormon\u0173 terapijos privalumus. Pirkite dabar efektyviam palengv\u0117jimui ir geresnei savijautai su Transtoyou patikima paslauga.","breadcrumb":{"@id":"https:\/\/www.transtoyou.com\/lt\/product\/zumenon\/#breadcrumb"},"inLanguage":"lt-LT","potentialAction":[{"@type":"ReadAction","target":["https:\/\/www.transtoyou.com\/lt\/product\/zumenon\/"]}]},{"@type":"ImageObject","inLanguage":"lt-LT","@id":"https:\/\/www.transtoyou.com\/lt\/product\/zumenon\/#primaryimage","url":"https:\/\/www.transtoyou.com\/lt\/wp-content\/uploads\/sites\/9\/2026\/01\/tty-no-product-image-48.webp","contentUrl":"https:\/\/www.transtoyou.com\/lt\/wp-content\/uploads\/sites\/9\/2026\/01\/tty-no-product-image-48.webp","width":1000,"height":1000,"caption":"Numatytas produkto vaizdas"},{"@type":"WebSite","@id":"https:\/\/www.transtoyou.com\/lt\/#website","url":"https:\/\/www.transtoyou.com\/lt\/","name":"Transtoyou - LT","description":"","publisher":{"@id":"https:\/\/www.transtoyou.com\/lt\/#organization"},"potentialAction":[{"@type":"SearchAction","target":{"@type":"EntryPoint","urlTemplate":"https:\/\/www.transtoyou.com\/lt\/?s={search_term_string}"},"query-input":{"@type":"PropertyValueSpecification","valueRequired":true,"valueName":"search_term_string"}}],"inLanguage":"lt-LT"},{"@type":"Organization","@id":"https:\/\/www.transtoyou.com\/lt\/#organization","name":"Transtoyou - LT","url":"https:\/\/www.transtoyou.com\/lt\/","logo":{"@type":"ImageObject","inLanguage":"lt-LT","@id":"https:\/\/www.transtoyou.com\/lt\/#\/schema\/logo\/image\/","url":"https:\/\/www.transtoyou.com\/lt\/wp-content\/uploads\/sites\/9\/2026\/01\/logo-tty-menu-bar-300x87-1.webp","contentUrl":"https:\/\/www.transtoyou.com\/lt\/wp-content\/uploads\/sites\/9\/2026\/01\/logo-tty-menu-bar-300x87-1.webp","width":300,"height":87,"caption":"Transtoyou - LT"},"image":{"@id":"https:\/\/www.transtoyou.com\/lt\/#\/schema\/logo\/image\/"}}]}},"_links":{"self":[{"href":"https:\/\/www.transtoyou.com\/lt\/wp-json\/wp\/v2\/product\/858","targetHints":{"allow":["GET"]}}],"collection":[{"href":"https:\/\/www.transtoyou.com\/lt\/wp-json\/wp\/v2\/product"}],"about":[{"href":"https:\/\/www.transtoyou.com\/lt\/wp-json\/wp\/v2\/types\/product"}],"replies":[{"embeddable":true,"href":"https:\/\/www.transtoyou.com\/lt\/wp-json\/wp\/v2\/comments?post=858"}],"wp:featuredmedia":[{"embeddable":true,"href":"https:\/\/www.transtoyou.com\/lt\/wp-json\/wp\/v2\/media\/860"}],"wp:attachment":[{"href":"https:\/\/www.transtoyou.com\/lt\/wp-json\/wp\/v2\/media?parent=858"}],"wp:term":[{"taxonomy":"product_brand","embeddable":true,"href":"https:\/\/www.transtoyou.com\/lt\/wp-json\/wp\/v2\/product_brand?post=858"},{"taxonomy":"product_cat","embeddable":true,"href":"https:\/\/www.transtoyou.com\/lt\/wp-json\/wp\/v2\/product_cat?post=858"},{"taxonomy":"product_tag","embeddable":true,"href":"https:\/\/www.transtoyou.com\/lt\/wp-json\/wp\/v2\/product_tag?post=858"},{"taxonomy":"expert","embeddable":true,"href":"https:\/\/www.transtoyou.com\/lt\/wp-json\/wp\/v2\/expert?post=858"}],"curies":[{"name":"wp","href":"https:\/\/api.w.org\/{rel}","templated":true}]}}