{"id":861,"date":"2026-01-23T22:09:18","date_gmt":"2026-01-23T20:09:18","guid":{"rendered":"https:\/\/www.transtoyou.com\/lt\/product\/utrogestan\/"},"modified":"2026-03-06T16:04:18","modified_gmt":"2026-03-06T14:04:18","slug":"utrogestanas","status":"publish","type":"product","link":"https:\/\/www.transtoyou.com\/lt\/product\/utrogestanas\/","title":{"rendered":"Utrogestan"},"content":{"rendered":"<p>Utrogestan yra mink\u0161ta kapsul\u0117, kurioje yra mikronizuoto progesterono, hormono, nat\u016braliai gaminamo organizme. Jis naudojamas \u012fvairiose situacijose, kur reikalingas progesteronas, \u012fskaitant hormon\u0173 pakaitin\u0119 terapij\u0105, vaisingumo palaikym\u0105 ir menstruacinio ciklo problem\u0173 valdym\u0105. Kapsules galima gerti arba \u012fvesti mak\u0161tinai, priklausomai nuo indikacijos ir pageidavimo.<\/p>\n<p>Hormon\u0173 pakaitin\u0117je terapijoje Utrogestan da\u017enai derinamas su estrogeno gydymu, kad apsaugot\u0173 gimdos gleivin\u0119. Estrogenas vienas gali sukelti per didel\u012f gimdos gleivin\u0117s augim\u0105, kas padidina komplikacij\u0173 rizik\u0105. Utrogestan padeda subalansuoti \u0161\u012f poveik\u012f, tod\u0117l jis tinka \u017emon\u0117ms, vartojantiems estrogen\u0105, kurie vis dar turi gimd\u0105.<\/p>\n<p>Vaisingumo prie\u017ei\u016broje Utrogestan naudojamas palaikyti lutealin\u0119 ciklo faz\u0119, padedant paruo\u0161ti gimd\u0105 galimai n\u0117\u0161tumui. Jis taip pat gali b\u016bti naudojamas dirbtinio apvaisinimo protokoluose, tokiuose kaip IVF, kad palaikyt\u0173 implantacij\u0105. \u017dmon\u0117ms, patiriantiems nereguliarias m\u0117nesines, skausmingas m\u0117nesines ar prie\u0161menstruacinius simptomus, Utrogestan gali pad\u0117ti reguliuoti cikl\u0105 ir palengvinti diskomfort\u0105.<\/p>\n<p>Utrogestan gaunamas i\u0161 augalini\u0173 \u0161altini\u0173 ir yra bioidenti\u0161kas nat\u016braliam organizme gaminamam hormonui. Jis si\u016blo lankstum\u0105 vartojime ir da\u017enai yra pageidaujamas t\u0173, kurie ie\u0161ko nat\u016bralesnio pasirinkimo hormon\u0173 susijusiuose gydymuose. Nesvarbu, ar naudojamas vaisingumui, menstruacij\u0173 reguliavimui, ar kartu su estrogeno terapija, Utrogestan atlieka svarb\u0173 vaidmen\u012f palaikant hormon\u0173 pusiausvyr\u0105.<\/p>\n","protected":false},"excerpt":{"rendered":"<ul>\n<li>Nat\u016bralus progesterono hormonas<\/li>\n<li>Naudojamas HRT ir vaisingumui<\/li>\n<li>Padeda valdyti menstruacinius ciklus<\/li>\n<\/ul>\n","protected":false},"featured_media":863,"comment_status":"open","ping_status":"closed","template":"","meta":[],"product_brand":[],"product_cat":[139,147,120],"product_tag":[],"expert":[17],"class_list":{"0":"post-861","1":"product","2":"type-product","3":"status-publish","4":"has-post-thumbnail","6":"product_cat-hormonu-terapija-hrt","7":"product_cat-menesiniu-diskomfortas","8":"product_cat-vaisingumas-ir-ovuliacija","9":"expert-dr-c-munoz-parada","11":"first","12":"instock","13":"shipping-taxable","14":"product-type-variable"},"yoast_head":"<!-- This site is optimized with the Yoast SEO plugin v27.0 - https:\/\/yoast.com\/product\/yoast-seo-wordpress\/ -->\n<title>Utrogestan | Hormon\u0173 Pusiausvyros Parama - Transtoyou<\/title>\n<meta name=\"description\" content=\"Utrogestan, prieinamas Transtoyou, si\u016blo nat\u016bral\u0173 progesterono palaikym\u0105. Pirkite dabar patikim\u0105 ir veiksming\u0105 sprendim\u0105 sveikatai.\" \/>\n<meta name=\"robots\" content=\"noindex, follow, max-snippet:-1, max-image-preview:large, max-video-preview:-1\" \/>\n<meta property=\"og:locale\" content=\"lt_LT\" \/>\n<meta property=\"og:type\" content=\"article\" \/>\n<meta property=\"og:title\" content=\"Utrogestan | Hormon\u0173 Pusiausvyros Parama - Transtoyou\" \/>\n<meta property=\"og:description\" content=\"Utrogestan, prieinamas Transtoyou, si\u016blo nat\u016bral\u0173 progesterono palaikym\u0105. Pirkite dabar patikim\u0105 ir veiksming\u0105 sprendim\u0105 sveikatai.\" \/>\n<meta property=\"og:url\" content=\"https:\/\/www.transtoyou.com\/lt\/product\/utrogestan\/\" \/>\n<meta property=\"og:site_name\" content=\"Transtoyou - LT\" \/>\n<meta property=\"article:modified_time\" content=\"2026-03-06T14:04:18+00:00\" \/>\n<meta name=\"twitter:card\" content=\"summary_large_image\" \/>\n<meta name=\"twitter:label1\" content=\"Est. reading time\" \/>\n\t<meta name=\"twitter:data1\" content=\"1 minut\u0117\" \/>\n<script type=\"application\/ld+json\" class=\"yoast-schema-graph\">{\"@context\":\"https:\/\/schema.org\",\"@graph\":[{\"@type\":\"WebPage\",\"@id\":\"https:\/\/www.transtoyou.com\/lt\/product\/utrogestan\/\",\"url\":\"https:\/\/www.transtoyou.com\/lt\/product\/utrogestan\/\",\"name\":\"Utrogestan | Hormon\u0173 Pusiausvyros Parama - Transtoyou\",\"isPartOf\":{\"@id\":\"https:\/\/www.transtoyou.com\/lt\/#website\"},\"primaryImageOfPage\":{\"@id\":\"https:\/\/www.transtoyou.com\/lt\/product\/utrogestan\/#primaryimage\"},\"image\":{\"@id\":\"https:\/\/www.transtoyou.com\/lt\/product\/utrogestan\/#primaryimage\"},\"thumbnailUrl\":\"https:\/\/www.transtoyou.com\/lt\/wp-content\/uploads\/sites\/9\/2026\/01\/tty-no-product-image-49.webp\",\"datePublished\":\"2026-01-23T20:09:18+00:00\",\"dateModified\":\"2026-03-06T14:04:18+00:00\",\"description\":\"Utrogestan, prieinamas Transtoyou, si\u016blo nat\u016bral\u0173 progesterono palaikym\u0105. Pirkite dabar patikim\u0105 ir veiksming\u0105 sprendim\u0105 sveikatai.\",\"breadcrumb\":{\"@id\":\"https:\/\/www.transtoyou.com\/lt\/product\/utrogestan\/#breadcrumb\"},\"inLanguage\":\"lt-LT\",\"potentialAction\":[{\"@type\":\"ReadAction\",\"target\":[\"https:\/\/www.transtoyou.com\/lt\/product\/utrogestan\/\"]}]},{\"@type\":\"ImageObject\",\"inLanguage\":\"lt-LT\",\"@id\":\"https:\/\/www.transtoyou.com\/lt\/product\/utrogestan\/#primaryimage\",\"url\":\"https:\/\/www.transtoyou.com\/lt\/wp-content\/uploads\/sites\/9\/2026\/01\/tty-no-product-image-49.webp\",\"contentUrl\":\"https:\/\/www.transtoyou.com\/lt\/wp-content\/uploads\/sites\/9\/2026\/01\/tty-no-product-image-49.webp\",\"width\":1000,\"height\":1000,\"caption\":\"Numatytasis produkto vaizdas\"},{\"@type\":\"WebSite\",\"@id\":\"https:\/\/www.transtoyou.com\/lt\/#website\",\"url\":\"https:\/\/www.transtoyou.com\/lt\/\",\"name\":\"Transtoyou - LT\",\"description\":\"\",\"publisher\":{\"@id\":\"https:\/\/www.transtoyou.com\/lt\/#organization\"},\"potentialAction\":[{\"@type\":\"SearchAction\",\"target\":{\"@type\":\"EntryPoint\",\"urlTemplate\":\"https:\/\/www.transtoyou.com\/lt\/?s={search_term_string}\"},\"query-input\":{\"@type\":\"PropertyValueSpecification\",\"valueRequired\":true,\"valueName\":\"search_term_string\"}}],\"inLanguage\":\"lt-LT\"},{\"@type\":\"Organization\",\"@id\":\"https:\/\/www.transtoyou.com\/lt\/#organization\",\"name\":\"Transtoyou - LT\",\"url\":\"https:\/\/www.transtoyou.com\/lt\/\",\"logo\":{\"@type\":\"ImageObject\",\"inLanguage\":\"lt-LT\",\"@id\":\"https:\/\/www.transtoyou.com\/lt\/#\/schema\/logo\/image\/\",\"url\":\"https:\/\/www.transtoyou.com\/lt\/wp-content\/uploads\/sites\/9\/2026\/01\/logo-tty-menu-bar-300x87-1.webp\",\"contentUrl\":\"https:\/\/www.transtoyou.com\/lt\/wp-content\/uploads\/sites\/9\/2026\/01\/logo-tty-menu-bar-300x87-1.webp\",\"width\":300,\"height\":87,\"caption\":\"Transtoyou - LT\"},\"image\":{\"@id\":\"https:\/\/www.transtoyou.com\/lt\/#\/schema\/logo\/image\/\"}}]}<\/script>\n<!-- \/ Yoast SEO plugin. -->","yoast_head_json":{"title":"Utrogestan | Hormon\u0173 Pusiausvyros Parama - Transtoyou","description":"Utrogestan, prieinamas Transtoyou, si\u016blo nat\u016bral\u0173 progesterono palaikym\u0105. Pirkite dabar patikim\u0105 ir veiksming\u0105 sprendim\u0105 sveikatai.","robots":{"index":"noindex","follow":"follow","max-snippet":"max-snippet:-1","max-image-preview":"max-image-preview:large","max-video-preview":"max-video-preview:-1"},"og_locale":"lt_LT","og_type":"article","og_title":"Utrogestan | Hormon\u0173 Pusiausvyros Parama - Transtoyou","og_description":"Utrogestan, prieinamas Transtoyou, si\u016blo nat\u016bral\u0173 progesterono palaikym\u0105. Pirkite dabar patikim\u0105 ir veiksming\u0105 sprendim\u0105 sveikatai.","og_url":"https:\/\/www.transtoyou.com\/lt\/product\/utrogestan\/","og_site_name":"Transtoyou - LT","article_modified_time":"2026-03-06T14:04:18+00:00","twitter_card":"summary_large_image","twitter_misc":{"Est. reading time":"1 minut\u0117"},"schema":{"@context":"https:\/\/schema.org","@graph":[{"@type":"WebPage","@id":"https:\/\/www.transtoyou.com\/lt\/product\/utrogestan\/","url":"https:\/\/www.transtoyou.com\/lt\/product\/utrogestan\/","name":"Utrogestan | Hormon\u0173 Pusiausvyros Parama - Transtoyou","isPartOf":{"@id":"https:\/\/www.transtoyou.com\/lt\/#website"},"primaryImageOfPage":{"@id":"https:\/\/www.transtoyou.com\/lt\/product\/utrogestan\/#primaryimage"},"image":{"@id":"https:\/\/www.transtoyou.com\/lt\/product\/utrogestan\/#primaryimage"},"thumbnailUrl":"https:\/\/www.transtoyou.com\/lt\/wp-content\/uploads\/sites\/9\/2026\/01\/tty-no-product-image-49.webp","datePublished":"2026-01-23T20:09:18+00:00","dateModified":"2026-03-06T14:04:18+00:00","description":"Utrogestan, prieinamas Transtoyou, si\u016blo nat\u016bral\u0173 progesterono palaikym\u0105. Pirkite dabar patikim\u0105 ir veiksming\u0105 sprendim\u0105 sveikatai.","breadcrumb":{"@id":"https:\/\/www.transtoyou.com\/lt\/product\/utrogestan\/#breadcrumb"},"inLanguage":"lt-LT","potentialAction":[{"@type":"ReadAction","target":["https:\/\/www.transtoyou.com\/lt\/product\/utrogestan\/"]}]},{"@type":"ImageObject","inLanguage":"lt-LT","@id":"https:\/\/www.transtoyou.com\/lt\/product\/utrogestan\/#primaryimage","url":"https:\/\/www.transtoyou.com\/lt\/wp-content\/uploads\/sites\/9\/2026\/01\/tty-no-product-image-49.webp","contentUrl":"https:\/\/www.transtoyou.com\/lt\/wp-content\/uploads\/sites\/9\/2026\/01\/tty-no-product-image-49.webp","width":1000,"height":1000,"caption":"Numatytasis produkto vaizdas"},{"@type":"WebSite","@id":"https:\/\/www.transtoyou.com\/lt\/#website","url":"https:\/\/www.transtoyou.com\/lt\/","name":"Transtoyou - LT","description":"","publisher":{"@id":"https:\/\/www.transtoyou.com\/lt\/#organization"},"potentialAction":[{"@type":"SearchAction","target":{"@type":"EntryPoint","urlTemplate":"https:\/\/www.transtoyou.com\/lt\/?s={search_term_string}"},"query-input":{"@type":"PropertyValueSpecification","valueRequired":true,"valueName":"search_term_string"}}],"inLanguage":"lt-LT"},{"@type":"Organization","@id":"https:\/\/www.transtoyou.com\/lt\/#organization","name":"Transtoyou - LT","url":"https:\/\/www.transtoyou.com\/lt\/","logo":{"@type":"ImageObject","inLanguage":"lt-LT","@id":"https:\/\/www.transtoyou.com\/lt\/#\/schema\/logo\/image\/","url":"https:\/\/www.transtoyou.com\/lt\/wp-content\/uploads\/sites\/9\/2026\/01\/logo-tty-menu-bar-300x87-1.webp","contentUrl":"https:\/\/www.transtoyou.com\/lt\/wp-content\/uploads\/sites\/9\/2026\/01\/logo-tty-menu-bar-300x87-1.webp","width":300,"height":87,"caption":"Transtoyou - LT"},"image":{"@id":"https:\/\/www.transtoyou.com\/lt\/#\/schema\/logo\/image\/"}}]}},"_links":{"self":[{"href":"https:\/\/www.transtoyou.com\/lt\/wp-json\/wp\/v2\/product\/861","targetHints":{"allow":["GET"]}}],"collection":[{"href":"https:\/\/www.transtoyou.com\/lt\/wp-json\/wp\/v2\/product"}],"about":[{"href":"https:\/\/www.transtoyou.com\/lt\/wp-json\/wp\/v2\/types\/product"}],"replies":[{"embeddable":true,"href":"https:\/\/www.transtoyou.com\/lt\/wp-json\/wp\/v2\/comments?post=861"}],"wp:featuredmedia":[{"embeddable":true,"href":"https:\/\/www.transtoyou.com\/lt\/wp-json\/wp\/v2\/media\/863"}],"wp:attachment":[{"href":"https:\/\/www.transtoyou.com\/lt\/wp-json\/wp\/v2\/media?parent=861"}],"wp:term":[{"taxonomy":"product_brand","embeddable":true,"href":"https:\/\/www.transtoyou.com\/lt\/wp-json\/wp\/v2\/product_brand?post=861"},{"taxonomy":"product_cat","embeddable":true,"href":"https:\/\/www.transtoyou.com\/lt\/wp-json\/wp\/v2\/product_cat?post=861"},{"taxonomy":"product_tag","embeddable":true,"href":"https:\/\/www.transtoyou.com\/lt\/wp-json\/wp\/v2\/product_tag?post=861"},{"taxonomy":"expert","embeddable":true,"href":"https:\/\/www.transtoyou.com\/lt\/wp-json\/wp\/v2\/expert?post=861"}],"curies":[{"name":"wp","href":"https:\/\/api.w.org\/{rel}","templated":true}]}}