{"id":873,"date":"2026-01-23T23:18:41","date_gmt":"2026-01-23T21:18:41","guid":{"rendered":"https:\/\/www.transtoyou.com\/lt\/product\/femoston\/"},"modified":"2026-01-23T23:19:37","modified_gmt":"2026-01-23T21:19:37","slug":"femostonas","status":"publish","type":"product","link":"https:\/\/www.transtoyou.com\/lt\/product\/femostonas\/","title":{"rendered":"Femoston"},"content":{"rendered":"<p>Femoston yra tablet\u0117, naudojama hormon\u0173 pakaitin\u0117s terapijos dalimi, siekiant palengvinti simptomus, susijusius su \u017eemu estrogeno lygiu. Joje yra dvi hormon\u0173: estradiolio, estrogeno forma, ir dydrogesterono, progestageno, kuris padeda apsaugoti gimdos gleivin\u0119. \u0160i kombinacija paprastai naudojama \u017emoni\u0173, kurie pasiek\u0117 menopauz\u0119 ir vis dar turi gimd\u0105.<\/p>\n<p>Menopauz\u0117s simptomai, tokie kaip kar\u0161\u010dio bangos, naktinis prakaitavimas, nuotaik\u0173 svyravimai ir mak\u0161ties sausumas, atsiranda d\u0117l suma\u017e\u0117jusio estrogeno lygio. Femoston papildys \u0161\u012f hormon\u0105, kad atstatyt\u0173 pusiausvyr\u0105 ir suma\u017eint\u0173 diskomfort\u0105. Progestageno komponentas padeda u\u017ekirsti keli\u0105 gimdos gleivin\u0117s pertekliui, kuris gali atsitikti, kai estrogenas vartojamas vienas.<\/p>\n<p>Femoston vartojamas kart\u0105 per dien\u0105, yra skirting\u0173 formuli\u0173, priklausomai nuo to, ar reikia nuolatinio, ar ciklinio hormon\u0173 modelio. Nuoseklus vartojimas padeda valdyti tiek trumpalaikius estrogeno tr\u016bkumo simptomus, tiek prisideda prie ilgalaiki\u0173 tiksl\u0173, susijusi\u0173 su hormon\u0173 stabilumu ir gyvenimo kokybe.<\/p>\n","protected":false},"excerpt":{"rendered":"<ul>\n<li>Kasdien\u0117 hormon\u0173 tablet\u0117<\/li>\n<li>Palengvina menopauz\u0119<\/li>\n<li>Jungia estrogen\u0105 ir progestogen\u0105<\/li>\n<\/ul>\n","protected":false},"featured_media":875,"comment_status":"open","ping_status":"closed","template":"","meta":[],"product_brand":[],"product_cat":[139,145],"product_tag":[],"expert":[16],"class_list":{"0":"post-873","1":"product","2":"type-product","3":"status-publish","4":"has-post-thumbnail","6":"product_cat-hormonu-terapija-hrt","7":"product_cat-menopauzes-ir-pms-palengvinimas","8":"expert-dr-c-alexandru","10":"first","11":"instock","12":"shipping-taxable","13":"product-type-variable"},"yoast_head":"<!-- This site is optimized with the Yoast SEO plugin v27.0 - https:\/\/yoast.com\/product\/yoast-seo-wordpress\/ -->\n<title>Femoston | Hormon\u0173 Pusiausvyros Parama - Transtoyou<\/title>\n<meta name=\"description\" content=\"Femoston, prieinamas Transtoyou. Su\u017einokite apie jo naud\u0105 hormon\u0173 pusiausvyrai ir gerovei. Pirkite dabar patikimam sprendimui.\" \/>\n<meta name=\"robots\" content=\"noindex, follow, max-snippet:-1, max-image-preview:large, max-video-preview:-1\" \/>\n<meta property=\"og:locale\" content=\"lt_LT\" \/>\n<meta property=\"og:type\" content=\"article\" \/>\n<meta property=\"og:title\" content=\"Femoston | Hormon\u0173 Pusiausvyros Parama - Transtoyou\" \/>\n<meta property=\"og:description\" content=\"Femoston, prieinamas Transtoyou. Su\u017einokite apie jo naud\u0105 hormon\u0173 pusiausvyrai ir gerovei. Pirkite dabar patikimam sprendimui.\" \/>\n<meta property=\"og:url\" content=\"https:\/\/www.transtoyou.com\/lt\/product\/femoston\/\" \/>\n<meta property=\"og:site_name\" content=\"Transtoyou - LT\" \/>\n<meta property=\"article:modified_time\" content=\"2026-01-23T21:19:37+00:00\" \/>\n<meta name=\"twitter:card\" content=\"summary_large_image\" \/>\n<meta name=\"twitter:label1\" content=\"Est. reading time\" \/>\n\t<meta name=\"twitter:data1\" content=\"1 minut\u0117\" \/>\n<script type=\"application\/ld+json\" class=\"yoast-schema-graph\">{\"@context\":\"https:\/\/schema.org\",\"@graph\":[{\"@type\":\"WebPage\",\"@id\":\"https:\/\/www.transtoyou.com\/lt\/product\/femoston\/\",\"url\":\"https:\/\/www.transtoyou.com\/lt\/product\/femoston\/\",\"name\":\"Femoston | Hormon\u0173 Pusiausvyros Parama - Transtoyou\",\"isPartOf\":{\"@id\":\"https:\/\/www.transtoyou.com\/lt\/#website\"},\"primaryImageOfPage\":{\"@id\":\"https:\/\/www.transtoyou.com\/lt\/product\/femoston\/#primaryimage\"},\"image\":{\"@id\":\"https:\/\/www.transtoyou.com\/lt\/product\/femoston\/#primaryimage\"},\"thumbnailUrl\":\"https:\/\/www.transtoyou.com\/lt\/wp-content\/uploads\/sites\/9\/2026\/01\/tty-no-product-image-53.webp\",\"datePublished\":\"2026-01-23T21:18:41+00:00\",\"dateModified\":\"2026-01-23T21:19:37+00:00\",\"description\":\"Femoston, prieinamas Transtoyou. Su\u017einokite apie jo naud\u0105 hormon\u0173 pusiausvyrai ir gerovei. Pirkite dabar patikimam sprendimui.\",\"breadcrumb\":{\"@id\":\"https:\/\/www.transtoyou.com\/lt\/product\/femoston\/#breadcrumb\"},\"inLanguage\":\"lt-LT\",\"potentialAction\":[{\"@type\":\"ReadAction\",\"target\":[\"https:\/\/www.transtoyou.com\/lt\/product\/femoston\/\"]}]},{\"@type\":\"ImageObject\",\"inLanguage\":\"lt-LT\",\"@id\":\"https:\/\/www.transtoyou.com\/lt\/product\/femoston\/#primaryimage\",\"url\":\"https:\/\/www.transtoyou.com\/lt\/wp-content\/uploads\/sites\/9\/2026\/01\/tty-no-product-image-53.webp\",\"contentUrl\":\"https:\/\/www.transtoyou.com\/lt\/wp-content\/uploads\/sites\/9\/2026\/01\/tty-no-product-image-53.webp\",\"width\":1000,\"height\":1000,\"caption\":\"Numatytas produkto vaizdas\"},{\"@type\":\"WebSite\",\"@id\":\"https:\/\/www.transtoyou.com\/lt\/#website\",\"url\":\"https:\/\/www.transtoyou.com\/lt\/\",\"name\":\"Transtoyou - LT\",\"description\":\"\",\"publisher\":{\"@id\":\"https:\/\/www.transtoyou.com\/lt\/#organization\"},\"potentialAction\":[{\"@type\":\"SearchAction\",\"target\":{\"@type\":\"EntryPoint\",\"urlTemplate\":\"https:\/\/www.transtoyou.com\/lt\/?s={search_term_string}\"},\"query-input\":{\"@type\":\"PropertyValueSpecification\",\"valueRequired\":true,\"valueName\":\"search_term_string\"}}],\"inLanguage\":\"lt-LT\"},{\"@type\":\"Organization\",\"@id\":\"https:\/\/www.transtoyou.com\/lt\/#organization\",\"name\":\"Transtoyou - LT\",\"url\":\"https:\/\/www.transtoyou.com\/lt\/\",\"logo\":{\"@type\":\"ImageObject\",\"inLanguage\":\"lt-LT\",\"@id\":\"https:\/\/www.transtoyou.com\/lt\/#\/schema\/logo\/image\/\",\"url\":\"https:\/\/www.transtoyou.com\/lt\/wp-content\/uploads\/sites\/9\/2026\/01\/logo-tty-menu-bar-300x87-1.webp\",\"contentUrl\":\"https:\/\/www.transtoyou.com\/lt\/wp-content\/uploads\/sites\/9\/2026\/01\/logo-tty-menu-bar-300x87-1.webp\",\"width\":300,\"height\":87,\"caption\":\"Transtoyou - LT\"},\"image\":{\"@id\":\"https:\/\/www.transtoyou.com\/lt\/#\/schema\/logo\/image\/\"}}]}<\/script>\n<!-- \/ Yoast SEO plugin. -->","yoast_head_json":{"title":"Femoston | Hormon\u0173 Pusiausvyros Parama - Transtoyou","description":"Femoston, prieinamas Transtoyou. Su\u017einokite apie jo naud\u0105 hormon\u0173 pusiausvyrai ir gerovei. Pirkite dabar patikimam sprendimui.","robots":{"index":"noindex","follow":"follow","max-snippet":"max-snippet:-1","max-image-preview":"max-image-preview:large","max-video-preview":"max-video-preview:-1"},"og_locale":"lt_LT","og_type":"article","og_title":"Femoston | Hormon\u0173 Pusiausvyros Parama - Transtoyou","og_description":"Femoston, prieinamas Transtoyou. Su\u017einokite apie jo naud\u0105 hormon\u0173 pusiausvyrai ir gerovei. Pirkite dabar patikimam sprendimui.","og_url":"https:\/\/www.transtoyou.com\/lt\/product\/femoston\/","og_site_name":"Transtoyou - LT","article_modified_time":"2026-01-23T21:19:37+00:00","twitter_card":"summary_large_image","twitter_misc":{"Est. reading time":"1 minut\u0117"},"schema":{"@context":"https:\/\/schema.org","@graph":[{"@type":"WebPage","@id":"https:\/\/www.transtoyou.com\/lt\/product\/femoston\/","url":"https:\/\/www.transtoyou.com\/lt\/product\/femoston\/","name":"Femoston | Hormon\u0173 Pusiausvyros Parama - Transtoyou","isPartOf":{"@id":"https:\/\/www.transtoyou.com\/lt\/#website"},"primaryImageOfPage":{"@id":"https:\/\/www.transtoyou.com\/lt\/product\/femoston\/#primaryimage"},"image":{"@id":"https:\/\/www.transtoyou.com\/lt\/product\/femoston\/#primaryimage"},"thumbnailUrl":"https:\/\/www.transtoyou.com\/lt\/wp-content\/uploads\/sites\/9\/2026\/01\/tty-no-product-image-53.webp","datePublished":"2026-01-23T21:18:41+00:00","dateModified":"2026-01-23T21:19:37+00:00","description":"Femoston, prieinamas Transtoyou. Su\u017einokite apie jo naud\u0105 hormon\u0173 pusiausvyrai ir gerovei. Pirkite dabar patikimam sprendimui.","breadcrumb":{"@id":"https:\/\/www.transtoyou.com\/lt\/product\/femoston\/#breadcrumb"},"inLanguage":"lt-LT","potentialAction":[{"@type":"ReadAction","target":["https:\/\/www.transtoyou.com\/lt\/product\/femoston\/"]}]},{"@type":"ImageObject","inLanguage":"lt-LT","@id":"https:\/\/www.transtoyou.com\/lt\/product\/femoston\/#primaryimage","url":"https:\/\/www.transtoyou.com\/lt\/wp-content\/uploads\/sites\/9\/2026\/01\/tty-no-product-image-53.webp","contentUrl":"https:\/\/www.transtoyou.com\/lt\/wp-content\/uploads\/sites\/9\/2026\/01\/tty-no-product-image-53.webp","width":1000,"height":1000,"caption":"Numatytas produkto vaizdas"},{"@type":"WebSite","@id":"https:\/\/www.transtoyou.com\/lt\/#website","url":"https:\/\/www.transtoyou.com\/lt\/","name":"Transtoyou - LT","description":"","publisher":{"@id":"https:\/\/www.transtoyou.com\/lt\/#organization"},"potentialAction":[{"@type":"SearchAction","target":{"@type":"EntryPoint","urlTemplate":"https:\/\/www.transtoyou.com\/lt\/?s={search_term_string}"},"query-input":{"@type":"PropertyValueSpecification","valueRequired":true,"valueName":"search_term_string"}}],"inLanguage":"lt-LT"},{"@type":"Organization","@id":"https:\/\/www.transtoyou.com\/lt\/#organization","name":"Transtoyou - LT","url":"https:\/\/www.transtoyou.com\/lt\/","logo":{"@type":"ImageObject","inLanguage":"lt-LT","@id":"https:\/\/www.transtoyou.com\/lt\/#\/schema\/logo\/image\/","url":"https:\/\/www.transtoyou.com\/lt\/wp-content\/uploads\/sites\/9\/2026\/01\/logo-tty-menu-bar-300x87-1.webp","contentUrl":"https:\/\/www.transtoyou.com\/lt\/wp-content\/uploads\/sites\/9\/2026\/01\/logo-tty-menu-bar-300x87-1.webp","width":300,"height":87,"caption":"Transtoyou - LT"},"image":{"@id":"https:\/\/www.transtoyou.com\/lt\/#\/schema\/logo\/image\/"}}]}},"_links":{"self":[{"href":"https:\/\/www.transtoyou.com\/lt\/wp-json\/wp\/v2\/product\/873","targetHints":{"allow":["GET"]}}],"collection":[{"href":"https:\/\/www.transtoyou.com\/lt\/wp-json\/wp\/v2\/product"}],"about":[{"href":"https:\/\/www.transtoyou.com\/lt\/wp-json\/wp\/v2\/types\/product"}],"replies":[{"embeddable":true,"href":"https:\/\/www.transtoyou.com\/lt\/wp-json\/wp\/v2\/comments?post=873"}],"wp:featuredmedia":[{"embeddable":true,"href":"https:\/\/www.transtoyou.com\/lt\/wp-json\/wp\/v2\/media\/875"}],"wp:attachment":[{"href":"https:\/\/www.transtoyou.com\/lt\/wp-json\/wp\/v2\/media?parent=873"}],"wp:term":[{"taxonomy":"product_brand","embeddable":true,"href":"https:\/\/www.transtoyou.com\/lt\/wp-json\/wp\/v2\/product_brand?post=873"},{"taxonomy":"product_cat","embeddable":true,"href":"https:\/\/www.transtoyou.com\/lt\/wp-json\/wp\/v2\/product_cat?post=873"},{"taxonomy":"product_tag","embeddable":true,"href":"https:\/\/www.transtoyou.com\/lt\/wp-json\/wp\/v2\/product_tag?post=873"},{"taxonomy":"expert","embeddable":true,"href":"https:\/\/www.transtoyou.com\/lt\/wp-json\/wp\/v2\/expert?post=873"}],"curies":[{"name":"wp","href":"https:\/\/api.w.org\/{rel}","templated":true}]}}