{"id":876,"date":"2026-01-23T23:31:40","date_gmt":"2026-01-23T21:31:40","guid":{"rendered":"https:\/\/www.transtoyou.com\/lt\/product\/lenzetto\/"},"modified":"2026-01-23T23:32:45","modified_gmt":"2026-01-23T21:32:45","slug":"lenzetto","status":"publish","type":"product","link":"https:\/\/www.transtoyou.com\/lt\/product\/lenzetto\/","title":{"rendered":"Lenzetto"},"content":{"rendered":"<p>Lenzetto yra pur\u0161kalas, naudojamas estrogenui tiekti per od\u0105 \u012f krauj\u0105. Jame yra estradiolio, estrogeno formos, identi\u0161kos hormonui, nat\u016braliai gaminamam organizme. \u0160i medicinin\u0117 priemon\u0117 naudojama hormon\u0173 pakaitinei terapijai gydyti simptomus, kuriuos sukelia \u017eemas estrogeno lygis, ir taip pat tinka feminizuojan\u010diai hormon\u0173 terapijai.<\/p>\n<p>Menopauz\u0117s metu arba situacijose, kai estrogenas reikalingas kitoms prie\u017eastims, \u017emon\u0117s gali patirti simptomus, tokius kaip kar\u0161\u010dio bangos, naktinis prakaitavimas, nuotaikos poky\u010diai ir mak\u0161ties sausumas. Lenzetto atkuria estrogeno lygius, kad pad\u0117t\u0173 suma\u017einti \u0161i\u0173 simptom\u0173 sunkum\u0105. Kadangi pur\u0161kalas tepamas ant odos, jis aplenkia vir\u0161kinimo sistem\u0105 ir si\u016blo lanks\u010di\u0105, neoralin\u0119 alternatyv\u0105 tablet\u0117ms ar pleistrams.<\/p>\n<p>Pur\u0161kalas tepamas kart\u0105 per dien\u0105 ant \u0161varios, sausos odos, paprastai ant vidin\u0117s dilbio dalies. Jis greitai i\u0161d\u017ei\u016bsta ir nepalieka liku\u010di\u0173. Lenzetto leid\u017eia individualizuoti dozes ir suteikia diskreti\u0161k\u0105, ma\u017eai prie\u017ei\u016bros reikalaujan\u010di\u0105 estrogeno tiekimo metod\u0105 tiek menopauz\u0117s palengvinimui, tiek feminizuojan\u010diai prie\u017ei\u016brai.<\/p>\n","protected":false},"excerpt":{"rendered":"<ul>\n<li>Estrogeno pur\u0161kalas odos absorbcijai<\/li>\n<li>Naudojamas menopauz\u0117s metu<\/li>\n<li>Reguliuojama kasdien\u0117 doz\u0117<\/li>\n<\/ul>\n","protected":false},"featured_media":878,"comment_status":"open","ping_status":"closed","template":"","meta":[],"product_brand":[],"product_cat":[139],"product_tag":[],"expert":[16],"class_list":{"0":"post-876","1":"product","2":"type-product","3":"status-publish","4":"has-post-thumbnail","6":"product_cat-hormonu-terapija-hrt","7":"expert-dr-c-alexandru","9":"first","10":"instock","11":"shipping-taxable","12":"product-type-variable"},"yoast_head":"<!-- This site is optimized with the Yoast SEO plugin v27.0 - https:\/\/yoast.com\/product\/yoast-seo-wordpress\/ -->\n<title>Lenzetto | Paprastas hormon\u0173 pur\u0161kiklis - Transtoyou<\/title>\n<meta name=\"description\" content=\"Lenzetto, prieinamas Transtoyou, si\u016blo efektyvi\u0105 pagalb\u0105 menopauz\u0117s simptomams. Su\u017einokite apie privalumus ir \u012fsigykite dabar patogiam sprendimui.\" \/>\n<meta name=\"robots\" content=\"noindex, follow, max-snippet:-1, max-image-preview:large, max-video-preview:-1\" \/>\n<meta property=\"og:locale\" content=\"lt_LT\" \/>\n<meta property=\"og:type\" content=\"article\" \/>\n<meta property=\"og:title\" content=\"Lenzetto | Paprastas hormon\u0173 pur\u0161kiklis - Transtoyou\" \/>\n<meta property=\"og:description\" content=\"Lenzetto, prieinamas Transtoyou, si\u016blo efektyvi\u0105 pagalb\u0105 menopauz\u0117s simptomams. Su\u017einokite apie privalumus ir \u012fsigykite dabar patogiam sprendimui.\" \/>\n<meta property=\"og:url\" content=\"https:\/\/www.transtoyou.com\/lt\/product\/lenzetto\/\" \/>\n<meta property=\"og:site_name\" content=\"Transtoyou - LT\" \/>\n<meta property=\"article:modified_time\" content=\"2026-01-23T21:32:45+00:00\" \/>\n<meta name=\"twitter:card\" content=\"summary_large_image\" \/>\n<meta name=\"twitter:label1\" content=\"Est. reading time\" \/>\n\t<meta name=\"twitter:data1\" content=\"1 minut\u0117\" \/>\n<script type=\"application\/ld+json\" class=\"yoast-schema-graph\">{\"@context\":\"https:\/\/schema.org\",\"@graph\":[{\"@type\":\"WebPage\",\"@id\":\"https:\/\/www.transtoyou.com\/lt\/product\/lenzetto\/\",\"url\":\"https:\/\/www.transtoyou.com\/lt\/product\/lenzetto\/\",\"name\":\"Lenzetto | Paprastas hormon\u0173 pur\u0161kiklis - Transtoyou\",\"isPartOf\":{\"@id\":\"https:\/\/www.transtoyou.com\/lt\/#website\"},\"primaryImageOfPage\":{\"@id\":\"https:\/\/www.transtoyou.com\/lt\/product\/lenzetto\/#primaryimage\"},\"image\":{\"@id\":\"https:\/\/www.transtoyou.com\/lt\/product\/lenzetto\/#primaryimage\"},\"thumbnailUrl\":\"https:\/\/www.transtoyou.com\/lt\/wp-content\/uploads\/sites\/9\/2026\/01\/tty-no-product-image-54.webp\",\"datePublished\":\"2026-01-23T21:31:40+00:00\",\"dateModified\":\"2026-01-23T21:32:45+00:00\",\"description\":\"Lenzetto, prieinamas Transtoyou, si\u016blo efektyvi\u0105 pagalb\u0105 menopauz\u0117s simptomams. Su\u017einokite apie privalumus ir \u012fsigykite dabar patogiam sprendimui.\",\"breadcrumb\":{\"@id\":\"https:\/\/www.transtoyou.com\/lt\/product\/lenzetto\/#breadcrumb\"},\"inLanguage\":\"lt-LT\",\"potentialAction\":[{\"@type\":\"ReadAction\",\"target\":[\"https:\/\/www.transtoyou.com\/lt\/product\/lenzetto\/\"]}]},{\"@type\":\"ImageObject\",\"inLanguage\":\"lt-LT\",\"@id\":\"https:\/\/www.transtoyou.com\/lt\/product\/lenzetto\/#primaryimage\",\"url\":\"https:\/\/www.transtoyou.com\/lt\/wp-content\/uploads\/sites\/9\/2026\/01\/tty-no-product-image-54.webp\",\"contentUrl\":\"https:\/\/www.transtoyou.com\/lt\/wp-content\/uploads\/sites\/9\/2026\/01\/tty-no-product-image-54.webp\",\"width\":1000,\"height\":1000,\"caption\":\"Numatytas produkto vaizdas\"},{\"@type\":\"WebSite\",\"@id\":\"https:\/\/www.transtoyou.com\/lt\/#website\",\"url\":\"https:\/\/www.transtoyou.com\/lt\/\",\"name\":\"Transtoyou - LT\",\"description\":\"\",\"publisher\":{\"@id\":\"https:\/\/www.transtoyou.com\/lt\/#organization\"},\"potentialAction\":[{\"@type\":\"SearchAction\",\"target\":{\"@type\":\"EntryPoint\",\"urlTemplate\":\"https:\/\/www.transtoyou.com\/lt\/?s={search_term_string}\"},\"query-input\":{\"@type\":\"PropertyValueSpecification\",\"valueRequired\":true,\"valueName\":\"search_term_string\"}}],\"inLanguage\":\"lt-LT\"},{\"@type\":\"Organization\",\"@id\":\"https:\/\/www.transtoyou.com\/lt\/#organization\",\"name\":\"Transtoyou - LT\",\"url\":\"https:\/\/www.transtoyou.com\/lt\/\",\"logo\":{\"@type\":\"ImageObject\",\"inLanguage\":\"lt-LT\",\"@id\":\"https:\/\/www.transtoyou.com\/lt\/#\/schema\/logo\/image\/\",\"url\":\"https:\/\/www.transtoyou.com\/lt\/wp-content\/uploads\/sites\/9\/2026\/01\/logo-tty-menu-bar-300x87-1.webp\",\"contentUrl\":\"https:\/\/www.transtoyou.com\/lt\/wp-content\/uploads\/sites\/9\/2026\/01\/logo-tty-menu-bar-300x87-1.webp\",\"width\":300,\"height\":87,\"caption\":\"Transtoyou - LT\"},\"image\":{\"@id\":\"https:\/\/www.transtoyou.com\/lt\/#\/schema\/logo\/image\/\"}}]}<\/script>\n<!-- \/ Yoast SEO plugin. -->","yoast_head_json":{"title":"Lenzetto | Paprastas hormon\u0173 pur\u0161kiklis - Transtoyou","description":"Lenzetto, prieinamas Transtoyou, si\u016blo efektyvi\u0105 pagalb\u0105 menopauz\u0117s simptomams. Su\u017einokite apie privalumus ir \u012fsigykite dabar patogiam sprendimui.","robots":{"index":"noindex","follow":"follow","max-snippet":"max-snippet:-1","max-image-preview":"max-image-preview:large","max-video-preview":"max-video-preview:-1"},"og_locale":"lt_LT","og_type":"article","og_title":"Lenzetto | Paprastas hormon\u0173 pur\u0161kiklis - Transtoyou","og_description":"Lenzetto, prieinamas Transtoyou, si\u016blo efektyvi\u0105 pagalb\u0105 menopauz\u0117s simptomams. Su\u017einokite apie privalumus ir \u012fsigykite dabar patogiam sprendimui.","og_url":"https:\/\/www.transtoyou.com\/lt\/product\/lenzetto\/","og_site_name":"Transtoyou - LT","article_modified_time":"2026-01-23T21:32:45+00:00","twitter_card":"summary_large_image","twitter_misc":{"Est. reading time":"1 minut\u0117"},"schema":{"@context":"https:\/\/schema.org","@graph":[{"@type":"WebPage","@id":"https:\/\/www.transtoyou.com\/lt\/product\/lenzetto\/","url":"https:\/\/www.transtoyou.com\/lt\/product\/lenzetto\/","name":"Lenzetto | Paprastas hormon\u0173 pur\u0161kiklis - Transtoyou","isPartOf":{"@id":"https:\/\/www.transtoyou.com\/lt\/#website"},"primaryImageOfPage":{"@id":"https:\/\/www.transtoyou.com\/lt\/product\/lenzetto\/#primaryimage"},"image":{"@id":"https:\/\/www.transtoyou.com\/lt\/product\/lenzetto\/#primaryimage"},"thumbnailUrl":"https:\/\/www.transtoyou.com\/lt\/wp-content\/uploads\/sites\/9\/2026\/01\/tty-no-product-image-54.webp","datePublished":"2026-01-23T21:31:40+00:00","dateModified":"2026-01-23T21:32:45+00:00","description":"Lenzetto, prieinamas Transtoyou, si\u016blo efektyvi\u0105 pagalb\u0105 menopauz\u0117s simptomams. Su\u017einokite apie privalumus ir \u012fsigykite dabar patogiam sprendimui.","breadcrumb":{"@id":"https:\/\/www.transtoyou.com\/lt\/product\/lenzetto\/#breadcrumb"},"inLanguage":"lt-LT","potentialAction":[{"@type":"ReadAction","target":["https:\/\/www.transtoyou.com\/lt\/product\/lenzetto\/"]}]},{"@type":"ImageObject","inLanguage":"lt-LT","@id":"https:\/\/www.transtoyou.com\/lt\/product\/lenzetto\/#primaryimage","url":"https:\/\/www.transtoyou.com\/lt\/wp-content\/uploads\/sites\/9\/2026\/01\/tty-no-product-image-54.webp","contentUrl":"https:\/\/www.transtoyou.com\/lt\/wp-content\/uploads\/sites\/9\/2026\/01\/tty-no-product-image-54.webp","width":1000,"height":1000,"caption":"Numatytas produkto vaizdas"},{"@type":"WebSite","@id":"https:\/\/www.transtoyou.com\/lt\/#website","url":"https:\/\/www.transtoyou.com\/lt\/","name":"Transtoyou - LT","description":"","publisher":{"@id":"https:\/\/www.transtoyou.com\/lt\/#organization"},"potentialAction":[{"@type":"SearchAction","target":{"@type":"EntryPoint","urlTemplate":"https:\/\/www.transtoyou.com\/lt\/?s={search_term_string}"},"query-input":{"@type":"PropertyValueSpecification","valueRequired":true,"valueName":"search_term_string"}}],"inLanguage":"lt-LT"},{"@type":"Organization","@id":"https:\/\/www.transtoyou.com\/lt\/#organization","name":"Transtoyou - LT","url":"https:\/\/www.transtoyou.com\/lt\/","logo":{"@type":"ImageObject","inLanguage":"lt-LT","@id":"https:\/\/www.transtoyou.com\/lt\/#\/schema\/logo\/image\/","url":"https:\/\/www.transtoyou.com\/lt\/wp-content\/uploads\/sites\/9\/2026\/01\/logo-tty-menu-bar-300x87-1.webp","contentUrl":"https:\/\/www.transtoyou.com\/lt\/wp-content\/uploads\/sites\/9\/2026\/01\/logo-tty-menu-bar-300x87-1.webp","width":300,"height":87,"caption":"Transtoyou - LT"},"image":{"@id":"https:\/\/www.transtoyou.com\/lt\/#\/schema\/logo\/image\/"}}]}},"_links":{"self":[{"href":"https:\/\/www.transtoyou.com\/lt\/wp-json\/wp\/v2\/product\/876","targetHints":{"allow":["GET"]}}],"collection":[{"href":"https:\/\/www.transtoyou.com\/lt\/wp-json\/wp\/v2\/product"}],"about":[{"href":"https:\/\/www.transtoyou.com\/lt\/wp-json\/wp\/v2\/types\/product"}],"replies":[{"embeddable":true,"href":"https:\/\/www.transtoyou.com\/lt\/wp-json\/wp\/v2\/comments?post=876"}],"wp:featuredmedia":[{"embeddable":true,"href":"https:\/\/www.transtoyou.com\/lt\/wp-json\/wp\/v2\/media\/878"}],"wp:attachment":[{"href":"https:\/\/www.transtoyou.com\/lt\/wp-json\/wp\/v2\/media?parent=876"}],"wp:term":[{"taxonomy":"product_brand","embeddable":true,"href":"https:\/\/www.transtoyou.com\/lt\/wp-json\/wp\/v2\/product_brand?post=876"},{"taxonomy":"product_cat","embeddable":true,"href":"https:\/\/www.transtoyou.com\/lt\/wp-json\/wp\/v2\/product_cat?post=876"},{"taxonomy":"product_tag","embeddable":true,"href":"https:\/\/www.transtoyou.com\/lt\/wp-json\/wp\/v2\/product_tag?post=876"},{"taxonomy":"expert","embeddable":true,"href":"https:\/\/www.transtoyou.com\/lt\/wp-json\/wp\/v2\/expert?post=876"}],"curies":[{"name":"wp","href":"https:\/\/api.w.org\/{rel}","templated":true}]}}