{"id":885,"date":"2026-01-24T00:18:51","date_gmt":"2026-01-23T22:18:51","guid":{"rendered":"https:\/\/www.transtoyou.com\/lt\/product\/metoprolol\/"},"modified":"2026-02-26T10:46:01","modified_gmt":"2026-02-26T08:46:01","slug":"metoprololis","status":"publish","type":"product","link":"https:\/\/www.transtoyou.com\/lt\/product\/metoprololis\/","title":{"rendered":"Metoprololis"},"content":{"rendered":"<p>Metoprololis yra vaistas, priklausantis beta blokatori\u0173 klasei, da\u017enai skiriamas auk\u0161tam kraujosp\u016bd\u017eiui valdyti. L\u0117tindamas \u0161irdies ritm\u0105 ir suma\u017eindamas \u0161irdies susitraukim\u0173 j\u0117g\u0105, jis padeda \u0161ird\u017eiai veikti efektyviau ir suma\u017eina spaudim\u0105 kraujagysl\u0117ms. Tai daro j\u012f pasirinkimu tiek pradiniuose, tiek ilgalaikiuose hipertenzijos gydymo planuose.<\/p>\n<p>Kai kraujosp\u016bdis ilg\u0105 laik\u0105 i\u0161lieka padid\u0117j\u0119s, padid\u0117ja rimt\u0173 sveikatos komplikacij\u0173, toki\u0173 kaip \u0161irdies priepuolis, insultas ar inkst\u0173 pa\u017eeidimas, rizika. Metoprololis veikia blokuodamas tam tikr\u0173 nat\u016brali\u0173 chemini\u0173 med\u017eiag\u0173 organizme, toki\u0173 kaip adrenalinas, poveik\u012f \u0161ird\u017eiai ir kraujagysl\u0117ms. D\u0117l to jis suma\u017eina \u0161irdies ritm\u0105 ir palengvina kr\u016bv\u012f \u0161irdies ir kraujagysli\u0173 sistemai.<\/p>\n<p>Metoprololis paprastai vartojamas tablet\u0117mis vien\u0105 ar du kartus per dien\u0105. \u017dmon\u0117s, vartojantys Metoprolol\u012f, paprastai tiesiogiai nejau\u010dia jo poveikio, ta\u010diau laikui b\u0117gant jis padeda apsaugoti \u0161ird\u012f ir kraujagysles nuo ilgalaik\u0117s hipertenzijos sukeltos \u017ealos. Nuolatinis vartojimas yra b\u016btinas norint i\u0161laikyti stabil\u0173 kraujosp\u016bd\u017eio lyg\u012f ir i\u0161vengti komplikacij\u0173, net jei simptom\u0173 n\u0117ra.<\/p>\n<p>Metoprololis gali sukelti kelet\u0105 lengv\u0173 \u0161alutini\u0173 poveiki\u0173, toki\u0173 kaip nuovargis, \u0161altos gal\u016bn\u0117s ar galvos svaigimas, ypa\u010d pradedant vartoti vaist\u0105. \u0160ie poveikiai paprastai suma\u017e\u0117ja, kai organizmas prisitaiko. Kaip ir bet kuriam kraujosp\u016bd\u017eio gydymui, reguliarus steb\u0117jimas ir medicininis sekimas yra svarb\u016bs, kad b\u016bt\u0173 u\u017etikrintas saugumas ir efektyvumas.<\/p>\n","protected":false},"excerpt":{"rendered":"<ul>\n<li>Oncedaily \u0161irdies selektyvus blokatorius<\/li>\n<li>\u012erodytas, kad suma\u017eina poMI mirtingum\u0105<\/li>\n<li>Ramina puls\u0105, spaudim\u0105, \u0161irdies plakim\u0105<\/li>\n<\/ul>\n","protected":false},"featured_media":887,"comment_status":"open","ping_status":"closed","template":"","meta":[],"product_brand":[],"product_cat":[136],"product_tag":[],"expert":[21],"class_list":{"0":"post-885","1":"product","2":"type-product","3":"status-publish","4":"has-post-thumbnail","6":"product_cat-aukstas-kraujo-spaudimas","7":"expert-dr-m-sharoyko","9":"first","10":"instock","11":"shipping-taxable","12":"product-type-variable"},"yoast_head":"<!-- This site is optimized with the Yoast SEO plugin v27.0 - https:\/\/yoast.com\/product\/yoast-seo-wordpress\/ -->\n<title>Metoprololis | Efektyvus kraujosp\u016bd\u017eio reguliavimas - Transtoyou<\/title>\n<meta name=\"description\" content=\"Atraskite Metoprolol, beta blokatori\u0173, skirt\u0105 auk\u0161tam kraujosp\u016bd\u017eiui valdyti, Transtoyou. Suma\u017eina \u0161irdies apkrov\u0105 ir gerina \u0161irdies sveikat\u0105.\" \/>\n<meta name=\"robots\" content=\"noindex, follow, max-snippet:-1, max-image-preview:large, max-video-preview:-1\" \/>\n<meta property=\"og:locale\" content=\"lt_LT\" \/>\n<meta property=\"og:type\" content=\"article\" \/>\n<meta property=\"og:title\" content=\"Metoprololis | Efektyvus kraujosp\u016bd\u017eio reguliavimas - Transtoyou\" \/>\n<meta property=\"og:description\" content=\"Atraskite Metoprolol, beta blokatori\u0173, skirt\u0105 auk\u0161tam kraujosp\u016bd\u017eiui valdyti, Transtoyou. Suma\u017eina \u0161irdies apkrov\u0105 ir gerina \u0161irdies sveikat\u0105.\" \/>\n<meta property=\"og:url\" content=\"https:\/\/www.transtoyou.com\/lt\/product\/metoprolol\/\" \/>\n<meta property=\"og:site_name\" content=\"Transtoyou - LT\" \/>\n<meta property=\"article:modified_time\" content=\"2026-02-26T08:46:01+00:00\" \/>\n<meta name=\"twitter:card\" content=\"summary_large_image\" \/>\n<meta name=\"twitter:label1\" content=\"Est. reading time\" \/>\n\t<meta name=\"twitter:data1\" content=\"1 minut\u0117\" \/>\n<script type=\"application\/ld+json\" class=\"yoast-schema-graph\">{\"@context\":\"https:\/\/schema.org\",\"@graph\":[{\"@type\":\"WebPage\",\"@id\":\"https:\/\/www.transtoyou.com\/lt\/product\/metoprolol\/\",\"url\":\"https:\/\/www.transtoyou.com\/lt\/product\/metoprolol\/\",\"name\":\"Metoprololis | Efektyvus kraujosp\u016bd\u017eio reguliavimas - Transtoyou\",\"isPartOf\":{\"@id\":\"https:\/\/www.transtoyou.com\/lt\/#website\"},\"primaryImageOfPage\":{\"@id\":\"https:\/\/www.transtoyou.com\/lt\/product\/metoprolol\/#primaryimage\"},\"image\":{\"@id\":\"https:\/\/www.transtoyou.com\/lt\/product\/metoprolol\/#primaryimage\"},\"thumbnailUrl\":\"https:\/\/www.transtoyou.com\/lt\/wp-content\/uploads\/sites\/9\/2026\/01\/tty-no-product-image-57.webp\",\"datePublished\":\"2026-01-23T22:18:51+00:00\",\"dateModified\":\"2026-02-26T08:46:01+00:00\",\"description\":\"Atraskite Metoprolol, beta blokatori\u0173, skirt\u0105 auk\u0161tam kraujosp\u016bd\u017eiui valdyti, Transtoyou. Suma\u017eina \u0161irdies apkrov\u0105 ir gerina \u0161irdies sveikat\u0105.\",\"breadcrumb\":{\"@id\":\"https:\/\/www.transtoyou.com\/lt\/product\/metoprolol\/#breadcrumb\"},\"inLanguage\":\"lt-LT\",\"potentialAction\":[{\"@type\":\"ReadAction\",\"target\":[\"https:\/\/www.transtoyou.com\/lt\/product\/metoprolol\/\"]}]},{\"@type\":\"ImageObject\",\"inLanguage\":\"lt-LT\",\"@id\":\"https:\/\/www.transtoyou.com\/lt\/product\/metoprolol\/#primaryimage\",\"url\":\"https:\/\/www.transtoyou.com\/lt\/wp-content\/uploads\/sites\/9\/2026\/01\/tty-no-product-image-57.webp\",\"contentUrl\":\"https:\/\/www.transtoyou.com\/lt\/wp-content\/uploads\/sites\/9\/2026\/01\/tty-no-product-image-57.webp\",\"width\":1000,\"height\":1000,\"caption\":\"Numatytasis produkto vaizdas\"},{\"@type\":\"WebSite\",\"@id\":\"https:\/\/www.transtoyou.com\/lt\/#website\",\"url\":\"https:\/\/www.transtoyou.com\/lt\/\",\"name\":\"Transtoyou - LT\",\"description\":\"\",\"publisher\":{\"@id\":\"https:\/\/www.transtoyou.com\/lt\/#organization\"},\"potentialAction\":[{\"@type\":\"SearchAction\",\"target\":{\"@type\":\"EntryPoint\",\"urlTemplate\":\"https:\/\/www.transtoyou.com\/lt\/?s={search_term_string}\"},\"query-input\":{\"@type\":\"PropertyValueSpecification\",\"valueRequired\":true,\"valueName\":\"search_term_string\"}}],\"inLanguage\":\"lt-LT\"},{\"@type\":\"Organization\",\"@id\":\"https:\/\/www.transtoyou.com\/lt\/#organization\",\"name\":\"Transtoyou - LT\",\"url\":\"https:\/\/www.transtoyou.com\/lt\/\",\"logo\":{\"@type\":\"ImageObject\",\"inLanguage\":\"lt-LT\",\"@id\":\"https:\/\/www.transtoyou.com\/lt\/#\/schema\/logo\/image\/\",\"url\":\"https:\/\/www.transtoyou.com\/lt\/wp-content\/uploads\/sites\/9\/2026\/01\/logo-tty-menu-bar-300x87-1.webp\",\"contentUrl\":\"https:\/\/www.transtoyou.com\/lt\/wp-content\/uploads\/sites\/9\/2026\/01\/logo-tty-menu-bar-300x87-1.webp\",\"width\":300,\"height\":87,\"caption\":\"Transtoyou - LT\"},\"image\":{\"@id\":\"https:\/\/www.transtoyou.com\/lt\/#\/schema\/logo\/image\/\"}}]}<\/script>\n<!-- \/ Yoast SEO plugin. -->","yoast_head_json":{"title":"Metoprololis | Efektyvus kraujosp\u016bd\u017eio reguliavimas - Transtoyou","description":"Atraskite Metoprolol, beta blokatori\u0173, skirt\u0105 auk\u0161tam kraujosp\u016bd\u017eiui valdyti, Transtoyou. Suma\u017eina \u0161irdies apkrov\u0105 ir gerina \u0161irdies sveikat\u0105.","robots":{"index":"noindex","follow":"follow","max-snippet":"max-snippet:-1","max-image-preview":"max-image-preview:large","max-video-preview":"max-video-preview:-1"},"og_locale":"lt_LT","og_type":"article","og_title":"Metoprololis | Efektyvus kraujosp\u016bd\u017eio reguliavimas - Transtoyou","og_description":"Atraskite Metoprolol, beta blokatori\u0173, skirt\u0105 auk\u0161tam kraujosp\u016bd\u017eiui valdyti, Transtoyou. Suma\u017eina \u0161irdies apkrov\u0105 ir gerina \u0161irdies sveikat\u0105.","og_url":"https:\/\/www.transtoyou.com\/lt\/product\/metoprolol\/","og_site_name":"Transtoyou - LT","article_modified_time":"2026-02-26T08:46:01+00:00","twitter_card":"summary_large_image","twitter_misc":{"Est. reading time":"1 minut\u0117"},"schema":{"@context":"https:\/\/schema.org","@graph":[{"@type":"WebPage","@id":"https:\/\/www.transtoyou.com\/lt\/product\/metoprolol\/","url":"https:\/\/www.transtoyou.com\/lt\/product\/metoprolol\/","name":"Metoprololis | Efektyvus kraujosp\u016bd\u017eio reguliavimas - Transtoyou","isPartOf":{"@id":"https:\/\/www.transtoyou.com\/lt\/#website"},"primaryImageOfPage":{"@id":"https:\/\/www.transtoyou.com\/lt\/product\/metoprolol\/#primaryimage"},"image":{"@id":"https:\/\/www.transtoyou.com\/lt\/product\/metoprolol\/#primaryimage"},"thumbnailUrl":"https:\/\/www.transtoyou.com\/lt\/wp-content\/uploads\/sites\/9\/2026\/01\/tty-no-product-image-57.webp","datePublished":"2026-01-23T22:18:51+00:00","dateModified":"2026-02-26T08:46:01+00:00","description":"Atraskite Metoprolol, beta blokatori\u0173, skirt\u0105 auk\u0161tam kraujosp\u016bd\u017eiui valdyti, Transtoyou. Suma\u017eina \u0161irdies apkrov\u0105 ir gerina \u0161irdies sveikat\u0105.","breadcrumb":{"@id":"https:\/\/www.transtoyou.com\/lt\/product\/metoprolol\/#breadcrumb"},"inLanguage":"lt-LT","potentialAction":[{"@type":"ReadAction","target":["https:\/\/www.transtoyou.com\/lt\/product\/metoprolol\/"]}]},{"@type":"ImageObject","inLanguage":"lt-LT","@id":"https:\/\/www.transtoyou.com\/lt\/product\/metoprolol\/#primaryimage","url":"https:\/\/www.transtoyou.com\/lt\/wp-content\/uploads\/sites\/9\/2026\/01\/tty-no-product-image-57.webp","contentUrl":"https:\/\/www.transtoyou.com\/lt\/wp-content\/uploads\/sites\/9\/2026\/01\/tty-no-product-image-57.webp","width":1000,"height":1000,"caption":"Numatytasis produkto vaizdas"},{"@type":"WebSite","@id":"https:\/\/www.transtoyou.com\/lt\/#website","url":"https:\/\/www.transtoyou.com\/lt\/","name":"Transtoyou - LT","description":"","publisher":{"@id":"https:\/\/www.transtoyou.com\/lt\/#organization"},"potentialAction":[{"@type":"SearchAction","target":{"@type":"EntryPoint","urlTemplate":"https:\/\/www.transtoyou.com\/lt\/?s={search_term_string}"},"query-input":{"@type":"PropertyValueSpecification","valueRequired":true,"valueName":"search_term_string"}}],"inLanguage":"lt-LT"},{"@type":"Organization","@id":"https:\/\/www.transtoyou.com\/lt\/#organization","name":"Transtoyou - LT","url":"https:\/\/www.transtoyou.com\/lt\/","logo":{"@type":"ImageObject","inLanguage":"lt-LT","@id":"https:\/\/www.transtoyou.com\/lt\/#\/schema\/logo\/image\/","url":"https:\/\/www.transtoyou.com\/lt\/wp-content\/uploads\/sites\/9\/2026\/01\/logo-tty-menu-bar-300x87-1.webp","contentUrl":"https:\/\/www.transtoyou.com\/lt\/wp-content\/uploads\/sites\/9\/2026\/01\/logo-tty-menu-bar-300x87-1.webp","width":300,"height":87,"caption":"Transtoyou - LT"},"image":{"@id":"https:\/\/www.transtoyou.com\/lt\/#\/schema\/logo\/image\/"}}]}},"_links":{"self":[{"href":"https:\/\/www.transtoyou.com\/lt\/wp-json\/wp\/v2\/product\/885","targetHints":{"allow":["GET"]}}],"collection":[{"href":"https:\/\/www.transtoyou.com\/lt\/wp-json\/wp\/v2\/product"}],"about":[{"href":"https:\/\/www.transtoyou.com\/lt\/wp-json\/wp\/v2\/types\/product"}],"replies":[{"embeddable":true,"href":"https:\/\/www.transtoyou.com\/lt\/wp-json\/wp\/v2\/comments?post=885"}],"wp:featuredmedia":[{"embeddable":true,"href":"https:\/\/www.transtoyou.com\/lt\/wp-json\/wp\/v2\/media\/887"}],"wp:attachment":[{"href":"https:\/\/www.transtoyou.com\/lt\/wp-json\/wp\/v2\/media?parent=885"}],"wp:term":[{"taxonomy":"product_brand","embeddable":true,"href":"https:\/\/www.transtoyou.com\/lt\/wp-json\/wp\/v2\/product_brand?post=885"},{"taxonomy":"product_cat","embeddable":true,"href":"https:\/\/www.transtoyou.com\/lt\/wp-json\/wp\/v2\/product_cat?post=885"},{"taxonomy":"product_tag","embeddable":true,"href":"https:\/\/www.transtoyou.com\/lt\/wp-json\/wp\/v2\/product_tag?post=885"},{"taxonomy":"expert","embeddable":true,"href":"https:\/\/www.transtoyou.com\/lt\/wp-json\/wp\/v2\/expert?post=885"}],"curies":[{"name":"wp","href":"https:\/\/api.w.org\/{rel}","templated":true}]}}