{"id":898,"date":"2026-01-24T01:24:16","date_gmt":"2026-01-23T23:24:16","guid":{"rendered":"https:\/\/www.transtoyou.com\/lt\/product\/tamiflu\/"},"modified":"2026-03-06T12:43:29","modified_gmt":"2026-03-06T10:43:29","slug":"tamiflu","status":"publish","type":"product","link":"https:\/\/www.transtoyou.com\/lt\/product\/tamiflu\/","title":{"rendered":"Tamiflu"},"content":{"rendered":"<p>Tamiflu, \u017einomas d\u0117l savo veikliosios med\u017eiagos oseltamiviro, yra antivirusinis vaistas, naudojamas gripui gydyti ir u\u017ekirsti jam keli\u0105, da\u017enai vadinamas gripu. Tai n\u0117ra bendras per\u0161alimo vaistas, o labiau taikoma gydymo priemon\u0117, veikianti prie\u0161 A ir B tipo gripo virusus, kurie sukelia sezoninius gripo protr\u016bkius.<\/p>\n<p>Tamiflu veikia slopindamas neuraminidaz\u0117s ferment\u0105, med\u017eiag\u0105, kurios gripui reikia, kad jis gal\u0117t\u0173 plisti i\u0161 u\u017ekr\u0117st\u0173 l\u0105steli\u0173 \u012f sveikas organizme. Blokuodamas \u0161\u012f ferment\u0105, Tamiflu padeda apriboti viruso plitim\u0105, kas gali suma\u017einti simptom\u0173, toki\u0173 kaip kar\u0161\u010diavimas, \u0161altkr\u0117tis, gerkl\u0117s skausmas, raumen\u0173 skausmai ir nuovargis, sunkum\u0105 ir trukm\u0119.<\/p>\n<p>Vaistas yra veiksmingiausias, kai jis pradedamas vartoti per 48 valandas nuo simptom\u0173 atsiradimo, nors jis gali vis tiek suteikti tam tikr\u0105 naud\u0105, jei vartojamas v\u0117liau. Jis da\u017enai skiriamas asmenims, kuriems kyla didesn\u0117 gripo komplikacij\u0173 rizika, pavyzd\u017eiui, vyresnio am\u017eiaus \u017emon\u0117ms, \u017emon\u0117ms su esamomis sveikatos problemomis arba tiems, kuri\u0173 imunin\u0117 sistema yra susilpn\u0117jusi. Kai kuriais atvejais Tamiflu taip pat naudojamas kaip poeksponacin\u0117 profilaktika \u017emon\u0117ms, kurie buvo veikiami gripo, bet dar nejau\u010dia simptom\u0173.<\/p>\n<p>Tamiflu paprastai vartojamas penki\u0173 dien\u0173 kurso metu, kapsul\u0117 vartojama du kartus per dien\u0105. Prevencijai, da\u017enai skiriama vienkartin\u0117 doz\u0117 per de\u0161imt dien\u0173 po artimo kontakto su \u017emogumi, turin\u010diu grip\u0105.<\/p>\n<p>Dauguma \u017emoni\u0173 gerai toleruoja Tamiflu. Kai kurie gali patirti \u0161alutin\u012f poveik\u012f, pavyzd\u017eiui, pykinim\u0105, v\u0117mim\u0105, galvos skausm\u0105 ar pilvo skausm\u0105, ypa\u010d gydymo prad\u017eioje. Vaisto vartojimas su maistu gali pad\u0117ti suma\u017einti su skrand\u017eiu susijus\u012f \u0161alutin\u012f poveik\u012f.<\/p>\n","protected":false},"excerpt":{"rendered":"<ul>\n<li>Pradeda veikti per kelias valandas, kad suma\u017eint\u0173 gripo kan\u010dias<\/li>\n<li>75 mg kapsul\u0117 arba pediatrin\u0117 suspensija<\/li>\n<li>\u012erodyta, kad suma\u017eina komplikacijas didel\u0117s rizikos grup\u0117se<\/li>\n<\/ul>\n","protected":false},"featured_media":900,"comment_status":"open","ping_status":"closed","template":"","meta":[],"product_brand":[],"product_cat":[123],"product_tag":[],"expert":[21],"class_list":{"0":"post-898","1":"product","2":"type-product","3":"status-publish","4":"has-post-thumbnail","6":"product_cat-gripas-kosulys-ir-persalimo-priemones","7":"expert-dr-m-sharoyko","9":"first","10":"instock","11":"shipping-taxable","12":"product-type-variable"},"yoast_head":"<!-- This site is optimized with the Yoast SEO plugin v27.0 - https:\/\/yoast.com\/product\/yoast-seo-wordpress\/ -->\n<title>Tamiflu | Tikslinga gripo gydymo ir prevencijos pagalba - Transtoyou<\/title>\n<meta name=\"description\" content=\"Tamiflu, antivirusinis vaistas gripui A ir B tipams, ma\u017eina simptomus. Pirkite dabar Transtoyou ir apsisaugokite nuo gripo.\" \/>\n<meta name=\"robots\" content=\"noindex, follow, max-snippet:-1, max-image-preview:large, max-video-preview:-1\" \/>\n<meta property=\"og:locale\" content=\"lt_LT\" \/>\n<meta property=\"og:type\" content=\"article\" \/>\n<meta property=\"og:title\" content=\"Tamiflu | Tikslinga gripo gydymo ir prevencijos pagalba - Transtoyou\" \/>\n<meta property=\"og:description\" content=\"Tamiflu, antivirusinis vaistas gripui A ir B tipams, ma\u017eina simptomus. Pirkite dabar Transtoyou ir apsisaugokite nuo gripo.\" \/>\n<meta property=\"og:url\" content=\"https:\/\/www.transtoyou.com\/lt\/product\/tamiflu\/\" \/>\n<meta property=\"og:site_name\" content=\"Transtoyou - LT\" \/>\n<meta property=\"article:modified_time\" content=\"2026-03-06T10:43:29+00:00\" \/>\n<meta name=\"twitter:card\" content=\"summary_large_image\" \/>\n<meta name=\"twitter:label1\" content=\"Est. reading time\" \/>\n\t<meta name=\"twitter:data1\" content=\"1 minut\u0117\" \/>\n<script type=\"application\/ld+json\" class=\"yoast-schema-graph\">{\"@context\":\"https:\/\/schema.org\",\"@graph\":[{\"@type\":\"WebPage\",\"@id\":\"https:\/\/www.transtoyou.com\/lt\/product\/tamiflu\/\",\"url\":\"https:\/\/www.transtoyou.com\/lt\/product\/tamiflu\/\",\"name\":\"Tamiflu | Tikslinga gripo gydymo ir prevencijos pagalba - Transtoyou\",\"isPartOf\":{\"@id\":\"https:\/\/www.transtoyou.com\/lt\/#website\"},\"primaryImageOfPage\":{\"@id\":\"https:\/\/www.transtoyou.com\/lt\/product\/tamiflu\/#primaryimage\"},\"image\":{\"@id\":\"https:\/\/www.transtoyou.com\/lt\/product\/tamiflu\/#primaryimage\"},\"thumbnailUrl\":\"https:\/\/www.transtoyou.com\/lt\/wp-content\/uploads\/sites\/9\/2026\/01\/tty-no-product-image-61.webp\",\"datePublished\":\"2026-01-23T23:24:16+00:00\",\"dateModified\":\"2026-03-06T10:43:29+00:00\",\"description\":\"Tamiflu, antivirusinis vaistas gripui A ir B tipams, ma\u017eina simptomus. Pirkite dabar Transtoyou ir apsisaugokite nuo gripo.\",\"breadcrumb\":{\"@id\":\"https:\/\/www.transtoyou.com\/lt\/product\/tamiflu\/#breadcrumb\"},\"inLanguage\":\"lt-LT\",\"potentialAction\":[{\"@type\":\"ReadAction\",\"target\":[\"https:\/\/www.transtoyou.com\/lt\/product\/tamiflu\/\"]}]},{\"@type\":\"ImageObject\",\"inLanguage\":\"lt-LT\",\"@id\":\"https:\/\/www.transtoyou.com\/lt\/product\/tamiflu\/#primaryimage\",\"url\":\"https:\/\/www.transtoyou.com\/lt\/wp-content\/uploads\/sites\/9\/2026\/01\/tty-no-product-image-61.webp\",\"contentUrl\":\"https:\/\/www.transtoyou.com\/lt\/wp-content\/uploads\/sites\/9\/2026\/01\/tty-no-product-image-61.webp\",\"width\":1000,\"height\":1000,\"caption\":\"Numatytasis produkto vaizdas\"},{\"@type\":\"WebSite\",\"@id\":\"https:\/\/www.transtoyou.com\/lt\/#website\",\"url\":\"https:\/\/www.transtoyou.com\/lt\/\",\"name\":\"Transtoyou - LT\",\"description\":\"\",\"publisher\":{\"@id\":\"https:\/\/www.transtoyou.com\/lt\/#organization\"},\"potentialAction\":[{\"@type\":\"SearchAction\",\"target\":{\"@type\":\"EntryPoint\",\"urlTemplate\":\"https:\/\/www.transtoyou.com\/lt\/?s={search_term_string}\"},\"query-input\":{\"@type\":\"PropertyValueSpecification\",\"valueRequired\":true,\"valueName\":\"search_term_string\"}}],\"inLanguage\":\"lt-LT\"},{\"@type\":\"Organization\",\"@id\":\"https:\/\/www.transtoyou.com\/lt\/#organization\",\"name\":\"Transtoyou - LT\",\"url\":\"https:\/\/www.transtoyou.com\/lt\/\",\"logo\":{\"@type\":\"ImageObject\",\"inLanguage\":\"lt-LT\",\"@id\":\"https:\/\/www.transtoyou.com\/lt\/#\/schema\/logo\/image\/\",\"url\":\"https:\/\/www.transtoyou.com\/lt\/wp-content\/uploads\/sites\/9\/2026\/01\/logo-tty-menu-bar-300x87-1.webp\",\"contentUrl\":\"https:\/\/www.transtoyou.com\/lt\/wp-content\/uploads\/sites\/9\/2026\/01\/logo-tty-menu-bar-300x87-1.webp\",\"width\":300,\"height\":87,\"caption\":\"Transtoyou - LT\"},\"image\":{\"@id\":\"https:\/\/www.transtoyou.com\/lt\/#\/schema\/logo\/image\/\"}}]}<\/script>\n<!-- \/ Yoast SEO plugin. -->","yoast_head_json":{"title":"Tamiflu | Tikslinga gripo gydymo ir prevencijos pagalba - Transtoyou","description":"Tamiflu, antivirusinis vaistas gripui A ir B tipams, ma\u017eina simptomus. Pirkite dabar Transtoyou ir apsisaugokite nuo gripo.","robots":{"index":"noindex","follow":"follow","max-snippet":"max-snippet:-1","max-image-preview":"max-image-preview:large","max-video-preview":"max-video-preview:-1"},"og_locale":"lt_LT","og_type":"article","og_title":"Tamiflu | Tikslinga gripo gydymo ir prevencijos pagalba - Transtoyou","og_description":"Tamiflu, antivirusinis vaistas gripui A ir B tipams, ma\u017eina simptomus. Pirkite dabar Transtoyou ir apsisaugokite nuo gripo.","og_url":"https:\/\/www.transtoyou.com\/lt\/product\/tamiflu\/","og_site_name":"Transtoyou - LT","article_modified_time":"2026-03-06T10:43:29+00:00","twitter_card":"summary_large_image","twitter_misc":{"Est. reading time":"1 minut\u0117"},"schema":{"@context":"https:\/\/schema.org","@graph":[{"@type":"WebPage","@id":"https:\/\/www.transtoyou.com\/lt\/product\/tamiflu\/","url":"https:\/\/www.transtoyou.com\/lt\/product\/tamiflu\/","name":"Tamiflu | Tikslinga gripo gydymo ir prevencijos pagalba - Transtoyou","isPartOf":{"@id":"https:\/\/www.transtoyou.com\/lt\/#website"},"primaryImageOfPage":{"@id":"https:\/\/www.transtoyou.com\/lt\/product\/tamiflu\/#primaryimage"},"image":{"@id":"https:\/\/www.transtoyou.com\/lt\/product\/tamiflu\/#primaryimage"},"thumbnailUrl":"https:\/\/www.transtoyou.com\/lt\/wp-content\/uploads\/sites\/9\/2026\/01\/tty-no-product-image-61.webp","datePublished":"2026-01-23T23:24:16+00:00","dateModified":"2026-03-06T10:43:29+00:00","description":"Tamiflu, antivirusinis vaistas gripui A ir B tipams, ma\u017eina simptomus. Pirkite dabar Transtoyou ir apsisaugokite nuo gripo.","breadcrumb":{"@id":"https:\/\/www.transtoyou.com\/lt\/product\/tamiflu\/#breadcrumb"},"inLanguage":"lt-LT","potentialAction":[{"@type":"ReadAction","target":["https:\/\/www.transtoyou.com\/lt\/product\/tamiflu\/"]}]},{"@type":"ImageObject","inLanguage":"lt-LT","@id":"https:\/\/www.transtoyou.com\/lt\/product\/tamiflu\/#primaryimage","url":"https:\/\/www.transtoyou.com\/lt\/wp-content\/uploads\/sites\/9\/2026\/01\/tty-no-product-image-61.webp","contentUrl":"https:\/\/www.transtoyou.com\/lt\/wp-content\/uploads\/sites\/9\/2026\/01\/tty-no-product-image-61.webp","width":1000,"height":1000,"caption":"Numatytasis produkto vaizdas"},{"@type":"WebSite","@id":"https:\/\/www.transtoyou.com\/lt\/#website","url":"https:\/\/www.transtoyou.com\/lt\/","name":"Transtoyou - LT","description":"","publisher":{"@id":"https:\/\/www.transtoyou.com\/lt\/#organization"},"potentialAction":[{"@type":"SearchAction","target":{"@type":"EntryPoint","urlTemplate":"https:\/\/www.transtoyou.com\/lt\/?s={search_term_string}"},"query-input":{"@type":"PropertyValueSpecification","valueRequired":true,"valueName":"search_term_string"}}],"inLanguage":"lt-LT"},{"@type":"Organization","@id":"https:\/\/www.transtoyou.com\/lt\/#organization","name":"Transtoyou - LT","url":"https:\/\/www.transtoyou.com\/lt\/","logo":{"@type":"ImageObject","inLanguage":"lt-LT","@id":"https:\/\/www.transtoyou.com\/lt\/#\/schema\/logo\/image\/","url":"https:\/\/www.transtoyou.com\/lt\/wp-content\/uploads\/sites\/9\/2026\/01\/logo-tty-menu-bar-300x87-1.webp","contentUrl":"https:\/\/www.transtoyou.com\/lt\/wp-content\/uploads\/sites\/9\/2026\/01\/logo-tty-menu-bar-300x87-1.webp","width":300,"height":87,"caption":"Transtoyou - LT"},"image":{"@id":"https:\/\/www.transtoyou.com\/lt\/#\/schema\/logo\/image\/"}}]}},"_links":{"self":[{"href":"https:\/\/www.transtoyou.com\/lt\/wp-json\/wp\/v2\/product\/898","targetHints":{"allow":["GET"]}}],"collection":[{"href":"https:\/\/www.transtoyou.com\/lt\/wp-json\/wp\/v2\/product"}],"about":[{"href":"https:\/\/www.transtoyou.com\/lt\/wp-json\/wp\/v2\/types\/product"}],"replies":[{"embeddable":true,"href":"https:\/\/www.transtoyou.com\/lt\/wp-json\/wp\/v2\/comments?post=898"}],"wp:featuredmedia":[{"embeddable":true,"href":"https:\/\/www.transtoyou.com\/lt\/wp-json\/wp\/v2\/media\/900"}],"wp:attachment":[{"href":"https:\/\/www.transtoyou.com\/lt\/wp-json\/wp\/v2\/media?parent=898"}],"wp:term":[{"taxonomy":"product_brand","embeddable":true,"href":"https:\/\/www.transtoyou.com\/lt\/wp-json\/wp\/v2\/product_brand?post=898"},{"taxonomy":"product_cat","embeddable":true,"href":"https:\/\/www.transtoyou.com\/lt\/wp-json\/wp\/v2\/product_cat?post=898"},{"taxonomy":"product_tag","embeddable":true,"href":"https:\/\/www.transtoyou.com\/lt\/wp-json\/wp\/v2\/product_tag?post=898"},{"taxonomy":"expert","embeddable":true,"href":"https:\/\/www.transtoyou.com\/lt\/wp-json\/wp\/v2\/expert?post=898"}],"curies":[{"name":"wp","href":"https:\/\/api.w.org\/{rel}","templated":true}]}}