{"id":903,"date":"2026-01-24T01:56:13","date_gmt":"2026-01-23T23:56:13","guid":{"rendered":"https:\/\/www.transtoyou.com\/lt\/product\/amitriptyline\/"},"modified":"2026-02-13T13:02:16","modified_gmt":"2026-02-13T11:02:16","slug":"amitriptilinas","status":"publish","type":"product","link":"https:\/\/www.transtoyou.com\/lt\/product\/amitriptilinas\/","title":{"rendered":"Amitriptilinas"},"content":{"rendered":"<p>Amitriptilinas naudojamas ma\u017eomis doz\u0117mis, kad pad\u0117t\u0173 valdyti l\u0117tines skausmo b\u016bkles, \u012fskaitant fibromialgij\u0105. Fibromialgija yra sud\u0117tinga b\u016bkl\u0117, kuriai b\u016bdingas pla\u010diai paplit\u0119s raumen\u0173 ir kaul\u0173 skausmas, nuovargis, miego sutrikimai ir padid\u0117j\u0119s jautrumas spaudimui. \u0160iuo kontekstu amitriptilinas nenaudojamas depresijai gydyti, o labiau fiziniams simptomams palengvinti ir gyvenimo kokybei gerinti.<\/p>\n<p>Amitriptilino poveikis fibromialgijoje susij\u0119s su jo geb\u0117jimu moduliuoti skausmo signalus nerv\u0173 sistemoje. Jis veikia tam tikr\u0173 neurotransmiteri\u0173, \u012fskaitant serotonin\u0105 ir norepinefrin\u0105, lygius, kurie vaidina svarb\u0173 vaidmen\u012f, kaip skausmas suvokiamas smegenyse. Tai padeda suma\u017einti skausmo intensyvum\u0105, pagerina miego modelius ir gali suma\u017einti nuovarg\u012f ar nuotaikos sutrikimus, kurie da\u017enai lydi fibromialgij\u0105.<\/p>\n<p>Vaistas paprastai vartojamas ma\u017eomis doz\u0117mis, da\u017enai kart\u0105 per dien\u0105 vakare arba prie\u0161 mieg\u0105. \u0160is grafikas palaiko jo raminam\u0105j\u012f poveik\u012f, kuris gali pad\u0117ti fibromialgija sergantiems asmenims, turintiems sunkum\u0173 u\u017emiegant ar i\u0161likti miegantiems. Skausmo ir miego pager\u0117jimas gali u\u017etrukti kelias dienas iki keli\u0173 savai\u010di\u0173, kol taps pastebimas, o doz\u0117 gali b\u016bti koreguojama atsi\u017evelgiant \u012f reakcij\u0105 ir tolerancij\u0105.<\/p>\n<p>Da\u017eni \u0161alutiniai poveikiai gali apimti burnos d\u017ei\u016bvim\u0105, mieguistum\u0105, svorio padid\u0117jim\u0105 ar viduri\u0173 u\u017ekiet\u0117jim\u0105. \u0160ie poveikiai paprastai yra lengvi ir gali pager\u0117ti laikui b\u0117gant, kai organizmas prisitaiko. D\u0117l raminam\u0173j\u0173 savybi\u0173 patariama b\u016bti atsargiems atliekant veiklas, kurioms reikia budrumo, ypa\u010d pradedant vartoti vaist\u0105.<\/p>\n","protected":false},"excerpt":{"rendered":"<ul>\n<li>Ma\u017eos doz\u0117s tablet\u0117 prie\u0161 mieg\u0105 skausmui, miegui ir nuotaikai<\/li>\n<li>Per kelias savaites pagerina nerv\u0173 skausmo tolerancij\u0105<\/li>\n<li>Prieinama, de\u0161imtme\u010dius trunkanti saugumo istorija<\/li>\n<\/ul>\n","protected":false},"featured_media":905,"comment_status":"open","ping_status":"closed","template":"","meta":[],"product_brand":[],"product_cat":[122],"product_tag":[],"expert":[21],"class_list":{"0":"post-903","1":"product","2":"type-product","3":"status-publish","4":"has-post-thumbnail","6":"product_cat-fibromialgija","7":"expert-dr-m-sharoyko","9":"first","10":"instock","11":"shipping-taxable","12":"product-type-variable"},"yoast_head":"<!-- This site is optimized with the Yoast SEO plugin v27.0 - https:\/\/yoast.com\/product\/yoast-seo-wordpress\/ -->\n<title>Amitriptilinas | Palengvinkite fibromialgijos skausm\u0105 - Transtoyou<\/title>\n<meta name=\"description\" content=\"Amitriptilinas padeda valdyti fibromialgijos skausm\u0105, gerina mieg\u0105 ir gyvenimo kokyb\u0119. U\u017esisakykite Transtoyou patogiai \u0161iandien.\" \/>\n<meta name=\"robots\" content=\"noindex, follow, max-snippet:-1, max-image-preview:large, max-video-preview:-1\" \/>\n<meta property=\"og:locale\" content=\"lt_LT\" \/>\n<meta property=\"og:type\" content=\"article\" \/>\n<meta property=\"og:title\" content=\"Amitriptilinas | Palengvinkite fibromialgijos skausm\u0105 - Transtoyou\" \/>\n<meta property=\"og:description\" content=\"Amitriptilinas padeda valdyti fibromialgijos skausm\u0105, gerina mieg\u0105 ir gyvenimo kokyb\u0119. U\u017esisakykite Transtoyou patogiai \u0161iandien.\" \/>\n<meta property=\"og:url\" content=\"https:\/\/www.transtoyou.com\/lt\/product\/amitriptyline\/\" \/>\n<meta property=\"og:site_name\" content=\"Transtoyou - LT\" \/>\n<meta property=\"article:modified_time\" content=\"2026-02-13T11:02:16+00:00\" \/>\n<meta name=\"twitter:card\" content=\"summary_large_image\" \/>\n<meta name=\"twitter:label1\" content=\"Est. reading time\" \/>\n\t<meta name=\"twitter:data1\" content=\"1 minut\u0117\" \/>\n<script type=\"application\/ld+json\" class=\"yoast-schema-graph\">{\"@context\":\"https:\/\/schema.org\",\"@graph\":[{\"@type\":\"WebPage\",\"@id\":\"https:\/\/www.transtoyou.com\/lt\/product\/amitriptyline\/\",\"url\":\"https:\/\/www.transtoyou.com\/lt\/product\/amitriptyline\/\",\"name\":\"Amitriptilinas | Palengvinkite fibromialgijos skausm\u0105 - Transtoyou\",\"isPartOf\":{\"@id\":\"https:\/\/www.transtoyou.com\/lt\/#website\"},\"primaryImageOfPage\":{\"@id\":\"https:\/\/www.transtoyou.com\/lt\/product\/amitriptyline\/#primaryimage\"},\"image\":{\"@id\":\"https:\/\/www.transtoyou.com\/lt\/product\/amitriptyline\/#primaryimage\"},\"thumbnailUrl\":\"https:\/\/www.transtoyou.com\/lt\/wp-content\/uploads\/sites\/9\/2026\/01\/tty-no-product-image-63.webp\",\"datePublished\":\"2026-01-23T23:56:13+00:00\",\"dateModified\":\"2026-02-13T11:02:16+00:00\",\"description\":\"Amitriptilinas padeda valdyti fibromialgijos skausm\u0105, gerina mieg\u0105 ir gyvenimo kokyb\u0119. U\u017esisakykite Transtoyou patogiai \u0161iandien.\",\"breadcrumb\":{\"@id\":\"https:\/\/www.transtoyou.com\/lt\/product\/amitriptyline\/#breadcrumb\"},\"inLanguage\":\"lt-LT\",\"potentialAction\":[{\"@type\":\"ReadAction\",\"target\":[\"https:\/\/www.transtoyou.com\/lt\/product\/amitriptyline\/\"]}]},{\"@type\":\"ImageObject\",\"inLanguage\":\"lt-LT\",\"@id\":\"https:\/\/www.transtoyou.com\/lt\/product\/amitriptyline\/#primaryimage\",\"url\":\"https:\/\/www.transtoyou.com\/lt\/wp-content\/uploads\/sites\/9\/2026\/01\/tty-no-product-image-63.webp\",\"contentUrl\":\"https:\/\/www.transtoyou.com\/lt\/wp-content\/uploads\/sites\/9\/2026\/01\/tty-no-product-image-63.webp\",\"width\":1000,\"height\":1000,\"caption\":\"Numatytasis produkto vaizdas\"},{\"@type\":\"WebSite\",\"@id\":\"https:\/\/www.transtoyou.com\/lt\/#website\",\"url\":\"https:\/\/www.transtoyou.com\/lt\/\",\"name\":\"Transtoyou - LT\",\"description\":\"\",\"publisher\":{\"@id\":\"https:\/\/www.transtoyou.com\/lt\/#organization\"},\"potentialAction\":[{\"@type\":\"SearchAction\",\"target\":{\"@type\":\"EntryPoint\",\"urlTemplate\":\"https:\/\/www.transtoyou.com\/lt\/?s={search_term_string}\"},\"query-input\":{\"@type\":\"PropertyValueSpecification\",\"valueRequired\":true,\"valueName\":\"search_term_string\"}}],\"inLanguage\":\"lt-LT\"},{\"@type\":\"Organization\",\"@id\":\"https:\/\/www.transtoyou.com\/lt\/#organization\",\"name\":\"Transtoyou - LT\",\"url\":\"https:\/\/www.transtoyou.com\/lt\/\",\"logo\":{\"@type\":\"ImageObject\",\"inLanguage\":\"lt-LT\",\"@id\":\"https:\/\/www.transtoyou.com\/lt\/#\/schema\/logo\/image\/\",\"url\":\"https:\/\/www.transtoyou.com\/lt\/wp-content\/uploads\/sites\/9\/2026\/01\/logo-tty-menu-bar-300x87-1.webp\",\"contentUrl\":\"https:\/\/www.transtoyou.com\/lt\/wp-content\/uploads\/sites\/9\/2026\/01\/logo-tty-menu-bar-300x87-1.webp\",\"width\":300,\"height\":87,\"caption\":\"Transtoyou - LT\"},\"image\":{\"@id\":\"https:\/\/www.transtoyou.com\/lt\/#\/schema\/logo\/image\/\"}}]}<\/script>\n<!-- \/ Yoast SEO plugin. -->","yoast_head_json":{"title":"Amitriptilinas | Palengvinkite fibromialgijos skausm\u0105 - Transtoyou","description":"Amitriptilinas padeda valdyti fibromialgijos skausm\u0105, gerina mieg\u0105 ir gyvenimo kokyb\u0119. U\u017esisakykite Transtoyou patogiai \u0161iandien.","robots":{"index":"noindex","follow":"follow","max-snippet":"max-snippet:-1","max-image-preview":"max-image-preview:large","max-video-preview":"max-video-preview:-1"},"og_locale":"lt_LT","og_type":"article","og_title":"Amitriptilinas | Palengvinkite fibromialgijos skausm\u0105 - Transtoyou","og_description":"Amitriptilinas padeda valdyti fibromialgijos skausm\u0105, gerina mieg\u0105 ir gyvenimo kokyb\u0119. U\u017esisakykite Transtoyou patogiai \u0161iandien.","og_url":"https:\/\/www.transtoyou.com\/lt\/product\/amitriptyline\/","og_site_name":"Transtoyou - LT","article_modified_time":"2026-02-13T11:02:16+00:00","twitter_card":"summary_large_image","twitter_misc":{"Est. reading time":"1 minut\u0117"},"schema":{"@context":"https:\/\/schema.org","@graph":[{"@type":"WebPage","@id":"https:\/\/www.transtoyou.com\/lt\/product\/amitriptyline\/","url":"https:\/\/www.transtoyou.com\/lt\/product\/amitriptyline\/","name":"Amitriptilinas | Palengvinkite fibromialgijos skausm\u0105 - Transtoyou","isPartOf":{"@id":"https:\/\/www.transtoyou.com\/lt\/#website"},"primaryImageOfPage":{"@id":"https:\/\/www.transtoyou.com\/lt\/product\/amitriptyline\/#primaryimage"},"image":{"@id":"https:\/\/www.transtoyou.com\/lt\/product\/amitriptyline\/#primaryimage"},"thumbnailUrl":"https:\/\/www.transtoyou.com\/lt\/wp-content\/uploads\/sites\/9\/2026\/01\/tty-no-product-image-63.webp","datePublished":"2026-01-23T23:56:13+00:00","dateModified":"2026-02-13T11:02:16+00:00","description":"Amitriptilinas padeda valdyti fibromialgijos skausm\u0105, gerina mieg\u0105 ir gyvenimo kokyb\u0119. U\u017esisakykite Transtoyou patogiai \u0161iandien.","breadcrumb":{"@id":"https:\/\/www.transtoyou.com\/lt\/product\/amitriptyline\/#breadcrumb"},"inLanguage":"lt-LT","potentialAction":[{"@type":"ReadAction","target":["https:\/\/www.transtoyou.com\/lt\/product\/amitriptyline\/"]}]},{"@type":"ImageObject","inLanguage":"lt-LT","@id":"https:\/\/www.transtoyou.com\/lt\/product\/amitriptyline\/#primaryimage","url":"https:\/\/www.transtoyou.com\/lt\/wp-content\/uploads\/sites\/9\/2026\/01\/tty-no-product-image-63.webp","contentUrl":"https:\/\/www.transtoyou.com\/lt\/wp-content\/uploads\/sites\/9\/2026\/01\/tty-no-product-image-63.webp","width":1000,"height":1000,"caption":"Numatytasis produkto vaizdas"},{"@type":"WebSite","@id":"https:\/\/www.transtoyou.com\/lt\/#website","url":"https:\/\/www.transtoyou.com\/lt\/","name":"Transtoyou - LT","description":"","publisher":{"@id":"https:\/\/www.transtoyou.com\/lt\/#organization"},"potentialAction":[{"@type":"SearchAction","target":{"@type":"EntryPoint","urlTemplate":"https:\/\/www.transtoyou.com\/lt\/?s={search_term_string}"},"query-input":{"@type":"PropertyValueSpecification","valueRequired":true,"valueName":"search_term_string"}}],"inLanguage":"lt-LT"},{"@type":"Organization","@id":"https:\/\/www.transtoyou.com\/lt\/#organization","name":"Transtoyou - LT","url":"https:\/\/www.transtoyou.com\/lt\/","logo":{"@type":"ImageObject","inLanguage":"lt-LT","@id":"https:\/\/www.transtoyou.com\/lt\/#\/schema\/logo\/image\/","url":"https:\/\/www.transtoyou.com\/lt\/wp-content\/uploads\/sites\/9\/2026\/01\/logo-tty-menu-bar-300x87-1.webp","contentUrl":"https:\/\/www.transtoyou.com\/lt\/wp-content\/uploads\/sites\/9\/2026\/01\/logo-tty-menu-bar-300x87-1.webp","width":300,"height":87,"caption":"Transtoyou - LT"},"image":{"@id":"https:\/\/www.transtoyou.com\/lt\/#\/schema\/logo\/image\/"}}]}},"_links":{"self":[{"href":"https:\/\/www.transtoyou.com\/lt\/wp-json\/wp\/v2\/product\/903","targetHints":{"allow":["GET"]}}],"collection":[{"href":"https:\/\/www.transtoyou.com\/lt\/wp-json\/wp\/v2\/product"}],"about":[{"href":"https:\/\/www.transtoyou.com\/lt\/wp-json\/wp\/v2\/types\/product"}],"replies":[{"embeddable":true,"href":"https:\/\/www.transtoyou.com\/lt\/wp-json\/wp\/v2\/comments?post=903"}],"wp:featuredmedia":[{"embeddable":true,"href":"https:\/\/www.transtoyou.com\/lt\/wp-json\/wp\/v2\/media\/905"}],"wp:attachment":[{"href":"https:\/\/www.transtoyou.com\/lt\/wp-json\/wp\/v2\/media?parent=903"}],"wp:term":[{"taxonomy":"product_brand","embeddable":true,"href":"https:\/\/www.transtoyou.com\/lt\/wp-json\/wp\/v2\/product_brand?post=903"},{"taxonomy":"product_cat","embeddable":true,"href":"https:\/\/www.transtoyou.com\/lt\/wp-json\/wp\/v2\/product_cat?post=903"},{"taxonomy":"product_tag","embeddable":true,"href":"https:\/\/www.transtoyou.com\/lt\/wp-json\/wp\/v2\/product_tag?post=903"},{"taxonomy":"expert","embeddable":true,"href":"https:\/\/www.transtoyou.com\/lt\/wp-json\/wp\/v2\/expert?post=903"}],"curies":[{"name":"wp","href":"https:\/\/api.w.org\/{rel}","templated":true}]}}