{"id":917,"date":"2026-01-24T03:09:36","date_gmt":"2026-01-24T01:09:36","guid":{"rendered":"https:\/\/www.transtoyou.com\/lt\/product\/alendronic-acid\/"},"modified":"2026-02-05T13:54:50","modified_gmt":"2026-02-05T11:54:50","slug":"alendrono-rugstis","status":"publish","type":"product","link":"https:\/\/www.transtoyou.com\/lt\/product\/alendrono-rugstis\/","title":{"rendered":"Alendrono r\u016bg\u0161tis"},"content":{"rendered":"<p>Alendrono r\u016bg\u0161tis yra vaistas, naudojamas osteoporoz\u0117s prevencijai ir gydymui, b\u016bkl\u0117s, kai kaulai tampa silpni ir trap\u016bs. Jis priklauso bisfosfonat\u0173 klasei, kurie veikia l\u0117tindami kaul\u0173 skaidymo greit\u012f organizme. Tai padeda i\u0161laikyti kaul\u0173 tank\u012f ir suma\u017einti l\u016b\u017ei\u0173 rizik\u0105, ypa\u010d stubure, klub\u0173 srityje ir rie\u0161uose.<\/p>\n<p>Alendrono r\u016bg\u0161tis da\u017eniausiai skiriama po menopauz\u0117s moterims ir \u017emon\u0117ms, kuriems padid\u0117jusi kaul\u0173 praradimo rizika d\u0117l am\u017eiaus, ilgalaikio steroid\u0173 vartojimo ar esam\u0173 sveikatos problem\u0173. Suma\u017eindama kaul\u0173 apykait\u0105, ji stiprina kaulus ir palaiko ilgalaik\u0119 kaul\u0173 sveikat\u0105.<\/p>\n<p>Paprastai ji vartojama kart\u0105 per savait\u0119 table\u010di\u0173 pavidalu. Norint maksimaliai i\u0161naudoti absorbcij\u0105 ir i\u0161vengti stempl\u0117s dirginimo, tablet\u0119 reikia nuryti vis\u0105 su pilnu stikline vandens tu\u0161\u010diu skrand\u017eiu. Vartotojai turi i\u0161likti vertikalioje pad\u0117tyje ma\u017eiausiai 30 minu\u010di\u0173 po doz\u0117s vartojimo ir tur\u0117t\u0173 vengti valgyti ir gerti (i\u0161skyrus vanden\u012f) arba vartoti kitus vaistus tuo metu.<\/p>\n","protected":false},"excerpt":{"rendered":"<ul>\n<li>Savaitin\u0117 tablet\u0117 kaulams stiprinti<\/li>\n<li>Ma\u017eina l\u016b\u017ei\u0173 rizik\u0105<\/li>\n<li>Slopina kaul\u0173 netekim\u0105 osteoporoz\u0117s atveju<\/li>\n<\/ul>\n","protected":false},"featured_media":919,"comment_status":"open","ping_status":"closed","template":"","meta":[],"product_brand":[],"product_cat":[154],"product_tag":[],"expert":[21],"class_list":{"0":"post-917","1":"product","2":"type-product","3":"status-publish","4":"has-post-thumbnail","6":"product_cat-osteoporoze","7":"expert-dr-m-sharoyko","9":"first","10":"instock","11":"shipping-taxable","12":"product-type-variable"},"yoast_head":"<!-- This site is optimized with the Yoast SEO plugin v27.0 - https:\/\/yoast.com\/product\/yoast-seo-wordpress\/ -->\n<title>Alendrono r\u016bg\u0161tis | Stiprina kaulus, ma\u017eina l\u016b\u017eius - Transtoyou<\/title>\n<meta name=\"description\" content=\"Alendrono r\u016bg\u0161tis, dabar Transtoyou, palaiko kaul\u0173 sveikat\u0105 ir ma\u017eina osteoporoz\u0117s rizik\u0105. Pirkite \u0161iandien stipresniems kaulams!\" \/>\n<meta name=\"robots\" content=\"noindex, follow, max-snippet:-1, max-image-preview:large, max-video-preview:-1\" \/>\n<meta property=\"og:locale\" content=\"lt_LT\" \/>\n<meta property=\"og:type\" content=\"article\" \/>\n<meta property=\"og:title\" content=\"Alendrono r\u016bg\u0161tis | Stiprina kaulus, ma\u017eina l\u016b\u017eius - Transtoyou\" \/>\n<meta property=\"og:description\" content=\"Alendrono r\u016bg\u0161tis, dabar Transtoyou, palaiko kaul\u0173 sveikat\u0105 ir ma\u017eina osteoporoz\u0117s rizik\u0105. Pirkite \u0161iandien stipresniems kaulams!\" \/>\n<meta property=\"og:url\" content=\"https:\/\/www.transtoyou.com\/lt\/product\/alendronic-acid\/\" \/>\n<meta property=\"og:site_name\" content=\"Transtoyou - LT\" \/>\n<meta property=\"article:modified_time\" content=\"2026-02-05T11:54:50+00:00\" \/>\n<meta name=\"twitter:card\" content=\"summary_large_image\" \/>\n<meta name=\"twitter:label1\" content=\"Est. reading time\" \/>\n\t<meta name=\"twitter:data1\" content=\"1 minut\u0117\" \/>\n<script type=\"application\/ld+json\" class=\"yoast-schema-graph\">{\"@context\":\"https:\/\/schema.org\",\"@graph\":[{\"@type\":\"WebPage\",\"@id\":\"https:\/\/www.transtoyou.com\/lt\/product\/alendronic-acid\/\",\"url\":\"https:\/\/www.transtoyou.com\/lt\/product\/alendronic-acid\/\",\"name\":\"Alendrono r\u016bg\u0161tis | Stiprina kaulus, ma\u017eina l\u016b\u017eius - Transtoyou\",\"isPartOf\":{\"@id\":\"https:\/\/www.transtoyou.com\/lt\/#website\"},\"primaryImageOfPage\":{\"@id\":\"https:\/\/www.transtoyou.com\/lt\/product\/alendronic-acid\/#primaryimage\"},\"image\":{\"@id\":\"https:\/\/www.transtoyou.com\/lt\/product\/alendronic-acid\/#primaryimage\"},\"thumbnailUrl\":\"https:\/\/www.transtoyou.com\/lt\/wp-content\/uploads\/sites\/9\/2026\/01\/tty-no-product-image-68.webp\",\"datePublished\":\"2026-01-24T01:09:36+00:00\",\"dateModified\":\"2026-02-05T11:54:50+00:00\",\"description\":\"Alendrono r\u016bg\u0161tis, dabar Transtoyou, palaiko kaul\u0173 sveikat\u0105 ir ma\u017eina osteoporoz\u0117s rizik\u0105. Pirkite \u0161iandien stipresniems kaulams!\",\"breadcrumb\":{\"@id\":\"https:\/\/www.transtoyou.com\/lt\/product\/alendronic-acid\/#breadcrumb\"},\"inLanguage\":\"lt-LT\",\"potentialAction\":[{\"@type\":\"ReadAction\",\"target\":[\"https:\/\/www.transtoyou.com\/lt\/product\/alendronic-acid\/\"]}]},{\"@type\":\"ImageObject\",\"inLanguage\":\"lt-LT\",\"@id\":\"https:\/\/www.transtoyou.com\/lt\/product\/alendronic-acid\/#primaryimage\",\"url\":\"https:\/\/www.transtoyou.com\/lt\/wp-content\/uploads\/sites\/9\/2026\/01\/tty-no-product-image-68.webp\",\"contentUrl\":\"https:\/\/www.transtoyou.com\/lt\/wp-content\/uploads\/sites\/9\/2026\/01\/tty-no-product-image-68.webp\",\"width\":1000,\"height\":1000,\"caption\":\"Numatytas produkto vaizdas\"},{\"@type\":\"WebSite\",\"@id\":\"https:\/\/www.transtoyou.com\/lt\/#website\",\"url\":\"https:\/\/www.transtoyou.com\/lt\/\",\"name\":\"Transtoyou - LT\",\"description\":\"\",\"publisher\":{\"@id\":\"https:\/\/www.transtoyou.com\/lt\/#organization\"},\"potentialAction\":[{\"@type\":\"SearchAction\",\"target\":{\"@type\":\"EntryPoint\",\"urlTemplate\":\"https:\/\/www.transtoyou.com\/lt\/?s={search_term_string}\"},\"query-input\":{\"@type\":\"PropertyValueSpecification\",\"valueRequired\":true,\"valueName\":\"search_term_string\"}}],\"inLanguage\":\"lt-LT\"},{\"@type\":\"Organization\",\"@id\":\"https:\/\/www.transtoyou.com\/lt\/#organization\",\"name\":\"Transtoyou - LT\",\"url\":\"https:\/\/www.transtoyou.com\/lt\/\",\"logo\":{\"@type\":\"ImageObject\",\"inLanguage\":\"lt-LT\",\"@id\":\"https:\/\/www.transtoyou.com\/lt\/#\/schema\/logo\/image\/\",\"url\":\"https:\/\/www.transtoyou.com\/lt\/wp-content\/uploads\/sites\/9\/2026\/01\/logo-tty-menu-bar-300x87-1.webp\",\"contentUrl\":\"https:\/\/www.transtoyou.com\/lt\/wp-content\/uploads\/sites\/9\/2026\/01\/logo-tty-menu-bar-300x87-1.webp\",\"width\":300,\"height\":87,\"caption\":\"Transtoyou - LT\"},\"image\":{\"@id\":\"https:\/\/www.transtoyou.com\/lt\/#\/schema\/logo\/image\/\"}}]}<\/script>\n<!-- \/ Yoast SEO plugin. -->","yoast_head_json":{"title":"Alendrono r\u016bg\u0161tis | Stiprina kaulus, ma\u017eina l\u016b\u017eius - Transtoyou","description":"Alendrono r\u016bg\u0161tis, dabar Transtoyou, palaiko kaul\u0173 sveikat\u0105 ir ma\u017eina osteoporoz\u0117s rizik\u0105. Pirkite \u0161iandien stipresniems kaulams!","robots":{"index":"noindex","follow":"follow","max-snippet":"max-snippet:-1","max-image-preview":"max-image-preview:large","max-video-preview":"max-video-preview:-1"},"og_locale":"lt_LT","og_type":"article","og_title":"Alendrono r\u016bg\u0161tis | Stiprina kaulus, ma\u017eina l\u016b\u017eius - Transtoyou","og_description":"Alendrono r\u016bg\u0161tis, dabar Transtoyou, palaiko kaul\u0173 sveikat\u0105 ir ma\u017eina osteoporoz\u0117s rizik\u0105. Pirkite \u0161iandien stipresniems kaulams!","og_url":"https:\/\/www.transtoyou.com\/lt\/product\/alendronic-acid\/","og_site_name":"Transtoyou - LT","article_modified_time":"2026-02-05T11:54:50+00:00","twitter_card":"summary_large_image","twitter_misc":{"Est. reading time":"1 minut\u0117"},"schema":{"@context":"https:\/\/schema.org","@graph":[{"@type":"WebPage","@id":"https:\/\/www.transtoyou.com\/lt\/product\/alendronic-acid\/","url":"https:\/\/www.transtoyou.com\/lt\/product\/alendronic-acid\/","name":"Alendrono r\u016bg\u0161tis | Stiprina kaulus, ma\u017eina l\u016b\u017eius - Transtoyou","isPartOf":{"@id":"https:\/\/www.transtoyou.com\/lt\/#website"},"primaryImageOfPage":{"@id":"https:\/\/www.transtoyou.com\/lt\/product\/alendronic-acid\/#primaryimage"},"image":{"@id":"https:\/\/www.transtoyou.com\/lt\/product\/alendronic-acid\/#primaryimage"},"thumbnailUrl":"https:\/\/www.transtoyou.com\/lt\/wp-content\/uploads\/sites\/9\/2026\/01\/tty-no-product-image-68.webp","datePublished":"2026-01-24T01:09:36+00:00","dateModified":"2026-02-05T11:54:50+00:00","description":"Alendrono r\u016bg\u0161tis, dabar Transtoyou, palaiko kaul\u0173 sveikat\u0105 ir ma\u017eina osteoporoz\u0117s rizik\u0105. Pirkite \u0161iandien stipresniems kaulams!","breadcrumb":{"@id":"https:\/\/www.transtoyou.com\/lt\/product\/alendronic-acid\/#breadcrumb"},"inLanguage":"lt-LT","potentialAction":[{"@type":"ReadAction","target":["https:\/\/www.transtoyou.com\/lt\/product\/alendronic-acid\/"]}]},{"@type":"ImageObject","inLanguage":"lt-LT","@id":"https:\/\/www.transtoyou.com\/lt\/product\/alendronic-acid\/#primaryimage","url":"https:\/\/www.transtoyou.com\/lt\/wp-content\/uploads\/sites\/9\/2026\/01\/tty-no-product-image-68.webp","contentUrl":"https:\/\/www.transtoyou.com\/lt\/wp-content\/uploads\/sites\/9\/2026\/01\/tty-no-product-image-68.webp","width":1000,"height":1000,"caption":"Numatytas produkto vaizdas"},{"@type":"WebSite","@id":"https:\/\/www.transtoyou.com\/lt\/#website","url":"https:\/\/www.transtoyou.com\/lt\/","name":"Transtoyou - LT","description":"","publisher":{"@id":"https:\/\/www.transtoyou.com\/lt\/#organization"},"potentialAction":[{"@type":"SearchAction","target":{"@type":"EntryPoint","urlTemplate":"https:\/\/www.transtoyou.com\/lt\/?s={search_term_string}"},"query-input":{"@type":"PropertyValueSpecification","valueRequired":true,"valueName":"search_term_string"}}],"inLanguage":"lt-LT"},{"@type":"Organization","@id":"https:\/\/www.transtoyou.com\/lt\/#organization","name":"Transtoyou - LT","url":"https:\/\/www.transtoyou.com\/lt\/","logo":{"@type":"ImageObject","inLanguage":"lt-LT","@id":"https:\/\/www.transtoyou.com\/lt\/#\/schema\/logo\/image\/","url":"https:\/\/www.transtoyou.com\/lt\/wp-content\/uploads\/sites\/9\/2026\/01\/logo-tty-menu-bar-300x87-1.webp","contentUrl":"https:\/\/www.transtoyou.com\/lt\/wp-content\/uploads\/sites\/9\/2026\/01\/logo-tty-menu-bar-300x87-1.webp","width":300,"height":87,"caption":"Transtoyou - LT"},"image":{"@id":"https:\/\/www.transtoyou.com\/lt\/#\/schema\/logo\/image\/"}}]}},"_links":{"self":[{"href":"https:\/\/www.transtoyou.com\/lt\/wp-json\/wp\/v2\/product\/917","targetHints":{"allow":["GET"]}}],"collection":[{"href":"https:\/\/www.transtoyou.com\/lt\/wp-json\/wp\/v2\/product"}],"about":[{"href":"https:\/\/www.transtoyou.com\/lt\/wp-json\/wp\/v2\/types\/product"}],"replies":[{"embeddable":true,"href":"https:\/\/www.transtoyou.com\/lt\/wp-json\/wp\/v2\/comments?post=917"}],"wp:featuredmedia":[{"embeddable":true,"href":"https:\/\/www.transtoyou.com\/lt\/wp-json\/wp\/v2\/media\/919"}],"wp:attachment":[{"href":"https:\/\/www.transtoyou.com\/lt\/wp-json\/wp\/v2\/media?parent=917"}],"wp:term":[{"taxonomy":"product_brand","embeddable":true,"href":"https:\/\/www.transtoyou.com\/lt\/wp-json\/wp\/v2\/product_brand?post=917"},{"taxonomy":"product_cat","embeddable":true,"href":"https:\/\/www.transtoyou.com\/lt\/wp-json\/wp\/v2\/product_cat?post=917"},{"taxonomy":"product_tag","embeddable":true,"href":"https:\/\/www.transtoyou.com\/lt\/wp-json\/wp\/v2\/product_tag?post=917"},{"taxonomy":"expert","embeddable":true,"href":"https:\/\/www.transtoyou.com\/lt\/wp-json\/wp\/v2\/expert?post=917"}],"curies":[{"name":"wp","href":"https:\/\/api.w.org\/{rel}","templated":true}]}}