{"id":926,"date":"2026-01-24T03:51:01","date_gmt":"2026-01-24T01:51:01","guid":{"rendered":"https:\/\/www.transtoyou.com\/lt\/product\/avodart\/"},"modified":"2026-01-24T03:52:03","modified_gmt":"2026-01-24T01:52:03","slug":"avodart","status":"publish","type":"product","link":"https:\/\/www.transtoyou.com\/lt\/product\/avodart\/","title":{"rendered":"Avodart"},"content":{"rendered":"<p>Avodart sud\u0117tyje yra dutasterido, vaisto, naudojamo gerybin\u0117s prostatos hiperplazijos gydymui, b\u016bklei, da\u017enai \u017einomai kaip padid\u0117jusi prostata. \u0160i b\u016bkl\u0117 paveikia daugel\u012f vyr\u0173 senstant ir gali sukelti \u0161lapinimosi simptomus, tokius kaip da\u017enas \u0161lapinimasis, sunkumai pradedant ar sustabdant \u0161lapimo sraut\u0105 ir silpnas srautas. Avodart veikia ma\u017eindamas prostat\u0105 laikui b\u0117gant, pad\u0117damas palengvinti \u0161iuos simptomus ir pagerinti \u0161lapimo sraut\u0105.<\/p>\n<p>Dutasteridas priklauso 5-alfa-reduktaz\u0117s inhibitoriams. Jis suma\u017eina dihidrotestosterono, hormono, kuris skatina prostatos augim\u0105, lygius. Ma\u017eesni hormon\u0173 lygiai lemia ma\u017eesn\u0119 prostat\u0105, kas savo ruo\u017etu suma\u017eina spaudim\u0105 \u0161lapl\u0117je ir palengvina \u0161lapinim\u0105si. Poveikiai kaupiasi palaipsniui ir gali u\u017etrukti kelis m\u0117nesius, kol bus pastebimas pager\u0117jimas.<\/p>\n<p>Avodart vartojamas kaip kasdien\u0117 kapsul\u0117 (vien\u0105 kart\u0105 per dien\u0105) ir turi b\u016bti nuryjama vis\u0105 su vandeniu. Nuoseklumas yra svarbus, nes praleidus dozes gali suma\u017e\u0117ti veiksmingumas. Da\u017enai jis vartojamas ilg\u0105 laik\u0105, kad i\u0161laikyt\u0173 naud\u0105 ir suma\u017eint\u0173 komplikacij\u0173, toki\u0173 kaip \u016bmus \u0161lapimo susilaikymas ar prostatos operacijos poreikis, rizik\u0105.<\/p>\n<p>Avodart paprastai gerai toleruojamas. \u0160alutiniai poveikiai gali apimti suma\u017e\u0117jusi\u0105 libido, kr\u016bt\u0173 jautrum\u0105 ar seksualin\u0119 disfunkcij\u0105. \u0160ie poveikiai paprastai ger\u0117ja laikui b\u0117gant arba nutraukus vartojim\u0105.<\/p>\n","protected":false},"excerpt":{"rendered":"<ul>\n<li>Kasdien\u0117 kapsul\u0117 padid\u0117jusiai prostatai<\/li>\n<li>Ma\u017eina prostatos dyd\u012f ir \u0161lapinimosi simptomus<\/li>\n<li>Padeda u\u017ekirsti keli\u0105 ilgalaik\u0117ms prostatos komplikacijoms<\/li>\n<\/ul>\n","protected":false},"featured_media":928,"comment_status":"open","ping_status":"closed","template":"","meta":[],"product_brand":[],"product_cat":[158],"product_tag":[],"expert":[21],"class_list":{"0":"post-926","1":"product","2":"type-product","3":"status-publish","4":"has-post-thumbnail","6":"product_cat-prostatos-sveikata","7":"expert-dr-m-sharoyko","9":"first","10":"instock","11":"shipping-taxable","12":"product-type-variable"},"yoast_head":"<!-- This site is optimized with the Yoast SEO plugin v27.0 - https:\/\/yoast.com\/product\/yoast-seo-wordpress\/ -->\n<title>Avodart | Greitas prostatos simptom\u0173 palengvinimas - Transtoyou<\/title>\n<meta name=\"description\" content=\"Atraskite Avodart Transtoyou, skirt\u0105 padid\u0117jusios prostatos simptomams. Patirkite palengv\u0117jim\u0105 su dutasteridu geresniam \u0161lapimo srautui. Pirkite dabar.\" \/>\n<meta name=\"robots\" content=\"noindex, follow, max-snippet:-1, max-image-preview:large, max-video-preview:-1\" \/>\n<meta property=\"og:locale\" content=\"lt_LT\" \/>\n<meta property=\"og:type\" content=\"article\" \/>\n<meta property=\"og:title\" content=\"Avodart | Greitas prostatos simptom\u0173 palengvinimas - Transtoyou\" \/>\n<meta property=\"og:description\" content=\"Atraskite Avodart Transtoyou, skirt\u0105 padid\u0117jusios prostatos simptomams. Patirkite palengv\u0117jim\u0105 su dutasteridu geresniam \u0161lapimo srautui. Pirkite dabar.\" \/>\n<meta property=\"og:url\" content=\"https:\/\/www.transtoyou.com\/lt\/product\/avodart\/\" \/>\n<meta property=\"og:site_name\" content=\"Transtoyou - LT\" \/>\n<meta property=\"article:modified_time\" content=\"2026-01-24T01:52:03+00:00\" \/>\n<meta name=\"twitter:card\" content=\"summary_large_image\" \/>\n<meta name=\"twitter:label1\" content=\"Est. reading time\" \/>\n\t<meta name=\"twitter:data1\" content=\"1 minut\u0117\" \/>\n<script type=\"application\/ld+json\" class=\"yoast-schema-graph\">{\"@context\":\"https:\/\/schema.org\",\"@graph\":[{\"@type\":\"WebPage\",\"@id\":\"https:\/\/www.transtoyou.com\/lt\/product\/avodart\/\",\"url\":\"https:\/\/www.transtoyou.com\/lt\/product\/avodart\/\",\"name\":\"Avodart | Greitas prostatos simptom\u0173 palengvinimas - Transtoyou\",\"isPartOf\":{\"@id\":\"https:\/\/www.transtoyou.com\/lt\/#website\"},\"primaryImageOfPage\":{\"@id\":\"https:\/\/www.transtoyou.com\/lt\/product\/avodart\/#primaryimage\"},\"image\":{\"@id\":\"https:\/\/www.transtoyou.com\/lt\/product\/avodart\/#primaryimage\"},\"thumbnailUrl\":\"https:\/\/www.transtoyou.com\/lt\/wp-content\/uploads\/sites\/9\/2026\/01\/tty-no-product-image-71.webp\",\"datePublished\":\"2026-01-24T01:51:01+00:00\",\"dateModified\":\"2026-01-24T01:52:03+00:00\",\"description\":\"Atraskite Avodart Transtoyou, skirt\u0105 padid\u0117jusios prostatos simptomams. Patirkite palengv\u0117jim\u0105 su dutasteridu geresniam \u0161lapimo srautui. Pirkite dabar.\",\"breadcrumb\":{\"@id\":\"https:\/\/www.transtoyou.com\/lt\/product\/avodart\/#breadcrumb\"},\"inLanguage\":\"lt-LT\",\"potentialAction\":[{\"@type\":\"ReadAction\",\"target\":[\"https:\/\/www.transtoyou.com\/lt\/product\/avodart\/\"]}]},{\"@type\":\"ImageObject\",\"inLanguage\":\"lt-LT\",\"@id\":\"https:\/\/www.transtoyou.com\/lt\/product\/avodart\/#primaryimage\",\"url\":\"https:\/\/www.transtoyou.com\/lt\/wp-content\/uploads\/sites\/9\/2026\/01\/tty-no-product-image-71.webp\",\"contentUrl\":\"https:\/\/www.transtoyou.com\/lt\/wp-content\/uploads\/sites\/9\/2026\/01\/tty-no-product-image-71.webp\",\"width\":1000,\"height\":1000,\"caption\":\"Numatytasis produkto vaizdas\"},{\"@type\":\"WebSite\",\"@id\":\"https:\/\/www.transtoyou.com\/lt\/#website\",\"url\":\"https:\/\/www.transtoyou.com\/lt\/\",\"name\":\"Transtoyou - LT\",\"description\":\"\",\"publisher\":{\"@id\":\"https:\/\/www.transtoyou.com\/lt\/#organization\"},\"potentialAction\":[{\"@type\":\"SearchAction\",\"target\":{\"@type\":\"EntryPoint\",\"urlTemplate\":\"https:\/\/www.transtoyou.com\/lt\/?s={search_term_string}\"},\"query-input\":{\"@type\":\"PropertyValueSpecification\",\"valueRequired\":true,\"valueName\":\"search_term_string\"}}],\"inLanguage\":\"lt-LT\"},{\"@type\":\"Organization\",\"@id\":\"https:\/\/www.transtoyou.com\/lt\/#organization\",\"name\":\"Transtoyou - LT\",\"url\":\"https:\/\/www.transtoyou.com\/lt\/\",\"logo\":{\"@type\":\"ImageObject\",\"inLanguage\":\"lt-LT\",\"@id\":\"https:\/\/www.transtoyou.com\/lt\/#\/schema\/logo\/image\/\",\"url\":\"https:\/\/www.transtoyou.com\/lt\/wp-content\/uploads\/sites\/9\/2026\/01\/logo-tty-menu-bar-300x87-1.webp\",\"contentUrl\":\"https:\/\/www.transtoyou.com\/lt\/wp-content\/uploads\/sites\/9\/2026\/01\/logo-tty-menu-bar-300x87-1.webp\",\"width\":300,\"height\":87,\"caption\":\"Transtoyou - LT\"},\"image\":{\"@id\":\"https:\/\/www.transtoyou.com\/lt\/#\/schema\/logo\/image\/\"}}]}<\/script>\n<!-- \/ Yoast SEO plugin. -->","yoast_head_json":{"title":"Avodart | Greitas prostatos simptom\u0173 palengvinimas - Transtoyou","description":"Atraskite Avodart Transtoyou, skirt\u0105 padid\u0117jusios prostatos simptomams. Patirkite palengv\u0117jim\u0105 su dutasteridu geresniam \u0161lapimo srautui. Pirkite dabar.","robots":{"index":"noindex","follow":"follow","max-snippet":"max-snippet:-1","max-image-preview":"max-image-preview:large","max-video-preview":"max-video-preview:-1"},"og_locale":"lt_LT","og_type":"article","og_title":"Avodart | Greitas prostatos simptom\u0173 palengvinimas - Transtoyou","og_description":"Atraskite Avodart Transtoyou, skirt\u0105 padid\u0117jusios prostatos simptomams. Patirkite palengv\u0117jim\u0105 su dutasteridu geresniam \u0161lapimo srautui. Pirkite dabar.","og_url":"https:\/\/www.transtoyou.com\/lt\/product\/avodart\/","og_site_name":"Transtoyou - LT","article_modified_time":"2026-01-24T01:52:03+00:00","twitter_card":"summary_large_image","twitter_misc":{"Est. reading time":"1 minut\u0117"},"schema":{"@context":"https:\/\/schema.org","@graph":[{"@type":"WebPage","@id":"https:\/\/www.transtoyou.com\/lt\/product\/avodart\/","url":"https:\/\/www.transtoyou.com\/lt\/product\/avodart\/","name":"Avodart | Greitas prostatos simptom\u0173 palengvinimas - Transtoyou","isPartOf":{"@id":"https:\/\/www.transtoyou.com\/lt\/#website"},"primaryImageOfPage":{"@id":"https:\/\/www.transtoyou.com\/lt\/product\/avodart\/#primaryimage"},"image":{"@id":"https:\/\/www.transtoyou.com\/lt\/product\/avodart\/#primaryimage"},"thumbnailUrl":"https:\/\/www.transtoyou.com\/lt\/wp-content\/uploads\/sites\/9\/2026\/01\/tty-no-product-image-71.webp","datePublished":"2026-01-24T01:51:01+00:00","dateModified":"2026-01-24T01:52:03+00:00","description":"Atraskite Avodart Transtoyou, skirt\u0105 padid\u0117jusios prostatos simptomams. Patirkite palengv\u0117jim\u0105 su dutasteridu geresniam \u0161lapimo srautui. Pirkite dabar.","breadcrumb":{"@id":"https:\/\/www.transtoyou.com\/lt\/product\/avodart\/#breadcrumb"},"inLanguage":"lt-LT","potentialAction":[{"@type":"ReadAction","target":["https:\/\/www.transtoyou.com\/lt\/product\/avodart\/"]}]},{"@type":"ImageObject","inLanguage":"lt-LT","@id":"https:\/\/www.transtoyou.com\/lt\/product\/avodart\/#primaryimage","url":"https:\/\/www.transtoyou.com\/lt\/wp-content\/uploads\/sites\/9\/2026\/01\/tty-no-product-image-71.webp","contentUrl":"https:\/\/www.transtoyou.com\/lt\/wp-content\/uploads\/sites\/9\/2026\/01\/tty-no-product-image-71.webp","width":1000,"height":1000,"caption":"Numatytasis produkto vaizdas"},{"@type":"WebSite","@id":"https:\/\/www.transtoyou.com\/lt\/#website","url":"https:\/\/www.transtoyou.com\/lt\/","name":"Transtoyou - LT","description":"","publisher":{"@id":"https:\/\/www.transtoyou.com\/lt\/#organization"},"potentialAction":[{"@type":"SearchAction","target":{"@type":"EntryPoint","urlTemplate":"https:\/\/www.transtoyou.com\/lt\/?s={search_term_string}"},"query-input":{"@type":"PropertyValueSpecification","valueRequired":true,"valueName":"search_term_string"}}],"inLanguage":"lt-LT"},{"@type":"Organization","@id":"https:\/\/www.transtoyou.com\/lt\/#organization","name":"Transtoyou - LT","url":"https:\/\/www.transtoyou.com\/lt\/","logo":{"@type":"ImageObject","inLanguage":"lt-LT","@id":"https:\/\/www.transtoyou.com\/lt\/#\/schema\/logo\/image\/","url":"https:\/\/www.transtoyou.com\/lt\/wp-content\/uploads\/sites\/9\/2026\/01\/logo-tty-menu-bar-300x87-1.webp","contentUrl":"https:\/\/www.transtoyou.com\/lt\/wp-content\/uploads\/sites\/9\/2026\/01\/logo-tty-menu-bar-300x87-1.webp","width":300,"height":87,"caption":"Transtoyou - LT"},"image":{"@id":"https:\/\/www.transtoyou.com\/lt\/#\/schema\/logo\/image\/"}}]}},"_links":{"self":[{"href":"https:\/\/www.transtoyou.com\/lt\/wp-json\/wp\/v2\/product\/926","targetHints":{"allow":["GET"]}}],"collection":[{"href":"https:\/\/www.transtoyou.com\/lt\/wp-json\/wp\/v2\/product"}],"about":[{"href":"https:\/\/www.transtoyou.com\/lt\/wp-json\/wp\/v2\/types\/product"}],"replies":[{"embeddable":true,"href":"https:\/\/www.transtoyou.com\/lt\/wp-json\/wp\/v2\/comments?post=926"}],"wp:featuredmedia":[{"embeddable":true,"href":"https:\/\/www.transtoyou.com\/lt\/wp-json\/wp\/v2\/media\/928"}],"wp:attachment":[{"href":"https:\/\/www.transtoyou.com\/lt\/wp-json\/wp\/v2\/media?parent=926"}],"wp:term":[{"taxonomy":"product_brand","embeddable":true,"href":"https:\/\/www.transtoyou.com\/lt\/wp-json\/wp\/v2\/product_brand?post=926"},{"taxonomy":"product_cat","embeddable":true,"href":"https:\/\/www.transtoyou.com\/lt\/wp-json\/wp\/v2\/product_cat?post=926"},{"taxonomy":"product_tag","embeddable":true,"href":"https:\/\/www.transtoyou.com\/lt\/wp-json\/wp\/v2\/product_tag?post=926"},{"taxonomy":"expert","embeddable":true,"href":"https:\/\/www.transtoyou.com\/lt\/wp-json\/wp\/v2\/expert?post=926"}],"curies":[{"name":"wp","href":"https:\/\/api.w.org\/{rel}","templated":true}]}}