{"id":937,"date":"2026-01-24T04:48:55","date_gmt":"2026-01-24T02:48:55","guid":{"rendered":"https:\/\/www.transtoyou.com\/lt\/product\/arilin-rapid\/"},"modified":"2026-01-24T04:50:05","modified_gmt":"2026-01-24T02:50:05","slug":"arilinas-greitas","status":"publish","type":"product","link":"https:\/\/www.transtoyou.com\/lt\/product\/arilinas-greitas\/","title":{"rendered":"Arilin Rapid"},"content":{"rendered":"<p>Arilin Rapid yra antibiotikas, naudojamas trichomoniozei gydyti, tai yra lytiniu keliu plintanti infekcija, kuri\u0105 sukelia parazitas Trichomonas vaginalis. Jame yra veikliosios med\u017eiagos metronidazolo, kuris veiksmingas prie\u0161 anaerobinius organizmus, \u012fskaitant pirmuonius ir tam tikras bakterijas. Vaistas veikia trukdydamas mikroorganizmo DNR, sustabdydamas jo augim\u0105 ir pa\u0161alindamas infekcij\u0105 i\u0161 organizmo.<\/p>\n<p>Trichomoniaz\u0117 yra da\u017ena, ta\u010diau da\u017enai nepastebima infekcija, galinti paveikti tiek vyrus, tiek moteris. Moterims simptomai gali apimti ne\u012fprast\u0105 mak\u0161ties i\u0161skyr\u0105, nie\u017e\u0117jim\u0105, diskomfort\u0105 \u0161lapinantis ar lytini\u0173 santyki\u0173 metu, ir dirginim\u0105. Vyrams tai gali sukelti \u0161lapl\u0117s i\u0161skyras ar dirginim\u0105, nors daugelis \u017emoni\u0173 gali b\u016bti besimptomiai. Greitas infekcijos gydymas padeda palengvinti simptomus ir u\u017ekirsti keli\u0105 komplikacijoms bei perdavimui seksualiniams partneriams.<\/p>\n<p>Arilin Rapid paprastai skiriamas kaip vienkartin\u0117 arba dviguba didel\u0117 doz\u0117 mak\u0161ties \u017evakut\u0117mis, tod\u0117l tai yra patogus pasirinkimas pacientams. Ta\u010diau kai kuriais atvejais gali b\u016bti skiriamas trumpas ma\u017eesni\u0173 kasdieni\u0173 dozi\u0173 kursas su metronidazolu. Greitai veikian\u010di\u0105 formul\u0119 galima gauti tik kaip mak\u0161ties \u017evakut\u0119, kuri u\u017etikrina dideles veikliosios med\u017eiagos koncentracijas, kad efektyviai b\u016bt\u0173 taikoma infekcijai.<\/p>\n<p>Pacientams paprastai patariama vengti alkoholio gydymo metu ir ma\u017eiausiai 48 valandas po jo d\u0117l sunkaus s\u0105veikos, \u017einomos kaip disulfiramo tipo reakcija, rizikos. \u0160alutiniai poveikiai gali apimti metalin\u012f skon\u012f, pykinim\u0105, galvos svaigim\u0105 ar skrand\u017eio diskomfort\u0105, kurie paprastai yra lengvi ir laikini.<\/p>\n<p>Norint i\u0161vengti pakartotin\u0117s infekcijos, svarbu, kad seksualiniai partneriai b\u016bt\u0173 gydomi tuo pa\u010diu metu, net jei jie neturi simptom\u0173. Taip pat rekomenduojama susilaikyti nuo lytini\u0173 santyki\u0173, kol infekcija visi\u0161kai i\u0161nyks.<\/p>\n","protected":false},"excerpt":{"rendered":"<ul>\n<li>Vietinis vienos ar dvigubos doz\u0117s trichomonoz\u0117s gydymas<\/li>\n<li>Greitas parazit\u0173 pa\u0161alinimas<\/li>\n<li>Veiksmingas prie\u0161 protozoines infekcijas<\/li>\n<\/ul>\n","protected":false},"featured_media":938,"comment_status":"open","ping_status":"closed","template":"","meta":[],"product_brand":[],"product_cat":[172],"product_tag":[],"expert":[18],"class_list":{"0":"post-937","1":"product","2":"type-product","3":"status-publish","4":"has-post-thumbnail","6":"product_cat-trichomonoze","7":"expert-dr-g-varbanov","9":"first","10":"outofstock","11":"shipping-taxable","12":"product-type-simple"},"yoast_head":"<!-- This site is optimized with the Yoast SEO plugin v27.0 - https:\/\/yoast.com\/product\/yoast-seo-wordpress\/ -->\n<title>Arilin Rapid | Efektyvus antibiotikas trichomoniazei - Transtoyou<\/title>\n<meta name=\"description\" content=\"Arilin Rapid, prieinamas Transtoyou, veiksmingai gydo trichomonoz\u0119 metronidazolu, stabdydamas infekcijos augim\u0105 greitam palengv\u0117jimui.\" \/>\n<meta name=\"robots\" content=\"noindex, follow, max-snippet:-1, max-image-preview:large, max-video-preview:-1\" \/>\n<meta property=\"og:locale\" content=\"lt_LT\" \/>\n<meta property=\"og:type\" content=\"article\" \/>\n<meta property=\"og:title\" content=\"Arilin Rapid | Efektyvus antibiotikas trichomoniazei - Transtoyou\" \/>\n<meta property=\"og:description\" content=\"Arilin Rapid, prieinamas Transtoyou, veiksmingai gydo trichomonoz\u0119 metronidazolu, stabdydamas infekcijos augim\u0105 greitam palengv\u0117jimui.\" \/>\n<meta property=\"og:url\" content=\"https:\/\/www.transtoyou.com\/lt\/product\/arilin-rapid\/\" \/>\n<meta property=\"og:site_name\" content=\"Transtoyou - LT\" \/>\n<meta property=\"article:modified_time\" content=\"2026-01-24T02:50:05+00:00\" \/>\n<meta name=\"twitter:card\" content=\"summary_large_image\" \/>\n<meta name=\"twitter:label1\" content=\"Est. reading time\" \/>\n\t<meta name=\"twitter:data1\" content=\"1 minut\u0117\" \/>\n<script type=\"application\/ld+json\" class=\"yoast-schema-graph\">{\"@context\":\"https:\/\/schema.org\",\"@graph\":[{\"@type\":\"WebPage\",\"@id\":\"https:\/\/www.transtoyou.com\/lt\/product\/arilin-rapid\/\",\"url\":\"https:\/\/www.transtoyou.com\/lt\/product\/arilin-rapid\/\",\"name\":\"Arilin Rapid | Efektyvus antibiotikas trichomoniazei - Transtoyou\",\"isPartOf\":{\"@id\":\"https:\/\/www.transtoyou.com\/lt\/#website\"},\"primaryImageOfPage\":{\"@id\":\"https:\/\/www.transtoyou.com\/lt\/product\/arilin-rapid\/#primaryimage\"},\"image\":{\"@id\":\"https:\/\/www.transtoyou.com\/lt\/product\/arilin-rapid\/#primaryimage\"},\"thumbnailUrl\":\"https:\/\/www.transtoyou.com\/lt\/wp-content\/uploads\/sites\/9\/2026\/01\/tty-no-product-image-75.webp\",\"datePublished\":\"2026-01-24T02:48:55+00:00\",\"dateModified\":\"2026-01-24T02:50:05+00:00\",\"description\":\"Arilin Rapid, prieinamas Transtoyou, veiksmingai gydo trichomonoz\u0119 metronidazolu, stabdydamas infekcijos augim\u0105 greitam palengv\u0117jimui.\",\"breadcrumb\":{\"@id\":\"https:\/\/www.transtoyou.com\/lt\/product\/arilin-rapid\/#breadcrumb\"},\"inLanguage\":\"lt-LT\",\"potentialAction\":[{\"@type\":\"ReadAction\",\"target\":[\"https:\/\/www.transtoyou.com\/lt\/product\/arilin-rapid\/\"]}]},{\"@type\":\"ImageObject\",\"inLanguage\":\"lt-LT\",\"@id\":\"https:\/\/www.transtoyou.com\/lt\/product\/arilin-rapid\/#primaryimage\",\"url\":\"https:\/\/www.transtoyou.com\/lt\/wp-content\/uploads\/sites\/9\/2026\/01\/tty-no-product-image-75.webp\",\"contentUrl\":\"https:\/\/www.transtoyou.com\/lt\/wp-content\/uploads\/sites\/9\/2026\/01\/tty-no-product-image-75.webp\",\"width\":1000,\"height\":1000,\"caption\":\"Numatytasis produkto vaizdas\"},{\"@type\":\"WebSite\",\"@id\":\"https:\/\/www.transtoyou.com\/lt\/#website\",\"url\":\"https:\/\/www.transtoyou.com\/lt\/\",\"name\":\"Transtoyou - LT\",\"description\":\"\",\"publisher\":{\"@id\":\"https:\/\/www.transtoyou.com\/lt\/#organization\"},\"potentialAction\":[{\"@type\":\"SearchAction\",\"target\":{\"@type\":\"EntryPoint\",\"urlTemplate\":\"https:\/\/www.transtoyou.com\/lt\/?s={search_term_string}\"},\"query-input\":{\"@type\":\"PropertyValueSpecification\",\"valueRequired\":true,\"valueName\":\"search_term_string\"}}],\"inLanguage\":\"lt-LT\"},{\"@type\":\"Organization\",\"@id\":\"https:\/\/www.transtoyou.com\/lt\/#organization\",\"name\":\"Transtoyou - LT\",\"url\":\"https:\/\/www.transtoyou.com\/lt\/\",\"logo\":{\"@type\":\"ImageObject\",\"inLanguage\":\"lt-LT\",\"@id\":\"https:\/\/www.transtoyou.com\/lt\/#\/schema\/logo\/image\/\",\"url\":\"https:\/\/www.transtoyou.com\/lt\/wp-content\/uploads\/sites\/9\/2026\/01\/logo-tty-menu-bar-300x87-1.webp\",\"contentUrl\":\"https:\/\/www.transtoyou.com\/lt\/wp-content\/uploads\/sites\/9\/2026\/01\/logo-tty-menu-bar-300x87-1.webp\",\"width\":300,\"height\":87,\"caption\":\"Transtoyou - LT\"},\"image\":{\"@id\":\"https:\/\/www.transtoyou.com\/lt\/#\/schema\/logo\/image\/\"}}]}<\/script>\n<!-- \/ Yoast SEO plugin. -->","yoast_head_json":{"title":"Arilin Rapid | Efektyvus antibiotikas trichomoniazei - Transtoyou","description":"Arilin Rapid, prieinamas Transtoyou, veiksmingai gydo trichomonoz\u0119 metronidazolu, stabdydamas infekcijos augim\u0105 greitam palengv\u0117jimui.","robots":{"index":"noindex","follow":"follow","max-snippet":"max-snippet:-1","max-image-preview":"max-image-preview:large","max-video-preview":"max-video-preview:-1"},"og_locale":"lt_LT","og_type":"article","og_title":"Arilin Rapid | Efektyvus antibiotikas trichomoniazei - Transtoyou","og_description":"Arilin Rapid, prieinamas Transtoyou, veiksmingai gydo trichomonoz\u0119 metronidazolu, stabdydamas infekcijos augim\u0105 greitam palengv\u0117jimui.","og_url":"https:\/\/www.transtoyou.com\/lt\/product\/arilin-rapid\/","og_site_name":"Transtoyou - LT","article_modified_time":"2026-01-24T02:50:05+00:00","twitter_card":"summary_large_image","twitter_misc":{"Est. reading time":"1 minut\u0117"},"schema":{"@context":"https:\/\/schema.org","@graph":[{"@type":"WebPage","@id":"https:\/\/www.transtoyou.com\/lt\/product\/arilin-rapid\/","url":"https:\/\/www.transtoyou.com\/lt\/product\/arilin-rapid\/","name":"Arilin Rapid | Efektyvus antibiotikas trichomoniazei - Transtoyou","isPartOf":{"@id":"https:\/\/www.transtoyou.com\/lt\/#website"},"primaryImageOfPage":{"@id":"https:\/\/www.transtoyou.com\/lt\/product\/arilin-rapid\/#primaryimage"},"image":{"@id":"https:\/\/www.transtoyou.com\/lt\/product\/arilin-rapid\/#primaryimage"},"thumbnailUrl":"https:\/\/www.transtoyou.com\/lt\/wp-content\/uploads\/sites\/9\/2026\/01\/tty-no-product-image-75.webp","datePublished":"2026-01-24T02:48:55+00:00","dateModified":"2026-01-24T02:50:05+00:00","description":"Arilin Rapid, prieinamas Transtoyou, veiksmingai gydo trichomonoz\u0119 metronidazolu, stabdydamas infekcijos augim\u0105 greitam palengv\u0117jimui.","breadcrumb":{"@id":"https:\/\/www.transtoyou.com\/lt\/product\/arilin-rapid\/#breadcrumb"},"inLanguage":"lt-LT","potentialAction":[{"@type":"ReadAction","target":["https:\/\/www.transtoyou.com\/lt\/product\/arilin-rapid\/"]}]},{"@type":"ImageObject","inLanguage":"lt-LT","@id":"https:\/\/www.transtoyou.com\/lt\/product\/arilin-rapid\/#primaryimage","url":"https:\/\/www.transtoyou.com\/lt\/wp-content\/uploads\/sites\/9\/2026\/01\/tty-no-product-image-75.webp","contentUrl":"https:\/\/www.transtoyou.com\/lt\/wp-content\/uploads\/sites\/9\/2026\/01\/tty-no-product-image-75.webp","width":1000,"height":1000,"caption":"Numatytasis produkto vaizdas"},{"@type":"WebSite","@id":"https:\/\/www.transtoyou.com\/lt\/#website","url":"https:\/\/www.transtoyou.com\/lt\/","name":"Transtoyou - LT","description":"","publisher":{"@id":"https:\/\/www.transtoyou.com\/lt\/#organization"},"potentialAction":[{"@type":"SearchAction","target":{"@type":"EntryPoint","urlTemplate":"https:\/\/www.transtoyou.com\/lt\/?s={search_term_string}"},"query-input":{"@type":"PropertyValueSpecification","valueRequired":true,"valueName":"search_term_string"}}],"inLanguage":"lt-LT"},{"@type":"Organization","@id":"https:\/\/www.transtoyou.com\/lt\/#organization","name":"Transtoyou - LT","url":"https:\/\/www.transtoyou.com\/lt\/","logo":{"@type":"ImageObject","inLanguage":"lt-LT","@id":"https:\/\/www.transtoyou.com\/lt\/#\/schema\/logo\/image\/","url":"https:\/\/www.transtoyou.com\/lt\/wp-content\/uploads\/sites\/9\/2026\/01\/logo-tty-menu-bar-300x87-1.webp","contentUrl":"https:\/\/www.transtoyou.com\/lt\/wp-content\/uploads\/sites\/9\/2026\/01\/logo-tty-menu-bar-300x87-1.webp","width":300,"height":87,"caption":"Transtoyou - LT"},"image":{"@id":"https:\/\/www.transtoyou.com\/lt\/#\/schema\/logo\/image\/"}}]}},"_links":{"self":[{"href":"https:\/\/www.transtoyou.com\/lt\/wp-json\/wp\/v2\/product\/937","targetHints":{"allow":["GET"]}}],"collection":[{"href":"https:\/\/www.transtoyou.com\/lt\/wp-json\/wp\/v2\/product"}],"about":[{"href":"https:\/\/www.transtoyou.com\/lt\/wp-json\/wp\/v2\/types\/product"}],"replies":[{"embeddable":true,"href":"https:\/\/www.transtoyou.com\/lt\/wp-json\/wp\/v2\/comments?post=937"}],"wp:featuredmedia":[{"embeddable":true,"href":"https:\/\/www.transtoyou.com\/lt\/wp-json\/wp\/v2\/media\/938"}],"wp:attachment":[{"href":"https:\/\/www.transtoyou.com\/lt\/wp-json\/wp\/v2\/media?parent=937"}],"wp:term":[{"taxonomy":"product_brand","embeddable":true,"href":"https:\/\/www.transtoyou.com\/lt\/wp-json\/wp\/v2\/product_brand?post=937"},{"taxonomy":"product_cat","embeddable":true,"href":"https:\/\/www.transtoyou.com\/lt\/wp-json\/wp\/v2\/product_cat?post=937"},{"taxonomy":"product_tag","embeddable":true,"href":"https:\/\/www.transtoyou.com\/lt\/wp-json\/wp\/v2\/product_tag?post=937"},{"taxonomy":"expert","embeddable":true,"href":"https:\/\/www.transtoyou.com\/lt\/wp-json\/wp\/v2\/expert?post=937"}],"curies":[{"name":"wp","href":"https:\/\/api.w.org\/{rel}","templated":true}]}}