{"id":939,"date":"2026-01-24T05:03:59","date_gmt":"2026-01-24T03:03:59","guid":{"rendered":"https:\/\/www.transtoyou.com\/lt\/product\/betmiga\/"},"modified":"2026-01-24T05:05:06","modified_gmt":"2026-01-24T03:05:06","slug":"miego-trikdziai","status":"publish","type":"product","link":"https:\/\/www.transtoyou.com\/lt\/product\/miego-trikdziai\/","title":{"rendered":"Betmiga"},"content":{"rendered":"<p>Betmiga yra receptinis vaistas, naudojamas gydyti per didel\u0117s \u0161lapimo p\u016bsl\u0117s aktyvumo (P\u0160PA) simptomus, \u012fskaitant \u0161lapimo skub\u0117jim\u0105, da\u017enum\u0105 ir skub\u0173 \u0161lapinim\u0105si. Jame yra veikliosios med\u017eiagos mirabegrono, kuri priklauso beta-3 adrenergini\u0173 agonist\u0173 klasei. Skirtingai nuo tradicini\u0173 antimuskarinini\u0173 gydymo b\u016bd\u0173, Betmiga veikia atsipalaiduodama \u0161lapimo p\u016bsl\u0117s raumen\u012f laikymo faz\u0117s metu, leid\u017eiant \u0161lapimo p\u016bsl\u0117i laikyti daugiau \u0161lapimo ir suma\u017einant da\u017eno \u0161lapinimosi poreik\u012f.<\/p>\n<p>Per didel\u0117s \u0161lapimo p\u016bsl\u0117s aktyvumas gali reik\u0161mingai paveikti kasdien\u012f gyvenim\u0105, da\u017enai sukeldamas sutrikimus darbe, miego metu ir socialin\u0117se veiklose. Betmiga padeda atkurti \u0161lapimo p\u016bsl\u0117s kontrol\u0119 ir suteikia palengv\u0117jim\u0105 nuo diskomforto ir nepatogum\u0173, susijusi\u0173 su nekontroliuojamais \u0161lapimo nutek\u0117jimais ar nuolatiniais \u0161lapinimosi poreikiais.<\/p>\n<p>Betmiga vartojama kart\u0105 per dien\u0105, su maistu arba be jo. Jos poveikis palaipsniui did\u0117ja, ir gali prireikti keli\u0173 savai\u010di\u0173, kad b\u016bt\u0173 patirta visi\u0161ka pager\u0117jimas. Daugeliui pacient\u0173 simptomai pradeda silpn\u0117ti per pirmas dvi\u2013keturias nuolatinio vartojimo savaites.<\/p>\n<p>Vienas i\u0161 Betmiga privalum\u0173 yra jos skirtingas veikimo mechanizmas, palyginti su senesniais P\u0160PA vaistais, tod\u0117l ji yra tinkama alternatyva pacientams, kurie patiria \u0161alutin\u012f poveik\u012f, pavyzd\u017eiui, burnos d\u017ei\u016bvim\u0105 ar viduri\u0173 u\u017ekiet\u0117jim\u0105, vartodami antimuskarininius vaistus.<\/p>\n<p>Da\u017eniausi \u0161alutiniai poveikiai yra padid\u0117j\u0119s kraujosp\u016bdis, \u0161lapimo tak\u0173 infekcijos ar galvos skausmai. Betmiga netinka asmenims, turintiems sunki\u0105, nekontroliuojam\u0105 auk\u0161t\u0105 kraujosp\u016bd\u012f ar tam tikras \u0161irdies ligas. Reguliarus steb\u0117jimas gali b\u016bti rekomenduojamas, ypa\u010d \u017emon\u0117ms, turintiems i\u0161ankstini\u0173 \u0161irdies ir kraujagysli\u0173 rizik\u0173.<\/p>\n","protected":false},"excerpt":{"rendered":"<ul>\n<li>Viena doz\u0117 per dien\u0105 \u0161lapimo p\u016bsl\u0117s kontrolei<\/li>\n<li>Mal\u0161ina skub\u0117jim\u0105 ir da\u017enum\u0105<\/li>\n<li>Palaiko per daug aktyvios \u0161lapimo p\u016bsl\u0117s palengv\u0117jim\u0105<\/li>\n<\/ul>\n","protected":false},"featured_media":941,"comment_status":"open","ping_status":"closed","template":"","meta":[],"product_brand":[],"product_cat":[173],"product_tag":[],"expert":[18],"class_list":{"0":"post-939","1":"product","2":"type-product","3":"status-publish","4":"has-post-thumbnail","6":"product_cat-slapimo-nelaikymas","7":"expert-dr-g-varbanov","9":"first","10":"instock","11":"shipping-taxable","12":"product-type-variable"},"yoast_head":"<!-- This site is optimized with the Yoast SEO plugin v27.0 - https:\/\/yoast.com\/product\/yoast-seo-wordpress\/ -->\n<title>Betmiga | Efektyvus OAB simptom\u0173 kontrol\u0117 - Transtoyou<\/title>\n<meta name=\"description\" content=\"Betmiga, prieinama Transtoyou, gydoma per aktyvios \u0161lapimo p\u016bsl\u0117s simptomus su mirabegronu. Pagerinkite \u0161lapimo p\u016bsl\u0117s kontrol\u0119 \u0161iandien su klinikiniais receptais.\" \/>\n<meta name=\"robots\" content=\"noindex, follow, max-snippet:-1, max-image-preview:large, max-video-preview:-1\" \/>\n<meta property=\"og:locale\" content=\"lt_LT\" \/>\n<meta property=\"og:type\" content=\"article\" \/>\n<meta property=\"og:title\" content=\"Betmiga | Efektyvus OAB simptom\u0173 kontrol\u0117 - Transtoyou\" \/>\n<meta property=\"og:description\" content=\"Betmiga, prieinama Transtoyou, gydoma per aktyvios \u0161lapimo p\u016bsl\u0117s simptomus su mirabegronu. Pagerinkite \u0161lapimo p\u016bsl\u0117s kontrol\u0119 \u0161iandien su klinikiniais receptais.\" \/>\n<meta property=\"og:url\" content=\"https:\/\/www.transtoyou.com\/lt\/product\/betmiga\/\" \/>\n<meta property=\"og:site_name\" content=\"Transtoyou - LT\" \/>\n<meta property=\"article:modified_time\" content=\"2026-01-24T03:05:06+00:00\" \/>\n<meta name=\"twitter:card\" content=\"summary_large_image\" \/>\n<meta name=\"twitter:label1\" content=\"Est. reading time\" \/>\n\t<meta name=\"twitter:data1\" content=\"1 minut\u0117\" \/>\n<script type=\"application\/ld+json\" class=\"yoast-schema-graph\">{\"@context\":\"https:\/\/schema.org\",\"@graph\":[{\"@type\":\"WebPage\",\"@id\":\"https:\/\/www.transtoyou.com\/lt\/product\/betmiga\/\",\"url\":\"https:\/\/www.transtoyou.com\/lt\/product\/betmiga\/\",\"name\":\"Betmiga | Efektyvus OAB simptom\u0173 kontrol\u0117 - Transtoyou\",\"isPartOf\":{\"@id\":\"https:\/\/www.transtoyou.com\/lt\/#website\"},\"primaryImageOfPage\":{\"@id\":\"https:\/\/www.transtoyou.com\/lt\/product\/betmiga\/#primaryimage\"},\"image\":{\"@id\":\"https:\/\/www.transtoyou.com\/lt\/product\/betmiga\/#primaryimage\"},\"thumbnailUrl\":\"https:\/\/www.transtoyou.com\/lt\/wp-content\/uploads\/sites\/9\/2026\/01\/tty-no-product-image-76.webp\",\"datePublished\":\"2026-01-24T03:03:59+00:00\",\"dateModified\":\"2026-01-24T03:05:06+00:00\",\"description\":\"Betmiga, prieinama Transtoyou, gydoma per aktyvios \u0161lapimo p\u016bsl\u0117s simptomus su mirabegronu. Pagerinkite \u0161lapimo p\u016bsl\u0117s kontrol\u0119 \u0161iandien su klinikiniais receptais.\",\"breadcrumb\":{\"@id\":\"https:\/\/www.transtoyou.com\/lt\/product\/betmiga\/#breadcrumb\"},\"inLanguage\":\"lt-LT\",\"potentialAction\":[{\"@type\":\"ReadAction\",\"target\":[\"https:\/\/www.transtoyou.com\/lt\/product\/betmiga\/\"]}]},{\"@type\":\"ImageObject\",\"inLanguage\":\"lt-LT\",\"@id\":\"https:\/\/www.transtoyou.com\/lt\/product\/betmiga\/#primaryimage\",\"url\":\"https:\/\/www.transtoyou.com\/lt\/wp-content\/uploads\/sites\/9\/2026\/01\/tty-no-product-image-76.webp\",\"contentUrl\":\"https:\/\/www.transtoyou.com\/lt\/wp-content\/uploads\/sites\/9\/2026\/01\/tty-no-product-image-76.webp\",\"width\":1000,\"height\":1000,\"caption\":\"Numatytas produkto vaizdas\"},{\"@type\":\"WebSite\",\"@id\":\"https:\/\/www.transtoyou.com\/lt\/#website\",\"url\":\"https:\/\/www.transtoyou.com\/lt\/\",\"name\":\"Transtoyou - LT\",\"description\":\"\",\"publisher\":{\"@id\":\"https:\/\/www.transtoyou.com\/lt\/#organization\"},\"potentialAction\":[{\"@type\":\"SearchAction\",\"target\":{\"@type\":\"EntryPoint\",\"urlTemplate\":\"https:\/\/www.transtoyou.com\/lt\/?s={search_term_string}\"},\"query-input\":{\"@type\":\"PropertyValueSpecification\",\"valueRequired\":true,\"valueName\":\"search_term_string\"}}],\"inLanguage\":\"lt-LT\"},{\"@type\":\"Organization\",\"@id\":\"https:\/\/www.transtoyou.com\/lt\/#organization\",\"name\":\"Transtoyou - LT\",\"url\":\"https:\/\/www.transtoyou.com\/lt\/\",\"logo\":{\"@type\":\"ImageObject\",\"inLanguage\":\"lt-LT\",\"@id\":\"https:\/\/www.transtoyou.com\/lt\/#\/schema\/logo\/image\/\",\"url\":\"https:\/\/www.transtoyou.com\/lt\/wp-content\/uploads\/sites\/9\/2026\/01\/logo-tty-menu-bar-300x87-1.webp\",\"contentUrl\":\"https:\/\/www.transtoyou.com\/lt\/wp-content\/uploads\/sites\/9\/2026\/01\/logo-tty-menu-bar-300x87-1.webp\",\"width\":300,\"height\":87,\"caption\":\"Transtoyou - LT\"},\"image\":{\"@id\":\"https:\/\/www.transtoyou.com\/lt\/#\/schema\/logo\/image\/\"}}]}<\/script>\n<!-- \/ Yoast SEO plugin. -->","yoast_head_json":{"title":"Betmiga | Efektyvus OAB simptom\u0173 kontrol\u0117 - Transtoyou","description":"Betmiga, prieinama Transtoyou, gydoma per aktyvios \u0161lapimo p\u016bsl\u0117s simptomus su mirabegronu. Pagerinkite \u0161lapimo p\u016bsl\u0117s kontrol\u0119 \u0161iandien su klinikiniais receptais.","robots":{"index":"noindex","follow":"follow","max-snippet":"max-snippet:-1","max-image-preview":"max-image-preview:large","max-video-preview":"max-video-preview:-1"},"og_locale":"lt_LT","og_type":"article","og_title":"Betmiga | Efektyvus OAB simptom\u0173 kontrol\u0117 - Transtoyou","og_description":"Betmiga, prieinama Transtoyou, gydoma per aktyvios \u0161lapimo p\u016bsl\u0117s simptomus su mirabegronu. Pagerinkite \u0161lapimo p\u016bsl\u0117s kontrol\u0119 \u0161iandien su klinikiniais receptais.","og_url":"https:\/\/www.transtoyou.com\/lt\/product\/betmiga\/","og_site_name":"Transtoyou - LT","article_modified_time":"2026-01-24T03:05:06+00:00","twitter_card":"summary_large_image","twitter_misc":{"Est. reading time":"1 minut\u0117"},"schema":{"@context":"https:\/\/schema.org","@graph":[{"@type":"WebPage","@id":"https:\/\/www.transtoyou.com\/lt\/product\/betmiga\/","url":"https:\/\/www.transtoyou.com\/lt\/product\/betmiga\/","name":"Betmiga | Efektyvus OAB simptom\u0173 kontrol\u0117 - Transtoyou","isPartOf":{"@id":"https:\/\/www.transtoyou.com\/lt\/#website"},"primaryImageOfPage":{"@id":"https:\/\/www.transtoyou.com\/lt\/product\/betmiga\/#primaryimage"},"image":{"@id":"https:\/\/www.transtoyou.com\/lt\/product\/betmiga\/#primaryimage"},"thumbnailUrl":"https:\/\/www.transtoyou.com\/lt\/wp-content\/uploads\/sites\/9\/2026\/01\/tty-no-product-image-76.webp","datePublished":"2026-01-24T03:03:59+00:00","dateModified":"2026-01-24T03:05:06+00:00","description":"Betmiga, prieinama Transtoyou, gydoma per aktyvios \u0161lapimo p\u016bsl\u0117s simptomus su mirabegronu. Pagerinkite \u0161lapimo p\u016bsl\u0117s kontrol\u0119 \u0161iandien su klinikiniais receptais.","breadcrumb":{"@id":"https:\/\/www.transtoyou.com\/lt\/product\/betmiga\/#breadcrumb"},"inLanguage":"lt-LT","potentialAction":[{"@type":"ReadAction","target":["https:\/\/www.transtoyou.com\/lt\/product\/betmiga\/"]}]},{"@type":"ImageObject","inLanguage":"lt-LT","@id":"https:\/\/www.transtoyou.com\/lt\/product\/betmiga\/#primaryimage","url":"https:\/\/www.transtoyou.com\/lt\/wp-content\/uploads\/sites\/9\/2026\/01\/tty-no-product-image-76.webp","contentUrl":"https:\/\/www.transtoyou.com\/lt\/wp-content\/uploads\/sites\/9\/2026\/01\/tty-no-product-image-76.webp","width":1000,"height":1000,"caption":"Numatytas produkto vaizdas"},{"@type":"WebSite","@id":"https:\/\/www.transtoyou.com\/lt\/#website","url":"https:\/\/www.transtoyou.com\/lt\/","name":"Transtoyou - LT","description":"","publisher":{"@id":"https:\/\/www.transtoyou.com\/lt\/#organization"},"potentialAction":[{"@type":"SearchAction","target":{"@type":"EntryPoint","urlTemplate":"https:\/\/www.transtoyou.com\/lt\/?s={search_term_string}"},"query-input":{"@type":"PropertyValueSpecification","valueRequired":true,"valueName":"search_term_string"}}],"inLanguage":"lt-LT"},{"@type":"Organization","@id":"https:\/\/www.transtoyou.com\/lt\/#organization","name":"Transtoyou - LT","url":"https:\/\/www.transtoyou.com\/lt\/","logo":{"@type":"ImageObject","inLanguage":"lt-LT","@id":"https:\/\/www.transtoyou.com\/lt\/#\/schema\/logo\/image\/","url":"https:\/\/www.transtoyou.com\/lt\/wp-content\/uploads\/sites\/9\/2026\/01\/logo-tty-menu-bar-300x87-1.webp","contentUrl":"https:\/\/www.transtoyou.com\/lt\/wp-content\/uploads\/sites\/9\/2026\/01\/logo-tty-menu-bar-300x87-1.webp","width":300,"height":87,"caption":"Transtoyou - LT"},"image":{"@id":"https:\/\/www.transtoyou.com\/lt\/#\/schema\/logo\/image\/"}}]}},"_links":{"self":[{"href":"https:\/\/www.transtoyou.com\/lt\/wp-json\/wp\/v2\/product\/939","targetHints":{"allow":["GET"]}}],"collection":[{"href":"https:\/\/www.transtoyou.com\/lt\/wp-json\/wp\/v2\/product"}],"about":[{"href":"https:\/\/www.transtoyou.com\/lt\/wp-json\/wp\/v2\/types\/product"}],"replies":[{"embeddable":true,"href":"https:\/\/www.transtoyou.com\/lt\/wp-json\/wp\/v2\/comments?post=939"}],"wp:featuredmedia":[{"embeddable":true,"href":"https:\/\/www.transtoyou.com\/lt\/wp-json\/wp\/v2\/media\/941"}],"wp:attachment":[{"href":"https:\/\/www.transtoyou.com\/lt\/wp-json\/wp\/v2\/media?parent=939"}],"wp:term":[{"taxonomy":"product_brand","embeddable":true,"href":"https:\/\/www.transtoyou.com\/lt\/wp-json\/wp\/v2\/product_brand?post=939"},{"taxonomy":"product_cat","embeddable":true,"href":"https:\/\/www.transtoyou.com\/lt\/wp-json\/wp\/v2\/product_cat?post=939"},{"taxonomy":"product_tag","embeddable":true,"href":"https:\/\/www.transtoyou.com\/lt\/wp-json\/wp\/v2\/product_tag?post=939"},{"taxonomy":"expert","embeddable":true,"href":"https:\/\/www.transtoyou.com\/lt\/wp-json\/wp\/v2\/expert?post=939"}],"curies":[{"name":"wp","href":"https:\/\/api.w.org\/{rel}","templated":true}]}}