{"id":945,"date":"2026-01-24T05:35:47","date_gmt":"2026-01-24T03:35:47","guid":{"rendered":"https:\/\/www.transtoyou.com\/lt\/product\/sumatriptan\/"},"modified":"2026-03-05T16:29:48","modified_gmt":"2026-03-05T14:29:48","slug":"sumatriptanas","status":"publish","type":"product","link":"https:\/\/www.transtoyou.com\/lt\/product\/sumatriptanas\/","title":{"rendered":"Sumatriptanas"},"content":{"rendered":"<p>Sumatriptanas yra vaistas, naudojamas \u016bmiems migrenos priepuoliams ir grupin\u0117ms galvos skausmams gydyti. Jis priklauso triptan\u0173 grupei, kuri yra specialiai sukurta palengvinti migrenos simptomus, kai jie prasideda. Sumatriptanas nenaudojamas migrenos prevencijai, o veikiau nutraukti priepuol\u012f po jo prad\u017eios.<\/p>\n<p>Migrenos simptomai gali apimti pulsuojant\u012f galvos skausm\u0105, pykinim\u0105, jautrum\u0105 \u0161viesai ar garsui ir regos sutrikimus. Sumatriptanas padeda susiaurindamas i\u0161sipl\u0117tusias kraujagysles smegenyse ir blokuodamas tam tikr\u0173 chemini\u0173 med\u017eiag\u0173 i\u0161siskyrim\u0105, kurios manoma, kad sukelia migrenos simptomus. \u0160is veikimas padeda suma\u017einti skausm\u0105 ir susijusius simptomus per palyginti trump\u0105 laik\u0105.<\/p>\n<p>Geriam\u0173j\u0173 table\u010di\u0173 \u012fprasta doz\u0117 yra 50 mg arba 100 mg, vartojama migrenos prad\u017eioje. Jei simptomai gr\u012f\u017eta, antr\u0105 doz\u0119 galima vartoti po ma\u017eiausiai dviej\u0173 valand\u0173, ta\u010diau per 24 valandas netur\u0117t\u0173 b\u016bti vartojamos daugiau nei dvi doz\u0117s.<\/p>\n<p>Sumatriptanas veikia geriausiai, kai vartojamas anksti migrenos priepuolio metu, prie\u0161 galvos skausmui tapus sunkesniam. Daugelis \u017emoni\u0173 patiria reik\u0161ming\u0105 palengv\u0117jim\u0105 per 30\u201360 minu\u010di\u0173 po vaisto vartojimo.<\/p>\n<p>Da\u017eni \u0161alutiniai poveikiai gali apimti dilg\u010diojim\u0105, paraudim\u0105, nuovarg\u012f arba spaudimo jausm\u0105 kr\u016btin\u0117je ar gerkl\u0117je. \u0160ie poveikiai paprastai yra trumpalaikiai. Sumatriptanas gali b\u016bti netinkamas \u017emon\u0117ms, turintiems tam tikr\u0173 \u0161irdies ir kraujagysli\u0173 lig\u0173, nes jis veikia kraujagysles.<\/p>\n","protected":false},"excerpt":{"rendered":"<ul>\n<li>Greitas palengv\u0117jimas migrenos simptomams<\/li>\n<li>Veikia prie\u0161 kraujagyslin\u0119 galvos skausmo prie\u017east\u012f<\/li>\n<li>Taip pat efektyviai gydo grupinius galvos skausmus<\/li>\n<\/ul>\n","protected":false},"featured_media":947,"comment_status":"open","ping_status":"closed","template":"","meta":[],"product_brand":[],"product_cat":[129],"product_tag":[],"expert":[16],"class_list":{"0":"post-945","1":"product","2":"type-product","3":"status-publish","4":"has-post-thumbnail","6":"product_cat-galvos-skausmai-ir-migrena","7":"expert-dr-c-alexandru","9":"first","10":"instock","11":"shipping-taxable","12":"product-type-variable"},"yoast_head":"<!-- This site is optimized with the Yoast SEO plugin v27.0 - https:\/\/yoast.com\/product\/yoast-seo-wordpress\/ -->\n<title>Sumatriptanas | Greitas migrenos palengvinimas - Transtoyou<\/title>\n<meta name=\"description\" content=\"Sumatriptanas prieinamas Transtoyou, greitai palengvina \u016bminius migrenos priepuolius. Patikrink simptomus greitai ir efektyviai su \u0161iuo gydymo pasirinkimu.\" \/>\n<meta name=\"robots\" content=\"noindex, follow, max-snippet:-1, max-image-preview:large, max-video-preview:-1\" \/>\n<meta property=\"og:locale\" content=\"lt_LT\" \/>\n<meta property=\"og:type\" content=\"article\" \/>\n<meta property=\"og:title\" content=\"Sumatriptanas | Greitas migrenos palengvinimas - Transtoyou\" \/>\n<meta property=\"og:description\" content=\"Sumatriptanas prieinamas Transtoyou, greitai palengvina \u016bminius migrenos priepuolius. Patikrink simptomus greitai ir efektyviai su \u0161iuo gydymo pasirinkimu.\" \/>\n<meta property=\"og:url\" content=\"https:\/\/www.transtoyou.com\/lt\/product\/sumatriptan\/\" \/>\n<meta property=\"og:site_name\" content=\"Transtoyou - LT\" \/>\n<meta property=\"article:modified_time\" content=\"2026-03-05T14:29:48+00:00\" \/>\n<meta name=\"twitter:card\" content=\"summary_large_image\" \/>\n<meta name=\"twitter:label1\" content=\"Est. reading time\" \/>\n\t<meta name=\"twitter:data1\" content=\"1 minut\u0117\" \/>\n<script type=\"application\/ld+json\" class=\"yoast-schema-graph\">{\"@context\":\"https:\/\/schema.org\",\"@graph\":[{\"@type\":\"WebPage\",\"@id\":\"https:\/\/www.transtoyou.com\/lt\/product\/sumatriptan\/\",\"url\":\"https:\/\/www.transtoyou.com\/lt\/product\/sumatriptan\/\",\"name\":\"Sumatriptanas | Greitas migrenos palengvinimas - Transtoyou\",\"isPartOf\":{\"@id\":\"https:\/\/www.transtoyou.com\/lt\/#website\"},\"primaryImageOfPage\":{\"@id\":\"https:\/\/www.transtoyou.com\/lt\/product\/sumatriptan\/#primaryimage\"},\"image\":{\"@id\":\"https:\/\/www.transtoyou.com\/lt\/product\/sumatriptan\/#primaryimage\"},\"thumbnailUrl\":\"https:\/\/www.transtoyou.com\/lt\/wp-content\/uploads\/sites\/9\/2026\/01\/tty-no-product-image-78.webp\",\"datePublished\":\"2026-01-24T03:35:47+00:00\",\"dateModified\":\"2026-03-05T14:29:48+00:00\",\"description\":\"Sumatriptanas prieinamas Transtoyou, greitai palengvina \u016bminius migrenos priepuolius. Patikrink simptomus greitai ir efektyviai su \u0161iuo gydymo pasirinkimu.\",\"breadcrumb\":{\"@id\":\"https:\/\/www.transtoyou.com\/lt\/product\/sumatriptan\/#breadcrumb\"},\"inLanguage\":\"lt-LT\",\"potentialAction\":[{\"@type\":\"ReadAction\",\"target\":[\"https:\/\/www.transtoyou.com\/lt\/product\/sumatriptan\/\"]}]},{\"@type\":\"ImageObject\",\"inLanguage\":\"lt-LT\",\"@id\":\"https:\/\/www.transtoyou.com\/lt\/product\/sumatriptan\/#primaryimage\",\"url\":\"https:\/\/www.transtoyou.com\/lt\/wp-content\/uploads\/sites\/9\/2026\/01\/tty-no-product-image-78.webp\",\"contentUrl\":\"https:\/\/www.transtoyou.com\/lt\/wp-content\/uploads\/sites\/9\/2026\/01\/tty-no-product-image-78.webp\",\"width\":1000,\"height\":1000,\"caption\":\"Numatytas produkto vaizdas\"},{\"@type\":\"WebSite\",\"@id\":\"https:\/\/www.transtoyou.com\/lt\/#website\",\"url\":\"https:\/\/www.transtoyou.com\/lt\/\",\"name\":\"Transtoyou - LT\",\"description\":\"\",\"publisher\":{\"@id\":\"https:\/\/www.transtoyou.com\/lt\/#organization\"},\"potentialAction\":[{\"@type\":\"SearchAction\",\"target\":{\"@type\":\"EntryPoint\",\"urlTemplate\":\"https:\/\/www.transtoyou.com\/lt\/?s={search_term_string}\"},\"query-input\":{\"@type\":\"PropertyValueSpecification\",\"valueRequired\":true,\"valueName\":\"search_term_string\"}}],\"inLanguage\":\"lt-LT\"},{\"@type\":\"Organization\",\"@id\":\"https:\/\/www.transtoyou.com\/lt\/#organization\",\"name\":\"Transtoyou - LT\",\"url\":\"https:\/\/www.transtoyou.com\/lt\/\",\"logo\":{\"@type\":\"ImageObject\",\"inLanguage\":\"lt-LT\",\"@id\":\"https:\/\/www.transtoyou.com\/lt\/#\/schema\/logo\/image\/\",\"url\":\"https:\/\/www.transtoyou.com\/lt\/wp-content\/uploads\/sites\/9\/2026\/01\/logo-tty-menu-bar-300x87-1.webp\",\"contentUrl\":\"https:\/\/www.transtoyou.com\/lt\/wp-content\/uploads\/sites\/9\/2026\/01\/logo-tty-menu-bar-300x87-1.webp\",\"width\":300,\"height\":87,\"caption\":\"Transtoyou - LT\"},\"image\":{\"@id\":\"https:\/\/www.transtoyou.com\/lt\/#\/schema\/logo\/image\/\"}}]}<\/script>\n<!-- \/ Yoast SEO plugin. -->","yoast_head_json":{"title":"Sumatriptanas | Greitas migrenos palengvinimas - Transtoyou","description":"Sumatriptanas prieinamas Transtoyou, greitai palengvina \u016bminius migrenos priepuolius. Patikrink simptomus greitai ir efektyviai su \u0161iuo gydymo pasirinkimu.","robots":{"index":"noindex","follow":"follow","max-snippet":"max-snippet:-1","max-image-preview":"max-image-preview:large","max-video-preview":"max-video-preview:-1"},"og_locale":"lt_LT","og_type":"article","og_title":"Sumatriptanas | Greitas migrenos palengvinimas - Transtoyou","og_description":"Sumatriptanas prieinamas Transtoyou, greitai palengvina \u016bminius migrenos priepuolius. Patikrink simptomus greitai ir efektyviai su \u0161iuo gydymo pasirinkimu.","og_url":"https:\/\/www.transtoyou.com\/lt\/product\/sumatriptan\/","og_site_name":"Transtoyou - LT","article_modified_time":"2026-03-05T14:29:48+00:00","twitter_card":"summary_large_image","twitter_misc":{"Est. reading time":"1 minut\u0117"},"schema":{"@context":"https:\/\/schema.org","@graph":[{"@type":"WebPage","@id":"https:\/\/www.transtoyou.com\/lt\/product\/sumatriptan\/","url":"https:\/\/www.transtoyou.com\/lt\/product\/sumatriptan\/","name":"Sumatriptanas | Greitas migrenos palengvinimas - Transtoyou","isPartOf":{"@id":"https:\/\/www.transtoyou.com\/lt\/#website"},"primaryImageOfPage":{"@id":"https:\/\/www.transtoyou.com\/lt\/product\/sumatriptan\/#primaryimage"},"image":{"@id":"https:\/\/www.transtoyou.com\/lt\/product\/sumatriptan\/#primaryimage"},"thumbnailUrl":"https:\/\/www.transtoyou.com\/lt\/wp-content\/uploads\/sites\/9\/2026\/01\/tty-no-product-image-78.webp","datePublished":"2026-01-24T03:35:47+00:00","dateModified":"2026-03-05T14:29:48+00:00","description":"Sumatriptanas prieinamas Transtoyou, greitai palengvina \u016bminius migrenos priepuolius. Patikrink simptomus greitai ir efektyviai su \u0161iuo gydymo pasirinkimu.","breadcrumb":{"@id":"https:\/\/www.transtoyou.com\/lt\/product\/sumatriptan\/#breadcrumb"},"inLanguage":"lt-LT","potentialAction":[{"@type":"ReadAction","target":["https:\/\/www.transtoyou.com\/lt\/product\/sumatriptan\/"]}]},{"@type":"ImageObject","inLanguage":"lt-LT","@id":"https:\/\/www.transtoyou.com\/lt\/product\/sumatriptan\/#primaryimage","url":"https:\/\/www.transtoyou.com\/lt\/wp-content\/uploads\/sites\/9\/2026\/01\/tty-no-product-image-78.webp","contentUrl":"https:\/\/www.transtoyou.com\/lt\/wp-content\/uploads\/sites\/9\/2026\/01\/tty-no-product-image-78.webp","width":1000,"height":1000,"caption":"Numatytas produkto vaizdas"},{"@type":"WebSite","@id":"https:\/\/www.transtoyou.com\/lt\/#website","url":"https:\/\/www.transtoyou.com\/lt\/","name":"Transtoyou - LT","description":"","publisher":{"@id":"https:\/\/www.transtoyou.com\/lt\/#organization"},"potentialAction":[{"@type":"SearchAction","target":{"@type":"EntryPoint","urlTemplate":"https:\/\/www.transtoyou.com\/lt\/?s={search_term_string}"},"query-input":{"@type":"PropertyValueSpecification","valueRequired":true,"valueName":"search_term_string"}}],"inLanguage":"lt-LT"},{"@type":"Organization","@id":"https:\/\/www.transtoyou.com\/lt\/#organization","name":"Transtoyou - LT","url":"https:\/\/www.transtoyou.com\/lt\/","logo":{"@type":"ImageObject","inLanguage":"lt-LT","@id":"https:\/\/www.transtoyou.com\/lt\/#\/schema\/logo\/image\/","url":"https:\/\/www.transtoyou.com\/lt\/wp-content\/uploads\/sites\/9\/2026\/01\/logo-tty-menu-bar-300x87-1.webp","contentUrl":"https:\/\/www.transtoyou.com\/lt\/wp-content\/uploads\/sites\/9\/2026\/01\/logo-tty-menu-bar-300x87-1.webp","width":300,"height":87,"caption":"Transtoyou - LT"},"image":{"@id":"https:\/\/www.transtoyou.com\/lt\/#\/schema\/logo\/image\/"}}]}},"_links":{"self":[{"href":"https:\/\/www.transtoyou.com\/lt\/wp-json\/wp\/v2\/product\/945","targetHints":{"allow":["GET"]}}],"collection":[{"href":"https:\/\/www.transtoyou.com\/lt\/wp-json\/wp\/v2\/product"}],"about":[{"href":"https:\/\/www.transtoyou.com\/lt\/wp-json\/wp\/v2\/types\/product"}],"replies":[{"embeddable":true,"href":"https:\/\/www.transtoyou.com\/lt\/wp-json\/wp\/v2\/comments?post=945"}],"wp:featuredmedia":[{"embeddable":true,"href":"https:\/\/www.transtoyou.com\/lt\/wp-json\/wp\/v2\/media\/947"}],"wp:attachment":[{"href":"https:\/\/www.transtoyou.com\/lt\/wp-json\/wp\/v2\/media?parent=945"}],"wp:term":[{"taxonomy":"product_brand","embeddable":true,"href":"https:\/\/www.transtoyou.com\/lt\/wp-json\/wp\/v2\/product_brand?post=945"},{"taxonomy":"product_cat","embeddable":true,"href":"https:\/\/www.transtoyou.com\/lt\/wp-json\/wp\/v2\/product_cat?post=945"},{"taxonomy":"product_tag","embeddable":true,"href":"https:\/\/www.transtoyou.com\/lt\/wp-json\/wp\/v2\/product_tag?post=945"},{"taxonomy":"expert","embeddable":true,"href":"https:\/\/www.transtoyou.com\/lt\/wp-json\/wp\/v2\/expert?post=945"}],"curies":[{"name":"wp","href":"https:\/\/api.w.org\/{rel}","templated":true}]}}