{"id":948,"date":"2026-01-24T05:53:58","date_gmt":"2026-01-24T03:53:58","guid":{"rendered":"https:\/\/www.transtoyou.com\/lt\/product\/rizatriptan\/"},"modified":"2026-03-02T17:50:23","modified_gmt":"2026-03-02T15:50:23","slug":"rizatriptanas","status":"publish","type":"product","link":"https:\/\/www.transtoyou.com\/lt\/product\/rizatriptanas\/","title":{"rendered":"Rizatriptanas"},"content":{"rendered":"<p>Rizatriptanas yra receptinis vaistas, klasifikuojamas kaip selektyvus serotonino receptori\u0173 agonistas, dar \u017einomas kaip Triptanas. Jis daugiausia naudojamas \u016bminei migrenos galvos skausmo gydymui, su aura arba be jos. Rizatriptanas veikia stimuliuodamas serotonino (5-HT1B ir 5-HT1D) receptorius smegenyse, kas lemia i\u0161sipl\u0117tusi\u0173 kraujagysli\u0173 susiaur\u0117jim\u0105. \u0160is vazokonstrikcija padeda palengvinti skausm\u0105, pykinim\u0105 ir jautrum\u0105 \u0161viesai bei garsui, kurie da\u017enai b\u016bna susij\u0119 su migrena.<\/p>\n<p>\u0160is vaistas neapsaugo nuo migrenos, ta\u010diau veiksmingai gydo migrenos priepuolius, kai jie prasideda. Rizatriptanas yra veiksmingiausias, kai vartojamas pirm\u0173j\u0173 migrenos simptom\u0173 atsiradimo metu. Jis negydo kit\u0173 galvos skausmo tip\u0173, toki\u0173 kaip \u012ftampos galvos skausmai ar grupiniai galvos skausmai.<\/p>\n<p>Rizatriptano veikimas padeda suma\u017einti u\u017edegim\u0105 aplink smegen\u0173 kraujagysles, suteikdamas taik\u0173 palengv\u0117jim\u0105, nepaveikdamas kit\u0173 k\u016bno sistem\u0173. Paprastai jis pradeda veikti per 30\u201360 minu\u010di\u0173 po vartojimo ir gali suteikti palengv\u0117jim\u0105 kelioms valandoms. Vienas i\u0161 Rizatriptano privalum\u0173 yra greitas veikimo prad\u017eia ir efektyvumas, net kai migrenos simptomai apima pykinim\u0105 ar v\u0117mim\u0105.<\/p>\n<p>Patiems pacientams da\u017enai pasirei\u0161kia ma\u017eiau \u0161alutini\u0173 poveiki\u0173, palyginti su kitais migrenos gydymo b\u016bdais, o burnos disintegruojamos tablet\u0117s variantas suteikia patogum\u0105 ir greit\u0105 absorbcij\u0105, ypa\u010d vartojant be vandens.<\/p>\n","protected":false},"excerpt":{"rendered":"<ul>\n<li>Greitas migrenos palengv\u0117jimas<\/li>\n<li>Veikia per 30 minu\u010di\u0173<\/li>\n<li>Patogi geriama tablet\u0117<\/li>\n<\/ul>\n","protected":false},"featured_media":950,"comment_status":"open","ping_status":"closed","template":"","meta":[],"product_brand":[],"product_cat":[129],"product_tag":[],"expert":[16],"class_list":{"0":"post-948","1":"product","2":"type-product","3":"status-publish","4":"has-post-thumbnail","6":"product_cat-galvos-skausmai-ir-migrena","7":"expert-dr-c-alexandru","9":"first","10":"instock","11":"shipping-taxable","12":"product-type-variable"},"yoast_head":"<!-- This site is optimized with the Yoast SEO plugin v27.0 - https:\/\/yoast.com\/product\/yoast-seo-wordpress\/ -->\n<title>Rizatriptanas | Greitas migrenos palengvinimas - Transtoyou<\/title>\n<meta name=\"description\" content=\"Rizatriptanas: efektyvi migrenos pagalba, prieinama Transtoyou. Pasinaudok profesionalia prie\u017ei\u016bra, saugiais receptais ir greitu palengv\u0117jimu.\" \/>\n<meta name=\"robots\" content=\"noindex, follow, max-snippet:-1, max-image-preview:large, max-video-preview:-1\" \/>\n<meta property=\"og:locale\" content=\"lt_LT\" \/>\n<meta property=\"og:type\" content=\"article\" \/>\n<meta property=\"og:title\" content=\"Rizatriptanas | Greitas migrenos palengvinimas - Transtoyou\" \/>\n<meta property=\"og:description\" content=\"Rizatriptanas: efektyvi migrenos pagalba, prieinama Transtoyou. Pasinaudok profesionalia prie\u017ei\u016bra, saugiais receptais ir greitu palengv\u0117jimu.\" \/>\n<meta property=\"og:url\" content=\"https:\/\/www.transtoyou.com\/lt\/product\/rizatriptan\/\" \/>\n<meta property=\"og:site_name\" content=\"Transtoyou - LT\" \/>\n<meta property=\"article:modified_time\" content=\"2026-03-02T15:50:23+00:00\" \/>\n<meta name=\"twitter:card\" content=\"summary_large_image\" \/>\n<meta name=\"twitter:label1\" content=\"Est. reading time\" \/>\n\t<meta name=\"twitter:data1\" content=\"1 minut\u0117\" \/>\n<script type=\"application\/ld+json\" class=\"yoast-schema-graph\">{\"@context\":\"https:\/\/schema.org\",\"@graph\":[{\"@type\":\"WebPage\",\"@id\":\"https:\/\/www.transtoyou.com\/lt\/product\/rizatriptan\/\",\"url\":\"https:\/\/www.transtoyou.com\/lt\/product\/rizatriptan\/\",\"name\":\"Rizatriptanas | Greitas migrenos palengvinimas - Transtoyou\",\"isPartOf\":{\"@id\":\"https:\/\/www.transtoyou.com\/lt\/#website\"},\"primaryImageOfPage\":{\"@id\":\"https:\/\/www.transtoyou.com\/lt\/product\/rizatriptan\/#primaryimage\"},\"image\":{\"@id\":\"https:\/\/www.transtoyou.com\/lt\/product\/rizatriptan\/#primaryimage\"},\"thumbnailUrl\":\"https:\/\/www.transtoyou.com\/lt\/wp-content\/uploads\/sites\/9\/2026\/01\/tty-no-product-image-79.webp\",\"datePublished\":\"2026-01-24T03:53:58+00:00\",\"dateModified\":\"2026-03-02T15:50:23+00:00\",\"description\":\"Rizatriptanas: efektyvi migrenos pagalba, prieinama Transtoyou. Pasinaudok profesionalia prie\u017ei\u016bra, saugiais receptais ir greitu palengv\u0117jimu.\",\"breadcrumb\":{\"@id\":\"https:\/\/www.transtoyou.com\/lt\/product\/rizatriptan\/#breadcrumb\"},\"inLanguage\":\"lt-LT\",\"potentialAction\":[{\"@type\":\"ReadAction\",\"target\":[\"https:\/\/www.transtoyou.com\/lt\/product\/rizatriptan\/\"]}]},{\"@type\":\"ImageObject\",\"inLanguage\":\"lt-LT\",\"@id\":\"https:\/\/www.transtoyou.com\/lt\/product\/rizatriptan\/#primaryimage\",\"url\":\"https:\/\/www.transtoyou.com\/lt\/wp-content\/uploads\/sites\/9\/2026\/01\/tty-no-product-image-79.webp\",\"contentUrl\":\"https:\/\/www.transtoyou.com\/lt\/wp-content\/uploads\/sites\/9\/2026\/01\/tty-no-product-image-79.webp\",\"width\":1000,\"height\":1000,\"caption\":\"Numatytas produkto vaizdas\"},{\"@type\":\"WebSite\",\"@id\":\"https:\/\/www.transtoyou.com\/lt\/#website\",\"url\":\"https:\/\/www.transtoyou.com\/lt\/\",\"name\":\"Transtoyou - LT\",\"description\":\"\",\"publisher\":{\"@id\":\"https:\/\/www.transtoyou.com\/lt\/#organization\"},\"potentialAction\":[{\"@type\":\"SearchAction\",\"target\":{\"@type\":\"EntryPoint\",\"urlTemplate\":\"https:\/\/www.transtoyou.com\/lt\/?s={search_term_string}\"},\"query-input\":{\"@type\":\"PropertyValueSpecification\",\"valueRequired\":true,\"valueName\":\"search_term_string\"}}],\"inLanguage\":\"lt-LT\"},{\"@type\":\"Organization\",\"@id\":\"https:\/\/www.transtoyou.com\/lt\/#organization\",\"name\":\"Transtoyou - LT\",\"url\":\"https:\/\/www.transtoyou.com\/lt\/\",\"logo\":{\"@type\":\"ImageObject\",\"inLanguage\":\"lt-LT\",\"@id\":\"https:\/\/www.transtoyou.com\/lt\/#\/schema\/logo\/image\/\",\"url\":\"https:\/\/www.transtoyou.com\/lt\/wp-content\/uploads\/sites\/9\/2026\/01\/logo-tty-menu-bar-300x87-1.webp\",\"contentUrl\":\"https:\/\/www.transtoyou.com\/lt\/wp-content\/uploads\/sites\/9\/2026\/01\/logo-tty-menu-bar-300x87-1.webp\",\"width\":300,\"height\":87,\"caption\":\"Transtoyou - LT\"},\"image\":{\"@id\":\"https:\/\/www.transtoyou.com\/lt\/#\/schema\/logo\/image\/\"}}]}<\/script>\n<!-- \/ Yoast SEO plugin. -->","yoast_head_json":{"title":"Rizatriptanas | Greitas migrenos palengvinimas - Transtoyou","description":"Rizatriptanas: efektyvi migrenos pagalba, prieinama Transtoyou. Pasinaudok profesionalia prie\u017ei\u016bra, saugiais receptais ir greitu palengv\u0117jimu.","robots":{"index":"noindex","follow":"follow","max-snippet":"max-snippet:-1","max-image-preview":"max-image-preview:large","max-video-preview":"max-video-preview:-1"},"og_locale":"lt_LT","og_type":"article","og_title":"Rizatriptanas | Greitas migrenos palengvinimas - Transtoyou","og_description":"Rizatriptanas: efektyvi migrenos pagalba, prieinama Transtoyou. Pasinaudok profesionalia prie\u017ei\u016bra, saugiais receptais ir greitu palengv\u0117jimu.","og_url":"https:\/\/www.transtoyou.com\/lt\/product\/rizatriptan\/","og_site_name":"Transtoyou - LT","article_modified_time":"2026-03-02T15:50:23+00:00","twitter_card":"summary_large_image","twitter_misc":{"Est. reading time":"1 minut\u0117"},"schema":{"@context":"https:\/\/schema.org","@graph":[{"@type":"WebPage","@id":"https:\/\/www.transtoyou.com\/lt\/product\/rizatriptan\/","url":"https:\/\/www.transtoyou.com\/lt\/product\/rizatriptan\/","name":"Rizatriptanas | Greitas migrenos palengvinimas - Transtoyou","isPartOf":{"@id":"https:\/\/www.transtoyou.com\/lt\/#website"},"primaryImageOfPage":{"@id":"https:\/\/www.transtoyou.com\/lt\/product\/rizatriptan\/#primaryimage"},"image":{"@id":"https:\/\/www.transtoyou.com\/lt\/product\/rizatriptan\/#primaryimage"},"thumbnailUrl":"https:\/\/www.transtoyou.com\/lt\/wp-content\/uploads\/sites\/9\/2026\/01\/tty-no-product-image-79.webp","datePublished":"2026-01-24T03:53:58+00:00","dateModified":"2026-03-02T15:50:23+00:00","description":"Rizatriptanas: efektyvi migrenos pagalba, prieinama Transtoyou. Pasinaudok profesionalia prie\u017ei\u016bra, saugiais receptais ir greitu palengv\u0117jimu.","breadcrumb":{"@id":"https:\/\/www.transtoyou.com\/lt\/product\/rizatriptan\/#breadcrumb"},"inLanguage":"lt-LT","potentialAction":[{"@type":"ReadAction","target":["https:\/\/www.transtoyou.com\/lt\/product\/rizatriptan\/"]}]},{"@type":"ImageObject","inLanguage":"lt-LT","@id":"https:\/\/www.transtoyou.com\/lt\/product\/rizatriptan\/#primaryimage","url":"https:\/\/www.transtoyou.com\/lt\/wp-content\/uploads\/sites\/9\/2026\/01\/tty-no-product-image-79.webp","contentUrl":"https:\/\/www.transtoyou.com\/lt\/wp-content\/uploads\/sites\/9\/2026\/01\/tty-no-product-image-79.webp","width":1000,"height":1000,"caption":"Numatytas produkto vaizdas"},{"@type":"WebSite","@id":"https:\/\/www.transtoyou.com\/lt\/#website","url":"https:\/\/www.transtoyou.com\/lt\/","name":"Transtoyou - LT","description":"","publisher":{"@id":"https:\/\/www.transtoyou.com\/lt\/#organization"},"potentialAction":[{"@type":"SearchAction","target":{"@type":"EntryPoint","urlTemplate":"https:\/\/www.transtoyou.com\/lt\/?s={search_term_string}"},"query-input":{"@type":"PropertyValueSpecification","valueRequired":true,"valueName":"search_term_string"}}],"inLanguage":"lt-LT"},{"@type":"Organization","@id":"https:\/\/www.transtoyou.com\/lt\/#organization","name":"Transtoyou - LT","url":"https:\/\/www.transtoyou.com\/lt\/","logo":{"@type":"ImageObject","inLanguage":"lt-LT","@id":"https:\/\/www.transtoyou.com\/lt\/#\/schema\/logo\/image\/","url":"https:\/\/www.transtoyou.com\/lt\/wp-content\/uploads\/sites\/9\/2026\/01\/logo-tty-menu-bar-300x87-1.webp","contentUrl":"https:\/\/www.transtoyou.com\/lt\/wp-content\/uploads\/sites\/9\/2026\/01\/logo-tty-menu-bar-300x87-1.webp","width":300,"height":87,"caption":"Transtoyou - LT"},"image":{"@id":"https:\/\/www.transtoyou.com\/lt\/#\/schema\/logo\/image\/"}}]}},"_links":{"self":[{"href":"https:\/\/www.transtoyou.com\/lt\/wp-json\/wp\/v2\/product\/948","targetHints":{"allow":["GET"]}}],"collection":[{"href":"https:\/\/www.transtoyou.com\/lt\/wp-json\/wp\/v2\/product"}],"about":[{"href":"https:\/\/www.transtoyou.com\/lt\/wp-json\/wp\/v2\/types\/product"}],"replies":[{"embeddable":true,"href":"https:\/\/www.transtoyou.com\/lt\/wp-json\/wp\/v2\/comments?post=948"}],"wp:featuredmedia":[{"embeddable":true,"href":"https:\/\/www.transtoyou.com\/lt\/wp-json\/wp\/v2\/media\/950"}],"wp:attachment":[{"href":"https:\/\/www.transtoyou.com\/lt\/wp-json\/wp\/v2\/media?parent=948"}],"wp:term":[{"taxonomy":"product_brand","embeddable":true,"href":"https:\/\/www.transtoyou.com\/lt\/wp-json\/wp\/v2\/product_brand?post=948"},{"taxonomy":"product_cat","embeddable":true,"href":"https:\/\/www.transtoyou.com\/lt\/wp-json\/wp\/v2\/product_cat?post=948"},{"taxonomy":"product_tag","embeddable":true,"href":"https:\/\/www.transtoyou.com\/lt\/wp-json\/wp\/v2\/product_tag?post=948"},{"taxonomy":"expert","embeddable":true,"href":"https:\/\/www.transtoyou.com\/lt\/wp-json\/wp\/v2\/expert?post=948"}],"curies":[{"name":"wp","href":"https:\/\/api.w.org\/{rel}","templated":true}]}}