{"id":951,"date":"2026-01-24T06:11:37","date_gmt":"2026-01-24T04:11:37","guid":{"rendered":"https:\/\/www.transtoyou.com\/lt\/product\/minoxidil\/"},"modified":"2026-02-25T18:52:53","modified_gmt":"2026-02-25T16:52:53","slug":"minoksidilas","status":"publish","type":"product","link":"https:\/\/www.transtoyou.com\/lt\/product\/minoksidilas\/","title":{"rendered":"Minoksidilas"},"content":{"rendered":"<p>Minoksidilas yra vietinis tirpalas arba putos, naudojamos plauk\u0173 slinkimui gydyti, ypa\u010d androgenetin\u0117s alopecijos atvejais, dar \u017einomos kaip vyri\u0161kas arba moteri\u0161kas plikimas. Jis tiesiogiai tepamas ant galvos odos ir yra \u017einomas d\u0117l to, kad padeda sul\u0117tinti plauk\u0173 ret\u0117jimo proces\u0105 ir, kai kuriems asmenims, skatinti nauj\u0173 plauk\u0173 augim\u0105. Minoksidilas yra prieinamas skirtingomis koncentracijomis ir j\u012f naudoja tiek vyrai, tiek moterys, nors rekomenduojamos koncentracijos gali skirtis priklausomai nuo lyties.<\/p>\n<p>Tiksli minoksidilo veikimo b\u016bdas n\u0117ra visi\u0161kai suprantamas, ta\u010diau manoma, kad jis gerina kraujo pritek\u0117jim\u0105 \u012f galvos od\u0105 ir prailgina plauk\u0173 folikul\u0173 augimo faz\u0119. Tai gali lemti storesnius ir ilgiau i\u0161liekant\u012f plauk\u0173 sruogelius laikui b\u0117gant. Jis yra efektyviausias, kai naudojamas vietose su neseniai pasirei\u0161kusiu ret\u0117jimu ir kur plauk\u0173 folikulai vis dar aktyv\u016bs.<\/p>\n<p>Minoksidilas paprastai tepamas du kartus per dien\u0105 ant galvos odos plauk\u0173 slinkimo vietose. Nuoseklumas yra svarbus, nes rezultatai gali tapti pastebimi per tris\u2013\u0161e\u0161is m\u0117nesius. Jei gydymas nutraukiamas, bet kokie ataug\u0119 plaukai grei\u010diausiai bus prarasti per kelis m\u0117nesius, o plauk\u0173 slinkimas gali atsinaujinti.<\/p>\n<p>Tirpalas arba putos turi b\u016bti tepamos tik ant sausos galvos odos, o vartotojai tur\u0117t\u0173 kruop\u0161\u010diai nusiplauti rankas po naudojimo. Reikia b\u016bti atsargiems, kad b\u016bt\u0173 i\u0161vengta kontakto su akimis ar kitomis jautriomis sritimis.<\/p>\n<p>Da\u017eniausi \u0161alutiniai poveikiai gali apimti lengv\u0105 galvos odos dirginim\u0105, sausum\u0105 ar nie\u017e\u0117jim\u0105. Retais atvejais kai kurie vartotojai gali patirti nepageidaujam\u0105 plauk\u0173 augim\u0105 veido srityje arba plauk\u0173 slinkim\u0105 gydymo prad\u017eioje, kuris da\u017enai i\u0161nyksta t\u0119siant naudojim\u0105.<\/p>\n","protected":false},"excerpt":{"rendered":"<ul>\n<li>Skatina plauk\u0173 augim\u0105<\/li>\n<li>Lengvas vietinis naudojimas<\/li>\n<li>Klinikiniai rezultatai<\/li>\n<\/ul>\n","protected":false},"featured_media":953,"comment_status":"open","ping_status":"closed","template":"","meta":[],"product_brand":[],"product_cat":[128],"product_tag":[],"expert":[18],"class_list":{"0":"post-951","1":"product","2":"type-product","3":"status-publish","4":"has-post-thumbnail","6":"product_cat-plauku-slinkimo-sprendimai","7":"expert-dr-g-varbanov","9":"first","10":"instock","11":"shipping-taxable","12":"product-type-variable"},"yoast_head":"<!-- This site is optimized with the Yoast SEO plugin v27.0 - https:\/\/yoast.com\/product\/yoast-seo-wordpress\/ -->\n<title>Minoksidilas | Efektyvus plauk\u0173 augimo skatinimas - Transtoyou<\/title>\n<meta name=\"description\" content=\"Minoksidilas plauk\u0173 slinkimui, prieinamas Transtoyou. Skatina galvos odos kraujotak\u0105, kad plaukai augt\u0173 tankesni. Pirk dabar!\" \/>\n<meta name=\"robots\" content=\"noindex, follow, max-snippet:-1, max-image-preview:large, max-video-preview:-1\" \/>\n<meta property=\"og:locale\" content=\"lt_LT\" \/>\n<meta property=\"og:type\" content=\"article\" \/>\n<meta property=\"og:title\" content=\"Minoksidilas | Efektyvus plauk\u0173 augimo skatinimas - Transtoyou\" \/>\n<meta property=\"og:description\" content=\"Minoksidilas plauk\u0173 slinkimui, prieinamas Transtoyou. Skatina galvos odos kraujotak\u0105, kad plaukai augt\u0173 tankesni. Pirk dabar!\" \/>\n<meta property=\"og:url\" content=\"https:\/\/www.transtoyou.com\/lt\/product\/minoxidil\/\" \/>\n<meta property=\"og:site_name\" content=\"Transtoyou - LT\" \/>\n<meta property=\"article:modified_time\" content=\"2026-02-25T16:52:53+00:00\" \/>\n<meta name=\"twitter:card\" content=\"summary_large_image\" \/>\n<meta name=\"twitter:label1\" content=\"Est. reading time\" \/>\n\t<meta name=\"twitter:data1\" content=\"1 minut\u0117\" \/>\n<script type=\"application\/ld+json\" class=\"yoast-schema-graph\">{\"@context\":\"https:\/\/schema.org\",\"@graph\":[{\"@type\":\"WebPage\",\"@id\":\"https:\/\/www.transtoyou.com\/lt\/product\/minoxidil\/\",\"url\":\"https:\/\/www.transtoyou.com\/lt\/product\/minoxidil\/\",\"name\":\"Minoksidilas | Efektyvus plauk\u0173 augimo skatinimas - Transtoyou\",\"isPartOf\":{\"@id\":\"https:\/\/www.transtoyou.com\/lt\/#website\"},\"primaryImageOfPage\":{\"@id\":\"https:\/\/www.transtoyou.com\/lt\/product\/minoxidil\/#primaryimage\"},\"image\":{\"@id\":\"https:\/\/www.transtoyou.com\/lt\/product\/minoxidil\/#primaryimage\"},\"thumbnailUrl\":\"https:\/\/www.transtoyou.com\/lt\/wp-content\/uploads\/sites\/9\/2026\/01\/tty-no-product-image-80.webp\",\"datePublished\":\"2026-01-24T04:11:37+00:00\",\"dateModified\":\"2026-02-25T16:52:53+00:00\",\"description\":\"Minoksidilas plauk\u0173 slinkimui, prieinamas Transtoyou. Skatina galvos odos kraujotak\u0105, kad plaukai augt\u0173 tankesni. Pirk dabar!\",\"breadcrumb\":{\"@id\":\"https:\/\/www.transtoyou.com\/lt\/product\/minoxidil\/#breadcrumb\"},\"inLanguage\":\"lt-LT\",\"potentialAction\":[{\"@type\":\"ReadAction\",\"target\":[\"https:\/\/www.transtoyou.com\/lt\/product\/minoxidil\/\"]}]},{\"@type\":\"ImageObject\",\"inLanguage\":\"lt-LT\",\"@id\":\"https:\/\/www.transtoyou.com\/lt\/product\/minoxidil\/#primaryimage\",\"url\":\"https:\/\/www.transtoyou.com\/lt\/wp-content\/uploads\/sites\/9\/2026\/01\/tty-no-product-image-80.webp\",\"contentUrl\":\"https:\/\/www.transtoyou.com\/lt\/wp-content\/uploads\/sites\/9\/2026\/01\/tty-no-product-image-80.webp\",\"width\":1000,\"height\":1000,\"caption\":\"Numatytasis produkto vaizdas\"},{\"@type\":\"WebSite\",\"@id\":\"https:\/\/www.transtoyou.com\/lt\/#website\",\"url\":\"https:\/\/www.transtoyou.com\/lt\/\",\"name\":\"Transtoyou - LT\",\"description\":\"\",\"publisher\":{\"@id\":\"https:\/\/www.transtoyou.com\/lt\/#organization\"},\"potentialAction\":[{\"@type\":\"SearchAction\",\"target\":{\"@type\":\"EntryPoint\",\"urlTemplate\":\"https:\/\/www.transtoyou.com\/lt\/?s={search_term_string}\"},\"query-input\":{\"@type\":\"PropertyValueSpecification\",\"valueRequired\":true,\"valueName\":\"search_term_string\"}}],\"inLanguage\":\"lt-LT\"},{\"@type\":\"Organization\",\"@id\":\"https:\/\/www.transtoyou.com\/lt\/#organization\",\"name\":\"Transtoyou - LT\",\"url\":\"https:\/\/www.transtoyou.com\/lt\/\",\"logo\":{\"@type\":\"ImageObject\",\"inLanguage\":\"lt-LT\",\"@id\":\"https:\/\/www.transtoyou.com\/lt\/#\/schema\/logo\/image\/\",\"url\":\"https:\/\/www.transtoyou.com\/lt\/wp-content\/uploads\/sites\/9\/2026\/01\/logo-tty-menu-bar-300x87-1.webp\",\"contentUrl\":\"https:\/\/www.transtoyou.com\/lt\/wp-content\/uploads\/sites\/9\/2026\/01\/logo-tty-menu-bar-300x87-1.webp\",\"width\":300,\"height\":87,\"caption\":\"Transtoyou - LT\"},\"image\":{\"@id\":\"https:\/\/www.transtoyou.com\/lt\/#\/schema\/logo\/image\/\"}}]}<\/script>\n<!-- \/ Yoast SEO plugin. -->","yoast_head_json":{"title":"Minoksidilas | Efektyvus plauk\u0173 augimo skatinimas - Transtoyou","description":"Minoksidilas plauk\u0173 slinkimui, prieinamas Transtoyou. Skatina galvos odos kraujotak\u0105, kad plaukai augt\u0173 tankesni. Pirk dabar!","robots":{"index":"noindex","follow":"follow","max-snippet":"max-snippet:-1","max-image-preview":"max-image-preview:large","max-video-preview":"max-video-preview:-1"},"og_locale":"lt_LT","og_type":"article","og_title":"Minoksidilas | Efektyvus plauk\u0173 augimo skatinimas - Transtoyou","og_description":"Minoksidilas plauk\u0173 slinkimui, prieinamas Transtoyou. Skatina galvos odos kraujotak\u0105, kad plaukai augt\u0173 tankesni. Pirk dabar!","og_url":"https:\/\/www.transtoyou.com\/lt\/product\/minoxidil\/","og_site_name":"Transtoyou - LT","article_modified_time":"2026-02-25T16:52:53+00:00","twitter_card":"summary_large_image","twitter_misc":{"Est. reading time":"1 minut\u0117"},"schema":{"@context":"https:\/\/schema.org","@graph":[{"@type":"WebPage","@id":"https:\/\/www.transtoyou.com\/lt\/product\/minoxidil\/","url":"https:\/\/www.transtoyou.com\/lt\/product\/minoxidil\/","name":"Minoksidilas | Efektyvus plauk\u0173 augimo skatinimas - Transtoyou","isPartOf":{"@id":"https:\/\/www.transtoyou.com\/lt\/#website"},"primaryImageOfPage":{"@id":"https:\/\/www.transtoyou.com\/lt\/product\/minoxidil\/#primaryimage"},"image":{"@id":"https:\/\/www.transtoyou.com\/lt\/product\/minoxidil\/#primaryimage"},"thumbnailUrl":"https:\/\/www.transtoyou.com\/lt\/wp-content\/uploads\/sites\/9\/2026\/01\/tty-no-product-image-80.webp","datePublished":"2026-01-24T04:11:37+00:00","dateModified":"2026-02-25T16:52:53+00:00","description":"Minoksidilas plauk\u0173 slinkimui, prieinamas Transtoyou. Skatina galvos odos kraujotak\u0105, kad plaukai augt\u0173 tankesni. Pirk dabar!","breadcrumb":{"@id":"https:\/\/www.transtoyou.com\/lt\/product\/minoxidil\/#breadcrumb"},"inLanguage":"lt-LT","potentialAction":[{"@type":"ReadAction","target":["https:\/\/www.transtoyou.com\/lt\/product\/minoxidil\/"]}]},{"@type":"ImageObject","inLanguage":"lt-LT","@id":"https:\/\/www.transtoyou.com\/lt\/product\/minoxidil\/#primaryimage","url":"https:\/\/www.transtoyou.com\/lt\/wp-content\/uploads\/sites\/9\/2026\/01\/tty-no-product-image-80.webp","contentUrl":"https:\/\/www.transtoyou.com\/lt\/wp-content\/uploads\/sites\/9\/2026\/01\/tty-no-product-image-80.webp","width":1000,"height":1000,"caption":"Numatytasis produkto vaizdas"},{"@type":"WebSite","@id":"https:\/\/www.transtoyou.com\/lt\/#website","url":"https:\/\/www.transtoyou.com\/lt\/","name":"Transtoyou - LT","description":"","publisher":{"@id":"https:\/\/www.transtoyou.com\/lt\/#organization"},"potentialAction":[{"@type":"SearchAction","target":{"@type":"EntryPoint","urlTemplate":"https:\/\/www.transtoyou.com\/lt\/?s={search_term_string}"},"query-input":{"@type":"PropertyValueSpecification","valueRequired":true,"valueName":"search_term_string"}}],"inLanguage":"lt-LT"},{"@type":"Organization","@id":"https:\/\/www.transtoyou.com\/lt\/#organization","name":"Transtoyou - LT","url":"https:\/\/www.transtoyou.com\/lt\/","logo":{"@type":"ImageObject","inLanguage":"lt-LT","@id":"https:\/\/www.transtoyou.com\/lt\/#\/schema\/logo\/image\/","url":"https:\/\/www.transtoyou.com\/lt\/wp-content\/uploads\/sites\/9\/2026\/01\/logo-tty-menu-bar-300x87-1.webp","contentUrl":"https:\/\/www.transtoyou.com\/lt\/wp-content\/uploads\/sites\/9\/2026\/01\/logo-tty-menu-bar-300x87-1.webp","width":300,"height":87,"caption":"Transtoyou - LT"},"image":{"@id":"https:\/\/www.transtoyou.com\/lt\/#\/schema\/logo\/image\/"}}]}},"_links":{"self":[{"href":"https:\/\/www.transtoyou.com\/lt\/wp-json\/wp\/v2\/product\/951","targetHints":{"allow":["GET"]}}],"collection":[{"href":"https:\/\/www.transtoyou.com\/lt\/wp-json\/wp\/v2\/product"}],"about":[{"href":"https:\/\/www.transtoyou.com\/lt\/wp-json\/wp\/v2\/types\/product"}],"replies":[{"embeddable":true,"href":"https:\/\/www.transtoyou.com\/lt\/wp-json\/wp\/v2\/comments?post=951"}],"wp:featuredmedia":[{"embeddable":true,"href":"https:\/\/www.transtoyou.com\/lt\/wp-json\/wp\/v2\/media\/953"}],"wp:attachment":[{"href":"https:\/\/www.transtoyou.com\/lt\/wp-json\/wp\/v2\/media?parent=951"}],"wp:term":[{"taxonomy":"product_brand","embeddable":true,"href":"https:\/\/www.transtoyou.com\/lt\/wp-json\/wp\/v2\/product_brand?post=951"},{"taxonomy":"product_cat","embeddable":true,"href":"https:\/\/www.transtoyou.com\/lt\/wp-json\/wp\/v2\/product_cat?post=951"},{"taxonomy":"product_tag","embeddable":true,"href":"https:\/\/www.transtoyou.com\/lt\/wp-json\/wp\/v2\/product_tag?post=951"},{"taxonomy":"expert","embeddable":true,"href":"https:\/\/www.transtoyou.com\/lt\/wp-json\/wp\/v2\/expert?post=951"}],"curies":[{"name":"wp","href":"https:\/\/api.w.org\/{rel}","templated":true}]}}