{"id":962,"date":"2026-01-24T07:08:54","date_gmt":"2026-01-24T05:08:54","guid":{"rendered":"https:\/\/www.transtoyou.com\/lt\/product\/vaniqa\/"},"modified":"2026-03-06T17:01:34","modified_gmt":"2026-03-06T15:01:34","slug":"vaniqa","status":"publish","type":"product","link":"https:\/\/www.transtoyou.com\/lt\/product\/vaniqa\/","title":{"rendered":"Vaniqa"},"content":{"rendered":"<p>Vaniqa yra vietinis kremas, naudojamas norint suma\u017einti nepageidaujamo veido plauko augim\u0105, ypa\u010d moterims, kurioms diagnozuotas veido hirsutizmas. Jame yra eflornitino hidrochlorido, med\u017eiagos, kuri veikia l\u0117tindama plauk\u0173 augimo greit\u012f folikulo lygyje. Skirtingai nuo plauk\u0173 \u0161alinimo metod\u0173, toki\u0173 kaip skutimas ar va\u0161ku, Vaniqa veikia plauk\u0173 folikulo lygyje, kad sul\u0117tint\u0173 augim\u0105 ir yra naudojama kaip ilgalaik\u0117 galimyb\u0117.<\/p>\n<p>Kremas tepamas tiesiogiai ant pa\u017eeist\u0173 veido viet\u0173, toki\u0173 kaip vir\u0161utin\u0117 l\u016bpa, smakras ar \u017eandikaulis, du kartus per dien\u0105, su ma\u017eiausiai a\u0161tuoni\u0173 valand\u0173 pertrauka tarp tepim\u0173. Tai n\u0117ra plauk\u0173 \u0161alinimo produktas, bet jis skirtas suma\u017einti ataugimo greit\u012f ir stor\u012f laikui b\u0117gant. Matomas pager\u0117jimas gali u\u017etrukti nuo keturi\u0173 iki a\u0161tuoni\u0173 savai\u010di\u0173, o nuolatinis naudojimas yra b\u016btinas rezultatams i\u0161laikyti. Jei kremas nutraukiamas, plauk\u0173 augimas paprastai gr\u012f\u017eta \u012f ankstesn\u012f model\u012f.<\/p>\n<p>Vaniqa da\u017enai naudojama kartu su kosmetiniais plauk\u0173 \u0161alinimo metodais. Laikui b\u0117gant, kai kurie asmenys gali pasteb\u0117ti suma\u017e\u0117jim\u0105 plauk\u0173 \u0161alinimo proced\u016br\u0173 da\u017enumo, o ataugimo i\u0161vaizda gali tapti plonesn\u0117 ir \u0161viesesn\u0117. Jis gali b\u016bti naudojamas ilgalaikiai medicinin\u0117s prie\u017ei\u016bros metu, nors poveikis skiriasi tarp asmen\u0173.<\/p>\n<p>Da\u017eni \u0161alutiniai poveikiai paprastai b\u016bna lengvi ir gali apimti paraudim\u0105, dilg\u010diojim\u0105, deginim\u0105 ar lengv\u0105 odos dirginim\u0105 tepimo vietoje. \u0160ie simptomai da\u017enai suma\u017e\u0117ja, kai oda prisitaiko prie kremo. Vaniqa tur\u0117t\u0173 b\u016bti tepamas tik ant \u0161varios, sausos odos, ir rekomenduojama trumpa laukimo laikotarpis prie\u0161 makia\u017eo ar saul\u0117s apsaugos priemoni\u0173 naudojim\u0105.<\/p>\n","protected":false},"excerpt":{"rendered":"<ul>\n<li>Sul\u0117tina veido plaukeli\u0173 augim\u0105<\/li>\n<li>Nehormoninis vietinis gydymas<\/li>\n<li>\u0160velnina odos i\u0161vaizd\u0105<\/li>\n<\/ul>\n","protected":false},"featured_media":964,"comment_status":"open","ping_status":"closed","template":"","meta":[],"product_brand":[],"product_cat":[137,119],"product_tag":[],"expert":[19],"class_list":{"0":"post-962","1":"product","2":"type-product","3":"status-publish","4":"has-post-thumbnail","6":"product_cat-hirsutizmas-ir-veido-plaukai","7":"product_cat-veido-plauku-mazinimas","8":"expert-dr-j-vazquez","10":"first","11":"instock","12":"shipping-taxable","13":"product-type-variable"},"yoast_head":"<!-- This site is optimized with the Yoast SEO plugin v27.0 - https:\/\/yoast.com\/product\/yoast-seo-wordpress\/ -->\n<title>Vaniqa | Efektyvus veido plauk\u0173 augimo ma\u017einimas - Transtoyou<\/title>\n<meta name=\"description\" content=\"Vaniqa kremas ma\u017eina nepageidaujam\u0173 plauk\u0173 augim\u0105 veide ir suteikia sklandesn\u0119 od\u0105. Prad\u0117k savo pasitik\u0117jimo kelion\u0119 jau \u0161iandien.\" \/>\n<meta name=\"robots\" content=\"noindex, follow, max-snippet:-1, max-image-preview:large, max-video-preview:-1\" \/>\n<meta property=\"og:locale\" content=\"lt_LT\" \/>\n<meta property=\"og:type\" content=\"article\" \/>\n<meta property=\"og:title\" content=\"Vaniqa | Efektyvus veido plauk\u0173 augimo ma\u017einimas - Transtoyou\" \/>\n<meta property=\"og:description\" content=\"Vaniqa kremas ma\u017eina nepageidaujam\u0173 plauk\u0173 augim\u0105 veide ir suteikia sklandesn\u0119 od\u0105. Prad\u0117k savo pasitik\u0117jimo kelion\u0119 jau \u0161iandien.\" \/>\n<meta property=\"og:url\" content=\"https:\/\/www.transtoyou.com\/lt\/product\/vaniqa\/\" \/>\n<meta property=\"og:site_name\" content=\"Transtoyou - LT\" \/>\n<meta property=\"article:modified_time\" content=\"2026-03-06T15:01:34+00:00\" \/>\n<meta name=\"twitter:card\" content=\"summary_large_image\" \/>\n<meta name=\"twitter:label1\" content=\"Est. reading time\" \/>\n\t<meta name=\"twitter:data1\" content=\"1 minut\u0117\" \/>\n<script type=\"application\/ld+json\" class=\"yoast-schema-graph\">{\"@context\":\"https:\/\/schema.org\",\"@graph\":[{\"@type\":\"WebPage\",\"@id\":\"https:\/\/www.transtoyou.com\/lt\/product\/vaniqa\/\",\"url\":\"https:\/\/www.transtoyou.com\/lt\/product\/vaniqa\/\",\"name\":\"Vaniqa | Efektyvus veido plauk\u0173 augimo ma\u017einimas - Transtoyou\",\"isPartOf\":{\"@id\":\"https:\/\/www.transtoyou.com\/lt\/#website\"},\"primaryImageOfPage\":{\"@id\":\"https:\/\/www.transtoyou.com\/lt\/product\/vaniqa\/#primaryimage\"},\"image\":{\"@id\":\"https:\/\/www.transtoyou.com\/lt\/product\/vaniqa\/#primaryimage\"},\"thumbnailUrl\":\"https:\/\/www.transtoyou.com\/lt\/wp-content\/uploads\/sites\/9\/2026\/01\/tty-no-product-image-84.webp\",\"datePublished\":\"2026-01-24T05:08:54+00:00\",\"dateModified\":\"2026-03-06T15:01:34+00:00\",\"description\":\"Vaniqa kremas ma\u017eina nepageidaujam\u0173 plauk\u0173 augim\u0105 veide ir suteikia sklandesn\u0119 od\u0105. Prad\u0117k savo pasitik\u0117jimo kelion\u0119 jau \u0161iandien.\",\"breadcrumb\":{\"@id\":\"https:\/\/www.transtoyou.com\/lt\/product\/vaniqa\/#breadcrumb\"},\"inLanguage\":\"lt-LT\",\"potentialAction\":[{\"@type\":\"ReadAction\",\"target\":[\"https:\/\/www.transtoyou.com\/lt\/product\/vaniqa\/\"]}]},{\"@type\":\"ImageObject\",\"inLanguage\":\"lt-LT\",\"@id\":\"https:\/\/www.transtoyou.com\/lt\/product\/vaniqa\/#primaryimage\",\"url\":\"https:\/\/www.transtoyou.com\/lt\/wp-content\/uploads\/sites\/9\/2026\/01\/tty-no-product-image-84.webp\",\"contentUrl\":\"https:\/\/www.transtoyou.com\/lt\/wp-content\/uploads\/sites\/9\/2026\/01\/tty-no-product-image-84.webp\",\"width\":1000,\"height\":1000,\"caption\":\"Numatytas produkto vaizdas\"},{\"@type\":\"WebSite\",\"@id\":\"https:\/\/www.transtoyou.com\/lt\/#website\",\"url\":\"https:\/\/www.transtoyou.com\/lt\/\",\"name\":\"Transtoyou - LT\",\"description\":\"\",\"publisher\":{\"@id\":\"https:\/\/www.transtoyou.com\/lt\/#organization\"},\"potentialAction\":[{\"@type\":\"SearchAction\",\"target\":{\"@type\":\"EntryPoint\",\"urlTemplate\":\"https:\/\/www.transtoyou.com\/lt\/?s={search_term_string}\"},\"query-input\":{\"@type\":\"PropertyValueSpecification\",\"valueRequired\":true,\"valueName\":\"search_term_string\"}}],\"inLanguage\":\"lt-LT\"},{\"@type\":\"Organization\",\"@id\":\"https:\/\/www.transtoyou.com\/lt\/#organization\",\"name\":\"Transtoyou - LT\",\"url\":\"https:\/\/www.transtoyou.com\/lt\/\",\"logo\":{\"@type\":\"ImageObject\",\"inLanguage\":\"lt-LT\",\"@id\":\"https:\/\/www.transtoyou.com\/lt\/#\/schema\/logo\/image\/\",\"url\":\"https:\/\/www.transtoyou.com\/lt\/wp-content\/uploads\/sites\/9\/2026\/01\/logo-tty-menu-bar-300x87-1.webp\",\"contentUrl\":\"https:\/\/www.transtoyou.com\/lt\/wp-content\/uploads\/sites\/9\/2026\/01\/logo-tty-menu-bar-300x87-1.webp\",\"width\":300,\"height\":87,\"caption\":\"Transtoyou - LT\"},\"image\":{\"@id\":\"https:\/\/www.transtoyou.com\/lt\/#\/schema\/logo\/image\/\"}}]}<\/script>\n<!-- \/ Yoast SEO plugin. -->","yoast_head_json":{"title":"Vaniqa | Efektyvus veido plauk\u0173 augimo ma\u017einimas - Transtoyou","description":"Vaniqa kremas ma\u017eina nepageidaujam\u0173 plauk\u0173 augim\u0105 veide ir suteikia sklandesn\u0119 od\u0105. Prad\u0117k savo pasitik\u0117jimo kelion\u0119 jau \u0161iandien.","robots":{"index":"noindex","follow":"follow","max-snippet":"max-snippet:-1","max-image-preview":"max-image-preview:large","max-video-preview":"max-video-preview:-1"},"og_locale":"lt_LT","og_type":"article","og_title":"Vaniqa | Efektyvus veido plauk\u0173 augimo ma\u017einimas - Transtoyou","og_description":"Vaniqa kremas ma\u017eina nepageidaujam\u0173 plauk\u0173 augim\u0105 veide ir suteikia sklandesn\u0119 od\u0105. Prad\u0117k savo pasitik\u0117jimo kelion\u0119 jau \u0161iandien.","og_url":"https:\/\/www.transtoyou.com\/lt\/product\/vaniqa\/","og_site_name":"Transtoyou - LT","article_modified_time":"2026-03-06T15:01:34+00:00","twitter_card":"summary_large_image","twitter_misc":{"Est. reading time":"1 minut\u0117"},"schema":{"@context":"https:\/\/schema.org","@graph":[{"@type":"WebPage","@id":"https:\/\/www.transtoyou.com\/lt\/product\/vaniqa\/","url":"https:\/\/www.transtoyou.com\/lt\/product\/vaniqa\/","name":"Vaniqa | Efektyvus veido plauk\u0173 augimo ma\u017einimas - Transtoyou","isPartOf":{"@id":"https:\/\/www.transtoyou.com\/lt\/#website"},"primaryImageOfPage":{"@id":"https:\/\/www.transtoyou.com\/lt\/product\/vaniqa\/#primaryimage"},"image":{"@id":"https:\/\/www.transtoyou.com\/lt\/product\/vaniqa\/#primaryimage"},"thumbnailUrl":"https:\/\/www.transtoyou.com\/lt\/wp-content\/uploads\/sites\/9\/2026\/01\/tty-no-product-image-84.webp","datePublished":"2026-01-24T05:08:54+00:00","dateModified":"2026-03-06T15:01:34+00:00","description":"Vaniqa kremas ma\u017eina nepageidaujam\u0173 plauk\u0173 augim\u0105 veide ir suteikia sklandesn\u0119 od\u0105. Prad\u0117k savo pasitik\u0117jimo kelion\u0119 jau \u0161iandien.","breadcrumb":{"@id":"https:\/\/www.transtoyou.com\/lt\/product\/vaniqa\/#breadcrumb"},"inLanguage":"lt-LT","potentialAction":[{"@type":"ReadAction","target":["https:\/\/www.transtoyou.com\/lt\/product\/vaniqa\/"]}]},{"@type":"ImageObject","inLanguage":"lt-LT","@id":"https:\/\/www.transtoyou.com\/lt\/product\/vaniqa\/#primaryimage","url":"https:\/\/www.transtoyou.com\/lt\/wp-content\/uploads\/sites\/9\/2026\/01\/tty-no-product-image-84.webp","contentUrl":"https:\/\/www.transtoyou.com\/lt\/wp-content\/uploads\/sites\/9\/2026\/01\/tty-no-product-image-84.webp","width":1000,"height":1000,"caption":"Numatytas produkto vaizdas"},{"@type":"WebSite","@id":"https:\/\/www.transtoyou.com\/lt\/#website","url":"https:\/\/www.transtoyou.com\/lt\/","name":"Transtoyou - LT","description":"","publisher":{"@id":"https:\/\/www.transtoyou.com\/lt\/#organization"},"potentialAction":[{"@type":"SearchAction","target":{"@type":"EntryPoint","urlTemplate":"https:\/\/www.transtoyou.com\/lt\/?s={search_term_string}"},"query-input":{"@type":"PropertyValueSpecification","valueRequired":true,"valueName":"search_term_string"}}],"inLanguage":"lt-LT"},{"@type":"Organization","@id":"https:\/\/www.transtoyou.com\/lt\/#organization","name":"Transtoyou - LT","url":"https:\/\/www.transtoyou.com\/lt\/","logo":{"@type":"ImageObject","inLanguage":"lt-LT","@id":"https:\/\/www.transtoyou.com\/lt\/#\/schema\/logo\/image\/","url":"https:\/\/www.transtoyou.com\/lt\/wp-content\/uploads\/sites\/9\/2026\/01\/logo-tty-menu-bar-300x87-1.webp","contentUrl":"https:\/\/www.transtoyou.com\/lt\/wp-content\/uploads\/sites\/9\/2026\/01\/logo-tty-menu-bar-300x87-1.webp","width":300,"height":87,"caption":"Transtoyou - LT"},"image":{"@id":"https:\/\/www.transtoyou.com\/lt\/#\/schema\/logo\/image\/"}}]}},"_links":{"self":[{"href":"https:\/\/www.transtoyou.com\/lt\/wp-json\/wp\/v2\/product\/962","targetHints":{"allow":["GET"]}}],"collection":[{"href":"https:\/\/www.transtoyou.com\/lt\/wp-json\/wp\/v2\/product"}],"about":[{"href":"https:\/\/www.transtoyou.com\/lt\/wp-json\/wp\/v2\/types\/product"}],"replies":[{"embeddable":true,"href":"https:\/\/www.transtoyou.com\/lt\/wp-json\/wp\/v2\/comments?post=962"}],"wp:featuredmedia":[{"embeddable":true,"href":"https:\/\/www.transtoyou.com\/lt\/wp-json\/wp\/v2\/media\/964"}],"wp:attachment":[{"href":"https:\/\/www.transtoyou.com\/lt\/wp-json\/wp\/v2\/media?parent=962"}],"wp:term":[{"taxonomy":"product_brand","embeddable":true,"href":"https:\/\/www.transtoyou.com\/lt\/wp-json\/wp\/v2\/product_brand?post=962"},{"taxonomy":"product_cat","embeddable":true,"href":"https:\/\/www.transtoyou.com\/lt\/wp-json\/wp\/v2\/product_cat?post=962"},{"taxonomy":"product_tag","embeddable":true,"href":"https:\/\/www.transtoyou.com\/lt\/wp-json\/wp\/v2\/product_tag?post=962"},{"taxonomy":"expert","embeddable":true,"href":"https:\/\/www.transtoyou.com\/lt\/wp-json\/wp\/v2\/expert?post=962"}],"curies":[{"name":"wp","href":"https:\/\/api.w.org\/{rel}","templated":true}]}}