{"id":975,"date":"2026-01-24T08:35:32","date_gmt":"2026-01-24T06:35:32","guid":{"rendered":"https:\/\/www.transtoyou.com\/lt\/product\/viridal\/"},"modified":"2026-03-07T16:52:44","modified_gmt":"2026-03-07T14:52:44","slug":"viridalis","status":"publish","type":"product","link":"https:\/\/www.transtoyou.com\/lt\/product\/viridalis\/","title":{"rendered":"Viridal"},"content":{"rendered":"<p>Viridal yra gydymas, naudojamas erekcijos disfunkcijai, ypa\u010d kai geriamieji vaistai gali b\u016bti neveiksmingi arba netinkami. Jame yra alprostadilo, sintetin\u0117s nat\u016braliai pasitaikan\u010dios med\u017eiagos versijos, kuri padeda padidinti kraujo pritek\u0117jim\u0105 \u012f varp\u0105. Sukeldamas vietini\u0173 kraujagysli\u0173 i\u0161sipl\u0117tim\u0105, jis palaiko fizin\u012f proces\u0105, kuris lemia erekcij\u0105.<\/p>\n<p>Viridal skiriamas injekcijos b\u016bdu \u012f kavernin\u012f k\u016bn\u0105. \u0160is metodas leid\u017eia vaistui veikti tiesiogiai ten, kur jo reikia. Daugeliu atvej\u0173 poveikis prasideda per 5\u201315 minu\u010di\u0173, o gauta erekcija paprastai trunka apie 30\u201360 minu\u010di\u0173, nors tai gali skirtis tarp asmen\u0173.<\/p>\n<p>Vaistas tiekiamas milteli\u0173 pavidalu, kuris prie\u0161 naudojim\u0105 sumai\u0161omas su steriliu tirpalu. Injekcijai naudojama plona adata, ir svarbu keisti injekcijos viet\u0105 su kiekvienu naudojimu, kad suma\u017eintum\u0117te audini\u0173 pa\u017eeidimo rizik\u0105. Doz\u0117 paprastai pritaikoma pagal individual\u0173 atsak\u0105 ir toleravim\u0105.<\/p>\n<p>Viridal gali b\u016bti naudojamas asmenims, turintiems \u012fvairias erekcijos disfunkcijos prie\u017eastis, \u012fskaitant kraujagysli\u0173, neurologines ar pooperacines b\u016bkles. Da\u017eni \u0161alutiniai poveikiai gali apimti lengv\u0105 diskomfort\u0105 injekcijos vietoje arba spaudimo jausm\u0105 varpoje. Kai kuriais atvejais vartotojai gali patirti ilgalaikes erekcijas arba lokalizuot\u0105 fibroz\u0119 ar varpos mazgelius, kurie tur\u0117t\u0173 b\u016bti \u012fvertinti, jei i\u0161lieka.<\/p>\n","protected":false},"excerpt":{"rendered":"<ul>\n<li>Greita, patikima erekcija per 5-15 minu\u010di\u0173<\/li>\n<li>Aplenkia vir\u0161kinimo sistem\u0105 &#8211; veikia net kai tablet\u0117s nepavyksta<\/li>\n<li>Reguliuojama doz\u0117 su automati\u0161kai mai\u0161an\u010dia dviguba kamera \u0161virk\u0161tu<\/li>\n<\/ul>\n","protected":false},"featured_media":977,"comment_status":"open","ping_status":"closed","template":"","meta":[],"product_brand":[],"product_cat":[115],"product_tag":[],"expert":[21],"class_list":{"0":"post-975","1":"product","2":"type-product","3":"status-publish","4":"has-post-thumbnail","6":"product_cat-erekcijos-disfunkcijos-gydymas","7":"expert-dr-m-sharoyko","9":"first","10":"instock","11":"shipping-taxable","12":"product-type-variable"},"yoast_head":"<!-- This site is optimized with the Yoast SEO plugin v27.0 - https:\/\/yoast.com\/product\/yoast-seo-wordpress\/ -->\n<title>Viridal | Greitai veikiantis ED sprendimas - Transtoyou<\/title>\n<meta name=\"description\" content=\"Atraskite Viridal, unikal\u0173 sprendim\u0105 erekcijos disfunkcijai. Sud\u0117tyje yra alprostadilio efektyviems rezultatams. Pasiekiama \u010dia, Transtoyou.\" \/>\n<meta name=\"robots\" content=\"noindex, follow, max-snippet:-1, max-image-preview:large, max-video-preview:-1\" \/>\n<meta property=\"og:locale\" content=\"lt_LT\" \/>\n<meta property=\"og:type\" content=\"article\" \/>\n<meta property=\"og:title\" content=\"Viridal | Greitai veikiantis ED sprendimas - Transtoyou\" \/>\n<meta property=\"og:description\" content=\"Atraskite Viridal, unikal\u0173 sprendim\u0105 erekcijos disfunkcijai. Sud\u0117tyje yra alprostadilio efektyviems rezultatams. Pasiekiama \u010dia, Transtoyou.\" \/>\n<meta property=\"og:url\" content=\"https:\/\/www.transtoyou.com\/lt\/product\/viridal\/\" \/>\n<meta property=\"og:site_name\" content=\"Transtoyou - LT\" \/>\n<meta property=\"article:modified_time\" content=\"2026-03-07T14:52:44+00:00\" \/>\n<meta name=\"twitter:card\" content=\"summary_large_image\" \/>\n<meta name=\"twitter:label1\" content=\"Est. reading time\" \/>\n\t<meta name=\"twitter:data1\" content=\"1 minut\u0117\" \/>\n<script type=\"application\/ld+json\" class=\"yoast-schema-graph\">{\"@context\":\"https:\/\/schema.org\",\"@graph\":[{\"@type\":\"WebPage\",\"@id\":\"https:\/\/www.transtoyou.com\/lt\/product\/viridal\/\",\"url\":\"https:\/\/www.transtoyou.com\/lt\/product\/viridal\/\",\"name\":\"Viridal | Greitai veikiantis ED sprendimas - Transtoyou\",\"isPartOf\":{\"@id\":\"https:\/\/www.transtoyou.com\/lt\/#website\"},\"primaryImageOfPage\":{\"@id\":\"https:\/\/www.transtoyou.com\/lt\/product\/viridal\/#primaryimage\"},\"image\":{\"@id\":\"https:\/\/www.transtoyou.com\/lt\/product\/viridal\/#primaryimage\"},\"thumbnailUrl\":\"https:\/\/www.transtoyou.com\/lt\/wp-content\/uploads\/sites\/9\/2026\/01\/tty-no-product-image-89.webp\",\"datePublished\":\"2026-01-24T06:35:32+00:00\",\"dateModified\":\"2026-03-07T14:52:44+00:00\",\"description\":\"Atraskite Viridal, unikal\u0173 sprendim\u0105 erekcijos disfunkcijai. Sud\u0117tyje yra alprostadilio efektyviems rezultatams. Pasiekiama \u010dia, Transtoyou.\",\"breadcrumb\":{\"@id\":\"https:\/\/www.transtoyou.com\/lt\/product\/viridal\/#breadcrumb\"},\"inLanguage\":\"lt-LT\",\"potentialAction\":[{\"@type\":\"ReadAction\",\"target\":[\"https:\/\/www.transtoyou.com\/lt\/product\/viridal\/\"]}]},{\"@type\":\"ImageObject\",\"inLanguage\":\"lt-LT\",\"@id\":\"https:\/\/www.transtoyou.com\/lt\/product\/viridal\/#primaryimage\",\"url\":\"https:\/\/www.transtoyou.com\/lt\/wp-content\/uploads\/sites\/9\/2026\/01\/tty-no-product-image-89.webp\",\"contentUrl\":\"https:\/\/www.transtoyou.com\/lt\/wp-content\/uploads\/sites\/9\/2026\/01\/tty-no-product-image-89.webp\",\"width\":1000,\"height\":1000,\"caption\":\"Numatytas produkto vaizdas\"},{\"@type\":\"WebSite\",\"@id\":\"https:\/\/www.transtoyou.com\/lt\/#website\",\"url\":\"https:\/\/www.transtoyou.com\/lt\/\",\"name\":\"Transtoyou - LT\",\"description\":\"\",\"publisher\":{\"@id\":\"https:\/\/www.transtoyou.com\/lt\/#organization\"},\"potentialAction\":[{\"@type\":\"SearchAction\",\"target\":{\"@type\":\"EntryPoint\",\"urlTemplate\":\"https:\/\/www.transtoyou.com\/lt\/?s={search_term_string}\"},\"query-input\":{\"@type\":\"PropertyValueSpecification\",\"valueRequired\":true,\"valueName\":\"search_term_string\"}}],\"inLanguage\":\"lt-LT\"},{\"@type\":\"Organization\",\"@id\":\"https:\/\/www.transtoyou.com\/lt\/#organization\",\"name\":\"Transtoyou - LT\",\"url\":\"https:\/\/www.transtoyou.com\/lt\/\",\"logo\":{\"@type\":\"ImageObject\",\"inLanguage\":\"lt-LT\",\"@id\":\"https:\/\/www.transtoyou.com\/lt\/#\/schema\/logo\/image\/\",\"url\":\"https:\/\/www.transtoyou.com\/lt\/wp-content\/uploads\/sites\/9\/2026\/01\/logo-tty-menu-bar-300x87-1.webp\",\"contentUrl\":\"https:\/\/www.transtoyou.com\/lt\/wp-content\/uploads\/sites\/9\/2026\/01\/logo-tty-menu-bar-300x87-1.webp\",\"width\":300,\"height\":87,\"caption\":\"Transtoyou - LT\"},\"image\":{\"@id\":\"https:\/\/www.transtoyou.com\/lt\/#\/schema\/logo\/image\/\"}}]}<\/script>\n<!-- \/ Yoast SEO plugin. -->","yoast_head_json":{"title":"Viridal | Greitai veikiantis ED sprendimas - Transtoyou","description":"Atraskite Viridal, unikal\u0173 sprendim\u0105 erekcijos disfunkcijai. Sud\u0117tyje yra alprostadilio efektyviems rezultatams. Pasiekiama \u010dia, Transtoyou.","robots":{"index":"noindex","follow":"follow","max-snippet":"max-snippet:-1","max-image-preview":"max-image-preview:large","max-video-preview":"max-video-preview:-1"},"og_locale":"lt_LT","og_type":"article","og_title":"Viridal | Greitai veikiantis ED sprendimas - Transtoyou","og_description":"Atraskite Viridal, unikal\u0173 sprendim\u0105 erekcijos disfunkcijai. Sud\u0117tyje yra alprostadilio efektyviems rezultatams. Pasiekiama \u010dia, Transtoyou.","og_url":"https:\/\/www.transtoyou.com\/lt\/product\/viridal\/","og_site_name":"Transtoyou - LT","article_modified_time":"2026-03-07T14:52:44+00:00","twitter_card":"summary_large_image","twitter_misc":{"Est. reading time":"1 minut\u0117"},"schema":{"@context":"https:\/\/schema.org","@graph":[{"@type":"WebPage","@id":"https:\/\/www.transtoyou.com\/lt\/product\/viridal\/","url":"https:\/\/www.transtoyou.com\/lt\/product\/viridal\/","name":"Viridal | Greitai veikiantis ED sprendimas - Transtoyou","isPartOf":{"@id":"https:\/\/www.transtoyou.com\/lt\/#website"},"primaryImageOfPage":{"@id":"https:\/\/www.transtoyou.com\/lt\/product\/viridal\/#primaryimage"},"image":{"@id":"https:\/\/www.transtoyou.com\/lt\/product\/viridal\/#primaryimage"},"thumbnailUrl":"https:\/\/www.transtoyou.com\/lt\/wp-content\/uploads\/sites\/9\/2026\/01\/tty-no-product-image-89.webp","datePublished":"2026-01-24T06:35:32+00:00","dateModified":"2026-03-07T14:52:44+00:00","description":"Atraskite Viridal, unikal\u0173 sprendim\u0105 erekcijos disfunkcijai. Sud\u0117tyje yra alprostadilio efektyviems rezultatams. Pasiekiama \u010dia, Transtoyou.","breadcrumb":{"@id":"https:\/\/www.transtoyou.com\/lt\/product\/viridal\/#breadcrumb"},"inLanguage":"lt-LT","potentialAction":[{"@type":"ReadAction","target":["https:\/\/www.transtoyou.com\/lt\/product\/viridal\/"]}]},{"@type":"ImageObject","inLanguage":"lt-LT","@id":"https:\/\/www.transtoyou.com\/lt\/product\/viridal\/#primaryimage","url":"https:\/\/www.transtoyou.com\/lt\/wp-content\/uploads\/sites\/9\/2026\/01\/tty-no-product-image-89.webp","contentUrl":"https:\/\/www.transtoyou.com\/lt\/wp-content\/uploads\/sites\/9\/2026\/01\/tty-no-product-image-89.webp","width":1000,"height":1000,"caption":"Numatytas produkto vaizdas"},{"@type":"WebSite","@id":"https:\/\/www.transtoyou.com\/lt\/#website","url":"https:\/\/www.transtoyou.com\/lt\/","name":"Transtoyou - LT","description":"","publisher":{"@id":"https:\/\/www.transtoyou.com\/lt\/#organization"},"potentialAction":[{"@type":"SearchAction","target":{"@type":"EntryPoint","urlTemplate":"https:\/\/www.transtoyou.com\/lt\/?s={search_term_string}"},"query-input":{"@type":"PropertyValueSpecification","valueRequired":true,"valueName":"search_term_string"}}],"inLanguage":"lt-LT"},{"@type":"Organization","@id":"https:\/\/www.transtoyou.com\/lt\/#organization","name":"Transtoyou - LT","url":"https:\/\/www.transtoyou.com\/lt\/","logo":{"@type":"ImageObject","inLanguage":"lt-LT","@id":"https:\/\/www.transtoyou.com\/lt\/#\/schema\/logo\/image\/","url":"https:\/\/www.transtoyou.com\/lt\/wp-content\/uploads\/sites\/9\/2026\/01\/logo-tty-menu-bar-300x87-1.webp","contentUrl":"https:\/\/www.transtoyou.com\/lt\/wp-content\/uploads\/sites\/9\/2026\/01\/logo-tty-menu-bar-300x87-1.webp","width":300,"height":87,"caption":"Transtoyou - LT"},"image":{"@id":"https:\/\/www.transtoyou.com\/lt\/#\/schema\/logo\/image\/"}}]}},"_links":{"self":[{"href":"https:\/\/www.transtoyou.com\/lt\/wp-json\/wp\/v2\/product\/975","targetHints":{"allow":["GET"]}}],"collection":[{"href":"https:\/\/www.transtoyou.com\/lt\/wp-json\/wp\/v2\/product"}],"about":[{"href":"https:\/\/www.transtoyou.com\/lt\/wp-json\/wp\/v2\/types\/product"}],"replies":[{"embeddable":true,"href":"https:\/\/www.transtoyou.com\/lt\/wp-json\/wp\/v2\/comments?post=975"}],"wp:featuredmedia":[{"embeddable":true,"href":"https:\/\/www.transtoyou.com\/lt\/wp-json\/wp\/v2\/media\/977"}],"wp:attachment":[{"href":"https:\/\/www.transtoyou.com\/lt\/wp-json\/wp\/v2\/media?parent=975"}],"wp:term":[{"taxonomy":"product_brand","embeddable":true,"href":"https:\/\/www.transtoyou.com\/lt\/wp-json\/wp\/v2\/product_brand?post=975"},{"taxonomy":"product_cat","embeddable":true,"href":"https:\/\/www.transtoyou.com\/lt\/wp-json\/wp\/v2\/product_cat?post=975"},{"taxonomy":"product_tag","embeddable":true,"href":"https:\/\/www.transtoyou.com\/lt\/wp-json\/wp\/v2\/product_tag?post=975"},{"taxonomy":"expert","embeddable":true,"href":"https:\/\/www.transtoyou.com\/lt\/wp-json\/wp\/v2\/expert?post=975"}],"curies":[{"name":"wp","href":"https:\/\/api.w.org\/{rel}","templated":true}]}}