{"id":978,"date":"2026-01-24T08:51:31","date_gmt":"2026-01-24T06:51:31","guid":{"rendered":"https:\/\/www.transtoyou.com\/lt\/product\/viagra\/"},"modified":"2026-03-18T16:20:27","modified_gmt":"2026-03-18T14:20:27","slug":"viagra","status":"publish","type":"product","link":"https:\/\/www.transtoyou.com\/lt\/product\/viagra\/","title":{"rendered":"Viagra"},"content":{"rendered":"<p>Viagra yra gydymas erekcijos disfunkcijai, padedantis vyrams pasiekti ir i\u0161laikyti erekcij\u0105, tinkam\u0105 seksualinei veiklai. Jo veiklioji med\u017eiaga, sildenafilio citratas, veikia padidindama kraujo tek\u0117jim\u0105 \u012f varp\u0105, kai vyras yra seksualiai susijaudin\u0119s. Tai pagerina nat\u016brali\u0105 organizmo geb\u0105 reaguoti \u012f intymum\u0105, palaikydama stipresnes, patikimesnes erekcijas.<\/p>\n<p>Viagra priklauso vaist\u0173 klasei, vadinamai PDE5 inhibitoriais, kurie atpalaiduoja kraujagysles varpoje, leid\u017eiant daugiau kraujo patekti stimuliacijos metu. Ji pati nesukelia erekcijos, vis tiek reikalingas seksualinis susijaudinimas, kad vaistas b\u016bt\u0173 veiksmingas. Kai Viagra pradeda veikti organizme, ji paprastai pradeda veikti per 30\u201360 minu\u010di\u0173, o jos poveikis gali trukti apie keturias\u2013penkias valandas.<\/p>\n<p>Standartin\u0117 pradin\u0117 doz\u0117 yra 50 mg, vartojama ma\u017edaug valand\u0105 prie\u0161 seksualin\u0119 veikl\u0105, nors ji gali b\u016bti pritaikyta atsi\u017evelgiant \u012f individual\u0173 atsak\u0105 ir toleravim\u0105. Kai kuriems vyrams gali b\u016bti naudinga ma\u017eesn\u0117 doz\u0117 (25 mg), o kitiems gali prireikti iki 100 mg. Ji vartojama per burn\u0105 ir gali b\u016bti naudojama su maistu arba be jo, nors rieb\u016bs patiekalai gali \u0161iek tiek atid\u0117ti poveikio prad\u017ei\u0105.<\/p>\n<p>Viagra paprastai gerai toleruojama. Kai kurie vartotojai gali patirti \u0161alutin\u012f poveik\u012f, pavyzd\u017eiui, galvos skausmus, veido paraudim\u0105, nosies u\u017egulim\u0105, vir\u0161kinimo sutrikimus ar laikinas reg\u0117jimo poky\u010dius (pavyzd\u017eiui, m\u0117lyn\u0105 atspalv\u012f). \u0160ie poveikiai paprastai yra lengvi ir trumpalaikiai. Jos netur\u0117t\u0173 vartoti kartu su nitratais ar vaistais, kurie \u017eymiai ma\u017eina kraujo spaudim\u0105.<\/p>\n","protected":false},"excerpt":{"rendered":"<ul>\n<li>Palaiko nat\u016brali\u0105 seksualin\u0119 reakcij\u0105<\/li>\n<li>Gerina erekcijos funkcij\u0105<\/li>\n<li>Pasitikima visame pasaulyje ED valdymui<\/li>\n<\/ul>\n","protected":false},"featured_media":980,"comment_status":"open","ping_status":"closed","template":"","meta":[],"product_brand":[],"product_cat":[115],"product_tag":[],"expert":[16],"class_list":{"0":"post-978","1":"product","2":"type-product","3":"status-publish","4":"has-post-thumbnail","6":"product_cat-erekcijos-disfunkcijos-gydymas","7":"expert-dr-c-alexandru","9":"first","10":"instock","11":"shipping-taxable","12":"purchasable","13":"product-type-variable"},"yoast_head":"<!-- This site is optimized with the Yoast SEO plugin v27.0 - https:\/\/yoast.com\/product\/yoast-seo-wordpress\/ -->\n<title>Viagra | Pagerinkite na\u0161um\u0105 ir pasitik\u0117jim\u0105 - Transtoyou<\/title>\n<meta name=\"description\" content=\"Atraskite Viagra Transtoyou, saugiai gerinant\u012f erekcij\u0105. U\u017esisakykite dabar ir jauskite pasitik\u0117jim\u0105 savimi!\" \/>\n<meta name=\"robots\" content=\"noindex, follow, max-snippet:-1, max-image-preview:large, max-video-preview:-1\" \/>\n<meta property=\"og:locale\" content=\"lt_LT\" \/>\n<meta property=\"og:type\" content=\"article\" \/>\n<meta property=\"og:title\" content=\"Viagra | Pagerinkite na\u0161um\u0105 ir pasitik\u0117jim\u0105 - Transtoyou\" \/>\n<meta property=\"og:description\" content=\"Atraskite Viagra Transtoyou, saugiai gerinant\u012f erekcij\u0105. U\u017esisakykite dabar ir jauskite pasitik\u0117jim\u0105 savimi!\" \/>\n<meta property=\"og:url\" content=\"https:\/\/www.transtoyou.com\/lt\/product\/viagra\/\" \/>\n<meta property=\"og:site_name\" content=\"Transtoyou - LT\" \/>\n<meta property=\"article:modified_time\" content=\"2026-03-18T14:20:27+00:00\" \/>\n<meta name=\"twitter:card\" content=\"summary_large_image\" \/>\n<meta name=\"twitter:label1\" content=\"Est. reading time\" \/>\n\t<meta name=\"twitter:data1\" content=\"1 minut\u0117\" \/>\n<script type=\"application\/ld+json\" class=\"yoast-schema-graph\">{\"@context\":\"https:\/\/schema.org\",\"@graph\":[{\"@type\":\"WebPage\",\"@id\":\"https:\/\/www.transtoyou.com\/lt\/product\/viagra\/\",\"url\":\"https:\/\/www.transtoyou.com\/lt\/product\/viagra\/\",\"name\":\"Viagra | Pagerinkite na\u0161um\u0105 ir pasitik\u0117jim\u0105 - Transtoyou\",\"isPartOf\":{\"@id\":\"https:\/\/www.transtoyou.com\/lt\/#website\"},\"primaryImageOfPage\":{\"@id\":\"https:\/\/www.transtoyou.com\/lt\/product\/viagra\/#primaryimage\"},\"image\":{\"@id\":\"https:\/\/www.transtoyou.com\/lt\/product\/viagra\/#primaryimage\"},\"thumbnailUrl\":\"https:\/\/www.transtoyou.com\/lt\/wp-content\/uploads\/sites\/9\/2026\/01\/tty-no-product-image-90.webp\",\"datePublished\":\"2026-01-24T06:51:31+00:00\",\"dateModified\":\"2026-03-18T14:20:27+00:00\",\"description\":\"Atraskite Viagra Transtoyou, saugiai gerinant\u012f erekcij\u0105. U\u017esisakykite dabar ir jauskite pasitik\u0117jim\u0105 savimi!\",\"breadcrumb\":{\"@id\":\"https:\/\/www.transtoyou.com\/lt\/product\/viagra\/#breadcrumb\"},\"inLanguage\":\"lt-LT\",\"potentialAction\":[{\"@type\":\"ReadAction\",\"target\":[\"https:\/\/www.transtoyou.com\/lt\/product\/viagra\/\"]}]},{\"@type\":\"ImageObject\",\"inLanguage\":\"lt-LT\",\"@id\":\"https:\/\/www.transtoyou.com\/lt\/product\/viagra\/#primaryimage\",\"url\":\"https:\/\/www.transtoyou.com\/lt\/wp-content\/uploads\/sites\/9\/2026\/01\/tty-no-product-image-90.webp\",\"contentUrl\":\"https:\/\/www.transtoyou.com\/lt\/wp-content\/uploads\/sites\/9\/2026\/01\/tty-no-product-image-90.webp\",\"width\":1000,\"height\":1000,\"caption\":\"Numatytasis produkto vaizdas\"},{\"@type\":\"WebSite\",\"@id\":\"https:\/\/www.transtoyou.com\/lt\/#website\",\"url\":\"https:\/\/www.transtoyou.com\/lt\/\",\"name\":\"Transtoyou - LT\",\"description\":\"\",\"publisher\":{\"@id\":\"https:\/\/www.transtoyou.com\/lt\/#organization\"},\"potentialAction\":[{\"@type\":\"SearchAction\",\"target\":{\"@type\":\"EntryPoint\",\"urlTemplate\":\"https:\/\/www.transtoyou.com\/lt\/?s={search_term_string}\"},\"query-input\":{\"@type\":\"PropertyValueSpecification\",\"valueRequired\":true,\"valueName\":\"search_term_string\"}}],\"inLanguage\":\"lt-LT\"},{\"@type\":\"Organization\",\"@id\":\"https:\/\/www.transtoyou.com\/lt\/#organization\",\"name\":\"Transtoyou - LT\",\"url\":\"https:\/\/www.transtoyou.com\/lt\/\",\"logo\":{\"@type\":\"ImageObject\",\"inLanguage\":\"lt-LT\",\"@id\":\"https:\/\/www.transtoyou.com\/lt\/#\/schema\/logo\/image\/\",\"url\":\"https:\/\/www.transtoyou.com\/lt\/wp-content\/uploads\/sites\/9\/2026\/01\/logo-tty-menu-bar-300x87-1.webp\",\"contentUrl\":\"https:\/\/www.transtoyou.com\/lt\/wp-content\/uploads\/sites\/9\/2026\/01\/logo-tty-menu-bar-300x87-1.webp\",\"width\":300,\"height\":87,\"caption\":\"Transtoyou - LT\"},\"image\":{\"@id\":\"https:\/\/www.transtoyou.com\/lt\/#\/schema\/logo\/image\/\"}}]}<\/script>\n<!-- \/ Yoast SEO plugin. -->","yoast_head_json":{"title":"Viagra | Pagerinkite na\u0161um\u0105 ir pasitik\u0117jim\u0105 - Transtoyou","description":"Atraskite Viagra Transtoyou, saugiai gerinant\u012f erekcij\u0105. U\u017esisakykite dabar ir jauskite pasitik\u0117jim\u0105 savimi!","robots":{"index":"noindex","follow":"follow","max-snippet":"max-snippet:-1","max-image-preview":"max-image-preview:large","max-video-preview":"max-video-preview:-1"},"og_locale":"lt_LT","og_type":"article","og_title":"Viagra | Pagerinkite na\u0161um\u0105 ir pasitik\u0117jim\u0105 - Transtoyou","og_description":"Atraskite Viagra Transtoyou, saugiai gerinant\u012f erekcij\u0105. U\u017esisakykite dabar ir jauskite pasitik\u0117jim\u0105 savimi!","og_url":"https:\/\/www.transtoyou.com\/lt\/product\/viagra\/","og_site_name":"Transtoyou - LT","article_modified_time":"2026-03-18T14:20:27+00:00","twitter_card":"summary_large_image","twitter_misc":{"Est. reading time":"1 minut\u0117"},"schema":{"@context":"https:\/\/schema.org","@graph":[{"@type":"WebPage","@id":"https:\/\/www.transtoyou.com\/lt\/product\/viagra\/","url":"https:\/\/www.transtoyou.com\/lt\/product\/viagra\/","name":"Viagra | Pagerinkite na\u0161um\u0105 ir pasitik\u0117jim\u0105 - Transtoyou","isPartOf":{"@id":"https:\/\/www.transtoyou.com\/lt\/#website"},"primaryImageOfPage":{"@id":"https:\/\/www.transtoyou.com\/lt\/product\/viagra\/#primaryimage"},"image":{"@id":"https:\/\/www.transtoyou.com\/lt\/product\/viagra\/#primaryimage"},"thumbnailUrl":"https:\/\/www.transtoyou.com\/lt\/wp-content\/uploads\/sites\/9\/2026\/01\/tty-no-product-image-90.webp","datePublished":"2026-01-24T06:51:31+00:00","dateModified":"2026-03-18T14:20:27+00:00","description":"Atraskite Viagra Transtoyou, saugiai gerinant\u012f erekcij\u0105. U\u017esisakykite dabar ir jauskite pasitik\u0117jim\u0105 savimi!","breadcrumb":{"@id":"https:\/\/www.transtoyou.com\/lt\/product\/viagra\/#breadcrumb"},"inLanguage":"lt-LT","potentialAction":[{"@type":"ReadAction","target":["https:\/\/www.transtoyou.com\/lt\/product\/viagra\/"]}]},{"@type":"ImageObject","inLanguage":"lt-LT","@id":"https:\/\/www.transtoyou.com\/lt\/product\/viagra\/#primaryimage","url":"https:\/\/www.transtoyou.com\/lt\/wp-content\/uploads\/sites\/9\/2026\/01\/tty-no-product-image-90.webp","contentUrl":"https:\/\/www.transtoyou.com\/lt\/wp-content\/uploads\/sites\/9\/2026\/01\/tty-no-product-image-90.webp","width":1000,"height":1000,"caption":"Numatytasis produkto vaizdas"},{"@type":"WebSite","@id":"https:\/\/www.transtoyou.com\/lt\/#website","url":"https:\/\/www.transtoyou.com\/lt\/","name":"Transtoyou - LT","description":"","publisher":{"@id":"https:\/\/www.transtoyou.com\/lt\/#organization"},"potentialAction":[{"@type":"SearchAction","target":{"@type":"EntryPoint","urlTemplate":"https:\/\/www.transtoyou.com\/lt\/?s={search_term_string}"},"query-input":{"@type":"PropertyValueSpecification","valueRequired":true,"valueName":"search_term_string"}}],"inLanguage":"lt-LT"},{"@type":"Organization","@id":"https:\/\/www.transtoyou.com\/lt\/#organization","name":"Transtoyou - LT","url":"https:\/\/www.transtoyou.com\/lt\/","logo":{"@type":"ImageObject","inLanguage":"lt-LT","@id":"https:\/\/www.transtoyou.com\/lt\/#\/schema\/logo\/image\/","url":"https:\/\/www.transtoyou.com\/lt\/wp-content\/uploads\/sites\/9\/2026\/01\/logo-tty-menu-bar-300x87-1.webp","contentUrl":"https:\/\/www.transtoyou.com\/lt\/wp-content\/uploads\/sites\/9\/2026\/01\/logo-tty-menu-bar-300x87-1.webp","width":300,"height":87,"caption":"Transtoyou - LT"},"image":{"@id":"https:\/\/www.transtoyou.com\/lt\/#\/schema\/logo\/image\/"}}]}},"_links":{"self":[{"href":"https:\/\/www.transtoyou.com\/lt\/wp-json\/wp\/v2\/product\/978","targetHints":{"allow":["GET"]}}],"collection":[{"href":"https:\/\/www.transtoyou.com\/lt\/wp-json\/wp\/v2\/product"}],"about":[{"href":"https:\/\/www.transtoyou.com\/lt\/wp-json\/wp\/v2\/types\/product"}],"replies":[{"embeddable":true,"href":"https:\/\/www.transtoyou.com\/lt\/wp-json\/wp\/v2\/comments?post=978"}],"wp:featuredmedia":[{"embeddable":true,"href":"https:\/\/www.transtoyou.com\/lt\/wp-json\/wp\/v2\/media\/980"}],"wp:attachment":[{"href":"https:\/\/www.transtoyou.com\/lt\/wp-json\/wp\/v2\/media?parent=978"}],"wp:term":[{"taxonomy":"product_brand","embeddable":true,"href":"https:\/\/www.transtoyou.com\/lt\/wp-json\/wp\/v2\/product_brand?post=978"},{"taxonomy":"product_cat","embeddable":true,"href":"https:\/\/www.transtoyou.com\/lt\/wp-json\/wp\/v2\/product_cat?post=978"},{"taxonomy":"product_tag","embeddable":true,"href":"https:\/\/www.transtoyou.com\/lt\/wp-json\/wp\/v2\/product_tag?post=978"},{"taxonomy":"expert","embeddable":true,"href":"https:\/\/www.transtoyou.com\/lt\/wp-json\/wp\/v2\/expert?post=978"}],"curies":[{"name":"wp","href":"https:\/\/api.w.org\/{rel}","templated":true}]}}